
{"id":8829,"date":"2019-09-18T15:38:55","date_gmt":"2019-09-18T19:38:55","guid":{"rendered":"https:\/\/ecampusontario.ca\/solutions-de-rechange-ouvertes\/"},"modified":"2021-09-22T09:43:15","modified_gmt":"2021-09-22T13:43:15","slug":"solutions-de-rechange-ouvertes","status":"publish","type":"page","link":"https:\/\/ecampusontario.ca\/fr\/solutions-de-rechange-ouvertes\/","title":{"rendered":"solutions de rechange ouvertes"},"content":{"rendered":"<div class=\"container container-lg\">\n<div class=\"row\">\n<div class=\"col-ful mb-5\">\n<h1 class=\"heading-main text-center text-left-mobile\">Services partag\u00e9s en solutions de rechange ouvertes<\/h1>\n<p>Cette cat\u00e9gorie de services partag\u00e9s est con\u00e7ue pour offrir des options de rechange aux solutions offertes par les fournisseurs. Les logiciels de source libre sont consid\u00e9r\u00e9s comme le principal moyen d\u2019offrir ce type de service.<\/p>\n<\/div>\n<\/div>\n<\/div>\n<div class=\"container container-full-col corp-documents-container\">\n<div class=\"row\">\n<div class=\"col-full col-full-md align-items-center\"><!-- The Modal --><\/p>\n<div class=\"shared-modal\" style=\"display: none;\">\n<div class=\"shared-modal-title\">\n<h4 class=\"shared-modal-heading\">Mises \u00e0 jour du projet<\/h4>\n<\/div>\n<div class=\"shared-modal-content\">\n<div class=\"frm_no_entries\">No Entries Found<\/div>\n\n<\/div>\n<\/div>\n<div class=\"col-7\">\n<h2 class=\"gray-color\">Biblioth\u00e8que libre<\/h2>\n<p class=\"p1\">La biblioth\u00e8que libre offre aux \u00e9ducateurs et aux apprenants l\u2019acc\u00e8s \u00e0 plus de 250 ressources \u00e9ducatives gratuites et libres. Depuis le lancement initial en 2017, eCampusOntario a cherch\u00e9 \u00e0 am\u00e9liorer continuellement la biblioth\u00e8que pour r\u00e9pondre aux besoins des \u00e9ducateurs et des apprenants de niveau postsecondaire de l\u2019Ontario.<\/p>\n<p>Communiquez avec <a href=\"mailto:open@ecampusontario.ca\">open@ecampusontario.ca<\/a> pour obtenir de plus amples renseignements.<\/p>\n<\/div>\n<\/div>\n<\/div>\n<\/div>\n","protected":false},"excerpt":{"rendered":"<p>Services partag\u00e9s en solutions de rechange ouvertes Cette cat\u00e9gorie de services partag\u00e9s est con\u00e7ue pour offrir des options de rechange aux solutions offertes par les fournisseurs. Les logiciels de source libre sont consid\u00e9r\u00e9s comme le principal moyen d\u2019offrir ce type de service. Mises \u00e0 jour du projet Biblioth\u00e8que libre La biblioth\u00e8que libre offre aux \u00e9ducateurs [&hellip;]<\/p>\n","protected":false},"author":18,"featured_media":0,"parent":0,"menu_order":0,"comment_status":"closed","ping_status":"closed","template":"","meta":{"_acf_changed":false,"footnotes":""},"categories":[],"tags":[],"class_list":["post-8829","page","type-page","status-publish","hentry"],"acf":[],"yoast_head":"<!-- This site is optimized with the Yoast SEO Premium plugin v27.4 (Yoast SEO v27.4) - https:\/\/yoast.com\/product\/yoast-seo-premium-wordpress\/ -->\n<title>solutions de rechange ouvertes | eCampusOntario<\/title>\n<meta name=\"robots\" content=\"index, follow, max-snippet:-1, max-image-preview:large, max-video-preview:-1\" \/>\n<link rel=\"canonical\" href=\"https:\/\/ecampusontario.ca\/fr\/solutions-de-rechange-ouvertes\/\" \/>\n<meta property=\"og:locale\" content=\"fr_FR\" \/>\n<meta property=\"og:type\" content=\"article\" \/>\n<meta property=\"og:title\" content=\"solutions de rechange ouvertes\" \/>\n<meta property=\"og:description\" content=\"Services partag\u00e9s en solutions de rechange ouvertes Cette cat\u00e9gorie de services partag\u00e9s est con\u00e7ue pour offrir des options de rechange aux solutions offertes par les fournisseurs. Les logiciels de source libre sont consid\u00e9r\u00e9s comme le principal moyen d\u2019offrir ce type de service. Mises \u00e0 jour du projet Biblioth\u00e8que libre La biblioth\u00e8que libre offre aux \u00e9ducateurs [&hellip;]\" \/>\n<meta property=\"og:url\" content=\"https:\/\/ecampusontario.ca\/fr\/solutions-de-rechange-ouvertes\/\" \/>\n<meta property=\"og:site_name\" content=\"eCampusOntario\" \/>\n<meta property=\"article:publisher\" content=\"https:\/\/www.facebook.com\/ecampusontario\/\" \/>\n<meta property=\"article:modified_time\" content=\"2021-09-22T13:43:15+00:00\" \/>\n<meta property=\"og:image\" content=\"https:\/\/ecampusontario.ca\/wp-content\/uploads\/2020\/01\/Screen-Shot-2020-01-30-at-10.01.53-AM.png\" \/>\n\t<meta property=\"og:image:width\" content=\"1597\" \/>\n\t<meta property=\"og:image:height\" content=\"583\" \/>\n\t<meta property=\"og:image:type\" content=\"image\/png\" \/>\n<meta name=\"twitter:card\" content=\"summary_large_image\" \/>\n<meta name=\"twitter:site\" content=\"@eCampusOntario\" \/>\n<meta name=\"twitter:label1\" content=\"Dur\u00e9e de lecture estim\u00e9e\" \/>\n\t<meta name=\"twitter:data1\" content=\"1 minute\" \/>\n<script type=\"application\/ld+json\" class=\"yoast-schema-graph\">{\"@context\":\"https:\\\/\\\/schema.org\",\"@graph\":[{\"@type\":\"WebPage\",\"@id\":\"https:\\\/\\\/ecampusontario.ca\\\/fr\\\/solutions-de-rechange-ouvertes\\\/\",\"url\":\"https:\\\/\\\/ecampusontario.ca\\\/fr\\\/solutions-de-rechange-ouvertes\\\/\",\"name\":\"solutions de rechange ouvertes | eCampusOntario\",\"isPartOf\":{\"@id\":\"https:\\\/\\\/ecampusontario.ca\\\/fr\\\/#website\"},\"datePublished\":\"2019-09-18T19:38:55+00:00\",\"dateModified\":\"2021-09-22T13:43:15+00:00\",\"breadcrumb\":{\"@id\":\"https:\\\/\\\/ecampusontario.ca\\\/fr\\\/solutions-de-rechange-ouvertes\\\/#breadcrumb\"},\"inLanguage\":\"fr-FR\",\"potentialAction\":[{\"@type\":\"ReadAction\",\"target\":[\"https:\\\/\\\/ecampusontario.ca\\\/fr\\\/solutions-de-rechange-ouvertes\\\/\"]}]},{\"@type\":\"BreadcrumbList\",\"@id\":\"https:\\\/\\\/ecampusontario.ca\\\/fr\\\/solutions-de-rechange-ouvertes\\\/#breadcrumb\",\"itemListElement\":[{\"@type\":\"ListItem\",\"position\":1,\"name\":\"Home\",\"item\":\"https:\\\/\\\/ecampusontario.ca\\\/fr\\\/\"},{\"@type\":\"ListItem\",\"position\":2,\"name\":\"solutions de rechange ouvertes\"}]},{\"@type\":\"WebSite\",\"@id\":\"https:\\\/\\\/ecampusontario.ca\\\/fr\\\/#website\",\"url\":\"https:\\\/\\\/ecampusontario.ca\\\/fr\\\/\",\"name\":\"eCampusOntario\",\"description\":\"The online hub for learners and educators across Ontario\",\"publisher\":{\"@id\":\"https:\\\/\\\/ecampusontario.ca\\\/fr\\\/#organization\"},\"potentialAction\":[{\"@type\":\"SearchAction\",\"target\":{\"@type\":\"EntryPoint\",\"urlTemplate\":\"https:\\\/\\\/ecampusontario.ca\\\/fr\\\/?s={search_term_string}\"},\"query-input\":{\"@type\":\"PropertyValueSpecification\",\"valueRequired\":true,\"valueName\":\"search_term_string\"}}],\"inLanguage\":\"fr-FR\"},{\"@type\":\"Organization\",\"@id\":\"https:\\\/\\\/ecampusontario.ca\\\/fr\\\/#organization\",\"name\":\"eCampusOntario\",\"url\":\"https:\\\/\\\/ecampusontario.ca\\\/fr\\\/\",\"logo\":{\"@type\":\"ImageObject\",\"inLanguage\":\"fr-FR\",\"@id\":\"https:\\\/\\\/ecampusontario.ca\\\/fr\\\/#\\\/schema\\\/logo\\\/image\\\/\",\"url\":\"https:\\\/\\\/ecampusontario.ca\\\/wp-content\\\/uploads\\\/2018\\\/11\\\/ecampus-e-icon-1.png\",\"contentUrl\":\"https:\\\/\\\/ecampusontario.ca\\\/wp-content\\\/uploads\\\/2018\\\/11\\\/ecampus-e-icon-1.png\",\"width\":720,\"height\":325,\"caption\":\"eCampusOntario\"},\"image\":{\"@id\":\"https:\\\/\\\/ecampusontario.ca\\\/fr\\\/#\\\/schema\\\/logo\\\/image\\\/\"},\"sameAs\":[\"https:\\\/\\\/www.facebook.com\\\/ecampusontario\\\/\",\"https:\\\/\\\/x.com\\\/eCampusOntario\"]}]}<\/script>\n<!-- \/ Yoast SEO Premium plugin. -->","yoast_head_json":{"title":"solutions de rechange ouvertes | eCampusOntario","robots":{"index":"index","follow":"follow","max-snippet":"max-snippet:-1","max-image-preview":"max-image-preview:large","max-video-preview":"max-video-preview:-1"},"canonical":"https:\/\/ecampusontario.ca\/fr\/solutions-de-rechange-ouvertes\/","og_locale":"fr_FR","og_type":"article","og_title":"solutions de rechange ouvertes","og_description":"Services partag\u00e9s en solutions de rechange ouvertes Cette cat\u00e9gorie de services partag\u00e9s est con\u00e7ue pour offrir des options de rechange aux solutions offertes par les fournisseurs. Les logiciels de source libre sont consid\u00e9r\u00e9s comme le principal moyen d\u2019offrir ce type de service. Mises \u00e0 jour du projet Biblioth\u00e8que libre La biblioth\u00e8que libre offre aux \u00e9ducateurs [&hellip;]","og_url":"https:\/\/ecampusontario.ca\/fr\/solutions-de-rechange-ouvertes\/","og_site_name":"eCampusOntario","article_publisher":"https:\/\/www.facebook.com\/ecampusontario\/","article_modified_time":"2021-09-22T13:43:15+00:00","og_image":[{"width":1597,"height":583,"url":"https:\/\/ecampusontario.ca\/wp-content\/uploads\/2020\/01\/Screen-Shot-2020-01-30-at-10.01.53-AM.png","type":"image\/png"}],"twitter_card":"summary_large_image","twitter_site":"@eCampusOntario","twitter_misc":{"Dur\u00e9e de lecture estim\u00e9e":"1 minute"},"schema":{"@context":"https:\/\/schema.org","@graph":[{"@type":"WebPage","@id":"https:\/\/ecampusontario.ca\/fr\/solutions-de-rechange-ouvertes\/","url":"https:\/\/ecampusontario.ca\/fr\/solutions-de-rechange-ouvertes\/","name":"solutions de rechange ouvertes | eCampusOntario","isPartOf":{"@id":"https:\/\/ecampusontario.ca\/fr\/#website"},"datePublished":"2019-09-18T19:38:55+00:00","dateModified":"2021-09-22T13:43:15+00:00","breadcrumb":{"@id":"https:\/\/ecampusontario.ca\/fr\/solutions-de-rechange-ouvertes\/#breadcrumb"},"inLanguage":"fr-FR","potentialAction":[{"@type":"ReadAction","target":["https:\/\/ecampusontario.ca\/fr\/solutions-de-rechange-ouvertes\/"]}]},{"@type":"BreadcrumbList","@id":"https:\/\/ecampusontario.ca\/fr\/solutions-de-rechange-ouvertes\/#breadcrumb","itemListElement":[{"@type":"ListItem","position":1,"name":"Home","item":"https:\/\/ecampusontario.ca\/fr\/"},{"@type":"ListItem","position":2,"name":"solutions de rechange ouvertes"}]},{"@type":"WebSite","@id":"https:\/\/ecampusontario.ca\/fr\/#website","url":"https:\/\/ecampusontario.ca\/fr\/","name":"eCampusOntario","description":"The online hub for learners and educators across Ontario","publisher":{"@id":"https:\/\/ecampusontario.ca\/fr\/#organization"},"potentialAction":[{"@type":"SearchAction","target":{"@type":"EntryPoint","urlTemplate":"https:\/\/ecampusontario.ca\/fr\/?s={search_term_string}"},"query-input":{"@type":"PropertyValueSpecification","valueRequired":true,"valueName":"search_term_string"}}],"inLanguage":"fr-FR"},{"@type":"Organization","@id":"https:\/\/ecampusontario.ca\/fr\/#organization","name":"eCampusOntario","url":"https:\/\/ecampusontario.ca\/fr\/","logo":{"@type":"ImageObject","inLanguage":"fr-FR","@id":"https:\/\/ecampusontario.ca\/fr\/#\/schema\/logo\/image\/","url":"https:\/\/ecampusontario.ca\/wp-content\/uploads\/2018\/11\/ecampus-e-icon-1.png","contentUrl":"https:\/\/ecampusontario.ca\/wp-content\/uploads\/2018\/11\/ecampus-e-icon-1.png","width":720,"height":325,"caption":"eCampusOntario"},"image":{"@id":"https:\/\/ecampusontario.ca\/fr\/#\/schema\/logo\/image\/"},"sameAs":["https:\/\/www.facebook.com\/ecampusontario\/","https:\/\/x.com\/eCampusOntario"]}]}},"_links":{"self":[{"href":"https:\/\/ecampusontario.ca\/fr\/wp-json\/wp\/v2\/pages\/8829","targetHints":{"allow":["GET"]}}],"collection":[{"href":"https:\/\/ecampusontario.ca\/fr\/wp-json\/wp\/v2\/pages"}],"about":[{"href":"https:\/\/ecampusontario.ca\/fr\/wp-json\/wp\/v2\/types\/page"}],"author":[{"embeddable":true,"href":"https:\/\/ecampusontario.ca\/fr\/wp-json\/wp\/v2\/users\/18"}],"replies":[{"embeddable":true,"href":"https:\/\/ecampusontario.ca\/fr\/wp-json\/wp\/v2\/comments?post=8829"}],"version-history":[{"count":13,"href":"https:\/\/ecampusontario.ca\/fr\/wp-json\/wp\/v2\/pages\/8829\/revisions"}],"predecessor-version":[{"id":17555,"href":"https:\/\/ecampusontario.ca\/fr\/wp-json\/wp\/v2\/pages\/8829\/revisions\/17555"}],"wp:attachment":[{"href":"https:\/\/ecampusontario.ca\/fr\/wp-json\/wp\/v2\/media?parent=8829"}],"wp:term":[{"taxonomy":"category","embeddable":true,"href":"https:\/\/ecampusontario.ca\/fr\/wp-json\/wp\/v2\/categories?post=8829"},{"taxonomy":"post_tag","embeddable":true,"href":"https:\/\/ecampusontario.ca\/fr\/wp-json\/wp\/v2\/tags?post=8829"}],"curies":[{"name":"wp","href":"https:\/\/api.w.org\/{rel}","templated":true}]}}