
{"id":8825,"date":"2019-09-18T15:21:21","date_gmt":"2019-09-18T19:21:21","guid":{"rendered":"https:\/\/ecampusontario.ca\/produit\/"},"modified":"2021-03-22T17:04:47","modified_gmt":"2021-03-22T21:04:47","slug":"produit","status":"publish","type":"page","link":"https:\/\/ecampusontario.ca\/fr\/produit\/","title":{"rendered":"produit"},"content":{"rendered":"<div class=\"container container-md\">\n<div class=\"row\">\n<div class=\"col-12 mb-5\">\n<h1 class=\"heading-main text-center text-left-mobile\">Services partag\u00e9s de produits<\/h1>\n<p>Cette cat\u00e9gorie de services partag\u00e9s est con\u00e7ue assurer une fonctionnalit\u00e9 fond\u00e9e sur des besoins bien connus de la collectivit\u00e9.<\/p>\n<p>Le co\u00fbt repr\u00e9sente l\u2019un des principaux facteurs de ce type de services partag\u00e9s. Gr\u00e2ce \u00e0 la force du nombre, nous pouvons faire baisser les prix et faciliter l\u2019acc\u00e8s aux outils pour tous les \u00e9tablissements.<\/p>\n<p>En parall\u00e8le, en accordant une licence provinciale \u00e0 une solution technologique en mati\u00e8re d\u2019\u00e9ducation, nous pouvons favoriser de solides communaut\u00e9s de pratiques en mati\u00e8re de formation, de soutien et de partage.<\/p>\n<\/div>\n<\/div>\n<\/div>\n<div class=\"container container-full-col corp-documents-container\">\n<div class=\"row\">\n<div class=\"col-full col-full-md align-items-center\">\n<!-- The Modal --><\/p>\n<div class=\"shared-modal\" style=\"display: none;\">\n<div class=\"shared-modal-title\">\n<h4 class=\"shared-modal-heading\">Mises \u00e0 jour du projet<\/h4>\n<p><span class=\"close frm_icon_font frm_cancel1_icon alignright\"><\/span><\/p>\n<\/div>\n<div class=\"shared-modal-content\">\n<ul>\n<li><strong>d\u00e9cembre 20, 2019<\/strong>\n<p>L&rsquo;appel de proposition d&rsquo;OECM pour les services de sous-titrage et de transcription est publi\u00e9. La .date limite pour la soumission de propositions par les vendeurs est le 30 janvier 2020.<\/p>\n<\/li>\n<\/ul>\n<ul>\n<li><strong>octobre 28, 2019<\/strong>\n<p>L&rsquo;appel de proposition en est aux derni\u00e8res \u00e9tapes de d\u00e9veloppement. La deuxi\u00e8me rencontre du PAC (\u00ab\u00a0Project Advisory Committee\u00a0\u00bb) a eu lieu afin de finaliser le document.<\/p>\n<\/li>\n<\/ul>\n<p><a href=\"\/fr\/av-mises-a-jour\">Voir toutes les mises \u00e0 jour >> <\/a><\/p>\n\n<\/div>\n<\/div>\n<div class=\"col-7\">\n<h2 class=\"gray-color\">Sous-titrage et de transcription audio et vid\u00e9o<\/h2>\n<p class=\"p1\"><a href=\"https:\/\/ecampusontario.ca\/fr\/contact\/\">Communiquez avec nous<\/a> pour obtenir de plus amples renseignements.<\/p>\n<\/div>\n<div class=\"col-5 text-center\">\n<a class=\"btn btn-primary openmodal\" rel=\"noopener noreferrer\">Mise \u00e0 jour en direct<\/a><\/div>\n<\/div>\n<\/div>\n<\/div>\n","protected":false},"excerpt":{"rendered":"<p>Services partag\u00e9s de produits Cette cat\u00e9gorie de services partag\u00e9s est con\u00e7ue assurer une fonctionnalit\u00e9 fond\u00e9e sur des besoins bien connus de la collectivit\u00e9. Le co\u00fbt repr\u00e9sente l\u2019un des principaux facteurs de ce type de services partag\u00e9s. Gr\u00e2ce \u00e0 la force du nombre, nous pouvons faire baisser les prix et faciliter l\u2019acc\u00e8s aux outils pour tous [&hellip;]<\/p>\n","protected":false},"author":18,"featured_media":0,"parent":0,"menu_order":0,"comment_status":"closed","ping_status":"closed","template":"","meta":{"_acf_changed":false,"footnotes":""},"categories":[],"tags":[],"class_list":["post-8825","page","type-page","status-publish","hentry"],"acf":[],"yoast_head":"<!-- This site is optimized with the Yoast SEO Premium plugin v26.0 (Yoast SEO v26.0) - https:\/\/yoast.com\/wordpress\/plugins\/seo\/ -->\n<title>produit | eCampusOntario<\/title>\n<meta name=\"robots\" content=\"index, follow, max-snippet:-1, max-image-preview:large, max-video-preview:-1\" \/>\n<link rel=\"canonical\" href=\"https:\/\/ecampusontario.ca\/fr\/produit\/\" \/>\n<meta property=\"og:locale\" content=\"fr_FR\" \/>\n<meta property=\"og:type\" content=\"article\" \/>\n<meta property=\"og:title\" content=\"produit\" \/>\n<meta property=\"og:description\" content=\"Services partag\u00e9s de produits Cette cat\u00e9gorie de services partag\u00e9s est con\u00e7ue assurer une fonctionnalit\u00e9 fond\u00e9e sur des besoins bien connus de la collectivit\u00e9. Le co\u00fbt repr\u00e9sente l\u2019un des principaux facteurs de ce type de services partag\u00e9s. Gr\u00e2ce \u00e0 la force du nombre, nous pouvons faire baisser les prix et faciliter l\u2019acc\u00e8s aux outils pour tous [&hellip;]\" \/>\n<meta property=\"og:url\" content=\"https:\/\/ecampusontario.ca\/fr\/produit\/\" \/>\n<meta property=\"og:site_name\" content=\"eCampusOntario\" \/>\n<meta property=\"article:publisher\" content=\"https:\/\/www.facebook.com\/ecampusontario\/\" \/>\n<meta property=\"article:modified_time\" content=\"2021-03-22T21:04:47+00:00\" \/>\n<meta property=\"og:image\" content=\"https:\/\/ecampusontario.ca\/wp-content\/uploads\/2020\/01\/Screen-Shot-2020-01-30-at-10.01.53-AM.png\" \/>\n\t<meta property=\"og:image:width\" content=\"1597\" \/>\n\t<meta property=\"og:image:height\" content=\"583\" \/>\n\t<meta property=\"og:image:type\" content=\"image\/png\" \/>\n<meta name=\"twitter:card\" content=\"summary_large_image\" \/>\n<meta name=\"twitter:site\" content=\"@eCampusOntario\" \/>\n<meta name=\"twitter:label1\" content=\"Dur\u00e9e de lecture estim\u00e9e\" \/>\n\t<meta name=\"twitter:data1\" content=\"1 minute\" \/>\n<script type=\"application\/ld+json\" class=\"yoast-schema-graph\">{\"@context\":\"https:\/\/schema.org\",\"@graph\":[{\"@type\":\"WebPage\",\"@id\":\"https:\/\/ecampusontario.ca\/fr\/produit\/\",\"url\":\"https:\/\/ecampusontario.ca\/fr\/produit\/\",\"name\":\"produit | eCampusOntario\",\"isPartOf\":{\"@id\":\"https:\/\/ecampusontario.ca\/fr\/#website\"},\"datePublished\":\"2019-09-18T19:21:21+00:00\",\"dateModified\":\"2021-03-22T21:04:47+00:00\",\"breadcrumb\":{\"@id\":\"https:\/\/ecampusontario.ca\/fr\/produit\/#breadcrumb\"},\"inLanguage\":\"fr-FR\",\"potentialAction\":[{\"@type\":\"ReadAction\",\"target\":[\"https:\/\/ecampusontario.ca\/fr\/produit\/\"]}]},{\"@type\":\"BreadcrumbList\",\"@id\":\"https:\/\/ecampusontario.ca\/fr\/produit\/#breadcrumb\",\"itemListElement\":[{\"@type\":\"ListItem\",\"position\":1,\"name\":\"Home\",\"item\":\"https:\/\/ecampusontario.ca\/fr\/\"},{\"@type\":\"ListItem\",\"position\":2,\"name\":\"produit\"}]},{\"@type\":\"WebSite\",\"@id\":\"https:\/\/ecampusontario.ca\/fr\/#website\",\"url\":\"https:\/\/ecampusontario.ca\/fr\/\",\"name\":\"eCampusOntario\",\"description\":\"The online hub for learners and educators across Ontario\",\"publisher\":{\"@id\":\"https:\/\/ecampusontario.ca\/fr\/#organization\"},\"potentialAction\":[{\"@type\":\"SearchAction\",\"target\":{\"@type\":\"EntryPoint\",\"urlTemplate\":\"https:\/\/ecampusontario.ca\/fr\/?s={search_term_string}\"},\"query-input\":{\"@type\":\"PropertyValueSpecification\",\"valueRequired\":true,\"valueName\":\"search_term_string\"}}],\"inLanguage\":\"fr-FR\"},{\"@type\":\"Organization\",\"@id\":\"https:\/\/ecampusontario.ca\/fr\/#organization\",\"name\":\"eCampusOntario\",\"url\":\"https:\/\/ecampusontario.ca\/fr\/\",\"logo\":{\"@type\":\"ImageObject\",\"inLanguage\":\"fr-FR\",\"@id\":\"https:\/\/ecampusontario.ca\/fr\/#\/schema\/logo\/image\/\",\"url\":\"https:\/\/ecampusontario.ca\/wp-content\/uploads\/2018\/11\/ecampus-e-icon-1.png\",\"contentUrl\":\"https:\/\/ecampusontario.ca\/wp-content\/uploads\/2018\/11\/ecampus-e-icon-1.png\",\"width\":720,\"height\":325,\"caption\":\"eCampusOntario\"},\"image\":{\"@id\":\"https:\/\/ecampusontario.ca\/fr\/#\/schema\/logo\/image\/\"},\"sameAs\":[\"https:\/\/www.facebook.com\/ecampusontario\/\",\"https:\/\/x.com\/eCampusOntario\"]}]}<\/script>\n<!-- \/ Yoast SEO Premium plugin. -->","yoast_head_json":{"title":"produit | eCampusOntario","robots":{"index":"index","follow":"follow","max-snippet":"max-snippet:-1","max-image-preview":"max-image-preview:large","max-video-preview":"max-video-preview:-1"},"canonical":"https:\/\/ecampusontario.ca\/fr\/produit\/","og_locale":"fr_FR","og_type":"article","og_title":"produit","og_description":"Services partag\u00e9s de produits Cette cat\u00e9gorie de services partag\u00e9s est con\u00e7ue assurer une fonctionnalit\u00e9 fond\u00e9e sur des besoins bien connus de la collectivit\u00e9. Le co\u00fbt repr\u00e9sente l\u2019un des principaux facteurs de ce type de services partag\u00e9s. Gr\u00e2ce \u00e0 la force du nombre, nous pouvons faire baisser les prix et faciliter l\u2019acc\u00e8s aux outils pour tous [&hellip;]","og_url":"https:\/\/ecampusontario.ca\/fr\/produit\/","og_site_name":"eCampusOntario","article_publisher":"https:\/\/www.facebook.com\/ecampusontario\/","article_modified_time":"2021-03-22T21:04:47+00:00","og_image":[{"width":1597,"height":583,"url":"https:\/\/ecampusontario.ca\/wp-content\/uploads\/2020\/01\/Screen-Shot-2020-01-30-at-10.01.53-AM.png","type":"image\/png"}],"twitter_card":"summary_large_image","twitter_site":"@eCampusOntario","twitter_misc":{"Dur\u00e9e de lecture estim\u00e9e":"1 minute"},"schema":{"@context":"https:\/\/schema.org","@graph":[{"@type":"WebPage","@id":"https:\/\/ecampusontario.ca\/fr\/produit\/","url":"https:\/\/ecampusontario.ca\/fr\/produit\/","name":"produit | eCampusOntario","isPartOf":{"@id":"https:\/\/ecampusontario.ca\/fr\/#website"},"datePublished":"2019-09-18T19:21:21+00:00","dateModified":"2021-03-22T21:04:47+00:00","breadcrumb":{"@id":"https:\/\/ecampusontario.ca\/fr\/produit\/#breadcrumb"},"inLanguage":"fr-FR","potentialAction":[{"@type":"ReadAction","target":["https:\/\/ecampusontario.ca\/fr\/produit\/"]}]},{"@type":"BreadcrumbList","@id":"https:\/\/ecampusontario.ca\/fr\/produit\/#breadcrumb","itemListElement":[{"@type":"ListItem","position":1,"name":"Home","item":"https:\/\/ecampusontario.ca\/fr\/"},{"@type":"ListItem","position":2,"name":"produit"}]},{"@type":"WebSite","@id":"https:\/\/ecampusontario.ca\/fr\/#website","url":"https:\/\/ecampusontario.ca\/fr\/","name":"eCampusOntario","description":"The online hub for learners and educators across Ontario","publisher":{"@id":"https:\/\/ecampusontario.ca\/fr\/#organization"},"potentialAction":[{"@type":"SearchAction","target":{"@type":"EntryPoint","urlTemplate":"https:\/\/ecampusontario.ca\/fr\/?s={search_term_string}"},"query-input":{"@type":"PropertyValueSpecification","valueRequired":true,"valueName":"search_term_string"}}],"inLanguage":"fr-FR"},{"@type":"Organization","@id":"https:\/\/ecampusontario.ca\/fr\/#organization","name":"eCampusOntario","url":"https:\/\/ecampusontario.ca\/fr\/","logo":{"@type":"ImageObject","inLanguage":"fr-FR","@id":"https:\/\/ecampusontario.ca\/fr\/#\/schema\/logo\/image\/","url":"https:\/\/ecampusontario.ca\/wp-content\/uploads\/2018\/11\/ecampus-e-icon-1.png","contentUrl":"https:\/\/ecampusontario.ca\/wp-content\/uploads\/2018\/11\/ecampus-e-icon-1.png","width":720,"height":325,"caption":"eCampusOntario"},"image":{"@id":"https:\/\/ecampusontario.ca\/fr\/#\/schema\/logo\/image\/"},"sameAs":["https:\/\/www.facebook.com\/ecampusontario\/","https:\/\/x.com\/eCampusOntario"]}]}},"_links":{"self":[{"href":"https:\/\/ecampusontario.ca\/fr\/wp-json\/wp\/v2\/pages\/8825","targetHints":{"allow":["GET"]}}],"collection":[{"href":"https:\/\/ecampusontario.ca\/fr\/wp-json\/wp\/v2\/pages"}],"about":[{"href":"https:\/\/ecampusontario.ca\/fr\/wp-json\/wp\/v2\/types\/page"}],"author":[{"embeddable":true,"href":"https:\/\/ecampusontario.ca\/fr\/wp-json\/wp\/v2\/users\/18"}],"replies":[{"embeddable":true,"href":"https:\/\/ecampusontario.ca\/fr\/wp-json\/wp\/v2\/comments?post=8825"}],"version-history":[{"count":5,"href":"https:\/\/ecampusontario.ca\/fr\/wp-json\/wp\/v2\/pages\/8825\/revisions"}],"predecessor-version":[{"id":15169,"href":"https:\/\/ecampusontario.ca\/fr\/wp-json\/wp\/v2\/pages\/8825\/revisions\/15169"}],"wp:attachment":[{"href":"https:\/\/ecampusontario.ca\/fr\/wp-json\/wp\/v2\/media?parent=8825"}],"wp:term":[{"taxonomy":"category","embeddable":true,"href":"https:\/\/ecampusontario.ca\/fr\/wp-json\/wp\/v2\/categories?post=8825"},{"taxonomy":"post_tag","embeddable":true,"href":"https:\/\/ecampusontario.ca\/fr\/wp-json\/wp\/v2\/tags?post=8825"}],"curies":[{"name":"wp","href":"https:\/\/api.w.org\/{rel}","templated":true}]}}