
{"id":5810,"date":"2019-02-19T12:52:39","date_gmt":"2019-02-19T16:52:39","guid":{"rendered":"https:\/\/ecampusontario.ca\/?page_id=5810"},"modified":"2023-09-19T15:24:48","modified_gmt":"2023-09-19T19:24:48","slug":"code-of-conduct","status":"publish","type":"page","link":"https:\/\/ecampusontario.ca\/fr\/code-of-conduct\/","title":{"rendered":"Code de conduite"},"content":{"rendered":"<div class=\"container container-md\">\n<div class=\"row\">\n<div class=\"col-12 mb-5\">\n<h1 class=\"heading-main text-center text-left-mobile\">Code de conduite<\/h1>\n<\/div>\n<\/div>\n<\/div>\n<div class=\"container container-lg\">\n<div class=\"row\">\n<div class=\"col-12\">\n<p>\u00a0<\/p>\n<p><strong>D\u00e9claration de code de conduite<\/strong><\/p>\n<p><strong>R\u00e9vision la plus r\u00e9cente\u00a0: 15\u00a0septembre\u00a02023<\/strong><\/p>\n<p>eCampusOntario (enregistr\u00e9 sous le nom Consortium de l\u2019apprentissage en ligne) est fier de ses initiatives et s\u2019engage \u00e0 offrir une exp\u00e9rience positive \u00e0 tous les participants, conf\u00e9renciers, exposants, b\u00e9n\u00e9voles et employ\u00e9s (\u00ab\u00a0participants\u00a0\u00bb). Nous attendons de tous les participants qu\u2019ils fassent preuve de respect et de courtoisie les uns envers les autres lors de tous les \u00e9v\u00e9nements, y compris pendant les activit\u00e9s en ligne. \u00c0 cette fin, tous les participants sont tenus de convenir du code de conduite suivant. Les organisateurs feront respecter ce code tout au long de l\u2019activit\u00e9 ou de l\u2019\u00e9v\u00e9nement. Nous attendons de tous les participants qu\u2019ils coop\u00e8rent pour faire en sorte d\u2019offrir un environnement s\u00e9curitaire pour tous.<\/p>\n<p>Je reconnais que je participe \u00e0 cette conf\u00e9rence en tant que pr\u00e9sentateur, invit\u00e9 sp\u00e9cial ou d\u00e9l\u00e9gu\u00e9 pour des raisons de perfectionnement professionnel et pour partager des id\u00e9es en accord avec les objectifs de l\u2019\u00e9v\u00e9nement.<\/p>\n<p>Je m\u2019engage \u00e0 ne pas promouvoir ni \u00e0 vendre de produits ou services aux participants et aux fournisseurs de l\u2019\u00e9v\u00e9nement. J\u2019accepte que toute violation de cette r\u00e8gle entra\u00eene mon expulsion imm\u00e9diate de cette conf\u00e9rence et des futurs \u00e9v\u00e9nements d\u2019eCampusOntario.<\/p>\n<p>Nous ne tol\u00e9rons aucune forme de harc\u00e8lement ou de violence.<\/p>\n<p>Par harc\u00e8lement, on entend des commentaires ou des comportements vexatoires \u00e0 l\u2019encontre d\u2019un travailleur en milieu de travail, dont on sait ou devrait raisonnablement savoir qu\u2019ils sont malvenus. Le harc\u00e8lement sexuel en milieu de travail est le fait de se livrer \u00e0 une s\u00e9rie de commentaires ou de comportements vexatoires \u00e0 l\u2019encontre d\u2019un travailleur en milieu de travail en raison de son sexe, de son orientation sexuelle, de son identit\u00e9 de genre ou de son expression de genre, en sachant ou en devant raisonnablement savoir que ces commentaires ou comportements sont importuns, ou le fait de faire des avances ou des sollicitations \u00e0 caract\u00e8re sexuel, lorsque la personne qui fait ces avances ou ces sollicitations est en mesure de conf\u00e9rer, d\u2019accorder ou de refuser un avantage ou une promotion au travailleur et qu\u2019elle sait ou devrait raisonnablement savoir que ces avances ou ces sollicitations sont malvenues.<\/p>\n<p>Le harc\u00e8lement en milieu de travail comprend \u00e9galement la cr\u00e9ation d\u2019un environnement hostile ou peu accueillant en raison de gestes ou de commentaires insultants ou d\u00e9gradants fond\u00e9s sur la race, l\u2019ascendance, le lieu d\u2019origine, la couleur, l\u2019origine ethnique, la citoyennet\u00e9, la croyance, le sexe, l\u2019orientation sexuelle, l\u2019identit\u00e9 de genre, l\u2019expression de genre, l\u2019\u00e2ge, le casier judiciaire, l\u2019\u00e9tat matrimonial, la situation de famille, le handicap ou tout autre motif de discrimination prot\u00e9g\u00e9. Il peut s\u2019agir d\u2019images \u00e0 caract\u00e8re sexuel ou discriminatoire dans les espaces publics (y compris en ligne), d\u2019intimidation d\u00e9lib\u00e9r\u00e9e, de traque, de filature, de photographie ou d\u2019enregistrement harcelant, de perturbation durable d\u2019entretiens ou d\u2019autres \u00e9v\u00e9nements, de contacts physiques inappropri\u00e9s et d\u2019attention sexuelle importune.<\/p>\n<p>Bien que le harc\u00e8lement en milieu de travail soit g\u00e9n\u00e9ralement bas\u00e9 sur un mod\u00e8le de comportement continu, une seule incidence de comportement grave peut constituer du harc\u00e8lement en milieu de travail si elle cause un pr\u00e9judice et produit un effet nuisible continu pour la personne affect\u00e9e. Le harc\u00e8lement en milieu de travail peut se produire m\u00eame si un commentaire ne vise pas une personne en particulier, s\u2019il prend la forme de remarques offensantes qui d\u00e9nigrent, rabaissent ou causent de l\u2019humiliation ou de l\u2019embarras.<\/p>\n<p>La violence en milieu de travail comprend l\u2019exercice de la force physique par une personne contre un travailleur, en milieu de travail, qui cause ou pourrait causer un pr\u00e9judice physique au travailleur; une tentative d\u2019exercer la force physique contre un travailleur, en milieu de travail, qui pourrait lui causer un pr\u00e9judice physique; ou une d\u00e9claration ou un comportement qu\u2019il est raisonnable pour un travailleur d\u2019interpr\u00e9ter comme une menace d\u2019exercer une force physique contre lui, en milieu de travail, qui pourrait lui causer un pr\u00e9judice physique.<\/p>\n<p>Si un geste de violence se produit ou semble susceptible de se produire en milieu de travail, nous vous encourageons \u00e0 agir imm\u00e9diatement et \u00e0 demander de l\u2019aide. En cas d\u2019incident ou de risque imminent de violence en milieu de travail, vous devez vous retirer dans un endroit s\u00fbr et COMPOSER imm\u00e9diatement le 911. Lorsque la situation d\u2019urgence est ma\u00eetris\u00e9e, les d\u00e9tails de l\u2019\u00e9v\u00e9nement sont consign\u00e9s par un superviseur ou un gestionnaire du COAEL, qui informe \u00e0 son tour les cadres sup\u00e9rieurs afin qu\u2019ils \u00e9valuent la situation et d\u00e9terminent les mesures n\u00e9cessaires pour g\u00e9rer la violence ou la menace de violence en milieu de travail.<\/p>\n<p>Nous ne tol\u00e9rons aucune forme de harc\u00e8lement ou de violence \u00e0 quelque moment que ce soit, y compris lors d\u2019\u00e9v\u00e9nements, d\u2019activit\u00e9s ext\u00e9rieures et de conf\u00e9rences associ\u00e9s \u00e0 eCampusOntario. Si un participant fait preuve d\u2019un comportement harcelant, les organisateurs de l\u2019activit\u00e9 ou de l\u2019\u00e9v\u00e9nement peuvent prendre toute mesure qu\u2019ils jugent appropri\u00e9e, y compris l\u2019avertissement au contrevenant ou l\u2019expulsion de celui-ci de la conf\u00e9rence sans remboursement.<\/p>\n<p>eCampusOntario a pour politique de traiter les incidents de harc\u00e8lement, de violence et de discrimination avec s\u00e9rieux et d\u00e9licatesse. eCampusOntario encourage la d\u00e9nonciation de tous les incidents de harc\u00e8lement, de violence et de discrimination, peu importe l\u2019auteur de l\u2019infraction.<\/p>\n<p>Si, \u00e0 un moment ou \u00e0 un autre, vous estimez avoir \u00e9t\u00e9 victime de harc\u00e8lement ou de pr\u00e9judice ou que le pr\u00e9sent code de conduite n\u2019a pas \u00e9t\u00e9 respect\u00e9, veuillez le signaler au personnel d\u2019eCampusOntario. Le personnel sera heureux d\u2019aider les participants \u00e0 communiquer avec l\u2019\u00e9quipe de s\u00e9curit\u00e9 du lieu ou la police locale, de fournir un service d\u2019escorte ou d\u2019aider de toute autre mani\u00e8re les personnes victimes de harc\u00e8lement, de violence ou de discrimination \u00e0 se sentir en s\u00e9curit\u00e9 pendant la dur\u00e9e de l\u2019activit\u00e9 ou de l\u2019\u00e9v\u00e9nement. Nous vous sommes reconnaissants de votre pr\u00e9sence.<\/p>\n<\/div>\n<\/div>\n<\/div>\n\n\n<p><\/p>\n","protected":false},"excerpt":{"rendered":"<p>Code de conduite \u00a0 D\u00e9claration de code de conduite R\u00e9vision la plus r\u00e9cente\u00a0: 15\u00a0septembre\u00a02023 eCampusOntario (enregistr\u00e9 sous le nom Consortium de l\u2019apprentissage en ligne) est fier de ses initiatives et s\u2019engage \u00e0 offrir une exp\u00e9rience positive \u00e0 tous les participants, conf\u00e9renciers, exposants, b\u00e9n\u00e9voles et employ\u00e9s (\u00ab\u00a0participants\u00a0\u00bb). Nous attendons de tous les participants qu\u2019ils fassent preuve [&hellip;]<\/p>\n","protected":false},"author":23,"featured_media":0,"parent":0,"menu_order":0,"comment_status":"closed","ping_status":"closed","template":"","meta":{"_acf_changed":false,"footnotes":""},"categories":[],"tags":[],"class_list":["post-5810","page","type-page","status-publish","hentry"],"acf":[],"yoast_head":"<!-- This site is optimized with the Yoast SEO Premium plugin v26.0 (Yoast SEO v26.0) - https:\/\/yoast.com\/wordpress\/plugins\/seo\/ -->\n<title>Code de conduite | eCampusOntario<\/title>\n<meta name=\"robots\" content=\"index, follow, max-snippet:-1, max-image-preview:large, max-video-preview:-1\" \/>\n<link rel=\"canonical\" href=\"https:\/\/ecampusontario.ca\/fr\/code-of-conduct\/\" \/>\n<meta property=\"og:locale\" content=\"fr_FR\" \/>\n<meta property=\"og:type\" content=\"article\" \/>\n<meta property=\"og:title\" content=\"Code de conduite\" \/>\n<meta property=\"og:description\" content=\"Code de conduite \u00a0 D\u00e9claration de code de conduite R\u00e9vision la plus r\u00e9cente\u00a0: 15\u00a0septembre\u00a02023 eCampusOntario (enregistr\u00e9 sous le nom Consortium de l\u2019apprentissage en ligne) est fier de ses initiatives et s\u2019engage \u00e0 offrir une exp\u00e9rience positive \u00e0 tous les participants, conf\u00e9renciers, exposants, b\u00e9n\u00e9voles et employ\u00e9s (\u00ab\u00a0participants\u00a0\u00bb). Nous attendons de tous les participants qu\u2019ils fassent preuve [&hellip;]\" \/>\n<meta property=\"og:url\" content=\"https:\/\/ecampusontario.ca\/fr\/code-of-conduct\/\" \/>\n<meta property=\"og:site_name\" content=\"eCampusOntario\" \/>\n<meta property=\"article:publisher\" content=\"https:\/\/www.facebook.com\/ecampusontario\/\" \/>\n<meta property=\"article:modified_time\" content=\"2023-09-19T19:24:48+00:00\" \/>\n<meta property=\"og:image\" content=\"https:\/\/ecampusontario.ca\/wp-content\/uploads\/2020\/01\/Screen-Shot-2020-01-30-at-10.01.53-AM.png\" \/>\n\t<meta property=\"og:image:width\" content=\"1597\" \/>\n\t<meta property=\"og:image:height\" content=\"583\" \/>\n\t<meta property=\"og:image:type\" content=\"image\/png\" \/>\n<meta name=\"twitter:card\" content=\"summary_large_image\" \/>\n<meta name=\"twitter:site\" content=\"@eCampusOntario\" \/>\n<meta name=\"twitter:label1\" content=\"Dur\u00e9e de lecture estim\u00e9e\" \/>\n\t<meta name=\"twitter:data1\" content=\"5 minutes\" \/>\n<script type=\"application\/ld+json\" class=\"yoast-schema-graph\">{\"@context\":\"https:\/\/schema.org\",\"@graph\":[{\"@type\":\"WebPage\",\"@id\":\"https:\/\/ecampusontario.ca\/fr\/code-of-conduct\/\",\"url\":\"https:\/\/ecampusontario.ca\/fr\/code-of-conduct\/\",\"name\":\"Code de conduite | eCampusOntario\",\"isPartOf\":{\"@id\":\"https:\/\/ecampusontario.ca\/fr\/#website\"},\"datePublished\":\"2019-02-19T16:52:39+00:00\",\"dateModified\":\"2023-09-19T19:24:48+00:00\",\"breadcrumb\":{\"@id\":\"https:\/\/ecampusontario.ca\/fr\/code-of-conduct\/#breadcrumb\"},\"inLanguage\":\"fr-FR\",\"potentialAction\":[{\"@type\":\"ReadAction\",\"target\":[\"https:\/\/ecampusontario.ca\/fr\/code-of-conduct\/\"]}]},{\"@type\":\"BreadcrumbList\",\"@id\":\"https:\/\/ecampusontario.ca\/fr\/code-of-conduct\/#breadcrumb\",\"itemListElement\":[{\"@type\":\"ListItem\",\"position\":1,\"name\":\"Home\",\"item\":\"https:\/\/ecampusontario.ca\/fr\/\"},{\"@type\":\"ListItem\",\"position\":2,\"name\":\"Code de conduite\"}]},{\"@type\":\"WebSite\",\"@id\":\"https:\/\/ecampusontario.ca\/fr\/#website\",\"url\":\"https:\/\/ecampusontario.ca\/fr\/\",\"name\":\"eCampusOntario\",\"description\":\"The online hub for learners and educators across Ontario\",\"publisher\":{\"@id\":\"https:\/\/ecampusontario.ca\/fr\/#organization\"},\"potentialAction\":[{\"@type\":\"SearchAction\",\"target\":{\"@type\":\"EntryPoint\",\"urlTemplate\":\"https:\/\/ecampusontario.ca\/fr\/?s={search_term_string}\"},\"query-input\":{\"@type\":\"PropertyValueSpecification\",\"valueRequired\":true,\"valueName\":\"search_term_string\"}}],\"inLanguage\":\"fr-FR\"},{\"@type\":\"Organization\",\"@id\":\"https:\/\/ecampusontario.ca\/fr\/#organization\",\"name\":\"eCampusOntario\",\"url\":\"https:\/\/ecampusontario.ca\/fr\/\",\"logo\":{\"@type\":\"ImageObject\",\"inLanguage\":\"fr-FR\",\"@id\":\"https:\/\/ecampusontario.ca\/fr\/#\/schema\/logo\/image\/\",\"url\":\"https:\/\/ecampusontario.ca\/wp-content\/uploads\/2018\/11\/ecampus-e-icon-1.png\",\"contentUrl\":\"https:\/\/ecampusontario.ca\/wp-content\/uploads\/2018\/11\/ecampus-e-icon-1.png\",\"width\":720,\"height\":325,\"caption\":\"eCampusOntario\"},\"image\":{\"@id\":\"https:\/\/ecampusontario.ca\/fr\/#\/schema\/logo\/image\/\"},\"sameAs\":[\"https:\/\/www.facebook.com\/ecampusontario\/\",\"https:\/\/x.com\/eCampusOntario\"]}]}<\/script>\n<!-- \/ Yoast SEO Premium plugin. -->","yoast_head_json":{"title":"Code de conduite | eCampusOntario","robots":{"index":"index","follow":"follow","max-snippet":"max-snippet:-1","max-image-preview":"max-image-preview:large","max-video-preview":"max-video-preview:-1"},"canonical":"https:\/\/ecampusontario.ca\/fr\/code-of-conduct\/","og_locale":"fr_FR","og_type":"article","og_title":"Code de conduite","og_description":"Code de conduite \u00a0 D\u00e9claration de code de conduite R\u00e9vision la plus r\u00e9cente\u00a0: 15\u00a0septembre\u00a02023 eCampusOntario (enregistr\u00e9 sous le nom Consortium de l\u2019apprentissage en ligne) est fier de ses initiatives et s\u2019engage \u00e0 offrir une exp\u00e9rience positive \u00e0 tous les participants, conf\u00e9renciers, exposants, b\u00e9n\u00e9voles et employ\u00e9s (\u00ab\u00a0participants\u00a0\u00bb). Nous attendons de tous les participants qu\u2019ils fassent preuve [&hellip;]","og_url":"https:\/\/ecampusontario.ca\/fr\/code-of-conduct\/","og_site_name":"eCampusOntario","article_publisher":"https:\/\/www.facebook.com\/ecampusontario\/","article_modified_time":"2023-09-19T19:24:48+00:00","og_image":[{"width":1597,"height":583,"url":"https:\/\/ecampusontario.ca\/wp-content\/uploads\/2020\/01\/Screen-Shot-2020-01-30-at-10.01.53-AM.png","type":"image\/png"}],"twitter_card":"summary_large_image","twitter_site":"@eCampusOntario","twitter_misc":{"Dur\u00e9e de lecture estim\u00e9e":"5 minutes"},"schema":{"@context":"https:\/\/schema.org","@graph":[{"@type":"WebPage","@id":"https:\/\/ecampusontario.ca\/fr\/code-of-conduct\/","url":"https:\/\/ecampusontario.ca\/fr\/code-of-conduct\/","name":"Code de conduite | eCampusOntario","isPartOf":{"@id":"https:\/\/ecampusontario.ca\/fr\/#website"},"datePublished":"2019-02-19T16:52:39+00:00","dateModified":"2023-09-19T19:24:48+00:00","breadcrumb":{"@id":"https:\/\/ecampusontario.ca\/fr\/code-of-conduct\/#breadcrumb"},"inLanguage":"fr-FR","potentialAction":[{"@type":"ReadAction","target":["https:\/\/ecampusontario.ca\/fr\/code-of-conduct\/"]}]},{"@type":"BreadcrumbList","@id":"https:\/\/ecampusontario.ca\/fr\/code-of-conduct\/#breadcrumb","itemListElement":[{"@type":"ListItem","position":1,"name":"Home","item":"https:\/\/ecampusontario.ca\/fr\/"},{"@type":"ListItem","position":2,"name":"Code de conduite"}]},{"@type":"WebSite","@id":"https:\/\/ecampusontario.ca\/fr\/#website","url":"https:\/\/ecampusontario.ca\/fr\/","name":"eCampusOntario","description":"The online hub for learners and educators across Ontario","publisher":{"@id":"https:\/\/ecampusontario.ca\/fr\/#organization"},"potentialAction":[{"@type":"SearchAction","target":{"@type":"EntryPoint","urlTemplate":"https:\/\/ecampusontario.ca\/fr\/?s={search_term_string}"},"query-input":{"@type":"PropertyValueSpecification","valueRequired":true,"valueName":"search_term_string"}}],"inLanguage":"fr-FR"},{"@type":"Organization","@id":"https:\/\/ecampusontario.ca\/fr\/#organization","name":"eCampusOntario","url":"https:\/\/ecampusontario.ca\/fr\/","logo":{"@type":"ImageObject","inLanguage":"fr-FR","@id":"https:\/\/ecampusontario.ca\/fr\/#\/schema\/logo\/image\/","url":"https:\/\/ecampusontario.ca\/wp-content\/uploads\/2018\/11\/ecampus-e-icon-1.png","contentUrl":"https:\/\/ecampusontario.ca\/wp-content\/uploads\/2018\/11\/ecampus-e-icon-1.png","width":720,"height":325,"caption":"eCampusOntario"},"image":{"@id":"https:\/\/ecampusontario.ca\/fr\/#\/schema\/logo\/image\/"},"sameAs":["https:\/\/www.facebook.com\/ecampusontario\/","https:\/\/x.com\/eCampusOntario"]}]}},"_links":{"self":[{"href":"https:\/\/ecampusontario.ca\/fr\/wp-json\/wp\/v2\/pages\/5810","targetHints":{"allow":["GET"]}}],"collection":[{"href":"https:\/\/ecampusontario.ca\/fr\/wp-json\/wp\/v2\/pages"}],"about":[{"href":"https:\/\/ecampusontario.ca\/fr\/wp-json\/wp\/v2\/types\/page"}],"author":[{"embeddable":true,"href":"https:\/\/ecampusontario.ca\/fr\/wp-json\/wp\/v2\/users\/23"}],"replies":[{"embeddable":true,"href":"https:\/\/ecampusontario.ca\/fr\/wp-json\/wp\/v2\/comments?post=5810"}],"version-history":[{"count":7,"href":"https:\/\/ecampusontario.ca\/fr\/wp-json\/wp\/v2\/pages\/5810\/revisions"}],"predecessor-version":[{"id":29573,"href":"https:\/\/ecampusontario.ca\/fr\/wp-json\/wp\/v2\/pages\/5810\/revisions\/29573"}],"wp:attachment":[{"href":"https:\/\/ecampusontario.ca\/fr\/wp-json\/wp\/v2\/media?parent=5810"}],"wp:term":[{"taxonomy":"category","embeddable":true,"href":"https:\/\/ecampusontario.ca\/fr\/wp-json\/wp\/v2\/categories?post=5810"},{"taxonomy":"post_tag","embeddable":true,"href":"https:\/\/ecampusontario.ca\/fr\/wp-json\/wp\/v2\/tags?post=5810"}],"curies":[{"name":"wp","href":"https:\/\/api.w.org\/{rel}","templated":true}]}}