
{"id":487,"date":"2017-08-12T21:06:25","date_gmt":"2017-08-12T21:06:25","guid":{"rendered":"https:\/\/web3-0.ecampusontario.ca\/brand-assets\/"},"modified":"2024-01-26T10:28:34","modified_gmt":"2024-01-26T15:28:34","slug":"brand-assets","status":"publish","type":"page","link":"https:\/\/ecampusontario.ca\/fr\/brand-assets\/","title":{"rendered":"Actifs de la marque"},"content":{"rendered":"\n<div class=\"container banner-container container-full-col m-0 p-5\" style=\"background-color:#000000;\">\n<div class=\"row p-0\">\n<div class=\"col-12 text-center p-0\">\n\n\n\n<figure class=\"wp-block-image aligncenter size-large is-style-default\"><img loading=\"lazy\" decoding=\"async\" width=\"177\" height=\"193\" src=\"https:\/\/ecampusontario.ca\/wp-content\/uploads\/2021\/06\/brand-assets-e-icon-reversed.png\" alt=\"ecampuslogo logo\" class=\"wp-image-16566\"\/><\/figure>\n\n\n\n<h1 class=\"heading-main text-white\">Actifs de la marque<\/h1>\n<\/div><\/div><\/div>\n\n\n\n<div class=\"container container-md mt-3\">\n<div class=\"row\">\n<div class=\"col-12 text-center text-left-mobile\">\n<p>Nous avons cr\u00e9\u00e9 certaines directives pour vous aider \u00e0 utiliser notre marque et nos ressources, comme notre logo, notre contenu et nos images, sans avoir \u00e0 n\u00e9gocier des ententes juridiques pour chacun d\u2019entre eux. Pour utiliser nos marques d\u2019une fa\u00e7on qui n\u2019est pas couverte par nos directives, veuillez communiquer \u00e0 <a href=\"mailto:communications@ecampusontario.ca\">communications@ecampusontario.ca<\/a> et joindre une maquette visuelle de l\u2019utilisation pr\u00e9vue.<\/p>\n<\/div>\n<\/div>\n<\/div>\n\n\n\n<div class=\"container brand-assets-container\">\n<div class=\"row justify-content-center\">\n<div class=\"col-5 column-3\">\n<div class=\"card\">\n<figure><a href=\"\/wp-content\/uploads\/2017\/08\/ecampus-logo-RGB20170405-AUB.zip\"><img loading=\"lazy\" decoding=\"async\" class=\"alignnone\" src=\"\/wp-content\/uploads\/2017\/08\/ecampus-primary-logo.png\" alt=\"Logo principal d'eCampusOntario\" width=\"720\" height=\"325\"><\/a><\/figure><div class=\"content\"><\/div>\n<\/div>\n<div><a class=\"btn light-yellow-btn-background\" href=\"\/wp-content\/uploads\/2017\/08\/ecampus-logo-RGB20170405-AUB.zip\">T\u00e9l\u00e9charger<\/a><\/div>\n<div class=\"assets-title\">Logo principal d\u2019eCampusOntario<\/div>\n<\/div>\n<div class=\"col-5 column-3\">\n<div class=\"card\">\n<figure><a href=\"https:\/\/ecampusontario.ca\/wp-content\/uploads\/2021\/04\/2021_BrandGuide_updated-Aprl-12.pdf\"><img loading=\"lazy\" decoding=\"async\" class=\"alignnone\" src=\"https:\/\/ecampusontario.ca\/wp-content\/uploads\/2020\/10\/e-1920-x-700.png\" alt=\"Lignes directrices de la marque eCampusOntario\" width=\"720\" height=\"325\"><\/a><\/figure><div class=\"content\"><\/div>\n<\/div>\n<div><a class=\"btn light-yellow-btn-background\" href=\"https:\/\/ecampusontario.ca\/wp-content\/uploads\/2021\/05\/2021_BrandGuide_Final-FR.pdf\">T\u00e9l\u00e9charger<\/a><\/div>\n<div class=\"assets-title\">Lignes directrices de la marque eCampusOntario<\/div>\n<\/div>\n<div class=\"col-5 column-3\">\n<div class=\"card\">\n<figure><a href=\"\/wp-content\/uploads\/2017\/08\/ecampus-logo-badge-RGB201705-AUB.zip\"><img loading=\"lazy\" decoding=\"async\" class=\"alignnone\" src=\"\/wp-content\/uploads\/2017\/08\/ecampus-primary-logo-bg.png\" alt=\"Logo principal d'eCampusOntario avec fond\" width=\"720\" height=\"325\"><\/a><\/figure><div class=\"content\"><\/div>\n<\/div>\n<div><a class=\"btn light-yellow-btn-background\" href=\"\/wp-content\/uploads\/2017\/08\/ecampus-logo-badge-RGB201705-AUB.zip\">T\u00e9l\u00e9charger<\/a><\/div>\n<div class=\"assets-title\">Logo principal d\u2019eCampusOntario avec fond<\/div>\n<\/div>\n<div class=\"col-5 column-3\">\n<div class=\"card\">\n<figure><a href=\"\/wp-content\/uploads\/2017\/08\/ecampus-e-logo.zip\"><img loading=\"lazy\" decoding=\"async\" class=\"alignnone\" src=\"\/wp-content\/uploads\/2017\/08\/ecampus-e-icon.png\" alt=\"Logo d'eCampusOntario\" width=\"720\" height=\"325\"><\/a><\/figure><div class=\"content\"><\/div>\n<\/div>\n<div><a class=\"btn light-yellow-btn-background\" href=\"\/wp-content\/uploads\/2017\/08\/ecampus-e-logo.zip\">T\u00e9l\u00e9charger<\/a><\/div>\n<div class=\"assets-title\">Logo d\u2019eCampusOntario<\/div>\n<\/div>\n<div class=\"col-5 column-3\">\n<div class=\"card\">\n<figure><a href=\"https:\/\/ecampusontario.ca\/wp-content\/uploads\/2024\/01\/eCO-x-Ontario-Logo-Lockup.zip\"><img loading=\"lazy\" decoding=\"async\" class=\"alignnone\" src=\"https:\/\/ecampusontario.ca\/wp-content\/uploads\/2024\/01\/eCO-x-Ontario-Logo-Lockup.png\" alt=\"eCampusOntario and Government of Ontario Logo\" width=\"720\" height=\"325\"><\/a><\/figure><div class=\"content\"><\/div>\n<\/div>\n<div><a class=\"btn light-yellow-btn-background\" href=\"https:\/\/ecampusontario.ca\/wp-content\/uploads\/2024\/01\/eCO-x-Ontario-Logo-Lockup.zip\" aria-label=\"T\u00e9l\u00e9charger\">T\u00e9l\u00e9charger<\/a><\/div>\n<div class=\"assets-title\">Logo de eCampusOntario et du gouvernement de l&rsquo;Ontario<\/div>\n<\/div>\n<p><!--\n\n\n<div class=\"col-5 column-3\">\n\n\n<div class=\"card\">\n\n\n<div class=\"content\"><a href=\"\/wp-content\/uploads\/2017\/08\/ecampus-bg-pattern-02.zip\"><img loading=\"lazy\" decoding=\"async\" class=\"alignnone\" src=\"\/wp-content\/uploads\/2017\/08\/ecampus-pattern-bg.png\" alt=\"Motif d'eCampusOntario\" width=\"720\" height=\"325\"><\/a><\/div>\n\n\n<\/div>\n\n\n\n\n<div><a class=\"btn light-yellow-btn-background\" href=\"\/wp-content\/uploads\/2017\/08\/ecampus-bg-pattern-02.zip\">T\u00e9l\u00e9charger<\/a><\/div>\n\n\n\n\n<div class=\"assets-title\">Motif d\u2019eCampusOntario<\/div>\n\n\n<\/div>\n\n\n\n\n<div class=\"col-5 column-3\">\n\n\n<div class=\"card\">\n\n\n<div class=\"content\"><a href=\"\/wp-content\/uploads\/2017\/08\/ecampus-hero-logo-RGB20170405-AUB.zip\"><img loading=\"lazy\" decoding=\"async\" class=\"alignnone\" src=\"\/wp-content\/uploads\/2017\/08\/ecampus-secondary-hero-logo.png\" alt=\"Logo \u00ab signature \u00bb secondaire d'eCampusOntario\" width=\"720\" height=\"325\"><\/a><\/div>\n\n\n<\/div>\n\n\n\n\n<div><a class=\"btn light-yellow-btn-background\" href=\"\/wp-content\/uploads\/2017\/08\/ecampus-hero-logo-RGB20170405-AUB.zip\">T\u00e9l\u00e9charger<\/a><\/div>\n\n\n\n\n<div class=\"assets-title\">Logo \u00ab&nbsp;signature&nbsp;\u00bb secondaire d\u2019eCampusOntario<\/div>\n\n\n<\/div>\n\n\n--><\/p>\n<\/div>\n<\/div>\n","protected":false},"excerpt":{"rendered":"<p>Actifs de la marque Nous avons cr\u00e9\u00e9 certaines directives pour vous aider \u00e0 utiliser notre marque et nos ressources, comme notre logo, notre contenu et nos images, sans avoir \u00e0 n\u00e9gocier des ententes juridiques pour chacun d\u2019entre eux. Pour utiliser nos marques d\u2019une fa\u00e7on qui n\u2019est pas couverte par nos directives, veuillez communiquer \u00e0 communications@ecampusontario.ca [&hellip;]<\/p>\n","protected":false},"author":16,"featured_media":0,"parent":0,"menu_order":0,"comment_status":"closed","ping_status":"closed","template":"","meta":{"_acf_changed":false,"footnotes":""},"categories":[],"tags":[],"class_list":["post-487","page","type-page","status-publish","hentry"],"acf":[],"yoast_head":"<!-- This site is optimized with the Yoast SEO Premium plugin v27.4 (Yoast SEO v27.4) - https:\/\/yoast.com\/product\/yoast-seo-premium-wordpress\/ -->\n<title>Actifs de la marque | eCampusOntario<\/title>\n<meta name=\"robots\" content=\"index, follow, max-snippet:-1, max-image-preview:large, max-video-preview:-1\" \/>\n<link rel=\"canonical\" href=\"https:\/\/ecampusontario.ca\/fr\/brand-assets\/\" \/>\n<meta property=\"og:locale\" content=\"fr_FR\" \/>\n<meta property=\"og:type\" content=\"article\" \/>\n<meta property=\"og:title\" content=\"Actifs de la marque\" \/>\n<meta property=\"og:description\" content=\"Actifs de la marque Nous avons cr\u00e9\u00e9 certaines directives pour vous aider \u00e0 utiliser notre marque et nos ressources, comme notre logo, notre contenu et nos images, sans avoir \u00e0 n\u00e9gocier des ententes juridiques pour chacun d\u2019entre eux. Pour utiliser nos marques d\u2019une fa\u00e7on qui n\u2019est pas couverte par nos directives, veuillez communiquer \u00e0 communications@ecampusontario.ca [&hellip;]\" \/>\n<meta property=\"og:url\" content=\"https:\/\/ecampusontario.ca\/fr\/brand-assets\/\" \/>\n<meta property=\"og:site_name\" content=\"eCampusOntario\" \/>\n<meta property=\"article:publisher\" content=\"https:\/\/www.facebook.com\/ecampusontario\/\" \/>\n<meta property=\"article:modified_time\" content=\"2024-01-26T15:28:34+00:00\" \/>\n<meta property=\"og:image\" content=\"https:\/\/ecampusontario.ca\/wp-content\/uploads\/2021\/06\/brand-assets-e-icon-reversed.png\" \/>\n<meta name=\"twitter:card\" content=\"summary_large_image\" \/>\n<meta name=\"twitter:site\" content=\"@eCampusOntario\" \/>\n<meta name=\"twitter:label1\" content=\"Dur\u00e9e de lecture estim\u00e9e\" \/>\n\t<meta name=\"twitter:data1\" content=\"1 minute\" \/>\n<script type=\"application\/ld+json\" class=\"yoast-schema-graph\">{\"@context\":\"https:\\\/\\\/schema.org\",\"@graph\":[{\"@type\":\"WebPage\",\"@id\":\"https:\\\/\\\/ecampusontario.ca\\\/fr\\\/brand-assets\\\/\",\"url\":\"https:\\\/\\\/ecampusontario.ca\\\/fr\\\/brand-assets\\\/\",\"name\":\"Actifs de la marque | eCampusOntario\",\"isPartOf\":{\"@id\":\"https:\\\/\\\/ecampusontario.ca\\\/fr\\\/#website\"},\"primaryImageOfPage\":{\"@id\":\"https:\\\/\\\/ecampusontario.ca\\\/fr\\\/brand-assets\\\/#primaryimage\"},\"image\":{\"@id\":\"https:\\\/\\\/ecampusontario.ca\\\/fr\\\/brand-assets\\\/#primaryimage\"},\"thumbnailUrl\":\"https:\\\/\\\/ecampusontario.ca\\\/wp-content\\\/uploads\\\/2021\\\/06\\\/brand-assets-e-icon-reversed.png\",\"datePublished\":\"2017-08-12T21:06:25+00:00\",\"dateModified\":\"2024-01-26T15:28:34+00:00\",\"breadcrumb\":{\"@id\":\"https:\\\/\\\/ecampusontario.ca\\\/fr\\\/brand-assets\\\/#breadcrumb\"},\"inLanguage\":\"fr-FR\",\"potentialAction\":[{\"@type\":\"ReadAction\",\"target\":[\"https:\\\/\\\/ecampusontario.ca\\\/fr\\\/brand-assets\\\/\"]}]},{\"@type\":\"ImageObject\",\"inLanguage\":\"fr-FR\",\"@id\":\"https:\\\/\\\/ecampusontario.ca\\\/fr\\\/brand-assets\\\/#primaryimage\",\"url\":\"https:\\\/\\\/ecampusontario.ca\\\/wp-content\\\/uploads\\\/2021\\\/06\\\/brand-assets-e-icon-reversed.png\",\"contentUrl\":\"https:\\\/\\\/ecampusontario.ca\\\/wp-content\\\/uploads\\\/2021\\\/06\\\/brand-assets-e-icon-reversed.png\"},{\"@type\":\"BreadcrumbList\",\"@id\":\"https:\\\/\\\/ecampusontario.ca\\\/fr\\\/brand-assets\\\/#breadcrumb\",\"itemListElement\":[{\"@type\":\"ListItem\",\"position\":1,\"name\":\"Home\",\"item\":\"https:\\\/\\\/ecampusontario.ca\\\/fr\\\/\"},{\"@type\":\"ListItem\",\"position\":2,\"name\":\"Actifs de la marque\"}]},{\"@type\":\"WebSite\",\"@id\":\"https:\\\/\\\/ecampusontario.ca\\\/fr\\\/#website\",\"url\":\"https:\\\/\\\/ecampusontario.ca\\\/fr\\\/\",\"name\":\"eCampusOntario\",\"description\":\"The online hub for learners and educators across Ontario\",\"publisher\":{\"@id\":\"https:\\\/\\\/ecampusontario.ca\\\/fr\\\/#organization\"},\"potentialAction\":[{\"@type\":\"SearchAction\",\"target\":{\"@type\":\"EntryPoint\",\"urlTemplate\":\"https:\\\/\\\/ecampusontario.ca\\\/fr\\\/?s={search_term_string}\"},\"query-input\":{\"@type\":\"PropertyValueSpecification\",\"valueRequired\":true,\"valueName\":\"search_term_string\"}}],\"inLanguage\":\"fr-FR\"},{\"@type\":\"Organization\",\"@id\":\"https:\\\/\\\/ecampusontario.ca\\\/fr\\\/#organization\",\"name\":\"eCampusOntario\",\"url\":\"https:\\\/\\\/ecampusontario.ca\\\/fr\\\/\",\"logo\":{\"@type\":\"ImageObject\",\"inLanguage\":\"fr-FR\",\"@id\":\"https:\\\/\\\/ecampusontario.ca\\\/fr\\\/#\\\/schema\\\/logo\\\/image\\\/\",\"url\":\"https:\\\/\\\/ecampusontario.ca\\\/wp-content\\\/uploads\\\/2018\\\/11\\\/ecampus-e-icon-1.png\",\"contentUrl\":\"https:\\\/\\\/ecampusontario.ca\\\/wp-content\\\/uploads\\\/2018\\\/11\\\/ecampus-e-icon-1.png\",\"width\":720,\"height\":325,\"caption\":\"eCampusOntario\"},\"image\":{\"@id\":\"https:\\\/\\\/ecampusontario.ca\\\/fr\\\/#\\\/schema\\\/logo\\\/image\\\/\"},\"sameAs\":[\"https:\\\/\\\/www.facebook.com\\\/ecampusontario\\\/\",\"https:\\\/\\\/x.com\\\/eCampusOntario\"]}]}<\/script>\n<!-- \/ Yoast SEO Premium plugin. -->","yoast_head_json":{"title":"Actifs de la marque | eCampusOntario","robots":{"index":"index","follow":"follow","max-snippet":"max-snippet:-1","max-image-preview":"max-image-preview:large","max-video-preview":"max-video-preview:-1"},"canonical":"https:\/\/ecampusontario.ca\/fr\/brand-assets\/","og_locale":"fr_FR","og_type":"article","og_title":"Actifs de la marque","og_description":"Actifs de la marque Nous avons cr\u00e9\u00e9 certaines directives pour vous aider \u00e0 utiliser notre marque et nos ressources, comme notre logo, notre contenu et nos images, sans avoir \u00e0 n\u00e9gocier des ententes juridiques pour chacun d\u2019entre eux. Pour utiliser nos marques d\u2019une fa\u00e7on qui n\u2019est pas couverte par nos directives, veuillez communiquer \u00e0 communications@ecampusontario.ca [&hellip;]","og_url":"https:\/\/ecampusontario.ca\/fr\/brand-assets\/","og_site_name":"eCampusOntario","article_publisher":"https:\/\/www.facebook.com\/ecampusontario\/","article_modified_time":"2024-01-26T15:28:34+00:00","og_image":[{"url":"https:\/\/ecampusontario.ca\/wp-content\/uploads\/2021\/06\/brand-assets-e-icon-reversed.png","type":"","width":"","height":""}],"twitter_card":"summary_large_image","twitter_site":"@eCampusOntario","twitter_misc":{"Dur\u00e9e de lecture estim\u00e9e":"1 minute"},"schema":{"@context":"https:\/\/schema.org","@graph":[{"@type":"WebPage","@id":"https:\/\/ecampusontario.ca\/fr\/brand-assets\/","url":"https:\/\/ecampusontario.ca\/fr\/brand-assets\/","name":"Actifs de la marque | eCampusOntario","isPartOf":{"@id":"https:\/\/ecampusontario.ca\/fr\/#website"},"primaryImageOfPage":{"@id":"https:\/\/ecampusontario.ca\/fr\/brand-assets\/#primaryimage"},"image":{"@id":"https:\/\/ecampusontario.ca\/fr\/brand-assets\/#primaryimage"},"thumbnailUrl":"https:\/\/ecampusontario.ca\/wp-content\/uploads\/2021\/06\/brand-assets-e-icon-reversed.png","datePublished":"2017-08-12T21:06:25+00:00","dateModified":"2024-01-26T15:28:34+00:00","breadcrumb":{"@id":"https:\/\/ecampusontario.ca\/fr\/brand-assets\/#breadcrumb"},"inLanguage":"fr-FR","potentialAction":[{"@type":"ReadAction","target":["https:\/\/ecampusontario.ca\/fr\/brand-assets\/"]}]},{"@type":"ImageObject","inLanguage":"fr-FR","@id":"https:\/\/ecampusontario.ca\/fr\/brand-assets\/#primaryimage","url":"https:\/\/ecampusontario.ca\/wp-content\/uploads\/2021\/06\/brand-assets-e-icon-reversed.png","contentUrl":"https:\/\/ecampusontario.ca\/wp-content\/uploads\/2021\/06\/brand-assets-e-icon-reversed.png"},{"@type":"BreadcrumbList","@id":"https:\/\/ecampusontario.ca\/fr\/brand-assets\/#breadcrumb","itemListElement":[{"@type":"ListItem","position":1,"name":"Home","item":"https:\/\/ecampusontario.ca\/fr\/"},{"@type":"ListItem","position":2,"name":"Actifs de la marque"}]},{"@type":"WebSite","@id":"https:\/\/ecampusontario.ca\/fr\/#website","url":"https:\/\/ecampusontario.ca\/fr\/","name":"eCampusOntario","description":"The online hub for learners and educators across Ontario","publisher":{"@id":"https:\/\/ecampusontario.ca\/fr\/#organization"},"potentialAction":[{"@type":"SearchAction","target":{"@type":"EntryPoint","urlTemplate":"https:\/\/ecampusontario.ca\/fr\/?s={search_term_string}"},"query-input":{"@type":"PropertyValueSpecification","valueRequired":true,"valueName":"search_term_string"}}],"inLanguage":"fr-FR"},{"@type":"Organization","@id":"https:\/\/ecampusontario.ca\/fr\/#organization","name":"eCampusOntario","url":"https:\/\/ecampusontario.ca\/fr\/","logo":{"@type":"ImageObject","inLanguage":"fr-FR","@id":"https:\/\/ecampusontario.ca\/fr\/#\/schema\/logo\/image\/","url":"https:\/\/ecampusontario.ca\/wp-content\/uploads\/2018\/11\/ecampus-e-icon-1.png","contentUrl":"https:\/\/ecampusontario.ca\/wp-content\/uploads\/2018\/11\/ecampus-e-icon-1.png","width":720,"height":325,"caption":"eCampusOntario"},"image":{"@id":"https:\/\/ecampusontario.ca\/fr\/#\/schema\/logo\/image\/"},"sameAs":["https:\/\/www.facebook.com\/ecampusontario\/","https:\/\/x.com\/eCampusOntario"]}]}},"_links":{"self":[{"href":"https:\/\/ecampusontario.ca\/fr\/wp-json\/wp\/v2\/pages\/487","targetHints":{"allow":["GET"]}}],"collection":[{"href":"https:\/\/ecampusontario.ca\/fr\/wp-json\/wp\/v2\/pages"}],"about":[{"href":"https:\/\/ecampusontario.ca\/fr\/wp-json\/wp\/v2\/types\/page"}],"author":[{"embeddable":true,"href":"https:\/\/ecampusontario.ca\/fr\/wp-json\/wp\/v2\/users\/16"}],"replies":[{"embeddable":true,"href":"https:\/\/ecampusontario.ca\/fr\/wp-json\/wp\/v2\/comments?post=487"}],"version-history":[{"count":30,"href":"https:\/\/ecampusontario.ca\/fr\/wp-json\/wp\/v2\/pages\/487\/revisions"}],"predecessor-version":[{"id":31845,"href":"https:\/\/ecampusontario.ca\/fr\/wp-json\/wp\/v2\/pages\/487\/revisions\/31845"}],"wp:attachment":[{"href":"https:\/\/ecampusontario.ca\/fr\/wp-json\/wp\/v2\/media?parent=487"}],"wp:term":[{"taxonomy":"category","embeddable":true,"href":"https:\/\/ecampusontario.ca\/fr\/wp-json\/wp\/v2\/categories?post=487"},{"taxonomy":"post_tag","embeddable":true,"href":"https:\/\/ecampusontario.ca\/fr\/wp-json\/wp\/v2\/tags?post=487"}],"curies":[{"name":"wp","href":"https:\/\/api.w.org\/{rel}","templated":true}]}}