
{"id":4803,"date":"2018-12-10T11:41:09","date_gmt":"2018-12-10T15:41:09","guid":{"rendered":"https:\/\/ecampusontario.ca\/interactive-media\/"},"modified":"2021-09-22T09:49:11","modified_gmt":"2021-09-22T13:49:11","slug":"open-communities","status":"publish","type":"page","link":"https:\/\/ecampusontario.ca\/fr\/open-communities\/","title":{"rendered":"Communaut\u00e9s Ouvertes"},"content":{"rendered":"\n<div class=\"container banner-container container-full-col p-0 m-0\">\n<div class=\"row banner-row p-0 m-0\">\n<div class=\"col-12 col-sm-9 col-md-6 banner-text pl-5\">\n\n<h2 class=\"page-main-heading\">Communaut\u00e9s Ouvertes<\/h2>\n<p class=\"after-page-heading\">eCampusOntario anime un certain nombre de communaut\u00e9s et&nbsp;\u00e9v\u00e9nements qui cherchent \u00e0 faire progresser les ressources et les pratiques \u00e9ducatives libres dans l\u2019enseignement sup\u00e9rieur, en Ontario.<\/p>\n<\/div>\n\n\n\n<figure class=\"wp-block-image size-large is-style-default\"><img loading=\"lazy\" decoding=\"async\" width=\"1024\" height=\"305\" src=\"https:\/\/ecampusontario.ca\/wp-content\/uploads\/2021\/07\/Banner-open-communities-1024x305.png\" alt=\"Sticky notes on the board\" class=\"wp-image-16760\" srcset=\"https:\/\/ecampusontario.ca\/wp-content\/uploads\/2021\/07\/Banner-open-communities-1024x305.png 1024w, https:\/\/ecampusontario.ca\/wp-content\/uploads\/2021\/07\/Banner-open-communities-300x90.png 300w, https:\/\/ecampusontario.ca\/wp-content\/uploads\/2021\/07\/Banner-open-communities-768x229.png 768w, https:\/\/ecampusontario.ca\/wp-content\/uploads\/2021\/07\/Banner-open-communities-1536x458.png 1536w, https:\/\/ecampusontario.ca\/wp-content\/uploads\/2021\/07\/Banner-open-communities.png 1924w\" sizes=\"auto, (max-width: 1024px) 100vw, 1024px\" \/><\/figure>\n\n\n\n<\/div><\/div><div class=\"container\" style=\"width: 100% !important;\">\n<div class=\"row\">\n<div class=\"container container-md mt-5 mb-4\">\n<h2 id=\"communautes\">Communaut\u00e9s<\/h2>\n<h3><strong>Associ\u00e9s de l\u2019\u00e9ducation libre<\/strong><\/h3>\n<p>Chaque ann\u00e9e, eCampusOntario invite six nouveaux d\u00e9fenseurs de l\u2019\u00e9ducation libre dans nos \u00e9tablissements membres \u00e0 participer au programme des associ\u00e9s de l\u2019\u00e9ducation libre (AEL). Les AEL encouragent un recours accru aux des REL dans les \u00e9tablissements postsecondaires de l\u2019Ontario, la r\u00e9duction des co\u00fbts pour les apprenants et l\u2019application de pratiques p\u00e9dagogiques libres chez les \u00e9ducateurs. Le programme offre aux AEL des possibilit\u00e9s de perfectionnement professionnel et de mentorat sur les plans de la promotion et de la recherche relatives aux REL. Les AEL repr\u00e9sentent des initiatives d\u2019enseignement libre au nom du syst\u00e8me postsecondaire ontarien et participent directement \u00e0 des initiatives de sensibilisation et de d\u00e9fense des int\u00e9r\u00eats au niveau du r\u00e9seau.<\/p>\n<p><a class=\"btn btn-lg light-yellow-btn-background\" href=\"https:\/\/ecampusontario.ca\/fr\/oe-fellows\/\">En Savoir Plus<\/a><\/p>\n<h3><strong>Rangers de l\u2019enseignement libre<\/strong><\/h3>\n<p>Les Rangers de l\u2019enseignement libre constituent un r\u00e9seau d\u2019\u00e9ducateurs et de praticiens de niveau postsecondaire en Ontario, qui souhaitent appuyer l\u2019avancement de l\u2019\u00e9ducation libre au sein de leur \u00e9tablissement. Les Rangers tiennent des rencontres virtuelles r\u00e9guli\u00e8res en court d\u2019ann\u00e9e et ont la chance de participer au Sommet de l\u2019enseignement ouvert de l\u2019Ontario, un \u00e9v\u00e9nement annuel qui r\u00e9unit des Rangers nouveaux et chevronn\u00e9s dans un espace propice \u00e0 une r\u00e9flexion commune sur les orientations futures de l\u2019\u00e9ducation libre.<\/p>\n<p>Pour en savoir plus sur la fa\u00e7on de devenir un Ranger de l\u2019enseignement libre, veuillez communiquer avec open@ecampusontario.ca.<\/p>\n<h3 id=\"sinscrire\"><strong>Communaut\u00e9 des \u00e9cussons num\u00e9riques et microtitres de comp\u00e9tences d\u2019eCampusOntario.&nbsp;<\/strong><\/h3>\n<p>Aidez-nous \u00e0 cr\u00e9er une communaut\u00e9 dynamique et inclusive pour les \u00e9cussons num\u00e9riques et microtitres de comp\u00e9tences. Nous&nbsp;invitons les apprenants, les \u00e9ducateurs ainsi que les professionnels du gouvernement et de l\u2019industrie qui sont curieux et passionn\u00e9s et qui souhaiteraient r\u00e9fl\u00e9chir aux nouveaux modes d\u2019apprentissage num\u00e9riques et \u00e0 la reconnaissance des comp\u00e9tences&nbsp;en enseignement postsecondaire&nbsp;et en milieu de travail.<\/p>\n<p>&nbsp;<\/p>\n<h2 id=\"evenements\">\u00c9v\u00e9nements<\/h2>\n<h3><strong>SVAT<\/strong><\/h3>\n<p>Le S\u00e9minaire et vitrine sur l\u2019apprentissage assist\u00e9 par la technologie (SVAT) est en fait une conf\u00e9rence annuelle de deux jours organis\u00e9e par eCampusOntario pour pr\u00e9senter tout ce qui se fait dans le secteur de l\u2019apprentissage ouvert, en ligne. L\u2019\u00e9v\u00e9nement, qui se d\u00e9roule habituellement en novembre, comprend des pl\u00e9ni\u00e8res, des s\u00e9ances en petits groupes et des activit\u00e9s de d\u00e9veloppement communautaire. Parmi les sujets couverts figurent l\u2019enseignement et l\u2019apprentissage assist\u00e9s par la technologie, la p\u00e9dagogie ouverte et l\u2019\u00e9dition, l\u2019apprentissage par l\u2019exp\u00e9rience, le d\u00e9veloppement des comp\u00e9tences et bien plus encore.<\/p>\n<p><a class=\"btn btn-lg light-yellow-btn-background\" href=\"https:\/\/ecampusontario.ca\/fr\/svat-2021\/\">En Savoir Plus<\/a><\/p>\n<h3><strong>Open Education Week, \u00e9dition 2019<\/strong><\/h3>\n<p>\u00c0 cette occasion, eCampusOntario a d\u00e9cid\u00e9 d\u2019aider les \u00e9tablissements d\u2019enseignement sup\u00e9rieur de l\u2019Ontario \u00e0 organiser des \u00e9v\u00e9nements locaux sur leur campus.<\/p>\n<p>Chaque jour, durant cette semaine sp\u00e9ciale, eCampusOntario proposera des webinaires de 50 minutes auxquels les membres pourront acc\u00e9der depuis leurs propres appareils ou en direct dans leur \u00e9tablissement.<\/p>\n<p><a class=\"btn btn-lg light-yellow-btn-background\" href=\"\/?p=5713\">En Savoir Plus<\/a><\/p>\n<\/div>\n<\/div>\n<\/div>\n\n\n\n<div class=\"container\" style=\"width: 100% !important;\">\n<div class=\"row\">\n<div class=\"container container-md mt-5 mb-4\">\n<h2 id=\"nouvelles\">Quoi de neuf dans l\u2019enseignement libre?<\/h2>\n<h3>\u00c9ducation Ouverte Nouvelles et Ressources<\/h3>\n<p>D\u00e9couvrez ce qu\u2019il y a de neuf dans le domaine de l\u2019enseignement libre, quels \u00e9v\u00e9nements suivre et quelles sont les derni\u00e8res innovations. eCampusOntario publie aussi r\u00e9guli\u00e8rement des offres et des d\u00e9bouch\u00e9s d\u2019emploi en \u00e9ducation ouverte, alors songez \u00e0 v\u00e9rifier r\u00e9guli\u00e8rement notre fil d\u2019informations.<\/p>\n<p><a class=\"btn btn-lg light-yellow-btn-background\" href=\"https:\/\/ecampusontario.ca\/fr\/open-education-news\/\">En Savoir Plus<\/a><\/p>\n<\/div>\n<\/div>\n<\/div>\n","protected":false},"excerpt":{"rendered":"<p>Communaut\u00e9s Ouvertes eCampusOntario anime un certain nombre de communaut\u00e9s et&nbsp;\u00e9v\u00e9nements qui cherchent \u00e0 faire progresser les ressources et les pratiques \u00e9ducatives libres dans l\u2019enseignement sup\u00e9rieur, en Ontario. Communaut\u00e9s Associ\u00e9s de l\u2019\u00e9ducation libre Chaque ann\u00e9e, eCampusOntario invite six nouveaux d\u00e9fenseurs de l\u2019\u00e9ducation libre dans nos \u00e9tablissements membres \u00e0 participer au programme des associ\u00e9s de l\u2019\u00e9ducation libre [&hellip;]<\/p>\n","protected":false},"author":16,"featured_media":0,"parent":0,"menu_order":0,"comment_status":"closed","ping_status":"closed","template":"","meta":{"_acf_changed":false,"footnotes":""},"categories":[],"tags":[],"class_list":["post-4803","page","type-page","status-publish","hentry"],"acf":[],"yoast_head":"<!-- This site is optimized with the Yoast SEO Premium plugin v26.0 (Yoast SEO v26.0) - https:\/\/yoast.com\/wordpress\/plugins\/seo\/ -->\n<title>Communaut\u00e9s Ouvertes | eCampusOntario<\/title>\n<meta name=\"robots\" content=\"index, follow, max-snippet:-1, max-image-preview:large, max-video-preview:-1\" \/>\n<link rel=\"canonical\" href=\"https:\/\/ecampusontario.ca\/fr\/open-communities\/\" \/>\n<meta property=\"og:locale\" content=\"fr_FR\" \/>\n<meta property=\"og:type\" content=\"article\" \/>\n<meta property=\"og:title\" content=\"Communaut\u00e9s Ouvertes\" \/>\n<meta property=\"og:description\" content=\"Communaut\u00e9s Ouvertes eCampusOntario anime un certain nombre de communaut\u00e9s et&nbsp;\u00e9v\u00e9nements qui cherchent \u00e0 faire progresser les ressources et les pratiques \u00e9ducatives libres dans l\u2019enseignement sup\u00e9rieur, en Ontario. Communaut\u00e9s Associ\u00e9s de l\u2019\u00e9ducation libre Chaque ann\u00e9e, eCampusOntario invite six nouveaux d\u00e9fenseurs de l\u2019\u00e9ducation libre dans nos \u00e9tablissements membres \u00e0 participer au programme des associ\u00e9s de l\u2019\u00e9ducation libre [&hellip;]\" \/>\n<meta property=\"og:url\" content=\"https:\/\/ecampusontario.ca\/fr\/open-communities\/\" \/>\n<meta property=\"og:site_name\" content=\"eCampusOntario\" \/>\n<meta property=\"article:publisher\" content=\"https:\/\/www.facebook.com\/ecampusontario\/\" \/>\n<meta property=\"article:modified_time\" content=\"2021-09-22T13:49:11+00:00\" \/>\n<meta property=\"og:image\" content=\"https:\/\/ecampusontario.ca\/wp-content\/uploads\/2021\/07\/Banner-open-communities-1024x305.png\" \/>\n<meta name=\"twitter:card\" content=\"summary_large_image\" \/>\n<meta name=\"twitter:site\" content=\"@eCampusOntario\" \/>\n<meta name=\"twitter:label1\" content=\"Dur\u00e9e de lecture estim\u00e9e\" \/>\n\t<meta name=\"twitter:data1\" content=\"3 minutes\" \/>\n<script type=\"application\/ld+json\" class=\"yoast-schema-graph\">{\"@context\":\"https:\/\/schema.org\",\"@graph\":[{\"@type\":\"WebPage\",\"@id\":\"https:\/\/ecampusontario.ca\/fr\/open-communities\/\",\"url\":\"https:\/\/ecampusontario.ca\/fr\/open-communities\/\",\"name\":\"Communaut\u00e9s Ouvertes | eCampusOntario\",\"isPartOf\":{\"@id\":\"https:\/\/ecampusontario.ca\/fr\/#website\"},\"primaryImageOfPage\":{\"@id\":\"https:\/\/ecampusontario.ca\/fr\/open-communities\/#primaryimage\"},\"image\":{\"@id\":\"https:\/\/ecampusontario.ca\/fr\/open-communities\/#primaryimage\"},\"thumbnailUrl\":\"https:\/\/ecampusontario.ca\/wp-content\/uploads\/2021\/07\/Banner-open-communities-1024x305.png\",\"datePublished\":\"2018-12-10T15:41:09+00:00\",\"dateModified\":\"2021-09-22T13:49:11+00:00\",\"breadcrumb\":{\"@id\":\"https:\/\/ecampusontario.ca\/fr\/open-communities\/#breadcrumb\"},\"inLanguage\":\"fr-FR\",\"potentialAction\":[{\"@type\":\"ReadAction\",\"target\":[\"https:\/\/ecampusontario.ca\/fr\/open-communities\/\"]}]},{\"@type\":\"ImageObject\",\"inLanguage\":\"fr-FR\",\"@id\":\"https:\/\/ecampusontario.ca\/fr\/open-communities\/#primaryimage\",\"url\":\"https:\/\/ecampusontario.ca\/wp-content\/uploads\/2021\/07\/Banner-open-communities-1024x305.png\",\"contentUrl\":\"https:\/\/ecampusontario.ca\/wp-content\/uploads\/2021\/07\/Banner-open-communities-1024x305.png\"},{\"@type\":\"BreadcrumbList\",\"@id\":\"https:\/\/ecampusontario.ca\/fr\/open-communities\/#breadcrumb\",\"itemListElement\":[{\"@type\":\"ListItem\",\"position\":1,\"name\":\"Home\",\"item\":\"https:\/\/ecampusontario.ca\/fr\/\"},{\"@type\":\"ListItem\",\"position\":2,\"name\":\"Communaut\u00e9s Ouvertes\"}]},{\"@type\":\"WebSite\",\"@id\":\"https:\/\/ecampusontario.ca\/fr\/#website\",\"url\":\"https:\/\/ecampusontario.ca\/fr\/\",\"name\":\"eCampusOntario\",\"description\":\"The online hub for learners and educators across Ontario\",\"publisher\":{\"@id\":\"https:\/\/ecampusontario.ca\/fr\/#organization\"},\"potentialAction\":[{\"@type\":\"SearchAction\",\"target\":{\"@type\":\"EntryPoint\",\"urlTemplate\":\"https:\/\/ecampusontario.ca\/fr\/?s={search_term_string}\"},\"query-input\":{\"@type\":\"PropertyValueSpecification\",\"valueRequired\":true,\"valueName\":\"search_term_string\"}}],\"inLanguage\":\"fr-FR\"},{\"@type\":\"Organization\",\"@id\":\"https:\/\/ecampusontario.ca\/fr\/#organization\",\"name\":\"eCampusOntario\",\"url\":\"https:\/\/ecampusontario.ca\/fr\/\",\"logo\":{\"@type\":\"ImageObject\",\"inLanguage\":\"fr-FR\",\"@id\":\"https:\/\/ecampusontario.ca\/fr\/#\/schema\/logo\/image\/\",\"url\":\"https:\/\/ecampusontario.ca\/wp-content\/uploads\/2018\/11\/ecampus-e-icon-1.png\",\"contentUrl\":\"https:\/\/ecampusontario.ca\/wp-content\/uploads\/2018\/11\/ecampus-e-icon-1.png\",\"width\":720,\"height\":325,\"caption\":\"eCampusOntario\"},\"image\":{\"@id\":\"https:\/\/ecampusontario.ca\/fr\/#\/schema\/logo\/image\/\"},\"sameAs\":[\"https:\/\/www.facebook.com\/ecampusontario\/\",\"https:\/\/x.com\/eCampusOntario\"]}]}<\/script>\n<!-- \/ Yoast SEO Premium plugin. -->","yoast_head_json":{"title":"Communaut\u00e9s Ouvertes | eCampusOntario","robots":{"index":"index","follow":"follow","max-snippet":"max-snippet:-1","max-image-preview":"max-image-preview:large","max-video-preview":"max-video-preview:-1"},"canonical":"https:\/\/ecampusontario.ca\/fr\/open-communities\/","og_locale":"fr_FR","og_type":"article","og_title":"Communaut\u00e9s Ouvertes","og_description":"Communaut\u00e9s Ouvertes eCampusOntario anime un certain nombre de communaut\u00e9s et&nbsp;\u00e9v\u00e9nements qui cherchent \u00e0 faire progresser les ressources et les pratiques \u00e9ducatives libres dans l\u2019enseignement sup\u00e9rieur, en Ontario. Communaut\u00e9s Associ\u00e9s de l\u2019\u00e9ducation libre Chaque ann\u00e9e, eCampusOntario invite six nouveaux d\u00e9fenseurs de l\u2019\u00e9ducation libre dans nos \u00e9tablissements membres \u00e0 participer au programme des associ\u00e9s de l\u2019\u00e9ducation libre [&hellip;]","og_url":"https:\/\/ecampusontario.ca\/fr\/open-communities\/","og_site_name":"eCampusOntario","article_publisher":"https:\/\/www.facebook.com\/ecampusontario\/","article_modified_time":"2021-09-22T13:49:11+00:00","og_image":[{"url":"https:\/\/ecampusontario.ca\/wp-content\/uploads\/2021\/07\/Banner-open-communities-1024x305.png","type":"","width":"","height":""}],"twitter_card":"summary_large_image","twitter_site":"@eCampusOntario","twitter_misc":{"Dur\u00e9e de lecture estim\u00e9e":"3 minutes"},"schema":{"@context":"https:\/\/schema.org","@graph":[{"@type":"WebPage","@id":"https:\/\/ecampusontario.ca\/fr\/open-communities\/","url":"https:\/\/ecampusontario.ca\/fr\/open-communities\/","name":"Communaut\u00e9s Ouvertes | eCampusOntario","isPartOf":{"@id":"https:\/\/ecampusontario.ca\/fr\/#website"},"primaryImageOfPage":{"@id":"https:\/\/ecampusontario.ca\/fr\/open-communities\/#primaryimage"},"image":{"@id":"https:\/\/ecampusontario.ca\/fr\/open-communities\/#primaryimage"},"thumbnailUrl":"https:\/\/ecampusontario.ca\/wp-content\/uploads\/2021\/07\/Banner-open-communities-1024x305.png","datePublished":"2018-12-10T15:41:09+00:00","dateModified":"2021-09-22T13:49:11+00:00","breadcrumb":{"@id":"https:\/\/ecampusontario.ca\/fr\/open-communities\/#breadcrumb"},"inLanguage":"fr-FR","potentialAction":[{"@type":"ReadAction","target":["https:\/\/ecampusontario.ca\/fr\/open-communities\/"]}]},{"@type":"ImageObject","inLanguage":"fr-FR","@id":"https:\/\/ecampusontario.ca\/fr\/open-communities\/#primaryimage","url":"https:\/\/ecampusontario.ca\/wp-content\/uploads\/2021\/07\/Banner-open-communities-1024x305.png","contentUrl":"https:\/\/ecampusontario.ca\/wp-content\/uploads\/2021\/07\/Banner-open-communities-1024x305.png"},{"@type":"BreadcrumbList","@id":"https:\/\/ecampusontario.ca\/fr\/open-communities\/#breadcrumb","itemListElement":[{"@type":"ListItem","position":1,"name":"Home","item":"https:\/\/ecampusontario.ca\/fr\/"},{"@type":"ListItem","position":2,"name":"Communaut\u00e9s Ouvertes"}]},{"@type":"WebSite","@id":"https:\/\/ecampusontario.ca\/fr\/#website","url":"https:\/\/ecampusontario.ca\/fr\/","name":"eCampusOntario","description":"The online hub for learners and educators across Ontario","publisher":{"@id":"https:\/\/ecampusontario.ca\/fr\/#organization"},"potentialAction":[{"@type":"SearchAction","target":{"@type":"EntryPoint","urlTemplate":"https:\/\/ecampusontario.ca\/fr\/?s={search_term_string}"},"query-input":{"@type":"PropertyValueSpecification","valueRequired":true,"valueName":"search_term_string"}}],"inLanguage":"fr-FR"},{"@type":"Organization","@id":"https:\/\/ecampusontario.ca\/fr\/#organization","name":"eCampusOntario","url":"https:\/\/ecampusontario.ca\/fr\/","logo":{"@type":"ImageObject","inLanguage":"fr-FR","@id":"https:\/\/ecampusontario.ca\/fr\/#\/schema\/logo\/image\/","url":"https:\/\/ecampusontario.ca\/wp-content\/uploads\/2018\/11\/ecampus-e-icon-1.png","contentUrl":"https:\/\/ecampusontario.ca\/wp-content\/uploads\/2018\/11\/ecampus-e-icon-1.png","width":720,"height":325,"caption":"eCampusOntario"},"image":{"@id":"https:\/\/ecampusontario.ca\/fr\/#\/schema\/logo\/image\/"},"sameAs":["https:\/\/www.facebook.com\/ecampusontario\/","https:\/\/x.com\/eCampusOntario"]}]}},"_links":{"self":[{"href":"https:\/\/ecampusontario.ca\/fr\/wp-json\/wp\/v2\/pages\/4803","targetHints":{"allow":["GET"]}}],"collection":[{"href":"https:\/\/ecampusontario.ca\/fr\/wp-json\/wp\/v2\/pages"}],"about":[{"href":"https:\/\/ecampusontario.ca\/fr\/wp-json\/wp\/v2\/types\/page"}],"author":[{"embeddable":true,"href":"https:\/\/ecampusontario.ca\/fr\/wp-json\/wp\/v2\/users\/16"}],"replies":[{"embeddable":true,"href":"https:\/\/ecampusontario.ca\/fr\/wp-json\/wp\/v2\/comments?post=4803"}],"version-history":[{"count":42,"href":"https:\/\/ecampusontario.ca\/fr\/wp-json\/wp\/v2\/pages\/4803\/revisions"}],"predecessor-version":[{"id":17561,"href":"https:\/\/ecampusontario.ca\/fr\/wp-json\/wp\/v2\/pages\/4803\/revisions\/17561"}],"wp:attachment":[{"href":"https:\/\/ecampusontario.ca\/fr\/wp-json\/wp\/v2\/media?parent=4803"}],"wp:term":[{"taxonomy":"category","embeddable":true,"href":"https:\/\/ecampusontario.ca\/fr\/wp-json\/wp\/v2\/categories?post=4803"},{"taxonomy":"post_tag","embeddable":true,"href":"https:\/\/ecampusontario.ca\/fr\/wp-json\/wp\/v2\/tags?post=4803"}],"curies":[{"name":"wp","href":"https:\/\/api.w.org\/{rel}","templated":true}]}}