
{"id":443,"date":"2017-08-12T21:06:55","date_gmt":"2017-08-12T21:06:55","guid":{"rendered":"https:\/\/web3-0.ecampusontario.ca\/corporate-documents\/"},"modified":"2024-10-01T15:28:42","modified_gmt":"2024-10-01T19:28:42","slug":"documents","status":"publish","type":"page","link":"https:\/\/ecampusontario.ca\/fr\/documents\/","title":{"rendered":"Documents"},"content":{"rendered":"\n<div class=\"container banner-container container-full-col p-0 m-0\">\n<div class=\"row banner-row p-0 m-0\">\n<div class=\"col-12 col-sm-5 banner-text pl-5\">\n<h2 class=\"page-main-heading\">Documents<\/h2>\n<\/div>\n\n\n\n<figure class=\"wp-block-image size-large is-style-default\"><img loading=\"lazy\" decoding=\"async\" width=\"1024\" height=\"305\" src=\"https:\/\/ecampusontario.ca\/wp-content\/uploads\/2021\/07\/Banner-Coporate-Documents_1-1024x305.png\" alt=\"Banner Coporate Documents\" class=\"wp-image-16726\" srcset=\"https:\/\/ecampusontario.ca\/wp-content\/uploads\/2021\/07\/Banner-Coporate-Documents_1-1024x305.png 1024w, https:\/\/ecampusontario.ca\/wp-content\/uploads\/2021\/07\/Banner-Coporate-Documents_1-300x90.png 300w, https:\/\/ecampusontario.ca\/wp-content\/uploads\/2021\/07\/Banner-Coporate-Documents_1-768x229.png 768w, https:\/\/ecampusontario.ca\/wp-content\/uploads\/2021\/07\/Banner-Coporate-Documents_1-1536x458.png 1536w, https:\/\/ecampusontario.ca\/wp-content\/uploads\/2021\/07\/Banner-Coporate-Documents_1.png 1924w\" sizes=\"auto, (max-width: 1024px) 100vw, 1024px\" \/><\/figure>\n\n\n\n<\/div><\/div>\n\n\n<div class=\"container container-full-col corp-documents-container\">\n<div class=\"row\">\n<div id=\"strategic-plan\" class=\"col-full col-full-md\">\n<div class=\"col-7\">\n<h2>Plan strat\u00e9gique 2024-2027 <\/h2>\n<p>Notre Plan strat\u00e9gique d\u00e9crit la voie \u00e0 suivre par eCampusOntario pour favoriser la\ncollaboration entre les apprenants, les \u00e9ducateurs et les employeurs de l\u2019Ontario et\nd\u2019ailleurs. Au cours des trois prochaines ann\u00e9es, nous continuerons \u00e0 concevoir de mani\u00e8re\nparticipative des cadres de travail, des programmes et des ressources num\u00e9riques, \u00e0\npromouvoir l\u2019acc\u00e8s \u00e0 l\u2019enseignement sup\u00e9rieur, \u00e0 soutenir les progr\u00e8s des apprenants et \u00e0\ncultiver l\u2019innovation collaborative pour renforcer la r\u00e9silience des \u00e9tablissements. <\/p>\n<p><span style=\"font-size: revert; color: initial;\">Mise \u00e0 jour du plan strat\u00e9gique: <\/span><a style=\"font-size: revert;\" href=\"https:\/\/ecampusontario.ca\/wp-content\/uploads\/2024\/10\/eCO-AGM-2024.09.18-Strategic-Plan-Update-FR-tagged.pdf\">2023-2024<\/a><\/p>\n<p><\/p>\n<\/div>\n<div class=\"col-5\">\n<div class=\"btn-icon-container text-center\">\n<div class=\"icon download-icon\">\n<figure><a href=\"https:\/\/ecampusontario.ca\/wp-content\/uploads\/2024\/10\/eCampusOntario_StratPlan2024-2027_FR-Tagged.pdf\"><img loading=\"lazy\" decoding=\"async\" class=\"alignnone\" src=\"\/wp-content\/uploads\/2021\/07\/icon-Corporate-Docs-.png\" alt=\"PDF Icon\" width=\"246\" height=\"150\"><\/a><\/figure>\n<\/div>\n<p><a class=\"btn btn-primary\" href=\"https:\/\/ecampusontario.ca\/wp-content\/uploads\/2024\/10\/eCampusOntario_StratPlan2024-2027_FR-Tagged.pdf\">2024-27 Plan strat\u00e9gique<\/a><\/p>\n<\/div>\n<\/div>\n<\/div>\n<\/div>\n<\/div>\n\n<div class=\"container container-full-col corp-documents-container\">\n<div class=\"row\">\n<div id=\"multi-year-accessiblity-plan\" class=\"col-full col-full-md\">\n<div class=\"col-7\">\n<h2>Plan d\u2019accessibilit\u00e9 pluriannuel <br>2023 &#8211; 2028<\/h2>\n<p>Le plan d\u2019accessibilit\u00e9 pluriannuel pr\u00e9sente les r\u00e9ussites et les actions effectu\u00e9es par le Consortium ontarien pour l\u2019apprentissage en ligne (COAEL) afin de pr\u00e9venir et d\u2019\u00e9liminer les obstacles \u00e0 l\u2019accessibilit\u00e9, ainsi que les strat\u00e9gies et les initiatives en cours pour assurer une totale conformit\u00e9 avec le R\u00e8glement de l\u2019Ontario 191\/11 Normes d\u2019accessibilit\u00e9 int\u00e9gr\u00e9es (RNAI) en vertu de la Loi sur l\u2019accessibilit\u00e9 pour les personnes handicap\u00e9es de l\u2019Ontario (LAPHO) de 2005. Ce plan couvre une p\u00e9riode de cinq ans (2023 2028) et est \u00e9valu\u00e9 et mis \u00e0 jour au moins une fois tous les cinq ans par le COAEL.<\/p>\n<\/div>\n<div class=\"col-5\">\n<div class=\"btn-icon-container text-center\">\n<div class=\"icon download-icon\">\n<figure><a href=\"https:\/\/ecampusontario.ca\/wp-content\/uploads\/2024\/01\/Plan-daccessibilite\u0301-pluriannuel-2023-\u2013-2028.pdf\"><img loading=\"lazy\" decoding=\"async\" class=\"alignnone\" src=\"\/wp-content\/uploads\/2021\/07\/icon-Corporate-Docs-.png\" alt=\"PDF Icon\" width=\"246\" height=\"150\"><\/a><\/figure>\n<\/div>\n<p><a class=\"btn btn-primary multiline-btn\" href=\"https:\/\/ecampusontario.ca\/wp-content\/uploads\/2024\/01\/Plan-daccessibilite\u0301-pluriannuel-2023-\u2013-2028.pdf\">2023-28 Plan d\u2019accessibilit\u00e9 <br>pluriannuel <\/a><\/p>\n<\/div>\n<\/div>\n<\/div>\n<\/div>\n<\/div>\n<div class=\"container container-full-col corp-documents-container\">\n<div class=\"row\">\n<div id=\"strategic-plan\" class=\"col-full col-full-md\">\n<div class=\"col-7\">\n<h2>Plan strat\u00e9gique<\/h2>\n<p>2021-2024: Notre Plan strat\u00e9gique offre un cadre orientant la mani\u00e8re dont nous \u00e9couterons et servirons nos 50 \u00e9tablissements membres et dont nous fournirons des plateformes, des programmes et des services en soutien \u00e0 notre croissance collective.<\/p>\n<p><span style=\"font-size: revert; color: initial;\">Mise \u00e0 jour du plan strat\u00e9gique: <\/span><a style=\"font-size: revert;\" href=\"https:\/\/ecampusontario.ca\/wp-content\/uploads\/2023\/10\/eCO-AGM-2023.09.19-Slides-Strategic-Plan-Uodate-FR-tagged.pdf\">2022-23<\/a> | <a style=\"font-size: revert;\" href=\"https:\/\/ecampusontario.ca\/wp-content\/uploads\/2022\/11\/eCO-AGM-2022.09.28-Strategic-Plan-Update_FR-CA-tagged.pdf\">2021-22<\/a><\/p>\n<p><\/p>\n<\/div>\n<div class=\"col-5\">\n<div class=\"btn-icon-container text-center\">\n<div class=\"icon download-icon\">\n<figure><a href=\"https:\/\/ecampusontario.ca\/wp-content\/uploads\/2021\/11\/eCO_StratPlan_2021-2024_fr-final-pages.pdf\"><img loading=\"lazy\" decoding=\"async\" class=\"alignnone\" src=\"\/wp-content\/uploads\/2021\/07\/icon-Corporate-Docs-.png\" alt=\"PDF Icon\" width=\"246\" height=\"150\"><\/a><\/figure>\n<\/div>\n<p><a class=\"btn btn-primary\" href=\"https:\/\/ecampusontario.ca\/wp-content\/uploads\/2021\/11\/eCO_StratPlan_2021-2024_fr-final-pages.pdf\">2021-24 Plan strat\u00e9gique<\/a><\/p>\n<\/div>\n<\/div>\n<\/div>\n<\/div>\n<\/div>\n<div class=\"container container-full-col corp-documents-container\">\n<div class=\"row\">\n<div id=\"rapport-annuel\" class=\"col-full col-full-md\">\n<div class=\"col-7\">\n<h2>Rapport Annuel<\/h2>\n<p class=\"p1\">Les rapports annuels d\u2019eCampusOntario donnent un aper\u00e7u complet des activit\u00e9s, des r\u00e9alisations et des donn\u00e9es financi\u00e8res annuelles de l\u2019organisation.<\/p>\n<p>Rapports annuels pr\u00e9c\u00e9dents: <a href=\"https:\/\/ecampusontario.ca\/wp-content\/uploads\/2024\/09\/eCO-AR-23-24-Final-FRE-tagged.pdf\">2023-24<\/a>&nbsp;|&nbsp; <a href=\"https:\/\/ecampusontario.ca\/wp-content\/uploads\/2023\/09\/eCO_22-23_AR-Final-Fre-Tagged.pdf\">2022-23<\/a>&nbsp;|&nbsp;<a href=\"https:\/\/ecampusontario.ca\/wp-content\/uploads\/2022\/11\/Ontario-Online-Learning-Consortium-Annual-Report-2021-22-French-Approved.pdf\">2021-22<\/a>&nbsp;| <a href=\"https:\/\/ecampusontario.ca\/wp-content\/uploads\/2021\/11\/eCO_AR_2020-2021-fr-final-pages.pdf\">2020-21<\/a> | <a href=\"\/wp-content\/uploads\/2020\/06\/eCO-AR-2019-20-web-fr-final-72.pdf\">2019-20<\/a> | <a href=\"\/wp-content\/uploads\/2019\/08\/2019-08-30-ar-2018-19-fr-web.pdf\">2018-19<\/a> | <a href=\"\/wp-content\/uploads\/2018\/09\/eCampusRapportAnnuel_2017_2018.pdf\">2017-18<\/a> | <a href=\"\/wp-content\/uploads\/2017\/08\/eCampusAnnualReport_2016_2017_Final.pdf\" target=\"_blank\" rel=\"noopener noreferrer\">2016-17<\/a><\/p>\n<p class=\"p1\">\u00c9tats financiers: <a href=\"https:\/\/ecampusontario.ca\/wp-content\/uploads\/2023\/10\/Ontario-Online-Learning-Consortium-2023-FS-FINAL_FR.pdf\">2022-23<\/a> | <a href=\"https:\/\/ecampusontario.ca\/wp-content\/uploads\/2022\/11\/Ontario-Online-Learning-Consortium-2022-FS-FINAL-fr_.pdf\">2021-22<\/a><\/p>\n<\/div>\n<div class=\"col-5\">\n<div class=\"btn-icon-container text-center\">\n<div class=\"icon download-icon\">\n<figure><a href=\"https:\/\/ecampusontario.ca\/wp-content\/uploads\/2021\/11\/eCO_AR_2020-2021-fr-final-pages.pdf\"><img loading=\"lazy\" decoding=\"async\" class=\"alignnone\" src=\"\/wp-content\/uploads\/2021\/07\/icon-Corporate-Docs-.png\" alt=\"Ic\u00f4ne PDF\" width=\"246\" height=\"150\"><\/a><\/figure>\n<\/div>\n<p><a class=\"btn btn-primary\" href=\"https:\/\/ecampusontario.ca\/wp-content\/uploads\/2024\/09\/eCO-AR-23-24-Final-FRE-tagged.pdf\">2023-24 Rapport annuel<\/a><\/p>\n<\/div>\n<\/div>\n<\/div>\n<\/div>\n<\/div>\n<div class=\"container container-full-col corp-documents-container\">\n<div class=\"row\">\n<div id=\"plan-strategique\" class=\"col-full col-full-md\">\n<div class=\"col-7\">\n<h2>Plan strat\u00e9gique<\/h2>\n<p>Le plan strat\u00e9gique illustre l\u2019orientation que prendra eCampusOntario jusqu\u2019\u00e0 la fin du mois de mars 2021. Le pr\u00e9sent document se veut un r\u00e9sum\u00e9 de ce plan.<\/p>\n<\/div>\n<div class=\"col-5\">\n<div class=\"btn-icon-container text-center\">\n<div class=\"icon download-icon\">\n<figure><a href=\"https:\/\/ecampusontario.ca\/wp-content\/uploads\/2018\/09\/eCO-Strategic-Plan-2018-FR-UPDATE.pdf\"><img loading=\"lazy\" decoding=\"async\" class=\"alignnone\" src=\"\/wp-content\/uploads\/2021\/07\/icon-Corporate-Docs-.png\" alt=\"Ic\u00f4ne PDF\" width=\"246\" height=\"150\"><\/a><\/figure>\n<\/div>\n<p><a class=\"btn btn-primary\" href=\"https:\/\/ecampusontario.ca\/wp-content\/uploads\/2018\/09\/eCO-Strategic-Plan-2018-FR-UPDATE.pdf\">2018-21 Plan strat\u00e9gique<\/a><\/p>\n<\/div>\n<\/div>\n<\/div>\n<\/div>\n<\/div>\n\n\n<div class=\"container container-full-col corp-documents-container\">\n<div class=\"row\">\n<div id=\"strategic-plan\" class=\"col-full col-full-md\">\n<div class=\"col-7\">\n<h2>Niveler vers le hautde l&rsquo;enseignement sup\u00e9rieur en Ontario<\/h2>\n<p>Les initiatives pr\u00e9vues pour l\u2019ann\u00e9e 2019-2020 visent \u00e0 soutenir les \u00e9tudiants et les \u00e9ducateurs, les 45 universit\u00e9s et coll\u00e8ges financ\u00e9s par l\u2019\u00c9tat et l\u2019ensemble de la population ontarienne.<\/p>\n<\/div>\n<div class=\"col-5\">\n<div class=\"btn-icon-container text-center\">\n<div class=\"icon download-icon\">\n<figure><a href=\"https:\/\/ecampusontario.ca\/fr\/niveler-vers-le-hautde-lenseignement-superieur-en-ontario\/\"><img loading=\"lazy\" decoding=\"async\" class=\"alignnone\" src=\"\/wp-content\/uploads\/2021\/07\/icon-Corporate-Docs-.png\" alt=\"PDF Icon\" width=\"246\" height=\"150\"><\/a><\/figure><\/div>\n<p><a class=\"btn btn-primary\" href=\"https:\/\/ecampusontario.ca\/fr\/niveler-vers-le-hautde-lenseignement-superieur-en-ontario\/\">Initiatives en cours 2019-20<\/a><\/p>\n<\/div>\n<\/div>\n<\/div>\n<\/div>\n<\/div>\n<style>\n.btn-icon-container .download-icon img{width: 5.75rem;\n    top: 0;}\n.multiline-btn{\n    line-height: 2rem;\n}\n<\/style>\n","protected":false},"excerpt":{"rendered":"<p>Documents Plan strat\u00e9gique 2024-2027 Notre Plan strat\u00e9gique d\u00e9crit la voie \u00e0 suivre par eCampusOntario pour favoriser la collaboration entre les apprenants, les \u00e9ducateurs et les employeurs de l\u2019Ontario et d\u2019ailleurs. Au cours des trois prochaines ann\u00e9es, nous continuerons \u00e0 concevoir de mani\u00e8re participative des cadres de travail, des programmes et des ressources num\u00e9riques, \u00e0 promouvoir [&hellip;]<\/p>\n","protected":false},"author":16,"featured_media":0,"parent":0,"menu_order":0,"comment_status":"closed","ping_status":"closed","template":"","meta":{"_acf_changed":false,"footnotes":""},"categories":[],"tags":[],"class_list":["post-443","page","type-page","status-publish","hentry"],"acf":[],"yoast_head":"<!-- This site is optimized with the Yoast SEO Premium plugin v27.4 (Yoast SEO v27.4) - https:\/\/yoast.com\/product\/yoast-seo-premium-wordpress\/ -->\n<title>Documents | eCampusOntario<\/title>\n<meta name=\"robots\" content=\"index, follow, max-snippet:-1, max-image-preview:large, max-video-preview:-1\" \/>\n<link rel=\"canonical\" href=\"https:\/\/ecampusontario.ca\/fr\/documents\/\" \/>\n<meta property=\"og:locale\" content=\"fr_FR\" \/>\n<meta property=\"og:type\" content=\"article\" \/>\n<meta property=\"og:title\" content=\"Documents\" \/>\n<meta property=\"og:description\" content=\"Documents Plan strat\u00e9gique 2024-2027 Notre Plan strat\u00e9gique d\u00e9crit la voie \u00e0 suivre par eCampusOntario pour favoriser la collaboration entre les apprenants, les \u00e9ducateurs et les employeurs de l\u2019Ontario et d\u2019ailleurs. Au cours des trois prochaines ann\u00e9es, nous continuerons \u00e0 concevoir de mani\u00e8re participative des cadres de travail, des programmes et des ressources num\u00e9riques, \u00e0 promouvoir [&hellip;]\" \/>\n<meta property=\"og:url\" content=\"https:\/\/ecampusontario.ca\/fr\/documents\/\" \/>\n<meta property=\"og:site_name\" content=\"eCampusOntario\" \/>\n<meta property=\"article:publisher\" content=\"https:\/\/www.facebook.com\/ecampusontario\/\" \/>\n<meta property=\"article:modified_time\" content=\"2024-10-01T19:28:42+00:00\" \/>\n<meta property=\"og:image\" content=\"https:\/\/ecampusontario.ca\/wp-content\/uploads\/2021\/07\/Banner-Coporate-Documents_1-1024x305.png\" \/>\n<meta name=\"twitter:card\" content=\"summary_large_image\" \/>\n<meta name=\"twitter:site\" content=\"@eCampusOntario\" \/>\n<meta name=\"twitter:label1\" content=\"Dur\u00e9e de lecture estim\u00e9e\" \/>\n\t<meta name=\"twitter:data1\" content=\"2 minutes\" \/>\n<script type=\"application\/ld+json\" class=\"yoast-schema-graph\">{\"@context\":\"https:\\\/\\\/schema.org\",\"@graph\":[{\"@type\":\"WebPage\",\"@id\":\"https:\\\/\\\/ecampusontario.ca\\\/fr\\\/documents\\\/\",\"url\":\"https:\\\/\\\/ecampusontario.ca\\\/fr\\\/documents\\\/\",\"name\":\"Documents | eCampusOntario\",\"isPartOf\":{\"@id\":\"https:\\\/\\\/ecampusontario.ca\\\/fr\\\/#website\"},\"primaryImageOfPage\":{\"@id\":\"https:\\\/\\\/ecampusontario.ca\\\/fr\\\/documents\\\/#primaryimage\"},\"image\":{\"@id\":\"https:\\\/\\\/ecampusontario.ca\\\/fr\\\/documents\\\/#primaryimage\"},\"thumbnailUrl\":\"https:\\\/\\\/ecampusontario.ca\\\/wp-content\\\/uploads\\\/2021\\\/07\\\/Banner-Coporate-Documents_1-1024x305.png\",\"datePublished\":\"2017-08-12T21:06:55+00:00\",\"dateModified\":\"2024-10-01T19:28:42+00:00\",\"breadcrumb\":{\"@id\":\"https:\\\/\\\/ecampusontario.ca\\\/fr\\\/documents\\\/#breadcrumb\"},\"inLanguage\":\"fr-FR\",\"potentialAction\":[{\"@type\":\"ReadAction\",\"target\":[\"https:\\\/\\\/ecampusontario.ca\\\/fr\\\/documents\\\/\"]}]},{\"@type\":\"ImageObject\",\"inLanguage\":\"fr-FR\",\"@id\":\"https:\\\/\\\/ecampusontario.ca\\\/fr\\\/documents\\\/#primaryimage\",\"url\":\"https:\\\/\\\/ecampusontario.ca\\\/wp-content\\\/uploads\\\/2021\\\/07\\\/Banner-Coporate-Documents_1-1024x305.png\",\"contentUrl\":\"https:\\\/\\\/ecampusontario.ca\\\/wp-content\\\/uploads\\\/2021\\\/07\\\/Banner-Coporate-Documents_1-1024x305.png\"},{\"@type\":\"BreadcrumbList\",\"@id\":\"https:\\\/\\\/ecampusontario.ca\\\/fr\\\/documents\\\/#breadcrumb\",\"itemListElement\":[{\"@type\":\"ListItem\",\"position\":1,\"name\":\"Home\",\"item\":\"https:\\\/\\\/ecampusontario.ca\\\/fr\\\/\"},{\"@type\":\"ListItem\",\"position\":2,\"name\":\"Documents\"}]},{\"@type\":\"WebSite\",\"@id\":\"https:\\\/\\\/ecampusontario.ca\\\/fr\\\/#website\",\"url\":\"https:\\\/\\\/ecampusontario.ca\\\/fr\\\/\",\"name\":\"eCampusOntario\",\"description\":\"The online hub for learners and educators across Ontario\",\"publisher\":{\"@id\":\"https:\\\/\\\/ecampusontario.ca\\\/fr\\\/#organization\"},\"potentialAction\":[{\"@type\":\"SearchAction\",\"target\":{\"@type\":\"EntryPoint\",\"urlTemplate\":\"https:\\\/\\\/ecampusontario.ca\\\/fr\\\/?s={search_term_string}\"},\"query-input\":{\"@type\":\"PropertyValueSpecification\",\"valueRequired\":true,\"valueName\":\"search_term_string\"}}],\"inLanguage\":\"fr-FR\"},{\"@type\":\"Organization\",\"@id\":\"https:\\\/\\\/ecampusontario.ca\\\/fr\\\/#organization\",\"name\":\"eCampusOntario\",\"url\":\"https:\\\/\\\/ecampusontario.ca\\\/fr\\\/\",\"logo\":{\"@type\":\"ImageObject\",\"inLanguage\":\"fr-FR\",\"@id\":\"https:\\\/\\\/ecampusontario.ca\\\/fr\\\/#\\\/schema\\\/logo\\\/image\\\/\",\"url\":\"https:\\\/\\\/ecampusontario.ca\\\/wp-content\\\/uploads\\\/2018\\\/11\\\/ecampus-e-icon-1.png\",\"contentUrl\":\"https:\\\/\\\/ecampusontario.ca\\\/wp-content\\\/uploads\\\/2018\\\/11\\\/ecampus-e-icon-1.png\",\"width\":720,\"height\":325,\"caption\":\"eCampusOntario\"},\"image\":{\"@id\":\"https:\\\/\\\/ecampusontario.ca\\\/fr\\\/#\\\/schema\\\/logo\\\/image\\\/\"},\"sameAs\":[\"https:\\\/\\\/www.facebook.com\\\/ecampusontario\\\/\",\"https:\\\/\\\/x.com\\\/eCampusOntario\"]}]}<\/script>\n<!-- \/ Yoast SEO Premium plugin. -->","yoast_head_json":{"title":"Documents | eCampusOntario","robots":{"index":"index","follow":"follow","max-snippet":"max-snippet:-1","max-image-preview":"max-image-preview:large","max-video-preview":"max-video-preview:-1"},"canonical":"https:\/\/ecampusontario.ca\/fr\/documents\/","og_locale":"fr_FR","og_type":"article","og_title":"Documents","og_description":"Documents Plan strat\u00e9gique 2024-2027 Notre Plan strat\u00e9gique d\u00e9crit la voie \u00e0 suivre par eCampusOntario pour favoriser la collaboration entre les apprenants, les \u00e9ducateurs et les employeurs de l\u2019Ontario et d\u2019ailleurs. Au cours des trois prochaines ann\u00e9es, nous continuerons \u00e0 concevoir de mani\u00e8re participative des cadres de travail, des programmes et des ressources num\u00e9riques, \u00e0 promouvoir [&hellip;]","og_url":"https:\/\/ecampusontario.ca\/fr\/documents\/","og_site_name":"eCampusOntario","article_publisher":"https:\/\/www.facebook.com\/ecampusontario\/","article_modified_time":"2024-10-01T19:28:42+00:00","og_image":[{"url":"https:\/\/ecampusontario.ca\/wp-content\/uploads\/2021\/07\/Banner-Coporate-Documents_1-1024x305.png","type":"","width":"","height":""}],"twitter_card":"summary_large_image","twitter_site":"@eCampusOntario","twitter_misc":{"Dur\u00e9e de lecture estim\u00e9e":"2 minutes"},"schema":{"@context":"https:\/\/schema.org","@graph":[{"@type":"WebPage","@id":"https:\/\/ecampusontario.ca\/fr\/documents\/","url":"https:\/\/ecampusontario.ca\/fr\/documents\/","name":"Documents | eCampusOntario","isPartOf":{"@id":"https:\/\/ecampusontario.ca\/fr\/#website"},"primaryImageOfPage":{"@id":"https:\/\/ecampusontario.ca\/fr\/documents\/#primaryimage"},"image":{"@id":"https:\/\/ecampusontario.ca\/fr\/documents\/#primaryimage"},"thumbnailUrl":"https:\/\/ecampusontario.ca\/wp-content\/uploads\/2021\/07\/Banner-Coporate-Documents_1-1024x305.png","datePublished":"2017-08-12T21:06:55+00:00","dateModified":"2024-10-01T19:28:42+00:00","breadcrumb":{"@id":"https:\/\/ecampusontario.ca\/fr\/documents\/#breadcrumb"},"inLanguage":"fr-FR","potentialAction":[{"@type":"ReadAction","target":["https:\/\/ecampusontario.ca\/fr\/documents\/"]}]},{"@type":"ImageObject","inLanguage":"fr-FR","@id":"https:\/\/ecampusontario.ca\/fr\/documents\/#primaryimage","url":"https:\/\/ecampusontario.ca\/wp-content\/uploads\/2021\/07\/Banner-Coporate-Documents_1-1024x305.png","contentUrl":"https:\/\/ecampusontario.ca\/wp-content\/uploads\/2021\/07\/Banner-Coporate-Documents_1-1024x305.png"},{"@type":"BreadcrumbList","@id":"https:\/\/ecampusontario.ca\/fr\/documents\/#breadcrumb","itemListElement":[{"@type":"ListItem","position":1,"name":"Home","item":"https:\/\/ecampusontario.ca\/fr\/"},{"@type":"ListItem","position":2,"name":"Documents"}]},{"@type":"WebSite","@id":"https:\/\/ecampusontario.ca\/fr\/#website","url":"https:\/\/ecampusontario.ca\/fr\/","name":"eCampusOntario","description":"The online hub for learners and educators across Ontario","publisher":{"@id":"https:\/\/ecampusontario.ca\/fr\/#organization"},"potentialAction":[{"@type":"SearchAction","target":{"@type":"EntryPoint","urlTemplate":"https:\/\/ecampusontario.ca\/fr\/?s={search_term_string}"},"query-input":{"@type":"PropertyValueSpecification","valueRequired":true,"valueName":"search_term_string"}}],"inLanguage":"fr-FR"},{"@type":"Organization","@id":"https:\/\/ecampusontario.ca\/fr\/#organization","name":"eCampusOntario","url":"https:\/\/ecampusontario.ca\/fr\/","logo":{"@type":"ImageObject","inLanguage":"fr-FR","@id":"https:\/\/ecampusontario.ca\/fr\/#\/schema\/logo\/image\/","url":"https:\/\/ecampusontario.ca\/wp-content\/uploads\/2018\/11\/ecampus-e-icon-1.png","contentUrl":"https:\/\/ecampusontario.ca\/wp-content\/uploads\/2018\/11\/ecampus-e-icon-1.png","width":720,"height":325,"caption":"eCampusOntario"},"image":{"@id":"https:\/\/ecampusontario.ca\/fr\/#\/schema\/logo\/image\/"},"sameAs":["https:\/\/www.facebook.com\/ecampusontario\/","https:\/\/x.com\/eCampusOntario"]}]}},"_links":{"self":[{"href":"https:\/\/ecampusontario.ca\/fr\/wp-json\/wp\/v2\/pages\/443","targetHints":{"allow":["GET"]}}],"collection":[{"href":"https:\/\/ecampusontario.ca\/fr\/wp-json\/wp\/v2\/pages"}],"about":[{"href":"https:\/\/ecampusontario.ca\/fr\/wp-json\/wp\/v2\/types\/page"}],"author":[{"embeddable":true,"href":"https:\/\/ecampusontario.ca\/fr\/wp-json\/wp\/v2\/users\/16"}],"replies":[{"embeddable":true,"href":"https:\/\/ecampusontario.ca\/fr\/wp-json\/wp\/v2\/comments?post=443"}],"version-history":[{"count":95,"href":"https:\/\/ecampusontario.ca\/fr\/wp-json\/wp\/v2\/pages\/443\/revisions"}],"predecessor-version":[{"id":34487,"href":"https:\/\/ecampusontario.ca\/fr\/wp-json\/wp\/v2\/pages\/443\/revisions\/34487"}],"wp:attachment":[{"href":"https:\/\/ecampusontario.ca\/fr\/wp-json\/wp\/v2\/media?parent=443"}],"wp:term":[{"taxonomy":"category","embeddable":true,"href":"https:\/\/ecampusontario.ca\/fr\/wp-json\/wp\/v2\/categories?post=443"},{"taxonomy":"post_tag","embeddable":true,"href":"https:\/\/ecampusontario.ca\/fr\/wp-json\/wp\/v2\/tags?post=443"}],"curies":[{"name":"wp","href":"https:\/\/api.w.org\/{rel}","templated":true}]}}