
{"id":43971,"date":"2026-04-09T16:04:10","date_gmt":"2026-04-09T20:04:10","guid":{"rendered":"https:\/\/ecampusontario.ca\/?page_id=43971"},"modified":"2026-04-09T16:05:06","modified_gmt":"2026-04-09T20:05:06","slug":"ressources-de-soutien-a-la-population-etudiante","status":"publish","type":"page","link":"https:\/\/ecampusontario.ca\/fr\/ressources-de-soutien-a-la-population-etudiante\/","title":{"rendered":"Ressources de soutien \u00e0 la population \u00e9tudiante"},"content":{"rendered":"\n<header class=\"wp-block-group has-light-tangerine-background-color has-background is-layout-constrained wp-block-group-is-layout-constrained\">\n<div class=\"wp-block-columns eco-gap-20 eco-padding-horizontal-4rem is-layout-flex wp-container-core-columns-is-layout-9d6595d7 wp-block-columns-is-layout-flex\">\n<div class=\"wp-block-column align-vertical-center is-layout-flow wp-block-column-is-layout-flow\">\n<p><\/p>\n\n\n\n<h1 class=\"wp-block-heading\" id=\"h-student-support-resources\">Ressources de soutien \u00e0 la population \u00e9tudiante<\/h1>\n\n\n\n<p><\/p>\n<\/div>\n\n\n\n<div class=\"wp-block-column d-flex  is-layout-flow wp-block-column-is-layout-flow\">\n<figure class=\"wp-block-image aligncenter size-medium d-flex align-vertical-center\"><img decoding=\"async\" src=\"https:\/\/rc-ecampus.ecampusontario.ca\/wp-content\/uploads\/2026\/03\/Student-Support-Hero-Image-300x209.png\" alt=\"\" class=\"wp-image-43775\"\/><\/figure>\n<\/div>\n<\/div>\n<\/header>\n\n\n\n<div class=\"wp-block-group eco-no-padding-horizontal eco-no-padding-vertical is-layout-constrained wp-block-group-is-layout-constrained\">\n<div class=\"wp-block-ecampusontario-eco-breadcrumbs\">\n\t<nav class=\"eco-breadcrumbs\" aria-label=\"Breadcrumbs\"><ol><li><a href=\"\/\">Accueil<\/a><\/li><li class=\"eco-breacrumb-current\">Ressources de soutien \u00e0 la population \u00e9tudiante<\/li><\/ol><\/nav><\/div>\n<\/div>\n\n\n                                                                                              \n  <div class=\"wp-block-columns eco-no-padding-horizontal max-width-1200 is-layout-flex wp-container-core-columns-is-layout-9d6595d7 wp-block-columns-is-layout-flex\">\n  <div class=\"wp-block-column eco-no-padding-horizontal is-layout-flow wp-block-column-is-layout-flow\">                                                                                                   \n  <script>                                                                         \n    window.WP_API_BASE = '\/wp-json';           \n    window.TRANSLATIONS_BASE = '\/wp-content\/themes\/ecampusontario\/student-resources\/assets\/';                                                                                          \n  <\/script>                                             \n  <app-root><\/app-root>                                                                                                                                                     \n  <\/div>                                                          \n  <\/div>                                                                                                                                                 \n  ","protected":false},"excerpt":{"rendered":"<p>Ressources de soutien \u00e0 la population \u00e9tudiante Accueil Ressources de soutien \u00e0 la population \u00e9tudiante<\/p>\n","protected":false},"author":41,"featured_media":0,"parent":0,"menu_order":0,"comment_status":"closed","ping_status":"closed","template":"","meta":{"_acf_changed":false,"footnotes":""},"categories":[],"tags":[],"class_list":["post-43971","page","type-page","status-publish","hentry"],"acf":[],"yoast_head":"<!-- This site is optimized with the Yoast SEO Premium plugin v26.0 (Yoast SEO v26.0) - https:\/\/yoast.com\/wordpress\/plugins\/seo\/ -->\n<title>Ressources de soutien \u00e0 la population \u00e9tudiante | eCampusOntario<\/title>\n<meta name=\"robots\" content=\"index, follow, max-snippet:-1, max-image-preview:large, max-video-preview:-1\" \/>\n<link rel=\"canonical\" href=\"https:\/\/ecampusontario.ca\/fr\/ressources-de-soutien-a-la-population-etudiante\/\" \/>\n<meta property=\"og:locale\" content=\"fr_FR\" \/>\n<meta property=\"og:type\" content=\"article\" \/>\n<meta property=\"og:title\" content=\"Ressources de soutien \u00e0 la population \u00e9tudiante\" \/>\n<meta property=\"og:description\" content=\"Ressources de soutien \u00e0 la population \u00e9tudiante Accueil Ressources de soutien \u00e0 la population \u00e9tudiante\" \/>\n<meta property=\"og:url\" content=\"https:\/\/ecampusontario.ca\/fr\/ressources-de-soutien-a-la-population-etudiante\/\" \/>\n<meta property=\"og:site_name\" content=\"eCampusOntario\" \/>\n<meta property=\"article:publisher\" content=\"https:\/\/www.facebook.com\/ecampusontario\/\" \/>\n<meta property=\"article:modified_time\" content=\"2026-04-09T20:05:06+00:00\" \/>\n<meta property=\"og:image\" content=\"https:\/\/ecampusontario.ca\/wp-content\/uploads\/2020\/01\/Screen-Shot-2020-01-30-at-10.01.53-AM.png\" \/>\n\t<meta property=\"og:image:width\" content=\"1597\" \/>\n\t<meta property=\"og:image:height\" content=\"583\" \/>\n\t<meta property=\"og:image:type\" content=\"image\/png\" \/>\n<meta name=\"twitter:card\" content=\"summary_large_image\" \/>\n<meta name=\"twitter:site\" content=\"@eCampusOntario\" \/>\n<meta name=\"twitter:label1\" content=\"Dur\u00e9e de lecture estim\u00e9e\" \/>\n\t<meta name=\"twitter:data1\" content=\"1 minute\" \/>\n<script type=\"application\/ld+json\" class=\"yoast-schema-graph\">{\"@context\":\"https:\/\/schema.org\",\"@graph\":[{\"@type\":\"WebPage\",\"@id\":\"https:\/\/ecampusontario.ca\/fr\/ressources-de-soutien-a-la-population-etudiante\/\",\"url\":\"https:\/\/ecampusontario.ca\/fr\/ressources-de-soutien-a-la-population-etudiante\/\",\"name\":\"Ressources de soutien \u00e0 la population \u00e9tudiante | eCampusOntario\",\"isPartOf\":{\"@id\":\"https:\/\/ecampusontario.ca\/fr\/#website\"},\"primaryImageOfPage\":{\"@id\":\"https:\/\/ecampusontario.ca\/fr\/ressources-de-soutien-a-la-population-etudiante\/#primaryimage\"},\"image\":{\"@id\":\"https:\/\/ecampusontario.ca\/fr\/ressources-de-soutien-a-la-population-etudiante\/#primaryimage\"},\"thumbnailUrl\":\"https:\/\/rc-ecampus.ecampusontario.ca\/wp-content\/uploads\/2026\/03\/Student-Support-Hero-Image-300x209.png\",\"datePublished\":\"2026-04-09T20:04:10+00:00\",\"dateModified\":\"2026-04-09T20:05:06+00:00\",\"breadcrumb\":{\"@id\":\"https:\/\/ecampusontario.ca\/fr\/ressources-de-soutien-a-la-population-etudiante\/#breadcrumb\"},\"inLanguage\":\"fr-FR\",\"potentialAction\":[{\"@type\":\"ReadAction\",\"target\":[\"https:\/\/ecampusontario.ca\/fr\/ressources-de-soutien-a-la-population-etudiante\/\"]}]},{\"@type\":\"ImageObject\",\"inLanguage\":\"fr-FR\",\"@id\":\"https:\/\/ecampusontario.ca\/fr\/ressources-de-soutien-a-la-population-etudiante\/#primaryimage\",\"url\":\"https:\/\/rc-ecampus.ecampusontario.ca\/wp-content\/uploads\/2026\/03\/Student-Support-Hero-Image-300x209.png\",\"contentUrl\":\"https:\/\/rc-ecampus.ecampusontario.ca\/wp-content\/uploads\/2026\/03\/Student-Support-Hero-Image-300x209.png\"},{\"@type\":\"BreadcrumbList\",\"@id\":\"https:\/\/ecampusontario.ca\/fr\/ressources-de-soutien-a-la-population-etudiante\/#breadcrumb\",\"itemListElement\":[{\"@type\":\"ListItem\",\"position\":1,\"name\":\"Home\",\"item\":\"https:\/\/ecampusontario.ca\/fr\/\"},{\"@type\":\"ListItem\",\"position\":2,\"name\":\"Ressources de soutien \u00e0 la population \u00e9tudiante\"}]},{\"@type\":\"WebSite\",\"@id\":\"https:\/\/ecampusontario.ca\/fr\/#website\",\"url\":\"https:\/\/ecampusontario.ca\/fr\/\",\"name\":\"eCampusOntario\",\"description\":\"The online hub for learners and educators across Ontario\",\"publisher\":{\"@id\":\"https:\/\/ecampusontario.ca\/fr\/#organization\"},\"potentialAction\":[{\"@type\":\"SearchAction\",\"target\":{\"@type\":\"EntryPoint\",\"urlTemplate\":\"https:\/\/ecampusontario.ca\/fr\/?s={search_term_string}\"},\"query-input\":{\"@type\":\"PropertyValueSpecification\",\"valueRequired\":true,\"valueName\":\"search_term_string\"}}],\"inLanguage\":\"fr-FR\"},{\"@type\":\"Organization\",\"@id\":\"https:\/\/ecampusontario.ca\/fr\/#organization\",\"name\":\"eCampusOntario\",\"url\":\"https:\/\/ecampusontario.ca\/fr\/\",\"logo\":{\"@type\":\"ImageObject\",\"inLanguage\":\"fr-FR\",\"@id\":\"https:\/\/ecampusontario.ca\/fr\/#\/schema\/logo\/image\/\",\"url\":\"https:\/\/ecampusontario.ca\/wp-content\/uploads\/2018\/11\/ecampus-e-icon-1.png\",\"contentUrl\":\"https:\/\/ecampusontario.ca\/wp-content\/uploads\/2018\/11\/ecampus-e-icon-1.png\",\"width\":720,\"height\":325,\"caption\":\"eCampusOntario\"},\"image\":{\"@id\":\"https:\/\/ecampusontario.ca\/fr\/#\/schema\/logo\/image\/\"},\"sameAs\":[\"https:\/\/www.facebook.com\/ecampusontario\/\",\"https:\/\/x.com\/eCampusOntario\"]}]}<\/script>\n<!-- \/ Yoast SEO Premium plugin. -->","yoast_head_json":{"title":"Ressources de soutien \u00e0 la population \u00e9tudiante | eCampusOntario","robots":{"index":"index","follow":"follow","max-snippet":"max-snippet:-1","max-image-preview":"max-image-preview:large","max-video-preview":"max-video-preview:-1"},"canonical":"https:\/\/ecampusontario.ca\/fr\/ressources-de-soutien-a-la-population-etudiante\/","og_locale":"fr_FR","og_type":"article","og_title":"Ressources de soutien \u00e0 la population \u00e9tudiante","og_description":"Ressources de soutien \u00e0 la population \u00e9tudiante Accueil Ressources de soutien \u00e0 la population \u00e9tudiante","og_url":"https:\/\/ecampusontario.ca\/fr\/ressources-de-soutien-a-la-population-etudiante\/","og_site_name":"eCampusOntario","article_publisher":"https:\/\/www.facebook.com\/ecampusontario\/","article_modified_time":"2026-04-09T20:05:06+00:00","og_image":[{"width":1597,"height":583,"url":"https:\/\/ecampusontario.ca\/wp-content\/uploads\/2020\/01\/Screen-Shot-2020-01-30-at-10.01.53-AM.png","type":"image\/png"}],"twitter_card":"summary_large_image","twitter_site":"@eCampusOntario","twitter_misc":{"Dur\u00e9e de lecture estim\u00e9e":"1 minute"},"schema":{"@context":"https:\/\/schema.org","@graph":[{"@type":"WebPage","@id":"https:\/\/ecampusontario.ca\/fr\/ressources-de-soutien-a-la-population-etudiante\/","url":"https:\/\/ecampusontario.ca\/fr\/ressources-de-soutien-a-la-population-etudiante\/","name":"Ressources de soutien \u00e0 la population \u00e9tudiante | eCampusOntario","isPartOf":{"@id":"https:\/\/ecampusontario.ca\/fr\/#website"},"primaryImageOfPage":{"@id":"https:\/\/ecampusontario.ca\/fr\/ressources-de-soutien-a-la-population-etudiante\/#primaryimage"},"image":{"@id":"https:\/\/ecampusontario.ca\/fr\/ressources-de-soutien-a-la-population-etudiante\/#primaryimage"},"thumbnailUrl":"https:\/\/rc-ecampus.ecampusontario.ca\/wp-content\/uploads\/2026\/03\/Student-Support-Hero-Image-300x209.png","datePublished":"2026-04-09T20:04:10+00:00","dateModified":"2026-04-09T20:05:06+00:00","breadcrumb":{"@id":"https:\/\/ecampusontario.ca\/fr\/ressources-de-soutien-a-la-population-etudiante\/#breadcrumb"},"inLanguage":"fr-FR","potentialAction":[{"@type":"ReadAction","target":["https:\/\/ecampusontario.ca\/fr\/ressources-de-soutien-a-la-population-etudiante\/"]}]},{"@type":"ImageObject","inLanguage":"fr-FR","@id":"https:\/\/ecampusontario.ca\/fr\/ressources-de-soutien-a-la-population-etudiante\/#primaryimage","url":"https:\/\/rc-ecampus.ecampusontario.ca\/wp-content\/uploads\/2026\/03\/Student-Support-Hero-Image-300x209.png","contentUrl":"https:\/\/rc-ecampus.ecampusontario.ca\/wp-content\/uploads\/2026\/03\/Student-Support-Hero-Image-300x209.png"},{"@type":"BreadcrumbList","@id":"https:\/\/ecampusontario.ca\/fr\/ressources-de-soutien-a-la-population-etudiante\/#breadcrumb","itemListElement":[{"@type":"ListItem","position":1,"name":"Home","item":"https:\/\/ecampusontario.ca\/fr\/"},{"@type":"ListItem","position":2,"name":"Ressources de soutien \u00e0 la population \u00e9tudiante"}]},{"@type":"WebSite","@id":"https:\/\/ecampusontario.ca\/fr\/#website","url":"https:\/\/ecampusontario.ca\/fr\/","name":"eCampusOntario","description":"The online hub for learners and educators across Ontario","publisher":{"@id":"https:\/\/ecampusontario.ca\/fr\/#organization"},"potentialAction":[{"@type":"SearchAction","target":{"@type":"EntryPoint","urlTemplate":"https:\/\/ecampusontario.ca\/fr\/?s={search_term_string}"},"query-input":{"@type":"PropertyValueSpecification","valueRequired":true,"valueName":"search_term_string"}}],"inLanguage":"fr-FR"},{"@type":"Organization","@id":"https:\/\/ecampusontario.ca\/fr\/#organization","name":"eCampusOntario","url":"https:\/\/ecampusontario.ca\/fr\/","logo":{"@type":"ImageObject","inLanguage":"fr-FR","@id":"https:\/\/ecampusontario.ca\/fr\/#\/schema\/logo\/image\/","url":"https:\/\/ecampusontario.ca\/wp-content\/uploads\/2018\/11\/ecampus-e-icon-1.png","contentUrl":"https:\/\/ecampusontario.ca\/wp-content\/uploads\/2018\/11\/ecampus-e-icon-1.png","width":720,"height":325,"caption":"eCampusOntario"},"image":{"@id":"https:\/\/ecampusontario.ca\/fr\/#\/schema\/logo\/image\/"},"sameAs":["https:\/\/www.facebook.com\/ecampusontario\/","https:\/\/x.com\/eCampusOntario"]}]}},"_links":{"self":[{"href":"https:\/\/ecampusontario.ca\/fr\/wp-json\/wp\/v2\/pages\/43971","targetHints":{"allow":["GET"]}}],"collection":[{"href":"https:\/\/ecampusontario.ca\/fr\/wp-json\/wp\/v2\/pages"}],"about":[{"href":"https:\/\/ecampusontario.ca\/fr\/wp-json\/wp\/v2\/types\/page"}],"author":[{"embeddable":true,"href":"https:\/\/ecampusontario.ca\/fr\/wp-json\/wp\/v2\/users\/41"}],"replies":[{"embeddable":true,"href":"https:\/\/ecampusontario.ca\/fr\/wp-json\/wp\/v2\/comments?post=43971"}],"version-history":[{"count":1,"href":"https:\/\/ecampusontario.ca\/fr\/wp-json\/wp\/v2\/pages\/43971\/revisions"}],"predecessor-version":[{"id":43972,"href":"https:\/\/ecampusontario.ca\/fr\/wp-json\/wp\/v2\/pages\/43971\/revisions\/43972"}],"wp:attachment":[{"href":"https:\/\/ecampusontario.ca\/fr\/wp-json\/wp\/v2\/media?parent=43971"}],"wp:term":[{"taxonomy":"category","embeddable":true,"href":"https:\/\/ecampusontario.ca\/fr\/wp-json\/wp\/v2\/categories?post=43971"},{"taxonomy":"post_tag","embeddable":true,"href":"https:\/\/ecampusontario.ca\/fr\/wp-json\/wp\/v2\/tags?post=43971"}],"curies":[{"name":"wp","href":"https:\/\/api.w.org\/{rel}","templated":true}]}}