
{"id":439,"date":"2017-08-12T21:08:22","date_gmt":"2017-08-12T21:08:22","guid":{"rendered":"https:\/\/web3-0.ecampusontario.ca\/experiential-learning\/"},"modified":"2021-07-11T14:04:39","modified_gmt":"2021-07-11T18:04:39","slug":"experiential-learning","status":"publish","type":"page","link":"https:\/\/ecampusontario.ca\/fr\/experiential-learning\/","title":{"rendered":"Apprentissage exp\u00e9rientiel"},"content":{"rendered":"\n<style>\n.row { opacity: 1 !important; transform: none !important; }<\/style>\n\n<div class=\"container banner-container container-full-col p-0 m-0\">\n<div class=\"row banner-row p-0 m-0\">\n<div class=\"col-12 col-sm-5 banner-text pl-5\">\n<h2 class=\"page-main-heading\">Apprentissage exp\u00e9rientiel<\/h2>\n<\/div>\n\n\n\n<figure class=\"wp-block-image size-large is-style-default\"><img loading=\"lazy\" decoding=\"async\" width=\"1024\" height=\"305\" src=\"https:\/\/ecampusontario.ca\/wp-content\/uploads\/2021\/07\/Banner-experiential-learning-1024x305.png\" alt=\"Woman teaching on a whiteboard \" class=\"wp-image-16792\" srcset=\"https:\/\/ecampusontario.ca\/wp-content\/uploads\/2021\/07\/Banner-experiential-learning-1024x305.png 1024w, https:\/\/ecampusontario.ca\/wp-content\/uploads\/2021\/07\/Banner-experiential-learning-300x90.png 300w, https:\/\/ecampusontario.ca\/wp-content\/uploads\/2021\/07\/Banner-experiential-learning-768x229.png 768w, https:\/\/ecampusontario.ca\/wp-content\/uploads\/2021\/07\/Banner-experiential-learning-1536x458.png 1536w, https:\/\/ecampusontario.ca\/wp-content\/uploads\/2021\/07\/Banner-experiential-learning.png 1924w\" sizes=\"auto, (max-width: 1024px) 100vw, 1024px\" \/><\/figure>\n\n\n\n<\/div><\/div>\n<div class=\"container container-md\">\n<div class=\"row\">\n<div class=\"col-12\">\n<p>L\u2019apprentissage exp\u00e9rientiel est une forme d\u2019\u00e9tudes reconnaissant la valeur formative de l\u2019exp\u00e9rience v\u00e9cue. Il s\u2019agit d\u2019une m\u00e9thode d\u2019apprentissage ancestrale qui redevient progressivement davantage reconnue dans les universit\u00e9s classiques, car elle initie les \u00e9tudiants aux situations de la vie r\u00e9elle auxquelles ils pourront \u00eatre confront\u00e9s dans le monde du travail. L\u2019apprentissage exp\u00e9rientiel joue \u00e9galement un r\u00f4le crucial dans la r\u00e9solution du casse-t\u00eate qu\u2019est le <i>besoin d\u2019exp\u00e9rience pour acqu\u00e9rir de l\u2019exp\u00e9rience<\/i>.<\/p>\n<\/div>\n<\/div>\n<\/div>\n\n\n\n\n\n<div class=\"container container-md\">\n<div class=\"row\">\n<div class=\"col-12 mt-5 mb-3\">\n<h2 class=\"gray-color\">Le march\u00e9 de travail actuel demande plus<\/h2>\n<p>Le march\u00e9 du travail actuel exige que la plupart des candidats aient une exp\u00e9rience de travail pr\u00e9alable, m\u00eame s\u2019ils viennent d\u2019achever leurs \u00e9tudes post-secondaires. L\u2019apprentissage exp\u00e9rientiel lutte contre ce probl\u00e8me en permettant aux \u00e9tudiants d\u2019acqu\u00e9rir des exp\u00e9riences r\u00e9elles, lesquelles vont leur permettre de trouver un emploi apr\u00e8s l\u2019obtention de leur dipl\u00f4me. Il offre de nouvelles perspectives et connaissances de vie, et contribue \u00e0 acc\u00e9l\u00e9rer le processus de recherche d\u2019emploi apr\u00e8s obtention du dipl\u00f4me.<\/p>\n<\/div>\n<\/div>\n<div class=\"row\">\n<div class=\"col-12\">\n<h4 class=\"gray-color\">Riipen: une plateforme pens\u00e9e pour l\u2019apprentissage exp\u00e9rientiel<\/h4>\n<p>Riipen est une plateforme technologique qui relie les \u00e9tudiants aux professionnels. eCampusOntario investit dans cet outil innovant afin de d\u00e9velopper les possibilit\u00e9s d\u2019apprentissage exp\u00e9rientiel dans les \u00e9tablissements partenaires de la province. Gr\u00e2ce \u00e0 cette ressource, les \u00e9tudiants de divers programmes ont la chance de travailler avec de grandes et petites entreprises, ce qui leur permet d\u2019obtenir des cr\u00e9dits de cours et d\u2019\u00e9toffer leur CV, tout en acqu\u00e9rant simultan\u00e9ment des connaissances uniques et en am\u00e9liorant leurs capacit\u00e9s de r\u00e9seautage.<\/p>\n<\/div>\n<\/div>\n<\/div>\n\n\n\n<div class=\"container mt-4\">\n<div class=\"row\">\n<div class=\"col-12 text-center\">\n<div class=\"btn-icon-container\">\n\n<p><a class=\"btn btn-primary\" href=\"contact\">Communiquez avec nous aujourd\u2019hui<\/a><\/p>\n<div class=\"bottom-txt\">Vous souhaitez en apprendre davantage au sujet de l\u2019apprentissage exp\u00e9rientiel et des avantages de Riipen? Communiquez avec eCampusOntario pour davantage de renseignements.<\/div>\n<\/div>\n<\/div>\n<\/div>\n<\/div>\n","protected":false},"excerpt":{"rendered":"<p>Apprentissage exp\u00e9rientiel L\u2019apprentissage exp\u00e9rientiel est une forme d\u2019\u00e9tudes reconnaissant la valeur formative de l\u2019exp\u00e9rience v\u00e9cue. Il s\u2019agit d\u2019une m\u00e9thode d\u2019apprentissage ancestrale qui redevient progressivement davantage reconnue dans les universit\u00e9s classiques, car elle initie les \u00e9tudiants aux situations de la vie r\u00e9elle auxquelles ils pourront \u00eatre confront\u00e9s dans le monde du travail. L\u2019apprentissage exp\u00e9rientiel joue \u00e9galement [&hellip;]<\/p>\n","protected":false},"author":16,"featured_media":0,"parent":0,"menu_order":0,"comment_status":"closed","ping_status":"closed","template":"","meta":{"_acf_changed":false,"footnotes":""},"categories":[],"tags":[],"class_list":["post-439","page","type-page","status-publish","hentry"],"acf":[],"yoast_head":"<!-- This site is optimized with the Yoast SEO Premium plugin v26.0 (Yoast SEO v26.0) - https:\/\/yoast.com\/wordpress\/plugins\/seo\/ -->\n<title>Apprentissage exp\u00e9rientiel | eCampusOntario<\/title>\n<meta name=\"robots\" content=\"index, follow, max-snippet:-1, max-image-preview:large, max-video-preview:-1\" \/>\n<link rel=\"canonical\" href=\"https:\/\/ecampusontario.ca\/fr\/experiential-learning\/\" \/>\n<meta property=\"og:locale\" content=\"fr_FR\" \/>\n<meta property=\"og:type\" content=\"article\" \/>\n<meta property=\"og:title\" content=\"Apprentissage exp\u00e9rientiel\" \/>\n<meta property=\"og:description\" content=\"Apprentissage exp\u00e9rientiel L\u2019apprentissage exp\u00e9rientiel est une forme d\u2019\u00e9tudes reconnaissant la valeur formative de l\u2019exp\u00e9rience v\u00e9cue. Il s\u2019agit d\u2019une m\u00e9thode d\u2019apprentissage ancestrale qui redevient progressivement davantage reconnue dans les universit\u00e9s classiques, car elle initie les \u00e9tudiants aux situations de la vie r\u00e9elle auxquelles ils pourront \u00eatre confront\u00e9s dans le monde du travail. L\u2019apprentissage exp\u00e9rientiel joue \u00e9galement [&hellip;]\" \/>\n<meta property=\"og:url\" content=\"https:\/\/ecampusontario.ca\/fr\/experiential-learning\/\" \/>\n<meta property=\"og:site_name\" content=\"eCampusOntario\" \/>\n<meta property=\"article:publisher\" content=\"https:\/\/www.facebook.com\/ecampusontario\/\" \/>\n<meta property=\"article:modified_time\" content=\"2021-07-11T18:04:39+00:00\" \/>\n<meta property=\"og:image\" content=\"https:\/\/ecampusontario.ca\/wp-content\/uploads\/2021\/07\/Banner-experiential-learning-1024x305.png\" \/>\n<meta name=\"twitter:card\" content=\"summary_large_image\" \/>\n<meta name=\"twitter:site\" content=\"@eCampusOntario\" \/>\n<meta name=\"twitter:label1\" content=\"Dur\u00e9e de lecture estim\u00e9e\" \/>\n\t<meta name=\"twitter:data1\" content=\"2 minutes\" \/>\n<script type=\"application\/ld+json\" class=\"yoast-schema-graph\">{\"@context\":\"https:\/\/schema.org\",\"@graph\":[{\"@type\":\"WebPage\",\"@id\":\"https:\/\/ecampusontario.ca\/fr\/experiential-learning\/\",\"url\":\"https:\/\/ecampusontario.ca\/fr\/experiential-learning\/\",\"name\":\"Apprentissage exp\u00e9rientiel | eCampusOntario\",\"isPartOf\":{\"@id\":\"https:\/\/ecampusontario.ca\/fr\/#website\"},\"primaryImageOfPage\":{\"@id\":\"https:\/\/ecampusontario.ca\/fr\/experiential-learning\/#primaryimage\"},\"image\":{\"@id\":\"https:\/\/ecampusontario.ca\/fr\/experiential-learning\/#primaryimage\"},\"thumbnailUrl\":\"https:\/\/ecampusontario.ca\/wp-content\/uploads\/2021\/07\/Banner-experiential-learning-1024x305.png\",\"datePublished\":\"2017-08-12T21:08:22+00:00\",\"dateModified\":\"2021-07-11T18:04:39+00:00\",\"breadcrumb\":{\"@id\":\"https:\/\/ecampusontario.ca\/fr\/experiential-learning\/#breadcrumb\"},\"inLanguage\":\"fr-FR\",\"potentialAction\":[{\"@type\":\"ReadAction\",\"target\":[\"https:\/\/ecampusontario.ca\/fr\/experiential-learning\/\"]}]},{\"@type\":\"ImageObject\",\"inLanguage\":\"fr-FR\",\"@id\":\"https:\/\/ecampusontario.ca\/fr\/experiential-learning\/#primaryimage\",\"url\":\"https:\/\/ecampusontario.ca\/wp-content\/uploads\/2021\/07\/Banner-experiential-learning-1024x305.png\",\"contentUrl\":\"https:\/\/ecampusontario.ca\/wp-content\/uploads\/2021\/07\/Banner-experiential-learning-1024x305.png\"},{\"@type\":\"BreadcrumbList\",\"@id\":\"https:\/\/ecampusontario.ca\/fr\/experiential-learning\/#breadcrumb\",\"itemListElement\":[{\"@type\":\"ListItem\",\"position\":1,\"name\":\"Home\",\"item\":\"https:\/\/ecampusontario.ca\/fr\/\"},{\"@type\":\"ListItem\",\"position\":2,\"name\":\"Apprentissage exp\u00e9rientiel\"}]},{\"@type\":\"WebSite\",\"@id\":\"https:\/\/ecampusontario.ca\/fr\/#website\",\"url\":\"https:\/\/ecampusontario.ca\/fr\/\",\"name\":\"eCampusOntario\",\"description\":\"The online hub for learners and educators across Ontario\",\"publisher\":{\"@id\":\"https:\/\/ecampusontario.ca\/fr\/#organization\"},\"potentialAction\":[{\"@type\":\"SearchAction\",\"target\":{\"@type\":\"EntryPoint\",\"urlTemplate\":\"https:\/\/ecampusontario.ca\/fr\/?s={search_term_string}\"},\"query-input\":{\"@type\":\"PropertyValueSpecification\",\"valueRequired\":true,\"valueName\":\"search_term_string\"}}],\"inLanguage\":\"fr-FR\"},{\"@type\":\"Organization\",\"@id\":\"https:\/\/ecampusontario.ca\/fr\/#organization\",\"name\":\"eCampusOntario\",\"url\":\"https:\/\/ecampusontario.ca\/fr\/\",\"logo\":{\"@type\":\"ImageObject\",\"inLanguage\":\"fr-FR\",\"@id\":\"https:\/\/ecampusontario.ca\/fr\/#\/schema\/logo\/image\/\",\"url\":\"https:\/\/ecampusontario.ca\/wp-content\/uploads\/2018\/11\/ecampus-e-icon-1.png\",\"contentUrl\":\"https:\/\/ecampusontario.ca\/wp-content\/uploads\/2018\/11\/ecampus-e-icon-1.png\",\"width\":720,\"height\":325,\"caption\":\"eCampusOntario\"},\"image\":{\"@id\":\"https:\/\/ecampusontario.ca\/fr\/#\/schema\/logo\/image\/\"},\"sameAs\":[\"https:\/\/www.facebook.com\/ecampusontario\/\",\"https:\/\/x.com\/eCampusOntario\"]}]}<\/script>\n<!-- \/ Yoast SEO Premium plugin. -->","yoast_head_json":{"title":"Apprentissage exp\u00e9rientiel | eCampusOntario","robots":{"index":"index","follow":"follow","max-snippet":"max-snippet:-1","max-image-preview":"max-image-preview:large","max-video-preview":"max-video-preview:-1"},"canonical":"https:\/\/ecampusontario.ca\/fr\/experiential-learning\/","og_locale":"fr_FR","og_type":"article","og_title":"Apprentissage exp\u00e9rientiel","og_description":"Apprentissage exp\u00e9rientiel L\u2019apprentissage exp\u00e9rientiel est une forme d\u2019\u00e9tudes reconnaissant la valeur formative de l\u2019exp\u00e9rience v\u00e9cue. Il s\u2019agit d\u2019une m\u00e9thode d\u2019apprentissage ancestrale qui redevient progressivement davantage reconnue dans les universit\u00e9s classiques, car elle initie les \u00e9tudiants aux situations de la vie r\u00e9elle auxquelles ils pourront \u00eatre confront\u00e9s dans le monde du travail. L\u2019apprentissage exp\u00e9rientiel joue \u00e9galement [&hellip;]","og_url":"https:\/\/ecampusontario.ca\/fr\/experiential-learning\/","og_site_name":"eCampusOntario","article_publisher":"https:\/\/www.facebook.com\/ecampusontario\/","article_modified_time":"2021-07-11T18:04:39+00:00","og_image":[{"url":"https:\/\/ecampusontario.ca\/wp-content\/uploads\/2021\/07\/Banner-experiential-learning-1024x305.png","type":"","width":"","height":""}],"twitter_card":"summary_large_image","twitter_site":"@eCampusOntario","twitter_misc":{"Dur\u00e9e de lecture estim\u00e9e":"2 minutes"},"schema":{"@context":"https:\/\/schema.org","@graph":[{"@type":"WebPage","@id":"https:\/\/ecampusontario.ca\/fr\/experiential-learning\/","url":"https:\/\/ecampusontario.ca\/fr\/experiential-learning\/","name":"Apprentissage exp\u00e9rientiel | eCampusOntario","isPartOf":{"@id":"https:\/\/ecampusontario.ca\/fr\/#website"},"primaryImageOfPage":{"@id":"https:\/\/ecampusontario.ca\/fr\/experiential-learning\/#primaryimage"},"image":{"@id":"https:\/\/ecampusontario.ca\/fr\/experiential-learning\/#primaryimage"},"thumbnailUrl":"https:\/\/ecampusontario.ca\/wp-content\/uploads\/2021\/07\/Banner-experiential-learning-1024x305.png","datePublished":"2017-08-12T21:08:22+00:00","dateModified":"2021-07-11T18:04:39+00:00","breadcrumb":{"@id":"https:\/\/ecampusontario.ca\/fr\/experiential-learning\/#breadcrumb"},"inLanguage":"fr-FR","potentialAction":[{"@type":"ReadAction","target":["https:\/\/ecampusontario.ca\/fr\/experiential-learning\/"]}]},{"@type":"ImageObject","inLanguage":"fr-FR","@id":"https:\/\/ecampusontario.ca\/fr\/experiential-learning\/#primaryimage","url":"https:\/\/ecampusontario.ca\/wp-content\/uploads\/2021\/07\/Banner-experiential-learning-1024x305.png","contentUrl":"https:\/\/ecampusontario.ca\/wp-content\/uploads\/2021\/07\/Banner-experiential-learning-1024x305.png"},{"@type":"BreadcrumbList","@id":"https:\/\/ecampusontario.ca\/fr\/experiential-learning\/#breadcrumb","itemListElement":[{"@type":"ListItem","position":1,"name":"Home","item":"https:\/\/ecampusontario.ca\/fr\/"},{"@type":"ListItem","position":2,"name":"Apprentissage exp\u00e9rientiel"}]},{"@type":"WebSite","@id":"https:\/\/ecampusontario.ca\/fr\/#website","url":"https:\/\/ecampusontario.ca\/fr\/","name":"eCampusOntario","description":"The online hub for learners and educators across Ontario","publisher":{"@id":"https:\/\/ecampusontario.ca\/fr\/#organization"},"potentialAction":[{"@type":"SearchAction","target":{"@type":"EntryPoint","urlTemplate":"https:\/\/ecampusontario.ca\/fr\/?s={search_term_string}"},"query-input":{"@type":"PropertyValueSpecification","valueRequired":true,"valueName":"search_term_string"}}],"inLanguage":"fr-FR"},{"@type":"Organization","@id":"https:\/\/ecampusontario.ca\/fr\/#organization","name":"eCampusOntario","url":"https:\/\/ecampusontario.ca\/fr\/","logo":{"@type":"ImageObject","inLanguage":"fr-FR","@id":"https:\/\/ecampusontario.ca\/fr\/#\/schema\/logo\/image\/","url":"https:\/\/ecampusontario.ca\/wp-content\/uploads\/2018\/11\/ecampus-e-icon-1.png","contentUrl":"https:\/\/ecampusontario.ca\/wp-content\/uploads\/2018\/11\/ecampus-e-icon-1.png","width":720,"height":325,"caption":"eCampusOntario"},"image":{"@id":"https:\/\/ecampusontario.ca\/fr\/#\/schema\/logo\/image\/"},"sameAs":["https:\/\/www.facebook.com\/ecampusontario\/","https:\/\/x.com\/eCampusOntario"]}]}},"_links":{"self":[{"href":"https:\/\/ecampusontario.ca\/fr\/wp-json\/wp\/v2\/pages\/439","targetHints":{"allow":["GET"]}}],"collection":[{"href":"https:\/\/ecampusontario.ca\/fr\/wp-json\/wp\/v2\/pages"}],"about":[{"href":"https:\/\/ecampusontario.ca\/fr\/wp-json\/wp\/v2\/types\/page"}],"author":[{"embeddable":true,"href":"https:\/\/ecampusontario.ca\/fr\/wp-json\/wp\/v2\/users\/16"}],"replies":[{"embeddable":true,"href":"https:\/\/ecampusontario.ca\/fr\/wp-json\/wp\/v2\/comments?post=439"}],"version-history":[{"count":12,"href":"https:\/\/ecampusontario.ca\/fr\/wp-json\/wp\/v2\/pages\/439\/revisions"}],"predecessor-version":[{"id":27569,"href":"https:\/\/ecampusontario.ca\/fr\/wp-json\/wp\/v2\/pages\/439\/revisions\/27569"}],"wp:attachment":[{"href":"https:\/\/ecampusontario.ca\/fr\/wp-json\/wp\/v2\/media?parent=439"}],"wp:term":[{"taxonomy":"category","embeddable":true,"href":"https:\/\/ecampusontario.ca\/fr\/wp-json\/wp\/v2\/categories?post=439"},{"taxonomy":"post_tag","embeddable":true,"href":"https:\/\/ecampusontario.ca\/fr\/wp-json\/wp\/v2\/tags?post=439"}],"curies":[{"name":"wp","href":"https:\/\/api.w.org\/{rel}","templated":true}]}}