
{"id":431,"date":"2017-08-12T21:10:18","date_gmt":"2017-08-12T21:10:18","guid":{"rendered":"https:\/\/web3-0.ecampusontario.ca\/virtual-reality-labs\/"},"modified":"2021-07-11T14:18:07","modified_gmt":"2021-07-11T18:18:07","slug":"virtual-reality-labs","status":"publish","type":"page","link":"https:\/\/ecampusontario.ca\/fr\/virtual-reality-labs\/","title":{"rendered":"Laboratoires de r\u00e9alit\u00e9 virtuelle"},"content":{"rendered":"\n<div class=\"container banner-container container-full-col p-0 m-0\">\n<div class=\"row banner-row p-0 m-0\">\n<div class=\"col-12 col-sm-5 banner-text pl-5\">\n<h2 class=\"page-main-heading\">Laboratoires de r\u00e9alit\u00e9 virtuelle<\/h2>\n<\/div>\n\n\n\n<figure class=\"wp-block-image size-large is-style-default\"><img loading=\"lazy\" decoding=\"async\" width=\"1024\" height=\"305\" src=\"https:\/\/ecampusontario.ca\/wp-content\/uploads\/2021\/07\/Banner-Virtual-Learning-Lab-1024x305.png\" alt=\"man using a virtual reality device \" class=\"wp-image-16809\" srcset=\"https:\/\/ecampusontario.ca\/wp-content\/uploads\/2021\/07\/Banner-Virtual-Learning-Lab-1024x305.png 1024w, https:\/\/ecampusontario.ca\/wp-content\/uploads\/2021\/07\/Banner-Virtual-Learning-Lab-300x90.png 300w, https:\/\/ecampusontario.ca\/wp-content\/uploads\/2021\/07\/Banner-Virtual-Learning-Lab-768x229.png 768w, https:\/\/ecampusontario.ca\/wp-content\/uploads\/2021\/07\/Banner-Virtual-Learning-Lab-1536x458.png 1536w, https:\/\/ecampusontario.ca\/wp-content\/uploads\/2021\/07\/Banner-Virtual-Learning-Lab.png 1924w\" sizes=\"auto, (max-width: 1024px) 100vw, 1024px\" \/><\/figure>\n\n\n\n<\/div><\/div>\n\n\n\n<div class=\"wp-block-image is-style-default\"><figure class=\"aligncenter size-large is-resized\"><img loading=\"lazy\" decoding=\"async\" src=\"https:\/\/ecampusontario.ca\/wp-content\/uploads\/2021\/07\/Icon-Virtual-learning-lab.png\" alt=\"virtual device icon image\" class=\"wp-image-16815\" width=\"295\" height=\"214\" srcset=\"https:\/\/ecampusontario.ca\/wp-content\/uploads\/2021\/07\/Icon-Virtual-learning-lab.png 589w, https:\/\/ecampusontario.ca\/wp-content\/uploads\/2021\/07\/Icon-Virtual-learning-lab-300x217.png 300w\" sizes=\"auto, (max-width: 295px) 100vw, 295px\" \/><\/figure><\/div>\n\n\n\n<div class=\"container container-md\">\n<div class=\"row\">\n<div class=\"col-12\">\n<h1 class=\"heading-main text-center text-left-mobile\">Laboratoires de r\u00e9alit\u00e9 virtuelle<\/h1>\n<p>L\u2019apprentissage en ligne et assist\u00e9 par la technologie devient rapidement une r\u00e9alit\u00e9 au sein des programmes de STIM en Ontario. Alors que cette tendance se d\u00e9veloppe, un besoin de programmes STIM en ligne \u00e9merge, correspondant \u00e0 la qualit\u00e9 d\u2019enseignement actuellement dispens\u00e9 aux \u00e9tudiants dans ces domaines. Actuellement, la plupart de ces programmes n\u00e9cessitent un apprentissage technologique pratique pouvant \u00eatre contr\u00f4l\u00e9 et supervis\u00e9 par des enseignants. Les cours en ligne doivent cependant pouvoir imiter ces apprentissage et style d\u2019enseignement m\u00e9ticuleux.<\/p>\n<\/div>\n<\/div>\n<\/div>\n\n\n\n<div class=\"container container-md\">\n<div class=\"row\">\n<div class=\"col-12 mt-5 mb-3\">&nbsp;<\/div>\n<\/div>\n<div class=\"row\">\n<div class=\"col-12\">\n<h4 class=\"gray-color\">Avantages des laboratoires de r\u00e9alit\u00e9 virtuelle<\/h4>\n<p>Les simulations de laboratoire de RV sont avantageuses pour les apprenants et les enseignants de nombreuses mani\u00e8res, diff\u00e9rentes et uniques \u00e0 la fois. Pour les \u00e9tudiants, la technologie am\u00e9liore le travail de laboratoire, la motivation et la libert\u00e9 personnelles. Les laboratoires permettent d\u2019acqu\u00e9rir des connaissances en dehors des salles de classe, dans le confort de leur bureau ou de leur domicile. Les enseignants profitent \u00e9galement des laboratoires, car la technologie permet aux \u00e9tudiants de travailler sur des \u00e9tudes de cas r\u00e9els. Les simulations peuvent apporter des cr\u00e9dits universitaires ou n\u2019\u00eatre utilis\u00e9es que dans un but de simulation.<\/p>\n<\/div>\n<\/div>\n<\/div>\n\n\n\n<div class=\"container container-md\">\n<div class=\"row\">\n<div class=\"col-12 text-center\">\n<p><a class=\"btn btn-primary\" href=\"contact\">Communiquez avec nous aujourd\u2019hui<\/a><\/p>\n<div class=\"bottom-txt\">Vous souhaitez \u00e9quiper une salle de classe ou un \u00e9tablissement de laboratoires de r\u00e9alit\u00e9 virtuelle? Communiquez avec eCampusOntario d\u00e8s aujourd\u2019hui.<\/div>\n<\/div>\n<\/div>\n<\/div>\n<\/div>\n","protected":false},"excerpt":{"rendered":"<p>Laboratoires de r\u00e9alit\u00e9 virtuelle Laboratoires de r\u00e9alit\u00e9 virtuelle L\u2019apprentissage en ligne et assist\u00e9 par la technologie devient rapidement une r\u00e9alit\u00e9 au sein des programmes de STIM en Ontario. Alors que cette tendance se d\u00e9veloppe, un besoin de programmes STIM en ligne \u00e9merge, correspondant \u00e0 la qualit\u00e9 d\u2019enseignement actuellement dispens\u00e9 aux \u00e9tudiants dans ces domaines. Actuellement, [&hellip;]<\/p>\n","protected":false},"author":16,"featured_media":0,"parent":0,"menu_order":0,"comment_status":"closed","ping_status":"closed","template":"","meta":{"_acf_changed":false,"footnotes":""},"categories":[],"tags":[],"class_list":["post-431","page","type-page","status-publish","hentry"],"acf":[],"yoast_head":"<!-- This site is optimized with the Yoast SEO Premium plugin v26.0 (Yoast SEO v26.0) - https:\/\/yoast.com\/wordpress\/plugins\/seo\/ -->\n<title>Laboratoires de r\u00e9alit\u00e9 virtuelle | eCampusOntario<\/title>\n<meta name=\"robots\" content=\"index, follow, max-snippet:-1, max-image-preview:large, max-video-preview:-1\" \/>\n<link rel=\"canonical\" href=\"https:\/\/ecampusontario.ca\/fr\/virtual-reality-labs\/\" \/>\n<meta property=\"og:locale\" content=\"fr_FR\" \/>\n<meta property=\"og:type\" content=\"article\" \/>\n<meta property=\"og:title\" content=\"Laboratoires de r\u00e9alit\u00e9 virtuelle\" \/>\n<meta property=\"og:description\" content=\"Laboratoires de r\u00e9alit\u00e9 virtuelle Laboratoires de r\u00e9alit\u00e9 virtuelle L\u2019apprentissage en ligne et assist\u00e9 par la technologie devient rapidement une r\u00e9alit\u00e9 au sein des programmes de STIM en Ontario. Alors que cette tendance se d\u00e9veloppe, un besoin de programmes STIM en ligne \u00e9merge, correspondant \u00e0 la qualit\u00e9 d\u2019enseignement actuellement dispens\u00e9 aux \u00e9tudiants dans ces domaines. Actuellement, [&hellip;]\" \/>\n<meta property=\"og:url\" content=\"https:\/\/ecampusontario.ca\/fr\/virtual-reality-labs\/\" \/>\n<meta property=\"og:site_name\" content=\"eCampusOntario\" \/>\n<meta property=\"article:publisher\" content=\"https:\/\/www.facebook.com\/ecampusontario\/\" \/>\n<meta property=\"article:modified_time\" content=\"2021-07-11T18:18:07+00:00\" \/>\n<meta property=\"og:image\" content=\"https:\/\/ecampusontario.ca\/wp-content\/uploads\/2021\/07\/Banner-Virtual-Learning-Lab-1024x305.png\" \/>\n<meta name=\"twitter:card\" content=\"summary_large_image\" \/>\n<meta name=\"twitter:site\" content=\"@eCampusOntario\" \/>\n<meta name=\"twitter:label1\" content=\"Dur\u00e9e de lecture estim\u00e9e\" \/>\n\t<meta name=\"twitter:data1\" content=\"1 minute\" \/>\n<script type=\"application\/ld+json\" class=\"yoast-schema-graph\">{\"@context\":\"https:\/\/schema.org\",\"@graph\":[{\"@type\":\"WebPage\",\"@id\":\"https:\/\/ecampusontario.ca\/fr\/virtual-reality-labs\/\",\"url\":\"https:\/\/ecampusontario.ca\/fr\/virtual-reality-labs\/\",\"name\":\"Laboratoires de r\u00e9alit\u00e9 virtuelle | eCampusOntario\",\"isPartOf\":{\"@id\":\"https:\/\/ecampusontario.ca\/fr\/#website\"},\"primaryImageOfPage\":{\"@id\":\"https:\/\/ecampusontario.ca\/fr\/virtual-reality-labs\/#primaryimage\"},\"image\":{\"@id\":\"https:\/\/ecampusontario.ca\/fr\/virtual-reality-labs\/#primaryimage\"},\"thumbnailUrl\":\"https:\/\/ecampusontario.ca\/wp-content\/uploads\/2021\/07\/Banner-Virtual-Learning-Lab-1024x305.png\",\"datePublished\":\"2017-08-12T21:10:18+00:00\",\"dateModified\":\"2021-07-11T18:18:07+00:00\",\"breadcrumb\":{\"@id\":\"https:\/\/ecampusontario.ca\/fr\/virtual-reality-labs\/#breadcrumb\"},\"inLanguage\":\"fr-FR\",\"potentialAction\":[{\"@type\":\"ReadAction\",\"target\":[\"https:\/\/ecampusontario.ca\/fr\/virtual-reality-labs\/\"]}]},{\"@type\":\"ImageObject\",\"inLanguage\":\"fr-FR\",\"@id\":\"https:\/\/ecampusontario.ca\/fr\/virtual-reality-labs\/#primaryimage\",\"url\":\"https:\/\/ecampusontario.ca\/wp-content\/uploads\/2021\/07\/Banner-Virtual-Learning-Lab-1024x305.png\",\"contentUrl\":\"https:\/\/ecampusontario.ca\/wp-content\/uploads\/2021\/07\/Banner-Virtual-Learning-Lab-1024x305.png\"},{\"@type\":\"BreadcrumbList\",\"@id\":\"https:\/\/ecampusontario.ca\/fr\/virtual-reality-labs\/#breadcrumb\",\"itemListElement\":[{\"@type\":\"ListItem\",\"position\":1,\"name\":\"Home\",\"item\":\"https:\/\/ecampusontario.ca\/fr\/\"},{\"@type\":\"ListItem\",\"position\":2,\"name\":\"Laboratoires de r\u00e9alit\u00e9 virtuelle\"}]},{\"@type\":\"WebSite\",\"@id\":\"https:\/\/ecampusontario.ca\/fr\/#website\",\"url\":\"https:\/\/ecampusontario.ca\/fr\/\",\"name\":\"eCampusOntario\",\"description\":\"The online hub for learners and educators across Ontario\",\"publisher\":{\"@id\":\"https:\/\/ecampusontario.ca\/fr\/#organization\"},\"potentialAction\":[{\"@type\":\"SearchAction\",\"target\":{\"@type\":\"EntryPoint\",\"urlTemplate\":\"https:\/\/ecampusontario.ca\/fr\/?s={search_term_string}\"},\"query-input\":{\"@type\":\"PropertyValueSpecification\",\"valueRequired\":true,\"valueName\":\"search_term_string\"}}],\"inLanguage\":\"fr-FR\"},{\"@type\":\"Organization\",\"@id\":\"https:\/\/ecampusontario.ca\/fr\/#organization\",\"name\":\"eCampusOntario\",\"url\":\"https:\/\/ecampusontario.ca\/fr\/\",\"logo\":{\"@type\":\"ImageObject\",\"inLanguage\":\"fr-FR\",\"@id\":\"https:\/\/ecampusontario.ca\/fr\/#\/schema\/logo\/image\/\",\"url\":\"https:\/\/ecampusontario.ca\/wp-content\/uploads\/2018\/11\/ecampus-e-icon-1.png\",\"contentUrl\":\"https:\/\/ecampusontario.ca\/wp-content\/uploads\/2018\/11\/ecampus-e-icon-1.png\",\"width\":720,\"height\":325,\"caption\":\"eCampusOntario\"},\"image\":{\"@id\":\"https:\/\/ecampusontario.ca\/fr\/#\/schema\/logo\/image\/\"},\"sameAs\":[\"https:\/\/www.facebook.com\/ecampusontario\/\",\"https:\/\/x.com\/eCampusOntario\"]}]}<\/script>\n<!-- \/ Yoast SEO Premium plugin. -->","yoast_head_json":{"title":"Laboratoires de r\u00e9alit\u00e9 virtuelle | eCampusOntario","robots":{"index":"index","follow":"follow","max-snippet":"max-snippet:-1","max-image-preview":"max-image-preview:large","max-video-preview":"max-video-preview:-1"},"canonical":"https:\/\/ecampusontario.ca\/fr\/virtual-reality-labs\/","og_locale":"fr_FR","og_type":"article","og_title":"Laboratoires de r\u00e9alit\u00e9 virtuelle","og_description":"Laboratoires de r\u00e9alit\u00e9 virtuelle Laboratoires de r\u00e9alit\u00e9 virtuelle L\u2019apprentissage en ligne et assist\u00e9 par la technologie devient rapidement une r\u00e9alit\u00e9 au sein des programmes de STIM en Ontario. Alors que cette tendance se d\u00e9veloppe, un besoin de programmes STIM en ligne \u00e9merge, correspondant \u00e0 la qualit\u00e9 d\u2019enseignement actuellement dispens\u00e9 aux \u00e9tudiants dans ces domaines. Actuellement, [&hellip;]","og_url":"https:\/\/ecampusontario.ca\/fr\/virtual-reality-labs\/","og_site_name":"eCampusOntario","article_publisher":"https:\/\/www.facebook.com\/ecampusontario\/","article_modified_time":"2021-07-11T18:18:07+00:00","og_image":[{"url":"https:\/\/ecampusontario.ca\/wp-content\/uploads\/2021\/07\/Banner-Virtual-Learning-Lab-1024x305.png","type":"","width":"","height":""}],"twitter_card":"summary_large_image","twitter_site":"@eCampusOntario","twitter_misc":{"Dur\u00e9e de lecture estim\u00e9e":"1 minute"},"schema":{"@context":"https:\/\/schema.org","@graph":[{"@type":"WebPage","@id":"https:\/\/ecampusontario.ca\/fr\/virtual-reality-labs\/","url":"https:\/\/ecampusontario.ca\/fr\/virtual-reality-labs\/","name":"Laboratoires de r\u00e9alit\u00e9 virtuelle | eCampusOntario","isPartOf":{"@id":"https:\/\/ecampusontario.ca\/fr\/#website"},"primaryImageOfPage":{"@id":"https:\/\/ecampusontario.ca\/fr\/virtual-reality-labs\/#primaryimage"},"image":{"@id":"https:\/\/ecampusontario.ca\/fr\/virtual-reality-labs\/#primaryimage"},"thumbnailUrl":"https:\/\/ecampusontario.ca\/wp-content\/uploads\/2021\/07\/Banner-Virtual-Learning-Lab-1024x305.png","datePublished":"2017-08-12T21:10:18+00:00","dateModified":"2021-07-11T18:18:07+00:00","breadcrumb":{"@id":"https:\/\/ecampusontario.ca\/fr\/virtual-reality-labs\/#breadcrumb"},"inLanguage":"fr-FR","potentialAction":[{"@type":"ReadAction","target":["https:\/\/ecampusontario.ca\/fr\/virtual-reality-labs\/"]}]},{"@type":"ImageObject","inLanguage":"fr-FR","@id":"https:\/\/ecampusontario.ca\/fr\/virtual-reality-labs\/#primaryimage","url":"https:\/\/ecampusontario.ca\/wp-content\/uploads\/2021\/07\/Banner-Virtual-Learning-Lab-1024x305.png","contentUrl":"https:\/\/ecampusontario.ca\/wp-content\/uploads\/2021\/07\/Banner-Virtual-Learning-Lab-1024x305.png"},{"@type":"BreadcrumbList","@id":"https:\/\/ecampusontario.ca\/fr\/virtual-reality-labs\/#breadcrumb","itemListElement":[{"@type":"ListItem","position":1,"name":"Home","item":"https:\/\/ecampusontario.ca\/fr\/"},{"@type":"ListItem","position":2,"name":"Laboratoires de r\u00e9alit\u00e9 virtuelle"}]},{"@type":"WebSite","@id":"https:\/\/ecampusontario.ca\/fr\/#website","url":"https:\/\/ecampusontario.ca\/fr\/","name":"eCampusOntario","description":"The online hub for learners and educators across Ontario","publisher":{"@id":"https:\/\/ecampusontario.ca\/fr\/#organization"},"potentialAction":[{"@type":"SearchAction","target":{"@type":"EntryPoint","urlTemplate":"https:\/\/ecampusontario.ca\/fr\/?s={search_term_string}"},"query-input":{"@type":"PropertyValueSpecification","valueRequired":true,"valueName":"search_term_string"}}],"inLanguage":"fr-FR"},{"@type":"Organization","@id":"https:\/\/ecampusontario.ca\/fr\/#organization","name":"eCampusOntario","url":"https:\/\/ecampusontario.ca\/fr\/","logo":{"@type":"ImageObject","inLanguage":"fr-FR","@id":"https:\/\/ecampusontario.ca\/fr\/#\/schema\/logo\/image\/","url":"https:\/\/ecampusontario.ca\/wp-content\/uploads\/2018\/11\/ecampus-e-icon-1.png","contentUrl":"https:\/\/ecampusontario.ca\/wp-content\/uploads\/2018\/11\/ecampus-e-icon-1.png","width":720,"height":325,"caption":"eCampusOntario"},"image":{"@id":"https:\/\/ecampusontario.ca\/fr\/#\/schema\/logo\/image\/"},"sameAs":["https:\/\/www.facebook.com\/ecampusontario\/","https:\/\/x.com\/eCampusOntario"]}]}},"_links":{"self":[{"href":"https:\/\/ecampusontario.ca\/fr\/wp-json\/wp\/v2\/pages\/431","targetHints":{"allow":["GET"]}}],"collection":[{"href":"https:\/\/ecampusontario.ca\/fr\/wp-json\/wp\/v2\/pages"}],"about":[{"href":"https:\/\/ecampusontario.ca\/fr\/wp-json\/wp\/v2\/types\/page"}],"author":[{"embeddable":true,"href":"https:\/\/ecampusontario.ca\/fr\/wp-json\/wp\/v2\/users\/16"}],"replies":[{"embeddable":true,"href":"https:\/\/ecampusontario.ca\/fr\/wp-json\/wp\/v2\/comments?post=431"}],"version-history":[{"count":9,"href":"https:\/\/ecampusontario.ca\/fr\/wp-json\/wp\/v2\/pages\/431\/revisions"}],"predecessor-version":[{"id":16820,"href":"https:\/\/ecampusontario.ca\/fr\/wp-json\/wp\/v2\/pages\/431\/revisions\/16820"}],"wp:attachment":[{"href":"https:\/\/ecampusontario.ca\/fr\/wp-json\/wp\/v2\/media?parent=431"}],"wp:term":[{"taxonomy":"category","embeddable":true,"href":"https:\/\/ecampusontario.ca\/fr\/wp-json\/wp\/v2\/categories?post=431"},{"taxonomy":"post_tag","embeddable":true,"href":"https:\/\/ecampusontario.ca\/fr\/wp-json\/wp\/v2\/tags?post=431"}],"curies":[{"name":"wp","href":"https:\/\/api.w.org\/{rel}","templated":true}]}}