
{"id":42853,"date":"2025-12-16T15:55:04","date_gmt":"2025-12-16T20:55:04","guid":{"rendered":"https:\/\/ecampusontario.ca\/?page_id=42853"},"modified":"2025-12-16T15:59:24","modified_gmt":"2025-12-16T20:59:24","slug":"genevieve-maheux-pelletier-phd","status":"publish","type":"page","link":"https:\/\/ecampusontario.ca\/fr\/genevieve-maheux-pelletier-phd\/","title":{"rendered":"Genevi\u00e8ve Maheux-Pelletier, PhD"},"content":{"rendered":"\n<figure class=\"wp-block-image aligncenter size-large\"><img decoding=\"async\" src=\"https:\/\/ecampusontario.ca\/wp-content\/uploads\/2025\/09\/2025-FOF-Banner-FR-1024x324.png\" alt=\"\" class=\"wp-image-39310\"\/><\/figure>\n\n\n\n<h1 class=\"wp-block-heading has-text-align-center mb-5\" id=\"h-genevieve-maheux-pelletier-phd\">Genevi\u00e8ve Maheux-Pelletier, PhD<\/h1>\n\n\n\n<div class=\"wp-block-columns eco-padding-vertical is-layout-flex wp-container-core-columns-is-layout-9d6595d7 wp-block-columns-is-layout-flex\">\n<div class=\"wp-block-column is-layout-flow wp-block-column-is-layout-flow\" style=\"flex-basis:33.33%\">\n<figure class=\"wp-block-image aligncenter size-full is-resized\"><img decoding=\"async\" src=\"https:\/\/ecampusontario.ca\/wp-content\/uploads\/2025\/09\/Genevieve-Maheux-Pelletier-PhD.png\" alt=\"\" class=\"wp-image-39331\" style=\"width:200px\"\/><\/figure>\n\n\n\n<p class=\"has-text-align-center\"><strong>Genevi\u00e8ve Maheux-Pelletier, PhD<\/strong><\/p>\n\n\n\n<p class=\"has-text-align-center\">Vice-rectrice adjointe \u00e0 l&rsquo;enseignement \u00e0 l&rsquo;UOf<\/p>\n<\/div>\n\n\n\n<div class=\"wp-block-column is-layout-flow wp-block-column-is-layout-flow\" style=\"flex-basis:66.66%\">\n<p>Genevi\u00e8ve Maheux-Pelletier, PhD, est vice-rectrice adjointe \u00e0 l\u2019enseignement \u00e0 l\u2019Universit\u00e9 de l\u2019Ontario fran\u00e7ais. Forte de plus de vingt ans d\u2019exp\u00e9rience en enseignement sup\u00e9rieur, elle s\u2019engage activement dans la promotion de l\u2019\u00e9ducation en fran\u00e7ais en contexte minoritaire. Son expertise couvre la planification de programmes d\u2019\u00e9tudes, l\u2019accompagnement p\u00e9dagogique du corps professoral et l\u2019int\u00e9gration d\u2019approches num\u00e9riques et exp\u00e9rientielles pour favoriser l\u2019accessibilit\u00e9 et la pertinence des formations en milieu \u00e9ducatif post-secondaire. Originaire du Saguenay\u2013Lac-Saint-Jean, elle a exerc\u00e9 dans des \u00e9tablissements universitaires aux \u00c9tats-Unis, en France et au Canada. Elle a notamment enseign\u00e9 la didactique du fran\u00e7ais langue seconde (FLS) \u00e0 l\u2019Universit\u00e9 de Toronto et dirig\u00e9 un programme de FLS \u00e0 l\u2019Universit\u00e9 de l\u2019Alberta. Ses travaux ont \u00e9t\u00e9 publi\u00e9s dans des ouvrages collectifs et des revues telles que&nbsp;<em>Teaching in Higher Education<\/em>&nbsp;et la&nbsp;<em>Revue canadienne sur l\u2019avancement des connaissances en enseignement et en apprentissage<\/em>.<\/p>\n\n\n\n<div class=\"wp-block-buttons is-layout-flex wp-block-buttons-is-layout-flex\">\n<div class=\"wp-block-button\"><a class=\"wp-block-button__link has-text-color has-background has-link-color wp-element-button\" href=\"\/fr\/fof3\" style=\"color:#f1b434;background-color:#1e1a34\">Retourner \u00e0 forum-franco-ontarien<\/a><\/div>\n<\/div>\n<\/div>\n<\/div>\n","protected":false},"excerpt":{"rendered":"<p>Genevi\u00e8ve Maheux-Pelletier, PhD Genevi\u00e8ve Maheux-Pelletier, PhD Vice-rectrice adjointe \u00e0 l&rsquo;enseignement \u00e0 l&rsquo;UOf Genevi\u00e8ve Maheux-Pelletier, PhD, est vice-rectrice adjointe \u00e0 l\u2019enseignement \u00e0 l\u2019Universit\u00e9 de l\u2019Ontario fran\u00e7ais. Forte de plus de vingt ans d\u2019exp\u00e9rience en enseignement sup\u00e9rieur, elle s\u2019engage activement dans la promotion de l\u2019\u00e9ducation en fran\u00e7ais en contexte minoritaire. Son expertise couvre la planification de programmes [&hellip;]<\/p>\n","protected":false},"author":18,"featured_media":0,"parent":0,"menu_order":0,"comment_status":"closed","ping_status":"closed","template":"","meta":{"_acf_changed":false,"footnotes":""},"categories":[],"tags":[],"class_list":["post-42853","page","type-page","status-publish","hentry"],"acf":[],"yoast_head":"<!-- This site is optimized with the Yoast SEO Premium plugin v26.0 (Yoast SEO v26.0) - https:\/\/yoast.com\/wordpress\/plugins\/seo\/ -->\n<title>Genevi\u00e8ve Maheux-Pelletier, PhD | eCampusOntario<\/title>\n<meta name=\"robots\" content=\"index, follow, max-snippet:-1, max-image-preview:large, max-video-preview:-1\" \/>\n<link rel=\"canonical\" href=\"https:\/\/ecampusontario.ca\/fr\/genevieve-maheux-pelletier-phd\/\" \/>\n<meta property=\"og:locale\" content=\"fr_FR\" \/>\n<meta property=\"og:type\" content=\"article\" \/>\n<meta property=\"og:title\" content=\"Genevi\u00e8ve Maheux-Pelletier, PhD\" \/>\n<meta property=\"og:description\" content=\"Genevi\u00e8ve Maheux-Pelletier, PhD Genevi\u00e8ve Maheux-Pelletier, PhD Vice-rectrice adjointe \u00e0 l&rsquo;enseignement \u00e0 l&rsquo;UOf Genevi\u00e8ve Maheux-Pelletier, PhD, est vice-rectrice adjointe \u00e0 l\u2019enseignement \u00e0 l\u2019Universit\u00e9 de l\u2019Ontario fran\u00e7ais. Forte de plus de vingt ans d\u2019exp\u00e9rience en enseignement sup\u00e9rieur, elle s\u2019engage activement dans la promotion de l\u2019\u00e9ducation en fran\u00e7ais en contexte minoritaire. Son expertise couvre la planification de programmes [&hellip;]\" \/>\n<meta property=\"og:url\" content=\"https:\/\/ecampusontario.ca\/fr\/genevieve-maheux-pelletier-phd\/\" \/>\n<meta property=\"og:site_name\" content=\"eCampusOntario\" \/>\n<meta property=\"article:publisher\" content=\"https:\/\/www.facebook.com\/ecampusontario\/\" \/>\n<meta property=\"article:modified_time\" content=\"2025-12-16T20:59:24+00:00\" \/>\n<meta property=\"og:image\" content=\"https:\/\/ecampusontario.ca\/wp-content\/uploads\/2025\/11\/Professional-Learning-icon\u2028.png\" \/>\n\t<meta property=\"og:image:width\" content=\"46\" \/>\n\t<meta property=\"og:image:height\" content=\"39\" \/>\n\t<meta property=\"og:image:type\" content=\"image\/png\" \/>\n<meta name=\"twitter:card\" content=\"summary_large_image\" \/>\n<meta name=\"twitter:site\" content=\"@eCampusOntario\" \/>\n<meta name=\"twitter:label1\" content=\"Dur\u00e9e de lecture estim\u00e9e\" \/>\n\t<meta name=\"twitter:data1\" content=\"2 minutes\" \/>\n<script type=\"application\/ld+json\" class=\"yoast-schema-graph\">{\"@context\":\"https:\/\/schema.org\",\"@graph\":[{\"@type\":\"WebPage\",\"@id\":\"https:\/\/ecampusontario.ca\/fr\/genevieve-maheux-pelletier-phd\/\",\"url\":\"https:\/\/ecampusontario.ca\/fr\/genevieve-maheux-pelletier-phd\/\",\"name\":\"Genevi\u00e8ve Maheux-Pelletier, PhD | eCampusOntario\",\"isPartOf\":{\"@id\":\"https:\/\/ecampusontario.ca\/fr\/#website\"},\"primaryImageOfPage\":{\"@id\":\"https:\/\/ecampusontario.ca\/fr\/genevieve-maheux-pelletier-phd\/#primaryimage\"},\"image\":{\"@id\":\"https:\/\/ecampusontario.ca\/fr\/genevieve-maheux-pelletier-phd\/#primaryimage\"},\"thumbnailUrl\":\"https:\/\/ecampusontario.ca\/wp-content\/uploads\/2025\/09\/2025-FOF-Banner-FR-1024x324.png\",\"datePublished\":\"2025-12-16T20:55:04+00:00\",\"dateModified\":\"2025-12-16T20:59:24+00:00\",\"breadcrumb\":{\"@id\":\"https:\/\/ecampusontario.ca\/fr\/genevieve-maheux-pelletier-phd\/#breadcrumb\"},\"inLanguage\":\"fr-FR\",\"potentialAction\":[{\"@type\":\"ReadAction\",\"target\":[\"https:\/\/ecampusontario.ca\/fr\/genevieve-maheux-pelletier-phd\/\"]}]},{\"@type\":\"ImageObject\",\"inLanguage\":\"fr-FR\",\"@id\":\"https:\/\/ecampusontario.ca\/fr\/genevieve-maheux-pelletier-phd\/#primaryimage\",\"url\":\"https:\/\/ecampusontario.ca\/wp-content\/uploads\/2025\/09\/2025-FOF-Banner-FR-1024x324.png\",\"contentUrl\":\"https:\/\/ecampusontario.ca\/wp-content\/uploads\/2025\/09\/2025-FOF-Banner-FR-1024x324.png\"},{\"@type\":\"BreadcrumbList\",\"@id\":\"https:\/\/ecampusontario.ca\/fr\/genevieve-maheux-pelletier-phd\/#breadcrumb\",\"itemListElement\":[{\"@type\":\"ListItem\",\"position\":1,\"name\":\"Home\",\"item\":\"https:\/\/ecampusontario.ca\/fr\/\"},{\"@type\":\"ListItem\",\"position\":2,\"name\":\"Genevi\u00e8ve Maheux-Pelletier, PhD\"}]},{\"@type\":\"WebSite\",\"@id\":\"https:\/\/ecampusontario.ca\/fr\/#website\",\"url\":\"https:\/\/ecampusontario.ca\/fr\/\",\"name\":\"eCampusOntario\",\"description\":\"The online hub for learners and educators across Ontario\",\"publisher\":{\"@id\":\"https:\/\/ecampusontario.ca\/fr\/#organization\"},\"potentialAction\":[{\"@type\":\"SearchAction\",\"target\":{\"@type\":\"EntryPoint\",\"urlTemplate\":\"https:\/\/ecampusontario.ca\/fr\/?s={search_term_string}\"},\"query-input\":{\"@type\":\"PropertyValueSpecification\",\"valueRequired\":true,\"valueName\":\"search_term_string\"}}],\"inLanguage\":\"fr-FR\"},{\"@type\":\"Organization\",\"@id\":\"https:\/\/ecampusontario.ca\/fr\/#organization\",\"name\":\"eCampusOntario\",\"url\":\"https:\/\/ecampusontario.ca\/fr\/\",\"logo\":{\"@type\":\"ImageObject\",\"inLanguage\":\"fr-FR\",\"@id\":\"https:\/\/ecampusontario.ca\/fr\/#\/schema\/logo\/image\/\",\"url\":\"https:\/\/ecampusontario.ca\/wp-content\/uploads\/2018\/11\/ecampus-e-icon-1.png\",\"contentUrl\":\"https:\/\/ecampusontario.ca\/wp-content\/uploads\/2018\/11\/ecampus-e-icon-1.png\",\"width\":720,\"height\":325,\"caption\":\"eCampusOntario\"},\"image\":{\"@id\":\"https:\/\/ecampusontario.ca\/fr\/#\/schema\/logo\/image\/\"},\"sameAs\":[\"https:\/\/www.facebook.com\/ecampusontario\/\",\"https:\/\/x.com\/eCampusOntario\"]}]}<\/script>\n<!-- \/ Yoast SEO Premium plugin. -->","yoast_head_json":{"title":"Genevi\u00e8ve Maheux-Pelletier, PhD | eCampusOntario","robots":{"index":"index","follow":"follow","max-snippet":"max-snippet:-1","max-image-preview":"max-image-preview:large","max-video-preview":"max-video-preview:-1"},"canonical":"https:\/\/ecampusontario.ca\/fr\/genevieve-maheux-pelletier-phd\/","og_locale":"fr_FR","og_type":"article","og_title":"Genevi\u00e8ve Maheux-Pelletier, PhD","og_description":"Genevi\u00e8ve Maheux-Pelletier, PhD Genevi\u00e8ve Maheux-Pelletier, PhD Vice-rectrice adjointe \u00e0 l&rsquo;enseignement \u00e0 l&rsquo;UOf Genevi\u00e8ve Maheux-Pelletier, PhD, est vice-rectrice adjointe \u00e0 l\u2019enseignement \u00e0 l\u2019Universit\u00e9 de l\u2019Ontario fran\u00e7ais. Forte de plus de vingt ans d\u2019exp\u00e9rience en enseignement sup\u00e9rieur, elle s\u2019engage activement dans la promotion de l\u2019\u00e9ducation en fran\u00e7ais en contexte minoritaire. Son expertise couvre la planification de programmes [&hellip;]","og_url":"https:\/\/ecampusontario.ca\/fr\/genevieve-maheux-pelletier-phd\/","og_site_name":"eCampusOntario","article_publisher":"https:\/\/www.facebook.com\/ecampusontario\/","article_modified_time":"2025-12-16T20:59:24+00:00","og_image":[{"width":46,"height":39,"url":"https:\/\/ecampusontario.ca\/wp-content\/uploads\/2025\/11\/Professional-Learning-icon\u2028.png","type":"image\/png"}],"twitter_card":"summary_large_image","twitter_site":"@eCampusOntario","twitter_misc":{"Dur\u00e9e de lecture estim\u00e9e":"2 minutes"},"schema":{"@context":"https:\/\/schema.org","@graph":[{"@type":"WebPage","@id":"https:\/\/ecampusontario.ca\/fr\/genevieve-maheux-pelletier-phd\/","url":"https:\/\/ecampusontario.ca\/fr\/genevieve-maheux-pelletier-phd\/","name":"Genevi\u00e8ve Maheux-Pelletier, PhD | eCampusOntario","isPartOf":{"@id":"https:\/\/ecampusontario.ca\/fr\/#website"},"primaryImageOfPage":{"@id":"https:\/\/ecampusontario.ca\/fr\/genevieve-maheux-pelletier-phd\/#primaryimage"},"image":{"@id":"https:\/\/ecampusontario.ca\/fr\/genevieve-maheux-pelletier-phd\/#primaryimage"},"thumbnailUrl":"https:\/\/ecampusontario.ca\/wp-content\/uploads\/2025\/09\/2025-FOF-Banner-FR-1024x324.png","datePublished":"2025-12-16T20:55:04+00:00","dateModified":"2025-12-16T20:59:24+00:00","breadcrumb":{"@id":"https:\/\/ecampusontario.ca\/fr\/genevieve-maheux-pelletier-phd\/#breadcrumb"},"inLanguage":"fr-FR","potentialAction":[{"@type":"ReadAction","target":["https:\/\/ecampusontario.ca\/fr\/genevieve-maheux-pelletier-phd\/"]}]},{"@type":"ImageObject","inLanguage":"fr-FR","@id":"https:\/\/ecampusontario.ca\/fr\/genevieve-maheux-pelletier-phd\/#primaryimage","url":"https:\/\/ecampusontario.ca\/wp-content\/uploads\/2025\/09\/2025-FOF-Banner-FR-1024x324.png","contentUrl":"https:\/\/ecampusontario.ca\/wp-content\/uploads\/2025\/09\/2025-FOF-Banner-FR-1024x324.png"},{"@type":"BreadcrumbList","@id":"https:\/\/ecampusontario.ca\/fr\/genevieve-maheux-pelletier-phd\/#breadcrumb","itemListElement":[{"@type":"ListItem","position":1,"name":"Home","item":"https:\/\/ecampusontario.ca\/fr\/"},{"@type":"ListItem","position":2,"name":"Genevi\u00e8ve Maheux-Pelletier, PhD"}]},{"@type":"WebSite","@id":"https:\/\/ecampusontario.ca\/fr\/#website","url":"https:\/\/ecampusontario.ca\/fr\/","name":"eCampusOntario","description":"The online hub for learners and educators across Ontario","publisher":{"@id":"https:\/\/ecampusontario.ca\/fr\/#organization"},"potentialAction":[{"@type":"SearchAction","target":{"@type":"EntryPoint","urlTemplate":"https:\/\/ecampusontario.ca\/fr\/?s={search_term_string}"},"query-input":{"@type":"PropertyValueSpecification","valueRequired":true,"valueName":"search_term_string"}}],"inLanguage":"fr-FR"},{"@type":"Organization","@id":"https:\/\/ecampusontario.ca\/fr\/#organization","name":"eCampusOntario","url":"https:\/\/ecampusontario.ca\/fr\/","logo":{"@type":"ImageObject","inLanguage":"fr-FR","@id":"https:\/\/ecampusontario.ca\/fr\/#\/schema\/logo\/image\/","url":"https:\/\/ecampusontario.ca\/wp-content\/uploads\/2018\/11\/ecampus-e-icon-1.png","contentUrl":"https:\/\/ecampusontario.ca\/wp-content\/uploads\/2018\/11\/ecampus-e-icon-1.png","width":720,"height":325,"caption":"eCampusOntario"},"image":{"@id":"https:\/\/ecampusontario.ca\/fr\/#\/schema\/logo\/image\/"},"sameAs":["https:\/\/www.facebook.com\/ecampusontario\/","https:\/\/x.com\/eCampusOntario"]}]}},"_links":{"self":[{"href":"https:\/\/ecampusontario.ca\/fr\/wp-json\/wp\/v2\/pages\/42853","targetHints":{"allow":["GET"]}}],"collection":[{"href":"https:\/\/ecampusontario.ca\/fr\/wp-json\/wp\/v2\/pages"}],"about":[{"href":"https:\/\/ecampusontario.ca\/fr\/wp-json\/wp\/v2\/types\/page"}],"author":[{"embeddable":true,"href":"https:\/\/ecampusontario.ca\/fr\/wp-json\/wp\/v2\/users\/18"}],"replies":[{"embeddable":true,"href":"https:\/\/ecampusontario.ca\/fr\/wp-json\/wp\/v2\/comments?post=42853"}],"version-history":[{"count":7,"href":"https:\/\/ecampusontario.ca\/fr\/wp-json\/wp\/v2\/pages\/42853\/revisions"}],"predecessor-version":[{"id":42865,"href":"https:\/\/ecampusontario.ca\/fr\/wp-json\/wp\/v2\/pages\/42853\/revisions\/42865"}],"wp:attachment":[{"href":"https:\/\/ecampusontario.ca\/fr\/wp-json\/wp\/v2\/media?parent=42853"}],"wp:term":[{"taxonomy":"category","embeddable":true,"href":"https:\/\/ecampusontario.ca\/fr\/wp-json\/wp\/v2\/categories?post=42853"},{"taxonomy":"post_tag","embeddable":true,"href":"https:\/\/ecampusontario.ca\/fr\/wp-json\/wp\/v2\/tags?post=42853"}],"curies":[{"name":"wp","href":"https:\/\/api.w.org\/{rel}","templated":true}]}}