
{"id":42844,"date":"2025-12-16T15:42:55","date_gmt":"2025-12-16T20:42:55","guid":{"rendered":"https:\/\/ecampusontario.ca\/dominiquescheffel-dunand-phd\/"},"modified":"2025-12-16T15:47:50","modified_gmt":"2025-12-16T20:47:50","slug":"dominiquescheffel-dunand-phd","status":"publish","type":"page","link":"https:\/\/ecampusontario.ca\/fr\/dominiquescheffel-dunand-phd\/","title":{"rendered":"DominiqueScheffel-Dunand, PhD"},"content":{"rendered":"\n<figure class=\"wp-block-image aligncenter size-large\"><img decoding=\"async\" src=\"https:\/\/ecampusontario.ca\/wp-content\/uploads\/2025\/09\/2025-FOF-Banner-FR-1024x324.png\" alt=\"\" class=\"wp-image-39310\"\/><\/figure>\n\n\n\n<h1 class=\"wp-block-heading has-text-align-center mb-5\" id=\"h-dominique-scheffel-dunand-phd\">Dominique Scheffel-Dunand, PhD<\/h1>\n\n\n\n<div class=\"wp-block-columns eco-padding-vertical is-layout-flex wp-container-core-columns-is-layout-9d6595d7 wp-block-columns-is-layout-flex\">\n<div class=\"wp-block-column is-layout-flow wp-block-column-is-layout-flow\" style=\"flex-basis:33.33%\">\n<figure class=\"wp-block-image aligncenter size-full is-resized\"><img decoding=\"async\" src=\"https:\/\/ecampusontario.ca\/wp-content\/uploads\/2025\/09\/Dominique-Scheffel-Dunand-Ph-D.png\" alt=\"\" class=\"wp-image-39334\" style=\"width:200px\"\/><\/figure>\n\n\n\n<p class=\"has-text-align-center\"><strong>Dominique Scheffel-Dunand, PhD<\/strong><\/p>\n\n\n\n<p class=\"has-text-align-center\">Directrice, Cycles sup\u00e9rieurs en \u00c9tudes francophones, Lead, Camerise Formation &amp; Recherche (FSL Hub, Universit\u00e9 York), Professeure agr\u00e9g\u00e9e, \u00c9tudes fran\u00e7aises, Faculty of Liberal Arts and Professional Studies, York<br>University<\/p>\n<\/div>\n\n\n\n<div class=\"wp-block-column is-layout-flow wp-block-column-is-layout-flow\" style=\"flex-basis:66.66%\">\n<p>Dominique Scheffel-Dunand est professeure associ\u00e9e \u00e0 l\u2019Universit\u00e9 York (Toronto), o\u00f9 elle \u0153uvre depuis plus de 20 ans dans les domaines du bilinguisme, plurilinguisme dans les classes multiculturelles de l\u2019enseignement du fran\u00e7ais et acquisition des langues secondes en contexte minoritaire, de l\u2019\u00e9ducation assist\u00e9e par les technologies \u00e9mergentes. Son parcours l\u2019a men\u00e9e \u00e0 d\u00e9passer les cadres traditionnels d\u2019apprentissage pour diriger des projets interinstitutionnels qui f\u00e9d\u00e8rent la co-cr\u00e9ation de ressources \u00e9ducatives libres et inclusives sur le continuum K-12-postsecondaire, notamment \u00e0 travers le projet Camerise qu\u2019elle co-dirige depuis 2020 pour la communaut\u00e9 FLS en Ontario et le sous-projet Camerise Formation &amp; Recherche lanc\u00e9 en 2025 pour f\u00e9d\u00e9rer des synergies et collaborations sur le continuum M-12 et le postsecondaire dans le contexte de la p\u00e9nurie d&rsquo;enseignant.e.s en FLS\/FLA en Ontario et au Canada. Engag\u00e9e dans des initiatives internationales en \u00e9ducation ouverte, elle encadre \u00e9galement des projets du programme Open Education for a Better World (OE4BW), favorisant les \u00e9changes entre cultures et disciplines sur les questions d\u2019accessibilit\u00e9, pratiques acad\u00e9miques collaboratives et int\u00e9gration de l&rsquo;IA dans les pratiques professionnelles dans un contexte mondial et local. Elle milite pour des communaut\u00e9s d\u2019apprentissage ouvertes et \u00e9quitables, o\u00f9 \u00e9l\u00e8ves, formateurs et chercheurs se connectent pour transformer durablement l\u2019acc\u00e8s au savoir.<\/p>\n\n\n\n<div class=\"wp-block-buttons is-layout-flex wp-block-buttons-is-layout-flex\">\n<div class=\"wp-block-button\"><a class=\"wp-block-button__link has-text-color has-background has-link-color wp-element-button\" href=\"\/fr\/fof3\" style=\"color:#f1b434;background-color:#1e1a34\">Retourner \u00e0 forum-franco-ontarien<\/a><\/div>\n<\/div>\n<\/div>\n<\/div>\n","protected":false},"excerpt":{"rendered":"<p>Dominique Scheffel-Dunand, PhD Dominique Scheffel-Dunand, PhD Directrice, Cycles sup\u00e9rieurs en \u00c9tudes francophones, Lead, Camerise Formation &amp; Recherche (FSL Hub, Universit\u00e9 York), Professeure agr\u00e9g\u00e9e, \u00c9tudes fran\u00e7aises, Faculty of Liberal Arts and Professional Studies, YorkUniversity Dominique Scheffel-Dunand est professeure associ\u00e9e \u00e0 l\u2019Universit\u00e9 York (Toronto), o\u00f9 elle \u0153uvre depuis plus de 20 ans dans les domaines du bilinguisme, [&hellip;]<\/p>\n","protected":false},"author":18,"featured_media":0,"parent":0,"menu_order":0,"comment_status":"closed","ping_status":"closed","template":"","meta":{"_acf_changed":false,"footnotes":""},"categories":[],"tags":[],"class_list":["post-42844","page","type-page","status-publish","hentry"],"acf":[],"yoast_head":"<!-- This site is optimized with the Yoast SEO Premium plugin v26.0 (Yoast SEO v26.0) - https:\/\/yoast.com\/wordpress\/plugins\/seo\/ -->\n<title>DominiqueScheffel-Dunand, PhD | eCampusOntario<\/title>\n<meta name=\"robots\" content=\"index, follow, max-snippet:-1, max-image-preview:large, max-video-preview:-1\" \/>\n<link rel=\"canonical\" href=\"https:\/\/ecampusontario.ca\/fr\/dominiquescheffel-dunand-phd\/\" \/>\n<meta property=\"og:locale\" content=\"fr_FR\" \/>\n<meta property=\"og:type\" content=\"article\" \/>\n<meta property=\"og:title\" content=\"DominiqueScheffel-Dunand, PhD\" \/>\n<meta property=\"og:description\" content=\"Dominique Scheffel-Dunand, PhD Dominique Scheffel-Dunand, PhD Directrice, Cycles sup\u00e9rieurs en \u00c9tudes francophones, Lead, Camerise Formation &amp; Recherche (FSL Hub, Universit\u00e9 York), Professeure agr\u00e9g\u00e9e, \u00c9tudes fran\u00e7aises, Faculty of Liberal Arts and Professional Studies, YorkUniversity Dominique Scheffel-Dunand est professeure associ\u00e9e \u00e0 l\u2019Universit\u00e9 York (Toronto), o\u00f9 elle \u0153uvre depuis plus de 20 ans dans les domaines du bilinguisme, [&hellip;]\" \/>\n<meta property=\"og:url\" content=\"https:\/\/ecampusontario.ca\/fr\/dominiquescheffel-dunand-phd\/\" \/>\n<meta property=\"og:site_name\" content=\"eCampusOntario\" \/>\n<meta property=\"article:publisher\" content=\"https:\/\/www.facebook.com\/ecampusontario\/\" \/>\n<meta property=\"article:modified_time\" content=\"2025-12-16T20:47:50+00:00\" \/>\n<meta property=\"og:image\" content=\"https:\/\/ecampusontario.ca\/wp-content\/uploads\/2025\/11\/Professional-Learning-icon\u2028.png\" \/>\n\t<meta property=\"og:image:width\" content=\"46\" \/>\n\t<meta property=\"og:image:height\" content=\"39\" \/>\n\t<meta property=\"og:image:type\" content=\"image\/png\" \/>\n<meta name=\"twitter:card\" content=\"summary_large_image\" \/>\n<meta name=\"twitter:site\" content=\"@eCampusOntario\" \/>\n<meta name=\"twitter:label1\" content=\"Dur\u00e9e de lecture estim\u00e9e\" \/>\n\t<meta name=\"twitter:data1\" content=\"2 minutes\" \/>\n<script type=\"application\/ld+json\" class=\"yoast-schema-graph\">{\"@context\":\"https:\/\/schema.org\",\"@graph\":[{\"@type\":\"WebPage\",\"@id\":\"https:\/\/ecampusontario.ca\/fr\/dominiquescheffel-dunand-phd\/\",\"url\":\"https:\/\/ecampusontario.ca\/fr\/dominiquescheffel-dunand-phd\/\",\"name\":\"DominiqueScheffel-Dunand, PhD | eCampusOntario\",\"isPartOf\":{\"@id\":\"https:\/\/ecampusontario.ca\/fr\/#website\"},\"primaryImageOfPage\":{\"@id\":\"https:\/\/ecampusontario.ca\/fr\/dominiquescheffel-dunand-phd\/#primaryimage\"},\"image\":{\"@id\":\"https:\/\/ecampusontario.ca\/fr\/dominiquescheffel-dunand-phd\/#primaryimage\"},\"thumbnailUrl\":\"https:\/\/ecampusontario.ca\/wp-content\/uploads\/2025\/09\/2025-FOF-Banner-FR-1024x324.png\",\"datePublished\":\"2025-12-16T20:42:55+00:00\",\"dateModified\":\"2025-12-16T20:47:50+00:00\",\"breadcrumb\":{\"@id\":\"https:\/\/ecampusontario.ca\/fr\/dominiquescheffel-dunand-phd\/#breadcrumb\"},\"inLanguage\":\"fr-FR\",\"potentialAction\":[{\"@type\":\"ReadAction\",\"target\":[\"https:\/\/ecampusontario.ca\/fr\/dominiquescheffel-dunand-phd\/\"]}]},{\"@type\":\"ImageObject\",\"inLanguage\":\"fr-FR\",\"@id\":\"https:\/\/ecampusontario.ca\/fr\/dominiquescheffel-dunand-phd\/#primaryimage\",\"url\":\"https:\/\/ecampusontario.ca\/wp-content\/uploads\/2025\/09\/2025-FOF-Banner-FR-1024x324.png\",\"contentUrl\":\"https:\/\/ecampusontario.ca\/wp-content\/uploads\/2025\/09\/2025-FOF-Banner-FR-1024x324.png\"},{\"@type\":\"BreadcrumbList\",\"@id\":\"https:\/\/ecampusontario.ca\/fr\/dominiquescheffel-dunand-phd\/#breadcrumb\",\"itemListElement\":[{\"@type\":\"ListItem\",\"position\":1,\"name\":\"Home\",\"item\":\"https:\/\/ecampusontario.ca\/fr\/\"},{\"@type\":\"ListItem\",\"position\":2,\"name\":\"DominiqueScheffel-Dunand, PhD\"}]},{\"@type\":\"WebSite\",\"@id\":\"https:\/\/ecampusontario.ca\/fr\/#website\",\"url\":\"https:\/\/ecampusontario.ca\/fr\/\",\"name\":\"eCampusOntario\",\"description\":\"The online hub for learners and educators across Ontario\",\"publisher\":{\"@id\":\"https:\/\/ecampusontario.ca\/fr\/#organization\"},\"potentialAction\":[{\"@type\":\"SearchAction\",\"target\":{\"@type\":\"EntryPoint\",\"urlTemplate\":\"https:\/\/ecampusontario.ca\/fr\/?s={search_term_string}\"},\"query-input\":{\"@type\":\"PropertyValueSpecification\",\"valueRequired\":true,\"valueName\":\"search_term_string\"}}],\"inLanguage\":\"fr-FR\"},{\"@type\":\"Organization\",\"@id\":\"https:\/\/ecampusontario.ca\/fr\/#organization\",\"name\":\"eCampusOntario\",\"url\":\"https:\/\/ecampusontario.ca\/fr\/\",\"logo\":{\"@type\":\"ImageObject\",\"inLanguage\":\"fr-FR\",\"@id\":\"https:\/\/ecampusontario.ca\/fr\/#\/schema\/logo\/image\/\",\"url\":\"https:\/\/ecampusontario.ca\/wp-content\/uploads\/2018\/11\/ecampus-e-icon-1.png\",\"contentUrl\":\"https:\/\/ecampusontario.ca\/wp-content\/uploads\/2018\/11\/ecampus-e-icon-1.png\",\"width\":720,\"height\":325,\"caption\":\"eCampusOntario\"},\"image\":{\"@id\":\"https:\/\/ecampusontario.ca\/fr\/#\/schema\/logo\/image\/\"},\"sameAs\":[\"https:\/\/www.facebook.com\/ecampusontario\/\",\"https:\/\/x.com\/eCampusOntario\"]}]}<\/script>\n<!-- \/ Yoast SEO Premium plugin. -->","yoast_head_json":{"title":"DominiqueScheffel-Dunand, PhD | eCampusOntario","robots":{"index":"index","follow":"follow","max-snippet":"max-snippet:-1","max-image-preview":"max-image-preview:large","max-video-preview":"max-video-preview:-1"},"canonical":"https:\/\/ecampusontario.ca\/fr\/dominiquescheffel-dunand-phd\/","og_locale":"fr_FR","og_type":"article","og_title":"DominiqueScheffel-Dunand, PhD","og_description":"Dominique Scheffel-Dunand, PhD Dominique Scheffel-Dunand, PhD Directrice, Cycles sup\u00e9rieurs en \u00c9tudes francophones, Lead, Camerise Formation &amp; Recherche (FSL Hub, Universit\u00e9 York), Professeure agr\u00e9g\u00e9e, \u00c9tudes fran\u00e7aises, Faculty of Liberal Arts and Professional Studies, YorkUniversity Dominique Scheffel-Dunand est professeure associ\u00e9e \u00e0 l\u2019Universit\u00e9 York (Toronto), o\u00f9 elle \u0153uvre depuis plus de 20 ans dans les domaines du bilinguisme, [&hellip;]","og_url":"https:\/\/ecampusontario.ca\/fr\/dominiquescheffel-dunand-phd\/","og_site_name":"eCampusOntario","article_publisher":"https:\/\/www.facebook.com\/ecampusontario\/","article_modified_time":"2025-12-16T20:47:50+00:00","og_image":[{"width":46,"height":39,"url":"https:\/\/ecampusontario.ca\/wp-content\/uploads\/2025\/11\/Professional-Learning-icon\u2028.png","type":"image\/png"}],"twitter_card":"summary_large_image","twitter_site":"@eCampusOntario","twitter_misc":{"Dur\u00e9e de lecture estim\u00e9e":"2 minutes"},"schema":{"@context":"https:\/\/schema.org","@graph":[{"@type":"WebPage","@id":"https:\/\/ecampusontario.ca\/fr\/dominiquescheffel-dunand-phd\/","url":"https:\/\/ecampusontario.ca\/fr\/dominiquescheffel-dunand-phd\/","name":"DominiqueScheffel-Dunand, PhD | eCampusOntario","isPartOf":{"@id":"https:\/\/ecampusontario.ca\/fr\/#website"},"primaryImageOfPage":{"@id":"https:\/\/ecampusontario.ca\/fr\/dominiquescheffel-dunand-phd\/#primaryimage"},"image":{"@id":"https:\/\/ecampusontario.ca\/fr\/dominiquescheffel-dunand-phd\/#primaryimage"},"thumbnailUrl":"https:\/\/ecampusontario.ca\/wp-content\/uploads\/2025\/09\/2025-FOF-Banner-FR-1024x324.png","datePublished":"2025-12-16T20:42:55+00:00","dateModified":"2025-12-16T20:47:50+00:00","breadcrumb":{"@id":"https:\/\/ecampusontario.ca\/fr\/dominiquescheffel-dunand-phd\/#breadcrumb"},"inLanguage":"fr-FR","potentialAction":[{"@type":"ReadAction","target":["https:\/\/ecampusontario.ca\/fr\/dominiquescheffel-dunand-phd\/"]}]},{"@type":"ImageObject","inLanguage":"fr-FR","@id":"https:\/\/ecampusontario.ca\/fr\/dominiquescheffel-dunand-phd\/#primaryimage","url":"https:\/\/ecampusontario.ca\/wp-content\/uploads\/2025\/09\/2025-FOF-Banner-FR-1024x324.png","contentUrl":"https:\/\/ecampusontario.ca\/wp-content\/uploads\/2025\/09\/2025-FOF-Banner-FR-1024x324.png"},{"@type":"BreadcrumbList","@id":"https:\/\/ecampusontario.ca\/fr\/dominiquescheffel-dunand-phd\/#breadcrumb","itemListElement":[{"@type":"ListItem","position":1,"name":"Home","item":"https:\/\/ecampusontario.ca\/fr\/"},{"@type":"ListItem","position":2,"name":"DominiqueScheffel-Dunand, PhD"}]},{"@type":"WebSite","@id":"https:\/\/ecampusontario.ca\/fr\/#website","url":"https:\/\/ecampusontario.ca\/fr\/","name":"eCampusOntario","description":"The online hub for learners and educators across Ontario","publisher":{"@id":"https:\/\/ecampusontario.ca\/fr\/#organization"},"potentialAction":[{"@type":"SearchAction","target":{"@type":"EntryPoint","urlTemplate":"https:\/\/ecampusontario.ca\/fr\/?s={search_term_string}"},"query-input":{"@type":"PropertyValueSpecification","valueRequired":true,"valueName":"search_term_string"}}],"inLanguage":"fr-FR"},{"@type":"Organization","@id":"https:\/\/ecampusontario.ca\/fr\/#organization","name":"eCampusOntario","url":"https:\/\/ecampusontario.ca\/fr\/","logo":{"@type":"ImageObject","inLanguage":"fr-FR","@id":"https:\/\/ecampusontario.ca\/fr\/#\/schema\/logo\/image\/","url":"https:\/\/ecampusontario.ca\/wp-content\/uploads\/2018\/11\/ecampus-e-icon-1.png","contentUrl":"https:\/\/ecampusontario.ca\/wp-content\/uploads\/2018\/11\/ecampus-e-icon-1.png","width":720,"height":325,"caption":"eCampusOntario"},"image":{"@id":"https:\/\/ecampusontario.ca\/fr\/#\/schema\/logo\/image\/"},"sameAs":["https:\/\/www.facebook.com\/ecampusontario\/","https:\/\/x.com\/eCampusOntario"]}]}},"_links":{"self":[{"href":"https:\/\/ecampusontario.ca\/fr\/wp-json\/wp\/v2\/pages\/42844","targetHints":{"allow":["GET"]}}],"collection":[{"href":"https:\/\/ecampusontario.ca\/fr\/wp-json\/wp\/v2\/pages"}],"about":[{"href":"https:\/\/ecampusontario.ca\/fr\/wp-json\/wp\/v2\/types\/page"}],"author":[{"embeddable":true,"href":"https:\/\/ecampusontario.ca\/fr\/wp-json\/wp\/v2\/users\/18"}],"replies":[{"embeddable":true,"href":"https:\/\/ecampusontario.ca\/fr\/wp-json\/wp\/v2\/comments?post=42844"}],"version-history":[{"count":6,"href":"https:\/\/ecampusontario.ca\/fr\/wp-json\/wp\/v2\/pages\/42844\/revisions"}],"predecessor-version":[{"id":42850,"href":"https:\/\/ecampusontario.ca\/fr\/wp-json\/wp\/v2\/pages\/42844\/revisions\/42850"}],"wp:attachment":[{"href":"https:\/\/ecampusontario.ca\/fr\/wp-json\/wp\/v2\/media?parent=42844"}],"wp:term":[{"taxonomy":"category","embeddable":true,"href":"https:\/\/ecampusontario.ca\/fr\/wp-json\/wp\/v2\/categories?post=42844"},{"taxonomy":"post_tag","embeddable":true,"href":"https:\/\/ecampusontario.ca\/fr\/wp-json\/wp\/v2\/tags?post=42844"}],"curies":[{"name":"wp","href":"https:\/\/api.w.org\/{rel}","templated":true}]}}