
{"id":42831,"date":"2025-12-16T15:08:12","date_gmt":"2025-12-16T20:08:12","guid":{"rendered":"https:\/\/ecampusontario.ca\/andre-villeneuve\/"},"modified":"2025-12-16T15:41:05","modified_gmt":"2025-12-16T20:41:05","slug":"andre-villeneuve","status":"publish","type":"page","link":"https:\/\/ecampusontario.ca\/fr\/andre-villeneuve\/","title":{"rendered":"Andr\u00e9 Villeneuve"},"content":{"rendered":"\n<figure class=\"wp-block-image aligncenter size-large\"><img decoding=\"async\" src=\"https:\/\/ecampusontario.ca\/wp-content\/uploads\/2025\/09\/2025-FOF-Banner-FR-1024x324.png\" alt=\"\" class=\"wp-image-39310\"\/><\/figure>\n\n\n\n<h1 class=\"wp-block-heading has-text-align-center mb-5\" id=\"h-andre-villeneuve\">Andr\u00e9 Villeneuve<\/h1>\n\n\n\n<div class=\"wp-block-columns eco-padding-vertical is-layout-flex wp-container-core-columns-is-layout-9d6595d7 wp-block-columns-is-layout-flex\">\n<div class=\"wp-block-column is-layout-flow wp-block-column-is-layout-flow\" style=\"flex-basis:33.33%\">\n<figure class=\"wp-block-image aligncenter size-full is-resized\"><img decoding=\"async\" src=\"https:\/\/ecampusontario.ca\/wp-content\/uploads\/2025\/09\/AndreVilleneuve.png\" alt=\"\" class=\"wp-image-39342\" style=\"width:200px\"\/><\/figure>\n\n\n\n<p class=\"has-text-align-center\"><strong>Andr\u00e9 Villeneuve<\/strong><\/p>\n\n\n\n<p class=\"has-text-align-center\">Professeur en administration de l\u2019\u00e9ducation au D\u00e9partement des sciences de l\u2019\u00e9ducation de l\u2019Universit\u00e9 du Qu\u00e9bec \u00e0 Trois-Rivi\u00e8res. Cofondateur du Lab CADENCE (Collecte et Analyse des Donn\u00e9Es pour l\u2019am\u00e9lioratioN Continue en \u00c9ducation). Chercheur au Centre de recherche interuniversitaire sur la formation et la profession enseignante (CRIFPE) au p\u00f4le de recherche en gestion de l\u2019\u00e9ducation.<\/p>\n<\/div>\n\n\n\n<div class=\"wp-block-column is-layout-flow wp-block-column-is-layout-flow\" style=\"flex-basis:66.66%\">\n<p><strong>Andr\u00e9 Villeneuve<\/strong>&nbsp;est professeur en administration de l\u2019\u00e9ducation au D\u00e9partement des sciences de l\u2019\u00e9ducation de l\u2019Universit\u00e9 du Qu\u00e9bec \u00e0 Trois-Rivi\u00e8res (UQTR). Il obtient son doctorat en administration et politiques de l\u2019\u00e9ducation \u00e0 l\u2019Universit\u00e9 Laval en 2021. Pendant plus de vingt-cinq ans, il a \u00e9volu\u00e9 comme enseignant et direction adjointe au secondaire tout en compl\u00e9tant une ma\u00eetrise en administration et \u00e9valuation en \u00e9ducation \u00e0 l\u2019Universit\u00e9 Laval. Membre du conseil d\u2019administration de l\u2019Association pour le d\u00e9veloppement de l\u2019enseignement et de la recherche en administration de l\u2019\u00e9ducation (ADERAE), il s\u2019implique \u00e0 la vice-pr\u00e9sidence des communications et dans le comit\u00e9 organisateur du colloque annuel de l\u2019ADERAE, tenu dans le cadre du congr\u00e8s de l\u2019ACFAS, ainsi que dans l\u2019organisation de la journ\u00e9e scientifique de transfert et de mobilisation des connaissances qui se tient \u00e9galement sur une base annuelle. Il est cofondateur, avec son coll\u00e8gue Alain Huot (UQTR), du Lab CADENCE (Collecte et Analyse des Donn\u00c9es pour l\u2019am\u00e9lioratioN Continue en \u00c9ducation). Il est chercheur au Centre de recherche interuniversitaire sur la formation et la profession enseignante (CRIFPE) au p\u00f4le de recherche en gestion de l\u2019\u00e9ducation. Il est aussi membre du Groupe de recherche interr\u00e9gional sur l\u2019organisation du travail des directions d\u2019\u00e9tablissement d\u2019enseignement du Qu\u00e9bec (GRIDE). Son principal champ d\u2019int\u00e9r\u00eat porte sur la prise de d\u00e9cision appuy\u00e9e sur les donn\u00e9es en \u00e9ducation, ce qui l\u2019a amen\u00e9 \u00e0 concevoir, au sein d\u2019une communaut\u00e9 d\u2019apprentissage professionnelle (CAP), un outil d\u2019aide \u00e0 la d\u00e9cision p\u00e9dagogique mobilisant des techniques en intelligence artificielle et en analytique. Ses autres champs d\u2019int\u00e9r\u00eat couvrent les communaut\u00e9s d\u2019apprentissage professionnelles, la supervision p\u00e9dagogique, les politiques de r\u00e9gulation par les r\u00e9sultats, les pratiques enseignantes efficaces, le changement organisationnel planifi\u00e9 et la recherche-action.<\/p>\n\n\n\n<div class=\"wp-block-buttons is-layout-flex wp-block-buttons-is-layout-flex\">\n<div class=\"wp-block-button\"><a class=\"wp-block-button__link has-text-color has-background has-link-color wp-element-button\" href=\"\/fr\/fof3\" style=\"color:#f1b434;background-color:#1e1a34\">Retourner \u00e0 forum-franco-ontarien<\/a><\/div>\n<\/div>\n<\/div>\n<\/div>\n","protected":false},"excerpt":{"rendered":"<p>Andr\u00e9 Villeneuve Andr\u00e9 Villeneuve Professeur en administration de l\u2019\u00e9ducation au D\u00e9partement des sciences de l\u2019\u00e9ducation de l\u2019Universit\u00e9 du Qu\u00e9bec \u00e0 Trois-Rivi\u00e8res. Cofondateur du Lab CADENCE (Collecte et Analyse des Donn\u00e9Es pour l\u2019am\u00e9lioratioN Continue en \u00c9ducation). Chercheur au Centre de recherche interuniversitaire sur la formation et la profession enseignante (CRIFPE) au p\u00f4le de recherche en gestion [&hellip;]<\/p>\n","protected":false},"author":18,"featured_media":0,"parent":0,"menu_order":0,"comment_status":"closed","ping_status":"closed","template":"","meta":{"_acf_changed":false,"footnotes":""},"categories":[],"tags":[],"class_list":["post-42831","page","type-page","status-publish","hentry"],"acf":[],"yoast_head":"<!-- This site is optimized with the Yoast SEO Premium plugin v26.0 (Yoast SEO v26.0) - https:\/\/yoast.com\/wordpress\/plugins\/seo\/ -->\n<title>Andr\u00e9 Villeneuve | eCampusOntario<\/title>\n<meta name=\"robots\" content=\"index, follow, max-snippet:-1, max-image-preview:large, max-video-preview:-1\" \/>\n<link rel=\"canonical\" href=\"https:\/\/ecampusontario.ca\/fr\/andre-villeneuve\/\" \/>\n<meta property=\"og:locale\" content=\"fr_FR\" \/>\n<meta property=\"og:type\" content=\"article\" \/>\n<meta property=\"og:title\" content=\"Andr\u00e9 Villeneuve\" \/>\n<meta property=\"og:description\" content=\"Andr\u00e9 Villeneuve Andr\u00e9 Villeneuve Professeur en administration de l\u2019\u00e9ducation au D\u00e9partement des sciences de l\u2019\u00e9ducation de l\u2019Universit\u00e9 du Qu\u00e9bec \u00e0 Trois-Rivi\u00e8res. Cofondateur du Lab CADENCE (Collecte et Analyse des Donn\u00e9Es pour l\u2019am\u00e9lioratioN Continue en \u00c9ducation). Chercheur au Centre de recherche interuniversitaire sur la formation et la profession enseignante (CRIFPE) au p\u00f4le de recherche en gestion [&hellip;]\" \/>\n<meta property=\"og:url\" content=\"https:\/\/ecampusontario.ca\/fr\/andre-villeneuve\/\" \/>\n<meta property=\"og:site_name\" content=\"eCampusOntario\" \/>\n<meta property=\"article:publisher\" content=\"https:\/\/www.facebook.com\/ecampusontario\/\" \/>\n<meta property=\"article:modified_time\" content=\"2025-12-16T20:41:05+00:00\" \/>\n<meta property=\"og:image\" content=\"https:\/\/ecampusontario.ca\/wp-content\/uploads\/2025\/11\/Professional-Learning-icon\u2028.png\" \/>\n\t<meta property=\"og:image:width\" content=\"46\" \/>\n\t<meta property=\"og:image:height\" content=\"39\" \/>\n\t<meta property=\"og:image:type\" content=\"image\/png\" \/>\n<meta name=\"twitter:card\" content=\"summary_large_image\" \/>\n<meta name=\"twitter:site\" content=\"@eCampusOntario\" \/>\n<meta name=\"twitter:label1\" content=\"Dur\u00e9e de lecture estim\u00e9e\" \/>\n\t<meta name=\"twitter:data1\" content=\"2 minutes\" \/>\n<script type=\"application\/ld+json\" class=\"yoast-schema-graph\">{\"@context\":\"https:\/\/schema.org\",\"@graph\":[{\"@type\":\"WebPage\",\"@id\":\"https:\/\/ecampusontario.ca\/fr\/andre-villeneuve\/\",\"url\":\"https:\/\/ecampusontario.ca\/fr\/andre-villeneuve\/\",\"name\":\"Andr\u00e9 Villeneuve | eCampusOntario\",\"isPartOf\":{\"@id\":\"https:\/\/ecampusontario.ca\/fr\/#website\"},\"primaryImageOfPage\":{\"@id\":\"https:\/\/ecampusontario.ca\/fr\/andre-villeneuve\/#primaryimage\"},\"image\":{\"@id\":\"https:\/\/ecampusontario.ca\/fr\/andre-villeneuve\/#primaryimage\"},\"thumbnailUrl\":\"https:\/\/ecampusontario.ca\/wp-content\/uploads\/2025\/09\/2025-FOF-Banner-FR-1024x324.png\",\"datePublished\":\"2025-12-16T20:08:12+00:00\",\"dateModified\":\"2025-12-16T20:41:05+00:00\",\"breadcrumb\":{\"@id\":\"https:\/\/ecampusontario.ca\/fr\/andre-villeneuve\/#breadcrumb\"},\"inLanguage\":\"fr-FR\",\"potentialAction\":[{\"@type\":\"ReadAction\",\"target\":[\"https:\/\/ecampusontario.ca\/fr\/andre-villeneuve\/\"]}]},{\"@type\":\"ImageObject\",\"inLanguage\":\"fr-FR\",\"@id\":\"https:\/\/ecampusontario.ca\/fr\/andre-villeneuve\/#primaryimage\",\"url\":\"https:\/\/ecampusontario.ca\/wp-content\/uploads\/2025\/09\/2025-FOF-Banner-FR-1024x324.png\",\"contentUrl\":\"https:\/\/ecampusontario.ca\/wp-content\/uploads\/2025\/09\/2025-FOF-Banner-FR-1024x324.png\"},{\"@type\":\"BreadcrumbList\",\"@id\":\"https:\/\/ecampusontario.ca\/fr\/andre-villeneuve\/#breadcrumb\",\"itemListElement\":[{\"@type\":\"ListItem\",\"position\":1,\"name\":\"Home\",\"item\":\"https:\/\/ecampusontario.ca\/fr\/\"},{\"@type\":\"ListItem\",\"position\":2,\"name\":\"Andr\u00e9 Villeneuve\"}]},{\"@type\":\"WebSite\",\"@id\":\"https:\/\/ecampusontario.ca\/fr\/#website\",\"url\":\"https:\/\/ecampusontario.ca\/fr\/\",\"name\":\"eCampusOntario\",\"description\":\"The online hub for learners and educators across Ontario\",\"publisher\":{\"@id\":\"https:\/\/ecampusontario.ca\/fr\/#organization\"},\"potentialAction\":[{\"@type\":\"SearchAction\",\"target\":{\"@type\":\"EntryPoint\",\"urlTemplate\":\"https:\/\/ecampusontario.ca\/fr\/?s={search_term_string}\"},\"query-input\":{\"@type\":\"PropertyValueSpecification\",\"valueRequired\":true,\"valueName\":\"search_term_string\"}}],\"inLanguage\":\"fr-FR\"},{\"@type\":\"Organization\",\"@id\":\"https:\/\/ecampusontario.ca\/fr\/#organization\",\"name\":\"eCampusOntario\",\"url\":\"https:\/\/ecampusontario.ca\/fr\/\",\"logo\":{\"@type\":\"ImageObject\",\"inLanguage\":\"fr-FR\",\"@id\":\"https:\/\/ecampusontario.ca\/fr\/#\/schema\/logo\/image\/\",\"url\":\"https:\/\/ecampusontario.ca\/wp-content\/uploads\/2018\/11\/ecampus-e-icon-1.png\",\"contentUrl\":\"https:\/\/ecampusontario.ca\/wp-content\/uploads\/2018\/11\/ecampus-e-icon-1.png\",\"width\":720,\"height\":325,\"caption\":\"eCampusOntario\"},\"image\":{\"@id\":\"https:\/\/ecampusontario.ca\/fr\/#\/schema\/logo\/image\/\"},\"sameAs\":[\"https:\/\/www.facebook.com\/ecampusontario\/\",\"https:\/\/x.com\/eCampusOntario\"]}]}<\/script>\n<!-- \/ Yoast SEO Premium plugin. -->","yoast_head_json":{"title":"Andr\u00e9 Villeneuve | eCampusOntario","robots":{"index":"index","follow":"follow","max-snippet":"max-snippet:-1","max-image-preview":"max-image-preview:large","max-video-preview":"max-video-preview:-1"},"canonical":"https:\/\/ecampusontario.ca\/fr\/andre-villeneuve\/","og_locale":"fr_FR","og_type":"article","og_title":"Andr\u00e9 Villeneuve","og_description":"Andr\u00e9 Villeneuve Andr\u00e9 Villeneuve Professeur en administration de l\u2019\u00e9ducation au D\u00e9partement des sciences de l\u2019\u00e9ducation de l\u2019Universit\u00e9 du Qu\u00e9bec \u00e0 Trois-Rivi\u00e8res. Cofondateur du Lab CADENCE (Collecte et Analyse des Donn\u00e9Es pour l\u2019am\u00e9lioratioN Continue en \u00c9ducation). Chercheur au Centre de recherche interuniversitaire sur la formation et la profession enseignante (CRIFPE) au p\u00f4le de recherche en gestion [&hellip;]","og_url":"https:\/\/ecampusontario.ca\/fr\/andre-villeneuve\/","og_site_name":"eCampusOntario","article_publisher":"https:\/\/www.facebook.com\/ecampusontario\/","article_modified_time":"2025-12-16T20:41:05+00:00","og_image":[{"width":46,"height":39,"url":"https:\/\/ecampusontario.ca\/wp-content\/uploads\/2025\/11\/Professional-Learning-icon\u2028.png","type":"image\/png"}],"twitter_card":"summary_large_image","twitter_site":"@eCampusOntario","twitter_misc":{"Dur\u00e9e de lecture estim\u00e9e":"2 minutes"},"schema":{"@context":"https:\/\/schema.org","@graph":[{"@type":"WebPage","@id":"https:\/\/ecampusontario.ca\/fr\/andre-villeneuve\/","url":"https:\/\/ecampusontario.ca\/fr\/andre-villeneuve\/","name":"Andr\u00e9 Villeneuve | eCampusOntario","isPartOf":{"@id":"https:\/\/ecampusontario.ca\/fr\/#website"},"primaryImageOfPage":{"@id":"https:\/\/ecampusontario.ca\/fr\/andre-villeneuve\/#primaryimage"},"image":{"@id":"https:\/\/ecampusontario.ca\/fr\/andre-villeneuve\/#primaryimage"},"thumbnailUrl":"https:\/\/ecampusontario.ca\/wp-content\/uploads\/2025\/09\/2025-FOF-Banner-FR-1024x324.png","datePublished":"2025-12-16T20:08:12+00:00","dateModified":"2025-12-16T20:41:05+00:00","breadcrumb":{"@id":"https:\/\/ecampusontario.ca\/fr\/andre-villeneuve\/#breadcrumb"},"inLanguage":"fr-FR","potentialAction":[{"@type":"ReadAction","target":["https:\/\/ecampusontario.ca\/fr\/andre-villeneuve\/"]}]},{"@type":"ImageObject","inLanguage":"fr-FR","@id":"https:\/\/ecampusontario.ca\/fr\/andre-villeneuve\/#primaryimage","url":"https:\/\/ecampusontario.ca\/wp-content\/uploads\/2025\/09\/2025-FOF-Banner-FR-1024x324.png","contentUrl":"https:\/\/ecampusontario.ca\/wp-content\/uploads\/2025\/09\/2025-FOF-Banner-FR-1024x324.png"},{"@type":"BreadcrumbList","@id":"https:\/\/ecampusontario.ca\/fr\/andre-villeneuve\/#breadcrumb","itemListElement":[{"@type":"ListItem","position":1,"name":"Home","item":"https:\/\/ecampusontario.ca\/fr\/"},{"@type":"ListItem","position":2,"name":"Andr\u00e9 Villeneuve"}]},{"@type":"WebSite","@id":"https:\/\/ecampusontario.ca\/fr\/#website","url":"https:\/\/ecampusontario.ca\/fr\/","name":"eCampusOntario","description":"The online hub for learners and educators across Ontario","publisher":{"@id":"https:\/\/ecampusontario.ca\/fr\/#organization"},"potentialAction":[{"@type":"SearchAction","target":{"@type":"EntryPoint","urlTemplate":"https:\/\/ecampusontario.ca\/fr\/?s={search_term_string}"},"query-input":{"@type":"PropertyValueSpecification","valueRequired":true,"valueName":"search_term_string"}}],"inLanguage":"fr-FR"},{"@type":"Organization","@id":"https:\/\/ecampusontario.ca\/fr\/#organization","name":"eCampusOntario","url":"https:\/\/ecampusontario.ca\/fr\/","logo":{"@type":"ImageObject","inLanguage":"fr-FR","@id":"https:\/\/ecampusontario.ca\/fr\/#\/schema\/logo\/image\/","url":"https:\/\/ecampusontario.ca\/wp-content\/uploads\/2018\/11\/ecampus-e-icon-1.png","contentUrl":"https:\/\/ecampusontario.ca\/wp-content\/uploads\/2018\/11\/ecampus-e-icon-1.png","width":720,"height":325,"caption":"eCampusOntario"},"image":{"@id":"https:\/\/ecampusontario.ca\/fr\/#\/schema\/logo\/image\/"},"sameAs":["https:\/\/www.facebook.com\/ecampusontario\/","https:\/\/x.com\/eCampusOntario"]}]}},"_links":{"self":[{"href":"https:\/\/ecampusontario.ca\/fr\/wp-json\/wp\/v2\/pages\/42831","targetHints":{"allow":["GET"]}}],"collection":[{"href":"https:\/\/ecampusontario.ca\/fr\/wp-json\/wp\/v2\/pages"}],"about":[{"href":"https:\/\/ecampusontario.ca\/fr\/wp-json\/wp\/v2\/types\/page"}],"author":[{"embeddable":true,"href":"https:\/\/ecampusontario.ca\/fr\/wp-json\/wp\/v2\/users\/18"}],"replies":[{"embeddable":true,"href":"https:\/\/ecampusontario.ca\/fr\/wp-json\/wp\/v2\/comments?post=42831"}],"version-history":[{"count":2,"href":"https:\/\/ecampusontario.ca\/fr\/wp-json\/wp\/v2\/pages\/42831\/revisions"}],"predecessor-version":[{"id":42837,"href":"https:\/\/ecampusontario.ca\/fr\/wp-json\/wp\/v2\/pages\/42831\/revisions\/42837"}],"wp:attachment":[{"href":"https:\/\/ecampusontario.ca\/fr\/wp-json\/wp\/v2\/media?parent=42831"}],"wp:term":[{"taxonomy":"category","embeddable":true,"href":"https:\/\/ecampusontario.ca\/fr\/wp-json\/wp\/v2\/categories?post=42831"},{"taxonomy":"post_tag","embeddable":true,"href":"https:\/\/ecampusontario.ca\/fr\/wp-json\/wp\/v2\/tags?post=42831"}],"curies":[{"name":"wp","href":"https:\/\/api.w.org\/{rel}","templated":true}]}}