
{"id":42820,"date":"2025-12-16T14:59:10","date_gmt":"2025-12-16T19:59:10","guid":{"rendered":"https:\/\/ecampusontario.ca\/mohamed-sabri\/"},"modified":"2025-12-16T15:02:31","modified_gmt":"2025-12-16T20:02:31","slug":"mohamed-sabri","status":"publish","type":"page","link":"https:\/\/ecampusontario.ca\/fr\/mohamed-sabri\/","title":{"rendered":"Mohamed Sabri"},"content":{"rendered":"\n<figure class=\"wp-block-image aligncenter size-large\"><img decoding=\"async\" src=\"https:\/\/ecampusontario.ca\/wp-content\/uploads\/2025\/09\/2025-FOF-Banner-FR-1024x324.png\" alt=\"\" class=\"wp-image-39310\"\/><\/figure>\n\n\n\n<h1 class=\"wp-block-heading has-text-align-center mb-5\" id=\"h-mohamed-sabri\">Mohamed Sabri<\/h1>\n\n\n\n<div class=\"wp-block-columns eco-padding-vertical is-layout-flex wp-container-core-columns-is-layout-9d6595d7 wp-block-columns-is-layout-flex\">\n<div class=\"wp-block-column is-layout-flow wp-block-column-is-layout-flow\" style=\"flex-basis:33.33%\">\n<figure class=\"wp-block-image aligncenter size-full is-resized\"><img decoding=\"async\" src=\"https:\/\/ecampusontario.ca\/wp-content\/uploads\/2025\/09\/MohamedSabri.png\" alt=\"\" class=\"wp-image-39391\" style=\"width:200px\"\/><\/figure>\n\n\n\n<p class=\"has-text-align-center\"><strong>Mohamed Sabri<\/strong><\/p>\n\n\n\n<p class=\"has-text-align-center\">Fondateur de Rocket Science, Expert en intelligence artificielle, Auteur et enseignant au MIT<\/p>\n<\/div>\n\n\n\n<div class=\"wp-block-column is-layout-flow wp-block-column-is-layout-flow\" style=\"flex-basis:66.66%\">\n<p>Mohamed Sabri est un entrepreneur et strat\u00e8ge reconnu en intelligence artificielle, fondateur de Rocket Science Development, une firme sp\u00e9cialis\u00e9e dans l\u2019IA, la gouvernance et l\u2019automatisation des processus d\u2019affaires. Fort de plus de 15 ans d\u2019exp\u00e9rience dans le domaine des donn\u00e9es et de l\u2019IA, il a accompagn\u00e9 de grandes organisations au Canada et \u00e0 l\u2019international dans la conception et la mise en \u0153uvre de solutions novatrices, tout en pla\u00e7ant la gouvernance et l\u2019\u00e9thique au c\u0153ur des projets. <\/p>\n\n\n\n<p>En parall\u00e8le de ses activit\u00e9s de conseil, Mohamed a enseign\u00e9 au MIT \u2013 programme de formation continue ainsi qu\u2019\u00e0 l\u2019Universit\u00e9 du Texas \u00e0 Austin, o\u00f9 il a contribu\u00e9 \u00e0 la formation de professionnels et de dirigeants sur les usages strat\u00e9giques de l\u2019intelligence artificielle. Reconnu pour sa capacit\u00e9 \u00e0 vulgariser des concepts complexes et \u00e0 rapprocher la technologie des enjeux d\u2019affaires, il intervient r\u00e9guli\u00e8rement comme formateur, conf\u00e9rencier et animateur d\u2019\u00e9v\u00e9nements. <\/p>\n\n\n\n<p>Aujourd\u2019hui, Mohamed \u0153uvre \u00e0 b\u00e2tir des ponts entre innovation technologique, conformit\u00e9 r\u00e9glementaire et valeur d\u2019affaires, afin d\u2019accompagner les organisations dans l\u2019adoption responsable et durable de l\u2019IA.<\/p>\n\n\n\n<div class=\"wp-block-buttons is-layout-flex wp-block-buttons-is-layout-flex\">\n<div class=\"wp-block-button\"><a class=\"wp-block-button__link has-text-color has-background has-link-color wp-element-button\" href=\"\/fr\/fof3\" style=\"color:#f1b434;background-color:#1e1a34\">Retourner \u00e0 forum-franco-ontarien<\/a><\/div>\n<\/div>\n<\/div>\n<\/div>\n","protected":false},"excerpt":{"rendered":"<p>Mohamed Sabri Mohamed Sabri Fondateur de Rocket Science, Expert en intelligence artificielle, Auteur et enseignant au MIT Mohamed Sabri est un entrepreneur et strat\u00e8ge reconnu en intelligence artificielle, fondateur de Rocket Science Development, une firme sp\u00e9cialis\u00e9e dans l\u2019IA, la gouvernance et l\u2019automatisation des processus d\u2019affaires. Fort de plus de 15 ans d\u2019exp\u00e9rience dans le domaine [&hellip;]<\/p>\n","protected":false},"author":18,"featured_media":0,"parent":0,"menu_order":0,"comment_status":"closed","ping_status":"closed","template":"","meta":{"_acf_changed":false,"footnotes":""},"categories":[],"tags":[],"class_list":["post-42820","page","type-page","status-publish","hentry"],"acf":[],"yoast_head":"<!-- This site is optimized with the Yoast SEO Premium plugin v26.0 (Yoast SEO v26.0) - https:\/\/yoast.com\/wordpress\/plugins\/seo\/ -->\n<title>Mohamed Sabri | eCampusOntario<\/title>\n<meta name=\"robots\" content=\"index, follow, max-snippet:-1, max-image-preview:large, max-video-preview:-1\" \/>\n<link rel=\"canonical\" href=\"https:\/\/ecampusontario.ca\/fr\/mohamed-sabri\/\" \/>\n<meta property=\"og:locale\" content=\"fr_FR\" \/>\n<meta property=\"og:type\" content=\"article\" \/>\n<meta property=\"og:title\" content=\"Mohamed Sabri\" \/>\n<meta property=\"og:description\" content=\"Mohamed Sabri Mohamed Sabri Fondateur de Rocket Science, Expert en intelligence artificielle, Auteur et enseignant au MIT Mohamed Sabri est un entrepreneur et strat\u00e8ge reconnu en intelligence artificielle, fondateur de Rocket Science Development, une firme sp\u00e9cialis\u00e9e dans l\u2019IA, la gouvernance et l\u2019automatisation des processus d\u2019affaires. Fort de plus de 15 ans d\u2019exp\u00e9rience dans le domaine [&hellip;]\" \/>\n<meta property=\"og:url\" content=\"https:\/\/ecampusontario.ca\/fr\/mohamed-sabri\/\" \/>\n<meta property=\"og:site_name\" content=\"eCampusOntario\" \/>\n<meta property=\"article:publisher\" content=\"https:\/\/www.facebook.com\/ecampusontario\/\" \/>\n<meta property=\"article:modified_time\" content=\"2025-12-16T20:02:31+00:00\" \/>\n<meta property=\"og:image\" content=\"https:\/\/ecampusontario.ca\/wp-content\/uploads\/2025\/11\/Professional-Learning-icon\u2028.png\" \/>\n\t<meta property=\"og:image:width\" content=\"46\" \/>\n\t<meta property=\"og:image:height\" content=\"39\" \/>\n\t<meta property=\"og:image:type\" content=\"image\/png\" \/>\n<meta name=\"twitter:card\" content=\"summary_large_image\" \/>\n<meta name=\"twitter:site\" content=\"@eCampusOntario\" \/>\n<meta name=\"twitter:label1\" content=\"Dur\u00e9e de lecture estim\u00e9e\" \/>\n\t<meta name=\"twitter:data1\" content=\"2 minutes\" \/>\n<script type=\"application\/ld+json\" class=\"yoast-schema-graph\">{\"@context\":\"https:\/\/schema.org\",\"@graph\":[{\"@type\":\"WebPage\",\"@id\":\"https:\/\/ecampusontario.ca\/fr\/mohamed-sabri\/\",\"url\":\"https:\/\/ecampusontario.ca\/fr\/mohamed-sabri\/\",\"name\":\"Mohamed Sabri | eCampusOntario\",\"isPartOf\":{\"@id\":\"https:\/\/ecampusontario.ca\/fr\/#website\"},\"primaryImageOfPage\":{\"@id\":\"https:\/\/ecampusontario.ca\/fr\/mohamed-sabri\/#primaryimage\"},\"image\":{\"@id\":\"https:\/\/ecampusontario.ca\/fr\/mohamed-sabri\/#primaryimage\"},\"thumbnailUrl\":\"https:\/\/ecampusontario.ca\/wp-content\/uploads\/2025\/09\/2025-FOF-Banner-FR-1024x324.png\",\"datePublished\":\"2025-12-16T19:59:10+00:00\",\"dateModified\":\"2025-12-16T20:02:31+00:00\",\"breadcrumb\":{\"@id\":\"https:\/\/ecampusontario.ca\/fr\/mohamed-sabri\/#breadcrumb\"},\"inLanguage\":\"fr-FR\",\"potentialAction\":[{\"@type\":\"ReadAction\",\"target\":[\"https:\/\/ecampusontario.ca\/fr\/mohamed-sabri\/\"]}]},{\"@type\":\"ImageObject\",\"inLanguage\":\"fr-FR\",\"@id\":\"https:\/\/ecampusontario.ca\/fr\/mohamed-sabri\/#primaryimage\",\"url\":\"https:\/\/ecampusontario.ca\/wp-content\/uploads\/2025\/09\/2025-FOF-Banner-FR-1024x324.png\",\"contentUrl\":\"https:\/\/ecampusontario.ca\/wp-content\/uploads\/2025\/09\/2025-FOF-Banner-FR-1024x324.png\"},{\"@type\":\"BreadcrumbList\",\"@id\":\"https:\/\/ecampusontario.ca\/fr\/mohamed-sabri\/#breadcrumb\",\"itemListElement\":[{\"@type\":\"ListItem\",\"position\":1,\"name\":\"Home\",\"item\":\"https:\/\/ecampusontario.ca\/fr\/\"},{\"@type\":\"ListItem\",\"position\":2,\"name\":\"Mohamed Sabri\"}]},{\"@type\":\"WebSite\",\"@id\":\"https:\/\/ecampusontario.ca\/fr\/#website\",\"url\":\"https:\/\/ecampusontario.ca\/fr\/\",\"name\":\"eCampusOntario\",\"description\":\"The online hub for learners and educators across Ontario\",\"publisher\":{\"@id\":\"https:\/\/ecampusontario.ca\/fr\/#organization\"},\"potentialAction\":[{\"@type\":\"SearchAction\",\"target\":{\"@type\":\"EntryPoint\",\"urlTemplate\":\"https:\/\/ecampusontario.ca\/fr\/?s={search_term_string}\"},\"query-input\":{\"@type\":\"PropertyValueSpecification\",\"valueRequired\":true,\"valueName\":\"search_term_string\"}}],\"inLanguage\":\"fr-FR\"},{\"@type\":\"Organization\",\"@id\":\"https:\/\/ecampusontario.ca\/fr\/#organization\",\"name\":\"eCampusOntario\",\"url\":\"https:\/\/ecampusontario.ca\/fr\/\",\"logo\":{\"@type\":\"ImageObject\",\"inLanguage\":\"fr-FR\",\"@id\":\"https:\/\/ecampusontario.ca\/fr\/#\/schema\/logo\/image\/\",\"url\":\"https:\/\/ecampusontario.ca\/wp-content\/uploads\/2018\/11\/ecampus-e-icon-1.png\",\"contentUrl\":\"https:\/\/ecampusontario.ca\/wp-content\/uploads\/2018\/11\/ecampus-e-icon-1.png\",\"width\":720,\"height\":325,\"caption\":\"eCampusOntario\"},\"image\":{\"@id\":\"https:\/\/ecampusontario.ca\/fr\/#\/schema\/logo\/image\/\"},\"sameAs\":[\"https:\/\/www.facebook.com\/ecampusontario\/\",\"https:\/\/x.com\/eCampusOntario\"]}]}<\/script>\n<!-- \/ Yoast SEO Premium plugin. -->","yoast_head_json":{"title":"Mohamed Sabri | eCampusOntario","robots":{"index":"index","follow":"follow","max-snippet":"max-snippet:-1","max-image-preview":"max-image-preview:large","max-video-preview":"max-video-preview:-1"},"canonical":"https:\/\/ecampusontario.ca\/fr\/mohamed-sabri\/","og_locale":"fr_FR","og_type":"article","og_title":"Mohamed Sabri","og_description":"Mohamed Sabri Mohamed Sabri Fondateur de Rocket Science, Expert en intelligence artificielle, Auteur et enseignant au MIT Mohamed Sabri est un entrepreneur et strat\u00e8ge reconnu en intelligence artificielle, fondateur de Rocket Science Development, une firme sp\u00e9cialis\u00e9e dans l\u2019IA, la gouvernance et l\u2019automatisation des processus d\u2019affaires. Fort de plus de 15 ans d\u2019exp\u00e9rience dans le domaine [&hellip;]","og_url":"https:\/\/ecampusontario.ca\/fr\/mohamed-sabri\/","og_site_name":"eCampusOntario","article_publisher":"https:\/\/www.facebook.com\/ecampusontario\/","article_modified_time":"2025-12-16T20:02:31+00:00","og_image":[{"width":46,"height":39,"url":"https:\/\/ecampusontario.ca\/wp-content\/uploads\/2025\/11\/Professional-Learning-icon\u2028.png","type":"image\/png"}],"twitter_card":"summary_large_image","twitter_site":"@eCampusOntario","twitter_misc":{"Dur\u00e9e de lecture estim\u00e9e":"2 minutes"},"schema":{"@context":"https:\/\/schema.org","@graph":[{"@type":"WebPage","@id":"https:\/\/ecampusontario.ca\/fr\/mohamed-sabri\/","url":"https:\/\/ecampusontario.ca\/fr\/mohamed-sabri\/","name":"Mohamed Sabri | eCampusOntario","isPartOf":{"@id":"https:\/\/ecampusontario.ca\/fr\/#website"},"primaryImageOfPage":{"@id":"https:\/\/ecampusontario.ca\/fr\/mohamed-sabri\/#primaryimage"},"image":{"@id":"https:\/\/ecampusontario.ca\/fr\/mohamed-sabri\/#primaryimage"},"thumbnailUrl":"https:\/\/ecampusontario.ca\/wp-content\/uploads\/2025\/09\/2025-FOF-Banner-FR-1024x324.png","datePublished":"2025-12-16T19:59:10+00:00","dateModified":"2025-12-16T20:02:31+00:00","breadcrumb":{"@id":"https:\/\/ecampusontario.ca\/fr\/mohamed-sabri\/#breadcrumb"},"inLanguage":"fr-FR","potentialAction":[{"@type":"ReadAction","target":["https:\/\/ecampusontario.ca\/fr\/mohamed-sabri\/"]}]},{"@type":"ImageObject","inLanguage":"fr-FR","@id":"https:\/\/ecampusontario.ca\/fr\/mohamed-sabri\/#primaryimage","url":"https:\/\/ecampusontario.ca\/wp-content\/uploads\/2025\/09\/2025-FOF-Banner-FR-1024x324.png","contentUrl":"https:\/\/ecampusontario.ca\/wp-content\/uploads\/2025\/09\/2025-FOF-Banner-FR-1024x324.png"},{"@type":"BreadcrumbList","@id":"https:\/\/ecampusontario.ca\/fr\/mohamed-sabri\/#breadcrumb","itemListElement":[{"@type":"ListItem","position":1,"name":"Home","item":"https:\/\/ecampusontario.ca\/fr\/"},{"@type":"ListItem","position":2,"name":"Mohamed Sabri"}]},{"@type":"WebSite","@id":"https:\/\/ecampusontario.ca\/fr\/#website","url":"https:\/\/ecampusontario.ca\/fr\/","name":"eCampusOntario","description":"The online hub for learners and educators across Ontario","publisher":{"@id":"https:\/\/ecampusontario.ca\/fr\/#organization"},"potentialAction":[{"@type":"SearchAction","target":{"@type":"EntryPoint","urlTemplate":"https:\/\/ecampusontario.ca\/fr\/?s={search_term_string}"},"query-input":{"@type":"PropertyValueSpecification","valueRequired":true,"valueName":"search_term_string"}}],"inLanguage":"fr-FR"},{"@type":"Organization","@id":"https:\/\/ecampusontario.ca\/fr\/#organization","name":"eCampusOntario","url":"https:\/\/ecampusontario.ca\/fr\/","logo":{"@type":"ImageObject","inLanguage":"fr-FR","@id":"https:\/\/ecampusontario.ca\/fr\/#\/schema\/logo\/image\/","url":"https:\/\/ecampusontario.ca\/wp-content\/uploads\/2018\/11\/ecampus-e-icon-1.png","contentUrl":"https:\/\/ecampusontario.ca\/wp-content\/uploads\/2018\/11\/ecampus-e-icon-1.png","width":720,"height":325,"caption":"eCampusOntario"},"image":{"@id":"https:\/\/ecampusontario.ca\/fr\/#\/schema\/logo\/image\/"},"sameAs":["https:\/\/www.facebook.com\/ecampusontario\/","https:\/\/x.com\/eCampusOntario"]}]}},"_links":{"self":[{"href":"https:\/\/ecampusontario.ca\/fr\/wp-json\/wp\/v2\/pages\/42820","targetHints":{"allow":["GET"]}}],"collection":[{"href":"https:\/\/ecampusontario.ca\/fr\/wp-json\/wp\/v2\/pages"}],"about":[{"href":"https:\/\/ecampusontario.ca\/fr\/wp-json\/wp\/v2\/types\/page"}],"author":[{"embeddable":true,"href":"https:\/\/ecampusontario.ca\/fr\/wp-json\/wp\/v2\/users\/18"}],"replies":[{"embeddable":true,"href":"https:\/\/ecampusontario.ca\/fr\/wp-json\/wp\/v2\/comments?post=42820"}],"version-history":[{"count":2,"href":"https:\/\/ecampusontario.ca\/fr\/wp-json\/wp\/v2\/pages\/42820\/revisions"}],"predecessor-version":[{"id":42823,"href":"https:\/\/ecampusontario.ca\/fr\/wp-json\/wp\/v2\/pages\/42820\/revisions\/42823"}],"wp:attachment":[{"href":"https:\/\/ecampusontario.ca\/fr\/wp-json\/wp\/v2\/media?parent=42820"}],"wp:term":[{"taxonomy":"category","embeddable":true,"href":"https:\/\/ecampusontario.ca\/fr\/wp-json\/wp\/v2\/categories?post=42820"},{"taxonomy":"post_tag","embeddable":true,"href":"https:\/\/ecampusontario.ca\/fr\/wp-json\/wp\/v2\/tags?post=42820"}],"curies":[{"name":"wp","href":"https:\/\/api.w.org\/{rel}","templated":true}]}}