
{"id":42788,"date":"2025-12-16T11:50:25","date_gmt":"2025-12-16T16:50:25","guid":{"rendered":"https:\/\/ecampusontario.ca\/philippe-toussignant\/"},"modified":"2025-12-16T11:53:52","modified_gmt":"2025-12-16T16:53:52","slug":"philippe-toussignant","status":"publish","type":"page","link":"https:\/\/ecampusontario.ca\/fr\/philippe-toussignant\/","title":{"rendered":"Philippe Toussignant"},"content":{"rendered":"\n<figure class=\"wp-block-image aligncenter size-large\"><img decoding=\"async\" src=\"https:\/\/ecampusontario.ca\/wp-content\/uploads\/2025\/09\/2025-FOF-Banner-FR-1024x324.png\" alt=\"\" class=\"wp-image-39310\"\/><\/figure>\n\n\n\n<h1 class=\"wp-block-heading has-text-align-center mb-5\" id=\"h-philippe-toussignant\">Philippe Toussignant<\/h1>\n\n\n\n<div class=\"wp-block-columns eco-padding-vertical is-layout-flex wp-container-core-columns-is-layout-9d6595d7 wp-block-columns-is-layout-flex\">\n<div class=\"wp-block-column is-layout-flow wp-block-column-is-layout-flow\" style=\"flex-basis:33.33%\">\n<figure class=\"wp-block-image aligncenter size-full is-resized\"><img decoding=\"async\" src=\"https:\/\/ecampusontario.ca\/wp-content\/uploads\/2025\/09\/PhilippeToussignant.png\" alt=\"\" class=\"wp-image-39340\" style=\"width:200px\"\/><\/figure>\n\n\n\n<p class=\"has-text-align-center\"><strong>Philippe Toussignant<\/strong><\/p>\n\n\n\n<p class=\"has-text-align-center\">Fondateur et PDG d&rsquo;Ecohesia, Sp\u00e9cialiste en \u00e9ducation &amp; coop\u00e9ration internationale, Charg\u00e9 de cours \u00e0 l&rsquo;universit\u00e9 de Montr\u00e9al.<\/p>\n<\/div>\n\n\n\n<div class=\"wp-block-column is-layout-flow wp-block-column-is-layout-flow\" style=\"flex-basis:66.66%\">\n<p>Philippe Tousignant est PDG fondateur d\u2019Ecohesia, entreprise sp\u00e9cialis\u00e9e en intelligence artificielle et en cybern\u00e9tique. Apr\u00e8s avoir facilit\u00e9 le cod\u00e9veloppement de programmes \u00e9ducatifs d\u00e9ploy\u00e9s dans plus de 35 000 \u00e9coles \u00e0 travers le monde, il accompagne aujourd\u2019hui les organisations dans l\u2019int\u00e9gration responsable de l\u2019IA au service de l\u2019apprentissage, de la participation citoyenne et de l\u2019innovation ouverte. Il enseigne \u00e9galement \u00e0 l\u2019Universit\u00e9 de Montr\u00e9al sur l\u2019\u00e9ducation \u00e0 la citoyennet\u00e9 mondiale et les pratiques de coop\u00e9ration et de solidarit\u00e9 internationale.<\/p>\n\n\n\n<div class=\"wp-block-buttons is-layout-flex wp-block-buttons-is-layout-flex\">\n<div class=\"wp-block-button\"><a class=\"wp-block-button__link has-text-color has-background has-link-color wp-element-button\" href=\"\/fr\/fof3\" style=\"color:#f1b434;background-color:#1e1a34\">Retourner \u00e0 forum-franco-ontarien<\/a><\/div>\n<\/div>\n<\/div>\n<\/div>\n","protected":false},"excerpt":{"rendered":"<p>Philippe Toussignant Philippe Toussignant Fondateur et PDG d&rsquo;Ecohesia, Sp\u00e9cialiste en \u00e9ducation &amp; coop\u00e9ration internationale, Charg\u00e9 de cours \u00e0 l&rsquo;universit\u00e9 de Montr\u00e9al. Philippe Tousignant est PDG fondateur d\u2019Ecohesia, entreprise sp\u00e9cialis\u00e9e en intelligence artificielle et en cybern\u00e9tique. Apr\u00e8s avoir facilit\u00e9 le cod\u00e9veloppement de programmes \u00e9ducatifs d\u00e9ploy\u00e9s dans plus de 35 000 \u00e9coles \u00e0 travers le monde, il [&hellip;]<\/p>\n","protected":false},"author":18,"featured_media":0,"parent":0,"menu_order":0,"comment_status":"closed","ping_status":"closed","template":"","meta":{"_acf_changed":false,"footnotes":""},"categories":[],"tags":[],"class_list":["post-42788","page","type-page","status-publish","hentry"],"acf":[],"yoast_head":"<!-- This site is optimized with the Yoast SEO Premium plugin v26.0 (Yoast SEO v26.0) - https:\/\/yoast.com\/wordpress\/plugins\/seo\/ -->\n<title>Philippe Toussignant | eCampusOntario<\/title>\n<meta name=\"robots\" content=\"index, follow, max-snippet:-1, max-image-preview:large, max-video-preview:-1\" \/>\n<link rel=\"canonical\" href=\"https:\/\/ecampusontario.ca\/fr\/philippe-toussignant\/\" \/>\n<meta property=\"og:locale\" content=\"fr_FR\" \/>\n<meta property=\"og:type\" content=\"article\" \/>\n<meta property=\"og:title\" content=\"Philippe Toussignant\" \/>\n<meta property=\"og:description\" content=\"Philippe Toussignant Philippe Toussignant Fondateur et PDG d&rsquo;Ecohesia, Sp\u00e9cialiste en \u00e9ducation &amp; coop\u00e9ration internationale, Charg\u00e9 de cours \u00e0 l&rsquo;universit\u00e9 de Montr\u00e9al. Philippe Tousignant est PDG fondateur d\u2019Ecohesia, entreprise sp\u00e9cialis\u00e9e en intelligence artificielle et en cybern\u00e9tique. Apr\u00e8s avoir facilit\u00e9 le cod\u00e9veloppement de programmes \u00e9ducatifs d\u00e9ploy\u00e9s dans plus de 35 000 \u00e9coles \u00e0 travers le monde, il [&hellip;]\" \/>\n<meta property=\"og:url\" content=\"https:\/\/ecampusontario.ca\/fr\/philippe-toussignant\/\" \/>\n<meta property=\"og:site_name\" content=\"eCampusOntario\" \/>\n<meta property=\"article:publisher\" content=\"https:\/\/www.facebook.com\/ecampusontario\/\" \/>\n<meta property=\"article:modified_time\" content=\"2025-12-16T16:53:52+00:00\" \/>\n<meta property=\"og:image\" content=\"https:\/\/ecampusontario.ca\/wp-content\/uploads\/2025\/11\/Professional-Learning-icon\u2028.png\" \/>\n\t<meta property=\"og:image:width\" content=\"46\" \/>\n\t<meta property=\"og:image:height\" content=\"39\" \/>\n\t<meta property=\"og:image:type\" content=\"image\/png\" \/>\n<meta name=\"twitter:card\" content=\"summary_large_image\" \/>\n<meta name=\"twitter:site\" content=\"@eCampusOntario\" \/>\n<meta name=\"twitter:label1\" content=\"Dur\u00e9e de lecture estim\u00e9e\" \/>\n\t<meta name=\"twitter:data1\" content=\"1 minute\" \/>\n<script type=\"application\/ld+json\" class=\"yoast-schema-graph\">{\"@context\":\"https:\/\/schema.org\",\"@graph\":[{\"@type\":\"WebPage\",\"@id\":\"https:\/\/ecampusontario.ca\/fr\/philippe-toussignant\/\",\"url\":\"https:\/\/ecampusontario.ca\/fr\/philippe-toussignant\/\",\"name\":\"Philippe Toussignant | eCampusOntario\",\"isPartOf\":{\"@id\":\"https:\/\/ecampusontario.ca\/fr\/#website\"},\"primaryImageOfPage\":{\"@id\":\"https:\/\/ecampusontario.ca\/fr\/philippe-toussignant\/#primaryimage\"},\"image\":{\"@id\":\"https:\/\/ecampusontario.ca\/fr\/philippe-toussignant\/#primaryimage\"},\"thumbnailUrl\":\"https:\/\/ecampusontario.ca\/wp-content\/uploads\/2025\/09\/2025-FOF-Banner-FR-1024x324.png\",\"datePublished\":\"2025-12-16T16:50:25+00:00\",\"dateModified\":\"2025-12-16T16:53:52+00:00\",\"breadcrumb\":{\"@id\":\"https:\/\/ecampusontario.ca\/fr\/philippe-toussignant\/#breadcrumb\"},\"inLanguage\":\"fr-FR\",\"potentialAction\":[{\"@type\":\"ReadAction\",\"target\":[\"https:\/\/ecampusontario.ca\/fr\/philippe-toussignant\/\"]}]},{\"@type\":\"ImageObject\",\"inLanguage\":\"fr-FR\",\"@id\":\"https:\/\/ecampusontario.ca\/fr\/philippe-toussignant\/#primaryimage\",\"url\":\"https:\/\/ecampusontario.ca\/wp-content\/uploads\/2025\/09\/2025-FOF-Banner-FR-1024x324.png\",\"contentUrl\":\"https:\/\/ecampusontario.ca\/wp-content\/uploads\/2025\/09\/2025-FOF-Banner-FR-1024x324.png\"},{\"@type\":\"BreadcrumbList\",\"@id\":\"https:\/\/ecampusontario.ca\/fr\/philippe-toussignant\/#breadcrumb\",\"itemListElement\":[{\"@type\":\"ListItem\",\"position\":1,\"name\":\"Home\",\"item\":\"https:\/\/ecampusontario.ca\/fr\/\"},{\"@type\":\"ListItem\",\"position\":2,\"name\":\"Philippe Toussignant\"}]},{\"@type\":\"WebSite\",\"@id\":\"https:\/\/ecampusontario.ca\/fr\/#website\",\"url\":\"https:\/\/ecampusontario.ca\/fr\/\",\"name\":\"eCampusOntario\",\"description\":\"The online hub for learners and educators across Ontario\",\"publisher\":{\"@id\":\"https:\/\/ecampusontario.ca\/fr\/#organization\"},\"potentialAction\":[{\"@type\":\"SearchAction\",\"target\":{\"@type\":\"EntryPoint\",\"urlTemplate\":\"https:\/\/ecampusontario.ca\/fr\/?s={search_term_string}\"},\"query-input\":{\"@type\":\"PropertyValueSpecification\",\"valueRequired\":true,\"valueName\":\"search_term_string\"}}],\"inLanguage\":\"fr-FR\"},{\"@type\":\"Organization\",\"@id\":\"https:\/\/ecampusontario.ca\/fr\/#organization\",\"name\":\"eCampusOntario\",\"url\":\"https:\/\/ecampusontario.ca\/fr\/\",\"logo\":{\"@type\":\"ImageObject\",\"inLanguage\":\"fr-FR\",\"@id\":\"https:\/\/ecampusontario.ca\/fr\/#\/schema\/logo\/image\/\",\"url\":\"https:\/\/ecampusontario.ca\/wp-content\/uploads\/2018\/11\/ecampus-e-icon-1.png\",\"contentUrl\":\"https:\/\/ecampusontario.ca\/wp-content\/uploads\/2018\/11\/ecampus-e-icon-1.png\",\"width\":720,\"height\":325,\"caption\":\"eCampusOntario\"},\"image\":{\"@id\":\"https:\/\/ecampusontario.ca\/fr\/#\/schema\/logo\/image\/\"},\"sameAs\":[\"https:\/\/www.facebook.com\/ecampusontario\/\",\"https:\/\/x.com\/eCampusOntario\"]}]}<\/script>\n<!-- \/ Yoast SEO Premium plugin. -->","yoast_head_json":{"title":"Philippe Toussignant | eCampusOntario","robots":{"index":"index","follow":"follow","max-snippet":"max-snippet:-1","max-image-preview":"max-image-preview:large","max-video-preview":"max-video-preview:-1"},"canonical":"https:\/\/ecampusontario.ca\/fr\/philippe-toussignant\/","og_locale":"fr_FR","og_type":"article","og_title":"Philippe Toussignant","og_description":"Philippe Toussignant Philippe Toussignant Fondateur et PDG d&rsquo;Ecohesia, Sp\u00e9cialiste en \u00e9ducation &amp; coop\u00e9ration internationale, Charg\u00e9 de cours \u00e0 l&rsquo;universit\u00e9 de Montr\u00e9al. Philippe Tousignant est PDG fondateur d\u2019Ecohesia, entreprise sp\u00e9cialis\u00e9e en intelligence artificielle et en cybern\u00e9tique. Apr\u00e8s avoir facilit\u00e9 le cod\u00e9veloppement de programmes \u00e9ducatifs d\u00e9ploy\u00e9s dans plus de 35 000 \u00e9coles \u00e0 travers le monde, il [&hellip;]","og_url":"https:\/\/ecampusontario.ca\/fr\/philippe-toussignant\/","og_site_name":"eCampusOntario","article_publisher":"https:\/\/www.facebook.com\/ecampusontario\/","article_modified_time":"2025-12-16T16:53:52+00:00","og_image":[{"width":46,"height":39,"url":"https:\/\/ecampusontario.ca\/wp-content\/uploads\/2025\/11\/Professional-Learning-icon\u2028.png","type":"image\/png"}],"twitter_card":"summary_large_image","twitter_site":"@eCampusOntario","twitter_misc":{"Dur\u00e9e de lecture estim\u00e9e":"1 minute"},"schema":{"@context":"https:\/\/schema.org","@graph":[{"@type":"WebPage","@id":"https:\/\/ecampusontario.ca\/fr\/philippe-toussignant\/","url":"https:\/\/ecampusontario.ca\/fr\/philippe-toussignant\/","name":"Philippe Toussignant | eCampusOntario","isPartOf":{"@id":"https:\/\/ecampusontario.ca\/fr\/#website"},"primaryImageOfPage":{"@id":"https:\/\/ecampusontario.ca\/fr\/philippe-toussignant\/#primaryimage"},"image":{"@id":"https:\/\/ecampusontario.ca\/fr\/philippe-toussignant\/#primaryimage"},"thumbnailUrl":"https:\/\/ecampusontario.ca\/wp-content\/uploads\/2025\/09\/2025-FOF-Banner-FR-1024x324.png","datePublished":"2025-12-16T16:50:25+00:00","dateModified":"2025-12-16T16:53:52+00:00","breadcrumb":{"@id":"https:\/\/ecampusontario.ca\/fr\/philippe-toussignant\/#breadcrumb"},"inLanguage":"fr-FR","potentialAction":[{"@type":"ReadAction","target":["https:\/\/ecampusontario.ca\/fr\/philippe-toussignant\/"]}]},{"@type":"ImageObject","inLanguage":"fr-FR","@id":"https:\/\/ecampusontario.ca\/fr\/philippe-toussignant\/#primaryimage","url":"https:\/\/ecampusontario.ca\/wp-content\/uploads\/2025\/09\/2025-FOF-Banner-FR-1024x324.png","contentUrl":"https:\/\/ecampusontario.ca\/wp-content\/uploads\/2025\/09\/2025-FOF-Banner-FR-1024x324.png"},{"@type":"BreadcrumbList","@id":"https:\/\/ecampusontario.ca\/fr\/philippe-toussignant\/#breadcrumb","itemListElement":[{"@type":"ListItem","position":1,"name":"Home","item":"https:\/\/ecampusontario.ca\/fr\/"},{"@type":"ListItem","position":2,"name":"Philippe Toussignant"}]},{"@type":"WebSite","@id":"https:\/\/ecampusontario.ca\/fr\/#website","url":"https:\/\/ecampusontario.ca\/fr\/","name":"eCampusOntario","description":"The online hub for learners and educators across Ontario","publisher":{"@id":"https:\/\/ecampusontario.ca\/fr\/#organization"},"potentialAction":[{"@type":"SearchAction","target":{"@type":"EntryPoint","urlTemplate":"https:\/\/ecampusontario.ca\/fr\/?s={search_term_string}"},"query-input":{"@type":"PropertyValueSpecification","valueRequired":true,"valueName":"search_term_string"}}],"inLanguage":"fr-FR"},{"@type":"Organization","@id":"https:\/\/ecampusontario.ca\/fr\/#organization","name":"eCampusOntario","url":"https:\/\/ecampusontario.ca\/fr\/","logo":{"@type":"ImageObject","inLanguage":"fr-FR","@id":"https:\/\/ecampusontario.ca\/fr\/#\/schema\/logo\/image\/","url":"https:\/\/ecampusontario.ca\/wp-content\/uploads\/2018\/11\/ecampus-e-icon-1.png","contentUrl":"https:\/\/ecampusontario.ca\/wp-content\/uploads\/2018\/11\/ecampus-e-icon-1.png","width":720,"height":325,"caption":"eCampusOntario"},"image":{"@id":"https:\/\/ecampusontario.ca\/fr\/#\/schema\/logo\/image\/"},"sameAs":["https:\/\/www.facebook.com\/ecampusontario\/","https:\/\/x.com\/eCampusOntario"]}]}},"_links":{"self":[{"href":"https:\/\/ecampusontario.ca\/fr\/wp-json\/wp\/v2\/pages\/42788","targetHints":{"allow":["GET"]}}],"collection":[{"href":"https:\/\/ecampusontario.ca\/fr\/wp-json\/wp\/v2\/pages"}],"about":[{"href":"https:\/\/ecampusontario.ca\/fr\/wp-json\/wp\/v2\/types\/page"}],"author":[{"embeddable":true,"href":"https:\/\/ecampusontario.ca\/fr\/wp-json\/wp\/v2\/users\/18"}],"replies":[{"embeddable":true,"href":"https:\/\/ecampusontario.ca\/fr\/wp-json\/wp\/v2\/comments?post=42788"}],"version-history":[{"count":2,"href":"https:\/\/ecampusontario.ca\/fr\/wp-json\/wp\/v2\/pages\/42788\/revisions"}],"predecessor-version":[{"id":42791,"href":"https:\/\/ecampusontario.ca\/fr\/wp-json\/wp\/v2\/pages\/42788\/revisions\/42791"}],"wp:attachment":[{"href":"https:\/\/ecampusontario.ca\/fr\/wp-json\/wp\/v2\/media?parent=42788"}],"wp:term":[{"taxonomy":"category","embeddable":true,"href":"https:\/\/ecampusontario.ca\/fr\/wp-json\/wp\/v2\/categories?post=42788"},{"taxonomy":"post_tag","embeddable":true,"href":"https:\/\/ecampusontario.ca\/fr\/wp-json\/wp\/v2\/tags?post=42788"}],"curies":[{"name":"wp","href":"https:\/\/api.w.org\/{rel}","templated":true}]}}