
{"id":42759,"date":"2025-12-16T11:12:12","date_gmt":"2025-12-16T16:12:12","guid":{"rendered":"https:\/\/ecampusontario.ca\/dr-lynn-casimiro\/"},"modified":"2025-12-16T11:18:08","modified_gmt":"2025-12-16T16:18:08","slug":"dr-lynn-casimiro","status":"publish","type":"page","link":"https:\/\/ecampusontario.ca\/fr\/dr-lynn-casimiro\/","title":{"rendered":"Dre Lynn Casimiro"},"content":{"rendered":"\n<figure class=\"wp-block-image aligncenter size-large\"><img decoding=\"async\" src=\"https:\/\/ecampusontario.ca\/wp-content\/uploads\/2025\/09\/2025-FOF-Banner-FR-1024x324.png\" alt=\"\" class=\"wp-image-39310\"\/><\/figure>\n\n\n\n<h1 class=\"wp-block-heading has-text-align-center mb-5\" id=\"h-dre-lynn-casimiro\">Dre Lynn Casimiro<\/h1>\n\n\n\n<div class=\"wp-block-columns eco-padding-vertical is-layout-flex wp-container-core-columns-is-layout-9d6595d7 wp-block-columns-is-layout-flex\">\n<div class=\"wp-block-column is-layout-flow wp-block-column-is-layout-flow\" style=\"flex-basis:33.33%\">\n<figure class=\"wp-block-image aligncenter size-full is-resized\"><img decoding=\"async\" src=\"https:\/\/ecampusontario.ca\/wp-content\/uploads\/2025\/10\/Lynn-Casimiro.png\" alt=\"\" class=\"wp-image-39615\" style=\"width:200px\"\/><\/figure>\n\n\n\n<p class=\"has-text-align-center\"><strong>Dre Lynn Casimiro<\/strong><\/p>\n\n\n\n<p class=\"has-text-align-center\">Pr\u00e9sidente-directrice g\u00e9n\u00e9rale &#8211; Coll\u00e8ge La Cit\u00e9&nbsp;<\/p>\n<\/div>\n\n\n\n<div class=\"wp-block-column is-layout-flow wp-block-column-is-layout-flow\" style=\"flex-basis:66.66%\">\n<p>Dre Lynn Casimiro est pr\u00e9sidente-directrice g\u00e9n\u00e9rale du Coll\u00e8ge La Cit\u00e9. Elle a pr\u00e9c\u00e9demment occup\u00e9 le poste de vice-pr\u00e9sidente \u00e0 l\u2019enseignement et \u00e0 la r\u00e9ussite \u00e9tudiante au sein du coll\u00e8ge et a \u00e9t\u00e9 professeure associ\u00e9e \u00e0 l\u2019Universit\u00e9 de l\u2019Ontario fran\u00e7ais. Elle pr\u00e9side le conseil d\u2019administration du R\u00e9seau des c\u00e9geps et coll\u00e8ges francophones du Canada et si\u00e8ge aux conseils d\u2019administration du Consortium national pour le d\u00e9veloppement de ressources p\u00e9dagogiques en fran\u00e7ais et du Comit\u00e9 scientifique de l\u2019Institut du Savoir Montfort.&nbsp;<\/p>\n\n\n\n<p>Au d\u00e9but de sa carri\u00e8re, elle a \u00e9t\u00e9 directrice de l\u2019\u00e9ducation et pr\u00e9sidente fondatrice du Comit\u00e9 d\u2019\u00e9thique de la recherche \u00e0 l\u2019H\u00f4pital Montfort, o\u00f9 elle a men\u00e9 des recherches sur l\u2019offre active de services en fran\u00e7ais et l\u2019approche interprofessionnelle en sant\u00e9. Elle a \u00e9galement \u00e9t\u00e9 directrice du Conseil acad\u00e9mique de la sant\u00e9 et conseill\u00e8re en d\u00e9veloppement au CNFS\u2013Universit\u00e9 d\u2019Ottawa. Passionn\u00e9e d\u2019andragogie, la Dre Casimiro d\u00e9tient des dipl\u00f4mes en physioth\u00e9rapie, en activit\u00e9 physique, en \u00e9ducation (PhD) et en administration publique.&nbsp;<\/p>\n\n\n\n<div class=\"wp-block-buttons is-layout-flex wp-block-buttons-is-layout-flex\">\n<div class=\"wp-block-button\"><a class=\"wp-block-button__link has-text-color has-background has-link-color wp-element-button\" href=\"\/fof3\" style=\"color:#f1b434;background-color:#1e1a34\">Return to Franco-Ontarian Forum<\/a><\/div>\n<\/div>\n<\/div>\n<\/div>\n","protected":false},"excerpt":{"rendered":"<p>Dre Lynn Casimiro Dre Lynn Casimiro Pr\u00e9sidente-directrice g\u00e9n\u00e9rale &#8211; Coll\u00e8ge La Cit\u00e9&nbsp; Dre Lynn Casimiro est pr\u00e9sidente-directrice g\u00e9n\u00e9rale du Coll\u00e8ge La Cit\u00e9. Elle a pr\u00e9c\u00e9demment occup\u00e9 le poste de vice-pr\u00e9sidente \u00e0 l\u2019enseignement et \u00e0 la r\u00e9ussite \u00e9tudiante au sein du coll\u00e8ge et a \u00e9t\u00e9 professeure associ\u00e9e \u00e0 l\u2019Universit\u00e9 de l\u2019Ontario fran\u00e7ais. Elle pr\u00e9side le conseil [&hellip;]<\/p>\n","protected":false},"author":18,"featured_media":0,"parent":0,"menu_order":0,"comment_status":"closed","ping_status":"closed","template":"","meta":{"_acf_changed":false,"footnotes":""},"categories":[],"tags":[],"class_list":["post-42759","page","type-page","status-publish","hentry"],"acf":[],"yoast_head":"<!-- This site is optimized with the Yoast SEO Premium plugin v26.0 (Yoast SEO v26.0) - https:\/\/yoast.com\/wordpress\/plugins\/seo\/ -->\n<title>Dre Lynn Casimiro | eCampusOntario<\/title>\n<meta name=\"robots\" content=\"index, follow, max-snippet:-1, max-image-preview:large, max-video-preview:-1\" \/>\n<link rel=\"canonical\" href=\"https:\/\/ecampusontario.ca\/fr\/dr-lynn-casimiro\/\" \/>\n<meta property=\"og:locale\" content=\"fr_FR\" \/>\n<meta property=\"og:type\" content=\"article\" \/>\n<meta property=\"og:title\" content=\"Dre Lynn Casimiro\" \/>\n<meta property=\"og:description\" content=\"Dre Lynn Casimiro Dre Lynn Casimiro Pr\u00e9sidente-directrice g\u00e9n\u00e9rale &#8211; Coll\u00e8ge La Cit\u00e9&nbsp; Dre Lynn Casimiro est pr\u00e9sidente-directrice g\u00e9n\u00e9rale du Coll\u00e8ge La Cit\u00e9. Elle a pr\u00e9c\u00e9demment occup\u00e9 le poste de vice-pr\u00e9sidente \u00e0 l\u2019enseignement et \u00e0 la r\u00e9ussite \u00e9tudiante au sein du coll\u00e8ge et a \u00e9t\u00e9 professeure associ\u00e9e \u00e0 l\u2019Universit\u00e9 de l\u2019Ontario fran\u00e7ais. Elle pr\u00e9side le conseil [&hellip;]\" \/>\n<meta property=\"og:url\" content=\"https:\/\/ecampusontario.ca\/fr\/dr-lynn-casimiro\/\" \/>\n<meta property=\"og:site_name\" content=\"eCampusOntario\" \/>\n<meta property=\"article:publisher\" content=\"https:\/\/www.facebook.com\/ecampusontario\/\" \/>\n<meta property=\"article:modified_time\" content=\"2025-12-16T16:18:08+00:00\" \/>\n<meta property=\"og:image\" content=\"https:\/\/ecampusontario.ca\/wp-content\/uploads\/2025\/11\/Professional-Learning-icon\u2028.png\" \/>\n\t<meta property=\"og:image:width\" content=\"46\" \/>\n\t<meta property=\"og:image:height\" content=\"39\" \/>\n\t<meta property=\"og:image:type\" content=\"image\/png\" \/>\n<meta name=\"twitter:card\" content=\"summary_large_image\" \/>\n<meta name=\"twitter:site\" content=\"@eCampusOntario\" \/>\n<meta name=\"twitter:label1\" content=\"Dur\u00e9e de lecture estim\u00e9e\" \/>\n\t<meta name=\"twitter:data1\" content=\"2 minutes\" \/>\n<script type=\"application\/ld+json\" class=\"yoast-schema-graph\">{\"@context\":\"https:\/\/schema.org\",\"@graph\":[{\"@type\":\"WebPage\",\"@id\":\"https:\/\/ecampusontario.ca\/fr\/dr-lynn-casimiro\/\",\"url\":\"https:\/\/ecampusontario.ca\/fr\/dr-lynn-casimiro\/\",\"name\":\"Dre Lynn Casimiro | eCampusOntario\",\"isPartOf\":{\"@id\":\"https:\/\/ecampusontario.ca\/fr\/#website\"},\"primaryImageOfPage\":{\"@id\":\"https:\/\/ecampusontario.ca\/fr\/dr-lynn-casimiro\/#primaryimage\"},\"image\":{\"@id\":\"https:\/\/ecampusontario.ca\/fr\/dr-lynn-casimiro\/#primaryimage\"},\"thumbnailUrl\":\"https:\/\/ecampusontario.ca\/wp-content\/uploads\/2025\/09\/2025-FOF-Banner-FR-1024x324.png\",\"datePublished\":\"2025-12-16T16:12:12+00:00\",\"dateModified\":\"2025-12-16T16:18:08+00:00\",\"breadcrumb\":{\"@id\":\"https:\/\/ecampusontario.ca\/fr\/dr-lynn-casimiro\/#breadcrumb\"},\"inLanguage\":\"fr-FR\",\"potentialAction\":[{\"@type\":\"ReadAction\",\"target\":[\"https:\/\/ecampusontario.ca\/fr\/dr-lynn-casimiro\/\"]}]},{\"@type\":\"ImageObject\",\"inLanguage\":\"fr-FR\",\"@id\":\"https:\/\/ecampusontario.ca\/fr\/dr-lynn-casimiro\/#primaryimage\",\"url\":\"https:\/\/ecampusontario.ca\/wp-content\/uploads\/2025\/09\/2025-FOF-Banner-FR-1024x324.png\",\"contentUrl\":\"https:\/\/ecampusontario.ca\/wp-content\/uploads\/2025\/09\/2025-FOF-Banner-FR-1024x324.png\"},{\"@type\":\"BreadcrumbList\",\"@id\":\"https:\/\/ecampusontario.ca\/fr\/dr-lynn-casimiro\/#breadcrumb\",\"itemListElement\":[{\"@type\":\"ListItem\",\"position\":1,\"name\":\"Home\",\"item\":\"https:\/\/ecampusontario.ca\/fr\/\"},{\"@type\":\"ListItem\",\"position\":2,\"name\":\"Dre Lynn Casimiro\"}]},{\"@type\":\"WebSite\",\"@id\":\"https:\/\/ecampusontario.ca\/fr\/#website\",\"url\":\"https:\/\/ecampusontario.ca\/fr\/\",\"name\":\"eCampusOntario\",\"description\":\"The online hub for learners and educators across Ontario\",\"publisher\":{\"@id\":\"https:\/\/ecampusontario.ca\/fr\/#organization\"},\"potentialAction\":[{\"@type\":\"SearchAction\",\"target\":{\"@type\":\"EntryPoint\",\"urlTemplate\":\"https:\/\/ecampusontario.ca\/fr\/?s={search_term_string}\"},\"query-input\":{\"@type\":\"PropertyValueSpecification\",\"valueRequired\":true,\"valueName\":\"search_term_string\"}}],\"inLanguage\":\"fr-FR\"},{\"@type\":\"Organization\",\"@id\":\"https:\/\/ecampusontario.ca\/fr\/#organization\",\"name\":\"eCampusOntario\",\"url\":\"https:\/\/ecampusontario.ca\/fr\/\",\"logo\":{\"@type\":\"ImageObject\",\"inLanguage\":\"fr-FR\",\"@id\":\"https:\/\/ecampusontario.ca\/fr\/#\/schema\/logo\/image\/\",\"url\":\"https:\/\/ecampusontario.ca\/wp-content\/uploads\/2018\/11\/ecampus-e-icon-1.png\",\"contentUrl\":\"https:\/\/ecampusontario.ca\/wp-content\/uploads\/2018\/11\/ecampus-e-icon-1.png\",\"width\":720,\"height\":325,\"caption\":\"eCampusOntario\"},\"image\":{\"@id\":\"https:\/\/ecampusontario.ca\/fr\/#\/schema\/logo\/image\/\"},\"sameAs\":[\"https:\/\/www.facebook.com\/ecampusontario\/\",\"https:\/\/x.com\/eCampusOntario\"]}]}<\/script>\n<!-- \/ Yoast SEO Premium plugin. -->","yoast_head_json":{"title":"Dre Lynn Casimiro | eCampusOntario","robots":{"index":"index","follow":"follow","max-snippet":"max-snippet:-1","max-image-preview":"max-image-preview:large","max-video-preview":"max-video-preview:-1"},"canonical":"https:\/\/ecampusontario.ca\/fr\/dr-lynn-casimiro\/","og_locale":"fr_FR","og_type":"article","og_title":"Dre Lynn Casimiro","og_description":"Dre Lynn Casimiro Dre Lynn Casimiro Pr\u00e9sidente-directrice g\u00e9n\u00e9rale &#8211; Coll\u00e8ge La Cit\u00e9&nbsp; Dre Lynn Casimiro est pr\u00e9sidente-directrice g\u00e9n\u00e9rale du Coll\u00e8ge La Cit\u00e9. Elle a pr\u00e9c\u00e9demment occup\u00e9 le poste de vice-pr\u00e9sidente \u00e0 l\u2019enseignement et \u00e0 la r\u00e9ussite \u00e9tudiante au sein du coll\u00e8ge et a \u00e9t\u00e9 professeure associ\u00e9e \u00e0 l\u2019Universit\u00e9 de l\u2019Ontario fran\u00e7ais. Elle pr\u00e9side le conseil [&hellip;]","og_url":"https:\/\/ecampusontario.ca\/fr\/dr-lynn-casimiro\/","og_site_name":"eCampusOntario","article_publisher":"https:\/\/www.facebook.com\/ecampusontario\/","article_modified_time":"2025-12-16T16:18:08+00:00","og_image":[{"width":46,"height":39,"url":"https:\/\/ecampusontario.ca\/wp-content\/uploads\/2025\/11\/Professional-Learning-icon\u2028.png","type":"image\/png"}],"twitter_card":"summary_large_image","twitter_site":"@eCampusOntario","twitter_misc":{"Dur\u00e9e de lecture estim\u00e9e":"2 minutes"},"schema":{"@context":"https:\/\/schema.org","@graph":[{"@type":"WebPage","@id":"https:\/\/ecampusontario.ca\/fr\/dr-lynn-casimiro\/","url":"https:\/\/ecampusontario.ca\/fr\/dr-lynn-casimiro\/","name":"Dre Lynn Casimiro | eCampusOntario","isPartOf":{"@id":"https:\/\/ecampusontario.ca\/fr\/#website"},"primaryImageOfPage":{"@id":"https:\/\/ecampusontario.ca\/fr\/dr-lynn-casimiro\/#primaryimage"},"image":{"@id":"https:\/\/ecampusontario.ca\/fr\/dr-lynn-casimiro\/#primaryimage"},"thumbnailUrl":"https:\/\/ecampusontario.ca\/wp-content\/uploads\/2025\/09\/2025-FOF-Banner-FR-1024x324.png","datePublished":"2025-12-16T16:12:12+00:00","dateModified":"2025-12-16T16:18:08+00:00","breadcrumb":{"@id":"https:\/\/ecampusontario.ca\/fr\/dr-lynn-casimiro\/#breadcrumb"},"inLanguage":"fr-FR","potentialAction":[{"@type":"ReadAction","target":["https:\/\/ecampusontario.ca\/fr\/dr-lynn-casimiro\/"]}]},{"@type":"ImageObject","inLanguage":"fr-FR","@id":"https:\/\/ecampusontario.ca\/fr\/dr-lynn-casimiro\/#primaryimage","url":"https:\/\/ecampusontario.ca\/wp-content\/uploads\/2025\/09\/2025-FOF-Banner-FR-1024x324.png","contentUrl":"https:\/\/ecampusontario.ca\/wp-content\/uploads\/2025\/09\/2025-FOF-Banner-FR-1024x324.png"},{"@type":"BreadcrumbList","@id":"https:\/\/ecampusontario.ca\/fr\/dr-lynn-casimiro\/#breadcrumb","itemListElement":[{"@type":"ListItem","position":1,"name":"Home","item":"https:\/\/ecampusontario.ca\/fr\/"},{"@type":"ListItem","position":2,"name":"Dre Lynn Casimiro"}]},{"@type":"WebSite","@id":"https:\/\/ecampusontario.ca\/fr\/#website","url":"https:\/\/ecampusontario.ca\/fr\/","name":"eCampusOntario","description":"The online hub for learners and educators across Ontario","publisher":{"@id":"https:\/\/ecampusontario.ca\/fr\/#organization"},"potentialAction":[{"@type":"SearchAction","target":{"@type":"EntryPoint","urlTemplate":"https:\/\/ecampusontario.ca\/fr\/?s={search_term_string}"},"query-input":{"@type":"PropertyValueSpecification","valueRequired":true,"valueName":"search_term_string"}}],"inLanguage":"fr-FR"},{"@type":"Organization","@id":"https:\/\/ecampusontario.ca\/fr\/#organization","name":"eCampusOntario","url":"https:\/\/ecampusontario.ca\/fr\/","logo":{"@type":"ImageObject","inLanguage":"fr-FR","@id":"https:\/\/ecampusontario.ca\/fr\/#\/schema\/logo\/image\/","url":"https:\/\/ecampusontario.ca\/wp-content\/uploads\/2018\/11\/ecampus-e-icon-1.png","contentUrl":"https:\/\/ecampusontario.ca\/wp-content\/uploads\/2018\/11\/ecampus-e-icon-1.png","width":720,"height":325,"caption":"eCampusOntario"},"image":{"@id":"https:\/\/ecampusontario.ca\/fr\/#\/schema\/logo\/image\/"},"sameAs":["https:\/\/www.facebook.com\/ecampusontario\/","https:\/\/x.com\/eCampusOntario"]}]}},"_links":{"self":[{"href":"https:\/\/ecampusontario.ca\/fr\/wp-json\/wp\/v2\/pages\/42759","targetHints":{"allow":["GET"]}}],"collection":[{"href":"https:\/\/ecampusontario.ca\/fr\/wp-json\/wp\/v2\/pages"}],"about":[{"href":"https:\/\/ecampusontario.ca\/fr\/wp-json\/wp\/v2\/types\/page"}],"author":[{"embeddable":true,"href":"https:\/\/ecampusontario.ca\/fr\/wp-json\/wp\/v2\/users\/18"}],"replies":[{"embeddable":true,"href":"https:\/\/ecampusontario.ca\/fr\/wp-json\/wp\/v2\/comments?post=42759"}],"version-history":[{"count":3,"href":"https:\/\/ecampusontario.ca\/fr\/wp-json\/wp\/v2\/pages\/42759\/revisions"}],"predecessor-version":[{"id":42763,"href":"https:\/\/ecampusontario.ca\/fr\/wp-json\/wp\/v2\/pages\/42759\/revisions\/42763"}],"wp:attachment":[{"href":"https:\/\/ecampusontario.ca\/fr\/wp-json\/wp\/v2\/media?parent=42759"}],"wp:term":[{"taxonomy":"category","embeddable":true,"href":"https:\/\/ecampusontario.ca\/fr\/wp-json\/wp\/v2\/categories?post=42759"},{"taxonomy":"post_tag","embeddable":true,"href":"https:\/\/ecampusontario.ca\/fr\/wp-json\/wp\/v2\/tags?post=42759"}],"curies":[{"name":"wp","href":"https:\/\/api.w.org\/{rel}","templated":true}]}}