
{"id":42333,"date":"2025-12-04T09:45:03","date_gmt":"2025-12-04T14:45:03","guid":{"rendered":"https:\/\/ecampusontario.ca\/?page_id=42333"},"modified":"2026-04-09T11:44:31","modified_gmt":"2026-04-09T15:44:31","slug":"ai","status":"publish","type":"page","link":"https:\/\/ecampusontario.ca\/fr\/ai\/","title":{"rendered":"Initiatives en mati\u00e8re d&rsquo;IA dans l&rsquo;enseignement postsecondaire"},"content":{"rendered":"\n<header class=\"wp-block-group has-tangerine-background-color has-background is-layout-constrained wp-block-group-is-layout-constrained\">\n<div class=\"wp-block-columns eco-gap-20 eco-padding-horizontal-4rem is-layout-flex wp-container-core-columns-is-layout-9d6595d7 wp-block-columns-is-layout-flex\">\n<div class=\"wp-block-column align-vertical-center is-layout-flow wp-block-column-is-layout-flow\">\n<p><\/p>\n\n\n\n<h1 class=\"wp-block-heading\" id=\"h-initiatives-en-matiere-d-ia-dans-l-enseignement-postsecondaire\">Initiatives en mati\u00e8re d\u2019IA dans l\u2019enseignement postsecondaire<\/h1>\n\n\n\n<p>D\u00e9couvrez les initiatives IA soutenant l&rsquo;innovation et une \u00e9ducation num\u00e9rique transformatrices.<\/p>\n<\/div>\n\n\n\n<div class=\"wp-block-column d-flex  is-layout-flow wp-block-column-is-layout-flow\">\n<figure class=\"wp-block-image aligncenter size-medium d-flex align-vertical-center\"><img decoding=\"async\" src=\"https:\/\/rc-ecampus.ecampusontario.ca\/wp-content\/uploads\/2026\/04\/AI-Initiatives-Banner-300x223.png\" alt=\"\" class=\"wp-image-44054\"\/><\/figure>\n<\/div>\n<\/div>\n<\/header>\n\n\n\n<div class=\"wp-block-group eco-no-padding-horizontal eco-no-padding-vertical is-layout-constrained wp-block-group-is-layout-constrained\">\n<div class=\"wp-block-ecampusontario-eco-breadcrumbs\">\n\t<nav class=\"eco-breadcrumbs\" aria-label=\"Breadcrumbs\"><ol><li><a href=\"\/fr\">Accueil<\/a><\/li><li class=\"eco-breacrumb-current\">Initiatives en mati\u00e8re d&rsquo;IA dans l&rsquo;enseignement postsecondaire<\/li><\/ol><\/nav><\/div>\n<\/div>\n\n\n\n<div class=\"wp-block-columns eco-no-padding-horizontal max-width-1200 is-layout-flex wp-container-core-columns-is-layout-9d6595d7 wp-block-columns-is-layout-flex\">\n<div class=\"wp-block-column eco-no-padding-horizontal is-layout-flow wp-block-column-is-layout-flow\">\n<script>\nwindow.ICL_LANGUAGE_CODE = 'fr';\n  window.AI_HUB_ASSET_BASE = '\/wp-content\/themes\/ecampusontario\/ai-hub\/assets\/';\n<\/script>\n<app-root><\/app-root>\n<script type=\"module\" src=\"\/wp-content\/themes\/ecampusontario\/ai-hub\/polyfills.js\"><\/script>\n<script type=\"module\" src=\"\/wp-content\/themes\/ecampusontario\/ai-hub\/main.js\"><\/script>\n<link rel=\"stylesheet\" href=\"\/wp-content\/themes\/ecampusontario\/ai-hub\/styles.css\">\n<style>\n.eco-hero-section, .breadcrumb-nav{display:none;} \n.max-width-1200{max-width: 1200px;margin: auto;}\n.eco-breadcrumbs{margin-bottom:0px;}\nbody{overflow-x: hidden;}\n<\/style>\n<\/div>\n<\/div>\n","protected":false},"excerpt":{"rendered":"<p>Initiatives en mati\u00e8re d\u2019IA dans l\u2019enseignement postsecondaire D\u00e9couvrez les initiatives IA soutenant l&rsquo;innovation et une \u00e9ducation num\u00e9rique transformatrices. Accueil Initiatives en mati\u00e8re d&rsquo;IA dans l&rsquo;enseignement postsecondaire<\/p>\n","protected":false},"author":18,"featured_media":0,"parent":0,"menu_order":0,"comment_status":"closed","ping_status":"closed","template":"","meta":{"_acf_changed":false,"footnotes":""},"categories":[],"tags":[],"class_list":["post-42333","page","type-page","status-publish","hentry"],"acf":[],"yoast_head":"<!-- This site is optimized with the Yoast SEO Premium plugin v27.4 (Yoast SEO v27.4) - https:\/\/yoast.com\/product\/yoast-seo-premium-wordpress\/ -->\n<title>Initiatives en mati\u00e8re d&#039;IA dans l&#039;enseignement postsecondaire | eCampusOntario<\/title>\n<meta name=\"robots\" content=\"index, follow, max-snippet:-1, max-image-preview:large, max-video-preview:-1\" \/>\n<link rel=\"canonical\" href=\"https:\/\/ecampusontario.ca\/fr\/ai\/\" \/>\n<meta property=\"og:locale\" content=\"fr_FR\" \/>\n<meta property=\"og:type\" content=\"article\" \/>\n<meta property=\"og:title\" content=\"Initiatives en mati\u00e8re d&#039;IA dans l&#039;enseignement postsecondaire\" \/>\n<meta property=\"og:description\" content=\"Initiatives en mati\u00e8re d\u2019IA dans l\u2019enseignement postsecondaire D\u00e9couvrez les initiatives IA soutenant l&rsquo;innovation et une \u00e9ducation num\u00e9rique transformatrices. Accueil Initiatives en mati\u00e8re d&rsquo;IA dans l&rsquo;enseignement postsecondaire\" \/>\n<meta property=\"og:url\" content=\"https:\/\/ecampusontario.ca\/fr\/ai\/\" \/>\n<meta property=\"og:site_name\" content=\"eCampusOntario\" \/>\n<meta property=\"article:publisher\" content=\"https:\/\/www.facebook.com\/ecampusontario\/\" \/>\n<meta property=\"article:modified_time\" content=\"2026-04-09T15:44:31+00:00\" \/>\n<meta property=\"og:image\" content=\"https:\/\/ecampusontario.ca\/wp-content\/uploads\/2020\/01\/Screen-Shot-2020-01-30-at-10.01.53-AM.png\" \/>\n\t<meta property=\"og:image:width\" content=\"1597\" \/>\n\t<meta property=\"og:image:height\" content=\"583\" \/>\n\t<meta property=\"og:image:type\" content=\"image\/png\" \/>\n<meta name=\"twitter:card\" content=\"summary_large_image\" \/>\n<meta name=\"twitter:site\" content=\"@eCampusOntario\" \/>\n<meta name=\"twitter:label1\" content=\"Dur\u00e9e de lecture estim\u00e9e\" \/>\n\t<meta name=\"twitter:data1\" content=\"1 minute\" \/>\n<script type=\"application\/ld+json\" class=\"yoast-schema-graph\">{\"@context\":\"https:\\\/\\\/schema.org\",\"@graph\":[{\"@type\":\"WebPage\",\"@id\":\"https:\\\/\\\/ecampusontario.ca\\\/fr\\\/ai\\\/\",\"url\":\"https:\\\/\\\/ecampusontario.ca\\\/fr\\\/ai\\\/\",\"name\":\"Initiatives en mati\u00e8re d'IA dans l'enseignement postsecondaire | eCampusOntario\",\"isPartOf\":{\"@id\":\"https:\\\/\\\/ecampusontario.ca\\\/fr\\\/#website\"},\"primaryImageOfPage\":{\"@id\":\"https:\\\/\\\/ecampusontario.ca\\\/fr\\\/ai\\\/#primaryimage\"},\"image\":{\"@id\":\"https:\\\/\\\/ecampusontario.ca\\\/fr\\\/ai\\\/#primaryimage\"},\"thumbnailUrl\":\"https:\\\/\\\/rc-ecampus.ecampusontario.ca\\\/wp-content\\\/uploads\\\/2026\\\/04\\\/AI-Initiatives-Banner-300x223.png\",\"datePublished\":\"2025-12-04T14:45:03+00:00\",\"dateModified\":\"2026-04-09T15:44:31+00:00\",\"breadcrumb\":{\"@id\":\"https:\\\/\\\/ecampusontario.ca\\\/fr\\\/ai\\\/#breadcrumb\"},\"inLanguage\":\"fr-FR\",\"potentialAction\":[{\"@type\":\"ReadAction\",\"target\":[\"https:\\\/\\\/ecampusontario.ca\\\/fr\\\/ai\\\/\"]}]},{\"@type\":\"ImageObject\",\"inLanguage\":\"fr-FR\",\"@id\":\"https:\\\/\\\/ecampusontario.ca\\\/fr\\\/ai\\\/#primaryimage\",\"url\":\"https:\\\/\\\/rc-ecampus.ecampusontario.ca\\\/wp-content\\\/uploads\\\/2026\\\/04\\\/AI-Initiatives-Banner-300x223.png\",\"contentUrl\":\"https:\\\/\\\/rc-ecampus.ecampusontario.ca\\\/wp-content\\\/uploads\\\/2026\\\/04\\\/AI-Initiatives-Banner-300x223.png\"},{\"@type\":\"BreadcrumbList\",\"@id\":\"https:\\\/\\\/ecampusontario.ca\\\/fr\\\/ai\\\/#breadcrumb\",\"itemListElement\":[{\"@type\":\"ListItem\",\"position\":1,\"name\":\"Home\",\"item\":\"https:\\\/\\\/ecampusontario.ca\\\/fr\\\/\"},{\"@type\":\"ListItem\",\"position\":2,\"name\":\"Initiatives en mati\u00e8re d&rsquo;IA dans l&rsquo;enseignement postsecondaire\"}]},{\"@type\":\"WebSite\",\"@id\":\"https:\\\/\\\/ecampusontario.ca\\\/fr\\\/#website\",\"url\":\"https:\\\/\\\/ecampusontario.ca\\\/fr\\\/\",\"name\":\"eCampusOntario\",\"description\":\"The online hub for learners and educators across Ontario\",\"publisher\":{\"@id\":\"https:\\\/\\\/ecampusontario.ca\\\/fr\\\/#organization\"},\"potentialAction\":[{\"@type\":\"SearchAction\",\"target\":{\"@type\":\"EntryPoint\",\"urlTemplate\":\"https:\\\/\\\/ecampusontario.ca\\\/fr\\\/?s={search_term_string}\"},\"query-input\":{\"@type\":\"PropertyValueSpecification\",\"valueRequired\":true,\"valueName\":\"search_term_string\"}}],\"inLanguage\":\"fr-FR\"},{\"@type\":\"Organization\",\"@id\":\"https:\\\/\\\/ecampusontario.ca\\\/fr\\\/#organization\",\"name\":\"eCampusOntario\",\"url\":\"https:\\\/\\\/ecampusontario.ca\\\/fr\\\/\",\"logo\":{\"@type\":\"ImageObject\",\"inLanguage\":\"fr-FR\",\"@id\":\"https:\\\/\\\/ecampusontario.ca\\\/fr\\\/#\\\/schema\\\/logo\\\/image\\\/\",\"url\":\"https:\\\/\\\/ecampusontario.ca\\\/wp-content\\\/uploads\\\/2018\\\/11\\\/ecampus-e-icon-1.png\",\"contentUrl\":\"https:\\\/\\\/ecampusontario.ca\\\/wp-content\\\/uploads\\\/2018\\\/11\\\/ecampus-e-icon-1.png\",\"width\":720,\"height\":325,\"caption\":\"eCampusOntario\"},\"image\":{\"@id\":\"https:\\\/\\\/ecampusontario.ca\\\/fr\\\/#\\\/schema\\\/logo\\\/image\\\/\"},\"sameAs\":[\"https:\\\/\\\/www.facebook.com\\\/ecampusontario\\\/\",\"https:\\\/\\\/x.com\\\/eCampusOntario\"]}]}<\/script>\n<!-- \/ Yoast SEO Premium plugin. -->","yoast_head_json":{"title":"Initiatives en mati\u00e8re d'IA dans l'enseignement postsecondaire | eCampusOntario","robots":{"index":"index","follow":"follow","max-snippet":"max-snippet:-1","max-image-preview":"max-image-preview:large","max-video-preview":"max-video-preview:-1"},"canonical":"https:\/\/ecampusontario.ca\/fr\/ai\/","og_locale":"fr_FR","og_type":"article","og_title":"Initiatives en mati\u00e8re d'IA dans l'enseignement postsecondaire","og_description":"Initiatives en mati\u00e8re d\u2019IA dans l\u2019enseignement postsecondaire D\u00e9couvrez les initiatives IA soutenant l&rsquo;innovation et une \u00e9ducation num\u00e9rique transformatrices. Accueil Initiatives en mati\u00e8re d&rsquo;IA dans l&rsquo;enseignement postsecondaire","og_url":"https:\/\/ecampusontario.ca\/fr\/ai\/","og_site_name":"eCampusOntario","article_publisher":"https:\/\/www.facebook.com\/ecampusontario\/","article_modified_time":"2026-04-09T15:44:31+00:00","og_image":[{"width":1597,"height":583,"url":"https:\/\/ecampusontario.ca\/wp-content\/uploads\/2020\/01\/Screen-Shot-2020-01-30-at-10.01.53-AM.png","type":"image\/png"}],"twitter_card":"summary_large_image","twitter_site":"@eCampusOntario","twitter_misc":{"Dur\u00e9e de lecture estim\u00e9e":"1 minute"},"schema":{"@context":"https:\/\/schema.org","@graph":[{"@type":"WebPage","@id":"https:\/\/ecampusontario.ca\/fr\/ai\/","url":"https:\/\/ecampusontario.ca\/fr\/ai\/","name":"Initiatives en mati\u00e8re d'IA dans l'enseignement postsecondaire | eCampusOntario","isPartOf":{"@id":"https:\/\/ecampusontario.ca\/fr\/#website"},"primaryImageOfPage":{"@id":"https:\/\/ecampusontario.ca\/fr\/ai\/#primaryimage"},"image":{"@id":"https:\/\/ecampusontario.ca\/fr\/ai\/#primaryimage"},"thumbnailUrl":"https:\/\/rc-ecampus.ecampusontario.ca\/wp-content\/uploads\/2026\/04\/AI-Initiatives-Banner-300x223.png","datePublished":"2025-12-04T14:45:03+00:00","dateModified":"2026-04-09T15:44:31+00:00","breadcrumb":{"@id":"https:\/\/ecampusontario.ca\/fr\/ai\/#breadcrumb"},"inLanguage":"fr-FR","potentialAction":[{"@type":"ReadAction","target":["https:\/\/ecampusontario.ca\/fr\/ai\/"]}]},{"@type":"ImageObject","inLanguage":"fr-FR","@id":"https:\/\/ecampusontario.ca\/fr\/ai\/#primaryimage","url":"https:\/\/rc-ecampus.ecampusontario.ca\/wp-content\/uploads\/2026\/04\/AI-Initiatives-Banner-300x223.png","contentUrl":"https:\/\/rc-ecampus.ecampusontario.ca\/wp-content\/uploads\/2026\/04\/AI-Initiatives-Banner-300x223.png"},{"@type":"BreadcrumbList","@id":"https:\/\/ecampusontario.ca\/fr\/ai\/#breadcrumb","itemListElement":[{"@type":"ListItem","position":1,"name":"Home","item":"https:\/\/ecampusontario.ca\/fr\/"},{"@type":"ListItem","position":2,"name":"Initiatives en mati\u00e8re d&rsquo;IA dans l&rsquo;enseignement postsecondaire"}]},{"@type":"WebSite","@id":"https:\/\/ecampusontario.ca\/fr\/#website","url":"https:\/\/ecampusontario.ca\/fr\/","name":"eCampusOntario","description":"The online hub for learners and educators across Ontario","publisher":{"@id":"https:\/\/ecampusontario.ca\/fr\/#organization"},"potentialAction":[{"@type":"SearchAction","target":{"@type":"EntryPoint","urlTemplate":"https:\/\/ecampusontario.ca\/fr\/?s={search_term_string}"},"query-input":{"@type":"PropertyValueSpecification","valueRequired":true,"valueName":"search_term_string"}}],"inLanguage":"fr-FR"},{"@type":"Organization","@id":"https:\/\/ecampusontario.ca\/fr\/#organization","name":"eCampusOntario","url":"https:\/\/ecampusontario.ca\/fr\/","logo":{"@type":"ImageObject","inLanguage":"fr-FR","@id":"https:\/\/ecampusontario.ca\/fr\/#\/schema\/logo\/image\/","url":"https:\/\/ecampusontario.ca\/wp-content\/uploads\/2018\/11\/ecampus-e-icon-1.png","contentUrl":"https:\/\/ecampusontario.ca\/wp-content\/uploads\/2018\/11\/ecampus-e-icon-1.png","width":720,"height":325,"caption":"eCampusOntario"},"image":{"@id":"https:\/\/ecampusontario.ca\/fr\/#\/schema\/logo\/image\/"},"sameAs":["https:\/\/www.facebook.com\/ecampusontario\/","https:\/\/x.com\/eCampusOntario"]}]}},"_links":{"self":[{"href":"https:\/\/ecampusontario.ca\/fr\/wp-json\/wp\/v2\/pages\/42333","targetHints":{"allow":["GET"]}}],"collection":[{"href":"https:\/\/ecampusontario.ca\/fr\/wp-json\/wp\/v2\/pages"}],"about":[{"href":"https:\/\/ecampusontario.ca\/fr\/wp-json\/wp\/v2\/types\/page"}],"author":[{"embeddable":true,"href":"https:\/\/ecampusontario.ca\/fr\/wp-json\/wp\/v2\/users\/18"}],"replies":[{"embeddable":true,"href":"https:\/\/ecampusontario.ca\/fr\/wp-json\/wp\/v2\/comments?post=42333"}],"version-history":[{"count":3,"href":"https:\/\/ecampusontario.ca\/fr\/wp-json\/wp\/v2\/pages\/42333\/revisions"}],"predecessor-version":[{"id":43954,"href":"https:\/\/ecampusontario.ca\/fr\/wp-json\/wp\/v2\/pages\/42333\/revisions\/43954"}],"wp:attachment":[{"href":"https:\/\/ecampusontario.ca\/fr\/wp-json\/wp\/v2\/media?parent=42333"}],"wp:term":[{"taxonomy":"category","embeddable":true,"href":"https:\/\/ecampusontario.ca\/fr\/wp-json\/wp\/v2\/categories?post=42333"},{"taxonomy":"post_tag","embeddable":true,"href":"https:\/\/ecampusontario.ca\/fr\/wp-json\/wp\/v2\/tags?post=42333"}],"curies":[{"name":"wp","href":"https:\/\/api.w.org\/{rel}","templated":true}]}}