
{"id":422,"date":"2017-08-12T21:08:32","date_gmt":"2017-08-12T21:08:32","guid":{"rendered":"https:\/\/web3-0.ecampusontario.ca\/funding\/"},"modified":"2021-05-17T09:47:58","modified_gmt":"2021-05-17T13:47:58","slug":"funding","status":"publish","type":"page","link":"https:\/\/ecampusontario.ca\/fr\/funding\/","title":{"rendered":"Financement"},"content":{"rendered":"\n<div class=\"container banner-container container-full-col p-0 m-0\">\n<div class=\"row banner-row p-0 m-0\">\n<div class=\"col-12 col-sm-5 banner-text pl-5\">\n<h4 class=\"pre-page-heading\">OPPORTUNIT\u00c9S DE FINANCEMENT<\/h4>\n<h2 class=\"page-main-heading\">Programmes de financement<\/h2>\n<\/div>\n\n\n\n<figure class=\"wp-block-image size-large mb-0\"><img loading=\"lazy\" decoding=\"async\" width=\"1024\" height=\"365\" src=\"https:\/\/ecampusontario.ca\/wp-content\/uploads\/2021\/05\/banner-funding-programs-1024x365.png\" alt=\"\" class=\"wp-image-15980\" srcset=\"https:\/\/ecampusontario.ca\/wp-content\/uploads\/2021\/05\/banner-funding-programs-1024x365.png 1024w, https:\/\/ecampusontario.ca\/wp-content\/uploads\/2021\/05\/banner-funding-programs-300x107.png 300w, https:\/\/ecampusontario.ca\/wp-content\/uploads\/2021\/05\/banner-funding-programs-768x274.png 768w, https:\/\/ecampusontario.ca\/wp-content\/uploads\/2021\/05\/banner-funding-programs-1536x547.png 1536w, https:\/\/ecampusontario.ca\/wp-content\/uploads\/2021\/05\/banner-funding-programs.png 1925w\" sizes=\"auto, (max-width: 1024px) 100vw, 1024px\" \/><\/figure>\n\n\n\n<\/div>\n<\/div>\n\n\n\n<div class=\"container container-md w-100\">\n<div class=\"row\">\n<div class=\"col-12 mb-5 p-0\">\n<p style=\"background-color:#90BAC8; color:#000000;\" class=\"p-3 p-sm-5 text-center font-weight-bold\">eCampusOntario administre un \u00e9ventail de programmes de financement en vue de soutenir l\u2019\u00e9volution de l\u2019enseignement et de l\u2019apprentissage en ligne et assist\u00e9 par la technologie aupr\u00e8s des coll\u00e8ges et des universit\u00e9s de l\u2019Ontario. Chaque programme de financement vise \u00e0 fournir aux institutions promotrices l\u2019occasion de mettre \u00e0 l\u2019essai et d\u2019\u00e9valuer des outils, des technologies et des pratiques \u00e9mergentes dans un cadre sans risque. Conform\u00e9ment au Plan strat\u00e9gique 2018-2021, les r\u00e9sultats de toutes les opportunit\u00e9s de financement seront mis \u00e0 la disposition du public au moyen d\u2019une licence libre (par exemple, licence Creative Commons) afin de susciter la contribution de la communaut\u00e9 et de garantir des effets \u00e0 l\u2019\u00e9chelle du syst\u00e8me.<\/p>\n<\/div>\n<\/div>\n<\/div>\n\n\n\n<div id=\"2021\" class=\"container container-md scrollto w-100\">\n<div class=\"row\">\n<div class=\"col-12 mb-5 p-0\">\n<h2 class=\"gray-color py-4 pl-5\" style=\"background-color: #E6BD41;\">2021<\/h2>\n<\/div>\n<\/div>\n<\/div>\n\n\n\n<div class=\"wp-block-columns is-layout-flex wp-container-core-columns-is-layout-9d6595d7 wp-block-columns-is-layout-flex\">\n<div class=\"wp-block-column is-layout-flow wp-block-column-is-layout-flow\" style=\"flex-basis:33.33%\">\n<div class=\"wp-block-image icon\"><figure class=\"alignright size-large\"><img loading=\"lazy\" decoding=\"async\" width=\"259\" height=\"271\" src=\"https:\/\/ecampusontario.ca\/wp-content\/uploads\/2021\/05\/icon-ed-tech-sandbox.png\" alt=\"\" class=\"wp-image-15983\"\/><\/figure><\/div>\n<\/div>\n\n\n\n<div class=\"wp-block-column is-layout-flow wp-block-column-is-layout-flow\" style=\"flex-basis:66.66%\">\n<h2 class=\"wp-block-heading\" id=\"h-ecampusontario-lance-la-strat-gie-d-apprentissage-virtuel-de-50-millions-de-dollars\">eCampusOntario lance la Strat\u00e9gie d\u2019apprentissage virtuel de 50 millions de dollars<\/h2>\n\n\n\n<p>eCampusOntario a publi\u00e9 son appel de manifestation d\u2019int\u00e9r\u00eat le 6 janvier 2021 pour soutenir la Strat\u00e9gie d\u2019apprentissage virtuel (SAV) du gouvernement de l\u2019Ontario.<\/p>\n\n\n\n<p>Annonc\u00e9e le 11&nbsp;d\u00e9cembre&nbsp;2020, la SAV constitue un investissement historique de 50&nbsp;millions de dollars du minist\u00e8re des Coll\u00e8ges et Universit\u00e9s de l\u2019Ontario destin\u00e9 \u00e0 stimuler la croissance et l\u2019avancement de l\u2019apprentissage virtuel dans les \u00e9tablissements d\u2019enseignement postsecondaire de la province. La strat\u00e9gie \u00e9largira les possibilit\u00e9s d\u2019apprentissage traditionnel et permanent gr\u00e2ce \u00e0 l\u2019utilisation acc\u00e9l\u00e9r\u00e9e de l\u2019apprentissage en ligne et hybride.<\/p>\n\n\n\n<p>eCampusOntario a compil\u00e9 une liste des projets financ\u00e9s dans toutes les cat\u00e9gories de la SAV, consultable dans le folioscope ci-dessous.<\/p>\n\n\n\n<a class=\"btn btn-large\" href=\"https:\/\/ecampusontario.ca\/wp-content\/uploads\/2021\/05\/VLS-Final-Project-List-Final-FR-Latest.pdf\">Project List<\/a>\n<\/div>\n<\/div>\n\n\n\n<div id=\"2017\" class=\"container container-md scrollto w-100\">\n<div class=\"row\">\n<div class=\"col-12 p-0 mb-5\">\n<h2 class=\"gray-color py-4 pl-5\" style=\"background-color: #E6BD41;\">2017<\/h2>\n\n<\/div>\n<\/div>\n<\/div>\n\n\n\n<div class=\"wp-block-columns is-layout-flex wp-container-core-columns-is-layout-9d6595d7 wp-block-columns-is-layout-flex\">\n<div class=\"wp-block-column is-layout-flow wp-block-column-is-layout-flow\" style=\"flex-basis:33.33%\">\n<div class=\"wp-block-image icon\"><figure class=\"alignright size-large\"><img loading=\"lazy\" decoding=\"async\" width=\"338\" height=\"315\" src=\"https:\/\/ecampusontario.ca\/wp-content\/uploads\/2021\/05\/icon-open-textbook-initiative.png\" alt=\"\" class=\"wp-image-15985\" srcset=\"https:\/\/ecampusontario.ca\/wp-content\/uploads\/2021\/05\/icon-open-textbook-initiative.png 338w, https:\/\/ecampusontario.ca\/wp-content\/uploads\/2021\/05\/icon-open-textbook-initiative-300x280.png 300w\" sizes=\"auto, (max-width: 338px) 100vw, 338px\" \/><\/figure><\/div>\n<\/div>\n\n\n\n<div class=\"wp-block-column is-layout-flow wp-block-column-is-layout-flow\" style=\"flex-basis:66.66%\">\n<h2 class=\"wp-block-heading\" id=\"h-initiative-des-manuels-libres\">Initiative des manuels libres<\/h2>\n\n\n\n<p>En juin 2017, le minist\u00e8re de l\u2019Enseignement sup\u00e9rieur et de la Formation professionnelle (MESFP) a annonc\u00e9 un investissement d\u2019un million de dollars pour soutenir l\u2019\u00e9laboration de ressources \u00e9ducatives libres dans les coll\u00e8ges et les universit\u00e9s de l\u2019Ontario.<br>Le MESFP a octroy\u00e9 des fonds afin d\u2019accro\u00eetre la pr\u00e9sence et l\u2019utilisation de manuels libres dans un certain nombre de domaines prioritaires:<\/p>\n\n\n\n<ol class=\"wp-block-list\"><li>Manuels pour les cours de premi\u00e8re et de deuxi\u00e8me ann\u00e9es aux taux d\u2019inscription \u00e9lev\u00e9s.<\/li><li>Contenu d\u2019origine en langue fran\u00e7aise<\/li><li>Contenu sur les \u00e9tudes autochtones<\/li><li>Contenu sur les comp\u00e9tences techniques et la formation dans les m\u00e9tiers sp\u00e9cialis\u00e9s.<\/li><li>Contenu appuyant l\u2019installation d\u2019immigrants et de r\u00e9fugi\u00e9s.<\/li><\/ol>\n\n\n\n<a class=\"btn btn-large\" href=\"https:\/\/ecampusontario.ca\/fr\/open-textbook-funding\/\">LISTE DES PROJETS<\/a>\n<\/div>\n<\/div>\n\n\n\n<div class=\"wp-block-columns is-layout-flex wp-container-core-columns-is-layout-9d6595d7 wp-block-columns-is-layout-flex\">\n<div class=\"wp-block-column is-layout-flow wp-block-column-is-layout-flow\" style=\"flex-basis:33.33%\">\n<div class=\"wp-block-image icon\"><figure class=\"alignright size-large\"><img loading=\"lazy\" decoding=\"async\" width=\"342\" height=\"250\" src=\"https:\/\/ecampusontario.ca\/wp-content\/uploads\/2021\/05\/icon-digital-inclusion.png\" alt=\"\" class=\"wp-image-15987\" srcset=\"https:\/\/ecampusontario.ca\/wp-content\/uploads\/2021\/05\/icon-digital-inclusion.png 342w, https:\/\/ecampusontario.ca\/wp-content\/uploads\/2021\/05\/icon-digital-inclusion-300x219.png 300w\" sizes=\"auto, (max-width: 342px) 100vw, 342px\" \/><\/figure><\/div>\n<\/div>\n\n\n\n<div class=\"wp-block-column is-layout-flow wp-block-column-is-layout-flow\" style=\"flex-basis:66.66%\">\n<h2 class=\"wp-block-heading\" id=\"h-fonds-de-recherche-pour-l-inclusion-num-rique\">Fonds de recherche pour l\u2019inclusion num\u00e9rique<\/h2>\n\n\n\n<p>En mai 2017, eCampusOntario, en partenariat avec les Services num\u00e9riques de l\u2019Ontario, a publi\u00e9 un appel de propositions pour soutenir la recherche visant \u00e0 souligner et \u00e0 analyser les avantages potentiels et les r\u00e9sultats \u00e0 forte visibilit\u00e9 des strat\u00e9gies d\u2019intervention pour l\u2019inclusion num\u00e9rique. Chaque projet de recherche financ\u00e9 a abord\u00e9 un ou plusieurs des domaines de l\u2019inclusion num\u00e9rique, notamment l\u2019acc\u00e8s, l\u2019adoption et l\u2019application.<\/p>\n\n\n\n<a class=\"btn btn-large\" href=\"https:\/\/ecampusontario.ca\/fr\/digital-inclusion-research-fund\/\">LISTE DES PROJETS<\/a>\n<\/div>\n<\/div>\n\n\n\n<div id=\"2016\" class=\"container container-md scrollto w-100\">\n<div class=\"row\">\n<div class=\"col-12 p-0 mb-5\">\n<h2 class=\"gray-color py-4 pl-5\" style=\"background-color: #E6BD41;\">2016<\/h2>\n\n<\/div>\n<\/div>\n<\/div>\n\n\n\n<div class=\"wp-block-columns is-layout-flex wp-container-core-columns-is-layout-9d6595d7 wp-block-columns-is-layout-flex\">\n<div class=\"wp-block-column is-layout-flow wp-block-column-is-layout-flow\" style=\"flex-basis:33.33%\">\n<div class=\"wp-block-image icon\"><figure class=\"alignright size-large\"><img loading=\"lazy\" decoding=\"async\" width=\"302\" height=\"216\" src=\"https:\/\/ecampusontario.ca\/wp-content\/uploads\/2021\/05\/icon-new-program-development.png\" alt=\"\" class=\"wp-image-15989\" srcset=\"https:\/\/ecampusontario.ca\/wp-content\/uploads\/2021\/05\/icon-new-program-development.png 302w, https:\/\/ecampusontario.ca\/wp-content\/uploads\/2021\/05\/icon-new-program-development-300x215.png 300w\" sizes=\"auto, (max-width: 302px) 100vw, 302px\" \/><\/figure><\/div>\n<\/div>\n\n\n\n<div class=\"wp-block-column is-layout-flow wp-block-column-is-layout-flow\" style=\"flex-basis:66.66%\">\n<h2 class=\"wp-block-heading\" id=\"h-fonds-pour-le-d-veloppement-de-nouveaux-programmes\">Fonds pour le d\u00e9veloppement de nouveaux programmes<\/h2>\n\n\n\n<p>En juin 2016, eCampusOntario a publi\u00e9 son premier appel de financement en vue de soutenir le d\u00e9veloppement de programmes en ligne aupr\u00e8s de ses institutions promotrices. Les fonds ont appuy\u00e9 des projets portant sur un ou plusieurs des objectifs suivants:<\/p>\n\n\n\n<ul class=\"wp-block-list\"><li>offrir des occasions d\u2019apprentissage en ligne dans des secteurs de demande nouveaux ou futurs;<\/li><li>soutenir de nouvelles possibilit\u00e9s de prestations en ligne pour l\u2019obtention de titres de comp\u00e9tences;<\/li><li>appuyer le d\u00e9veloppement collaboratif impliquant plusieurs institutions susceptible de favoriser la mobilit\u00e9 des \u00e9l\u00e8ves, et traiter un secteur de demande, notamment des approches interdisciplinaires \u00e0 de nouvelles offres;<\/li><\/ul>\n\n\n\n<p>Au total, 39 projets ont \u00e9t\u00e9 financ\u00e9s et 28 d\u2019entre eux \u00e9taient des programmes collaboratifs entre diff\u00e9rents coll\u00e8ges et universit\u00e9s.<\/p>\n\n\n\n<a class=\"btn btn-large\" href=\"https:\/\/ecampusontario.ca\/fr\/program-development-funding\/\">LISTE DES PROJETS<\/a>\n<\/div>\n<\/div>\n\n\n\n<div class=\"wp-block-columns is-layout-flex wp-container-core-columns-is-layout-9d6595d7 wp-block-columns-is-layout-flex\">\n<div class=\"wp-block-column is-layout-flow wp-block-column-is-layout-flow\" style=\"flex-basis:33.33%\">\n<div class=\"wp-block-image icon\"><figure class=\"alignright size-large\"><img loading=\"lazy\" decoding=\"async\" width=\"334\" height=\"231\" src=\"https:\/\/ecampusontario.ca\/wp-content\/uploads\/2021\/05\/icon-open-content-initiative.png\" alt=\"\" class=\"wp-image-15991\" srcset=\"https:\/\/ecampusontario.ca\/wp-content\/uploads\/2021\/05\/icon-open-content-initiative.png 334w, https:\/\/ecampusontario.ca\/wp-content\/uploads\/2021\/05\/icon-open-content-initiative-300x207.png 300w\" sizes=\"auto, (max-width: 334px) 100vw, 334px\" \/><\/figure><\/div>\n<\/div>\n\n\n\n<div class=\"wp-block-column is-layout-flow wp-block-column-is-layout-flow\" style=\"flex-basis:66.66%\">\n<h2 class=\"wp-block-heading\" id=\"h-initiative-du-contenu-libre\">Initiative du contenu libre<\/h2>\n\n\n\n<p>L\u2019appel visant l\u2019initiative du contenu libre 2016 a \u00e9t\u00e9 publi\u00e9 en juin 2016, au m\u00eame moment que le fonds pour le d\u00e9veloppement de nouveaux programmes. Ce programme de financement a marqu\u00e9 le premier appel d\u2019eCampusOntario lanc\u00e9 pour la cr\u00e9ation et l\u2019adaptation de ressources \u00e9ducatives libres (REL). Au total, 61 propositions ont \u00e9t\u00e9 re\u00e7ues et 24 projets ont \u00e9t\u00e9 financ\u00e9s.<\/p>\n\n\n\n<a class=\"btn btn-large\" href=\"https:\/\/ecampusontario.ca\/fr\/open-initiatives-funding\/\">LISTE DES PROJETS<\/a>\n<\/div>\n<\/div>\n\n\n\n<div class=\"wp-block-columns is-layout-flex wp-container-core-columns-is-layout-9d6595d7 wp-block-columns-is-layout-flex\">\n<div class=\"wp-block-column is-layout-flow wp-block-column-is-layout-flow\" style=\"flex-basis:33.33%\">\n<div class=\"wp-block-image icon\"><figure class=\"alignright size-large\"><img loading=\"lazy\" decoding=\"async\" width=\"285\" height=\"288\" src=\"https:\/\/ecampusontario.ca\/wp-content\/uploads\/2021\/05\/icon-research-innovation-fund.png\" alt=\"\" class=\"wp-image-15993\"\/><\/figure><\/div>\n<\/div>\n\n\n\n<div class=\"wp-block-column is-layout-flow wp-block-column-is-layout-flow\" style=\"flex-basis:66.66%\">\n<h2 class=\"wp-block-heading\" id=\"h-fonds-pour-la-recherche-et-l-innovation\">Fonds pour la recherche et l\u2019innovation<\/h2>\n\n\n\n<p>En septembre 2016, eCampusOntario a publi\u00e9 un appel de propositions en mati\u00e8re de recherche et d\u2019innovation destin\u00e9 \u00e0 soutenir la recherche de pointe en Ontario dans les secteurs suivants:<\/p>\n\n\n\n<ul class=\"wp-block-list\"><li>Approches p\u00e9dagogiques<\/li><li>Qualit\u00e9 et \u00e9valuation<\/li><li>Mod\u00e8les d\u2019affaires, ressources, co\u00fbts, soutien au corps enseignant<\/li><li>Ouverture<\/li><li>Lier les programmes aux besoins du march\u00e9 du travail<\/li><li>Accessibilit\u00e9 et litt\u00e9ratie num\u00e9rique<\/li><\/ul>\n\n\n\n<a class=\"btn btn-large\" href=\"https:\/\/ecampusontario.ca\/fr\/research-innovation-funding\/\">LISTE DES PROJETS<\/a>\n<\/div>\n<\/div>\n\n\n\n<style>.icon img{width:200px;\nheight:200px !important;}<\/style>\n\n\n\n<p><\/p>\n","protected":false},"excerpt":{"rendered":"<p>OPPORTUNIT\u00c9S DE FINANCEMENT Programmes de financement eCampusOntario administre un \u00e9ventail de programmes de financement en vue de soutenir l\u2019\u00e9volution de l\u2019enseignement et de l\u2019apprentissage en ligne et assist\u00e9 par la technologie aupr\u00e8s des coll\u00e8ges et des universit\u00e9s de l\u2019Ontario. Chaque programme de financement vise \u00e0 fournir aux institutions promotrices l\u2019occasion de mettre \u00e0 l\u2019essai et [&hellip;]<\/p>\n","protected":false},"author":16,"featured_media":1917,"parent":0,"menu_order":0,"comment_status":"closed","ping_status":"closed","template":"","meta":{"_acf_changed":false,"footnotes":""},"categories":[],"tags":[],"class_list":["post-422","page","type-page","status-publish","has-post-thumbnail","hentry"],"acf":[],"yoast_head":"<!-- This site is optimized with the Yoast SEO Premium plugin v27.4 (Yoast SEO v27.4) - https:\/\/yoast.com\/product\/yoast-seo-premium-wordpress\/ -->\n<title>Financement | eCampusOntario<\/title>\n<meta name=\"robots\" content=\"index, follow, max-snippet:-1, max-image-preview:large, max-video-preview:-1\" \/>\n<link rel=\"canonical\" href=\"https:\/\/ecampusontario.ca\/fr\/funding\/\" \/>\n<meta property=\"og:locale\" content=\"fr_FR\" \/>\n<meta property=\"og:type\" content=\"article\" \/>\n<meta property=\"og:title\" content=\"Financement\" \/>\n<meta property=\"og:description\" content=\"OPPORTUNIT\u00c9S DE FINANCEMENT Programmes de financement eCampusOntario administre un \u00e9ventail de programmes de financement en vue de soutenir l\u2019\u00e9volution de l\u2019enseignement et de l\u2019apprentissage en ligne et assist\u00e9 par la technologie aupr\u00e8s des coll\u00e8ges et des universit\u00e9s de l\u2019Ontario. Chaque programme de financement vise \u00e0 fournir aux institutions promotrices l\u2019occasion de mettre \u00e0 l\u2019essai et [&hellip;]\" \/>\n<meta property=\"og:url\" content=\"https:\/\/ecampusontario.ca\/fr\/funding\/\" \/>\n<meta property=\"og:site_name\" content=\"eCampusOntario\" \/>\n<meta property=\"article:publisher\" content=\"https:\/\/www.facebook.com\/ecampusontario\/\" \/>\n<meta property=\"article:modified_time\" content=\"2021-05-17T13:47:58+00:00\" \/>\n<meta property=\"og:image\" content=\"https:\/\/ecampusontario.ca\/wp-content\/uploads\/2020\/01\/Screen-Shot-2020-01-30-at-10.01.53-AM.png\" \/>\n\t<meta property=\"og:image:width\" content=\"1597\" \/>\n\t<meta property=\"og:image:height\" content=\"583\" \/>\n\t<meta property=\"og:image:type\" content=\"image\/png\" \/>\n<meta name=\"twitter:card\" content=\"summary_large_image\" \/>\n<meta name=\"twitter:site\" content=\"@eCampusOntario\" \/>\n<meta name=\"twitter:label1\" content=\"Dur\u00e9e de lecture estim\u00e9e\" \/>\n\t<meta name=\"twitter:data1\" content=\"4 minutes\" \/>\n<script type=\"application\/ld+json\" class=\"yoast-schema-graph\">{\"@context\":\"https:\\\/\\\/schema.org\",\"@graph\":[{\"@type\":\"WebPage\",\"@id\":\"https:\\\/\\\/ecampusontario.ca\\\/fr\\\/funding\\\/\",\"url\":\"https:\\\/\\\/ecampusontario.ca\\\/fr\\\/funding\\\/\",\"name\":\"Financement | eCampusOntario\",\"isPartOf\":{\"@id\":\"https:\\\/\\\/ecampusontario.ca\\\/fr\\\/#website\"},\"primaryImageOfPage\":{\"@id\":\"https:\\\/\\\/ecampusontario.ca\\\/fr\\\/funding\\\/#primaryimage\"},\"image\":{\"@id\":\"https:\\\/\\\/ecampusontario.ca\\\/fr\\\/funding\\\/#primaryimage\"},\"thumbnailUrl\":\"https:\\\/\\\/ecampusontario.ca\\\/wp-content\\\/uploads\\\/2017\\\/10\\\/ecampus-e-icon.svg\",\"datePublished\":\"2017-08-12T21:08:32+00:00\",\"dateModified\":\"2021-05-17T13:47:58+00:00\",\"breadcrumb\":{\"@id\":\"https:\\\/\\\/ecampusontario.ca\\\/fr\\\/funding\\\/#breadcrumb\"},\"inLanguage\":\"fr-FR\",\"potentialAction\":[{\"@type\":\"ReadAction\",\"target\":[\"https:\\\/\\\/ecampusontario.ca\\\/fr\\\/funding\\\/\"]}]},{\"@type\":\"ImageObject\",\"inLanguage\":\"fr-FR\",\"@id\":\"https:\\\/\\\/ecampusontario.ca\\\/fr\\\/funding\\\/#primaryimage\",\"url\":\"https:\\\/\\\/ecampusontario.ca\\\/wp-content\\\/uploads\\\/2017\\\/10\\\/ecampus-e-icon.svg\",\"contentUrl\":\"https:\\\/\\\/ecampusontario.ca\\\/wp-content\\\/uploads\\\/2017\\\/10\\\/ecampus-e-icon.svg\",\"caption\":\"logo\"},{\"@type\":\"BreadcrumbList\",\"@id\":\"https:\\\/\\\/ecampusontario.ca\\\/fr\\\/funding\\\/#breadcrumb\",\"itemListElement\":[{\"@type\":\"ListItem\",\"position\":1,\"name\":\"Home\",\"item\":\"https:\\\/\\\/ecampusontario.ca\\\/fr\\\/\"},{\"@type\":\"ListItem\",\"position\":2,\"name\":\"Financement\"}]},{\"@type\":\"WebSite\",\"@id\":\"https:\\\/\\\/ecampusontario.ca\\\/fr\\\/#website\",\"url\":\"https:\\\/\\\/ecampusontario.ca\\\/fr\\\/\",\"name\":\"eCampusOntario\",\"description\":\"The online hub for learners and educators across Ontario\",\"publisher\":{\"@id\":\"https:\\\/\\\/ecampusontario.ca\\\/fr\\\/#organization\"},\"potentialAction\":[{\"@type\":\"SearchAction\",\"target\":{\"@type\":\"EntryPoint\",\"urlTemplate\":\"https:\\\/\\\/ecampusontario.ca\\\/fr\\\/?s={search_term_string}\"},\"query-input\":{\"@type\":\"PropertyValueSpecification\",\"valueRequired\":true,\"valueName\":\"search_term_string\"}}],\"inLanguage\":\"fr-FR\"},{\"@type\":\"Organization\",\"@id\":\"https:\\\/\\\/ecampusontario.ca\\\/fr\\\/#organization\",\"name\":\"eCampusOntario\",\"url\":\"https:\\\/\\\/ecampusontario.ca\\\/fr\\\/\",\"logo\":{\"@type\":\"ImageObject\",\"inLanguage\":\"fr-FR\",\"@id\":\"https:\\\/\\\/ecampusontario.ca\\\/fr\\\/#\\\/schema\\\/logo\\\/image\\\/\",\"url\":\"https:\\\/\\\/ecampusontario.ca\\\/wp-content\\\/uploads\\\/2018\\\/11\\\/ecampus-e-icon-1.png\",\"contentUrl\":\"https:\\\/\\\/ecampusontario.ca\\\/wp-content\\\/uploads\\\/2018\\\/11\\\/ecampus-e-icon-1.png\",\"width\":720,\"height\":325,\"caption\":\"eCampusOntario\"},\"image\":{\"@id\":\"https:\\\/\\\/ecampusontario.ca\\\/fr\\\/#\\\/schema\\\/logo\\\/image\\\/\"},\"sameAs\":[\"https:\\\/\\\/www.facebook.com\\\/ecampusontario\\\/\",\"https:\\\/\\\/x.com\\\/eCampusOntario\"]}]}<\/script>\n<!-- \/ Yoast SEO Premium plugin. -->","yoast_head_json":{"title":"Financement | eCampusOntario","robots":{"index":"index","follow":"follow","max-snippet":"max-snippet:-1","max-image-preview":"max-image-preview:large","max-video-preview":"max-video-preview:-1"},"canonical":"https:\/\/ecampusontario.ca\/fr\/funding\/","og_locale":"fr_FR","og_type":"article","og_title":"Financement","og_description":"OPPORTUNIT\u00c9S DE FINANCEMENT Programmes de financement eCampusOntario administre un \u00e9ventail de programmes de financement en vue de soutenir l\u2019\u00e9volution de l\u2019enseignement et de l\u2019apprentissage en ligne et assist\u00e9 par la technologie aupr\u00e8s des coll\u00e8ges et des universit\u00e9s de l\u2019Ontario. Chaque programme de financement vise \u00e0 fournir aux institutions promotrices l\u2019occasion de mettre \u00e0 l\u2019essai et [&hellip;]","og_url":"https:\/\/ecampusontario.ca\/fr\/funding\/","og_site_name":"eCampusOntario","article_publisher":"https:\/\/www.facebook.com\/ecampusontario\/","article_modified_time":"2021-05-17T13:47:58+00:00","og_image":[{"width":1597,"height":583,"url":"https:\/\/ecampusontario.ca\/wp-content\/uploads\/2020\/01\/Screen-Shot-2020-01-30-at-10.01.53-AM.png","type":"image\/png"}],"twitter_card":"summary_large_image","twitter_site":"@eCampusOntario","twitter_misc":{"Dur\u00e9e de lecture estim\u00e9e":"4 minutes"},"schema":{"@context":"https:\/\/schema.org","@graph":[{"@type":"WebPage","@id":"https:\/\/ecampusontario.ca\/fr\/funding\/","url":"https:\/\/ecampusontario.ca\/fr\/funding\/","name":"Financement | eCampusOntario","isPartOf":{"@id":"https:\/\/ecampusontario.ca\/fr\/#website"},"primaryImageOfPage":{"@id":"https:\/\/ecampusontario.ca\/fr\/funding\/#primaryimage"},"image":{"@id":"https:\/\/ecampusontario.ca\/fr\/funding\/#primaryimage"},"thumbnailUrl":"https:\/\/ecampusontario.ca\/wp-content\/uploads\/2017\/10\/ecampus-e-icon.svg","datePublished":"2017-08-12T21:08:32+00:00","dateModified":"2021-05-17T13:47:58+00:00","breadcrumb":{"@id":"https:\/\/ecampusontario.ca\/fr\/funding\/#breadcrumb"},"inLanguage":"fr-FR","potentialAction":[{"@type":"ReadAction","target":["https:\/\/ecampusontario.ca\/fr\/funding\/"]}]},{"@type":"ImageObject","inLanguage":"fr-FR","@id":"https:\/\/ecampusontario.ca\/fr\/funding\/#primaryimage","url":"https:\/\/ecampusontario.ca\/wp-content\/uploads\/2017\/10\/ecampus-e-icon.svg","contentUrl":"https:\/\/ecampusontario.ca\/wp-content\/uploads\/2017\/10\/ecampus-e-icon.svg","caption":"logo"},{"@type":"BreadcrumbList","@id":"https:\/\/ecampusontario.ca\/fr\/funding\/#breadcrumb","itemListElement":[{"@type":"ListItem","position":1,"name":"Home","item":"https:\/\/ecampusontario.ca\/fr\/"},{"@type":"ListItem","position":2,"name":"Financement"}]},{"@type":"WebSite","@id":"https:\/\/ecampusontario.ca\/fr\/#website","url":"https:\/\/ecampusontario.ca\/fr\/","name":"eCampusOntario","description":"The online hub for learners and educators across Ontario","publisher":{"@id":"https:\/\/ecampusontario.ca\/fr\/#organization"},"potentialAction":[{"@type":"SearchAction","target":{"@type":"EntryPoint","urlTemplate":"https:\/\/ecampusontario.ca\/fr\/?s={search_term_string}"},"query-input":{"@type":"PropertyValueSpecification","valueRequired":true,"valueName":"search_term_string"}}],"inLanguage":"fr-FR"},{"@type":"Organization","@id":"https:\/\/ecampusontario.ca\/fr\/#organization","name":"eCampusOntario","url":"https:\/\/ecampusontario.ca\/fr\/","logo":{"@type":"ImageObject","inLanguage":"fr-FR","@id":"https:\/\/ecampusontario.ca\/fr\/#\/schema\/logo\/image\/","url":"https:\/\/ecampusontario.ca\/wp-content\/uploads\/2018\/11\/ecampus-e-icon-1.png","contentUrl":"https:\/\/ecampusontario.ca\/wp-content\/uploads\/2018\/11\/ecampus-e-icon-1.png","width":720,"height":325,"caption":"eCampusOntario"},"image":{"@id":"https:\/\/ecampusontario.ca\/fr\/#\/schema\/logo\/image\/"},"sameAs":["https:\/\/www.facebook.com\/ecampusontario\/","https:\/\/x.com\/eCampusOntario"]}]}},"_links":{"self":[{"href":"https:\/\/ecampusontario.ca\/fr\/wp-json\/wp\/v2\/pages\/422","targetHints":{"allow":["GET"]}}],"collection":[{"href":"https:\/\/ecampusontario.ca\/fr\/wp-json\/wp\/v2\/pages"}],"about":[{"href":"https:\/\/ecampusontario.ca\/fr\/wp-json\/wp\/v2\/types\/page"}],"author":[{"embeddable":true,"href":"https:\/\/ecampusontario.ca\/fr\/wp-json\/wp\/v2\/users\/16"}],"replies":[{"embeddable":true,"href":"https:\/\/ecampusontario.ca\/fr\/wp-json\/wp\/v2\/comments?post=422"}],"version-history":[{"count":23,"href":"https:\/\/ecampusontario.ca\/fr\/wp-json\/wp\/v2\/pages\/422\/revisions"}],"predecessor-version":[{"id":16014,"href":"https:\/\/ecampusontario.ca\/fr\/wp-json\/wp\/v2\/pages\/422\/revisions\/16014"}],"wp:featuredmedia":[{"embeddable":true,"href":"https:\/\/ecampusontario.ca\/fr\/wp-json\/wp\/v2\/media\/1917"}],"wp:attachment":[{"href":"https:\/\/ecampusontario.ca\/fr\/wp-json\/wp\/v2\/media?parent=422"}],"wp:term":[{"taxonomy":"category","embeddable":true,"href":"https:\/\/ecampusontario.ca\/fr\/wp-json\/wp\/v2\/categories?post=422"},{"taxonomy":"post_tag","embeddable":true,"href":"https:\/\/ecampusontario.ca\/fr\/wp-json\/wp\/v2\/tags?post=422"}],"curies":[{"name":"wp","href":"https:\/\/api.w.org\/{rel}","templated":true}]}}