
{"id":418,"date":"2017-08-12T21:09:20","date_gmt":"2017-08-12T21:09:20","guid":{"rendered":"https:\/\/web3-0.ecampusontario.ca\/open-education-resources\/"},"modified":"2021-06-14T13:29:15","modified_gmt":"2021-06-14T17:29:15","slug":"open-education-resources","status":"publish","type":"page","link":"https:\/\/ecampusontario.ca\/fr\/open-education-resources\/","title":{"rendered":"Les Soutiens"},"content":{"rendered":"\n<div class=\"container banner-container container-full-col p-0 m-0\">\n<div class=\"row banner-row p-0 m-0\">\n<div class=\"col-12 col-sm-5 banner-text pl-5\">\n<h4 class=\"pre-page-heading\">Ressources \u00e9ducatives libres<\/h4>\n<h2 class=\"page-main-heading\">Soutenir les ressources \u00e9ducatives libres en Ontario<\/h2>\n<p class=\"after-page-heading\">eCampusOntario met des infrastructures et des outils \u00e0 la disposition des \u00e9tablissements postsecondaires de l\u2019Ontario qui souhaitent en savoir davantage sur l\u2019\u00e9ducation ouverte, et leur offre de la formation \u00e0 cet \u00e9gard.<\/p>\n<\/div>\n\n\n\n<figure class=\"wp-block-image size-large is-style-default mb-0\"><img loading=\"lazy\" decoding=\"async\" width=\"1024\" height=\"409\" src=\"https:\/\/ecampusontario.ca\/wp-content\/uploads\/2021\/06\/Banner-OER-1024x409.png\" alt=\"\" class=\"wp-image-16266\" srcset=\"https:\/\/ecampusontario.ca\/wp-content\/uploads\/2021\/06\/Banner-OER-1024x409.png 1024w, https:\/\/ecampusontario.ca\/wp-content\/uploads\/2021\/06\/Banner-OER-300x120.png 300w, https:\/\/ecampusontario.ca\/wp-content\/uploads\/2021\/06\/Banner-OER-768x307.png 768w, https:\/\/ecampusontario.ca\/wp-content\/uploads\/2021\/06\/Banner-OER-1536x614.png 1536w, https:\/\/ecampusontario.ca\/wp-content\/uploads\/2021\/06\/Banner-OER.png 1924w\" sizes=\"auto, (max-width: 1024px) 100vw, 1024px\" \/><\/figure>\n\n\n\n<\/div>\n<\/div>\n\n\n<div class=\"container-fluid\" style=\"background-color: #C8D5DD;\">\n<div class=\"row\">\n<div class=\"col-12\">\n<p class=\"text-center bold-txt pt-4 pr-4 pl-4\">Qui dit \u00e9ducation ouverte, dit ressources, outils et pratiques ne pr\u00e9sentant pas d\u2019obstacles juridiques, financiers ou techniques \u00e0 l\u2019acc\u00e8s et pouvant \u00eatre pleinement utilis\u00e9s, partag\u00e9s et adapt\u00e9s dans un environnement num\u00e9rique. L\u2019\u00e9ducation ouverte maximise la capacit\u00e9 d\u2019Internet \u00e0 rendre l\u2019\u00e9ducation plus abordable, plus accessible et plus efficace.<\/p>\n<p class=\"text-center bold-txt pr-4 pl-4 pb-4\"><a href=\"https:\/\/sparcopen.org\/open-education\/\">\u2014 Traduit de : SPARC, &lt;&lt; Open Education &gt;&gt;<\/a><\/p>\n<\/div>\n<\/div>\n<\/div>\n<div id=\"OpenTextbook\" class=\"container container-lg mt-5 mb-4 scrollto\">\n<div class=\"row\">\n<div class=\"col-md-9 col-sm-12 p-4\">\n<h2 class=\"gray-color mb-3\">Biblioth\u00e8que libre<\/h2>\n<p>La biblioth\u00e8que libre h\u00e9berge les ressources \u00e9ducatives libres<br>\n(REL) de l\u2019Ontario. La plateforme est facile d\u2019acc\u00e8s, facile \u00e0<br>\ninterroger et elle regorge de ressources permettant aux<br>\n\u00e9tablissements d\u2019enseignement postsecondaire de lancer un<br>\nprojet REL. La biblioth\u00e8que tient \u00e0 jour et en temps r\u00e9el tout<br>\nun ensemble de donn\u00e9es sur les adoptions d\u00e9clar\u00e9es, les<br>\nressources disponibles et les \u00e9conomies r\u00e9alis\u00e9es par les<br>\n\u00e9tudiants, et cela pour l\u2019ensemble de la province. <a href=\"https:\/\/bibliothequelibre.ecampusontario.ca\/\">Visitez la biblioth\u00e8que libre<\/a> et utilisez notre calculateur d\u2019\u00e9pargne pour d\u00e9terminer combien vos \u00e9tudiants peuvent \u00e9conomiser gr\u00e2ce aux REL.<\/p>\n<\/div>\n<div class=\"col-md-3 col-sm-12\"><iframe loading=\"lazy\" src=\"https:\/\/openlibrary.ecampusontario.ca\/fr-oer-calculator\/\" width=\"300\" height=\"300\" scrolling=\"no\"><br \/>\nYour browser does not support iframes.<br \/><\/iframe><p><\/p>\n<p>&nbsp;<\/p>\n<style>iframe{border:0px;} .page-container{margin-bottom:0px;}.anchor-nav.sticky{display:none;}<\/style>\n<\/div>\n<\/div>\n<\/div>\n<div class=\"container container-lg mt-2\">\n<div class=\"row\">\n<div class=\"col-md-9 col-sm-12 p-4\">\n<h2 class=\"gray-color mb-3\">Infrastructure de publication libre<\/h2>\n<p>Cette connexion permet une exp\u00e9rience utilisateur transparente. Tout \u00e9ducateur et \u00e9ducatrice de l\u2019Ontario peut, \u00e0 loisir, organiser, personnaliser et trouver des REL pour ses cours.<\/p>\n<p>L\u2019\u00e9quipe des TI d\u2019eCampusOntario maintient et d\u00e9veloppe la biblioth\u00e8que libre au quotidien. Le projet d\u2019infrastructure de<br>\npublication libre sera d\u00e9velopp\u00e9 \u00e0 partir de logiciels libres<br>\nd\u00e9coulant de Pressbooks, de DSpace, de Limesurvey et de WordPress. Ainsi, la biblioth\u00e8que libre et l\u2019infrastructure de publication libre constituent un ajout essentiels \u00e0 l\u2019expansion des capacit\u00e9s de REL en Ontario.<\/p>\n<\/div>\n<div class=\"col-md-3 col-sm-12 pt-5\"><img decoding=\"async\" class=\"alignnone\" style=\"width: 240px; position: absolute; top: 0; bottom: 0; left: 0; right: 0; margin: auto; margin-left: 60px;\" src=\"\/wp-content\/uploads\/2019\/09\/open-library-fr.png\" alt=\"\"><\/div>\n<\/div>\n<\/div>\n<div class=\"container mt-2\" style=\"background-color: #f7d99c; margin-left: 0px; margin-right: 0px; width: 100%; max-width: 100%;\">\n<div class=\"row p-5 mt-4\">\n<div class=\"col-md-4 col-sm-12 text-center\"><img decoding=\"async\" class=\"cc-icon alignnone\" style=\"width: 70%;\" src=\"\/wp-content\/uploads\/2017\/08\/creative-commons.svg\" alt=\"Creative Commons\"><\/div>\n<div class=\"col-md-7 col-sm-12 \">\n<h2>\u00c0 propos de l\u2019octroi de licences Creative Commons<\/h2>\n<p>Qu\u2019est-ce qu\u2019une licence <a href=\"https:\/\/creativecommons.org\/\">Creative Commons<\/a> (CC)? Il s\u2019agit d\u2019une fa\u00e7on simple et normalis\u00e9e de prot\u00e9ger les oeuvres de cr\u00e9ation par un droit d\u2019auteur. L\u2019octroi de licences Creative Commons constitue le fondement sur lequel l\u2019\u00e9ducation ouverte peut s\u2019appuyer pour que les connaissances soient accessibles \u00e0 toutes et \u00e0 tous, dans le monde entier.<\/p>\n<h2>Creative Commons et la biblioth\u00e8que libre<\/h2>\n<p>Le savoir est en constante \u00e9volution. Les nouvelles d\u00e9couvertes, innovations et perspectives modifient constamment le contenu de l\u2019enseignement sup\u00e9rieur. Gr\u00e2ce \u00e0 l\u2019octroi de licences Creative Commons, les \u00e9ducateurs qui fournissent des ressources \u00e9ducatives libres \u00e0 la biblioth\u00e8que ont la garantie que leur travail est facilement accessible aux \u00e9tudiants et que leurs coll\u00e8gues peuvent l\u2019examiner et l\u2019adapter. D\u2019ailleurs, le processus continu d\u2019examen par les pairs, permet de maintenir le niveau de qualit\u00e9 \u00e9lev\u00e9<br>\ndes collections de la biblioth\u00e8que.<\/p>\n<p>Si vous d\u00e9sirez obtenir plus d\u2019informations sur Creative Commons et sur la biblioth\u00e8que libre, <a href=\"https:\/\/ecampusontario.ca\/fr\/contact\/\">communiquez avec eCampusOntario par courriel.<\/a><\/p>\n<\/div>\n<\/div>\n<\/div>\n<p><!-- \/wp:post-content --><\/p>","protected":false},"excerpt":{"rendered":"<p>Ressources \u00e9ducatives libres Soutenir les ressources \u00e9ducatives libres en Ontario eCampusOntario met des infrastructures et des outils \u00e0 la disposition des \u00e9tablissements postsecondaires de l\u2019Ontario qui souhaitent en savoir davantage sur l\u2019\u00e9ducation ouverte, et leur offre de la formation \u00e0 cet \u00e9gard. Qui dit \u00e9ducation ouverte, dit ressources, outils et pratiques ne pr\u00e9sentant pas d\u2019obstacles [&hellip;]<\/p>\n","protected":false},"author":16,"featured_media":0,"parent":0,"menu_order":0,"comment_status":"closed","ping_status":"closed","template":"","meta":{"_acf_changed":false,"footnotes":""},"categories":[],"tags":[],"class_list":["post-418","page","type-page","status-publish","hentry"],"acf":[],"yoast_head":"<!-- This site is optimized with the Yoast SEO Premium plugin v27.4 (Yoast SEO v27.4) - https:\/\/yoast.com\/product\/yoast-seo-premium-wordpress\/ -->\n<title>Les Soutiens | eCampusOntario<\/title>\n<meta name=\"robots\" content=\"index, follow, max-snippet:-1, max-image-preview:large, max-video-preview:-1\" \/>\n<link rel=\"canonical\" href=\"https:\/\/ecampusontario.ca\/fr\/open-education-resources\/\" \/>\n<meta property=\"og:locale\" content=\"fr_FR\" \/>\n<meta property=\"og:type\" content=\"article\" \/>\n<meta property=\"og:title\" content=\"Les Soutiens\" \/>\n<meta property=\"og:description\" content=\"Ressources \u00e9ducatives libres Soutenir les ressources \u00e9ducatives libres en Ontario eCampusOntario met des infrastructures et des outils \u00e0 la disposition des \u00e9tablissements postsecondaires de l\u2019Ontario qui souhaitent en savoir davantage sur l\u2019\u00e9ducation ouverte, et leur offre de la formation \u00e0 cet \u00e9gard. Qui dit \u00e9ducation ouverte, dit ressources, outils et pratiques ne pr\u00e9sentant pas d\u2019obstacles [&hellip;]\" \/>\n<meta property=\"og:url\" content=\"https:\/\/ecampusontario.ca\/fr\/open-education-resources\/\" \/>\n<meta property=\"og:site_name\" content=\"eCampusOntario\" \/>\n<meta property=\"article:publisher\" content=\"https:\/\/www.facebook.com\/ecampusontario\/\" \/>\n<meta property=\"article:modified_time\" content=\"2021-06-14T17:29:15+00:00\" \/>\n<meta property=\"og:image\" content=\"https:\/\/ecampusontario.ca\/wp-content\/uploads\/2021\/06\/Banner-OER-1024x409.png\" \/>\n<meta name=\"twitter:card\" content=\"summary_large_image\" \/>\n<meta name=\"twitter:site\" content=\"@eCampusOntario\" \/>\n<meta name=\"twitter:label1\" content=\"Dur\u00e9e de lecture estim\u00e9e\" \/>\n\t<meta name=\"twitter:data1\" content=\"3 minutes\" \/>\n<script type=\"application\/ld+json\" class=\"yoast-schema-graph\">{\"@context\":\"https:\\\/\\\/schema.org\",\"@graph\":[{\"@type\":\"WebPage\",\"@id\":\"https:\\\/\\\/ecampusontario.ca\\\/fr\\\/open-education-resources\\\/\",\"url\":\"https:\\\/\\\/ecampusontario.ca\\\/fr\\\/open-education-resources\\\/\",\"name\":\"Les Soutiens | eCampusOntario\",\"isPartOf\":{\"@id\":\"https:\\\/\\\/ecampusontario.ca\\\/fr\\\/#website\"},\"primaryImageOfPage\":{\"@id\":\"https:\\\/\\\/ecampusontario.ca\\\/fr\\\/open-education-resources\\\/#primaryimage\"},\"image\":{\"@id\":\"https:\\\/\\\/ecampusontario.ca\\\/fr\\\/open-education-resources\\\/#primaryimage\"},\"thumbnailUrl\":\"https:\\\/\\\/ecampusontario.ca\\\/wp-content\\\/uploads\\\/2021\\\/06\\\/Banner-OER-1024x409.png\",\"datePublished\":\"2017-08-12T21:09:20+00:00\",\"dateModified\":\"2021-06-14T17:29:15+00:00\",\"breadcrumb\":{\"@id\":\"https:\\\/\\\/ecampusontario.ca\\\/fr\\\/open-education-resources\\\/#breadcrumb\"},\"inLanguage\":\"fr-FR\",\"potentialAction\":[{\"@type\":\"ReadAction\",\"target\":[\"https:\\\/\\\/ecampusontario.ca\\\/fr\\\/open-education-resources\\\/\"]}]},{\"@type\":\"ImageObject\",\"inLanguage\":\"fr-FR\",\"@id\":\"https:\\\/\\\/ecampusontario.ca\\\/fr\\\/open-education-resources\\\/#primaryimage\",\"url\":\"https:\\\/\\\/ecampusontario.ca\\\/wp-content\\\/uploads\\\/2021\\\/06\\\/Banner-OER-1024x409.png\",\"contentUrl\":\"https:\\\/\\\/ecampusontario.ca\\\/wp-content\\\/uploads\\\/2021\\\/06\\\/Banner-OER-1024x409.png\"},{\"@type\":\"BreadcrumbList\",\"@id\":\"https:\\\/\\\/ecampusontario.ca\\\/fr\\\/open-education-resources\\\/#breadcrumb\",\"itemListElement\":[{\"@type\":\"ListItem\",\"position\":1,\"name\":\"Home\",\"item\":\"https:\\\/\\\/ecampusontario.ca\\\/fr\\\/\"},{\"@type\":\"ListItem\",\"position\":2,\"name\":\"Les Soutiens\"}]},{\"@type\":\"WebSite\",\"@id\":\"https:\\\/\\\/ecampusontario.ca\\\/fr\\\/#website\",\"url\":\"https:\\\/\\\/ecampusontario.ca\\\/fr\\\/\",\"name\":\"eCampusOntario\",\"description\":\"The online hub for learners and educators across Ontario\",\"publisher\":{\"@id\":\"https:\\\/\\\/ecampusontario.ca\\\/fr\\\/#organization\"},\"potentialAction\":[{\"@type\":\"SearchAction\",\"target\":{\"@type\":\"EntryPoint\",\"urlTemplate\":\"https:\\\/\\\/ecampusontario.ca\\\/fr\\\/?s={search_term_string}\"},\"query-input\":{\"@type\":\"PropertyValueSpecification\",\"valueRequired\":true,\"valueName\":\"search_term_string\"}}],\"inLanguage\":\"fr-FR\"},{\"@type\":\"Organization\",\"@id\":\"https:\\\/\\\/ecampusontario.ca\\\/fr\\\/#organization\",\"name\":\"eCampusOntario\",\"url\":\"https:\\\/\\\/ecampusontario.ca\\\/fr\\\/\",\"logo\":{\"@type\":\"ImageObject\",\"inLanguage\":\"fr-FR\",\"@id\":\"https:\\\/\\\/ecampusontario.ca\\\/fr\\\/#\\\/schema\\\/logo\\\/image\\\/\",\"url\":\"https:\\\/\\\/ecampusontario.ca\\\/wp-content\\\/uploads\\\/2018\\\/11\\\/ecampus-e-icon-1.png\",\"contentUrl\":\"https:\\\/\\\/ecampusontario.ca\\\/wp-content\\\/uploads\\\/2018\\\/11\\\/ecampus-e-icon-1.png\",\"width\":720,\"height\":325,\"caption\":\"eCampusOntario\"},\"image\":{\"@id\":\"https:\\\/\\\/ecampusontario.ca\\\/fr\\\/#\\\/schema\\\/logo\\\/image\\\/\"},\"sameAs\":[\"https:\\\/\\\/www.facebook.com\\\/ecampusontario\\\/\",\"https:\\\/\\\/x.com\\\/eCampusOntario\"]}]}<\/script>\n<!-- \/ Yoast SEO Premium plugin. -->","yoast_head_json":{"title":"Les Soutiens | eCampusOntario","robots":{"index":"index","follow":"follow","max-snippet":"max-snippet:-1","max-image-preview":"max-image-preview:large","max-video-preview":"max-video-preview:-1"},"canonical":"https:\/\/ecampusontario.ca\/fr\/open-education-resources\/","og_locale":"fr_FR","og_type":"article","og_title":"Les Soutiens","og_description":"Ressources \u00e9ducatives libres Soutenir les ressources \u00e9ducatives libres en Ontario eCampusOntario met des infrastructures et des outils \u00e0 la disposition des \u00e9tablissements postsecondaires de l\u2019Ontario qui souhaitent en savoir davantage sur l\u2019\u00e9ducation ouverte, et leur offre de la formation \u00e0 cet \u00e9gard. Qui dit \u00e9ducation ouverte, dit ressources, outils et pratiques ne pr\u00e9sentant pas d\u2019obstacles [&hellip;]","og_url":"https:\/\/ecampusontario.ca\/fr\/open-education-resources\/","og_site_name":"eCampusOntario","article_publisher":"https:\/\/www.facebook.com\/ecampusontario\/","article_modified_time":"2021-06-14T17:29:15+00:00","og_image":[{"url":"https:\/\/ecampusontario.ca\/wp-content\/uploads\/2021\/06\/Banner-OER-1024x409.png","type":"","width":"","height":""}],"twitter_card":"summary_large_image","twitter_site":"@eCampusOntario","twitter_misc":{"Dur\u00e9e de lecture estim\u00e9e":"3 minutes"},"schema":{"@context":"https:\/\/schema.org","@graph":[{"@type":"WebPage","@id":"https:\/\/ecampusontario.ca\/fr\/open-education-resources\/","url":"https:\/\/ecampusontario.ca\/fr\/open-education-resources\/","name":"Les Soutiens | eCampusOntario","isPartOf":{"@id":"https:\/\/ecampusontario.ca\/fr\/#website"},"primaryImageOfPage":{"@id":"https:\/\/ecampusontario.ca\/fr\/open-education-resources\/#primaryimage"},"image":{"@id":"https:\/\/ecampusontario.ca\/fr\/open-education-resources\/#primaryimage"},"thumbnailUrl":"https:\/\/ecampusontario.ca\/wp-content\/uploads\/2021\/06\/Banner-OER-1024x409.png","datePublished":"2017-08-12T21:09:20+00:00","dateModified":"2021-06-14T17:29:15+00:00","breadcrumb":{"@id":"https:\/\/ecampusontario.ca\/fr\/open-education-resources\/#breadcrumb"},"inLanguage":"fr-FR","potentialAction":[{"@type":"ReadAction","target":["https:\/\/ecampusontario.ca\/fr\/open-education-resources\/"]}]},{"@type":"ImageObject","inLanguage":"fr-FR","@id":"https:\/\/ecampusontario.ca\/fr\/open-education-resources\/#primaryimage","url":"https:\/\/ecampusontario.ca\/wp-content\/uploads\/2021\/06\/Banner-OER-1024x409.png","contentUrl":"https:\/\/ecampusontario.ca\/wp-content\/uploads\/2021\/06\/Banner-OER-1024x409.png"},{"@type":"BreadcrumbList","@id":"https:\/\/ecampusontario.ca\/fr\/open-education-resources\/#breadcrumb","itemListElement":[{"@type":"ListItem","position":1,"name":"Home","item":"https:\/\/ecampusontario.ca\/fr\/"},{"@type":"ListItem","position":2,"name":"Les Soutiens"}]},{"@type":"WebSite","@id":"https:\/\/ecampusontario.ca\/fr\/#website","url":"https:\/\/ecampusontario.ca\/fr\/","name":"eCampusOntario","description":"The online hub for learners and educators across Ontario","publisher":{"@id":"https:\/\/ecampusontario.ca\/fr\/#organization"},"potentialAction":[{"@type":"SearchAction","target":{"@type":"EntryPoint","urlTemplate":"https:\/\/ecampusontario.ca\/fr\/?s={search_term_string}"},"query-input":{"@type":"PropertyValueSpecification","valueRequired":true,"valueName":"search_term_string"}}],"inLanguage":"fr-FR"},{"@type":"Organization","@id":"https:\/\/ecampusontario.ca\/fr\/#organization","name":"eCampusOntario","url":"https:\/\/ecampusontario.ca\/fr\/","logo":{"@type":"ImageObject","inLanguage":"fr-FR","@id":"https:\/\/ecampusontario.ca\/fr\/#\/schema\/logo\/image\/","url":"https:\/\/ecampusontario.ca\/wp-content\/uploads\/2018\/11\/ecampus-e-icon-1.png","contentUrl":"https:\/\/ecampusontario.ca\/wp-content\/uploads\/2018\/11\/ecampus-e-icon-1.png","width":720,"height":325,"caption":"eCampusOntario"},"image":{"@id":"https:\/\/ecampusontario.ca\/fr\/#\/schema\/logo\/image\/"},"sameAs":["https:\/\/www.facebook.com\/ecampusontario\/","https:\/\/x.com\/eCampusOntario"]}]}},"_links":{"self":[{"href":"https:\/\/ecampusontario.ca\/fr\/wp-json\/wp\/v2\/pages\/418","targetHints":{"allow":["GET"]}}],"collection":[{"href":"https:\/\/ecampusontario.ca\/fr\/wp-json\/wp\/v2\/pages"}],"about":[{"href":"https:\/\/ecampusontario.ca\/fr\/wp-json\/wp\/v2\/types\/page"}],"author":[{"embeddable":true,"href":"https:\/\/ecampusontario.ca\/fr\/wp-json\/wp\/v2\/users\/16"}],"replies":[{"embeddable":true,"href":"https:\/\/ecampusontario.ca\/fr\/wp-json\/wp\/v2\/comments?post=418"}],"version-history":[{"count":31,"href":"https:\/\/ecampusontario.ca\/fr\/wp-json\/wp\/v2\/pages\/418\/revisions"}],"predecessor-version":[{"id":16269,"href":"https:\/\/ecampusontario.ca\/fr\/wp-json\/wp\/v2\/pages\/418\/revisions\/16269"}],"wp:attachment":[{"href":"https:\/\/ecampusontario.ca\/fr\/wp-json\/wp\/v2\/media?parent=418"}],"wp:term":[{"taxonomy":"category","embeddable":true,"href":"https:\/\/ecampusontario.ca\/fr\/wp-json\/wp\/v2\/categories?post=418"},{"taxonomy":"post_tag","embeddable":true,"href":"https:\/\/ecampusontario.ca\/fr\/wp-json\/wp\/v2\/tags?post=418"}],"curies":[{"name":"wp","href":"https:\/\/api.w.org\/{rel}","templated":true}]}}