
{"id":39480,"date":"2025-09-30T14:05:17","date_gmt":"2025-09-30T18:05:17","guid":{"rendered":"https:\/\/ecampusontario.ca\/communities-of-practice\/"},"modified":"2026-02-20T09:36:27","modified_gmt":"2026-02-20T14:36:27","slug":"communities-of-practice","status":"publish","type":"page","link":"https:\/\/ecampusontario.ca\/fr\/communities-of-practice\/","title":{"rendered":"Communaut\u00e9s de pratique"},"content":{"rendered":"\n<header class=\"wp-block-group  has-grass-25-background-color has-background is-layout-constrained wp-block-group-is-layout-constrained\">\n<div class=\"wp-block-columns eco-gap-20 eco-padding-horizontal-4rem has-grass-25-background-color has-background is-layout-flex wp-container-core-columns-is-layout-9d6595d7 wp-block-columns-is-layout-flex\">\n<div class=\"wp-block-column align-vertical-center is-layout-flow wp-block-column-is-layout-flow\">\n<p class=\"has-medium-font-size\" style=\"text-transform:uppercase\"><strong>COLLABORATION<\/strong><\/p>\n\n\n\n<h1 class=\"wp-block-heading\" id=\"h-communautes-de-pratique\">Communaut\u00e9s de pratique<\/h1>\n\n\n\n<p class=\"has-text-align-left\">Rejoignez des r\u00e9seaux de pairs, partagez des connaissances et \u00e9changez avec des chefs de file qui fa\u00e7onnent l\u2019avenir de l\u2019enseignement postsecondaire.<\/p>\n<\/div>\n\n\n\n<div class=\"wp-block-column d-flex  is-layout-flow wp-block-column-is-layout-flow\">\n<figure class=\"wp-block-image aligncenter size-medium d-flex align-vertical-center\"><img loading=\"lazy\" decoding=\"async\" width=\"300\" height=\"205\" src=\"https:\/\/ecampusontario.ca\/wp-content\/uploads\/2025\/11\/collaborate-communities-of-Practice-Updated-300x205.png\" alt=\"\" class=\"wp-image-39383\" srcset=\"https:\/\/ecampusontario.ca\/wp-content\/uploads\/2025\/11\/collaborate-communities-of-Practice-Updated-300x205.png 300w, https:\/\/ecampusontario.ca\/wp-content\/uploads\/2025\/11\/collaborate-communities-of-Practice-Updated.png 599w\" sizes=\"auto, (max-width: 300px) 100vw, 300px\" \/><\/figure>\n<\/div>\n<\/div>\n<\/header>\n\n\n\n<div class=\"wp-block-group eco-no-padding-horizontal eco-no-padding-vertical is-layout-constrained wp-block-group-is-layout-constrained\">\n<div class=\"wp-block-ecampusontario-eco-breadcrumbs\">\n\t<nav class=\"eco-breadcrumbs\" aria-label=\"Breadcrumbs\"><ol><li><a href=\"\/fr\/\">Accueil<\/a><\/li><li class=\"eco-breacrumb-current\">Communaut\u00e9s de pratique<\/li><\/ol><\/nav><\/div>\n<\/div>\n\n\n\n<div class=\"wp-block-group is-layout-constrained wp-block-group-is-layout-constrained\">\n<div class=\"wp-block-columns gap-col-2 is-layout-flex wp-container-core-columns-is-layout-9d6595d7 wp-block-columns-is-layout-flex\">\n<div class=\"wp-block-column eco-border-grass eco-padding-horizontal eco-padding-vertical has-grass-25-background-color has-background is-layout-flow wp-block-column-is-layout-flow\">\n<figure class=\"wp-block-image size-full is-resized\"><img loading=\"lazy\" decoding=\"async\" width=\"32\" height=\"24\" src=\"https:\/\/ecampusontario.ca\/wp-content\/uploads\/2025\/09\/Vector-1.png\" alt=\"\" class=\"wp-image-38882\" style=\"width:20px\"\/><\/figure>\n\n\n\n<h2 class=\"wp-block-heading\" id=\"h-collaborer-apprendre-evoluer\">Collaborer. Apprendre. \u00c9voluer.<\/h2>\n\n\n\n<p>Joignez-vous \u00e0 nos communaut\u00e9s de pratique (CdP) stimulantes qui favorisent la collaboration, l\u2019apprentissage continu et le perfectionnement professionnel. Vous y trouverez un espace favorable \u00e0 l\u2019\u00e9change d\u2019id\u00e9es et \u00e0 la r\u00e9flexion sur les strat\u00e9gies d\u2019enseignement qui vous tiendra inform\u00e9 des tendances p\u00e9dagogiques et des technologies en constante \u00e9volution.<\/p>\n<\/div>\n\n\n\n<div class=\"wp-block-column d-flex flex-col border-1px eco-padding-horizontal eco-padding-vertical is-layout-flow wp-block-column-is-layout-flow\">\n<figure class=\"wp-block-image size-full is-resized\"><img loading=\"lazy\" decoding=\"async\" width=\"145\" height=\"159\" src=\"https:\/\/ecampusontario.ca\/wp-content\/uploads\/2021\/05\/BrandAssets-e-icon.png\" alt=\"\" class=\"wp-image-15901\" style=\"width:auto;height:75px\"\/><\/figure>\n\n\n\n<h3 class=\"wp-block-heading wp-block-post-title\" id=\"h-svet\">SVET<\/h3>\n\n\n\n<p class=\"capsule-grass\">\u00c9v\u00e9nements et ateliers<\/p>\n\n\n\n<p>eCampusOntario rassemble plus de 300 professionnel\u00b7les d\u2019\u00e9tablissements postsecondaires publics de l\u2019Ontario pour discuter, c\u00e9l\u00e9brer et faire progresser l\u2019innovation technologique, la communaut\u00e9 et la collaboration.<\/p>\n\n\n\n<div class=\"wp-block-buttons eco-margin-top-auto is-vertical is-layout-flex wp-container-core-buttons-is-layout-8cf370e7 wp-block-buttons-is-layout-flex\">\n<div class=\"wp-block-button eco-button-outlined-tangerine\"><a class=\"wp-block-button__link wp-element-button\" href=\"https:\/\/ecampusontario.ca\/fr\/evenements\/?tag_ids%5B%5D=11791\" rel=\"noreferrer noopener\" aria-label=\"En savoir plus sur SVET\">En savoir plus<\/a><\/div>\n<\/div>\n<\/div>\n\n\n\n<div class=\"wp-block-column d-flex flex-col border-1px eco-padding-horizontal eco-padding-vertical is-layout-flow wp-block-column-is-layout-flow\">\n<figure class=\"wp-block-image size-full is-resized\"><img loading=\"lazy\" decoding=\"async\" width=\"145\" height=\"159\" src=\"https:\/\/ecampusontario.ca\/wp-content\/uploads\/2021\/05\/BrandAssets-e-icon.png\" alt=\"\" class=\"wp-image-15901\" style=\"width:auto;height:75px\"\/><\/figure>\n\n\n\n<h3 class=\"wp-block-heading wp-block-post-title\" id=\"h-forum-sur-les-micro-titres-de-competences\">Forum sur les micro-titres de comp\u00e9tences<\/h3>\n\n\n\n<p class=\"capsule-grass\">\u00c9v\u00e9nements et ateliers<\/p>\n\n\n\n<p>Le plus important sommet canadien sur les micro-titres de comp\u00e9tences met en lumi\u00e8re la fa\u00e7on dont les \u00e9tablissements postsecondaires, les partenaires industriels et eCampusOntario collaborent pour combler les lacunes en mati\u00e8re de comp\u00e9tences et soutenir les apprenant\u00b7es et les entreprises.<\/p>\n\n\n\n<div class=\"wp-block-buttons eco-margin-top-auto is-vertical is-layout-flex wp-container-core-buttons-is-layout-8cf370e7 wp-block-buttons-is-layout-flex\">\n<div class=\"wp-block-button eco-button-outlined-tangerine\"><a class=\"wp-block-button__link wp-element-button\" href=\"https:\/\/ecampusontario.ca\/fr\/evenements\/?tag_ids%5B%5D=11784\" rel=\"noreferrer noopener\" aria-label=\"En savoir plus sur Forum sur les microtitres de comp\u00e9tences\">En savoir plus<\/a><\/div>\n<\/div>\n<\/div>\n<\/div>\n\n\n\n<div class=\"wp-block-columns gap-col-2 is-layout-flex wp-container-core-columns-is-layout-9d6595d7 wp-block-columns-is-layout-flex\">\n<div class=\"wp-block-column d-flex flex-col border-1px eco-padding-horizontal eco-padding-vertical is-layout-flow wp-block-column-is-layout-flow\">\n<figure class=\"wp-block-image size-full is-resized\"><img loading=\"lazy\" decoding=\"async\" width=\"145\" height=\"159\" src=\"https:\/\/ecampusontario.ca\/wp-content\/uploads\/2021\/05\/BrandAssets-e-icon.png\" alt=\"\" class=\"wp-image-15901\" style=\"width:auto;height:75px\"\/><\/figure>\n\n\n\n<h3 class=\"wp-block-heading wp-block-post-title\" id=\"h-forum-franco-ontarien\">Forum Franco-Ontarien<\/h3>\n\n\n\n<p class=\"capsule-grass\">\u00c9v\u00e9nements et ateliers<\/p>\n\n\n\n<p>Le Forum Franco-Ontarien r\u00e9unit les diff\u00e9rents acteurs et actrices du milieu de l&rsquo;enseignement postsecondaire (enseignement, administration, conception p\u00e9dagogique et communaut\u00e9 \u00e9tudiante) afin de discuter, \u00e9changer des pratiques et cocr\u00e9er des solutions d\u2019apprentissage en ligne en fran\u00e7ais (en tant que langue premi\u00e8re et langue seconde). Il favorise la collaboration entre les \u00e9tablissements dans le but de soutenir le perfectionnement professionnel et d\u2019am\u00e9liorer l\u2019accessibilit\u00e9 des membres du corps enseignant francophones et bilingues.<\/p>\n\n\n\n<div class=\"wp-block-buttons eco-margin-top-auto is-vertical is-layout-flex wp-container-core-buttons-is-layout-8cf370e7 wp-block-buttons-is-layout-flex\">\n<div class=\"wp-block-button eco-button-outlined-tangerine\"><a class=\"wp-block-button__link wp-element-button\" href=\"https:\/\/ecampusontario.ca\/fr\/evenements\/?tag_ids%5B%5D=11782\" rel=\"noreferrer noopener\" aria-label=\"En savoir plus sur Forum franco ontarien\">En savoir plus<\/a><\/div>\n<\/div>\n<\/div>\n\n\n\n<div class=\"wp-block-column d-flex flex-col border-1px eco-padding-horizontal eco-padding-vertical is-layout-flow wp-block-column-is-layout-flow\">\n<figure class=\"wp-block-image size-full is-resized\"><img loading=\"lazy\" decoding=\"async\" width=\"145\" height=\"159\" src=\"https:\/\/ecampusontario.ca\/wp-content\/uploads\/2021\/05\/BrandAssets-e-icon.png\" alt=\"logo\" class=\"wp-image-15901\" style=\"width:auto;height:75px\"\/><\/figure>\n\n\n\n<h3 class=\"wp-block-heading wp-block-post-title\" id=\"h-communaute-de-pratique-francophone\">Communaut\u00e9 de pratique francophone<\/h3>\n\n\n\n<p class=\"capsule-grass\">\u00c9v\u00e9nements et ateliers<\/p>\n\n\n\n<p>Les enseignant\u00b7es francophones se r\u00e9unissent pour am\u00e9liorer et diversifier le mat\u00e9riel et les programmes d\u2019apprentissage num\u00e9rique en fran\u00e7ais et en fran\u00e7ais langue seconde en Ontario.<\/p>\n\n\n\n<div class=\"wp-block-buttons eco-margin-top-auto is-vertical is-layout-flex wp-container-core-buttons-is-layout-8cf370e7 wp-block-buttons-is-layout-flex\">\n<div class=\"wp-block-button eco-button-outlined-tangerine\"><a class=\"wp-block-button__link wp-element-button\" href=\"https:\/\/forms.office.com\/pages\/responsepage.aspx?id=7w5psxIAQk2Gy3nB26xWPa6liSaX6uVIhvCvEnPSomhUNEU5M0VWVU5PTTA5OFNBUTlKSFA5TzhaSi4u\" target=\"_blank\" rel=\"noreferrer noopener\" aria-label=\"En savoir plus sur Communaut\u00e9 de pratique francophone (ouvre dans un nouvel onglet)\">En savoir plus<\/a><\/div>\n<\/div>\n<\/div>\n\n\n\n<div class=\"wp-block-column d-flex flex-col border-1px eco-padding-horizontal eco-padding-vertical is-layout-flow wp-block-column-is-layout-flow\">\n<figure class=\"wp-block-image size-full is-resized\"><img loading=\"lazy\" decoding=\"async\" width=\"145\" height=\"159\" src=\"https:\/\/ecampusontario.ca\/wp-content\/uploads\/2021\/05\/BrandAssets-e-icon.png\" alt=\"\" class=\"wp-image-15901\" style=\"width:auto;height:75px\"\/><\/figure>\n\n\n\n<h3 class=\"wp-block-heading wp-block-post-title\" id=\"h-communaute-de-pratique-de-la-bibliotheque-libre\">Communaut\u00e9 de pratique de la Biblioth\u00e8que libre<\/h3>\n\n\n\n<p class=\"capsule-grass\">\u00c9v\u00e9nements et ateliers<\/p>\n\n\n\n<p>Favorise un r\u00e9seau de praticien\u00b7nes de l\u2019\u00e9ducation ouverte en Ontario.<\/p>\n\n\n\n<div class=\"wp-block-buttons eco-margin-top-auto is-vertical is-layout-flex wp-container-core-buttons-is-layout-8cf370e7 wp-block-buttons-is-layout-flex\">\n<div class=\"wp-block-button eco-button-outlined-tangerine\"><a class=\"wp-block-button__link wp-element-button\" href=\"https:\/\/ooln.ca\/fr\" target=\"_blank\" rel=\"noreferrer noopener\" aria-label=\"En savoir plus sur Communaut\u00e9 de pratique de la Biblioth\u00e8que libre (ouvre dans un nouvel onglet)\">En savoir plus<\/a><\/div>\n<\/div>\n<\/div>\n<\/div>\n<\/div>\n\n\n\n<div class=\"wp-block-group eco-padding-vertical has-background is-layout-constrained wp-block-group-is-layout-constrained\" style=\"background-color:#edeaea\">\n<h2 class=\"wp-block-heading has-text-align-center eco-padding-top\" id=\"h-vous-ne-trouvez-pas-ce-dont-vous-avez-besoin\">Vous ne trouvez pas ce dont vous avez besoin?<\/h2>\n\n\n\n<div class=\"wp-block-buttons eco-padding-bottom is-content-justification-center is-layout-flex wp-container-core-buttons-is-layout-16018d1d wp-block-buttons-is-layout-flex\">\n<div class=\"wp-block-button eco-button-tangerine\"><a class=\"wp-block-button__link has-text-align-center wp-element-button\" href=\"https:\/\/ecampusontario.ca\/fr\/contact-us\/\">Nous joindre<\/a><\/div>\n<\/div>\n<\/div>\n\n\n\n<p><\/p>\n","protected":false},"excerpt":{"rendered":"<p>COLLABORATION Communaut\u00e9s de pratique Rejoignez des r\u00e9seaux de pairs, partagez des connaissances et \u00e9changez avec des chefs de file qui fa\u00e7onnent l\u2019avenir de l\u2019enseignement postsecondaire. Accueil Communaut\u00e9s de pratique Collaborer. Apprendre. \u00c9voluer. Joignez-vous \u00e0 nos communaut\u00e9s de pratique (CdP) stimulantes qui favorisent la collaboration, l\u2019apprentissage continu et le perfectionnement professionnel. Vous y trouverez un espace [&hellip;]<\/p>\n","protected":false},"author":18,"featured_media":0,"parent":0,"menu_order":0,"comment_status":"closed","ping_status":"closed","template":"www-home-page","meta":{"_acf_changed":false,"footnotes":""},"categories":[],"tags":[],"class_list":["post-39480","page","type-page","status-publish","hentry"],"acf":[],"yoast_head":"<!-- This site is optimized with the Yoast SEO Premium plugin v26.0 (Yoast SEO v27.4) - https:\/\/yoast.com\/product\/yoast-seo-premium-wordpress\/ -->\n<title>Communaut\u00e9s de pratique | eCampusOntario<\/title>\n<meta name=\"robots\" content=\"index, follow, max-snippet:-1, max-image-preview:large, max-video-preview:-1\" \/>\n<link rel=\"canonical\" href=\"https:\/\/ecampusontario.ca\/fr\/communities-of-practice\/\" \/>\n<meta property=\"og:locale\" content=\"fr_FR\" \/>\n<meta property=\"og:type\" content=\"article\" \/>\n<meta property=\"og:title\" content=\"Communaut\u00e9s de pratique\" \/>\n<meta property=\"og:description\" content=\"COLLABORATION Communaut\u00e9s de pratique Rejoignez des r\u00e9seaux de pairs, partagez des connaissances et \u00e9changez avec des chefs de file qui fa\u00e7onnent l\u2019avenir de l\u2019enseignement postsecondaire. Accueil Communaut\u00e9s de pratique Collaborer. Apprendre. \u00c9voluer. Joignez-vous \u00e0 nos communaut\u00e9s de pratique (CdP) stimulantes qui favorisent la collaboration, l\u2019apprentissage continu et le perfectionnement professionnel. Vous y trouverez un espace [&hellip;]\" \/>\n<meta property=\"og:url\" content=\"https:\/\/ecampusontario.ca\/fr\/communities-of-practice\/\" \/>\n<meta property=\"og:site_name\" content=\"eCampusOntario\" \/>\n<meta property=\"article:publisher\" content=\"https:\/\/www.facebook.com\/ecampusontario\/\" \/>\n<meta property=\"article:modified_time\" content=\"2026-02-20T14:36:27+00:00\" \/>\n<meta property=\"og:image\" content=\"https:\/\/ecampusontario.ca\/wp-content\/uploads\/2025\/11\/collaborate-communities-of-Practice-Updated.png\" \/>\n\t<meta property=\"og:image:width\" content=\"599\" \/>\n\t<meta property=\"og:image:height\" content=\"409\" \/>\n\t<meta property=\"og:image:type\" content=\"image\/png\" \/>\n<meta name=\"twitter:card\" content=\"summary_large_image\" \/>\n<meta name=\"twitter:site\" content=\"@eCampusOntario\" \/>\n<meta name=\"twitter:label1\" content=\"Dur\u00e9e de lecture estim\u00e9e\" \/>\n\t<meta name=\"twitter:data1\" content=\"3 minutes\" \/>\n<script type=\"application\/ld+json\" class=\"yoast-schema-graph\">{\"@context\":\"https:\\\/\\\/schema.org\",\"@graph\":[{\"@type\":\"WebPage\",\"@id\":\"https:\\\/\\\/ecampusontario.ca\\\/fr\\\/communities-of-practice\\\/\",\"url\":\"https:\\\/\\\/ecampusontario.ca\\\/fr\\\/communities-of-practice\\\/\",\"name\":\"Communaut\u00e9s de pratique | eCampusOntario\",\"isPartOf\":{\"@id\":\"https:\\\/\\\/ecampusontario.ca\\\/fr\\\/#website\"},\"primaryImageOfPage\":{\"@id\":\"https:\\\/\\\/ecampusontario.ca\\\/fr\\\/communities-of-practice\\\/#primaryimage\"},\"image\":{\"@id\":\"https:\\\/\\\/ecampusontario.ca\\\/fr\\\/communities-of-practice\\\/#primaryimage\"},\"thumbnailUrl\":\"https:\\\/\\\/ecampusontario.ca\\\/wp-content\\\/uploads\\\/2025\\\/11\\\/collaborate-communities-of-Practice-Updated-300x205.png\",\"datePublished\":\"2025-09-30T18:05:17+00:00\",\"dateModified\":\"2026-02-20T14:36:27+00:00\",\"breadcrumb\":{\"@id\":\"https:\\\/\\\/ecampusontario.ca\\\/fr\\\/communities-of-practice\\\/#breadcrumb\"},\"inLanguage\":\"fr-FR\",\"potentialAction\":[{\"@type\":\"ReadAction\",\"target\":[\"https:\\\/\\\/ecampusontario.ca\\\/fr\\\/communities-of-practice\\\/\"]}]},{\"@type\":\"ImageObject\",\"inLanguage\":\"fr-FR\",\"@id\":\"https:\\\/\\\/ecampusontario.ca\\\/fr\\\/communities-of-practice\\\/#primaryimage\",\"url\":\"https:\\\/\\\/ecampusontario.ca\\\/wp-content\\\/uploads\\\/2025\\\/11\\\/collaborate-communities-of-Practice-Updated-300x205.png\",\"contentUrl\":\"https:\\\/\\\/ecampusontario.ca\\\/wp-content\\\/uploads\\\/2025\\\/11\\\/collaborate-communities-of-Practice-Updated-300x205.png\"},{\"@type\":\"BreadcrumbList\",\"@id\":\"https:\\\/\\\/ecampusontario.ca\\\/fr\\\/communities-of-practice\\\/#breadcrumb\",\"itemListElement\":[{\"@type\":\"ListItem\",\"position\":1,\"name\":\"Home\",\"item\":\"https:\\\/\\\/ecampusontario.ca\\\/fr\\\/\"},{\"@type\":\"ListItem\",\"position\":2,\"name\":\"Communaut\u00e9s de pratique\"}]},{\"@type\":\"WebSite\",\"@id\":\"https:\\\/\\\/ecampusontario.ca\\\/fr\\\/#website\",\"url\":\"https:\\\/\\\/ecampusontario.ca\\\/fr\\\/\",\"name\":\"eCampusOntario\",\"description\":\"The online hub for learners and educators across Ontario\",\"publisher\":{\"@id\":\"https:\\\/\\\/ecampusontario.ca\\\/fr\\\/#organization\"},\"potentialAction\":[{\"@type\":\"SearchAction\",\"target\":{\"@type\":\"EntryPoint\",\"urlTemplate\":\"https:\\\/\\\/ecampusontario.ca\\\/fr\\\/?s={search_term_string}\"},\"query-input\":{\"@type\":\"PropertyValueSpecification\",\"valueRequired\":true,\"valueName\":\"search_term_string\"}}],\"inLanguage\":\"fr-FR\"},{\"@type\":\"Organization\",\"@id\":\"https:\\\/\\\/ecampusontario.ca\\\/fr\\\/#organization\",\"name\":\"eCampusOntario\",\"url\":\"https:\\\/\\\/ecampusontario.ca\\\/fr\\\/\",\"logo\":{\"@type\":\"ImageObject\",\"inLanguage\":\"fr-FR\",\"@id\":\"https:\\\/\\\/ecampusontario.ca\\\/fr\\\/#\\\/schema\\\/logo\\\/image\\\/\",\"url\":\"https:\\\/\\\/ecampusontario.ca\\\/wp-content\\\/uploads\\\/2018\\\/11\\\/ecampus-e-icon-1.png\",\"contentUrl\":\"https:\\\/\\\/ecampusontario.ca\\\/wp-content\\\/uploads\\\/2018\\\/11\\\/ecampus-e-icon-1.png\",\"width\":720,\"height\":325,\"caption\":\"eCampusOntario\"},\"image\":{\"@id\":\"https:\\\/\\\/ecampusontario.ca\\\/fr\\\/#\\\/schema\\\/logo\\\/image\\\/\"},\"sameAs\":[\"https:\\\/\\\/www.facebook.com\\\/ecampusontario\\\/\",\"https:\\\/\\\/x.com\\\/eCampusOntario\"]}]}<\/script>\n<!-- \/ Yoast SEO Premium plugin. -->","yoast_head_json":{"title":"Communaut\u00e9s de pratique | eCampusOntario","robots":{"index":"index","follow":"follow","max-snippet":"max-snippet:-1","max-image-preview":"max-image-preview:large","max-video-preview":"max-video-preview:-1"},"canonical":"https:\/\/ecampusontario.ca\/fr\/communities-of-practice\/","og_locale":"fr_FR","og_type":"article","og_title":"Communaut\u00e9s de pratique","og_description":"COLLABORATION Communaut\u00e9s de pratique Rejoignez des r\u00e9seaux de pairs, partagez des connaissances et \u00e9changez avec des chefs de file qui fa\u00e7onnent l\u2019avenir de l\u2019enseignement postsecondaire. Accueil Communaut\u00e9s de pratique Collaborer. Apprendre. \u00c9voluer. Joignez-vous \u00e0 nos communaut\u00e9s de pratique (CdP) stimulantes qui favorisent la collaboration, l\u2019apprentissage continu et le perfectionnement professionnel. Vous y trouverez un espace [&hellip;]","og_url":"https:\/\/ecampusontario.ca\/fr\/communities-of-practice\/","og_site_name":"eCampusOntario","article_publisher":"https:\/\/www.facebook.com\/ecampusontario\/","article_modified_time":"2026-02-20T14:36:27+00:00","og_image":[{"width":599,"height":409,"url":"https:\/\/ecampusontario.ca\/wp-content\/uploads\/2025\/11\/collaborate-communities-of-Practice-Updated.png","type":"image\/png"}],"twitter_card":"summary_large_image","twitter_site":"@eCampusOntario","twitter_misc":{"Dur\u00e9e de lecture estim\u00e9e":"3 minutes"},"schema":{"@context":"https:\/\/schema.org","@graph":[{"@type":"WebPage","@id":"https:\/\/ecampusontario.ca\/fr\/communities-of-practice\/","url":"https:\/\/ecampusontario.ca\/fr\/communities-of-practice\/","name":"Communaut\u00e9s de pratique | eCampusOntario","isPartOf":{"@id":"https:\/\/ecampusontario.ca\/fr\/#website"},"primaryImageOfPage":{"@id":"https:\/\/ecampusontario.ca\/fr\/communities-of-practice\/#primaryimage"},"image":{"@id":"https:\/\/ecampusontario.ca\/fr\/communities-of-practice\/#primaryimage"},"thumbnailUrl":"https:\/\/ecampusontario.ca\/wp-content\/uploads\/2025\/11\/collaborate-communities-of-Practice-Updated-300x205.png","datePublished":"2025-09-30T18:05:17+00:00","dateModified":"2026-02-20T14:36:27+00:00","breadcrumb":{"@id":"https:\/\/ecampusontario.ca\/fr\/communities-of-practice\/#breadcrumb"},"inLanguage":"fr-FR","potentialAction":[{"@type":"ReadAction","target":["https:\/\/ecampusontario.ca\/fr\/communities-of-practice\/"]}]},{"@type":"ImageObject","inLanguage":"fr-FR","@id":"https:\/\/ecampusontario.ca\/fr\/communities-of-practice\/#primaryimage","url":"https:\/\/ecampusontario.ca\/wp-content\/uploads\/2025\/11\/collaborate-communities-of-Practice-Updated-300x205.png","contentUrl":"https:\/\/ecampusontario.ca\/wp-content\/uploads\/2025\/11\/collaborate-communities-of-Practice-Updated-300x205.png"},{"@type":"BreadcrumbList","@id":"https:\/\/ecampusontario.ca\/fr\/communities-of-practice\/#breadcrumb","itemListElement":[{"@type":"ListItem","position":1,"name":"Home","item":"https:\/\/ecampusontario.ca\/fr\/"},{"@type":"ListItem","position":2,"name":"Communaut\u00e9s de pratique"}]},{"@type":"WebSite","@id":"https:\/\/ecampusontario.ca\/fr\/#website","url":"https:\/\/ecampusontario.ca\/fr\/","name":"eCampusOntario","description":"The online hub for learners and educators across Ontario","publisher":{"@id":"https:\/\/ecampusontario.ca\/fr\/#organization"},"potentialAction":[{"@type":"SearchAction","target":{"@type":"EntryPoint","urlTemplate":"https:\/\/ecampusontario.ca\/fr\/?s={search_term_string}"},"query-input":{"@type":"PropertyValueSpecification","valueRequired":true,"valueName":"search_term_string"}}],"inLanguage":"fr-FR"},{"@type":"Organization","@id":"https:\/\/ecampusontario.ca\/fr\/#organization","name":"eCampusOntario","url":"https:\/\/ecampusontario.ca\/fr\/","logo":{"@type":"ImageObject","inLanguage":"fr-FR","@id":"https:\/\/ecampusontario.ca\/fr\/#\/schema\/logo\/image\/","url":"https:\/\/ecampusontario.ca\/wp-content\/uploads\/2018\/11\/ecampus-e-icon-1.png","contentUrl":"https:\/\/ecampusontario.ca\/wp-content\/uploads\/2018\/11\/ecampus-e-icon-1.png","width":720,"height":325,"caption":"eCampusOntario"},"image":{"@id":"https:\/\/ecampusontario.ca\/fr\/#\/schema\/logo\/image\/"},"sameAs":["https:\/\/www.facebook.com\/ecampusontario\/","https:\/\/x.com\/eCampusOntario"]}]}},"_links":{"self":[{"href":"https:\/\/ecampusontario.ca\/fr\/wp-json\/wp\/v2\/pages\/39480","targetHints":{"allow":["GET"]}}],"collection":[{"href":"https:\/\/ecampusontario.ca\/fr\/wp-json\/wp\/v2\/pages"}],"about":[{"href":"https:\/\/ecampusontario.ca\/fr\/wp-json\/wp\/v2\/types\/page"}],"author":[{"embeddable":true,"href":"https:\/\/ecampusontario.ca\/fr\/wp-json\/wp\/v2\/users\/18"}],"replies":[{"embeddable":true,"href":"https:\/\/ecampusontario.ca\/fr\/wp-json\/wp\/v2\/comments?post=39480"}],"version-history":[{"count":17,"href":"https:\/\/ecampusontario.ca\/fr\/wp-json\/wp\/v2\/pages\/39480\/revisions"}],"predecessor-version":[{"id":43616,"href":"https:\/\/ecampusontario.ca\/fr\/wp-json\/wp\/v2\/pages\/39480\/revisions\/43616"}],"wp:attachment":[{"href":"https:\/\/ecampusontario.ca\/fr\/wp-json\/wp\/v2\/media?parent=39480"}],"wp:term":[{"taxonomy":"category","embeddable":true,"href":"https:\/\/ecampusontario.ca\/fr\/wp-json\/wp\/v2\/categories?post=39480"},{"taxonomy":"post_tag","embeddable":true,"href":"https:\/\/ecampusontario.ca\/fr\/wp-json\/wp\/v2\/tags?post=39480"}],"curies":[{"name":"wp","href":"https:\/\/api.w.org\/{rel}","templated":true}]}}