
{"id":39475,"date":"2025-09-30T14:28:15","date_gmt":"2025-09-30T18:28:15","guid":{"rendered":"https:\/\/ecampusontario.ca\/digital-transformation-dx\/"},"modified":"2026-02-18T14:16:01","modified_gmt":"2026-02-18T19:16:01","slug":"digital-transformation-dx","status":"publish","type":"page","link":"https:\/\/ecampusontario.ca\/fr\/digital-transformation-dx\/","title":{"rendered":"Transformation num\u00e9rique"},"content":{"rendered":"\n<header class=\"wp-block-group  has-steel-50-background-color has-background is-layout-constrained wp-block-group-is-layout-constrained\">\n<div class=\"wp-block-columns eco-gap-20 eco-padding-horizontal-4rem has-steel-50-background-color has-background is-layout-flex wp-container-core-columns-is-layout-9d6595d7 wp-block-columns-is-layout-flex\">\n<div class=\"wp-block-column align-vertical-center is-layout-flow wp-block-column-is-layout-flow\">\n<p class=\"has-medium-font-size\" style=\"text-transform:uppercase\"><strong>Transformation&nbsp;<\/strong><\/p>\n\n\n\n<h1 class=\"wp-block-heading\" id=\"h-transformation-numerique\">Transformation num\u00e9rique<\/h1>\n\n\n\n<p class=\"has-text-align-left\">Transformez l\u2019\u00e9ducation gr\u00e2ce \u00e0 la technologie.<\/p>\n<\/div>\n\n\n\n<div class=\"wp-block-column d-flex  is-layout-flow wp-block-column-is-layout-flow\">\n<figure class=\"wp-block-image aligncenter size-medium d-flex align-vertical-center\"><img loading=\"lazy\" decoding=\"async\" width=\"300\" height=\"205\" src=\"https:\/\/ecampusontario.ca\/wp-content\/uploads\/2025\/09\/Transform-digital-transformation-300x205.png\" alt=\"\" class=\"wp-image-39012\" srcset=\"https:\/\/ecampusontario.ca\/wp-content\/uploads\/2025\/09\/Transform-digital-transformation-300x205.png 300w, https:\/\/ecampusontario.ca\/wp-content\/uploads\/2025\/09\/Transform-digital-transformation.png 599w\" sizes=\"auto, (max-width: 300px) 100vw, 300px\" \/><\/figure>\n<\/div>\n<\/div>\n<\/header>\n\n\n\n<div class=\"wp-block-group eco-no-padding-horizontal eco-no-padding-vertical is-layout-constrained wp-block-group-is-layout-constrained\">\n<div class=\"wp-block-ecampusontario-eco-breadcrumbs\">\n\t<nav class=\"eco-breadcrumbs\" aria-label=\"Breadcrumbs\"><ol><li><a href=\"\/fr\/\">Accueil<\/a><\/li><li class=\"eco-breacrumb-current\">Transformation num\u00e9rique<\/li><\/ol><\/nav><\/div>\n<\/div>\n\n\n\n<div class=\"wp-block-group is-layout-constrained wp-block-group-is-layout-constrained\">\n<div class=\"wp-block-columns gap-col-2 is-layout-flex wp-container-core-columns-is-layout-9d6595d7 wp-block-columns-is-layout-flex\">\n<div class=\"wp-block-column eco-border-steel eco-padding-horizontal eco-padding-vertical has-background is-layout-flow wp-block-column-is-layout-flow\" style=\"background-color:#dae8ed\">\n<figure class=\"wp-block-image size-full is-resized\"><img loading=\"lazy\" decoding=\"async\" width=\"32\" height=\"24\" src=\"https:\/\/ecampusontario.ca\/wp-content\/uploads\/2025\/09\/Vector-1.png\" alt=\"\" class=\"wp-image-38882\" style=\"width:20px\"\/><\/figure>\n\n\n\n<h2 class=\"wp-block-heading\" id=\"h-stimuler-le-changement-grace-a-la-strategie-numerique\">Stimuler le changement gr\u00e2ce \u00e0 la strat\u00e9gie num\u00e9rique.<\/h2>\n\n\n\n<p>La transformation num\u00e9rique permet aux \u00e9tablissements de l\u2019Ontario de personnaliser l\u2019apprentissage, de simplifier les op\u00e9rations et de prendre des d\u00e9cisions plus \u00e9clair\u00e9es. En adoptant les outils num\u00e9riques, les \u00e9tablissements peuvent s\u2019adapter, soutenir une diversit\u00e9 d\u2019apprenant\u00b7es et stimuler l\u2019innovation. Explorez nos ressources pour renforcer votre r\u00e9silience, votre pertinence et votre influence.<\/p>\n<\/div>\n\n\n\n<div class=\"wp-block-column d-flex flex-col border-1px eco-padding-horizontal eco-padding-vertical is-layout-flow wp-block-column-is-layout-flow\">\n<figure class=\"wp-block-image size-full is-resized\"><img loading=\"lazy\" decoding=\"async\" width=\"145\" height=\"159\" src=\"https:\/\/ecampusontario.ca\/wp-content\/uploads\/2021\/05\/BrandAssets-e-icon.png\" alt=\"\" class=\"wp-image-15901\" style=\"width:auto;height:75px\"\/><\/figure>\n\n\n\n<h3 class=\"wp-block-heading wp-block-post-title\" id=\"h-outil-d-auto-evaluation-de-la-transformation-numerique\">Outil d\u2019auto-\u00e9valuation de la transformation num\u00e9rique<\/h3>\n\n\n\n<p class=\"capsule-steel\">Ressources et outils<\/p>\n\n\n\n<p>Identifiez le point de d\u00e9part de la transformation num\u00e9rique de votre \u00e9tablissement ou le prochain investissement cl\u00e9 pour la concr\u00e9tiser.<\/p>\n\n\n\n<div class=\"wp-block-buttons eco-margin-top-auto is-vertical is-layout-flex wp-container-core-buttons-is-layout-8cf370e7 wp-block-buttons-is-layout-flex\">\n<div class=\"wp-block-button eco-button-outlined-tangerine\"><a class=\"wp-block-button__link wp-element-button\" href=\"\/fr\/digital-transformation-dx-self-assessment\/\" rel=\"noreferrer noopener\" aria-label=\"En savoir plus Outil d\u2019auto-\u00e9valuation de la transformation num\u00e9rique\">En savoir plus&nbsp;<\/a><\/div>\n<\/div>\n<\/div>\n\n\n\n<div class=\"wp-block-column d-flex flex-col border-1px eco-padding-horizontal eco-padding-vertical is-layout-flow wp-block-column-is-layout-flow\">\n<figure class=\"wp-block-image size-full is-resized\"><img loading=\"lazy\" decoding=\"async\" width=\"145\" height=\"159\" src=\"https:\/\/ecampusontario.ca\/wp-content\/uploads\/2021\/05\/BrandAssets-e-icon.png\" alt=\"\" class=\"wp-image-15901\" style=\"width:auto;height:75px\"\/><\/figure>\n\n\n\n<h3 class=\"wp-block-heading wp-block-post-title\" id=\"h-guides-de-transformation-numerique\">Guides de transformation num\u00e9rique<\/h3>\n\n\n\n<p class=\"capsule-steel\">Ressources et outils<\/p>\n\n\n\n<p>Une s\u00e9rie de 6\u202fguides pour comprendre la transformation num\u00e9rique.<\/p>\n\n\n\n<div class=\"wp-block-buttons eco-margin-top-auto is-vertical is-layout-flex wp-container-core-buttons-is-layout-8cf370e7 wp-block-buttons-is-layout-flex\">\n<div class=\"wp-block-button eco-button-outlined-tangerine\"><a class=\"wp-block-button__link wp-element-button\" href=\"\/fr\/reports-and-publications\/#\/?topics=digital-transformation&#038;topics=digital-transformationdx-guides\" rel=\"noreferrer noopener\" aria-label=\"En savoir plus Guides de transformation num\u00e9rique\" >En savoir plus<\/a><\/div>\n<\/div>\n<\/div>\n<\/div>\n\n\n\n<div class=\"wp-block-columns gap-col-2 is-layout-flex wp-container-core-columns-is-layout-9d6595d7 wp-block-columns-is-layout-flex\">\n<div class=\"wp-block-column d-flex flex-col border-1px eco-padding-horizontal eco-padding-vertical is-layout-flow wp-block-column-is-layout-flow\">\n<figure class=\"wp-block-image size-full is-resized\"><img loading=\"lazy\" decoding=\"async\" width=\"145\" height=\"159\" src=\"https:\/\/ecampusontario.ca\/wp-content\/uploads\/2021\/05\/BrandAssets-e-icon.png\" alt=\"\" class=\"wp-image-15901\" style=\"width:auto;height:75px\"\/><\/figure>\n\n\n\n<h3 class=\"wp-block-heading wp-block-post-title\" id=\"h-perfectionnement-professionnel\">Perfectionnement professionnel<\/h3>\n\n\n\n<p class=\"capsule-steel\">Programmes et cours en ligne<\/p>\n\n\n\n<p>Apprenez \u00e0 utiliser de nouveaux outils et strat\u00e9gies pour vous adapter au paysage \u00e9ducatif en constante \u00e9volution.<\/p>\n\n\n\n<div class=\"wp-block-buttons eco-margin-top-auto is-vertical is-layout-flex wp-container-core-buttons-is-layout-8cf370e7 wp-block-buttons-is-layout-flex\">\n<div class=\"wp-block-button eco-button-outlined-tangerine\"><a class=\"wp-block-button__link wp-element-button\" href=\"https:\/\/learn.ecampusontario.ca\/?cm_locale=fr\" target=\"_blank\" rel=\"noreferrer noopener\" aria-label=\"En savoir plus Perfectionnement professionnel (s'ouvre dans un nouvel onglet)\">En savoir plus<\/a><\/div>\n<\/div>\n<\/div>\n\n\n\n<div class=\"wp-block-column d-flex flex-col border-1px eco-padding-horizontal eco-padding-vertical is-layout-flow wp-block-column-is-layout-flow\">\n<figure class=\"wp-block-image size-full is-resized\"><img loading=\"lazy\" decoding=\"async\" width=\"145\" height=\"159\" src=\"https:\/\/ecampusontario.ca\/wp-content\/uploads\/2021\/05\/BrandAssets-e-icon.png\" alt=\"\" class=\"wp-image-15901\" style=\"width:auto;height:75px\"\/><\/figure>\n\n\n\n<h3 class=\"wp-block-heading wp-block-post-title\" id=\"h-initiatives-en-matiere-d-ia-pour-l-enseignement-superieur\">Initiatives en mati\u00e8re d\u2019IA pour l\u2019enseignement sup\u00e9rieur<\/h3>\n\n\n\n<p class=\"capsule-steel\">Ressources et outils<\/p>\n\n\n\n<p>Acc\u00e9dez \u00e0 une gamme d\u2019initiatives qui explorent le r\u00f4le de l\u2019IA dans l\u2019enseignement, l\u2019apprentissage et l\u2019innovation en milieu postsecondaire.<\/p>\n\n\n\n<div class=\"wp-block-buttons eco-margin-top-auto is-vertical is-layout-flex wp-container-core-buttons-is-layout-8cf370e7 wp-block-buttons-is-layout-flex\">\n<div class=\"wp-block-button eco-button-outlined-tangerine\"><a class=\"wp-block-button__link wp-element-button\" href=\"https:\/\/ecampusontario.ca\/fr\/ai\/#\/\" rel=\"noreferrer noopener\" aria-label=\"En savoir plus Initiatives en mati\u00e8re d\u2019IA pour l\u2019enseignement sup\u00e9rieur\">En savoir plus&nbsp;<\/a><\/div>\n<\/div>\n<\/div>\n\n\n\n<div class=\"wp-block-column d-flex flex-col border-1px eco-padding-horizontal eco-padding-vertical is-layout-flow wp-block-column-is-layout-flow\">\n<figure class=\"wp-block-image size-full is-resized\"><img loading=\"lazy\" decoding=\"async\" width=\"317\" height=\"127\" src=\"https:\/\/ecampusontario.ca\/wp-content\/uploads\/2025\/04\/OEX-Logo-1.png\" alt=\"\" class=\"wp-image-37047\" style=\"width:auto;height:75px\" srcset=\"https:\/\/ecampusontario.ca\/wp-content\/uploads\/2025\/04\/OEX-Logo-1.png 317w, https:\/\/ecampusontario.ca\/wp-content\/uploads\/2025\/04\/OEX-Logo-1-300x120.png 300w\" sizes=\"auto, (max-width: 317px) 100vw, 317px\" \/><\/figure>\n\n\n\n<h3 class=\"wp-block-heading wp-block-post-title\" id=\"h-echange-ontario\">\u00c9change Ontario<\/h3>\n\n\n\n<p class=\"capsule-steel\">Programme<\/p>\n\n\n\n<p>Concevez des outils d\u2019apprentissage virtuel en collaboration avec des sp\u00e9cialistes de l\u2019apprentissage virtuel.<\/p>\n\n\n\n<div class=\"wp-block-buttons eco-margin-top-auto is-vertical is-layout-flex wp-container-core-buttons-is-layout-8cf370e7 wp-block-buttons-is-layout-flex\">\n<div class=\"wp-block-button eco-button-outlined-tangerine\"><a class=\"wp-block-button__link wp-element-button\" href=\"https:\/\/exchange.ecampusontario.ca\/\" target=\"_blank\" rel=\"noreferrer noopener\" aria-label=\"En savoir plus \u00c9change Ontario (s'ouvre dans un nouvel onglet)\" >En savoir plus&nbsp;<\/a><\/div>\n<\/div>\n<\/div>\n<\/div>\n<\/div>\n\n\n\n<div class=\"wp-block-group eco-padding-vertical has-background is-layout-constrained wp-block-group-is-layout-constrained\" style=\"background-color:#edeaea\">\n<h2 class=\"wp-block-heading has-text-align-center eco-padding-top\" id=\"h-vous-ne-trouvez-pas-ce-dont-vous-avez-besoin-nbsp\">Vous ne trouvez pas ce dont vous avez besoin?&nbsp;<\/h2>\n\n\n\n<div class=\"wp-block-buttons eco-padding-bottom is-content-justification-center is-layout-flex wp-container-core-buttons-is-layout-16018d1d wp-block-buttons-is-layout-flex\">\n<div class=\"wp-block-button eco-button-tangerine\"><a class=\"wp-block-button__link has-text-align-center wp-element-button\" href=\"https:\/\/ecampusontario.ca\/fr\/contact-us\/\">Nous joindre<\/a><\/div>\n<\/div>\n<\/div>\n\n\n\n<p><\/p>\n","protected":false},"excerpt":{"rendered":"<p>Transformation&nbsp; Transformation num\u00e9rique Transformez l\u2019\u00e9ducation gr\u00e2ce \u00e0 la technologie. Accueil Transformation num\u00e9rique Stimuler le changement gr\u00e2ce \u00e0 la strat\u00e9gie num\u00e9rique. La transformation num\u00e9rique permet aux \u00e9tablissements de l\u2019Ontario de personnaliser l\u2019apprentissage, de simplifier les op\u00e9rations et de prendre des d\u00e9cisions plus \u00e9clair\u00e9es. En adoptant les outils num\u00e9riques, les \u00e9tablissements peuvent s\u2019adapter, soutenir une diversit\u00e9 d\u2019apprenant\u00b7es [&hellip;]<\/p>\n","protected":false},"author":18,"featured_media":0,"parent":0,"menu_order":0,"comment_status":"closed","ping_status":"closed","template":"www-home-page","meta":{"_acf_changed":false,"footnotes":""},"categories":[],"tags":[],"class_list":["post-39475","page","type-page","status-publish","hentry"],"acf":[],"yoast_head":"<!-- This site is optimized with the Yoast SEO Premium plugin v26.0 (Yoast SEO v27.4) - https:\/\/yoast.com\/product\/yoast-seo-premium-wordpress\/ -->\n<title>Transformation num\u00e9rique | eCampusOntario<\/title>\n<meta name=\"robots\" content=\"index, follow, max-snippet:-1, max-image-preview:large, max-video-preview:-1\" \/>\n<link rel=\"canonical\" href=\"https:\/\/ecampusontario.ca\/fr\/digital-transformation-dx\/\" \/>\n<meta property=\"og:locale\" content=\"fr_FR\" \/>\n<meta property=\"og:type\" content=\"article\" \/>\n<meta property=\"og:title\" content=\"Transformation num\u00e9rique\" \/>\n<meta property=\"og:description\" content=\"Transformation&nbsp; Transformation num\u00e9rique Transformez l\u2019\u00e9ducation gr\u00e2ce \u00e0 la technologie. Accueil Transformation num\u00e9rique Stimuler le changement gr\u00e2ce \u00e0 la strat\u00e9gie num\u00e9rique. La transformation num\u00e9rique permet aux \u00e9tablissements de l\u2019Ontario de personnaliser l\u2019apprentissage, de simplifier les op\u00e9rations et de prendre des d\u00e9cisions plus \u00e9clair\u00e9es. En adoptant les outils num\u00e9riques, les \u00e9tablissements peuvent s\u2019adapter, soutenir une diversit\u00e9 d\u2019apprenant\u00b7es [&hellip;]\" \/>\n<meta property=\"og:url\" content=\"https:\/\/ecampusontario.ca\/fr\/digital-transformation-dx\/\" \/>\n<meta property=\"og:site_name\" content=\"eCampusOntario\" \/>\n<meta property=\"article:publisher\" content=\"https:\/\/www.facebook.com\/ecampusontario\/\" \/>\n<meta property=\"article:modified_time\" content=\"2026-02-18T19:16:01+00:00\" \/>\n<meta property=\"og:image\" content=\"https:\/\/ecampusontario.ca\/wp-content\/uploads\/2025\/09\/Transform-digital-transformation.png\" \/>\n\t<meta property=\"og:image:width\" content=\"599\" \/>\n\t<meta property=\"og:image:height\" content=\"409\" \/>\n\t<meta property=\"og:image:type\" content=\"image\/png\" \/>\n<meta name=\"twitter:card\" content=\"summary_large_image\" \/>\n<meta name=\"twitter:site\" content=\"@eCampusOntario\" \/>\n<meta name=\"twitter:label1\" content=\"Dur\u00e9e de lecture estim\u00e9e\" \/>\n\t<meta name=\"twitter:data1\" content=\"3 minutes\" \/>\n<script type=\"application\/ld+json\" class=\"yoast-schema-graph\">{\"@context\":\"https:\\\/\\\/schema.org\",\"@graph\":[{\"@type\":\"WebPage\",\"@id\":\"https:\\\/\\\/ecampusontario.ca\\\/fr\\\/digital-transformation-dx\\\/\",\"url\":\"https:\\\/\\\/ecampusontario.ca\\\/fr\\\/digital-transformation-dx\\\/\",\"name\":\"Transformation num\u00e9rique | eCampusOntario\",\"isPartOf\":{\"@id\":\"https:\\\/\\\/ecampusontario.ca\\\/fr\\\/#website\"},\"primaryImageOfPage\":{\"@id\":\"https:\\\/\\\/ecampusontario.ca\\\/fr\\\/digital-transformation-dx\\\/#primaryimage\"},\"image\":{\"@id\":\"https:\\\/\\\/ecampusontario.ca\\\/fr\\\/digital-transformation-dx\\\/#primaryimage\"},\"thumbnailUrl\":\"https:\\\/\\\/ecampusontario.ca\\\/wp-content\\\/uploads\\\/2025\\\/09\\\/Transform-digital-transformation-300x205.png\",\"datePublished\":\"2025-09-30T18:28:15+00:00\",\"dateModified\":\"2026-02-18T19:16:01+00:00\",\"breadcrumb\":{\"@id\":\"https:\\\/\\\/ecampusontario.ca\\\/fr\\\/digital-transformation-dx\\\/#breadcrumb\"},\"inLanguage\":\"fr-FR\",\"potentialAction\":[{\"@type\":\"ReadAction\",\"target\":[\"https:\\\/\\\/ecampusontario.ca\\\/fr\\\/digital-transformation-dx\\\/\"]}]},{\"@type\":\"ImageObject\",\"inLanguage\":\"fr-FR\",\"@id\":\"https:\\\/\\\/ecampusontario.ca\\\/fr\\\/digital-transformation-dx\\\/#primaryimage\",\"url\":\"https:\\\/\\\/ecampusontario.ca\\\/wp-content\\\/uploads\\\/2025\\\/09\\\/Transform-digital-transformation-300x205.png\",\"contentUrl\":\"https:\\\/\\\/ecampusontario.ca\\\/wp-content\\\/uploads\\\/2025\\\/09\\\/Transform-digital-transformation-300x205.png\"},{\"@type\":\"BreadcrumbList\",\"@id\":\"https:\\\/\\\/ecampusontario.ca\\\/fr\\\/digital-transformation-dx\\\/#breadcrumb\",\"itemListElement\":[{\"@type\":\"ListItem\",\"position\":1,\"name\":\"Home\",\"item\":\"https:\\\/\\\/ecampusontario.ca\\\/fr\\\/\"},{\"@type\":\"ListItem\",\"position\":2,\"name\":\"Transformation num\u00e9rique\"}]},{\"@type\":\"WebSite\",\"@id\":\"https:\\\/\\\/ecampusontario.ca\\\/fr\\\/#website\",\"url\":\"https:\\\/\\\/ecampusontario.ca\\\/fr\\\/\",\"name\":\"eCampusOntario\",\"description\":\"The online hub for learners and educators across Ontario\",\"publisher\":{\"@id\":\"https:\\\/\\\/ecampusontario.ca\\\/fr\\\/#organization\"},\"potentialAction\":[{\"@type\":\"SearchAction\",\"target\":{\"@type\":\"EntryPoint\",\"urlTemplate\":\"https:\\\/\\\/ecampusontario.ca\\\/fr\\\/?s={search_term_string}\"},\"query-input\":{\"@type\":\"PropertyValueSpecification\",\"valueRequired\":true,\"valueName\":\"search_term_string\"}}],\"inLanguage\":\"fr-FR\"},{\"@type\":\"Organization\",\"@id\":\"https:\\\/\\\/ecampusontario.ca\\\/fr\\\/#organization\",\"name\":\"eCampusOntario\",\"url\":\"https:\\\/\\\/ecampusontario.ca\\\/fr\\\/\",\"logo\":{\"@type\":\"ImageObject\",\"inLanguage\":\"fr-FR\",\"@id\":\"https:\\\/\\\/ecampusontario.ca\\\/fr\\\/#\\\/schema\\\/logo\\\/image\\\/\",\"url\":\"https:\\\/\\\/ecampusontario.ca\\\/wp-content\\\/uploads\\\/2018\\\/11\\\/ecampus-e-icon-1.png\",\"contentUrl\":\"https:\\\/\\\/ecampusontario.ca\\\/wp-content\\\/uploads\\\/2018\\\/11\\\/ecampus-e-icon-1.png\",\"width\":720,\"height\":325,\"caption\":\"eCampusOntario\"},\"image\":{\"@id\":\"https:\\\/\\\/ecampusontario.ca\\\/fr\\\/#\\\/schema\\\/logo\\\/image\\\/\"},\"sameAs\":[\"https:\\\/\\\/www.facebook.com\\\/ecampusontario\\\/\",\"https:\\\/\\\/x.com\\\/eCampusOntario\"]}]}<\/script>\n<!-- \/ Yoast SEO Premium plugin. -->","yoast_head_json":{"title":"Transformation num\u00e9rique | eCampusOntario","robots":{"index":"index","follow":"follow","max-snippet":"max-snippet:-1","max-image-preview":"max-image-preview:large","max-video-preview":"max-video-preview:-1"},"canonical":"https:\/\/ecampusontario.ca\/fr\/digital-transformation-dx\/","og_locale":"fr_FR","og_type":"article","og_title":"Transformation num\u00e9rique","og_description":"Transformation&nbsp; Transformation num\u00e9rique Transformez l\u2019\u00e9ducation gr\u00e2ce \u00e0 la technologie. Accueil Transformation num\u00e9rique Stimuler le changement gr\u00e2ce \u00e0 la strat\u00e9gie num\u00e9rique. La transformation num\u00e9rique permet aux \u00e9tablissements de l\u2019Ontario de personnaliser l\u2019apprentissage, de simplifier les op\u00e9rations et de prendre des d\u00e9cisions plus \u00e9clair\u00e9es. En adoptant les outils num\u00e9riques, les \u00e9tablissements peuvent s\u2019adapter, soutenir une diversit\u00e9 d\u2019apprenant\u00b7es [&hellip;]","og_url":"https:\/\/ecampusontario.ca\/fr\/digital-transformation-dx\/","og_site_name":"eCampusOntario","article_publisher":"https:\/\/www.facebook.com\/ecampusontario\/","article_modified_time":"2026-02-18T19:16:01+00:00","og_image":[{"width":599,"height":409,"url":"https:\/\/ecampusontario.ca\/wp-content\/uploads\/2025\/09\/Transform-digital-transformation.png","type":"image\/png"}],"twitter_card":"summary_large_image","twitter_site":"@eCampusOntario","twitter_misc":{"Dur\u00e9e de lecture estim\u00e9e":"3 minutes"},"schema":{"@context":"https:\/\/schema.org","@graph":[{"@type":"WebPage","@id":"https:\/\/ecampusontario.ca\/fr\/digital-transformation-dx\/","url":"https:\/\/ecampusontario.ca\/fr\/digital-transformation-dx\/","name":"Transformation num\u00e9rique | eCampusOntario","isPartOf":{"@id":"https:\/\/ecampusontario.ca\/fr\/#website"},"primaryImageOfPage":{"@id":"https:\/\/ecampusontario.ca\/fr\/digital-transformation-dx\/#primaryimage"},"image":{"@id":"https:\/\/ecampusontario.ca\/fr\/digital-transformation-dx\/#primaryimage"},"thumbnailUrl":"https:\/\/ecampusontario.ca\/wp-content\/uploads\/2025\/09\/Transform-digital-transformation-300x205.png","datePublished":"2025-09-30T18:28:15+00:00","dateModified":"2026-02-18T19:16:01+00:00","breadcrumb":{"@id":"https:\/\/ecampusontario.ca\/fr\/digital-transformation-dx\/#breadcrumb"},"inLanguage":"fr-FR","potentialAction":[{"@type":"ReadAction","target":["https:\/\/ecampusontario.ca\/fr\/digital-transformation-dx\/"]}]},{"@type":"ImageObject","inLanguage":"fr-FR","@id":"https:\/\/ecampusontario.ca\/fr\/digital-transformation-dx\/#primaryimage","url":"https:\/\/ecampusontario.ca\/wp-content\/uploads\/2025\/09\/Transform-digital-transformation-300x205.png","contentUrl":"https:\/\/ecampusontario.ca\/wp-content\/uploads\/2025\/09\/Transform-digital-transformation-300x205.png"},{"@type":"BreadcrumbList","@id":"https:\/\/ecampusontario.ca\/fr\/digital-transformation-dx\/#breadcrumb","itemListElement":[{"@type":"ListItem","position":1,"name":"Home","item":"https:\/\/ecampusontario.ca\/fr\/"},{"@type":"ListItem","position":2,"name":"Transformation num\u00e9rique"}]},{"@type":"WebSite","@id":"https:\/\/ecampusontario.ca\/fr\/#website","url":"https:\/\/ecampusontario.ca\/fr\/","name":"eCampusOntario","description":"The online hub for learners and educators across Ontario","publisher":{"@id":"https:\/\/ecampusontario.ca\/fr\/#organization"},"potentialAction":[{"@type":"SearchAction","target":{"@type":"EntryPoint","urlTemplate":"https:\/\/ecampusontario.ca\/fr\/?s={search_term_string}"},"query-input":{"@type":"PropertyValueSpecification","valueRequired":true,"valueName":"search_term_string"}}],"inLanguage":"fr-FR"},{"@type":"Organization","@id":"https:\/\/ecampusontario.ca\/fr\/#organization","name":"eCampusOntario","url":"https:\/\/ecampusontario.ca\/fr\/","logo":{"@type":"ImageObject","inLanguage":"fr-FR","@id":"https:\/\/ecampusontario.ca\/fr\/#\/schema\/logo\/image\/","url":"https:\/\/ecampusontario.ca\/wp-content\/uploads\/2018\/11\/ecampus-e-icon-1.png","contentUrl":"https:\/\/ecampusontario.ca\/wp-content\/uploads\/2018\/11\/ecampus-e-icon-1.png","width":720,"height":325,"caption":"eCampusOntario"},"image":{"@id":"https:\/\/ecampusontario.ca\/fr\/#\/schema\/logo\/image\/"},"sameAs":["https:\/\/www.facebook.com\/ecampusontario\/","https:\/\/x.com\/eCampusOntario"]}]}},"_links":{"self":[{"href":"https:\/\/ecampusontario.ca\/fr\/wp-json\/wp\/v2\/pages\/39475","targetHints":{"allow":["GET"]}}],"collection":[{"href":"https:\/\/ecampusontario.ca\/fr\/wp-json\/wp\/v2\/pages"}],"about":[{"href":"https:\/\/ecampusontario.ca\/fr\/wp-json\/wp\/v2\/types\/page"}],"author":[{"embeddable":true,"href":"https:\/\/ecampusontario.ca\/fr\/wp-json\/wp\/v2\/users\/18"}],"replies":[{"embeddable":true,"href":"https:\/\/ecampusontario.ca\/fr\/wp-json\/wp\/v2\/comments?post=39475"}],"version-history":[{"count":27,"href":"https:\/\/ecampusontario.ca\/fr\/wp-json\/wp\/v2\/pages\/39475\/revisions"}],"predecessor-version":[{"id":43563,"href":"https:\/\/ecampusontario.ca\/fr\/wp-json\/wp\/v2\/pages\/39475\/revisions\/43563"}],"wp:attachment":[{"href":"https:\/\/ecampusontario.ca\/fr\/wp-json\/wp\/v2\/media?parent=39475"}],"wp:term":[{"taxonomy":"category","embeddable":true,"href":"https:\/\/ecampusontario.ca\/fr\/wp-json\/wp\/v2\/categories?post=39475"},{"taxonomy":"post_tag","embeddable":true,"href":"https:\/\/ecampusontario.ca\/fr\/wp-json\/wp\/v2\/tags?post=39475"}],"curies":[{"name":"wp","href":"https:\/\/api.w.org\/{rel}","templated":true}]}}