
{"id":39464,"date":"2025-09-05T15:16:05","date_gmt":"2025-09-05T19:16:05","guid":{"rendered":"https:\/\/ecampusontario.ca\/the-digital-campus-podcast\/"},"modified":"2026-02-18T14:27:41","modified_gmt":"2026-02-18T19:27:41","slug":"the-digital-campus-podcast","status":"publish","type":"page","link":"https:\/\/ecampusontario.ca\/fr\/the-digital-campus-podcast\/","title":{"rendered":"Le balado du campus num\u00e9rique"},"content":{"rendered":"\n<div class=\"wp-block-group eco-no-padding-horizontal eco-no-padding-vertical is-layout-constrained wp-block-group-is-layout-constrained\">\n<div class=\"header-banner\">\n    <h1 class=\"header-title\">Le balado du campus num\u00e9rique<\/h1>\n<\/div>\n<style>\n.header-banner {\n    position: relative;\n    width: 100%;\n    height: 300px;\n    background-image: url('\/wp-content\/uploads\/2025\/12\/podcast_background_banner.png');\n    background-size: cover;\n    background-position: center;\n    display: flex;\n    align-items: center;\n    justify-content: center;\n    color: #FFFFFF; \/* White text *\/\n    font-family: Arial, sans-serif;\n    font-size: 48px;\n    font-weight: bold;\n    text-align: center;\n}\n\/* Overlay *\/\n.header-banner::before {\n    content: \"\";\n    position: absolute;\n    inset: 0;\n    background-color: rgba(30, 26, 52, 0.85); \/* Aubergine overlay at 85% *\/\n    z-index: 1;\n}\n.header-title {\n    position: relative;\n    z-index: 2;\n}\n<\/style>\n\n\n\n<div class=\"wp-block-ecampusontario-eco-breadcrumbs\">\n\t<nav class=\"eco-breadcrumbs\" aria-label=\"Breadcrumbs\"><ol><li><a href=\"\/\">Accueil<\/a><\/li><li class=\"eco-breacrumb-current\">Le balado du campus num\u00e9rique<\/li><\/ol><\/nav><\/div>\n<\/div>\n\n\n\n<div class=\"wp-block-group is-layout-constrained wp-block-group-is-layout-constrained\">\n<h2 class=\"wp-block-heading\" id=\"h-perspectives-diversifiees-dans-le-paysage-de-l-enseignement-postsecondaire-en-ontario\"><strong>Perspectives diversifi\u00e9es dans le paysage de l\u2019enseignement postsecondaire en Ontario<\/strong><\/h2>\n<\/div>\n\n\n\n<div class=\"wp-block-group is-layout-constrained wp-block-group-is-layout-constrained\" style=\"padding-top:0\">\n<figure class=\"wp-block-image alignleft size-full eco-margin-right-md eco-margin-bottom-sm\" style=\"width:300px;margin-top:0.5rem\"><img loading=\"lazy\" decoding=\"async\" width=\"800\" height=\"800\" src=\"https:\/\/ecampusontario.ca\/wp-content\/uploads\/2025\/11\/Podcast-Cover-FR.jpg\" alt=\"Podcast Cover\" class=\"wp-image-39915\" style=\"width:300px\" srcset=\"https:\/\/ecampusontario.ca\/wp-content\/uploads\/2025\/11\/Podcast-Cover-FR.jpg 800w, https:\/\/ecampusontario.ca\/wp-content\/uploads\/2025\/11\/Podcast-Cover-FR-300x300.jpg 300w, https:\/\/ecampusontario.ca\/wp-content\/uploads\/2025\/11\/Podcast-Cover-FR-150x150.jpg 150w, https:\/\/ecampusontario.ca\/wp-content\/uploads\/2025\/11\/Podcast-Cover-FR-768x768.jpg 768w\" sizes=\"auto, (max-width: 800px) 100vw, 800px\" \/><\/figure>\n\n\n\n<p>eCampusOntario a lanc\u00e9 le balado du campus num\u00e9rique, un nouveau balado qui explore les liens entre la technologie, la p\u00e9dagogie et l\u2019innovation dans le syst\u00e8me \u00e9ducatif de l\u2019Ontario.<\/p>\n\n\n\n<p>Le balado du campus num\u00e9rique aborde divers sujets d\u2019actualit\u00e9, notamment les apprenant\u00b7es venant de l&rsquo;international, l\u2019intelligence artificielle g\u00e9n\u00e9rative (IAG), l\u2019\u00e9volution des mod\u00e8les de micro-titres de comp\u00e9tences num\u00e9riques, et plus encore.<\/p>\n\n\n\n<p>Que vous soyez enseignant\u00b7e, apprenant\u00b7e ou simplement passionn\u00e9\u00b7e par l\u2019avenir de l\u2019\u00e9ducation en Ontario, restez \u00e0 l\u2019\u00e9coute pour vous informer et vous inspirer.<\/p>\n\n\n\n<p>Le balado du campus num\u00e9rique est accessible sur Spotify et sur YouTube, et de nouveaux \u00e9pisodes seront bient\u00f4t disponibles. Ne manquez pas cette occasion de participer \u00e0 une conversation fa\u00e7onnant l\u2019\u00e9ducation de demain en Ontario.<\/p>\n\n\n\n<p>Vous pr\u00e9f\u00e9rez un format plus accessible? Regardez-le sur <a href=\"https:\/\/www.youtube.com\/playlist?list=PLZbPHTwqAgUpNL3hgk6cUBCjIc3PfL3Gm\" target=\"_blank\" rel=\"noreferrer noopener\">YouTube<\/a>, o\u00f9 des sous-titres et une transcription compl\u00e8te sont disponibles.<\/p>\n<\/div>\n\n\n\n<div class=\"wp-block-columns eco-margin-top-lg eco-margin-bottom-lg is-layout-flex wp-container-core-columns-is-layout-9d6595d7 wp-block-columns-is-layout-flex\">\n<div class=\"wp-block-column is-layout-flow wp-block-column-is-layout-flow\">\n<h2 class=\"wp-block-heading has-text-align-center\" id=\"h-ecouter-le-balado-du-campus-numerique\"><strong>\u00c9couter le balado du campus num\u00e9rique<\/strong><\/h2>\n\n\n\n<p class=\"has-text-align-center\">Accessible sur vos plateformes pr\u00e9f\u00e9r\u00e9es. Abonnez-vous pour ne manquer aucun \u00e9pisode.<\/p>\n\n\n\n<div class=\"wp-block-buttons is-content-justification-center is-layout-flex wp-container-core-buttons-is-layout-16018d1d wp-block-buttons-is-layout-flex\">\n<div class=\"wp-block-button eco-button-outlined-tangerine\"><a class=\"wp-block-button__link wp-element-button\" href=\"https:\/\/open.spotify.com\/show\/1BTcNjnBNeeYnuHKIhj2Cq?si=82e157bede5d4808&amp;nd=1&amp;dlsi=f1c68e2c8b3d4170\" target=\"_blank\" rel=\"noreferrer noopener\">\u00c9couter sur Spotify<\/a><\/div>\n\n\n\n<div class=\"wp-block-button eco-button-outlined-tangerine\"><a class=\"wp-block-button__link wp-element-button\" href=\"https:\/\/www.youtube.com\/playlist?list=PLZbPHTwqAgUpNL3hgk6cUBCjIc3PfL3Gm\" target=\"_blank\" rel=\"noreferrer noopener\">Voir sur YouTube<\/a><\/div>\n<\/div>\n<\/div>\n<\/div>\n\n\n\n<div class=\"wp-block-group has-steel-50-background-color has-background is-layout-constrained wp-block-group-is-layout-constrained\">\n<h2 class=\"wp-block-heading has-text-align-center\" id=\"h-vous-souhaitez-nous-contacter\">Vous souhaitez nous contacter?<\/h2>\n\n\n\n<p class=\"has-text-align-center\">Pour en savoir plus ou pour toute question sur le balado&nbsp;:<\/p>\n\n\n\n<div class=\"wp-block-buttons is-content-justification-center is-layout-flex wp-container-core-buttons-is-layout-16018d1d wp-block-buttons-is-layout-flex\">\n<div class=\"wp-block-button eco-button eco-button-tangerine\"><a class=\"wp-block-button__link has-text-align-center wp-element-button\" href=\"https:\/\/ecampusontario.ca\/fr\/contact-us\/\" rel=\"noreferrer noopener\"><strong>Nous joindre<\/strong><\/a><\/div>\n<\/div>\n<\/div>\n\n\n\n<style>.post-title{display:none;}<\/style>\n","protected":false},"excerpt":{"rendered":"<p>Le balado du campus num\u00e9rique Accueil Le balado du campus num\u00e9rique Perspectives diversifi\u00e9es dans le paysage de l\u2019enseignement postsecondaire en Ontario eCampusOntario a lanc\u00e9 le balado du campus num\u00e9rique, un nouveau balado qui explore les liens entre la technologie, la p\u00e9dagogie et l\u2019innovation dans le syst\u00e8me \u00e9ducatif de l\u2019Ontario. Le balado du campus num\u00e9rique aborde [&hellip;]<\/p>\n","protected":false},"author":18,"featured_media":0,"parent":0,"menu_order":0,"comment_status":"closed","ping_status":"closed","template":"","meta":{"_acf_changed":false,"footnotes":""},"categories":[],"tags":[],"class_list":["post-39464","page","type-page","status-publish","hentry"],"acf":[],"yoast_head":"<!-- This site is optimized with the Yoast SEO Premium plugin v27.4 (Yoast SEO v27.4) - https:\/\/yoast.com\/product\/yoast-seo-premium-wordpress\/ -->\n<title>Le balado du campus num\u00e9rique | eCampusOntario<\/title>\n<meta name=\"robots\" content=\"index, follow, max-snippet:-1, max-image-preview:large, max-video-preview:-1\" \/>\n<link rel=\"canonical\" href=\"https:\/\/ecampusontario.ca\/fr\/the-digital-campus-podcast\/\" \/>\n<meta property=\"og:locale\" content=\"fr_FR\" \/>\n<meta property=\"og:type\" content=\"article\" \/>\n<meta property=\"og:title\" content=\"Le balado du campus num\u00e9rique\" \/>\n<meta property=\"og:description\" content=\"Le balado du campus num\u00e9rique Accueil Le balado du campus num\u00e9rique Perspectives diversifi\u00e9es dans le paysage de l\u2019enseignement postsecondaire en Ontario eCampusOntario a lanc\u00e9 le balado du campus num\u00e9rique, un nouveau balado qui explore les liens entre la technologie, la p\u00e9dagogie et l\u2019innovation dans le syst\u00e8me \u00e9ducatif de l\u2019Ontario. Le balado du campus num\u00e9rique aborde [&hellip;]\" \/>\n<meta property=\"og:url\" content=\"https:\/\/ecampusontario.ca\/fr\/the-digital-campus-podcast\/\" \/>\n<meta property=\"og:site_name\" content=\"eCampusOntario\" \/>\n<meta property=\"article:publisher\" content=\"https:\/\/www.facebook.com\/ecampusontario\/\" \/>\n<meta property=\"article:modified_time\" content=\"2026-02-18T19:27:41+00:00\" \/>\n<meta property=\"og:image\" content=\"https:\/\/ecampusontario.ca\/wp-content\/uploads\/2025\/11\/Podcast-Cover-FR.jpg\" \/>\n\t<meta property=\"og:image:width\" content=\"800\" \/>\n\t<meta property=\"og:image:height\" content=\"800\" \/>\n\t<meta property=\"og:image:type\" content=\"image\/jpeg\" \/>\n<meta name=\"twitter:card\" content=\"summary_large_image\" \/>\n<meta name=\"twitter:site\" content=\"@eCampusOntario\" \/>\n<meta name=\"twitter:label1\" content=\"Dur\u00e9e de lecture estim\u00e9e\" \/>\n\t<meta name=\"twitter:data1\" content=\"2 minutes\" \/>\n<script type=\"application\/ld+json\" class=\"yoast-schema-graph\">{\"@context\":\"https:\\\/\\\/schema.org\",\"@graph\":[{\"@type\":\"WebPage\",\"@id\":\"https:\\\/\\\/ecampusontario.ca\\\/fr\\\/the-digital-campus-podcast\\\/\",\"url\":\"https:\\\/\\\/ecampusontario.ca\\\/fr\\\/the-digital-campus-podcast\\\/\",\"name\":\"Le balado du campus num\u00e9rique | eCampusOntario\",\"isPartOf\":{\"@id\":\"https:\\\/\\\/ecampusontario.ca\\\/fr\\\/#website\"},\"primaryImageOfPage\":{\"@id\":\"https:\\\/\\\/ecampusontario.ca\\\/fr\\\/the-digital-campus-podcast\\\/#primaryimage\"},\"image\":{\"@id\":\"https:\\\/\\\/ecampusontario.ca\\\/fr\\\/the-digital-campus-podcast\\\/#primaryimage\"},\"thumbnailUrl\":\"https:\\\/\\\/ecampusontario.ca\\\/wp-content\\\/uploads\\\/2025\\\/11\\\/Podcast-Cover-FR.jpg\",\"datePublished\":\"2025-09-05T19:16:05+00:00\",\"dateModified\":\"2026-02-18T19:27:41+00:00\",\"breadcrumb\":{\"@id\":\"https:\\\/\\\/ecampusontario.ca\\\/fr\\\/the-digital-campus-podcast\\\/#breadcrumb\"},\"inLanguage\":\"fr-FR\",\"potentialAction\":[{\"@type\":\"ReadAction\",\"target\":[\"https:\\\/\\\/ecampusontario.ca\\\/fr\\\/the-digital-campus-podcast\\\/\"]}]},{\"@type\":\"ImageObject\",\"inLanguage\":\"fr-FR\",\"@id\":\"https:\\\/\\\/ecampusontario.ca\\\/fr\\\/the-digital-campus-podcast\\\/#primaryimage\",\"url\":\"https:\\\/\\\/ecampusontario.ca\\\/wp-content\\\/uploads\\\/2025\\\/11\\\/Podcast-Cover-FR.jpg\",\"contentUrl\":\"https:\\\/\\\/ecampusontario.ca\\\/wp-content\\\/uploads\\\/2025\\\/11\\\/Podcast-Cover-FR.jpg\"},{\"@type\":\"BreadcrumbList\",\"@id\":\"https:\\\/\\\/ecampusontario.ca\\\/fr\\\/the-digital-campus-podcast\\\/#breadcrumb\",\"itemListElement\":[{\"@type\":\"ListItem\",\"position\":1,\"name\":\"Home\",\"item\":\"https:\\\/\\\/ecampusontario.ca\\\/fr\\\/\"},{\"@type\":\"ListItem\",\"position\":2,\"name\":\"Le balado du campus num\u00e9rique\"}]},{\"@type\":\"WebSite\",\"@id\":\"https:\\\/\\\/ecampusontario.ca\\\/fr\\\/#website\",\"url\":\"https:\\\/\\\/ecampusontario.ca\\\/fr\\\/\",\"name\":\"eCampusOntario\",\"description\":\"The online hub for learners and educators across Ontario\",\"publisher\":{\"@id\":\"https:\\\/\\\/ecampusontario.ca\\\/fr\\\/#organization\"},\"potentialAction\":[{\"@type\":\"SearchAction\",\"target\":{\"@type\":\"EntryPoint\",\"urlTemplate\":\"https:\\\/\\\/ecampusontario.ca\\\/fr\\\/?s={search_term_string}\"},\"query-input\":{\"@type\":\"PropertyValueSpecification\",\"valueRequired\":true,\"valueName\":\"search_term_string\"}}],\"inLanguage\":\"fr-FR\"},{\"@type\":\"Organization\",\"@id\":\"https:\\\/\\\/ecampusontario.ca\\\/fr\\\/#organization\",\"name\":\"eCampusOntario\",\"url\":\"https:\\\/\\\/ecampusontario.ca\\\/fr\\\/\",\"logo\":{\"@type\":\"ImageObject\",\"inLanguage\":\"fr-FR\",\"@id\":\"https:\\\/\\\/ecampusontario.ca\\\/fr\\\/#\\\/schema\\\/logo\\\/image\\\/\",\"url\":\"https:\\\/\\\/ecampusontario.ca\\\/wp-content\\\/uploads\\\/2018\\\/11\\\/ecampus-e-icon-1.png\",\"contentUrl\":\"https:\\\/\\\/ecampusontario.ca\\\/wp-content\\\/uploads\\\/2018\\\/11\\\/ecampus-e-icon-1.png\",\"width\":720,\"height\":325,\"caption\":\"eCampusOntario\"},\"image\":{\"@id\":\"https:\\\/\\\/ecampusontario.ca\\\/fr\\\/#\\\/schema\\\/logo\\\/image\\\/\"},\"sameAs\":[\"https:\\\/\\\/www.facebook.com\\\/ecampusontario\\\/\",\"https:\\\/\\\/x.com\\\/eCampusOntario\"]}]}<\/script>\n<!-- \/ Yoast SEO Premium plugin. -->","yoast_head_json":{"title":"Le balado du campus num\u00e9rique | eCampusOntario","robots":{"index":"index","follow":"follow","max-snippet":"max-snippet:-1","max-image-preview":"max-image-preview:large","max-video-preview":"max-video-preview:-1"},"canonical":"https:\/\/ecampusontario.ca\/fr\/the-digital-campus-podcast\/","og_locale":"fr_FR","og_type":"article","og_title":"Le balado du campus num\u00e9rique","og_description":"Le balado du campus num\u00e9rique Accueil Le balado du campus num\u00e9rique Perspectives diversifi\u00e9es dans le paysage de l\u2019enseignement postsecondaire en Ontario eCampusOntario a lanc\u00e9 le balado du campus num\u00e9rique, un nouveau balado qui explore les liens entre la technologie, la p\u00e9dagogie et l\u2019innovation dans le syst\u00e8me \u00e9ducatif de l\u2019Ontario. Le balado du campus num\u00e9rique aborde [&hellip;]","og_url":"https:\/\/ecampusontario.ca\/fr\/the-digital-campus-podcast\/","og_site_name":"eCampusOntario","article_publisher":"https:\/\/www.facebook.com\/ecampusontario\/","article_modified_time":"2026-02-18T19:27:41+00:00","og_image":[{"width":800,"height":800,"url":"https:\/\/ecampusontario.ca\/wp-content\/uploads\/2025\/11\/Podcast-Cover-FR.jpg","type":"image\/jpeg"}],"twitter_card":"summary_large_image","twitter_site":"@eCampusOntario","twitter_misc":{"Dur\u00e9e de lecture estim\u00e9e":"2 minutes"},"schema":{"@context":"https:\/\/schema.org","@graph":[{"@type":"WebPage","@id":"https:\/\/ecampusontario.ca\/fr\/the-digital-campus-podcast\/","url":"https:\/\/ecampusontario.ca\/fr\/the-digital-campus-podcast\/","name":"Le balado du campus num\u00e9rique | eCampusOntario","isPartOf":{"@id":"https:\/\/ecampusontario.ca\/fr\/#website"},"primaryImageOfPage":{"@id":"https:\/\/ecampusontario.ca\/fr\/the-digital-campus-podcast\/#primaryimage"},"image":{"@id":"https:\/\/ecampusontario.ca\/fr\/the-digital-campus-podcast\/#primaryimage"},"thumbnailUrl":"https:\/\/ecampusontario.ca\/wp-content\/uploads\/2025\/11\/Podcast-Cover-FR.jpg","datePublished":"2025-09-05T19:16:05+00:00","dateModified":"2026-02-18T19:27:41+00:00","breadcrumb":{"@id":"https:\/\/ecampusontario.ca\/fr\/the-digital-campus-podcast\/#breadcrumb"},"inLanguage":"fr-FR","potentialAction":[{"@type":"ReadAction","target":["https:\/\/ecampusontario.ca\/fr\/the-digital-campus-podcast\/"]}]},{"@type":"ImageObject","inLanguage":"fr-FR","@id":"https:\/\/ecampusontario.ca\/fr\/the-digital-campus-podcast\/#primaryimage","url":"https:\/\/ecampusontario.ca\/wp-content\/uploads\/2025\/11\/Podcast-Cover-FR.jpg","contentUrl":"https:\/\/ecampusontario.ca\/wp-content\/uploads\/2025\/11\/Podcast-Cover-FR.jpg"},{"@type":"BreadcrumbList","@id":"https:\/\/ecampusontario.ca\/fr\/the-digital-campus-podcast\/#breadcrumb","itemListElement":[{"@type":"ListItem","position":1,"name":"Home","item":"https:\/\/ecampusontario.ca\/fr\/"},{"@type":"ListItem","position":2,"name":"Le balado du campus num\u00e9rique"}]},{"@type":"WebSite","@id":"https:\/\/ecampusontario.ca\/fr\/#website","url":"https:\/\/ecampusontario.ca\/fr\/","name":"eCampusOntario","description":"The online hub for learners and educators across Ontario","publisher":{"@id":"https:\/\/ecampusontario.ca\/fr\/#organization"},"potentialAction":[{"@type":"SearchAction","target":{"@type":"EntryPoint","urlTemplate":"https:\/\/ecampusontario.ca\/fr\/?s={search_term_string}"},"query-input":{"@type":"PropertyValueSpecification","valueRequired":true,"valueName":"search_term_string"}}],"inLanguage":"fr-FR"},{"@type":"Organization","@id":"https:\/\/ecampusontario.ca\/fr\/#organization","name":"eCampusOntario","url":"https:\/\/ecampusontario.ca\/fr\/","logo":{"@type":"ImageObject","inLanguage":"fr-FR","@id":"https:\/\/ecampusontario.ca\/fr\/#\/schema\/logo\/image\/","url":"https:\/\/ecampusontario.ca\/wp-content\/uploads\/2018\/11\/ecampus-e-icon-1.png","contentUrl":"https:\/\/ecampusontario.ca\/wp-content\/uploads\/2018\/11\/ecampus-e-icon-1.png","width":720,"height":325,"caption":"eCampusOntario"},"image":{"@id":"https:\/\/ecampusontario.ca\/fr\/#\/schema\/logo\/image\/"},"sameAs":["https:\/\/www.facebook.com\/ecampusontario\/","https:\/\/x.com\/eCampusOntario"]}]}},"_links":{"self":[{"href":"https:\/\/ecampusontario.ca\/fr\/wp-json\/wp\/v2\/pages\/39464","targetHints":{"allow":["GET"]}}],"collection":[{"href":"https:\/\/ecampusontario.ca\/fr\/wp-json\/wp\/v2\/pages"}],"about":[{"href":"https:\/\/ecampusontario.ca\/fr\/wp-json\/wp\/v2\/types\/page"}],"author":[{"embeddable":true,"href":"https:\/\/ecampusontario.ca\/fr\/wp-json\/wp\/v2\/users\/18"}],"replies":[{"embeddable":true,"href":"https:\/\/ecampusontario.ca\/fr\/wp-json\/wp\/v2\/comments?post=39464"}],"version-history":[{"count":18,"href":"https:\/\/ecampusontario.ca\/fr\/wp-json\/wp\/v2\/pages\/39464\/revisions"}],"predecessor-version":[{"id":43569,"href":"https:\/\/ecampusontario.ca\/fr\/wp-json\/wp\/v2\/pages\/39464\/revisions\/43569"}],"wp:attachment":[{"href":"https:\/\/ecampusontario.ca\/fr\/wp-json\/wp\/v2\/media?parent=39464"}],"wp:term":[{"taxonomy":"category","embeddable":true,"href":"https:\/\/ecampusontario.ca\/fr\/wp-json\/wp\/v2\/categories?post=39464"},{"taxonomy":"post_tag","embeddable":true,"href":"https:\/\/ecampusontario.ca\/fr\/wp-json\/wp\/v2\/tags?post=39464"}],"curies":[{"name":"wp","href":"https:\/\/api.w.org\/{rel}","templated":true}]}}