
{"id":39461,"date":"2025-09-30T13:27:37","date_gmt":"2025-09-30T17:27:37","guid":{"rendered":"https:\/\/ecampusontario.ca\/industry-partnerships\/"},"modified":"2026-03-04T14:02:24","modified_gmt":"2026-03-04T19:02:24","slug":"industry-partnerships","status":"publish","type":"page","link":"https:\/\/ecampusontario.ca\/fr\/industry-partnerships\/","title":{"rendered":"Partenariats avec l\u2019industrie"},"content":{"rendered":"\n<header class=\"wp-block-group  has-grass-50-background-color has-background is-layout-constrained wp-block-group-is-layout-constrained\">\n<div class=\"wp-block-columns eco-gap-20 eco-padding-horizontal-4rem has-grass-50-background-color has-background is-layout-flex wp-container-core-columns-is-layout-9d6595d7 wp-block-columns-is-layout-flex\">\n<div class=\"wp-block-column align-vertical-center is-layout-flow wp-block-column-is-layout-flow\">\n<p class=\"has-medium-font-size\" style=\"text-transform:uppercase\"><strong>COLLABORATION<\/strong><\/p>\n\n\n\n<h1 class=\"wp-block-heading\" id=\"h-partenariats-avec-l-industrie\">Partenariats avec l\u2019industrie<\/h1>\n\n\n\n<p class=\"has-text-align-left\">Entrez en relation avec des partenaires de recherche et trouvez des possibilit\u00e9s de financement<\/p>\n<\/div>\n\n\n\n<div class=\"wp-block-column d-flex  is-layout-flow wp-block-column-is-layout-flow\">\n<figure class=\"wp-block-image aligncenter size-medium d-flex align-vertical-center\"><img loading=\"lazy\" decoding=\"async\" width=\"300\" height=\"205\" src=\"https:\/\/ecampusontario.ca\/wp-content\/uploads\/2025\/09\/collaborate-indusrty-partnerships-300x205.png\" alt=\"\" class=\"wp-image-38987\" srcset=\"https:\/\/ecampusontario.ca\/wp-content\/uploads\/2025\/09\/collaborate-indusrty-partnerships-300x205.png 300w, https:\/\/ecampusontario.ca\/wp-content\/uploads\/2025\/09\/collaborate-indusrty-partnerships.png 599w\" sizes=\"auto, (max-width: 300px) 100vw, 300px\" \/><\/figure>\n<\/div>\n<\/div>\n<\/header>\n\n\n\n<div class=\"wp-block-group eco-no-padding-horizontal eco-no-padding-vertical is-layout-constrained wp-block-group-is-layout-constrained\">\n<div class=\"wp-block-ecampusontario-eco-breadcrumbs\">\n\t<nav class=\"eco-breadcrumbs\" aria-label=\"Breadcrumbs\"><ol><li><a href=\"\/fr\/\">Accueil<\/a><\/li><li class=\"eco-breacrumb-current\">Partenariats avec l\u2019industrie<\/li><\/ol><\/nav><\/div>\n<\/div>\n\n\n\n<div class=\"wp-block-group is-layout-constrained wp-block-group-is-layout-constrained\">\n<div class=\"wp-block-columns gap-col-2 is-layout-flex wp-container-core-columns-is-layout-9d6595d7 wp-block-columns-is-layout-flex\">\n<div class=\"wp-block-column eco-border-grass eco-padding-horizontal eco-padding-vertical has-grass-25-background-color has-background is-layout-flow wp-block-column-is-layout-flow\">\n<figure class=\"wp-block-image size-full is-resized\"><img loading=\"lazy\" decoding=\"async\" width=\"32\" height=\"24\" src=\"https:\/\/ecampusontario.ca\/wp-content\/uploads\/2025\/09\/Vector-1.png\" alt=\"\" class=\"wp-image-38882\" style=\"width:20px\"\/><\/figure>\n\n\n\n<h2 class=\"wp-block-heading\" id=\"h-de-l-innovation-a-la-commercialisation\"><strong>De l\u2019innovation \u00e0 la commercialisation<\/strong>.<\/h2>\n\n\n\n<p>Les partenariats industriels donnent aux entreprises un avantage concurrentiel gr\u00e2ce \u00e0 des relations avec les \u00e9tablissements d\u2019enseignement postsecondaire de l\u2019Ontario. Gr\u00e2ce au r\u00e9seau d\u2019eCampusOntario, les entreprises peuvent co-cr\u00e9er des formations, commercialiser leurs innovations et former une main-d\u2019\u0153uvre pr\u00eate pour l\u2019avenir.<\/p>\n<\/div>\n\n\n\n<div class=\"wp-block-column d-flex flex-col border-1px eco-padding-horizontal eco-padding-vertical is-layout-flow wp-block-column-is-layout-flow\">\n<figure class=\"wp-block-image size-full is-resized\"><img loading=\"lazy\" decoding=\"async\" width=\"324\" height=\"110\" src=\"https:\/\/ecampusontario.ca\/wp-content\/uploads\/2025\/04\/OCIP-logo-FR.png\" alt=\"\" class=\"wp-image-37250\" style=\"width:187px;height:auto\" srcset=\"https:\/\/ecampusontario.ca\/wp-content\/uploads\/2025\/04\/OCIP-logo-FR.png 324w, https:\/\/ecampusontario.ca\/wp-content\/uploads\/2025\/04\/OCIP-logo-FR-300x102.png 300w\" sizes=\"auto, (max-width: 324px) 100vw, 324px\" \/><\/figure>\n\n\n\n<h3 class=\"wp-block-heading wp-block-post-title\" id=\"h-pico\">PICO<\/h3>\n\n\n\n<p class=\"capsule-grass\">Programme<\/p>\n\n\n\n<p>Les entreprises de l\u2019Ontario collaborent avec des \u00e9quipes de recherche des \u00e9tablissements postsecondaires de l\u2019Ontario pour les aider \u00e0 innover et \u00e0 mettre leurs produits sur le march\u00e9 plus rapidement et en toute confiance.&nbsp;<\/p>\n\n\n\n<div class=\"wp-block-buttons eco-margin-top-auto is-vertical is-layout-flex wp-container-core-buttons-is-layout-8cf370e7 wp-block-buttons-is-layout-flex\">\n<div class=\"wp-block-button eco-button-outlined-tangerine\"><a class=\"wp-block-button__link wp-element-button\" href=\"https:\/\/ocip.ecampusontario.ca\/fr\/\" target=\"_blank\" rel=\"noreferrer noopener\" aria-label=\"En savoir plus PICO (s'ouvre dans un nouvel onglet)\" >En savoir plus<\/a><\/div>\n<\/div>\n<\/div>\n\n\n\n<div class=\"wp-block-column d-flex flex-col border-1px eco-padding-horizontal eco-padding-vertical is-layout-flow wp-block-column-is-layout-flow\">\n<figure class=\"wp-block-image size-full is-resized\"><img loading=\"lazy\" decoding=\"async\" width=\"342\" height=\"107\" src=\"https:\/\/ecampusontario.ca\/wp-content\/uploads\/2023\/02\/02-CAPFO-logo.png\" alt=\"\" class=\"wp-image-25207\" style=\"width:auto;height:75px\" srcset=\"https:\/\/ecampusontario.ca\/wp-content\/uploads\/2023\/02\/02-CAPFO-logo.png 342w, https:\/\/ecampusontario.ca\/wp-content\/uploads\/2023\/02\/02-CAPFO-logo-300x94.png 300w\" sizes=\"auto, (max-width: 342px) 100vw, 342px\" \/><\/figure>\n\n\n\n<h3 class=\"wp-block-heading wp-block-post-title\" id=\"h-capfo\">CAPFO<\/h3>\n\n\n\n<p class=\"capsule-grass\">Programme<\/p>\n\n\n\n<p>Le Consortium d\u2019apprentissage exp\u00e9rientiel francophone de l\u2019Ontario (CAPFO) est une plateforme d&rsquo;apprentissage int\u00e9gr\u00e9 au travail qui offre aux organisations un vivier de talents pour les aider \u00e0 innover et permet aux \u00e9tudiant\u00b7es d\u2019acqu\u00e9rir une formation pratique dans le cadre d\u2019exp\u00e9riences professionnelles authentiques.<\/p>\n\n\n\n<div class=\"wp-block-buttons eco-margin-top-auto is-vertical is-layout-flex wp-container-core-buttons-is-layout-8cf370e7 wp-block-buttons-is-layout-flex\">\n<div class=\"wp-block-button eco-button-outlined-tangerine\"><a class=\"wp-block-button__link wp-element-button\" href=\"https:\/\/capfo.ca\/\" target=\"_blank\" rel=\"noreferrer noopener\" aria-label=\"En savoir plus CAPFO (s'ouvre dans un nouvel onglet)\">En savoir plus<\/a><\/div>\n<\/div>\n<\/div>\n<\/div>\n\n\n\n<div class=\"wp-block-columns gap-col-2 is-layout-flex wp-container-core-columns-is-layout-9d6595d7 wp-block-columns-is-layout-flex\">\n<div class=\"wp-block-column d-flex flex-col border-1px eco-padding-horizontal eco-padding-vertical is-layout-flow wp-block-column-is-layout-flow\">\n<figure class=\"wp-block-image size-full is-resized\"><img decoding=\"async\" src=\"https:\/\/ecampusontario.ca\/wp-content\/uploads\/2025\/12\/SkillsforJobs-FR-logo.svg\" alt=\"\" class=\"wp-image-42349\" style=\"width:auto;height:75px\"\/><\/figure>\n\n\n\n<h3 class=\"wp-block-heading wp-block-post-title\" id=\"h-competences-emploi-canada\">Comp\u00e9tences emploi Canada<\/h3>\n\n\n\n<p class=\"capsule-grass\">D\u00e9veloppement des comp\u00e9tences<\/p>\n\n\n\n<p>Pour aider votre organisation \u00e0 g\u00e9n\u00e9rer de nouveaux revenus, \u00e0 cr\u00e9er des emplois et \u00e0 adopter de nouvelles technologies.<\/p>\n\n\n\n<div class=\"wp-block-buttons eco-margin-top-auto is-vertical is-layout-flex wp-container-core-buttons-is-layout-8cf370e7 wp-block-buttons-is-layout-flex\">\n<div class=\"wp-block-button eco-button-outlined-tangerine\"><a class=\"wp-block-button__link wp-element-button\" href=\"https:\/\/skillsforjobs.ca\/fr\/employer.html\" target=\"_blank\" rel=\"noreferrer noopener\" aria-label=\"En savoir plus Comp\u00e9tences emploi Canada (s'ouvre dans un nouvel onglet)\" >En savoir plus<\/a><\/div>\n<\/div>\n<\/div>\n\n\n\n<div class=\"wp-block-column d-flex flex-col border-1px eco-padding-horizontal eco-padding-vertical is-layout-flow wp-block-column-is-layout-flow\">\n<figure class=\"wp-block-image size-large is-resized\"><img decoding=\"async\" src=\"https:\/\/microlearnontario.ca\/wp-content\/themes\/eco-micro-credential-portal\/assets\/images\/MCPortal-logo-FR.png\" alt=\"\" style=\"width:auto;height:75px\"\/><\/figure>\n\n\n\n<h3 class=\"wp-block-heading wp-block-post-title\" id=\"h-portail-des-micro-titres-de-competences\">Portail des micro-titres de comp\u00e9tences<\/h3>\n\n\n\n<p class=\"capsule-grass\">Cours en ligne<\/p>\n\n\n\n<p>Que vous souhaitiez accueillir de nouveaux talents dans votre entreprise ou investir dans votre main-d\u2019\u0153uvre actuelle, le portail des micro-titres de comp\u00e9tences vous offre les outils n\u00e9cessaires pour constituer une \u00e9quipe plus performante et agile.<\/p>\n\n\n\n<div class=\"wp-block-buttons eco-margin-top-auto is-vertical is-layout-flex wp-container-core-buttons-is-layout-8cf370e7 wp-block-buttons-is-layout-flex\">\n<div class=\"wp-block-button eco-button-outlined-tangerine\"><a class=\"wp-block-button__link wp-element-button\" href=\"https:\/\/microlearnontario.ca\/fr\/employer-landing\/\" target=\"_blank\" rel=\"noreferrer noopener\" aria-label=\"En savoir plus Portail des micro-titres de comp\u00e9tences (s'ouvre dans un nouvel onglet)\" >En savoir plus<\/a><\/div>\n<\/div>\n<\/div>\n\n\n\n<div class=\"wp-block-column d-flex flex-col border-1px eco-padding-horizontal eco-padding-vertical is-layout-flow wp-block-column-is-layout-flow\">\n<figure class=\"wp-block-image size-full is-resized\"><img loading=\"lazy\" decoding=\"async\" width=\"317\" height=\"127\" src=\"https:\/\/ecampusontario.ca\/wp-content\/uploads\/2025\/04\/OEX-Logo-1.png\" alt=\"\" class=\"wp-image-37047\" style=\"width:176px;height:auto\" srcset=\"https:\/\/ecampusontario.ca\/wp-content\/uploads\/2025\/04\/OEX-Logo-1.png 317w, https:\/\/ecampusontario.ca\/wp-content\/uploads\/2025\/04\/OEX-Logo-1-300x120.png 300w\" sizes=\"auto, (max-width: 317px) 100vw, 317px\" \/><\/figure>\n\n\n\n<h3 class=\"wp-block-heading\" id=\"h-echange-ontario\">\u00c9change Ontario<\/h3>\n\n\n\n<p class=\"capsule-grass\">Programme<\/p>\n\n\n\n<p>Les sp\u00e9cialistes de l\u2019apprentissage virtuel con\u00e7oivent des outils virtuels pour les \u00e9tablissements et les entreprises de l\u2019Ontario.<\/p>\n\n\n\n<div class=\"wp-block-buttons eco-margin-top-auto is-layout-flex wp-block-buttons-is-layout-flex\">\n<div class=\"wp-block-button eco-button-outlined-tangerine\"><a class=\"wp-block-button__link wp-element-button\" href=\"https:\/\/exchange.ecampusontario.ca\/\" target=\"_blank\" rel=\"noreferrer noopener\" aria-label=\"En savoir plus \u00c9change Ontario (s'ouvre dans un nouvel onglet)\" >En savoir plus<\/a><\/div>\n<\/div>\n<\/div>\n<\/div>\n<\/div>\n\n\n\n<div class=\"wp-block-group eco-padding-vertical has-background is-layout-constrained wp-block-group-is-layout-constrained\" style=\"background-color:#edeaea\">\n<h2 class=\"wp-block-heading has-text-align-center eco-padding-top\" id=\"h-vous-ne-trouvez-pas-ce-dont-vous-avez-besoin\">Vous ne trouvez pas ce dont vous avez besoin?<\/h2>\n\n\n\n<div class=\"wp-block-buttons eco-padding-bottom is-content-justification-center is-layout-flex wp-container-core-buttons-is-layout-16018d1d wp-block-buttons-is-layout-flex\">\n<div class=\"wp-block-button eco-button-tangerine\"><a class=\"wp-block-button__link has-text-align-center wp-element-button\" href=\"https:\/\/ecampusontario.ca\/fr\/contact-us\/\">Nous joindre<\/a><\/div>\n<\/div>\n<\/div>\n","protected":false},"excerpt":{"rendered":"<p>COLLABORATION Partenariats avec l\u2019industrie Entrez en relation avec des partenaires de recherche et trouvez des possibilit\u00e9s de financement Accueil Partenariats avec l\u2019industrie De l\u2019innovation \u00e0 la commercialisation. Les partenariats industriels donnent aux entreprises un avantage concurrentiel gr\u00e2ce \u00e0 des relations avec les \u00e9tablissements d\u2019enseignement postsecondaire de l\u2019Ontario. Gr\u00e2ce au r\u00e9seau d\u2019eCampusOntario, les entreprises peuvent co-cr\u00e9er [&hellip;]<\/p>\n","protected":false},"author":18,"featured_media":0,"parent":0,"menu_order":0,"comment_status":"closed","ping_status":"closed","template":"www-home-page","meta":{"_acf_changed":false,"footnotes":""},"categories":[],"tags":[],"class_list":["post-39461","page","type-page","status-publish","hentry"],"acf":[],"yoast_head":"<!-- This site is optimized with the Yoast SEO Premium plugin v27.4 (Yoast SEO v27.4) - https:\/\/yoast.com\/product\/yoast-seo-premium-wordpress\/ -->\n<title>Partenariats avec l\u2019industrie | eCampusOntario<\/title>\n<meta name=\"robots\" content=\"index, follow, max-snippet:-1, max-image-preview:large, max-video-preview:-1\" \/>\n<link rel=\"canonical\" href=\"https:\/\/ecampusontario.ca\/fr\/industry-partnerships\/\" \/>\n<meta property=\"og:locale\" content=\"fr_FR\" \/>\n<meta property=\"og:type\" content=\"article\" \/>\n<meta property=\"og:title\" content=\"Partenariats avec l\u2019industrie\" \/>\n<meta property=\"og:description\" content=\"COLLABORATION Partenariats avec l\u2019industrie Entrez en relation avec des partenaires de recherche et trouvez des possibilit\u00e9s de financement Accueil Partenariats avec l\u2019industrie De l\u2019innovation \u00e0 la commercialisation. Les partenariats industriels donnent aux entreprises un avantage concurrentiel gr\u00e2ce \u00e0 des relations avec les \u00e9tablissements d\u2019enseignement postsecondaire de l\u2019Ontario. Gr\u00e2ce au r\u00e9seau d\u2019eCampusOntario, les entreprises peuvent co-cr\u00e9er [&hellip;]\" \/>\n<meta property=\"og:url\" content=\"https:\/\/ecampusontario.ca\/fr\/industry-partnerships\/\" \/>\n<meta property=\"og:site_name\" content=\"eCampusOntario\" \/>\n<meta property=\"article:publisher\" content=\"https:\/\/www.facebook.com\/ecampusontario\/\" \/>\n<meta property=\"article:modified_time\" content=\"2026-03-04T19:02:24+00:00\" \/>\n<meta property=\"og:image\" content=\"https:\/\/ecampusontario.ca\/wp-content\/uploads\/2025\/09\/collaborate-indusrty-partnerships.png\" \/>\n\t<meta property=\"og:image:width\" content=\"599\" \/>\n\t<meta property=\"og:image:height\" content=\"409\" \/>\n\t<meta property=\"og:image:type\" content=\"image\/png\" \/>\n<meta name=\"twitter:card\" content=\"summary_large_image\" \/>\n<meta name=\"twitter:site\" content=\"@eCampusOntario\" \/>\n<meta name=\"twitter:label1\" content=\"Dur\u00e9e de lecture estim\u00e9e\" \/>\n\t<meta name=\"twitter:data1\" content=\"3 minutes\" \/>\n<script type=\"application\/ld+json\" class=\"yoast-schema-graph\">{\"@context\":\"https:\\\/\\\/schema.org\",\"@graph\":[{\"@type\":\"WebPage\",\"@id\":\"https:\\\/\\\/ecampusontario.ca\\\/fr\\\/industry-partnerships\\\/\",\"url\":\"https:\\\/\\\/ecampusontario.ca\\\/fr\\\/industry-partnerships\\\/\",\"name\":\"Partenariats avec l\u2019industrie | eCampusOntario\",\"isPartOf\":{\"@id\":\"https:\\\/\\\/ecampusontario.ca\\\/fr\\\/#website\"},\"primaryImageOfPage\":{\"@id\":\"https:\\\/\\\/ecampusontario.ca\\\/fr\\\/industry-partnerships\\\/#primaryimage\"},\"image\":{\"@id\":\"https:\\\/\\\/ecampusontario.ca\\\/fr\\\/industry-partnerships\\\/#primaryimage\"},\"thumbnailUrl\":\"https:\\\/\\\/ecampusontario.ca\\\/wp-content\\\/uploads\\\/2025\\\/09\\\/collaborate-indusrty-partnerships-300x205.png\",\"datePublished\":\"2025-09-30T17:27:37+00:00\",\"dateModified\":\"2026-03-04T19:02:24+00:00\",\"breadcrumb\":{\"@id\":\"https:\\\/\\\/ecampusontario.ca\\\/fr\\\/industry-partnerships\\\/#breadcrumb\"},\"inLanguage\":\"fr-FR\",\"potentialAction\":[{\"@type\":\"ReadAction\",\"target\":[\"https:\\\/\\\/ecampusontario.ca\\\/fr\\\/industry-partnerships\\\/\"]}]},{\"@type\":\"ImageObject\",\"inLanguage\":\"fr-FR\",\"@id\":\"https:\\\/\\\/ecampusontario.ca\\\/fr\\\/industry-partnerships\\\/#primaryimage\",\"url\":\"https:\\\/\\\/ecampusontario.ca\\\/wp-content\\\/uploads\\\/2025\\\/09\\\/collaborate-indusrty-partnerships-300x205.png\",\"contentUrl\":\"https:\\\/\\\/ecampusontario.ca\\\/wp-content\\\/uploads\\\/2025\\\/09\\\/collaborate-indusrty-partnerships-300x205.png\"},{\"@type\":\"BreadcrumbList\",\"@id\":\"https:\\\/\\\/ecampusontario.ca\\\/fr\\\/industry-partnerships\\\/#breadcrumb\",\"itemListElement\":[{\"@type\":\"ListItem\",\"position\":1,\"name\":\"Home\",\"item\":\"https:\\\/\\\/ecampusontario.ca\\\/fr\\\/\"},{\"@type\":\"ListItem\",\"position\":2,\"name\":\"Partenariats avec l\u2019industrie\"}]},{\"@type\":\"WebSite\",\"@id\":\"https:\\\/\\\/ecampusontario.ca\\\/fr\\\/#website\",\"url\":\"https:\\\/\\\/ecampusontario.ca\\\/fr\\\/\",\"name\":\"eCampusOntario\",\"description\":\"The online hub for learners and educators across Ontario\",\"publisher\":{\"@id\":\"https:\\\/\\\/ecampusontario.ca\\\/fr\\\/#organization\"},\"potentialAction\":[{\"@type\":\"SearchAction\",\"target\":{\"@type\":\"EntryPoint\",\"urlTemplate\":\"https:\\\/\\\/ecampusontario.ca\\\/fr\\\/?s={search_term_string}\"},\"query-input\":{\"@type\":\"PropertyValueSpecification\",\"valueRequired\":true,\"valueName\":\"search_term_string\"}}],\"inLanguage\":\"fr-FR\"},{\"@type\":\"Organization\",\"@id\":\"https:\\\/\\\/ecampusontario.ca\\\/fr\\\/#organization\",\"name\":\"eCampusOntario\",\"url\":\"https:\\\/\\\/ecampusontario.ca\\\/fr\\\/\",\"logo\":{\"@type\":\"ImageObject\",\"inLanguage\":\"fr-FR\",\"@id\":\"https:\\\/\\\/ecampusontario.ca\\\/fr\\\/#\\\/schema\\\/logo\\\/image\\\/\",\"url\":\"https:\\\/\\\/ecampusontario.ca\\\/wp-content\\\/uploads\\\/2018\\\/11\\\/ecampus-e-icon-1.png\",\"contentUrl\":\"https:\\\/\\\/ecampusontario.ca\\\/wp-content\\\/uploads\\\/2018\\\/11\\\/ecampus-e-icon-1.png\",\"width\":720,\"height\":325,\"caption\":\"eCampusOntario\"},\"image\":{\"@id\":\"https:\\\/\\\/ecampusontario.ca\\\/fr\\\/#\\\/schema\\\/logo\\\/image\\\/\"},\"sameAs\":[\"https:\\\/\\\/www.facebook.com\\\/ecampusontario\\\/\",\"https:\\\/\\\/x.com\\\/eCampusOntario\"]}]}<\/script>\n<!-- \/ Yoast SEO Premium plugin. -->","yoast_head_json":{"title":"Partenariats avec l\u2019industrie | eCampusOntario","robots":{"index":"index","follow":"follow","max-snippet":"max-snippet:-1","max-image-preview":"max-image-preview:large","max-video-preview":"max-video-preview:-1"},"canonical":"https:\/\/ecampusontario.ca\/fr\/industry-partnerships\/","og_locale":"fr_FR","og_type":"article","og_title":"Partenariats avec l\u2019industrie","og_description":"COLLABORATION Partenariats avec l\u2019industrie Entrez en relation avec des partenaires de recherche et trouvez des possibilit\u00e9s de financement Accueil Partenariats avec l\u2019industrie De l\u2019innovation \u00e0 la commercialisation. Les partenariats industriels donnent aux entreprises un avantage concurrentiel gr\u00e2ce \u00e0 des relations avec les \u00e9tablissements d\u2019enseignement postsecondaire de l\u2019Ontario. Gr\u00e2ce au r\u00e9seau d\u2019eCampusOntario, les entreprises peuvent co-cr\u00e9er [&hellip;]","og_url":"https:\/\/ecampusontario.ca\/fr\/industry-partnerships\/","og_site_name":"eCampusOntario","article_publisher":"https:\/\/www.facebook.com\/ecampusontario\/","article_modified_time":"2026-03-04T19:02:24+00:00","og_image":[{"width":599,"height":409,"url":"https:\/\/ecampusontario.ca\/wp-content\/uploads\/2025\/09\/collaborate-indusrty-partnerships.png","type":"image\/png"}],"twitter_card":"summary_large_image","twitter_site":"@eCampusOntario","twitter_misc":{"Dur\u00e9e de lecture estim\u00e9e":"3 minutes"},"schema":{"@context":"https:\/\/schema.org","@graph":[{"@type":"WebPage","@id":"https:\/\/ecampusontario.ca\/fr\/industry-partnerships\/","url":"https:\/\/ecampusontario.ca\/fr\/industry-partnerships\/","name":"Partenariats avec l\u2019industrie | eCampusOntario","isPartOf":{"@id":"https:\/\/ecampusontario.ca\/fr\/#website"},"primaryImageOfPage":{"@id":"https:\/\/ecampusontario.ca\/fr\/industry-partnerships\/#primaryimage"},"image":{"@id":"https:\/\/ecampusontario.ca\/fr\/industry-partnerships\/#primaryimage"},"thumbnailUrl":"https:\/\/ecampusontario.ca\/wp-content\/uploads\/2025\/09\/collaborate-indusrty-partnerships-300x205.png","datePublished":"2025-09-30T17:27:37+00:00","dateModified":"2026-03-04T19:02:24+00:00","breadcrumb":{"@id":"https:\/\/ecampusontario.ca\/fr\/industry-partnerships\/#breadcrumb"},"inLanguage":"fr-FR","potentialAction":[{"@type":"ReadAction","target":["https:\/\/ecampusontario.ca\/fr\/industry-partnerships\/"]}]},{"@type":"ImageObject","inLanguage":"fr-FR","@id":"https:\/\/ecampusontario.ca\/fr\/industry-partnerships\/#primaryimage","url":"https:\/\/ecampusontario.ca\/wp-content\/uploads\/2025\/09\/collaborate-indusrty-partnerships-300x205.png","contentUrl":"https:\/\/ecampusontario.ca\/wp-content\/uploads\/2025\/09\/collaborate-indusrty-partnerships-300x205.png"},{"@type":"BreadcrumbList","@id":"https:\/\/ecampusontario.ca\/fr\/industry-partnerships\/#breadcrumb","itemListElement":[{"@type":"ListItem","position":1,"name":"Home","item":"https:\/\/ecampusontario.ca\/fr\/"},{"@type":"ListItem","position":2,"name":"Partenariats avec l\u2019industrie"}]},{"@type":"WebSite","@id":"https:\/\/ecampusontario.ca\/fr\/#website","url":"https:\/\/ecampusontario.ca\/fr\/","name":"eCampusOntario","description":"The online hub for learners and educators across Ontario","publisher":{"@id":"https:\/\/ecampusontario.ca\/fr\/#organization"},"potentialAction":[{"@type":"SearchAction","target":{"@type":"EntryPoint","urlTemplate":"https:\/\/ecampusontario.ca\/fr\/?s={search_term_string}"},"query-input":{"@type":"PropertyValueSpecification","valueRequired":true,"valueName":"search_term_string"}}],"inLanguage":"fr-FR"},{"@type":"Organization","@id":"https:\/\/ecampusontario.ca\/fr\/#organization","name":"eCampusOntario","url":"https:\/\/ecampusontario.ca\/fr\/","logo":{"@type":"ImageObject","inLanguage":"fr-FR","@id":"https:\/\/ecampusontario.ca\/fr\/#\/schema\/logo\/image\/","url":"https:\/\/ecampusontario.ca\/wp-content\/uploads\/2018\/11\/ecampus-e-icon-1.png","contentUrl":"https:\/\/ecampusontario.ca\/wp-content\/uploads\/2018\/11\/ecampus-e-icon-1.png","width":720,"height":325,"caption":"eCampusOntario"},"image":{"@id":"https:\/\/ecampusontario.ca\/fr\/#\/schema\/logo\/image\/"},"sameAs":["https:\/\/www.facebook.com\/ecampusontario\/","https:\/\/x.com\/eCampusOntario"]}]}},"_links":{"self":[{"href":"https:\/\/ecampusontario.ca\/fr\/wp-json\/wp\/v2\/pages\/39461","targetHints":{"allow":["GET"]}}],"collection":[{"href":"https:\/\/ecampusontario.ca\/fr\/wp-json\/wp\/v2\/pages"}],"about":[{"href":"https:\/\/ecampusontario.ca\/fr\/wp-json\/wp\/v2\/types\/page"}],"author":[{"embeddable":true,"href":"https:\/\/ecampusontario.ca\/fr\/wp-json\/wp\/v2\/users\/18"}],"replies":[{"embeddable":true,"href":"https:\/\/ecampusontario.ca\/fr\/wp-json\/wp\/v2\/comments?post=39461"}],"version-history":[{"count":19,"href":"https:\/\/ecampusontario.ca\/fr\/wp-json\/wp\/v2\/pages\/39461\/revisions"}],"predecessor-version":[{"id":43690,"href":"https:\/\/ecampusontario.ca\/fr\/wp-json\/wp\/v2\/pages\/39461\/revisions\/43690"}],"wp:attachment":[{"href":"https:\/\/ecampusontario.ca\/fr\/wp-json\/wp\/v2\/media?parent=39461"}],"wp:term":[{"taxonomy":"category","embeddable":true,"href":"https:\/\/ecampusontario.ca\/fr\/wp-json\/wp\/v2\/categories?post=39461"},{"taxonomy":"post_tag","embeddable":true,"href":"https:\/\/ecampusontario.ca\/fr\/wp-json\/wp\/v2\/tags?post=39461"}],"curies":[{"name":"wp","href":"https:\/\/api.w.org\/{rel}","templated":true}]}}