
{"id":39451,"date":"2025-09-30T14:17:51","date_gmt":"2025-09-30T18:17:51","guid":{"rendered":"https:\/\/ecampusontario.ca\/emerging-technologies-ai\/"},"modified":"2026-02-19T13:54:03","modified_gmt":"2026-02-19T18:54:03","slug":"emerging-technologies-ai","status":"publish","type":"page","link":"https:\/\/ecampusontario.ca\/fr\/emerging-technologies-ai\/","title":{"rendered":"IA et technologies \u00e9mergentes"},"content":{"rendered":"\n<header class=\"wp-block-group  has-steel-background-color has-background is-layout-constrained wp-block-group-is-layout-constrained\">\n<div class=\"wp-block-columns eco-gap-20 eco-padding-horizontal-4rem has-steel-background-color has-background is-layout-flex wp-container-core-columns-is-layout-9d6595d7 wp-block-columns-is-layout-flex\">\n<div class=\"wp-block-column align-vertical-center is-layout-flow wp-block-column-is-layout-flow\">\n<p class=\"has-medium-font-size\" style=\"text-transform:uppercase\"><strong>TRANSFORMATION<\/strong><\/p>\n\n\n\n<h1 class=\"wp-block-heading\" id=\"h-ia-et-technologies-emergentes\">IA et technologies \u00e9mergentes<\/h1>\n\n\n\n<p class=\"has-text-align-left\">D\u00e9couvrez des technologies et des outils de pointe incluant des initiatives d&rsquo;intelligence artificielle pour votre \u00e9tablissement<\/p>\n<\/div>\n\n\n\n<div class=\"wp-block-column d-flex  is-layout-flow wp-block-column-is-layout-flow\">\n<figure class=\"wp-block-image aligncenter size-medium d-flex align-vertical-center\"><img loading=\"lazy\" decoding=\"async\" width=\"300\" height=\"205\" src=\"https:\/\/ecampusontario.ca\/wp-content\/uploads\/2025\/09\/transform-emerging-technologies-ai-300x205.png\" alt=\"\" class=\"wp-image-39006\" srcset=\"https:\/\/ecampusontario.ca\/wp-content\/uploads\/2025\/09\/transform-emerging-technologies-ai-300x205.png 300w, https:\/\/ecampusontario.ca\/wp-content\/uploads\/2025\/09\/transform-emerging-technologies-ai.png 599w\" sizes=\"auto, (max-width: 300px) 100vw, 300px\" \/><\/figure>\n<\/div>\n<\/div>\n<\/header>\n\n\n\n<div class=\"wp-block-group eco-no-padding-horizontal eco-no-padding-vertical is-layout-constrained wp-block-group-is-layout-constrained\">\n<div class=\"wp-block-ecampusontario-eco-breadcrumbs\">\n\t<nav class=\"eco-breadcrumbs\" aria-label=\"Breadcrumbs\"><ol><li><a href=\"\/fr\/\">Accueil<\/a><\/li><li class=\"eco-breacrumb-current\">IA et technologies \u00e9mergentes<\/li><\/ol><\/nav><\/div>\n<\/div>\n\n\n\n<div class=\"wp-block-group is-layout-constrained wp-block-group-is-layout-constrained\">\n<div class=\"wp-block-columns gap-col-2 is-layout-flex wp-container-core-columns-is-layout-9d6595d7 wp-block-columns-is-layout-flex\">\n<div class=\"wp-block-column eco-border-steel eco-padding-horizontal eco-padding-vertical has-background is-layout-flow wp-block-column-is-layout-flow\" style=\"background-color:#dae8ed\">\n<figure class=\"wp-block-image size-full is-resized\"><img loading=\"lazy\" decoding=\"async\" width=\"32\" height=\"24\" src=\"https:\/\/ecampusontario.ca\/wp-content\/uploads\/2025\/09\/Vector-1.png\" alt=\"\" class=\"wp-image-38882\" style=\"width:20px\"\/><\/figure>\n\n\n\n<h2 class=\"wp-block-heading\" id=\"h-des-technologies-et-des-outils-de-pointe-pour-votre-etablissement\">Des technologies et des outils de pointe pour votre \u00e9tablissement<\/h2>\n\n\n\n<p>Les technologies \u00e9mergentes et l\u2019IA peuvent aider les \u00e9tablissements d\u2019enseignement postsecondaire de l\u2019Ontario \u00e0 personnaliser l\u2019apprentissage, \u00e0 soutenir les enseignant\u00b7es gr\u00e2ce \u00e0 des outils intelligents et \u00e0 am\u00e9liorer l\u2019acc\u00e8s \u00e0 l\u2019\u00e9ducation gr\u00e2ce \u00e0 des environnements virtuels. D\u00e9couvrez des outils qui permettent de prendre des d\u00e9cisions fond\u00e9es sur les donn\u00e9es et de favoriser la r\u00e9ussite des apprenant\u00b7es.<\/p>\n<\/div>\n\n\n\n<div class=\"wp-block-column d-flex flex-col border-1px eco-padding-horizontal eco-padding-vertical is-layout-flow wp-block-column-is-layout-flow\">\n<figure class=\"wp-block-image size-full is-resized\"><img loading=\"lazy\" decoding=\"async\" width=\"145\" height=\"159\" src=\"https:\/\/ecampusontario.ca\/wp-content\/uploads\/2021\/05\/BrandAssets-e-icon.png\" alt=\"\" class=\"wp-image-15901\" style=\"width:auto;height:75px\"\/><\/figure>\n\n\n\n<h3 class=\"wp-block-heading wp-block-post-title\" id=\"h-initiatives-en-matiere-d-ia-pour-l-enseignement-superieur\">Initiatives en mati\u00e8re d\u2019IA pour l\u2019enseignement sup\u00e9rieur<\/h3>\n\n\n\n<p class=\"capsule-steel\">Ressources et outils<\/p>\n\n\n\n<p>Trouvez des initiatives modernes qui explorent le r\u00f4le de l\u2019IA dans l\u2019enseignement, l\u2019apprentissage et l\u2019innovation en milieu universitaire.<\/p>\n\n\n\n<div class=\"wp-block-buttons eco-margin-top-auto is-vertical is-layout-flex wp-container-core-buttons-is-layout-8cf370e7 wp-block-buttons-is-layout-flex\">\n<div class=\"wp-block-button eco-button-outlined-tangerine\"><a class=\"wp-block-button__link wp-element-button\" href=\"\/fr\/ai\/#\/\" rel=\"noreferrer noopener\" aria-label=\"En savoir plus Initiatives en mati\u00e8re d\u2019IA pour l\u2019enseignement sup\u00e9rieur\">En savoir plus<\/a><\/div>\n<\/div>\n<\/div>\n\n\n\n<div class=\"wp-block-column d-flex flex-col border-1px eco-padding-horizontal eco-padding-vertical is-layout-flow wp-block-column-is-layout-flow\">\n<figure class=\"wp-block-image size-full is-resized\"><img loading=\"lazy\" decoding=\"async\" width=\"145\" height=\"159\" src=\"https:\/\/ecampusontario.ca\/wp-content\/uploads\/2021\/05\/BrandAssets-e-icon.png\" alt=\"\" class=\"wp-image-15901\" style=\"width:auto;height:75px\"\/><\/figure>\n\n\n\n<h3 class=\"wp-block-heading wp-block-post-title\" id=\"h-bac-a-sable-edtech\">Bac \u00e0 sable EdTech<\/h3>\n\n\n\n<p class=\"capsule-steel\">Ressources et outils<\/p>\n\n\n\n<p>D\u00e9couvrez, mettez \u00e0 l\u2019essai, \u00e9valuez et adoptez des technologies \u00e9ducatives qui soutiennent la transformation num\u00e9rique.<\/p>\n\n\n\n<div class=\"wp-block-buttons eco-margin-top-auto is-vertical is-layout-flex wp-container-core-buttons-is-layout-8cf370e7 wp-block-buttons-is-layout-flex\">\n<div class=\"wp-block-button eco-button-outlined-tangerine\"><a class=\"wp-block-button__link wp-element-button\" href=\"https:\/\/sandbox.ecampusontario.ca\/\" target=\"_blank\" rel=\"noreferrer noopener\" aria-label=\"En savoir plus Bac \u00e0 sable EdTech (s'ouvre dans un nouvel onglet)\">En savoir plus<\/a><\/div>\n<\/div>\n<\/div>\n<\/div>\n\n\n\n<div class=\"wp-block-columns gap-col-2 is-layout-flex wp-container-core-columns-is-layout-9d6595d7 wp-block-columns-is-layout-flex\">\n<div class=\"wp-block-column d-flex flex-col border-1px eco-padding-horizontal eco-padding-vertical is-layout-flow wp-block-column-is-layout-flow\">\n<figure class=\"wp-block-image size-full is-resized\"><img loading=\"lazy\" decoding=\"async\" width=\"145\" height=\"159\" src=\"https:\/\/ecampusontario.ca\/wp-content\/uploads\/2021\/05\/BrandAssets-e-icon.png\" alt=\"\" class=\"wp-image-15901\" style=\"width:auto;height:75px\"\/><\/figure>\n\n\n\n<h3 class=\"wp-block-heading wp-block-post-title\" id=\"h-apprentissage-adaptatif\">Apprentissage adaptatif<\/h3>\n\n\n\n<p class=\"capsule-steel\">Ressources et outils<\/p>\n\n\n\n<p>Personnalisez les exp\u00e9riences d\u2019apprentissage des \u00e9tudiant\u00b7es gr\u00e2ce \u00e0 une technologie fond\u00e9e sur les donn\u00e9es qui adapte l\u2019enseignement aux besoins de chaque apprenant\u00b7e.<\/p>\n\n\n\n<div class=\"wp-block-buttons eco-margin-top-auto is-vertical is-layout-flex wp-container-core-buttons-is-layout-8cf370e7 wp-block-buttons-is-layout-flex\">\n<div class=\"wp-block-button eco-button-outlined-tangerine\"><a class=\"wp-block-button__link wp-element-button\" href=\"https:\/\/ecampusontario.ca\/fr\/apprentissage-adaptatif\/\" rel=\"noreferrer noopener\" aria-label=\"En savoir plus Apprentissage adaptatif\" >En savoir plus<\/a><\/div>\n<\/div>\n<\/div>\n\n\n\n<div class=\"wp-block-column d-flex flex-col border-1px eco-padding-horizontal eco-padding-vertical is-layout-flow wp-block-column-is-layout-flow\">\n<figure class=\"wp-block-image size-full is-resized\"><img loading=\"lazy\" decoding=\"async\" width=\"145\" height=\"159\" src=\"https:\/\/ecampusontario.ca\/wp-content\/uploads\/2021\/05\/BrandAssets-e-icon.png\" alt=\"\" class=\"wp-image-15901\" style=\"width:auto;height:75px\"\/><\/figure>\n\n\n\n<h3 class=\"wp-block-heading wp-block-post-title\" id=\"h-portefeuille-de-titres-de-competences-numeriques\">Portefeuille de titres de comp\u00e9tences num\u00e9riques<\/h3>\n\n\n\n<p class=\"capsule-steel\">Ressources et outils<\/p>\n\n\n\n<p>Une plateforme s\u00e9curis\u00e9e permettant un acc\u00e8s permanent \u00e0 vos titres de comp\u00e9tences num\u00e9riques, mise au point par eCampusOntario et BCdiploma.<\/p>\n\n\n\n<div class=\"wp-block-buttons eco-margin-top-auto is-vertical is-layout-flex wp-container-core-buttons-is-layout-8cf370e7 wp-block-buttons-is-layout-flex\">\n<div class=\"wp-block-button eco-button-outlined-tangerine\"><a class=\"wp-block-button__link wp-element-button\" href=\"https:\/\/credentials-wallet.ecampusontario.ca\/welcome\" target=\"_blank\" rel=\"noreferrer noopener\" aria-label=\"En savoir plus Portefeuille de titres de comp\u00e9tences num\u00e9riques (s'ouvre dans un nouvel onglet)\">En savoir plus<\/a><\/div>\n<\/div>\n<\/div>\n\n\n\n<div class=\"wp-block-column  eco-padding-horizontal eco-padding-vertical is-layout-flow wp-block-column-is-layout-flow\"><\/div>\n<\/div>\n<\/div>\n\n\n\n<div class=\"wp-block-group eco-padding-vertical has-background is-layout-constrained wp-block-group-is-layout-constrained\" style=\"background-color:#edeaea\">\n<h2 class=\"wp-block-heading has-text-align-center eco-padding-top\" id=\"h-vous-ne-trouvez-pas-ce-dont-vous-avez-besoin\">Vous ne trouvez pas ce dont vous avez besoin?<\/h2>\n\n\n\n<div class=\"wp-block-buttons eco-padding-bottom is-content-justification-center is-layout-flex wp-container-core-buttons-is-layout-16018d1d wp-block-buttons-is-layout-flex\">\n<div class=\"wp-block-button eco-button-tangerine\"><a class=\"wp-block-button__link has-text-align-center wp-element-button\" href=\"https:\/\/ecampusontario.ca\/fr\/contact-us\/\">Nous joindre<\/a><\/div>\n<\/div>\n<\/div>\n","protected":false},"excerpt":{"rendered":"<p>TRANSFORMATION IA et technologies \u00e9mergentes D\u00e9couvrez des technologies et des outils de pointe incluant des initiatives d&rsquo;intelligence artificielle pour votre \u00e9tablissement Accueil IA et technologies \u00e9mergentes Des technologies et des outils de pointe pour votre \u00e9tablissement Les technologies \u00e9mergentes et l\u2019IA peuvent aider les \u00e9tablissements d\u2019enseignement postsecondaire de l\u2019Ontario \u00e0 personnaliser l\u2019apprentissage, \u00e0 soutenir les [&hellip;]<\/p>\n","protected":false},"author":18,"featured_media":0,"parent":0,"menu_order":0,"comment_status":"closed","ping_status":"closed","template":"www-home-page","meta":{"_acf_changed":false,"footnotes":""},"categories":[],"tags":[],"class_list":["post-39451","page","type-page","status-publish","hentry"],"acf":[],"yoast_head":"<!-- This site is optimized with the Yoast SEO Premium plugin v27.4 (Yoast SEO v27.4) - https:\/\/yoast.com\/product\/yoast-seo-premium-wordpress\/ -->\n<title>IA et technologies \u00e9mergentes | eCampusOntario<\/title>\n<meta name=\"robots\" content=\"index, follow, max-snippet:-1, max-image-preview:large, max-video-preview:-1\" \/>\n<link rel=\"canonical\" href=\"https:\/\/ecampusontario.ca\/fr\/emerging-technologies-ai\/\" \/>\n<meta property=\"og:locale\" content=\"fr_FR\" \/>\n<meta property=\"og:type\" content=\"article\" \/>\n<meta property=\"og:title\" content=\"IA et technologies \u00e9mergentes\" \/>\n<meta property=\"og:description\" content=\"TRANSFORMATION IA et technologies \u00e9mergentes D\u00e9couvrez des technologies et des outils de pointe incluant des initiatives d&rsquo;intelligence artificielle pour votre \u00e9tablissement Accueil IA et technologies \u00e9mergentes Des technologies et des outils de pointe pour votre \u00e9tablissement Les technologies \u00e9mergentes et l\u2019IA peuvent aider les \u00e9tablissements d\u2019enseignement postsecondaire de l\u2019Ontario \u00e0 personnaliser l\u2019apprentissage, \u00e0 soutenir les [&hellip;]\" \/>\n<meta property=\"og:url\" content=\"https:\/\/ecampusontario.ca\/fr\/emerging-technologies-ai\/\" \/>\n<meta property=\"og:site_name\" content=\"eCampusOntario\" \/>\n<meta property=\"article:publisher\" content=\"https:\/\/www.facebook.com\/ecampusontario\/\" \/>\n<meta property=\"article:modified_time\" content=\"2026-02-19T18:54:03+00:00\" \/>\n<meta property=\"og:image\" content=\"https:\/\/ecampusontario.ca\/wp-content\/uploads\/2025\/09\/transform-emerging-technologies-ai.png\" \/>\n\t<meta property=\"og:image:width\" content=\"599\" \/>\n\t<meta property=\"og:image:height\" content=\"409\" \/>\n\t<meta property=\"og:image:type\" content=\"image\/png\" \/>\n<meta name=\"twitter:card\" content=\"summary_large_image\" \/>\n<meta name=\"twitter:site\" content=\"@eCampusOntario\" \/>\n<meta name=\"twitter:label1\" content=\"Dur\u00e9e de lecture estim\u00e9e\" \/>\n\t<meta name=\"twitter:data1\" content=\"3 minutes\" \/>\n<script type=\"application\/ld+json\" class=\"yoast-schema-graph\">{\"@context\":\"https:\\\/\\\/schema.org\",\"@graph\":[{\"@type\":\"WebPage\",\"@id\":\"https:\\\/\\\/ecampusontario.ca\\\/fr\\\/emerging-technologies-ai\\\/\",\"url\":\"https:\\\/\\\/ecampusontario.ca\\\/fr\\\/emerging-technologies-ai\\\/\",\"name\":\"IA et technologies \u00e9mergentes | eCampusOntario\",\"isPartOf\":{\"@id\":\"https:\\\/\\\/ecampusontario.ca\\\/fr\\\/#website\"},\"primaryImageOfPage\":{\"@id\":\"https:\\\/\\\/ecampusontario.ca\\\/fr\\\/emerging-technologies-ai\\\/#primaryimage\"},\"image\":{\"@id\":\"https:\\\/\\\/ecampusontario.ca\\\/fr\\\/emerging-technologies-ai\\\/#primaryimage\"},\"thumbnailUrl\":\"https:\\\/\\\/ecampusontario.ca\\\/wp-content\\\/uploads\\\/2025\\\/09\\\/transform-emerging-technologies-ai-300x205.png\",\"datePublished\":\"2025-09-30T18:17:51+00:00\",\"dateModified\":\"2026-02-19T18:54:03+00:00\",\"breadcrumb\":{\"@id\":\"https:\\\/\\\/ecampusontario.ca\\\/fr\\\/emerging-technologies-ai\\\/#breadcrumb\"},\"inLanguage\":\"fr-FR\",\"potentialAction\":[{\"@type\":\"ReadAction\",\"target\":[\"https:\\\/\\\/ecampusontario.ca\\\/fr\\\/emerging-technologies-ai\\\/\"]}]},{\"@type\":\"ImageObject\",\"inLanguage\":\"fr-FR\",\"@id\":\"https:\\\/\\\/ecampusontario.ca\\\/fr\\\/emerging-technologies-ai\\\/#primaryimage\",\"url\":\"https:\\\/\\\/ecampusontario.ca\\\/wp-content\\\/uploads\\\/2025\\\/09\\\/transform-emerging-technologies-ai-300x205.png\",\"contentUrl\":\"https:\\\/\\\/ecampusontario.ca\\\/wp-content\\\/uploads\\\/2025\\\/09\\\/transform-emerging-technologies-ai-300x205.png\"},{\"@type\":\"BreadcrumbList\",\"@id\":\"https:\\\/\\\/ecampusontario.ca\\\/fr\\\/emerging-technologies-ai\\\/#breadcrumb\",\"itemListElement\":[{\"@type\":\"ListItem\",\"position\":1,\"name\":\"Home\",\"item\":\"https:\\\/\\\/ecampusontario.ca\\\/fr\\\/\"},{\"@type\":\"ListItem\",\"position\":2,\"name\":\"IA et technologies \u00e9mergentes\"}]},{\"@type\":\"WebSite\",\"@id\":\"https:\\\/\\\/ecampusontario.ca\\\/fr\\\/#website\",\"url\":\"https:\\\/\\\/ecampusontario.ca\\\/fr\\\/\",\"name\":\"eCampusOntario\",\"description\":\"The online hub for learners and educators across Ontario\",\"publisher\":{\"@id\":\"https:\\\/\\\/ecampusontario.ca\\\/fr\\\/#organization\"},\"potentialAction\":[{\"@type\":\"SearchAction\",\"target\":{\"@type\":\"EntryPoint\",\"urlTemplate\":\"https:\\\/\\\/ecampusontario.ca\\\/fr\\\/?s={search_term_string}\"},\"query-input\":{\"@type\":\"PropertyValueSpecification\",\"valueRequired\":true,\"valueName\":\"search_term_string\"}}],\"inLanguage\":\"fr-FR\"},{\"@type\":\"Organization\",\"@id\":\"https:\\\/\\\/ecampusontario.ca\\\/fr\\\/#organization\",\"name\":\"eCampusOntario\",\"url\":\"https:\\\/\\\/ecampusontario.ca\\\/fr\\\/\",\"logo\":{\"@type\":\"ImageObject\",\"inLanguage\":\"fr-FR\",\"@id\":\"https:\\\/\\\/ecampusontario.ca\\\/fr\\\/#\\\/schema\\\/logo\\\/image\\\/\",\"url\":\"https:\\\/\\\/ecampusontario.ca\\\/wp-content\\\/uploads\\\/2018\\\/11\\\/ecampus-e-icon-1.png\",\"contentUrl\":\"https:\\\/\\\/ecampusontario.ca\\\/wp-content\\\/uploads\\\/2018\\\/11\\\/ecampus-e-icon-1.png\",\"width\":720,\"height\":325,\"caption\":\"eCampusOntario\"},\"image\":{\"@id\":\"https:\\\/\\\/ecampusontario.ca\\\/fr\\\/#\\\/schema\\\/logo\\\/image\\\/\"},\"sameAs\":[\"https:\\\/\\\/www.facebook.com\\\/ecampusontario\\\/\",\"https:\\\/\\\/x.com\\\/eCampusOntario\"]}]}<\/script>\n<!-- \/ Yoast SEO Premium plugin. -->","yoast_head_json":{"title":"IA et technologies \u00e9mergentes | eCampusOntario","robots":{"index":"index","follow":"follow","max-snippet":"max-snippet:-1","max-image-preview":"max-image-preview:large","max-video-preview":"max-video-preview:-1"},"canonical":"https:\/\/ecampusontario.ca\/fr\/emerging-technologies-ai\/","og_locale":"fr_FR","og_type":"article","og_title":"IA et technologies \u00e9mergentes","og_description":"TRANSFORMATION IA et technologies \u00e9mergentes D\u00e9couvrez des technologies et des outils de pointe incluant des initiatives d&rsquo;intelligence artificielle pour votre \u00e9tablissement Accueil IA et technologies \u00e9mergentes Des technologies et des outils de pointe pour votre \u00e9tablissement Les technologies \u00e9mergentes et l\u2019IA peuvent aider les \u00e9tablissements d\u2019enseignement postsecondaire de l\u2019Ontario \u00e0 personnaliser l\u2019apprentissage, \u00e0 soutenir les [&hellip;]","og_url":"https:\/\/ecampusontario.ca\/fr\/emerging-technologies-ai\/","og_site_name":"eCampusOntario","article_publisher":"https:\/\/www.facebook.com\/ecampusontario\/","article_modified_time":"2026-02-19T18:54:03+00:00","og_image":[{"width":599,"height":409,"url":"https:\/\/ecampusontario.ca\/wp-content\/uploads\/2025\/09\/transform-emerging-technologies-ai.png","type":"image\/png"}],"twitter_card":"summary_large_image","twitter_site":"@eCampusOntario","twitter_misc":{"Dur\u00e9e de lecture estim\u00e9e":"3 minutes"},"schema":{"@context":"https:\/\/schema.org","@graph":[{"@type":"WebPage","@id":"https:\/\/ecampusontario.ca\/fr\/emerging-technologies-ai\/","url":"https:\/\/ecampusontario.ca\/fr\/emerging-technologies-ai\/","name":"IA et technologies \u00e9mergentes | eCampusOntario","isPartOf":{"@id":"https:\/\/ecampusontario.ca\/fr\/#website"},"primaryImageOfPage":{"@id":"https:\/\/ecampusontario.ca\/fr\/emerging-technologies-ai\/#primaryimage"},"image":{"@id":"https:\/\/ecampusontario.ca\/fr\/emerging-technologies-ai\/#primaryimage"},"thumbnailUrl":"https:\/\/ecampusontario.ca\/wp-content\/uploads\/2025\/09\/transform-emerging-technologies-ai-300x205.png","datePublished":"2025-09-30T18:17:51+00:00","dateModified":"2026-02-19T18:54:03+00:00","breadcrumb":{"@id":"https:\/\/ecampusontario.ca\/fr\/emerging-technologies-ai\/#breadcrumb"},"inLanguage":"fr-FR","potentialAction":[{"@type":"ReadAction","target":["https:\/\/ecampusontario.ca\/fr\/emerging-technologies-ai\/"]}]},{"@type":"ImageObject","inLanguage":"fr-FR","@id":"https:\/\/ecampusontario.ca\/fr\/emerging-technologies-ai\/#primaryimage","url":"https:\/\/ecampusontario.ca\/wp-content\/uploads\/2025\/09\/transform-emerging-technologies-ai-300x205.png","contentUrl":"https:\/\/ecampusontario.ca\/wp-content\/uploads\/2025\/09\/transform-emerging-technologies-ai-300x205.png"},{"@type":"BreadcrumbList","@id":"https:\/\/ecampusontario.ca\/fr\/emerging-technologies-ai\/#breadcrumb","itemListElement":[{"@type":"ListItem","position":1,"name":"Home","item":"https:\/\/ecampusontario.ca\/fr\/"},{"@type":"ListItem","position":2,"name":"IA et technologies \u00e9mergentes"}]},{"@type":"WebSite","@id":"https:\/\/ecampusontario.ca\/fr\/#website","url":"https:\/\/ecampusontario.ca\/fr\/","name":"eCampusOntario","description":"The online hub for learners and educators across Ontario","publisher":{"@id":"https:\/\/ecampusontario.ca\/fr\/#organization"},"potentialAction":[{"@type":"SearchAction","target":{"@type":"EntryPoint","urlTemplate":"https:\/\/ecampusontario.ca\/fr\/?s={search_term_string}"},"query-input":{"@type":"PropertyValueSpecification","valueRequired":true,"valueName":"search_term_string"}}],"inLanguage":"fr-FR"},{"@type":"Organization","@id":"https:\/\/ecampusontario.ca\/fr\/#organization","name":"eCampusOntario","url":"https:\/\/ecampusontario.ca\/fr\/","logo":{"@type":"ImageObject","inLanguage":"fr-FR","@id":"https:\/\/ecampusontario.ca\/fr\/#\/schema\/logo\/image\/","url":"https:\/\/ecampusontario.ca\/wp-content\/uploads\/2018\/11\/ecampus-e-icon-1.png","contentUrl":"https:\/\/ecampusontario.ca\/wp-content\/uploads\/2018\/11\/ecampus-e-icon-1.png","width":720,"height":325,"caption":"eCampusOntario"},"image":{"@id":"https:\/\/ecampusontario.ca\/fr\/#\/schema\/logo\/image\/"},"sameAs":["https:\/\/www.facebook.com\/ecampusontario\/","https:\/\/x.com\/eCampusOntario"]}]}},"_links":{"self":[{"href":"https:\/\/ecampusontario.ca\/fr\/wp-json\/wp\/v2\/pages\/39451","targetHints":{"allow":["GET"]}}],"collection":[{"href":"https:\/\/ecampusontario.ca\/fr\/wp-json\/wp\/v2\/pages"}],"about":[{"href":"https:\/\/ecampusontario.ca\/fr\/wp-json\/wp\/v2\/types\/page"}],"author":[{"embeddable":true,"href":"https:\/\/ecampusontario.ca\/fr\/wp-json\/wp\/v2\/users\/18"}],"replies":[{"embeddable":true,"href":"https:\/\/ecampusontario.ca\/fr\/wp-json\/wp\/v2\/comments?post=39451"}],"version-history":[{"count":29,"href":"https:\/\/ecampusontario.ca\/fr\/wp-json\/wp\/v2\/pages\/39451\/revisions"}],"predecessor-version":[{"id":43600,"href":"https:\/\/ecampusontario.ca\/fr\/wp-json\/wp\/v2\/pages\/39451\/revisions\/43600"}],"wp:attachment":[{"href":"https:\/\/ecampusontario.ca\/fr\/wp-json\/wp\/v2\/media?parent=39451"}],"wp:term":[{"taxonomy":"category","embeddable":true,"href":"https:\/\/ecampusontario.ca\/fr\/wp-json\/wp\/v2\/categories?post=39451"},{"taxonomy":"post_tag","embeddable":true,"href":"https:\/\/ecampusontario.ca\/fr\/wp-json\/wp\/v2\/tags?post=39451"}],"curies":[{"name":"wp","href":"https:\/\/api.w.org\/{rel}","templated":true}]}}