
{"id":39448,"date":"2025-09-30T12:56:27","date_gmt":"2025-09-30T16:56:27","guid":{"rendered":"https:\/\/ecampusontario.ca\/workforce-development\/"},"modified":"2026-03-04T12:52:02","modified_gmt":"2026-03-04T17:52:02","slug":"workforce-development","status":"publish","type":"page","link":"https:\/\/ecampusontario.ca\/fr\/workforce-development\/","title":{"rendered":"Formation de la main-d\u2019\u0153uvre"},"content":{"rendered":"\n<header class=\"wp-block-group  has-grass-75-background-color has-background is-layout-constrained wp-block-group-is-layout-constrained\">\n<div class=\"wp-block-columns eco-gap-20 eco-padding-horizontal-4rem has-grass-75-background-color has-background is-layout-flex wp-container-core-columns-is-layout-9d6595d7 wp-block-columns-is-layout-flex\">\n<div class=\"wp-block-column align-vertical-center is-layout-flow wp-block-column-is-layout-flow\">\n<p class=\"has-medium-font-size\" style=\"text-transform:uppercase\"><strong>COLLABORATION<\/strong><\/p>\n\n\n\n<h1 class=\"wp-block-heading\" id=\"h-formation-de-la-main-d-oeuvre\">Formation de la main-d\u2019\u0153uvre<\/h1>\n\n\n\n<p class=\"has-text-align-left\">Perfectionnez les comp\u00e9tences de votre \u00e9quipe et faites-la progresser gr\u00e2ce \u00e0 des formations et \u00e0 des stages coop\u00e9ratifs.<\/p>\n<\/div>\n\n\n\n<div class=\"wp-block-column d-flex  is-layout-flow wp-block-column-is-layout-flow\">\n<figure class=\"wp-block-image aligncenter size-medium d-flex align-vertical-center\"><img loading=\"lazy\" decoding=\"async\" width=\"300\" height=\"205\" src=\"https:\/\/ecampusontario.ca\/wp-content\/uploads\/2025\/09\/Collaborate-Workforce-developement-300x205.png\" alt=\"\" class=\"wp-image-38969\" srcset=\"https:\/\/ecampusontario.ca\/wp-content\/uploads\/2025\/09\/Collaborate-Workforce-developement-300x205.png 300w, https:\/\/ecampusontario.ca\/wp-content\/uploads\/2025\/09\/Collaborate-Workforce-developement.png 599w\" sizes=\"auto, (max-width: 300px) 100vw, 300px\" \/><\/figure>\n<\/div>\n<\/div>\n<\/header>\n\n\n\n<div class=\"wp-block-group eco-no-padding-horizontal eco-no-padding-vertical is-layout-constrained wp-block-group-is-layout-constrained\">\n<div class=\"wp-block-ecampusontario-eco-breadcrumbs\">\n\t<nav class=\"eco-breadcrumbs\" aria-label=\"Breadcrumbs\"><ol><li><a href=\"\/fr\/\">Accueil<\/a><\/li><li class=\"eco-breacrumb-current\">Formation de la main-d\u2019\u0153uvre <\/li><\/ol><\/nav><\/div>\n<\/div>\n\n\n\n<div class=\"wp-block-group is-layout-constrained wp-block-group-is-layout-constrained\">\n<div class=\"wp-block-columns gap-col-2 is-layout-flex wp-container-core-columns-is-layout-9d6595d7 wp-block-columns-is-layout-flex\">\n<div class=\"wp-block-column eco-border-grass eco-padding-horizontal eco-padding-vertical has-grass-25-background-color has-background is-layout-flow wp-block-column-is-layout-flow\">\n<figure class=\"wp-block-image size-full is-resized\"><img loading=\"lazy\" decoding=\"async\" width=\"32\" height=\"24\" src=\"https:\/\/ecampusontario.ca\/wp-content\/uploads\/2025\/09\/Vector-1.png\" alt=\"\" class=\"wp-image-38882\" style=\"width:20px\"\/><\/figure>\n\n\n\n<h2 class=\"wp-block-heading\" id=\"h-assurez-l-avenir-de-votre-main-d-oeuvre\">Assurez l\u2019avenir de votre main-d\u2019\u0153uvre.<\/h2>\n\n\n\n<p>Le perfectionnement et la reconversion des talents aident les entreprises \u00e0 rester comp\u00e9titives. En tirant parti de programmes de formation flexibles et adapt\u00e9s au secteur, votre organisation peut renforcer son vivier de talents, accro\u00eetre la productivit\u00e9 des employ\u00e9\u00b7es et demeurer concurrentielle sur un march\u00e9 en constante \u00e9volution.<\/p>\n<\/div>\n\n\n\n<div class=\"wp-block-column d-flex flex-col border-1px eco-padding-horizontal eco-padding-vertical is-layout-flow wp-block-column-is-layout-flow\">\n<figure class=\"wp-block-image size-full is-resized\"><img loading=\"lazy\" decoding=\"async\" width=\"145\" height=\"159\" src=\"https:\/\/ecampusontario.ca\/wp-content\/uploads\/2021\/05\/BrandAssets-e-icon.png\" alt=\"\" class=\"wp-image-15901\" style=\"width:auto;height:75px\"\/><\/figure>\n\n\n\n<h3 class=\"wp-block-heading\" id=\"h-developpement-professionnel\">D\u00e9veloppement professionnel<\/h3>\n\n\n\n<p class=\"capsule-grass\">Formation du personnel enseignant et administratif\u00a0<\/p>\n\n\n\n<p>Renforcez la r\u00e9silience de votre \u00e9tablissement gr\u00e2ce \u00e0 des offres de formation de perfectionnement professionnel gratuites ou \u00e0 faible co\u00fbt, qui outillent le personnel enseignant et administratif avec<\/p>\n\n\n\n<div class=\"wp-block-buttons eco-margin-top-auto is-layout-flex wp-block-buttons-is-layout-flex\">\n<div class=\"wp-block-button eco-button-outlined-tangerine\"><a class=\"wp-block-button__link wp-element-button\" href=\"https:\/\/learn.ecampusontario.ca\/?cm_locale=fr\" target=\"_blank\" rel=\"noreferrer noopener\" aria-label=\"En savoir plus D\u00e9veloppement professionnel(s'ouvre dans un nouvel onglet)\">En savoir plus<\/a><\/div>\n<\/div>\n<\/div>\n\n\n\n<div class=\"wp-block-column d-flex flex-col border-1px eco-padding-horizontal eco-padding-vertical is-layout-flow wp-block-column-is-layout-flow\">\n<figure class=\"wp-block-image size-full is-resized\"><img decoding=\"async\" src=\"https:\/\/ecampusontario.ca\/wp-content\/uploads\/2025\/12\/SkillsforJobs-FR-logo.svg\" alt=\"\" class=\"wp-image-42349\" style=\"width:auto;height:75px\"\/><\/figure>\n\n\n\n<h3 class=\"wp-block-heading wp-block-post-title\" id=\"h-competences-emploi-canada\">Comp\u00e9tences emploi Canada<\/h3>\n\n\n\n<p class=\"capsule-grass\">D\u00e9veloppement des comp\u00e9tences<\/p>\n\n\n\n<p>Pour aider votre organisation \u00e0 g\u00e9n\u00e9rer de nouveaux revenus, \u00e0 cr\u00e9er des emplois et \u00e0 adopter de nouvelles technologies.<\/p>\n\n\n\n<div class=\"wp-block-buttons eco-margin-top-auto is-vertical is-layout-flex wp-container-core-buttons-is-layout-8cf370e7 wp-block-buttons-is-layout-flex\">\n<div class=\"wp-block-button eco-button-outlined-tangerine\"><a class=\"wp-block-button__link wp-element-button\" href=\"https:\/\/skillsforjobs.ca\/fr\/employer.html\" target=\"_blank\" rel=\"noreferrer noopener\" aria-label=\"En savoir plus Comp\u00e9tences emploi Canada (s'ouvre dans un nouvel onglet)\" >En savoir plus<\/a><\/div>\n<\/div>\n<\/div>\n<\/div>\n\n\n\n<div class=\"wp-block-columns gap-col-2 is-layout-flex wp-container-core-columns-is-layout-9d6595d7 wp-block-columns-is-layout-flex\">\n<div class=\"wp-block-column d-flex flex-col border-1px eco-padding-horizontal eco-padding-vertical is-layout-flow wp-block-column-is-layout-flow\">\n<figure class=\"wp-block-image size-large is-resized\"><img decoding=\"async\" src=\"https:\/\/microlearnontario.ca\/wp-content\/themes\/eco-micro-credential-portal\/assets\/images\/MCPortal-logo-FR.png\" alt=\"\" style=\"width:auto;height:75px\"\/><\/figure>\n\n\n\n<h3 class=\"wp-block-heading wp-block-post-title\" id=\"h-portail-des-micro-titres-de-competences\">Portail des micro-titres de comp\u00e9tences<\/h3>\n\n\n\n<p class=\"capsule-grass\">Cours en ligne<\/p>\n\n\n\n<p>Que vous souhaitiez accueillir de nouveaux talents dans votre entreprise ou investir dans votre main-d\u2019\u0153uvre actuelle, le portail des micro-titres de comp\u00e9tences vous offre les outils n\u00e9cessaires pour constituer une \u00e9quipe plus performante et agile.<\/p>\n\n\n\n<div class=\"wp-block-buttons eco-margin-top-auto is-vertical is-layout-flex wp-container-core-buttons-is-layout-8cf370e7 wp-block-buttons-is-layout-flex\">\n<div class=\"wp-block-button eco-button-outlined-tangerine\"><a class=\"wp-block-button__link wp-element-button\" href=\"https:\/\/microlearnontario.ca\/fr\/employer-landing\/\" target=\"_blank\" rel=\"noreferrer noopener\" aria-label=\"En savoir plus Portail des micro-titres de comp\u00e9tences (s'ouvre dans un nouvel onglet)\" >En savoir plus<\/a><\/div>\n<\/div>\n<\/div>\n\n\n\n<div class=\"wp-block-column d-flex flex-col border-1px eco-padding-horizontal eco-padding-vertical is-layout-flow wp-block-column-is-layout-flow\">\n<figure class=\"wp-block-image size-full is-resized\"><img loading=\"lazy\" decoding=\"async\" width=\"145\" height=\"159\" src=\"https:\/\/ecampusontario.ca\/wp-content\/uploads\/2021\/05\/BrandAssets-e-icon.png\" alt=\"\" class=\"wp-image-15901\" style=\"width:auto;height:75px\"\/><\/figure>\n\n\n\n<h3 class=\"wp-block-heading wp-block-post-title\" id=\"h-conseiller-en-accessibilite-pour-l-apprentissage-integre-au-travail-ia\">Conseiller en accessibilit\u00e9 pour l\u2019apprentissage int\u00e9gr\u00e9 au travail (IA)<\/h3>\n\n\n\n<p class=\"capsule-grass\">IA<\/p>\n\n\n\n<p>Une main-d&rsquo;oeuvre accessible pour aider votre organisation \u00e0 combler des postes gr\u00e2ce \u00e0 un plus large \u00e9ventail de talents.<\/p>\n\n\n\n<div class=\"wp-block-buttons eco-margin-top-auto is-vertical is-layout-flex wp-container-core-buttons-is-layout-8cf370e7 wp-block-buttons-is-layout-flex\">\n<div class=\"wp-block-button eco-button-outlined-tangerine\"><a class=\"wp-block-button__link wp-element-button\" href=\"https:\/\/ecampusontario.ca\/fr\/wil-advisor\/\"  rel=\"noreferrer noopener\" aria-label=\"En savoir plus Conseiller en accessibilit\u00e9 pour l\u2019apprentissage int\u00e9gr\u00e9 au travail (IA)\" >En savoir plus<\/a><\/div>\n<\/div>\n<\/div>\n\n\n\n<div class=\"wp-block-column d-flex flex-col border-1px eco-padding-horizontal eco-padding-vertical is-layout-flow wp-block-column-is-layout-flow\">\n<figure class=\"wp-block-image size-full is-resized\"><img loading=\"lazy\" decoding=\"async\" width=\"342\" height=\"107\" src=\"https:\/\/ecampusontario.ca\/wp-content\/uploads\/2023\/02\/02-CAPFO-logo.png\" alt=\"\" class=\"wp-image-25207\" style=\"width:auto;height:75px\" srcset=\"https:\/\/ecampusontario.ca\/wp-content\/uploads\/2023\/02\/02-CAPFO-logo.png 342w, https:\/\/ecampusontario.ca\/wp-content\/uploads\/2023\/02\/02-CAPFO-logo-300x94.png 300w\" sizes=\"auto, (max-width: 342px) 100vw, 342px\" \/><\/figure>\n\n\n\n<h3 class=\"wp-block-heading wp-block-post-title\" id=\"h-capfo\">CAPFO<\/h3>\n\n\n\n<p class=\"capsule-grass\">Programme<\/p>\n\n\n\n<p>Le Consortium d\u2019apprentissage exp\u00e9rientiel francophone de l\u2019Ontario (CAPFO) est une plateforme d&rsquo;apprentissage int\u00e9gr\u00e9 au travail qui offre aux organisations un vivier de talents pour les aider \u00e0 innover et permet aux \u00e9tudiant\u00b7es d\u2019acqu\u00e9rir une formation pratique dans le cadre d\u2019exp\u00e9riences professionnelles authentiques.<\/p>\n\n\n\n<div class=\"wp-block-buttons eco-margin-top-auto is-vertical is-layout-flex wp-container-core-buttons-is-layout-8cf370e7 wp-block-buttons-is-layout-flex\">\n<div class=\"wp-block-button eco-button-outlined-tangerine\"><a class=\"wp-block-button__link wp-element-button\" href=\"https:\/\/capfo.ca\/\" target=\"_blank\" rel=\"noreferrer noopener\" aria-label=\"En savoir plus CAPFO (s'ouvre dans un nouvel onglet)\">En savoir plus<\/a><\/div>\n<\/div>\n<\/div>\n<\/div>\n\n\n\n<div class=\"wp-block-columns gap-col-2 is-layout-flex wp-container-core-columns-is-layout-9d6595d7 wp-block-columns-is-layout-flex\">\n<div class=\"wp-block-column d-flex flex-col border-1px eco-padding-horizontal eco-padding-vertical is-layout-flow wp-block-column-is-layout-flow\">\n<figure class=\"wp-block-image size-large is-resized\"><img decoding=\"async\" src=\"https:\/\/ocip.ecampusontario.ca\/wp-content\/uploads\/2022\/12\/OCIP-logo-FR.png\" alt=\"\" style=\"width:auto;height:75px\"\/><\/figure>\n\n\n\n<h3 class=\"wp-block-heading wp-block-post-title\" id=\"h-pico\">PICO<\/h3>\n\n\n\n<p class=\"capsule-grass\">Programme<\/p>\n\n\n\n<p>La PICO propulse la mise en march\u00e9 d\u2019innovations en mettant en relation les entreprises \u00e0 des expert\u00b7es, \u00e0 des \u00e9quipements et \u00e0 des technologies \u00e9mergentes.<\/p>\n\n\n\n<div class=\"wp-block-buttons eco-margin-top-auto is-vertical is-layout-flex wp-container-core-buttons-is-layout-8cf370e7 wp-block-buttons-is-layout-flex\">\n<div class=\"wp-block-button eco-button-outlined-tangerine\"><a class=\"wp-block-button__link wp-element-button\" href=\"https:\/\/ocip.ecampusontario.ca\/fr\/\" target=\"_blank\" rel=\"noreferrer noopener\" aria-label=\"En savoir plus PICO (s'ouvre dans un nouvel onglet)\">En savoir plus<\/a><\/div>\n<\/div>\n<\/div>\n\n\n\n<div class=\"wp-block-column  eco-padding-horizontal eco-padding-vertical is-layout-flow wp-block-column-is-layout-flow\"><\/div>\n\n\n\n<div class=\"wp-block-column  eco-padding-horizontal eco-padding-vertical is-layout-flow wp-block-column-is-layout-flow\"><\/div>\n<\/div>\n<\/div>\n\n\n\n<div class=\"wp-block-group eco-padding-vertical has-background is-layout-constrained wp-block-group-is-layout-constrained\" style=\"background-color:#edeaea\">\n<h2 class=\"wp-block-heading has-text-align-center eco-padding-top\" id=\"h-vous-ne-trouvez-pas-ce-dont-vous-avez-besoin\">Vous ne trouvez pas ce dont vous avez besoin?<\/h2>\n\n\n\n<div class=\"wp-block-buttons eco-padding-bottom is-content-justification-center is-layout-flex wp-container-core-buttons-is-layout-16018d1d wp-block-buttons-is-layout-flex\">\n<div class=\"wp-block-button eco-button-tangerine\"><a class=\"wp-block-button__link has-text-align-center wp-element-button\" href=\"https:\/\/ecampusontario.ca\/fr\/contact-us\/\">Nous joindre<\/a><\/div>\n<\/div>\n<\/div>\n\n\n\n<p><\/p>\n","protected":false},"excerpt":{"rendered":"<p>COLLABORATION Formation de la main-d\u2019\u0153uvre Perfectionnez les comp\u00e9tences de votre \u00e9quipe et faites-la progresser gr\u00e2ce \u00e0 des formations et \u00e0 des stages coop\u00e9ratifs. Accueil Formation de la main-d\u2019\u0153uvre Assurez l\u2019avenir de votre main-d\u2019\u0153uvre. Le perfectionnement et la reconversion des talents aident les entreprises \u00e0 rester comp\u00e9titives. En tirant parti de programmes de formation flexibles et [&hellip;]<\/p>\n","protected":false},"author":18,"featured_media":0,"parent":0,"menu_order":0,"comment_status":"closed","ping_status":"closed","template":"www-home-page","meta":{"_acf_changed":false,"footnotes":""},"categories":[],"tags":[],"class_list":["post-39448","page","type-page","status-publish","hentry"],"acf":[],"yoast_head":"<!-- This site is optimized with the Yoast SEO Premium plugin v26.0 (Yoast SEO v27.4) - https:\/\/yoast.com\/product\/yoast-seo-premium-wordpress\/ -->\n<title>Formation de la main-d\u2019\u0153uvre | eCampusOntario<\/title>\n<meta name=\"robots\" content=\"index, follow, max-snippet:-1, max-image-preview:large, max-video-preview:-1\" \/>\n<link rel=\"canonical\" href=\"https:\/\/ecampusontario.ca\/fr\/workforce-development\/\" \/>\n<meta property=\"og:locale\" content=\"fr_FR\" \/>\n<meta property=\"og:type\" content=\"article\" \/>\n<meta property=\"og:title\" content=\"Formation de la main-d\u2019\u0153uvre\" \/>\n<meta property=\"og:description\" content=\"COLLABORATION Formation de la main-d\u2019\u0153uvre Perfectionnez les comp\u00e9tences de votre \u00e9quipe et faites-la progresser gr\u00e2ce \u00e0 des formations et \u00e0 des stages coop\u00e9ratifs. Accueil Formation de la main-d\u2019\u0153uvre Assurez l\u2019avenir de votre main-d\u2019\u0153uvre. Le perfectionnement et la reconversion des talents aident les entreprises \u00e0 rester comp\u00e9titives. En tirant parti de programmes de formation flexibles et [&hellip;]\" \/>\n<meta property=\"og:url\" content=\"https:\/\/ecampusontario.ca\/fr\/workforce-development\/\" \/>\n<meta property=\"og:site_name\" content=\"eCampusOntario\" \/>\n<meta property=\"article:publisher\" content=\"https:\/\/www.facebook.com\/ecampusontario\/\" \/>\n<meta property=\"article:modified_time\" content=\"2026-03-04T17:52:02+00:00\" \/>\n<meta property=\"og:image\" content=\"https:\/\/ecampusontario.ca\/wp-content\/uploads\/2025\/09\/Collaborate-Workforce-developement.png\" \/>\n\t<meta property=\"og:image:width\" content=\"599\" \/>\n\t<meta property=\"og:image:height\" content=\"409\" \/>\n\t<meta property=\"og:image:type\" content=\"image\/png\" \/>\n<meta name=\"twitter:card\" content=\"summary_large_image\" \/>\n<meta name=\"twitter:site\" content=\"@eCampusOntario\" \/>\n<meta name=\"twitter:label1\" content=\"Dur\u00e9e de lecture estim\u00e9e\" \/>\n\t<meta name=\"twitter:data1\" content=\"3 minutes\" \/>\n<script type=\"application\/ld+json\" class=\"yoast-schema-graph\">{\"@context\":\"https:\\\/\\\/schema.org\",\"@graph\":[{\"@type\":\"WebPage\",\"@id\":\"https:\\\/\\\/ecampusontario.ca\\\/fr\\\/workforce-development\\\/\",\"url\":\"https:\\\/\\\/ecampusontario.ca\\\/fr\\\/workforce-development\\\/\",\"name\":\"Formation de la main-d\u2019\u0153uvre | eCampusOntario\",\"isPartOf\":{\"@id\":\"https:\\\/\\\/ecampusontario.ca\\\/fr\\\/#website\"},\"primaryImageOfPage\":{\"@id\":\"https:\\\/\\\/ecampusontario.ca\\\/fr\\\/workforce-development\\\/#primaryimage\"},\"image\":{\"@id\":\"https:\\\/\\\/ecampusontario.ca\\\/fr\\\/workforce-development\\\/#primaryimage\"},\"thumbnailUrl\":\"https:\\\/\\\/ecampusontario.ca\\\/wp-content\\\/uploads\\\/2025\\\/09\\\/Collaborate-Workforce-developement-300x205.png\",\"datePublished\":\"2025-09-30T16:56:27+00:00\",\"dateModified\":\"2026-03-04T17:52:02+00:00\",\"breadcrumb\":{\"@id\":\"https:\\\/\\\/ecampusontario.ca\\\/fr\\\/workforce-development\\\/#breadcrumb\"},\"inLanguage\":\"fr-FR\",\"potentialAction\":[{\"@type\":\"ReadAction\",\"target\":[\"https:\\\/\\\/ecampusontario.ca\\\/fr\\\/workforce-development\\\/\"]}]},{\"@type\":\"ImageObject\",\"inLanguage\":\"fr-FR\",\"@id\":\"https:\\\/\\\/ecampusontario.ca\\\/fr\\\/workforce-development\\\/#primaryimage\",\"url\":\"https:\\\/\\\/ecampusontario.ca\\\/wp-content\\\/uploads\\\/2025\\\/09\\\/Collaborate-Workforce-developement-300x205.png\",\"contentUrl\":\"https:\\\/\\\/ecampusontario.ca\\\/wp-content\\\/uploads\\\/2025\\\/09\\\/Collaborate-Workforce-developement-300x205.png\"},{\"@type\":\"BreadcrumbList\",\"@id\":\"https:\\\/\\\/ecampusontario.ca\\\/fr\\\/workforce-development\\\/#breadcrumb\",\"itemListElement\":[{\"@type\":\"ListItem\",\"position\":1,\"name\":\"Home\",\"item\":\"https:\\\/\\\/ecampusontario.ca\\\/fr\\\/\"},{\"@type\":\"ListItem\",\"position\":2,\"name\":\"Formation de la main-d\u2019\u0153uvre\"}]},{\"@type\":\"WebSite\",\"@id\":\"https:\\\/\\\/ecampusontario.ca\\\/fr\\\/#website\",\"url\":\"https:\\\/\\\/ecampusontario.ca\\\/fr\\\/\",\"name\":\"eCampusOntario\",\"description\":\"The online hub for learners and educators across Ontario\",\"publisher\":{\"@id\":\"https:\\\/\\\/ecampusontario.ca\\\/fr\\\/#organization\"},\"potentialAction\":[{\"@type\":\"SearchAction\",\"target\":{\"@type\":\"EntryPoint\",\"urlTemplate\":\"https:\\\/\\\/ecampusontario.ca\\\/fr\\\/?s={search_term_string}\"},\"query-input\":{\"@type\":\"PropertyValueSpecification\",\"valueRequired\":true,\"valueName\":\"search_term_string\"}}],\"inLanguage\":\"fr-FR\"},{\"@type\":\"Organization\",\"@id\":\"https:\\\/\\\/ecampusontario.ca\\\/fr\\\/#organization\",\"name\":\"eCampusOntario\",\"url\":\"https:\\\/\\\/ecampusontario.ca\\\/fr\\\/\",\"logo\":{\"@type\":\"ImageObject\",\"inLanguage\":\"fr-FR\",\"@id\":\"https:\\\/\\\/ecampusontario.ca\\\/fr\\\/#\\\/schema\\\/logo\\\/image\\\/\",\"url\":\"https:\\\/\\\/ecampusontario.ca\\\/wp-content\\\/uploads\\\/2018\\\/11\\\/ecampus-e-icon-1.png\",\"contentUrl\":\"https:\\\/\\\/ecampusontario.ca\\\/wp-content\\\/uploads\\\/2018\\\/11\\\/ecampus-e-icon-1.png\",\"width\":720,\"height\":325,\"caption\":\"eCampusOntario\"},\"image\":{\"@id\":\"https:\\\/\\\/ecampusontario.ca\\\/fr\\\/#\\\/schema\\\/logo\\\/image\\\/\"},\"sameAs\":[\"https:\\\/\\\/www.facebook.com\\\/ecampusontario\\\/\",\"https:\\\/\\\/x.com\\\/eCampusOntario\"]}]}<\/script>\n<!-- \/ Yoast SEO Premium plugin. -->","yoast_head_json":{"title":"Formation de la main-d\u2019\u0153uvre | eCampusOntario","robots":{"index":"index","follow":"follow","max-snippet":"max-snippet:-1","max-image-preview":"max-image-preview:large","max-video-preview":"max-video-preview:-1"},"canonical":"https:\/\/ecampusontario.ca\/fr\/workforce-development\/","og_locale":"fr_FR","og_type":"article","og_title":"Formation de la main-d\u2019\u0153uvre","og_description":"COLLABORATION Formation de la main-d\u2019\u0153uvre Perfectionnez les comp\u00e9tences de votre \u00e9quipe et faites-la progresser gr\u00e2ce \u00e0 des formations et \u00e0 des stages coop\u00e9ratifs. Accueil Formation de la main-d\u2019\u0153uvre Assurez l\u2019avenir de votre main-d\u2019\u0153uvre. Le perfectionnement et la reconversion des talents aident les entreprises \u00e0 rester comp\u00e9titives. En tirant parti de programmes de formation flexibles et [&hellip;]","og_url":"https:\/\/ecampusontario.ca\/fr\/workforce-development\/","og_site_name":"eCampusOntario","article_publisher":"https:\/\/www.facebook.com\/ecampusontario\/","article_modified_time":"2026-03-04T17:52:02+00:00","og_image":[{"width":599,"height":409,"url":"https:\/\/ecampusontario.ca\/wp-content\/uploads\/2025\/09\/Collaborate-Workforce-developement.png","type":"image\/png"}],"twitter_card":"summary_large_image","twitter_site":"@eCampusOntario","twitter_misc":{"Dur\u00e9e de lecture estim\u00e9e":"3 minutes"},"schema":{"@context":"https:\/\/schema.org","@graph":[{"@type":"WebPage","@id":"https:\/\/ecampusontario.ca\/fr\/workforce-development\/","url":"https:\/\/ecampusontario.ca\/fr\/workforce-development\/","name":"Formation de la main-d\u2019\u0153uvre | eCampusOntario","isPartOf":{"@id":"https:\/\/ecampusontario.ca\/fr\/#website"},"primaryImageOfPage":{"@id":"https:\/\/ecampusontario.ca\/fr\/workforce-development\/#primaryimage"},"image":{"@id":"https:\/\/ecampusontario.ca\/fr\/workforce-development\/#primaryimage"},"thumbnailUrl":"https:\/\/ecampusontario.ca\/wp-content\/uploads\/2025\/09\/Collaborate-Workforce-developement-300x205.png","datePublished":"2025-09-30T16:56:27+00:00","dateModified":"2026-03-04T17:52:02+00:00","breadcrumb":{"@id":"https:\/\/ecampusontario.ca\/fr\/workforce-development\/#breadcrumb"},"inLanguage":"fr-FR","potentialAction":[{"@type":"ReadAction","target":["https:\/\/ecampusontario.ca\/fr\/workforce-development\/"]}]},{"@type":"ImageObject","inLanguage":"fr-FR","@id":"https:\/\/ecampusontario.ca\/fr\/workforce-development\/#primaryimage","url":"https:\/\/ecampusontario.ca\/wp-content\/uploads\/2025\/09\/Collaborate-Workforce-developement-300x205.png","contentUrl":"https:\/\/ecampusontario.ca\/wp-content\/uploads\/2025\/09\/Collaborate-Workforce-developement-300x205.png"},{"@type":"BreadcrumbList","@id":"https:\/\/ecampusontario.ca\/fr\/workforce-development\/#breadcrumb","itemListElement":[{"@type":"ListItem","position":1,"name":"Home","item":"https:\/\/ecampusontario.ca\/fr\/"},{"@type":"ListItem","position":2,"name":"Formation de la main-d\u2019\u0153uvre"}]},{"@type":"WebSite","@id":"https:\/\/ecampusontario.ca\/fr\/#website","url":"https:\/\/ecampusontario.ca\/fr\/","name":"eCampusOntario","description":"The online hub for learners and educators across Ontario","publisher":{"@id":"https:\/\/ecampusontario.ca\/fr\/#organization"},"potentialAction":[{"@type":"SearchAction","target":{"@type":"EntryPoint","urlTemplate":"https:\/\/ecampusontario.ca\/fr\/?s={search_term_string}"},"query-input":{"@type":"PropertyValueSpecification","valueRequired":true,"valueName":"search_term_string"}}],"inLanguage":"fr-FR"},{"@type":"Organization","@id":"https:\/\/ecampusontario.ca\/fr\/#organization","name":"eCampusOntario","url":"https:\/\/ecampusontario.ca\/fr\/","logo":{"@type":"ImageObject","inLanguage":"fr-FR","@id":"https:\/\/ecampusontario.ca\/fr\/#\/schema\/logo\/image\/","url":"https:\/\/ecampusontario.ca\/wp-content\/uploads\/2018\/11\/ecampus-e-icon-1.png","contentUrl":"https:\/\/ecampusontario.ca\/wp-content\/uploads\/2018\/11\/ecampus-e-icon-1.png","width":720,"height":325,"caption":"eCampusOntario"},"image":{"@id":"https:\/\/ecampusontario.ca\/fr\/#\/schema\/logo\/image\/"},"sameAs":["https:\/\/www.facebook.com\/ecampusontario\/","https:\/\/x.com\/eCampusOntario"]}]}},"_links":{"self":[{"href":"https:\/\/ecampusontario.ca\/fr\/wp-json\/wp\/v2\/pages\/39448","targetHints":{"allow":["GET"]}}],"collection":[{"href":"https:\/\/ecampusontario.ca\/fr\/wp-json\/wp\/v2\/pages"}],"about":[{"href":"https:\/\/ecampusontario.ca\/fr\/wp-json\/wp\/v2\/types\/page"}],"author":[{"embeddable":true,"href":"https:\/\/ecampusontario.ca\/fr\/wp-json\/wp\/v2\/users\/18"}],"replies":[{"embeddable":true,"href":"https:\/\/ecampusontario.ca\/fr\/wp-json\/wp\/v2\/comments?post=39448"}],"version-history":[{"count":24,"href":"https:\/\/ecampusontario.ca\/fr\/wp-json\/wp\/v2\/pages\/39448\/revisions"}],"predecessor-version":[{"id":43661,"href":"https:\/\/ecampusontario.ca\/fr\/wp-json\/wp\/v2\/pages\/39448\/revisions\/43661"}],"wp:attachment":[{"href":"https:\/\/ecampusontario.ca\/fr\/wp-json\/wp\/v2\/media?parent=39448"}],"wp:term":[{"taxonomy":"category","embeddable":true,"href":"https:\/\/ecampusontario.ca\/fr\/wp-json\/wp\/v2\/categories?post=39448"},{"taxonomy":"post_tag","embeddable":true,"href":"https:\/\/ecampusontario.ca\/fr\/wp-json\/wp\/v2\/tags?post=39448"}],"curies":[{"name":"wp","href":"https:\/\/api.w.org\/{rel}","templated":true}]}}