
{"id":39441,"date":"2025-09-29T14:13:06","date_gmt":"2025-09-29T18:13:06","guid":{"rendered":"https:\/\/ecampusontario.ca\/student-supports\/"},"modified":"2026-04-09T16:37:03","modified_gmt":"2026-04-09T20:37:03","slug":"student-supports","status":"publish","type":"page","link":"https:\/\/ecampusontario.ca\/fr\/student-supports\/","title":{"rendered":"Aide aux personnes apprenantes"},"content":{"rendered":"\n<header class=\"wp-block-group has-light-tangerine-background-color has-background is-layout-constrained wp-block-group-is-layout-constrained\">\n<div class=\"wp-block-columns eco-gap-20 eco-padding-horizontal-4rem is-layout-flex wp-container-core-columns-is-layout-9d6595d7 wp-block-columns-is-layout-flex\">\n<div class=\"wp-block-column align-vertical-center is-layout-flow wp-block-column-is-layout-flow\">\n<p class=\"has-medium-font-size\"><strong>APPRENTISSAGE<\/strong><\/p>\n\n\n\n<h1 class=\"wp-block-heading\" id=\"h-aide-aux-personnes-apprenantes\">Aide aux personnes apprenantes<\/h1>\n\n\n\n<p>Ressources pour les apprenant\u00b7es de tous horizons<\/p>\n<\/div>\n\n\n\n<div class=\"wp-block-column d-flex  is-layout-flow wp-block-column-is-layout-flow\">\n<figure class=\"wp-block-image aligncenter size-medium d-flex align-vertical-center\"><img loading=\"lazy\" decoding=\"async\" width=\"300\" height=\"205\" src=\"https:\/\/ecampusontario.ca\/wp-content\/uploads\/2025\/10\/Learn-Student-Supports-300x205.png\" alt=\"\" class=\"wp-image-39024\" srcset=\"https:\/\/ecampusontario.ca\/wp-content\/uploads\/2025\/10\/Learn-Student-Supports-300x205.png 300w, https:\/\/ecampusontario.ca\/wp-content\/uploads\/2025\/10\/Learn-Student-Supports.png 599w\" sizes=\"auto, (max-width: 300px) 100vw, 300px\" \/><\/figure>\n<\/div>\n<\/div>\n<\/header>\n\n\n\n<div class=\"wp-block-group eco-no-padding-horizontal eco-no-padding-vertical is-layout-constrained wp-block-group-is-layout-constrained\">\n<div class=\"wp-block-ecampusontario-eco-breadcrumbs\">\n\t<nav class=\"eco-breadcrumbs\" aria-label=\"Breadcrumbs\"><ol><li><a href=\"\/fr\/\">Accueil<\/a><\/li><li class=\"eco-breacrumb-current\">Aide aux personnes apprenantes\n<\/li><\/ol><\/nav><\/div>\n<\/div>\n\n\n\n<style>\n.auto-card-grid {\n  display: grid !important;\n  grid-template-columns: repeat(auto-fill, minmax(320px, 1fr)) !important;\n  gap: 2rem !important;\n  flex-wrap: unset !important;\n}\n\n.auto-card-grid > .wp-block-column {\n  width: unset !important;\n  flex-basis: unset !important;\n  flex-grow: unset !important;\n  min-width: unset !important;\n  min-height: 433.2px !important;\n  box-sizing: border-box !important;\n}\n\n.auto-card-grid > .wp-block-column h3 {\n  min-height: 2.5em;\n}\n\n@media (max-width: 781px) {\n  .auto-card-grid {\n    grid-template-columns: 1fr !important;\n  }\n\n  .auto-card-grid > .wp-block-column {\n    min-height: unset !important;\n  }\n}\n<\/style>\n\n\n\n<div class=\"wp-block-group is-layout-constrained wp-block-group-is-layout-constrained\">\n<div class=\"wp-block-columns auto-card-grid is-layout-flex wp-container-core-columns-is-layout-9d6595d7 wp-block-columns-is-layout-flex\">\n<div class=\"wp-block-column eco-border-tang eco-padding-horizontal eco-padding-vertical has-light-tangerine-background-color has-background is-layout-flow wp-block-column-is-layout-flow\">\n<figure class=\"wp-block-image size-full is-resized\"><img loading=\"lazy\" decoding=\"async\" width=\"32\" height=\"24\" src=\"https:\/\/ecampusontario.ca\/wp-content\/uploads\/2025\/09\/Vector-1.png\" alt=\"\" class=\"wp-image-38882\" style=\"width:20px\"\/><\/figure>\n\n\n\n<h2 class=\"wp-block-heading\" id=\"h-exploitez-votre-potentiel\">Exploitez votre potentiel.<\/h2>\n\n\n\n<p>Que ce soit en profitant d&rsquo;occasions d&rsquo;apprentissage ou de conseils en orientation professionnelle, les apprenant\u00b7es de tous horizons peuvent poursuivre leur d\u00e9veloppement personnel, acqu\u00e9rir de nouvelles comp\u00e9tences et progresser dans leur carri\u00e8re afin de s&rsquo;\u00e9panouir sur un march\u00e9 du travail en constante \u00e9volution aujourd&rsquo;hui.<\/p>\n<\/div>\n\n\n\n<div class=\"wp-block-column d-flex flex-col border-1px eco-padding-horizontal eco-padding-vertical is-layout-flow wp-block-column-is-layout-flow\">\n<figure class=\"wp-block-image size-full is-resized\"><img loading=\"lazy\" decoding=\"async\" width=\"145\" height=\"159\" src=\"https:\/\/ecampusontario.ca\/wp-content\/uploads\/2021\/05\/BrandAssets-e-icon.png\" alt=\"\" class=\"wp-image-15901\" style=\"width:auto;height:75px\"\/><\/figure>\n\n\n\n<h3 class=\"wp-block-heading\" id=\"h-ressources-de-soutien-a-la-population-etudiante\">Ressources de soutien \u00e0 la population \u00e9tudiante<\/h3>\n\n\n\n<p class=\"capsule\">Ressources<\/p>\n\n\n\n<p>Notre vaste gamme de ressources et de mat\u00e9riels d&rsquo;\u00e9ducation libre offre des opportunit\u00e9s d&rsquo;apprentissage s\u00e9lectionn\u00e9es et des conseils de carri\u00e8re, permettant aux personnes apprenantes de tous horizons de poursuivre et d&rsquo;atteindre leurs objectifs.<\/p>\n\n\n\n<div class=\"wp-block-buttons eco-margin-top-auto is-layout-flex wp-block-buttons-is-layout-flex\">\n<div class=\"wp-block-button eco-button-outlined-tangerine\"><a class=\"wp-block-button__link wp-element-button\" href=\"\/fr\/ressources-de-soutien-a-la-population-etudiante\/\" target=\"_self\" rel=\"noreferrer noopener\" aria-label=\"En savoir plus sur les ressources de soutien \u00e0 la population \u00e9tudiante\">En savoir plus<\/a><\/div>\n<\/div>\n<\/div>\n\n\n\n<div class=\"wp-block-column d-flex flex-col border-1px eco-padding-horizontal eco-padding-vertical is-layout-flow wp-block-column-is-layout-flow\">\n<figure class=\"wp-block-image size-large is-resized\"><img decoding=\"async\" src=\"https:\/\/rc-learnonline.ecampusontario.ca\/wp-content\/themes\/eco-learn-online-portal\/assets\/images\/learn-online-portal-logo-fr.svg\" alt=\"\" style=\"width:auto;height:75px\"\/><\/figure>\n\n\n\n<h3 class=\"wp-block-heading\" id=\"h-portail-apprendre-en-ligne\">Portail Apprendre en ligne<\/h3>\n\n\n\n<p class=\"capsule\">Cours en ligne<\/p>\n\n\n\n<p>Acc\u00e9dez \u00e0 des milliers de cours et de programmes en ligne offerts par des coll\u00e8ges, universit\u00e9s et \u00e9tablissements autochtones publics de l&rsquo;Ontario.<\/p>\n\n\n\n<div class=\"wp-block-buttons eco-margin-top-auto is-layout-flex wp-block-buttons-is-layout-flex\">\n<div class=\"wp-block-button eco-button-outlined-tangerine\"><a class=\"wp-block-button__link wp-element-button\" href=\"https:\/\/learnonline.ecampusontario.ca\/fr\/\" target=\"_blank\" rel=\"noreferrer noopener\" aria-label=\"En savoir plus Portail Apprendre en ligne (s'ouvre dans un nouvel onglet)\">En savoir plus<\/a><\/div>\n<\/div>\n<\/div>\n\n\n\n<div class=\"wp-block-column d-flex flex-col border-1px eco-padding-horizontal eco-padding-vertical is-layout-flow wp-block-column-is-layout-flow\">\n<figure class=\"wp-block-image size-full is-resized\"><img loading=\"lazy\" decoding=\"async\" width=\"172\" height=\"91\" src=\"https:\/\/ecampusontario.ca\/wp-content\/uploads\/2025\/09\/Open-Library-Logo.png\" alt=\"\" class=\"wp-image-38913\" style=\"width:auto;height:75px\"\/><\/figure>\n\n\n\n<h3 class=\"wp-block-heading wp-block-post-title\" id=\"h-bibliotheque-libre\">Biblioth\u00e8que libre<\/h3>\n\n\n\n<p class=\"capsule\">Ressources \u00e9ducatives libres (REL)<\/p>\n\n\n\n<p>Acc\u00e9dez \u00e0 plus de 1&nbsp;900&nbsp;ressources \u00e9ducatives gratuites et sous licence libre.<\/p>\n\n\n\n<div class=\"wp-block-buttons eco-margin-top-auto is-vertical is-layout-flex wp-container-core-buttons-is-layout-8cf370e7 wp-block-buttons-is-layout-flex\">\n<div class=\"wp-block-button eco-button-outlined-tangerine\"><a class=\"wp-block-button__link wp-element-button\" href=\"https:\/\/openlibrary.ecampusontario.ca\/fr\/\" target=\"_blank\" rel=\"noreferrer noopener\" aria-label=\"En savoir plus Portail Biblioth\u00e8que libre (s'ouvre dans un nouvel onglet)\">En savoir plus<\/a><\/div>\n<\/div>\n<\/div>\n\n\n\n<div class=\"wp-block-column d-flex flex-col border-1px eco-padding-horizontal eco-padding-vertical is-layout-flow wp-block-column-is-layout-flow\">\n<figure class=\"wp-block-image size-full is-resized\"><img loading=\"lazy\" decoding=\"async\" width=\"217\" height=\"109\" src=\"https:\/\/ecampusontario.ca\/wp-content\/uploads\/2025\/11\/Screenshot-2025-11-27-at-5.03.16-PM.png\" alt=\"\" class=\"wp-image-40378\" style=\"width:auto;height:75px\"\/><\/figure>\n\n\n\n<h3 class=\"wp-block-heading\" id=\"h-etudier-en-ontario-canada\">\u00c9tudier en Ontario &#8211; Canada<\/h3>\n\n\n\n<p class=\"capsule\">Ressources<\/p>\n\n\n\n<p>D\u00e9couvrez des possibilit\u00e9s illimit\u00e9es en Ontario.<\/p>\n\n\n\n<div class=\"wp-block-buttons eco-margin-top-auto is-layout-flex wp-block-buttons-is-layout-flex\">\n<div class=\"wp-block-button eco-button-outlined-tangerine\"><a class=\"wp-block-button__link wp-element-button\" href=\"https:\/\/educationontario.com\/fr\/\" target=\"_blank\" rel=\"noreferrer noopener\" aria-label=\"En savoir plus Study Ontario(s'ouvre dans un nouvel onglet) \">En savoir plus<\/a><\/div>\n<\/div>\n<\/div>\n\n\n\n<div class=\"wp-block-column d-flex flex-col border-1px eco-padding-horizontal eco-padding-vertical is-layout-flow wp-block-column-is-layout-flow\">\n<figure class=\"wp-block-image size-full is-resized\"><img loading=\"lazy\" decoding=\"async\" width=\"145\" height=\"159\" src=\"https:\/\/ecampusontario.ca\/wp-content\/uploads\/2021\/05\/BrandAssets-e-icon.png\" alt=\"\" class=\"wp-image-15901\" style=\"width:auto;height:75px\"\/><\/figure>\n\n\n\n<h3 class=\"wp-block-heading wp-block-post-title\" id=\"h-portefeuille-de-titres-de-competences-numeriques\">Portefeuille de titres de comp\u00e9tences num\u00e9riques<\/h3>\n\n\n\n<p class=\"capsule\">Titres de comp\u00e9tence<\/p>\n\n\n\n<p>Une plateforme s\u00e9curis\u00e9e pour un acc\u00e8s \u00e0 vie \u00e0 vos titres de comp\u00e9tences num\u00e9riques.<\/p>\n\n\n\n<div class=\"wp-block-buttons eco-margin-top-auto is-vertical is-layout-flex wp-container-core-buttons-is-layout-8cf370e7 wp-block-buttons-is-layout-flex\">\n<div class=\"wp-block-button eco-button-outlined-tangerine\"><a class=\"wp-block-button__link wp-element-button\" href=\"https:\/\/credentials-wallet.ecampusontario.ca\/welcome\" target=\"_blank\" rel=\"noreferrer noopener\" aria-label=\"En savoir plus Portefeuille de titres de comp\u00e9tences num\u00e9riques (s'ouvre dans un nouvel onglet)\">En savoir plus<\/a><\/div>\n<\/div>\n<\/div>\n\n\n\n<div class=\"wp-block-column d-flex flex-col border-1px eco-padding-horizontal eco-padding-vertical is-layout-flow wp-block-column-is-layout-flow\">\n<figure class=\"wp-block-image size-full is-resized\"><img loading=\"lazy\" decoding=\"async\" width=\"145\" height=\"159\" src=\"https:\/\/ecampusontario.ca\/wp-content\/uploads\/2021\/05\/BrandAssets-e-icon.png\" alt=\"\" class=\"wp-image-15901\" style=\"width:auto;height:75px\"\/><\/figure>\n\n\n\n<h3 class=\"wp-block-heading wp-block-post-title\" id=\"h-ressources-en-accessibilite-numerique\">Ressources en accessibilit\u00e9 num\u00e9rique<\/h3>\n\n\n\n<p class=\"capsule\">Ressources<\/p>\n\n\n\n<p>Lignes directrices et pratiques exemplaires pour l&rsquo;adoption, le d\u00e9veloppement et l&rsquo;acquisition de contenus et technologies num\u00e9riques accessibles.<\/p>\n\n\n\n<div class=\"wp-block-buttons eco-margin-top-auto is-vertical is-layout-flex wp-container-core-buttons-is-layout-8cf370e7 wp-block-buttons-is-layout-flex\">\n<div class=\"wp-block-button eco-button-outlined-tangerine\"><a class=\"wp-block-button__link wp-element-button\" href=\"https:\/\/accessibility.ecampusontario.ca\/fr\/\" target=\"_blank\" rel=\"noreferrer noopener\" aria-label=\"En savoir plus Portail Ressources en accessibilit\u00e9 num\u00e9rique (s'ouvre dans un nouvel onglet)\">En savoir plus<\/a><\/div>\n<\/div>\n<\/div>\n<\/div>\n<\/div>\n\n\n\n<div class=\"wp-block-group eco-padding-vertical has-background is-layout-constrained wp-block-group-is-layout-constrained\" style=\"background-color:#edeaea\">\n<h2 class=\"wp-block-heading has-text-align-center eco-padding-top\" id=\"h-vous-ne-trouvez-pas-ce-dont-vous-avez-besoin\">Vous ne trouvez pas ce dont vous avez besoin?<\/h2>\n\n\n\n<div class=\"wp-block-buttons eco-padding-bottom is-content-justification-center is-layout-flex wp-container-core-buttons-is-layout-16018d1d wp-block-buttons-is-layout-flex\">\n<div class=\"wp-block-button eco-button-tangerine\"><a class=\"wp-block-button__link has-text-align-center wp-element-button\" href=\"https:\/\/ecampusontario.ca\/fr\/contact-us\/\">Nous joindre<\/a><\/div>\n<\/div>\n<\/div>\n\n\n\n<p><\/p>\n","protected":false},"excerpt":{"rendered":"<p>APPRENTISSAGE Aide aux personnes apprenantes Ressources pour les apprenant\u00b7es de tous horizons Accueil Aide aux personnes apprenantes Exploitez votre potentiel. Que ce soit en profitant d&rsquo;occasions d&rsquo;apprentissage ou de conseils en orientation professionnelle, les apprenant\u00b7es de tous horizons peuvent poursuivre leur d\u00e9veloppement personnel, acqu\u00e9rir de nouvelles comp\u00e9tences et progresser dans leur carri\u00e8re afin de s&rsquo;\u00e9panouir [&hellip;]<\/p>\n","protected":false},"author":18,"featured_media":37862,"parent":0,"menu_order":0,"comment_status":"closed","ping_status":"closed","template":"www-home-page","meta":{"_acf_changed":false,"footnotes":""},"categories":[],"tags":[],"class_list":["post-39441","page","type-page","status-publish","has-post-thumbnail","hentry"],"acf":[],"yoast_head":"<!-- This site is optimized with the Yoast SEO Premium plugin v27.4 (Yoast SEO v27.4) - https:\/\/yoast.com\/product\/yoast-seo-premium-wordpress\/ -->\n<title>Aide aux personnes apprenantes | eCampusOntario<\/title>\n<meta name=\"robots\" content=\"index, follow, max-snippet:-1, max-image-preview:large, max-video-preview:-1\" \/>\n<link rel=\"canonical\" href=\"https:\/\/ecampusontario.ca\/fr\/student-supports\/\" \/>\n<meta property=\"og:locale\" content=\"fr_FR\" \/>\n<meta property=\"og:type\" content=\"article\" \/>\n<meta property=\"og:title\" content=\"Aide aux personnes apprenantes\" \/>\n<meta property=\"og:description\" content=\"APPRENTISSAGE Aide aux personnes apprenantes Ressources pour les apprenant\u00b7es de tous horizons Accueil Aide aux personnes apprenantes Exploitez votre potentiel. Que ce soit en profitant d&rsquo;occasions d&rsquo;apprentissage ou de conseils en orientation professionnelle, les apprenant\u00b7es de tous horizons peuvent poursuivre leur d\u00e9veloppement personnel, acqu\u00e9rir de nouvelles comp\u00e9tences et progresser dans leur carri\u00e8re afin de s&rsquo;\u00e9panouir [&hellip;]\" \/>\n<meta property=\"og:url\" content=\"https:\/\/ecampusontario.ca\/fr\/student-supports\/\" \/>\n<meta property=\"og:site_name\" content=\"eCampusOntario\" \/>\n<meta property=\"article:publisher\" content=\"https:\/\/www.facebook.com\/ecampusontario\/\" \/>\n<meta property=\"article:modified_time\" content=\"2026-04-09T20:37:03+00:00\" \/>\n<meta property=\"og:image\" content=\"https:\/\/ecampusontario.ca\/wp-content\/uploads\/2025\/07\/banner-img.png\" \/>\n\t<meta property=\"og:image:width\" content=\"598\" \/>\n\t<meta property=\"og:image:height\" content=\"368\" \/>\n\t<meta property=\"og:image:type\" content=\"image\/png\" \/>\n<meta name=\"twitter:card\" content=\"summary_large_image\" \/>\n<meta name=\"twitter:site\" content=\"@eCampusOntario\" \/>\n<meta name=\"twitter:label1\" content=\"Dur\u00e9e de lecture estim\u00e9e\" \/>\n\t<meta name=\"twitter:data1\" content=\"3 minutes\" \/>\n<script type=\"application\/ld+json\" class=\"yoast-schema-graph\">{\"@context\":\"https:\\\/\\\/schema.org\",\"@graph\":[{\"@type\":\"WebPage\",\"@id\":\"https:\\\/\\\/ecampusontario.ca\\\/fr\\\/student-supports\\\/\",\"url\":\"https:\\\/\\\/ecampusontario.ca\\\/fr\\\/student-supports\\\/\",\"name\":\"Aide aux personnes apprenantes | eCampusOntario\",\"isPartOf\":{\"@id\":\"https:\\\/\\\/ecampusontario.ca\\\/fr\\\/#website\"},\"primaryImageOfPage\":{\"@id\":\"https:\\\/\\\/ecampusontario.ca\\\/fr\\\/student-supports\\\/#primaryimage\"},\"image\":{\"@id\":\"https:\\\/\\\/ecampusontario.ca\\\/fr\\\/student-supports\\\/#primaryimage\"},\"thumbnailUrl\":\"https:\\\/\\\/ecampusontario.ca\\\/wp-content\\\/uploads\\\/2025\\\/07\\\/banner-img.png\",\"datePublished\":\"2025-09-29T18:13:06+00:00\",\"dateModified\":\"2026-04-09T20:37:03+00:00\",\"breadcrumb\":{\"@id\":\"https:\\\/\\\/ecampusontario.ca\\\/fr\\\/student-supports\\\/#breadcrumb\"},\"inLanguage\":\"fr-FR\",\"potentialAction\":[{\"@type\":\"ReadAction\",\"target\":[\"https:\\\/\\\/ecampusontario.ca\\\/fr\\\/student-supports\\\/\"]}]},{\"@type\":\"ImageObject\",\"inLanguage\":\"fr-FR\",\"@id\":\"https:\\\/\\\/ecampusontario.ca\\\/fr\\\/student-supports\\\/#primaryimage\",\"url\":\"https:\\\/\\\/ecampusontario.ca\\\/wp-content\\\/uploads\\\/2025\\\/07\\\/banner-img.png\",\"contentUrl\":\"https:\\\/\\\/ecampusontario.ca\\\/wp-content\\\/uploads\\\/2025\\\/07\\\/banner-img.png\",\"width\":598,\"height\":368},{\"@type\":\"BreadcrumbList\",\"@id\":\"https:\\\/\\\/ecampusontario.ca\\\/fr\\\/student-supports\\\/#breadcrumb\",\"itemListElement\":[{\"@type\":\"ListItem\",\"position\":1,\"name\":\"Home\",\"item\":\"https:\\\/\\\/ecampusontario.ca\\\/fr\\\/\"},{\"@type\":\"ListItem\",\"position\":2,\"name\":\"Aide aux personnes apprenantes\"}]},{\"@type\":\"WebSite\",\"@id\":\"https:\\\/\\\/ecampusontario.ca\\\/fr\\\/#website\",\"url\":\"https:\\\/\\\/ecampusontario.ca\\\/fr\\\/\",\"name\":\"eCampusOntario\",\"description\":\"The online hub for learners and educators across Ontario\",\"publisher\":{\"@id\":\"https:\\\/\\\/ecampusontario.ca\\\/fr\\\/#organization\"},\"potentialAction\":[{\"@type\":\"SearchAction\",\"target\":{\"@type\":\"EntryPoint\",\"urlTemplate\":\"https:\\\/\\\/ecampusontario.ca\\\/fr\\\/?s={search_term_string}\"},\"query-input\":{\"@type\":\"PropertyValueSpecification\",\"valueRequired\":true,\"valueName\":\"search_term_string\"}}],\"inLanguage\":\"fr-FR\"},{\"@type\":\"Organization\",\"@id\":\"https:\\\/\\\/ecampusontario.ca\\\/fr\\\/#organization\",\"name\":\"eCampusOntario\",\"url\":\"https:\\\/\\\/ecampusontario.ca\\\/fr\\\/\",\"logo\":{\"@type\":\"ImageObject\",\"inLanguage\":\"fr-FR\",\"@id\":\"https:\\\/\\\/ecampusontario.ca\\\/fr\\\/#\\\/schema\\\/logo\\\/image\\\/\",\"url\":\"https:\\\/\\\/ecampusontario.ca\\\/wp-content\\\/uploads\\\/2018\\\/11\\\/ecampus-e-icon-1.png\",\"contentUrl\":\"https:\\\/\\\/ecampusontario.ca\\\/wp-content\\\/uploads\\\/2018\\\/11\\\/ecampus-e-icon-1.png\",\"width\":720,\"height\":325,\"caption\":\"eCampusOntario\"},\"image\":{\"@id\":\"https:\\\/\\\/ecampusontario.ca\\\/fr\\\/#\\\/schema\\\/logo\\\/image\\\/\"},\"sameAs\":[\"https:\\\/\\\/www.facebook.com\\\/ecampusontario\\\/\",\"https:\\\/\\\/x.com\\\/eCampusOntario\"]}]}<\/script>\n<!-- \/ Yoast SEO Premium plugin. -->","yoast_head_json":{"title":"Aide aux personnes apprenantes | eCampusOntario","robots":{"index":"index","follow":"follow","max-snippet":"max-snippet:-1","max-image-preview":"max-image-preview:large","max-video-preview":"max-video-preview:-1"},"canonical":"https:\/\/ecampusontario.ca\/fr\/student-supports\/","og_locale":"fr_FR","og_type":"article","og_title":"Aide aux personnes apprenantes","og_description":"APPRENTISSAGE Aide aux personnes apprenantes Ressources pour les apprenant\u00b7es de tous horizons Accueil Aide aux personnes apprenantes Exploitez votre potentiel. Que ce soit en profitant d&rsquo;occasions d&rsquo;apprentissage ou de conseils en orientation professionnelle, les apprenant\u00b7es de tous horizons peuvent poursuivre leur d\u00e9veloppement personnel, acqu\u00e9rir de nouvelles comp\u00e9tences et progresser dans leur carri\u00e8re afin de s&rsquo;\u00e9panouir [&hellip;]","og_url":"https:\/\/ecampusontario.ca\/fr\/student-supports\/","og_site_name":"eCampusOntario","article_publisher":"https:\/\/www.facebook.com\/ecampusontario\/","article_modified_time":"2026-04-09T20:37:03+00:00","og_image":[{"width":598,"height":368,"url":"https:\/\/ecampusontario.ca\/wp-content\/uploads\/2025\/07\/banner-img.png","type":"image\/png"}],"twitter_card":"summary_large_image","twitter_site":"@eCampusOntario","twitter_misc":{"Dur\u00e9e de lecture estim\u00e9e":"3 minutes"},"schema":{"@context":"https:\/\/schema.org","@graph":[{"@type":"WebPage","@id":"https:\/\/ecampusontario.ca\/fr\/student-supports\/","url":"https:\/\/ecampusontario.ca\/fr\/student-supports\/","name":"Aide aux personnes apprenantes | eCampusOntario","isPartOf":{"@id":"https:\/\/ecampusontario.ca\/fr\/#website"},"primaryImageOfPage":{"@id":"https:\/\/ecampusontario.ca\/fr\/student-supports\/#primaryimage"},"image":{"@id":"https:\/\/ecampusontario.ca\/fr\/student-supports\/#primaryimage"},"thumbnailUrl":"https:\/\/ecampusontario.ca\/wp-content\/uploads\/2025\/07\/banner-img.png","datePublished":"2025-09-29T18:13:06+00:00","dateModified":"2026-04-09T20:37:03+00:00","breadcrumb":{"@id":"https:\/\/ecampusontario.ca\/fr\/student-supports\/#breadcrumb"},"inLanguage":"fr-FR","potentialAction":[{"@type":"ReadAction","target":["https:\/\/ecampusontario.ca\/fr\/student-supports\/"]}]},{"@type":"ImageObject","inLanguage":"fr-FR","@id":"https:\/\/ecampusontario.ca\/fr\/student-supports\/#primaryimage","url":"https:\/\/ecampusontario.ca\/wp-content\/uploads\/2025\/07\/banner-img.png","contentUrl":"https:\/\/ecampusontario.ca\/wp-content\/uploads\/2025\/07\/banner-img.png","width":598,"height":368},{"@type":"BreadcrumbList","@id":"https:\/\/ecampusontario.ca\/fr\/student-supports\/#breadcrumb","itemListElement":[{"@type":"ListItem","position":1,"name":"Home","item":"https:\/\/ecampusontario.ca\/fr\/"},{"@type":"ListItem","position":2,"name":"Aide aux personnes apprenantes"}]},{"@type":"WebSite","@id":"https:\/\/ecampusontario.ca\/fr\/#website","url":"https:\/\/ecampusontario.ca\/fr\/","name":"eCampusOntario","description":"The online hub for learners and educators across Ontario","publisher":{"@id":"https:\/\/ecampusontario.ca\/fr\/#organization"},"potentialAction":[{"@type":"SearchAction","target":{"@type":"EntryPoint","urlTemplate":"https:\/\/ecampusontario.ca\/fr\/?s={search_term_string}"},"query-input":{"@type":"PropertyValueSpecification","valueRequired":true,"valueName":"search_term_string"}}],"inLanguage":"fr-FR"},{"@type":"Organization","@id":"https:\/\/ecampusontario.ca\/fr\/#organization","name":"eCampusOntario","url":"https:\/\/ecampusontario.ca\/fr\/","logo":{"@type":"ImageObject","inLanguage":"fr-FR","@id":"https:\/\/ecampusontario.ca\/fr\/#\/schema\/logo\/image\/","url":"https:\/\/ecampusontario.ca\/wp-content\/uploads\/2018\/11\/ecampus-e-icon-1.png","contentUrl":"https:\/\/ecampusontario.ca\/wp-content\/uploads\/2018\/11\/ecampus-e-icon-1.png","width":720,"height":325,"caption":"eCampusOntario"},"image":{"@id":"https:\/\/ecampusontario.ca\/fr\/#\/schema\/logo\/image\/"},"sameAs":["https:\/\/www.facebook.com\/ecampusontario\/","https:\/\/x.com\/eCampusOntario"]}]}},"_links":{"self":[{"href":"https:\/\/ecampusontario.ca\/fr\/wp-json\/wp\/v2\/pages\/39441","targetHints":{"allow":["GET"]}}],"collection":[{"href":"https:\/\/ecampusontario.ca\/fr\/wp-json\/wp\/v2\/pages"}],"about":[{"href":"https:\/\/ecampusontario.ca\/fr\/wp-json\/wp\/v2\/types\/page"}],"author":[{"embeddable":true,"href":"https:\/\/ecampusontario.ca\/fr\/wp-json\/wp\/v2\/users\/18"}],"replies":[{"embeddable":true,"href":"https:\/\/ecampusontario.ca\/fr\/wp-json\/wp\/v2\/comments?post=39441"}],"version-history":[{"count":26,"href":"https:\/\/ecampusontario.ca\/fr\/wp-json\/wp\/v2\/pages\/39441\/revisions"}],"predecessor-version":[{"id":43978,"href":"https:\/\/ecampusontario.ca\/fr\/wp-json\/wp\/v2\/pages\/39441\/revisions\/43978"}],"wp:featuredmedia":[{"embeddable":true,"href":"https:\/\/ecampusontario.ca\/fr\/wp-json\/wp\/v2\/media\/37862"}],"wp:attachment":[{"href":"https:\/\/ecampusontario.ca\/fr\/wp-json\/wp\/v2\/media?parent=39441"}],"wp:term":[{"taxonomy":"category","embeddable":true,"href":"https:\/\/ecampusontario.ca\/fr\/wp-json\/wp\/v2\/categories?post=39441"},{"taxonomy":"post_tag","embeddable":true,"href":"https:\/\/ecampusontario.ca\/fr\/wp-json\/wp\/v2\/tags?post=39441"}],"curies":[{"name":"wp","href":"https:\/\/api.w.org\/{rel}","templated":true}]}}