
{"id":39436,"date":"2025-09-30T12:35:37","date_gmt":"2025-09-30T16:35:37","guid":{"rendered":"https:\/\/ecampusontario.ca\/digital-teaching-supports\/"},"modified":"2026-03-04T13:12:29","modified_gmt":"2026-03-04T18:12:29","slug":"digital-teaching-supports","status":"publish","type":"page","link":"https:\/\/ecampusontario.ca\/fr\/digital-teaching-supports\/","title":{"rendered":"Soutien \u00e0 l&rsquo;enseignement num\u00e9rique"},"content":{"rendered":"\n<header class=\"wp-block-group has-tangerine-50-background-color has-background is-layout-constrained wp-block-group-is-layout-constrained\">\n<div class=\"wp-block-columns eco-gap-20 eco-padding-horizontal-4rem is-layout-flex wp-container-core-columns-is-layout-9d6595d7 wp-block-columns-is-layout-flex\">\n<div class=\"wp-block-column align-vertical-center is-layout-flow wp-block-column-is-layout-flow\">\n<p class=\"has-medium-font-size\"><strong>APPRENTISSAGE<\/strong><\/p>\n\n\n\n<h1 class=\"wp-block-heading\" id=\"h-soutien-a-l-enseignement-numerique\">Soutien \u00e0 l&rsquo;enseignement num\u00e9rique<\/h1>\n\n\n\n<p>Guides pour faciliter l&rsquo;enseignement num\u00e9rique<\/p>\n<\/div>\n\n\n\n<div class=\"wp-block-column d-flex  is-layout-flow wp-block-column-is-layout-flow\">\n<figure class=\"wp-block-image aligncenter size-medium d-flex align-vertical-center\"><img loading=\"lazy\" decoding=\"async\" width=\"300\" height=\"205\" src=\"https:\/\/ecampusontario.ca\/wp-content\/uploads\/2025\/11\/Learn-Digital-Teaching-Supports-300x205.png\" alt=\"\" class=\"wp-image-39380\" srcset=\"https:\/\/ecampusontario.ca\/wp-content\/uploads\/2025\/11\/Learn-Digital-Teaching-Supports-300x205.png 300w, https:\/\/ecampusontario.ca\/wp-content\/uploads\/2025\/11\/Learn-Digital-Teaching-Supports.png 599w\" sizes=\"auto, (max-width: 300px) 100vw, 300px\" \/><\/figure>\n<\/div>\n<\/div>\n<\/header>\n\n\n\n<div class=\"wp-block-group eco-no-padding-horizontal eco-no-padding-vertical is-layout-constrained wp-block-group-is-layout-constrained\">\n<div class=\"wp-block-ecampusontario-eco-breadcrumbs\">\n\t<nav class=\"eco-breadcrumbs\" aria-label=\"Breadcrumbs\"><ol><li><a href=\"\/fr\/\">Accueil<\/a><\/li><li class=\"eco-breacrumb-current\">Soutien \u00e0 l&rsquo;enseignement num\u00e9rique<\/li><\/ol><\/nav><\/div>\n<\/div>\n\n\n\n<div class=\"wp-block-group is-layout-constrained wp-block-group-is-layout-constrained\">\n<div class=\"wp-block-columns gap-col-2 is-layout-flex wp-container-core-columns-is-layout-9d6595d7 wp-block-columns-is-layout-flex\">\n<div class=\"wp-block-column eco-border-tang eco-padding-horizontal eco-padding-vertical has-light-tangerine-background-color has-background is-layout-flow wp-block-column-is-layout-flow\">\n<figure class=\"wp-block-image size-full is-resized\"><img loading=\"lazy\" decoding=\"async\" width=\"32\" height=\"24\" src=\"https:\/\/ecampusontario.ca\/wp-content\/uploads\/2025\/09\/Vector-1.png\" alt=\"\" class=\"wp-image-38882\" style=\"width:20px\"\/><\/figure>\n\n\n\n<h2 class=\"wp-block-heading\" id=\"h-ameliorez-votre-experience-d-enseignement\">Am\u00e9liorez votre exp\u00e9rience d&rsquo;enseignement.<\/h2>\n\n\n\n<p>Ouvrez la porte \u00e0 des environnements num\u00e9riques trouvant un \u00e9cho aupr\u00e8s des \u00e9tudiant\u00b7es d&rsquo;aujourd&rsquo;hui. Nos outils et guides p\u00e9dagogiques num\u00e9riques permettent au personnel enseignant d&rsquo;int\u00e9grer en toute confiance la technologie dans leurs pratiques \u00e9ducatives.<\/p>\n<\/div>\n\n\n\n<div class=\"wp-block-column d-flex flex-col border-1px eco-padding-horizontal eco-padding-vertical is-layout-flow wp-block-column-is-layout-flow\">\n<figure class=\"wp-block-image size-full is-resized\"><img loading=\"lazy\" decoding=\"async\" width=\"436\" height=\"107\" src=\"https:\/\/ecampusontario.ca\/wp-content\/uploads\/2023\/06\/07-open-library-logo-FR.png\" alt=\"\" class=\"wp-image-27511\" style=\"width:auto;height:75px\" srcset=\"https:\/\/ecampusontario.ca\/wp-content\/uploads\/2023\/06\/07-open-library-logo-FR.png 436w, https:\/\/ecampusontario.ca\/wp-content\/uploads\/2023\/06\/07-open-library-logo-FR-300x74.png 300w\" sizes=\"auto, (max-width: 436px) 100vw, 436px\" \/><\/figure>\n\n\n\n<h3 class=\"wp-block-heading wp-block-post-title\" id=\"h-bibliotheque-libre\">Biblioth\u00e8que libre<\/h3>\n\n\n\n<p class=\"capsule\">Ressources \u00e9ducatives libres (REL)<\/p>\n\n\n\n<p>Tirez parti de plus de 1 900 ressources p\u00e9dagogiques gratuites et sous licence libre \u00e0 int\u00e9grer dans vos pratiques p\u00e9dagogiques.<\/p>\n\n\n\n<div class=\"wp-block-buttons eco-margin-top-auto is-vertical is-layout-flex wp-container-core-buttons-is-layout-8cf370e7 wp-block-buttons-is-layout-flex\">\n<div class=\"wp-block-button eco-button-outlined-tangerine\"><a class=\"wp-block-button__link wp-element-button\" href=\"https:\/\/openlibrary.ecampusontario.ca\/fr\/\" target=\"_blank\" rel=\"noreferrer noopener\" aria-label=\"En savoir plus Biblioth\u00e8que librea (s'ouvre dans un nouvel onglet)\">En savoir plus<\/a><\/div>\n<\/div>\n<\/div>\n\n\n\n<div class=\"wp-block-column d-flex flex-col border-1px eco-padding-horizontal eco-padding-vertical is-layout-flow wp-block-column-is-layout-flow\">\n<figure class=\"wp-block-image size-full is-resized\"><img loading=\"lazy\" decoding=\"async\" width=\"145\" height=\"159\" src=\"https:\/\/ecampusontario.ca\/wp-content\/uploads\/2021\/05\/BrandAssets-e-icon.png\" alt=\"\" class=\"wp-image-15901\" style=\"width:auto;height:75px\"\/><\/figure>\n\n\n\n<h3 class=\"wp-block-heading wp-block-post-title\" id=\"h-developpement-professionnel\">D\u00e9veloppement professionnel<\/h3>\n\n\n\n<p class=\"capsule\">Cours en ligne<\/p>\n\n\n\n<p>Apprenez \u00e0 utiliser de nouveaux outils et de nouvelles strat\u00e9gies pour vous adapter \u00e0 un paysage \u00e9ducatif en constante \u00e9volution.<\/p>\n\n\n\n<div class=\"wp-block-buttons eco-margin-top-auto is-vertical is-layout-flex wp-container-core-buttons-is-layout-8cf370e7 wp-block-buttons-is-layout-flex\">\n<div class=\"wp-block-button eco-button-outlined-tangerine\"><a class=\"wp-block-button__link wp-element-button\" href=\"https:\/\/learn.ecampusontario.ca\/\" target=\"_blank\" rel=\"noreferrer noopener\" aria-label=\"En savoir plus D\u00e9veloppement professionnel (s'ouvre dans un nouvel onglet)\">En savoir plus<\/a><\/div>\n<\/div>\n<\/div>\n<\/div>\n\n\n\n<div class=\"wp-block-columns gap-col-2 is-layout-flex wp-container-core-columns-is-layout-9d6595d7 wp-block-columns-is-layout-flex\">\n<div class=\"wp-block-column d-flex flex-col border-1px eco-padding-horizontal eco-padding-vertical is-layout-flow wp-block-column-is-layout-flow\">\n<figure class=\"wp-block-image size-full is-resized\"><img loading=\"lazy\" decoding=\"async\" width=\"145\" height=\"159\" src=\"https:\/\/ecampusontario.ca\/wp-content\/uploads\/2021\/05\/BrandAssets-e-icon.png\" alt=\"\" class=\"wp-image-15901\" style=\"width:auto;height:75px\"\/><\/figure>\n\n\n\n<h3 class=\"wp-block-heading\" id=\"h-ressources-en-accessibilite-numerique\">Ressources en accessibilit\u00e9 num\u00e9rique<\/h3>\n\n\n\n<p class=\"capsule\">Ressources<\/p>\n\n\n\n<p>Lignes directrices et pratiques exemplaires pour l\u2019adoption, le d\u00e9veloppement et l\u2019acquisition de contenus et technologies num\u00e9riques accessibles.<\/p>\n\n\n\n<div class=\"wp-block-buttons eco-margin-top-auto is-layout-flex wp-block-buttons-is-layout-flex\">\n<div class=\"wp-block-button eco-button-outlined-tangerine\"><a class=\"wp-block-button__link wp-element-button\" href=\"https:\/\/accessibility.ecampusontario.ca\/fr\/\" target=\"_blank\" rel=\"noreferrer noopener\" aria-label=\"En savoir plus Ressources en accessibilit\u00e9 num\u00e9rique (s'ouvre dans un nouvel onglet)\">En savoir plus<\/a><\/div>\n<\/div>\n<\/div>\n\n\n\n<div class=\"wp-block-column d-flex flex-col border-1px eco-padding-horizontal eco-padding-vertical is-layout-flow wp-block-column-is-layout-flow\">\n<figure class=\"wp-block-image size-full is-resized\"><img loading=\"lazy\" decoding=\"async\" width=\"145\" height=\"159\" src=\"https:\/\/ecampusontario.ca\/wp-content\/uploads\/2021\/05\/BrandAssets-e-icon.png\" alt=\"\" class=\"wp-image-15901\" style=\"width:auto;height:75px\"\/><\/figure>\n\n\n\n<h3 class=\"wp-block-heading wp-block-post-title\" id=\"h-conseiller-pour-un-apprentissage-integre-au-travail-accessible-ia\">Conseiller pour un apprentissage int\u00e9gr\u00e9 au travail accessible (IA)<\/h3>\n\n\n\n<p class=\"capsule\">IA<\/p>\n\n\n\n<p>Une feuille de route pour l\u2019accessibilit\u00e9 de l\u2019apprentissage int\u00e9gr\u00e9 au travail.<\/p>\n\n\n\n<div class=\"wp-block-buttons eco-margin-top-auto is-vertical is-layout-flex wp-container-core-buttons-is-layout-8cf370e7 wp-block-buttons-is-layout-flex\">\n<div class=\"wp-block-button eco-button-outlined-tangerine\"><a class=\"wp-block-button__link wp-element-button\" href=\"https:\/\/ecampusontario.ca\/fr\/wil-advisor\/\" rel=\"noreferrer noopener\" aria-label=\"En savoir plus Conseiller en accessibilit\u00e9 pour l\u2019apprentissage int\u00e9gr\u00e9 au travail (IA)\">En savoir plus<\/a><\/div>\n<\/div>\n<\/div>\n\n\n\n<div class=\"wp-block-column d-flex flex-col border-1px eco-padding-horizontal eco-padding-vertical is-layout-flow wp-block-column-is-layout-flow\">\n<figure class=\"wp-block-image size-full is-resized\"><img loading=\"lazy\" decoding=\"async\" width=\"1640\" height=\"978\" src=\"https:\/\/ecampusontario.ca\/wp-content\/uploads\/2026\/03\/AI-Initiatives-FR.png\" alt=\"\" class=\"wp-image-43665\" style=\"width:auto;height:75px\" srcset=\"https:\/\/ecampusontario.ca\/wp-content\/uploads\/2026\/03\/AI-Initiatives-FR.png 1640w, https:\/\/ecampusontario.ca\/wp-content\/uploads\/2026\/03\/AI-Initiatives-FR-300x179.png 300w, https:\/\/ecampusontario.ca\/wp-content\/uploads\/2026\/03\/AI-Initiatives-FR-1024x611.png 1024w, https:\/\/ecampusontario.ca\/wp-content\/uploads\/2026\/03\/AI-Initiatives-FR-768x458.png 768w, https:\/\/ecampusontario.ca\/wp-content\/uploads\/2026\/03\/AI-Initiatives-FR-1536x916.png 1536w\" sizes=\"auto, (max-width: 1640px) 100vw, 1640px\" \/><\/figure>\n\n\n\n<h3 class=\"wp-block-heading wp-block-post-title\" id=\"h-une-feuille-de-route-pour-un-apprentissage-integre-au-travail-accessible\">Une feuille de route pour un apprentissage int\u00e9gr\u00e9 au travail accessible.<\/h3>\n\n\n\n<p class=\"capsule\">Ressources et outils<\/p>\n\n\n\n<p>Explorez les initiatives qui placent l\u2019IA au c\u0153ur de l\u2019enseignement, de l\u2019apprentissage et de l\u2019innovation.<\/p>\n\n\n\n<div class=\"wp-block-buttons eco-margin-top-auto is-vertical is-layout-flex wp-container-core-buttons-is-layout-8cf370e7 wp-block-buttons-is-layout-flex\">\n<div class=\"wp-block-button eco-button-outlined-tangerine\"><a class=\"wp-block-button__link wp-element-button\" href=\"https:\/\/ecampusontario.ca\/fr\/ai\/#\/\" rel=\"noreferrer noopener\" aria-label=\"En savoir plus Une feuille de route pour un apprentissage int\u00e9gr\u00e9 au travail accessible.\">En savoir plus<\/a><\/div>\n<\/div>\n<\/div>\n<\/div>\n<\/div>\n\n\n\n<div class=\"wp-block-group eco-padding-vertical has-background is-layout-constrained wp-block-group-is-layout-constrained\" style=\"background-color:#edeaea\">\n<h2 class=\"wp-block-heading has-text-align-center eco-padding-top\" id=\"h-vous-ne-trouvez-pas-ce-dont-vous-avez-besoin\">Vous ne trouvez pas ce dont vous avez besoin?<\/h2>\n\n\n\n<div class=\"wp-block-buttons eco-padding-bottom is-content-justification-center is-layout-flex wp-container-core-buttons-is-layout-16018d1d wp-block-buttons-is-layout-flex\">\n<div class=\"wp-block-button eco-button-tangerine\"><a class=\"wp-block-button__link has-text-align-center wp-element-button\" href=\"https:\/\/ecampusontario.ca\/fr\/contact-us\/\">Nous joindre<\/a><\/div>\n<\/div>\n<\/div>\n\n\n\n<p><\/p>\n","protected":false},"excerpt":{"rendered":"<p>APPRENTISSAGE Soutien \u00e0 l&rsquo;enseignement num\u00e9rique Guides pour faciliter l&rsquo;enseignement num\u00e9rique Accueil Soutien \u00e0 l&rsquo;enseignement num\u00e9rique Am\u00e9liorez votre exp\u00e9rience d&rsquo;enseignement. Ouvrez la porte \u00e0 des environnements num\u00e9riques trouvant un \u00e9cho aupr\u00e8s des \u00e9tudiant\u00b7es d&rsquo;aujourd&rsquo;hui. Nos outils et guides p\u00e9dagogiques num\u00e9riques permettent au personnel enseignant d&rsquo;int\u00e9grer en toute confiance la technologie dans leurs pratiques \u00e9ducatives. Biblioth\u00e8que libre [&hellip;]<\/p>\n","protected":false},"author":18,"featured_media":0,"parent":0,"menu_order":0,"comment_status":"closed","ping_status":"closed","template":"www-home-page","meta":{"_acf_changed":false,"footnotes":""},"categories":[],"tags":[],"class_list":["post-39436","page","type-page","status-publish","hentry"],"acf":[],"yoast_head":"<!-- This site is optimized with the Yoast SEO Premium plugin v27.4 (Yoast SEO v27.4) - https:\/\/yoast.com\/product\/yoast-seo-premium-wordpress\/ -->\n<title>Soutien \u00e0 l&#039;enseignement num\u00e9rique | eCampusOntario<\/title>\n<meta name=\"robots\" content=\"index, follow, max-snippet:-1, max-image-preview:large, max-video-preview:-1\" \/>\n<link rel=\"canonical\" href=\"https:\/\/ecampusontario.ca\/fr\/digital-teaching-supports\/\" \/>\n<meta property=\"og:locale\" content=\"fr_FR\" \/>\n<meta property=\"og:type\" content=\"article\" \/>\n<meta property=\"og:title\" content=\"Soutien \u00e0 l&#039;enseignement num\u00e9rique\" \/>\n<meta property=\"og:description\" content=\"APPRENTISSAGE Soutien \u00e0 l&rsquo;enseignement num\u00e9rique Guides pour faciliter l&rsquo;enseignement num\u00e9rique Accueil Soutien \u00e0 l&rsquo;enseignement num\u00e9rique Am\u00e9liorez votre exp\u00e9rience d&rsquo;enseignement. Ouvrez la porte \u00e0 des environnements num\u00e9riques trouvant un \u00e9cho aupr\u00e8s des \u00e9tudiant\u00b7es d&rsquo;aujourd&rsquo;hui. Nos outils et guides p\u00e9dagogiques num\u00e9riques permettent au personnel enseignant d&rsquo;int\u00e9grer en toute confiance la technologie dans leurs pratiques \u00e9ducatives. Biblioth\u00e8que libre [&hellip;]\" \/>\n<meta property=\"og:url\" content=\"https:\/\/ecampusontario.ca\/fr\/digital-teaching-supports\/\" \/>\n<meta property=\"og:site_name\" content=\"eCampusOntario\" \/>\n<meta property=\"article:publisher\" content=\"https:\/\/www.facebook.com\/ecampusontario\/\" \/>\n<meta property=\"article:modified_time\" content=\"2026-03-04T18:12:29+00:00\" \/>\n<meta property=\"og:image\" content=\"https:\/\/ecampusontario.ca\/wp-content\/uploads\/2025\/11\/Learn-Digital-Teaching-Supports.png\" \/>\n\t<meta property=\"og:image:width\" content=\"599\" \/>\n\t<meta property=\"og:image:height\" content=\"409\" \/>\n\t<meta property=\"og:image:type\" content=\"image\/png\" \/>\n<meta name=\"twitter:card\" content=\"summary_large_image\" \/>\n<meta name=\"twitter:site\" content=\"@eCampusOntario\" \/>\n<meta name=\"twitter:label1\" content=\"Dur\u00e9e de lecture estim\u00e9e\" \/>\n\t<meta name=\"twitter:data1\" content=\"3 minutes\" \/>\n<script type=\"application\/ld+json\" class=\"yoast-schema-graph\">{\"@context\":\"https:\\\/\\\/schema.org\",\"@graph\":[{\"@type\":\"WebPage\",\"@id\":\"https:\\\/\\\/ecampusontario.ca\\\/fr\\\/digital-teaching-supports\\\/\",\"url\":\"https:\\\/\\\/ecampusontario.ca\\\/fr\\\/digital-teaching-supports\\\/\",\"name\":\"Soutien \u00e0 l'enseignement num\u00e9rique | eCampusOntario\",\"isPartOf\":{\"@id\":\"https:\\\/\\\/ecampusontario.ca\\\/fr\\\/#website\"},\"primaryImageOfPage\":{\"@id\":\"https:\\\/\\\/ecampusontario.ca\\\/fr\\\/digital-teaching-supports\\\/#primaryimage\"},\"image\":{\"@id\":\"https:\\\/\\\/ecampusontario.ca\\\/fr\\\/digital-teaching-supports\\\/#primaryimage\"},\"thumbnailUrl\":\"https:\\\/\\\/ecampusontario.ca\\\/wp-content\\\/uploads\\\/2025\\\/11\\\/Learn-Digital-Teaching-Supports-300x205.png\",\"datePublished\":\"2025-09-30T16:35:37+00:00\",\"dateModified\":\"2026-03-04T18:12:29+00:00\",\"breadcrumb\":{\"@id\":\"https:\\\/\\\/ecampusontario.ca\\\/fr\\\/digital-teaching-supports\\\/#breadcrumb\"},\"inLanguage\":\"fr-FR\",\"potentialAction\":[{\"@type\":\"ReadAction\",\"target\":[\"https:\\\/\\\/ecampusontario.ca\\\/fr\\\/digital-teaching-supports\\\/\"]}]},{\"@type\":\"ImageObject\",\"inLanguage\":\"fr-FR\",\"@id\":\"https:\\\/\\\/ecampusontario.ca\\\/fr\\\/digital-teaching-supports\\\/#primaryimage\",\"url\":\"https:\\\/\\\/ecampusontario.ca\\\/wp-content\\\/uploads\\\/2025\\\/11\\\/Learn-Digital-Teaching-Supports-300x205.png\",\"contentUrl\":\"https:\\\/\\\/ecampusontario.ca\\\/wp-content\\\/uploads\\\/2025\\\/11\\\/Learn-Digital-Teaching-Supports-300x205.png\"},{\"@type\":\"BreadcrumbList\",\"@id\":\"https:\\\/\\\/ecampusontario.ca\\\/fr\\\/digital-teaching-supports\\\/#breadcrumb\",\"itemListElement\":[{\"@type\":\"ListItem\",\"position\":1,\"name\":\"Home\",\"item\":\"https:\\\/\\\/ecampusontario.ca\\\/fr\\\/\"},{\"@type\":\"ListItem\",\"position\":2,\"name\":\"Soutien \u00e0 l&rsquo;enseignement num\u00e9rique\"}]},{\"@type\":\"WebSite\",\"@id\":\"https:\\\/\\\/ecampusontario.ca\\\/fr\\\/#website\",\"url\":\"https:\\\/\\\/ecampusontario.ca\\\/fr\\\/\",\"name\":\"eCampusOntario\",\"description\":\"The online hub for learners and educators across Ontario\",\"publisher\":{\"@id\":\"https:\\\/\\\/ecampusontario.ca\\\/fr\\\/#organization\"},\"potentialAction\":[{\"@type\":\"SearchAction\",\"target\":{\"@type\":\"EntryPoint\",\"urlTemplate\":\"https:\\\/\\\/ecampusontario.ca\\\/fr\\\/?s={search_term_string}\"},\"query-input\":{\"@type\":\"PropertyValueSpecification\",\"valueRequired\":true,\"valueName\":\"search_term_string\"}}],\"inLanguage\":\"fr-FR\"},{\"@type\":\"Organization\",\"@id\":\"https:\\\/\\\/ecampusontario.ca\\\/fr\\\/#organization\",\"name\":\"eCampusOntario\",\"url\":\"https:\\\/\\\/ecampusontario.ca\\\/fr\\\/\",\"logo\":{\"@type\":\"ImageObject\",\"inLanguage\":\"fr-FR\",\"@id\":\"https:\\\/\\\/ecampusontario.ca\\\/fr\\\/#\\\/schema\\\/logo\\\/image\\\/\",\"url\":\"https:\\\/\\\/ecampusontario.ca\\\/wp-content\\\/uploads\\\/2018\\\/11\\\/ecampus-e-icon-1.png\",\"contentUrl\":\"https:\\\/\\\/ecampusontario.ca\\\/wp-content\\\/uploads\\\/2018\\\/11\\\/ecampus-e-icon-1.png\",\"width\":720,\"height\":325,\"caption\":\"eCampusOntario\"},\"image\":{\"@id\":\"https:\\\/\\\/ecampusontario.ca\\\/fr\\\/#\\\/schema\\\/logo\\\/image\\\/\"},\"sameAs\":[\"https:\\\/\\\/www.facebook.com\\\/ecampusontario\\\/\",\"https:\\\/\\\/x.com\\\/eCampusOntario\"]}]}<\/script>\n<!-- \/ Yoast SEO Premium plugin. -->","yoast_head_json":{"title":"Soutien \u00e0 l'enseignement num\u00e9rique | eCampusOntario","robots":{"index":"index","follow":"follow","max-snippet":"max-snippet:-1","max-image-preview":"max-image-preview:large","max-video-preview":"max-video-preview:-1"},"canonical":"https:\/\/ecampusontario.ca\/fr\/digital-teaching-supports\/","og_locale":"fr_FR","og_type":"article","og_title":"Soutien \u00e0 l'enseignement num\u00e9rique","og_description":"APPRENTISSAGE Soutien \u00e0 l&rsquo;enseignement num\u00e9rique Guides pour faciliter l&rsquo;enseignement num\u00e9rique Accueil Soutien \u00e0 l&rsquo;enseignement num\u00e9rique Am\u00e9liorez votre exp\u00e9rience d&rsquo;enseignement. Ouvrez la porte \u00e0 des environnements num\u00e9riques trouvant un \u00e9cho aupr\u00e8s des \u00e9tudiant\u00b7es d&rsquo;aujourd&rsquo;hui. Nos outils et guides p\u00e9dagogiques num\u00e9riques permettent au personnel enseignant d&rsquo;int\u00e9grer en toute confiance la technologie dans leurs pratiques \u00e9ducatives. Biblioth\u00e8que libre [&hellip;]","og_url":"https:\/\/ecampusontario.ca\/fr\/digital-teaching-supports\/","og_site_name":"eCampusOntario","article_publisher":"https:\/\/www.facebook.com\/ecampusontario\/","article_modified_time":"2026-03-04T18:12:29+00:00","og_image":[{"width":599,"height":409,"url":"https:\/\/ecampusontario.ca\/wp-content\/uploads\/2025\/11\/Learn-Digital-Teaching-Supports.png","type":"image\/png"}],"twitter_card":"summary_large_image","twitter_site":"@eCampusOntario","twitter_misc":{"Dur\u00e9e de lecture estim\u00e9e":"3 minutes"},"schema":{"@context":"https:\/\/schema.org","@graph":[{"@type":"WebPage","@id":"https:\/\/ecampusontario.ca\/fr\/digital-teaching-supports\/","url":"https:\/\/ecampusontario.ca\/fr\/digital-teaching-supports\/","name":"Soutien \u00e0 l'enseignement num\u00e9rique | eCampusOntario","isPartOf":{"@id":"https:\/\/ecampusontario.ca\/fr\/#website"},"primaryImageOfPage":{"@id":"https:\/\/ecampusontario.ca\/fr\/digital-teaching-supports\/#primaryimage"},"image":{"@id":"https:\/\/ecampusontario.ca\/fr\/digital-teaching-supports\/#primaryimage"},"thumbnailUrl":"https:\/\/ecampusontario.ca\/wp-content\/uploads\/2025\/11\/Learn-Digital-Teaching-Supports-300x205.png","datePublished":"2025-09-30T16:35:37+00:00","dateModified":"2026-03-04T18:12:29+00:00","breadcrumb":{"@id":"https:\/\/ecampusontario.ca\/fr\/digital-teaching-supports\/#breadcrumb"},"inLanguage":"fr-FR","potentialAction":[{"@type":"ReadAction","target":["https:\/\/ecampusontario.ca\/fr\/digital-teaching-supports\/"]}]},{"@type":"ImageObject","inLanguage":"fr-FR","@id":"https:\/\/ecampusontario.ca\/fr\/digital-teaching-supports\/#primaryimage","url":"https:\/\/ecampusontario.ca\/wp-content\/uploads\/2025\/11\/Learn-Digital-Teaching-Supports-300x205.png","contentUrl":"https:\/\/ecampusontario.ca\/wp-content\/uploads\/2025\/11\/Learn-Digital-Teaching-Supports-300x205.png"},{"@type":"BreadcrumbList","@id":"https:\/\/ecampusontario.ca\/fr\/digital-teaching-supports\/#breadcrumb","itemListElement":[{"@type":"ListItem","position":1,"name":"Home","item":"https:\/\/ecampusontario.ca\/fr\/"},{"@type":"ListItem","position":2,"name":"Soutien \u00e0 l&rsquo;enseignement num\u00e9rique"}]},{"@type":"WebSite","@id":"https:\/\/ecampusontario.ca\/fr\/#website","url":"https:\/\/ecampusontario.ca\/fr\/","name":"eCampusOntario","description":"The online hub for learners and educators across Ontario","publisher":{"@id":"https:\/\/ecampusontario.ca\/fr\/#organization"},"potentialAction":[{"@type":"SearchAction","target":{"@type":"EntryPoint","urlTemplate":"https:\/\/ecampusontario.ca\/fr\/?s={search_term_string}"},"query-input":{"@type":"PropertyValueSpecification","valueRequired":true,"valueName":"search_term_string"}}],"inLanguage":"fr-FR"},{"@type":"Organization","@id":"https:\/\/ecampusontario.ca\/fr\/#organization","name":"eCampusOntario","url":"https:\/\/ecampusontario.ca\/fr\/","logo":{"@type":"ImageObject","inLanguage":"fr-FR","@id":"https:\/\/ecampusontario.ca\/fr\/#\/schema\/logo\/image\/","url":"https:\/\/ecampusontario.ca\/wp-content\/uploads\/2018\/11\/ecampus-e-icon-1.png","contentUrl":"https:\/\/ecampusontario.ca\/wp-content\/uploads\/2018\/11\/ecampus-e-icon-1.png","width":720,"height":325,"caption":"eCampusOntario"},"image":{"@id":"https:\/\/ecampusontario.ca\/fr\/#\/schema\/logo\/image\/"},"sameAs":["https:\/\/www.facebook.com\/ecampusontario\/","https:\/\/x.com\/eCampusOntario"]}]}},"_links":{"self":[{"href":"https:\/\/ecampusontario.ca\/fr\/wp-json\/wp\/v2\/pages\/39436","targetHints":{"allow":["GET"]}}],"collection":[{"href":"https:\/\/ecampusontario.ca\/fr\/wp-json\/wp\/v2\/pages"}],"about":[{"href":"https:\/\/ecampusontario.ca\/fr\/wp-json\/wp\/v2\/types\/page"}],"author":[{"embeddable":true,"href":"https:\/\/ecampusontario.ca\/fr\/wp-json\/wp\/v2\/users\/18"}],"replies":[{"embeddable":true,"href":"https:\/\/ecampusontario.ca\/fr\/wp-json\/wp\/v2\/comments?post=39436"}],"version-history":[{"count":21,"href":"https:\/\/ecampusontario.ca\/fr\/wp-json\/wp\/v2\/pages\/39436\/revisions"}],"predecessor-version":[{"id":43667,"href":"https:\/\/ecampusontario.ca\/fr\/wp-json\/wp\/v2\/pages\/39436\/revisions\/43667"}],"wp:attachment":[{"href":"https:\/\/ecampusontario.ca\/fr\/wp-json\/wp\/v2\/media?parent=39436"}],"wp:term":[{"taxonomy":"category","embeddable":true,"href":"https:\/\/ecampusontario.ca\/fr\/wp-json\/wp\/v2\/categories?post=39436"},{"taxonomy":"post_tag","embeddable":true,"href":"https:\/\/ecampusontario.ca\/fr\/wp-json\/wp\/v2\/tags?post=39436"}],"curies":[{"name":"wp","href":"https:\/\/api.w.org\/{rel}","templated":true}]}}