
{"id":39426,"date":"2025-09-30T11:27:09","date_gmt":"2025-09-30T15:27:09","guid":{"rendered":"https:\/\/ecampusontario.ca\/career-development\/"},"modified":"2026-03-04T12:47:51","modified_gmt":"2026-03-04T17:47:51","slug":"career-development","status":"publish","type":"page","link":"https:\/\/ecampusontario.ca\/fr\/career-development\/","title":{"rendered":"Cheminement de carri\u00e8re"},"content":{"rendered":"\n<header class=\"wp-block-group has-tangerine-background-color has-background is-layout-constrained wp-block-group-is-layout-constrained\">\n<div class=\"wp-block-columns eco-gap-20 eco-padding-horizontal-4rem is-layout-flex wp-container-core-columns-is-layout-9d6595d7 wp-block-columns-is-layout-flex\">\n<div class=\"wp-block-column align-vertical-center is-layout-flow wp-block-column-is-layout-flow\">\n<p class=\"has-medium-font-size\"><strong>APPRENTISSAGE<\/strong><\/p>\n\n\n\n<h1 class=\"wp-block-heading\" id=\"h-cheminement-de-carriere\">Cheminement de carri\u00e8re<\/h1>\n\n\n\n<p>Faites progresser votre carri\u00e8re gr\u00e2ce \u00e0 des formations ax\u00e9es sur les comp\u00e9tences et des stages coop\u00e9ratifs.<\/p>\n<\/div>\n\n\n\n<div class=\"wp-block-column d-flex  is-layout-flow wp-block-column-is-layout-flow\">\n<figure class=\"wp-block-image aligncenter size-medium d-flex align-vertical-center\"><img loading=\"lazy\" decoding=\"async\" width=\"300\" height=\"205\" src=\"https:\/\/ecampusontario.ca\/wp-content\/uploads\/2025\/09\/Learn-Career-Development-300x205.png\" alt=\"\" class=\"wp-image-38939\" srcset=\"https:\/\/ecampusontario.ca\/wp-content\/uploads\/2025\/09\/Learn-Career-Development-300x205.png 300w, https:\/\/ecampusontario.ca\/wp-content\/uploads\/2025\/09\/Learn-Career-Development.png 598w\" sizes=\"auto, (max-width: 300px) 100vw, 300px\" \/><\/figure>\n<\/div>\n<\/div>\n<\/header>\n\n\n\n<div class=\"wp-block-group eco-no-padding-horizontal eco-no-padding-vertical is-layout-constrained wp-block-group-is-layout-constrained\">\n<div class=\"wp-block-ecampusontario-eco-breadcrumbs\">\n\t<nav class=\"eco-breadcrumbs\" aria-label=\"Breadcrumbs\"><ol><li><a href=\"\/fr\/\">Accueil<\/a><\/li><li class=\"eco-breacrumb-current\">Cheminement de carri\u00e8re<\/li><\/ol><\/nav><\/div>\n<\/div>\n\n\n\n<div class=\"wp-block-group is-layout-constrained wp-block-group-is-layout-constrained\">\n<div class=\"wp-block-columns gap-col-2 is-layout-flex wp-container-core-columns-is-layout-9d6595d7 wp-block-columns-is-layout-flex\">\n<div class=\"wp-block-column eco-border-tang eco-padding-horizontal eco-padding-vertical has-light-tangerine-background-color has-background is-layout-flow wp-block-column-is-layout-flow\">\n<figure class=\"wp-block-image size-full is-resized\"><img loading=\"lazy\" decoding=\"async\" width=\"32\" height=\"24\" src=\"https:\/\/ecampusontario.ca\/wp-content\/uploads\/2025\/09\/Vector-1.png\" alt=\"\" class=\"wp-image-38882\" style=\"width:20px\"\/><\/figure>\n\n\n\n<h2 class=\"wp-block-heading\" id=\"h-propulsez-votre-carriere\">Propulsez votre carri\u00e8re.<\/h2>\n\n\n\n<p>Que vous d\u00e9marriez votre carri\u00e8re ou que vous soyez en r\u00e9orientation, les services de cheminement de carri\u00e8re d\u2019eCampusOntario peuvent vous aider \u00e0 atteindre vos objectifs. D\u00e9couvrez des parcours d&rsquo;apprentissage personnalis\u00e9s, acqu\u00e9rez des comp\u00e9tences recherch\u00e9es et acc\u00e9dez \u00e0 de nouvelles opportunit\u00e9s professionnelles passionnantes.<\/p>\n<\/div>\n\n\n\n<div class=\"wp-block-column d-flex flex-col border-1px eco-padding-horizontal eco-padding-vertical is-layout-flow wp-block-column-is-layout-flow\">\n<figure class=\"wp-block-image size-full is-resized\"><img decoding=\"async\" src=\"https:\/\/ecampusontario.ca\/wp-content\/uploads\/2025\/12\/SkillsforJobs-FR-logo.svg\" alt=\"\" class=\"wp-image-42349\" style=\"width:auto;height:75px\"\/><\/figure>\n\n\n\n<h3 class=\"wp-block-heading\" id=\"h-competences-emploi-canada\">Comp\u00e9tences emploi Canada<\/h3>\n\n\n\n<p class=\"capsule\">D\u00e9veloppement des comp\u00e9tences<\/p>\n\n\n\n<p>Comp\u00e9tences emploi Canada aide les personnes apprenantes \u00e0 se doter de comp\u00e9tences utiles \u00e0 l\u2019emploi gr\u00e2ce \u00e0 des milliers de possibilit\u00e9s de perfectionnement et de requalification rapides, abordables et flexibles et aide les entreprises \u00e0 trouver les talents qualifi\u00e9s dont elles ont besoin pour demeurer concurrentielles.<\/p>\n\n\n\n<div class=\"wp-block-buttons eco-margin-top-auto is-layout-flex wp-block-buttons-is-layout-flex\">\n<div class=\"wp-block-button eco-button-outlined-tangerine\"><a class=\"wp-block-button__link wp-element-button\" href=\"https:\/\/skillsforjobs.ca\/fr\/index.html\" target=\"_blank\" rel=\"noreferrer noopener\" aria-label=\"En savoir plus Comp\u00e9tences emploi Canada (s'ouvre dans un nouvel onglet)\">En savoir plus<\/a><\/div>\n<\/div>\n<\/div>\n\n\n\n<div class=\"wp-block-column d-flex flex-col border-1px eco-padding-horizontal eco-padding-vertical is-layout-flow wp-block-column-is-layout-flow\">\n<figure class=\"wp-block-image size-full is-resized\"><img loading=\"lazy\" decoding=\"async\" width=\"145\" height=\"159\" src=\"https:\/\/ecampusontario.ca\/wp-content\/uploads\/2021\/05\/BrandAssets-e-icon.png\" alt=\"\" class=\"wp-image-15901\" style=\"width:auto;height:75px\"\/><\/figure>\n\n\n\n<h3 class=\"wp-block-heading wp-block-post-title\" id=\"h-developpement-professionnel\">D\u00e9veloppement professionnel<\/h3>\n\n\n\n<p class=\"capsule\">Formation du personnel enseignant et\u00a0administratif<\/p>\n\n\n\n<p>D\u00e9couvrez\u00a0des\u00a0possibilit\u00e9s\u00a0de formation\u00a0gratuites\u00a0ou\u00a0abordables\u00a0destin\u00e9es\u00a0au personnel enseignant et administratif\u00a0afin\u00a0de renforcer les comp\u00e9tences, soutenir\u00a0le d\u00e9veloppement professionnel et favoriser la r\u00e9ussite dans un environnement \u00e9ducatif\u00a0en\u00a0constante\u00a0\u00e9volution.\u00a0<\/p>\n\n\n\n<div class=\"wp-block-buttons eco-margin-top-auto is-vertical is-layout-flex wp-container-core-buttons-is-layout-8cf370e7 wp-block-buttons-is-layout-flex\">\n<div class=\"wp-block-button eco-button-outlined-tangerine\"><a class=\"wp-block-button__link wp-element-button\" href=\"https:\/\/learn.ecampusontario.ca\/?cm_locale=fr\" target=\"_blank\" rel=\"noreferrer noopener\" aria-label=\"En savoir plus D\u00e9veloppement professionnel (s'ouvre dans un nouvel onglet)\">En savoir plus<\/a><\/div>\n<\/div>\n<\/div>\n<\/div>\n\n\n\n<div class=\"wp-block-columns gap-col-2 is-layout-flex wp-container-core-columns-is-layout-9d6595d7 wp-block-columns-is-layout-flex\">\n<div class=\"wp-block-column d-flex flex-col border-1px eco-padding-horizontal eco-padding-vertical is-layout-flow wp-block-column-is-layout-flow\">\n<figure class=\"wp-block-image size-large is-resized\"><img decoding=\"async\" src=\"https:\/\/rc-learnonline.ecampusontario.ca\/wp-content\/themes\/eco-learn-online-portal\/assets\/images\/learn-online-portal-logo-fr.svg\" alt=\"\" style=\"width:auto;height:75px\"\/><\/figure>\n\n\n\n<h3 class=\"wp-block-heading\" id=\"h-portail-apprendre-en-ligne\">Portail Apprendre en ligne<\/h3>\n\n\n\n<p class=\"capsule\">Cours en ligne<\/p>\n\n\n\n<p>Acc\u00e9dez \u00e0 des milliers de cours et de programmes en ligne offerts par des coll\u00e8ges, universit\u00e9s et \u00e9tablissements autochtones publics de l\u2019Ontario.<\/p>\n\n\n\n<p><a id=\"_msocom_1\"><\/a><\/p>\n\n\n\n<div class=\"wp-block-buttons eco-margin-top-auto is-layout-flex wp-block-buttons-is-layout-flex\">\n<div class=\"wp-block-button eco-button-outlined-tangerine\"><a class=\"wp-block-button__link wp-element-button\" href=\"https:\/\/learnonline.ecampusontario.ca\/fr\/\" target=\"_blank\" rel=\"noreferrer noopener\" aria-label=\"En savoir plus Portail Apprendre en ligne (s'ouvre dans un nouvel onglet)\">En savoir plus<\/a><\/div>\n<\/div>\n<\/div>\n\n\n\n<div class=\"wp-block-column d-flex flex-col border-1px eco-padding-horizontal eco-padding-vertical is-layout-flow wp-block-column-is-layout-flow\">\n<figure class=\"wp-block-image size-full is-resized\"><img loading=\"lazy\" decoding=\"async\" width=\"342\" height=\"107\" src=\"https:\/\/ecampusontario.ca\/wp-content\/uploads\/2023\/02\/02-CAPFO-logo.png\" alt=\"\" class=\"wp-image-25207\" style=\"width:auto;height:75px\" srcset=\"https:\/\/ecampusontario.ca\/wp-content\/uploads\/2023\/02\/02-CAPFO-logo.png 342w, https:\/\/ecampusontario.ca\/wp-content\/uploads\/2023\/02\/02-CAPFO-logo-300x94.png 300w\" sizes=\"auto, (max-width: 342px) 100vw, 342px\" \/><\/figure>\n\n\n\n<h3 class=\"wp-block-heading wp-block-post-title\" id=\"h-capfo\">CAPFO<\/h3>\n\n\n\n<p class=\"capsule\">Programme<\/p>\n\n\n\n<p>Le Consortium d\u2019apprentissage exp\u00e9rientiel francophone de l\u2019Ontario (CAPFO) est une plateforme d&rsquo;apprentissage int\u00e9gr\u00e9 au travail qui permet aux \u00e9tudiant\u00b7es d&rsquo;acqu\u00e9rir des connaissances pratiques gr\u00e2ce \u00e0 des exp\u00e9riences professionnelles concr\u00e8tes et aide les organisations \u00e0 trouver de nouveaux talents pour innover.<\/p>\n\n\n\n<div class=\"wp-block-buttons eco-margin-top-auto is-vertical is-layout-flex wp-container-core-buttons-is-layout-8cf370e7 wp-block-buttons-is-layout-flex\">\n<div class=\"wp-block-button eco-button-outlined-tangerine\"><a class=\"wp-block-button__link wp-element-button\" href=\"https:\/\/capfo.ca\/\" target=\"_blank\" rel=\"noreferrer noopener\" aria-label=\"En savoir plus CAPFO (s'ouvre dans un nouvel onglet)\">En savoir plus<\/a><\/div>\n<\/div>\n<\/div>\n\n\n\n<div class=\"wp-block-column d-flex flex-col border-1px eco-padding-horizontal eco-padding-vertical is-layout-flow wp-block-column-is-layout-flow\">\n<figure class=\"wp-block-image size-large is-resized\"><img decoding=\"async\" src=\"https:\/\/microlearnontario.ca\/wp-content\/themes\/eco-micro-credential-portal\/assets\/images\/MCPortal-logo-FR.png\" alt=\"\" style=\"width:auto;height:75px\"\/><\/figure>\n\n\n\n<h3 class=\"wp-block-heading wp-block-post-title\" id=\"h-portail-des-micro-titres-de-competences\">Portail des <br>micro-titres de comp\u00e9tences<\/h3>\n\n\n\n<p class=\"capsule\">D\u00e9veloppement des comp\u00e9tences<\/p>\n\n\n\n<p>Le portail des micro-titres de comp\u00e9tences vous aide \u00e0 d\u00e9velopper vos comp\u00e9tences et \u00e0 explorer de nouvelles perspectives de carri\u00e8re gr\u00e2ce \u00e0 des formations courtes.<\/p>\n\n\n\n<div class=\"wp-block-buttons eco-margin-top-auto is-vertical is-layout-flex wp-container-core-buttons-is-layout-8cf370e7 wp-block-buttons-is-layout-flex\">\n<div class=\"wp-block-button eco-button-outlined-tangerine\"><a class=\"wp-block-button__link wp-element-button\" href=\"https:\/\/microlearnontario.ca\/fr\/\" target=\"_blank\" rel=\"noreferrer noopener\" aria-label=\"En savoir plus Portail des micro-titres de comp\u00e9tences (s'ouvre dans un nouvel onglet)\">En savoir plus<\/a><\/div>\n<\/div>\n<\/div>\n<\/div>\n\n\n\n<div class=\"wp-block-columns gap-col-2 is-layout-flex wp-container-core-columns-is-layout-9d6595d7 wp-block-columns-is-layout-flex\">\n<div class=\"wp-block-column d-flex flex-col border-1px eco-padding-horizontal eco-padding-vertical is-layout-flow wp-block-column-is-layout-flow\">\n<figure class=\"wp-block-image size-full is-resized\"><img loading=\"lazy\" decoding=\"async\" width=\"214\" height=\"108\" src=\"https:\/\/ecampusontario.ca\/wp-content\/uploads\/2025\/11\/Screenshot-2025-11-27-at-4.59.26-PM.png\" alt=\"Study ontario canada logo\" class=\"wp-image-40373\" style=\"object-fit:cover;width:127px;height:75px\"\/><\/figure>\n\n\n\n<h3 class=\"wp-block-heading\" id=\"h-etudier-en-ontario-canada\">\u00c9tudier en Ontario &#8211; Canada<\/h3>\n\n\n\n<p class=\"capsule\">Ressources<\/p>\n\n\n\n<p>D\u00e9couvrez comment tirer le meilleur parti de votre exp\u00e9rience postsecondaire en Ontario.<\/p>\n\n\n\n<div class=\"wp-block-buttons eco-margin-top-auto is-layout-flex wp-block-buttons-is-layout-flex\">\n<div class=\"wp-block-button eco-button-outlined-tangerine\"><a class=\"wp-block-button__link wp-element-button\" href=\"https:\/\/educationontario.com\/fr\/\" target=\"_blank\" rel=\"noreferrer noopener\" aria-label=\"En savoir plus \u00c9tudier en Ontario - Canada (s'ouvre dans un nouvel onglet)\">En savoir plus<\/a><\/div>\n<\/div>\n<\/div>\n\n\n\n<div class=\"wp-block-column d-flex flex-col border-1px eco-padding-horizontal eco-padding-vertical is-layout-flow wp-block-column-is-layout-flow\">\n<figure class=\"wp-block-image size-full is-resized\"><img loading=\"lazy\" decoding=\"async\" width=\"145\" height=\"159\" src=\"https:\/\/ecampusontario.ca\/wp-content\/uploads\/2021\/05\/BrandAssets-e-icon.png\" alt=\"\" class=\"wp-image-15901\" style=\"width:auto;height:75px\"\/><\/figure>\n\n\n\n<h3 class=\"wp-block-heading wp-block-post-title\" id=\"h-portefeuille-de-titres-de-competences-numeriques\">Portefeuille de titres de comp\u00e9tences num\u00e9riques<\/h3>\n\n\n\n<p class=\"capsule\">Titres de comp\u00e9tence<\/p>\n\n\n\n<p>Une plateforme s\u00e9curis\u00e9e pour un acc\u00e8s \u00e0 vie \u00e0 vos titres de comp\u00e9tences num\u00e9riques.<\/p>\n\n\n\n<div class=\"wp-block-buttons eco-margin-top-auto is-vertical is-layout-flex wp-container-core-buttons-is-layout-8cf370e7 wp-block-buttons-is-layout-flex\">\n<div class=\"wp-block-button eco-button-outlined-tangerine\"><a class=\"wp-block-button__link wp-element-button\" href=\"https:\/\/credentials-wallet.ecampusontario.ca\/welcome\" target=\"_blank\" rel=\"noreferrer noopener\" aria-label=\"En savoir plus Portefeuille de titres de comp\u00e9tences num\u00e9riques (s'ouvre dans un nouvel onglet)\">En savoir plus<\/a><\/div>\n<\/div>\n<\/div>\n\n\n\n<div class=\"wp-block-column d-flex flex-col  eco-padding-horizontal eco-padding-vertical is-layout-flow wp-block-column-is-layout-flow\"><\/div>\n<\/div>\n<\/div>\n\n\n\n<div class=\"wp-block-group eco-padding-vertical has-background is-layout-constrained wp-block-group-is-layout-constrained\" style=\"background-color:#edeaea\">\n<h2 class=\"wp-block-heading has-text-align-center eco-padding-top\" id=\"h-vous-ne-trouvez-pas-ce-dont-vous-avez-besoin\">Vous ne trouvez pas ce dont vous avez besoin?<\/h2>\n\n\n\n<div class=\"wp-block-buttons eco-padding-bottom is-content-justification-center is-layout-flex wp-container-core-buttons-is-layout-16018d1d wp-block-buttons-is-layout-flex\">\n<div class=\"wp-block-button eco-button-tangerine\"><a class=\"wp-block-button__link has-text-align-center wp-element-button\" href=\"https:\/\/ecampusontario.ca\/fr\/contact-us\/\">Nous joindre<\/a><\/div>\n<\/div>\n<\/div>\n\n\n\n<p><\/p>\n","protected":false},"excerpt":{"rendered":"<p>APPRENTISSAGE Cheminement de carri\u00e8re Faites progresser votre carri\u00e8re gr\u00e2ce \u00e0 des formations ax\u00e9es sur les comp\u00e9tences et des stages coop\u00e9ratifs. Accueil Cheminement de carri\u00e8re Propulsez votre carri\u00e8re. Que vous d\u00e9marriez votre carri\u00e8re ou que vous soyez en r\u00e9orientation, les services de cheminement de carri\u00e8re d\u2019eCampusOntario peuvent vous aider \u00e0 atteindre vos objectifs. D\u00e9couvrez des parcours [&hellip;]<\/p>\n","protected":false},"author":18,"featured_media":0,"parent":0,"menu_order":0,"comment_status":"closed","ping_status":"closed","template":"www-home-page","meta":{"_acf_changed":false,"footnotes":""},"categories":[],"tags":[],"class_list":["post-39426","page","type-page","status-publish","hentry"],"acf":[],"yoast_head":"<!-- This site is optimized with the Yoast SEO Premium plugin v26.0 (Yoast SEO v27.4) - https:\/\/yoast.com\/product\/yoast-seo-premium-wordpress\/ -->\n<title>Cheminement de carri\u00e8re | eCampusOntario<\/title>\n<meta name=\"robots\" content=\"index, follow, max-snippet:-1, max-image-preview:large, max-video-preview:-1\" \/>\n<link rel=\"canonical\" href=\"https:\/\/ecampusontario.ca\/fr\/career-development\/\" \/>\n<meta property=\"og:locale\" content=\"fr_FR\" \/>\n<meta property=\"og:type\" content=\"article\" \/>\n<meta property=\"og:title\" content=\"Cheminement de carri\u00e8re\" \/>\n<meta property=\"og:description\" content=\"APPRENTISSAGE Cheminement de carri\u00e8re Faites progresser votre carri\u00e8re gr\u00e2ce \u00e0 des formations ax\u00e9es sur les comp\u00e9tences et des stages coop\u00e9ratifs. Accueil Cheminement de carri\u00e8re Propulsez votre carri\u00e8re. Que vous d\u00e9marriez votre carri\u00e8re ou que vous soyez en r\u00e9orientation, les services de cheminement de carri\u00e8re d\u2019eCampusOntario peuvent vous aider \u00e0 atteindre vos objectifs. D\u00e9couvrez des parcours [&hellip;]\" \/>\n<meta property=\"og:url\" content=\"https:\/\/ecampusontario.ca\/fr\/career-development\/\" \/>\n<meta property=\"og:site_name\" content=\"eCampusOntario\" \/>\n<meta property=\"article:publisher\" content=\"https:\/\/www.facebook.com\/ecampusontario\/\" \/>\n<meta property=\"article:modified_time\" content=\"2026-03-04T17:47:51+00:00\" \/>\n<meta property=\"og:image\" content=\"https:\/\/ecampusontario.ca\/wp-content\/uploads\/2025\/09\/Learn-Career-Development.png\" \/>\n\t<meta property=\"og:image:width\" content=\"598\" \/>\n\t<meta property=\"og:image:height\" content=\"409\" \/>\n\t<meta property=\"og:image:type\" content=\"image\/png\" \/>\n<meta name=\"twitter:card\" content=\"summary_large_image\" \/>\n<meta name=\"twitter:site\" content=\"@eCampusOntario\" \/>\n<meta name=\"twitter:label1\" content=\"Dur\u00e9e de lecture estim\u00e9e\" \/>\n\t<meta name=\"twitter:data1\" content=\"4 minutes\" \/>\n<script type=\"application\/ld+json\" class=\"yoast-schema-graph\">{\"@context\":\"https:\\\/\\\/schema.org\",\"@graph\":[{\"@type\":\"WebPage\",\"@id\":\"https:\\\/\\\/ecampusontario.ca\\\/fr\\\/career-development\\\/\",\"url\":\"https:\\\/\\\/ecampusontario.ca\\\/fr\\\/career-development\\\/\",\"name\":\"Cheminement de carri\u00e8re | eCampusOntario\",\"isPartOf\":{\"@id\":\"https:\\\/\\\/ecampusontario.ca\\\/fr\\\/#website\"},\"primaryImageOfPage\":{\"@id\":\"https:\\\/\\\/ecampusontario.ca\\\/fr\\\/career-development\\\/#primaryimage\"},\"image\":{\"@id\":\"https:\\\/\\\/ecampusontario.ca\\\/fr\\\/career-development\\\/#primaryimage\"},\"thumbnailUrl\":\"https:\\\/\\\/ecampusontario.ca\\\/wp-content\\\/uploads\\\/2025\\\/09\\\/Learn-Career-Development-300x205.png\",\"datePublished\":\"2025-09-30T15:27:09+00:00\",\"dateModified\":\"2026-03-04T17:47:51+00:00\",\"breadcrumb\":{\"@id\":\"https:\\\/\\\/ecampusontario.ca\\\/fr\\\/career-development\\\/#breadcrumb\"},\"inLanguage\":\"fr-FR\",\"potentialAction\":[{\"@type\":\"ReadAction\",\"target\":[\"https:\\\/\\\/ecampusontario.ca\\\/fr\\\/career-development\\\/\"]}]},{\"@type\":\"ImageObject\",\"inLanguage\":\"fr-FR\",\"@id\":\"https:\\\/\\\/ecampusontario.ca\\\/fr\\\/career-development\\\/#primaryimage\",\"url\":\"https:\\\/\\\/ecampusontario.ca\\\/wp-content\\\/uploads\\\/2025\\\/09\\\/Learn-Career-Development-300x205.png\",\"contentUrl\":\"https:\\\/\\\/ecampusontario.ca\\\/wp-content\\\/uploads\\\/2025\\\/09\\\/Learn-Career-Development-300x205.png\"},{\"@type\":\"BreadcrumbList\",\"@id\":\"https:\\\/\\\/ecampusontario.ca\\\/fr\\\/career-development\\\/#breadcrumb\",\"itemListElement\":[{\"@type\":\"ListItem\",\"position\":1,\"name\":\"Home\",\"item\":\"https:\\\/\\\/ecampusontario.ca\\\/fr\\\/\"},{\"@type\":\"ListItem\",\"position\":2,\"name\":\"Cheminement de carri\u00e8re\"}]},{\"@type\":\"WebSite\",\"@id\":\"https:\\\/\\\/ecampusontario.ca\\\/fr\\\/#website\",\"url\":\"https:\\\/\\\/ecampusontario.ca\\\/fr\\\/\",\"name\":\"eCampusOntario\",\"description\":\"The online hub for learners and educators across Ontario\",\"publisher\":{\"@id\":\"https:\\\/\\\/ecampusontario.ca\\\/fr\\\/#organization\"},\"potentialAction\":[{\"@type\":\"SearchAction\",\"target\":{\"@type\":\"EntryPoint\",\"urlTemplate\":\"https:\\\/\\\/ecampusontario.ca\\\/fr\\\/?s={search_term_string}\"},\"query-input\":{\"@type\":\"PropertyValueSpecification\",\"valueRequired\":true,\"valueName\":\"search_term_string\"}}],\"inLanguage\":\"fr-FR\"},{\"@type\":\"Organization\",\"@id\":\"https:\\\/\\\/ecampusontario.ca\\\/fr\\\/#organization\",\"name\":\"eCampusOntario\",\"url\":\"https:\\\/\\\/ecampusontario.ca\\\/fr\\\/\",\"logo\":{\"@type\":\"ImageObject\",\"inLanguage\":\"fr-FR\",\"@id\":\"https:\\\/\\\/ecampusontario.ca\\\/fr\\\/#\\\/schema\\\/logo\\\/image\\\/\",\"url\":\"https:\\\/\\\/ecampusontario.ca\\\/wp-content\\\/uploads\\\/2018\\\/11\\\/ecampus-e-icon-1.png\",\"contentUrl\":\"https:\\\/\\\/ecampusontario.ca\\\/wp-content\\\/uploads\\\/2018\\\/11\\\/ecampus-e-icon-1.png\",\"width\":720,\"height\":325,\"caption\":\"eCampusOntario\"},\"image\":{\"@id\":\"https:\\\/\\\/ecampusontario.ca\\\/fr\\\/#\\\/schema\\\/logo\\\/image\\\/\"},\"sameAs\":[\"https:\\\/\\\/www.facebook.com\\\/ecampusontario\\\/\",\"https:\\\/\\\/x.com\\\/eCampusOntario\"]}]}<\/script>\n<!-- \/ Yoast SEO Premium plugin. -->","yoast_head_json":{"title":"Cheminement de carri\u00e8re | eCampusOntario","robots":{"index":"index","follow":"follow","max-snippet":"max-snippet:-1","max-image-preview":"max-image-preview:large","max-video-preview":"max-video-preview:-1"},"canonical":"https:\/\/ecampusontario.ca\/fr\/career-development\/","og_locale":"fr_FR","og_type":"article","og_title":"Cheminement de carri\u00e8re","og_description":"APPRENTISSAGE Cheminement de carri\u00e8re Faites progresser votre carri\u00e8re gr\u00e2ce \u00e0 des formations ax\u00e9es sur les comp\u00e9tences et des stages coop\u00e9ratifs. Accueil Cheminement de carri\u00e8re Propulsez votre carri\u00e8re. Que vous d\u00e9marriez votre carri\u00e8re ou que vous soyez en r\u00e9orientation, les services de cheminement de carri\u00e8re d\u2019eCampusOntario peuvent vous aider \u00e0 atteindre vos objectifs. D\u00e9couvrez des parcours [&hellip;]","og_url":"https:\/\/ecampusontario.ca\/fr\/career-development\/","og_site_name":"eCampusOntario","article_publisher":"https:\/\/www.facebook.com\/ecampusontario\/","article_modified_time":"2026-03-04T17:47:51+00:00","og_image":[{"width":598,"height":409,"url":"https:\/\/ecampusontario.ca\/wp-content\/uploads\/2025\/09\/Learn-Career-Development.png","type":"image\/png"}],"twitter_card":"summary_large_image","twitter_site":"@eCampusOntario","twitter_misc":{"Dur\u00e9e de lecture estim\u00e9e":"4 minutes"},"schema":{"@context":"https:\/\/schema.org","@graph":[{"@type":"WebPage","@id":"https:\/\/ecampusontario.ca\/fr\/career-development\/","url":"https:\/\/ecampusontario.ca\/fr\/career-development\/","name":"Cheminement de carri\u00e8re | eCampusOntario","isPartOf":{"@id":"https:\/\/ecampusontario.ca\/fr\/#website"},"primaryImageOfPage":{"@id":"https:\/\/ecampusontario.ca\/fr\/career-development\/#primaryimage"},"image":{"@id":"https:\/\/ecampusontario.ca\/fr\/career-development\/#primaryimage"},"thumbnailUrl":"https:\/\/ecampusontario.ca\/wp-content\/uploads\/2025\/09\/Learn-Career-Development-300x205.png","datePublished":"2025-09-30T15:27:09+00:00","dateModified":"2026-03-04T17:47:51+00:00","breadcrumb":{"@id":"https:\/\/ecampusontario.ca\/fr\/career-development\/#breadcrumb"},"inLanguage":"fr-FR","potentialAction":[{"@type":"ReadAction","target":["https:\/\/ecampusontario.ca\/fr\/career-development\/"]}]},{"@type":"ImageObject","inLanguage":"fr-FR","@id":"https:\/\/ecampusontario.ca\/fr\/career-development\/#primaryimage","url":"https:\/\/ecampusontario.ca\/wp-content\/uploads\/2025\/09\/Learn-Career-Development-300x205.png","contentUrl":"https:\/\/ecampusontario.ca\/wp-content\/uploads\/2025\/09\/Learn-Career-Development-300x205.png"},{"@type":"BreadcrumbList","@id":"https:\/\/ecampusontario.ca\/fr\/career-development\/#breadcrumb","itemListElement":[{"@type":"ListItem","position":1,"name":"Home","item":"https:\/\/ecampusontario.ca\/fr\/"},{"@type":"ListItem","position":2,"name":"Cheminement de carri\u00e8re"}]},{"@type":"WebSite","@id":"https:\/\/ecampusontario.ca\/fr\/#website","url":"https:\/\/ecampusontario.ca\/fr\/","name":"eCampusOntario","description":"The online hub for learners and educators across Ontario","publisher":{"@id":"https:\/\/ecampusontario.ca\/fr\/#organization"},"potentialAction":[{"@type":"SearchAction","target":{"@type":"EntryPoint","urlTemplate":"https:\/\/ecampusontario.ca\/fr\/?s={search_term_string}"},"query-input":{"@type":"PropertyValueSpecification","valueRequired":true,"valueName":"search_term_string"}}],"inLanguage":"fr-FR"},{"@type":"Organization","@id":"https:\/\/ecampusontario.ca\/fr\/#organization","name":"eCampusOntario","url":"https:\/\/ecampusontario.ca\/fr\/","logo":{"@type":"ImageObject","inLanguage":"fr-FR","@id":"https:\/\/ecampusontario.ca\/fr\/#\/schema\/logo\/image\/","url":"https:\/\/ecampusontario.ca\/wp-content\/uploads\/2018\/11\/ecampus-e-icon-1.png","contentUrl":"https:\/\/ecampusontario.ca\/wp-content\/uploads\/2018\/11\/ecampus-e-icon-1.png","width":720,"height":325,"caption":"eCampusOntario"},"image":{"@id":"https:\/\/ecampusontario.ca\/fr\/#\/schema\/logo\/image\/"},"sameAs":["https:\/\/www.facebook.com\/ecampusontario\/","https:\/\/x.com\/eCampusOntario"]}]}},"_links":{"self":[{"href":"https:\/\/ecampusontario.ca\/fr\/wp-json\/wp\/v2\/pages\/39426","targetHints":{"allow":["GET"]}}],"collection":[{"href":"https:\/\/ecampusontario.ca\/fr\/wp-json\/wp\/v2\/pages"}],"about":[{"href":"https:\/\/ecampusontario.ca\/fr\/wp-json\/wp\/v2\/types\/page"}],"author":[{"embeddable":true,"href":"https:\/\/ecampusontario.ca\/fr\/wp-json\/wp\/v2\/users\/18"}],"replies":[{"embeddable":true,"href":"https:\/\/ecampusontario.ca\/fr\/wp-json\/wp\/v2\/comments?post=39426"}],"version-history":[{"count":30,"href":"https:\/\/ecampusontario.ca\/fr\/wp-json\/wp\/v2\/pages\/39426\/revisions"}],"predecessor-version":[{"id":43657,"href":"https:\/\/ecampusontario.ca\/fr\/wp-json\/wp\/v2\/pages\/39426\/revisions\/43657"}],"wp:attachment":[{"href":"https:\/\/ecampusontario.ca\/fr\/wp-json\/wp\/v2\/media?parent=39426"}],"wp:term":[{"taxonomy":"category","embeddable":true,"href":"https:\/\/ecampusontario.ca\/fr\/wp-json\/wp\/v2\/categories?post=39426"},{"taxonomy":"post_tag","embeddable":true,"href":"https:\/\/ecampusontario.ca\/fr\/wp-json\/wp\/v2\/tags?post=39426"}],"curies":[{"name":"wp","href":"https:\/\/api.w.org\/{rel}","templated":true}]}}