
{"id":39424,"date":"2025-09-30T15:09:59","date_gmt":"2025-09-30T19:09:59","guid":{"rendered":"https:\/\/ecampusontario.ca\/sector-insights\/"},"modified":"2026-04-10T10:02:33","modified_gmt":"2026-04-10T14:02:33","slug":"sector-insights","status":"publish","type":"page","link":"https:\/\/ecampusontario.ca\/fr\/sector-insights\/","title":{"rendered":"Perspectives du secteur"},"content":{"rendered":"\n<header class=\"wp-block-group  has-light-steel-background-color has-background is-layout-constrained wp-block-group-is-layout-constrained\">\n<div class=\"wp-block-columns eco-gap-20 eco-padding-horizontal-4rem has-background is-layout-flex wp-container-core-columns-is-layout-9d6595d7 wp-block-columns-is-layout-flex\" style=\"background-color:#dae8ed\">\n<div class=\"wp-block-column align-vertical-center is-layout-flow wp-block-column-is-layout-flow\">\n<p class=\"has-medium-font-size\" style=\"text-transform:uppercase\"><strong>TransformATION<\/strong><\/p>\n\n\n\n<h1 class=\"wp-block-heading\" id=\"h-perspectives-du-secteur\">Perspectives du secteur<\/h1>\n\n\n\n<p class=\"has-text-align-left\">Des perspectives fond\u00e9es sur les donn\u00e9es pour pr\u00e9parer l\u2019avenir de votre \u00e9tablissement<\/p>\n<\/div>\n\n\n\n<div class=\"wp-block-column d-flex  is-layout-flow wp-block-column-is-layout-flow\">\n<figure class=\"wp-block-image aligncenter size-medium d-flex align-vertical-center\"><img loading=\"lazy\" decoding=\"async\" width=\"300\" height=\"205\" src=\"https:\/\/ecampusontario.ca\/wp-content\/uploads\/2025\/09\/Transform-sector-insights-300x205.png\" alt=\"\" class=\"wp-image-39017\" srcset=\"https:\/\/ecampusontario.ca\/wp-content\/uploads\/2025\/09\/Transform-sector-insights-300x205.png 300w, https:\/\/ecampusontario.ca\/wp-content\/uploads\/2025\/09\/Transform-sector-insights.png 599w\" sizes=\"auto, (max-width: 300px) 100vw, 300px\" \/><\/figure>\n<\/div>\n<\/div>\n<\/header>\n\n\n\n<div class=\"wp-block-group eco-no-padding-horizontal eco-no-padding-vertical is-layout-constrained wp-block-group-is-layout-constrained\">\n<div class=\"wp-block-ecampusontario-eco-breadcrumbs\">\n\t<nav class=\"eco-breadcrumbs\" aria-label=\"Breadcrumbs\"><ol><li><a href=\"\/fr\/\">Accueil<\/a><\/li><li class=\"eco-breacrumb-current\">Perspectives du secteur<\/li><\/ol><\/nav><\/div>\n<\/div>\n\n\n\n<div class=\"wp-block-group is-layout-constrained wp-block-group-is-layout-constrained\">\n<div class=\"wp-block-columns gap-col-2 is-layout-flex wp-container-core-columns-is-layout-9d6595d7 wp-block-columns-is-layout-flex\">\n<div class=\"wp-block-column eco-border-steel eco-padding-horizontal eco-padding-vertical has-background is-layout-flow wp-block-column-is-layout-flow\" style=\"background-color:#dae8ed\">\n<figure class=\"wp-block-image size-full is-resized\"><img loading=\"lazy\" decoding=\"async\" width=\"32\" height=\"24\" src=\"https:\/\/ecampusontario.ca\/wp-content\/uploads\/2025\/09\/Vector-1.png\" alt=\"\" class=\"wp-image-38882\" style=\"width:20px\"\/><\/figure>\n\n\n\n<h2 class=\"wp-block-heading\" id=\"h-des-donnees-aux-retombees\"><strong>Des donn\u00e9es aux retomb\u00e9es<\/strong><\/h2>\n\n\n\n<p>Saisissez de nouvelles opportunit\u00e9s en gardant un \u0153il sur les tendances et les technologies \u00e9mergentes. Gr\u00e2ce aux recherches et aux pr\u00e9visions d\u2019eCampusOntario, les \u00e9tablissements peuvent prendre des d\u00e9cisions \u00e9clair\u00e9es, accro\u00eetre leur agilit\u00e9 strat\u00e9gique et pr\u00e9parer les apprenant\u00b7es \u00e0 l\u2019avenir du travail.<\/p>\n<\/div>\n\n\n\n<div class=\"wp-block-column d-flex flex-col border-1px eco-padding-horizontal eco-padding-vertical is-layout-flow wp-block-column-is-layout-flow\">\n<figure class=\"wp-block-image size-full is-resized\"><img loading=\"lazy\" decoding=\"async\" width=\"145\" height=\"159\" src=\"https:\/\/ecampusontario.ca\/wp-content\/uploads\/2021\/05\/BrandAssets-e-icon.png\" alt=\"\" class=\"wp-image-15901\" style=\"width:auto;height:75px\"\/><\/figure>\n\n\n\n<h3 class=\"wp-block-heading wp-block-post-title\" id=\"h-recherche-et-prospective-nbsp\"><strong>Recherche et prospective&nbsp;<\/strong><\/h3>\n\n\n\n<p class=\"capsule-steel\">Prospective et&nbsp;strat\u00e9gie&nbsp;<\/p>\n\n\n\n<p>Stimulez la croissance, l\u2019innovation et la transformation du secteur postsecondaire de l\u2019Ontario en comprenant les tendances \u00e9mergentes, en produisant des connaissances exploitables et en mobilisant des connaissances pour g\u00e9n\u00e9rer des retomb\u00e9es strat\u00e9giques.<\/p>\n\n\n\n<div class=\"wp-block-buttons eco-margin-top-auto is-vertical is-layout-flex wp-container-core-buttons-is-layout-8cf370e7 wp-block-buttons-is-layout-flex\">\n<div class=\"wp-block-button eco-button-outlined-tangerine\"><a class=\"wp-block-button__link wp-element-button\" href=\"https:\/\/ecampusontario.ca\/fr\/research-foresight\" rel=\"noreferrer noopener\" aria-label=\"En savoir plus Recherche et prospective\" >En savoir plus<\/a><\/div>\n<\/div>\n<\/div>\n\n\n\n<div class=\"wp-block-column d-flex flex-col border-1px eco-padding-horizontal eco-padding-vertical is-layout-flow wp-block-column-is-layout-flow\">\n<figure class=\"wp-block-image size-full is-resized\"><img loading=\"lazy\" decoding=\"async\" width=\"145\" height=\"159\" src=\"https:\/\/ecampusontario.ca\/wp-content\/uploads\/2021\/05\/BrandAssets-e-icon.png\" alt=\"\" class=\"wp-image-15901\" style=\"width:auto;height:75px\"\/><\/figure>\n\n\n\n<h3 class=\"wp-block-heading wp-block-post-title\" id=\"h-rapports-et-publications\"><strong>Rapports et publications<\/strong><\/h3>\n\n\n\n<p class=\"capsule-steel\">Ressources et outils<\/p>\n\n\n\n<p>Surmontez les incertitudes en ciblant les tendances \u00e9mergentes pour agir de fa\u00e7on strat\u00e9gique et \u00e9clair\u00e9e.<br><\/p>\n\n\n\n<div class=\"wp-block-buttons eco-margin-top-auto is-vertical is-layout-flex wp-container-core-buttons-is-layout-8cf370e7 wp-block-buttons-is-layout-flex\">\n<div class=\"wp-block-button eco-button-outlined-tangerine\"><a class=\"wp-block-button__link wp-element-button\" href=\"https:\/\/ecampusontario.ca\/fr\/reports-and-publications\/\" rel=\"noreferrer noopener\" aria-label=\"En savoir plus Rapports et publications\" >En savoir plus<\/a><\/div>\n<\/div>\n<\/div>\n<\/div>\n\n\n\n<div class=\"wp-block-columns gap-col-2 is-layout-flex wp-container-core-columns-is-layout-9d6595d7 wp-block-columns-is-layout-flex\">\n<div class=\"wp-block-column d-flex flex-col border-1px eco-padding-horizontal eco-padding-vertical is-layout-flow wp-block-column-is-layout-flow\">\n<figure class=\"wp-block-image size-full is-resized\"><img loading=\"lazy\" decoding=\"async\" width=\"145\" height=\"159\" src=\"https:\/\/ecampusontario.ca\/wp-content\/uploads\/2021\/05\/BrandAssets-e-icon.png\" alt=\"logo\" class=\"wp-image-15901\" style=\"width:auto;height:75px\"\/><\/figure>\n\n\n\n<h3 class=\"wp-block-heading wp-block-post-title\" id=\"h-ateliers-avec-ecampusontario\"><strong>Ateliers avec eCampusOntario<\/strong><\/h3>\n\n\n\n<p class=\"capsule-steel\">\u00c9v\u00e9nements et ateliers<\/p>\n\n\n\n<p>Une mise en pratique concr\u00e8te avec des expert\u00b7es de premier plan pour vous aider \u00e0 renforcer vos capacit\u00e9s de recherche et de prospective dans votre \u00e9tablissement.<\/p>\n\n\n\n<div class=\"wp-block-buttons eco-margin-top-auto is-vertical is-layout-flex wp-container-core-buttons-is-layout-8cf370e7 wp-block-buttons-is-layout-flex\">\n<div class=\"wp-block-button eco-button-outlined-tangerine\"><a class=\"wp-block-button__link wp-element-button\" href=\"https:\/\/learn.ecampusontario.ca\/?cm_locale=fr\" target=\"_blank\" rel=\"noreferrer noopener\" aria-label=\"En savoir plus Ateliers avec ecampusontario (s'ouvre dans un nouvel onglet)\">En savoir plus<\/a><\/div>\n<\/div>\n<\/div>\n\n\n\n<div class=\"wp-block-column d-flex flex-col border-1px eco-padding-horizontal eco-padding-vertical is-layout-flow wp-block-column-is-layout-flow\">\n<figure class=\"wp-block-image size-full is-resized\"><img loading=\"lazy\" decoding=\"async\" width=\"145\" height=\"159\" src=\"https:\/\/ecampusontario.ca\/wp-content\/uploads\/2021\/05\/BrandAssets-e-icon.png\" alt=\"\" class=\"wp-image-15901\" style=\"width:auto;height:75px\"\/><\/figure>\n\n\n\n<h3 class=\"wp-block-heading wp-block-post-title\" id=\"h-strategie-d-apprentissage-virtuel-sav\"><strong>Strat\u00e9gie d\u2019apprentissage virtuel (SAV)<\/strong><\/h3>\n\n\n\n<p class=\"capsule-steel\">Ressources<\/p>\n\n\n\n<p>Un investissement historique du minist\u00e8re des Coll\u00e8ges et Universit\u00e9s, de l\u2019Excellence en recherche et de la S\u00e9curit\u00e9 pour stimuler la croissance et le d\u00e9veloppement de l\u2019apprentissage virtuel.<\/p>\n\n\n\n<div class=\"wp-block-buttons eco-margin-top-auto is-vertical is-layout-flex wp-container-core-buttons-is-layout-8cf370e7 wp-block-buttons-is-layout-flex\">\n<div class=\"wp-block-button eco-button-outlined-tangerine\"><a class=\"wp-block-button__link wp-element-button\" href=\"https:\/\/vls.ecampusontario.ca\/fr\/\" target=\"_blank\" rel=\"noreferrer noopener\" aria-label=\"En savoir plus Strat\u00e9gie d\u2019apprentissage virtuel (SAV) (s'ouvre dans un nouvel onglet)\" >En savoir plus<\/a><\/div>\n<\/div>\n<\/div>\n\n\n\n<div class=\"wp-block-column eco-padding-horizontal eco-padding-vertical is-layout-flow wp-block-column-is-layout-flow\"><\/div>\n<\/div>\n<\/div>\n\n\n\n<div class=\"wp-block-group eco-padding-vertical has-background is-layout-constrained wp-block-group-is-layout-constrained\" style=\"background-color:#edeaea\">\n<h2 class=\"wp-block-heading has-text-align-center eco-padding-top\" id=\"h-vous-ne-trouvez-pas-ce-dont-vous-avez-besoin\">Vous ne trouvez pas ce dont vous avez besoin?<\/h2>\n\n\n\n<div class=\"wp-block-buttons eco-padding-bottom is-content-justification-center is-layout-flex wp-container-core-buttons-is-layout-16018d1d wp-block-buttons-is-layout-flex\">\n<div class=\"wp-block-button eco-button-tangerine\"><a class=\"wp-block-button__link has-text-align-center wp-element-button\" href=\"https:\/\/ecampusontario.ca\/fr\/contact-us\/\">Nous joindre<\/a><\/div>\n<\/div>\n<\/div>\n\n\n\n<p><\/p>\n","protected":false},"excerpt":{"rendered":"<p>TransformATION Perspectives du secteur Des perspectives fond\u00e9es sur les donn\u00e9es pour pr\u00e9parer l\u2019avenir de votre \u00e9tablissement Accueil Perspectives du secteur Des donn\u00e9es aux retomb\u00e9es Saisissez de nouvelles opportunit\u00e9s en gardant un \u0153il sur les tendances et les technologies \u00e9mergentes. Gr\u00e2ce aux recherches et aux pr\u00e9visions d\u2019eCampusOntario, les \u00e9tablissements peuvent prendre des d\u00e9cisions \u00e9clair\u00e9es, accro\u00eetre leur [&hellip;]<\/p>\n","protected":false},"author":18,"featured_media":0,"parent":0,"menu_order":0,"comment_status":"closed","ping_status":"closed","template":"www-home-page","meta":{"_acf_changed":false,"footnotes":""},"categories":[],"tags":[],"class_list":["post-39424","page","type-page","status-publish","hentry"],"acf":[],"yoast_head":"<!-- This site is optimized with the Yoast SEO Premium plugin v27.4 (Yoast SEO v27.4) - https:\/\/yoast.com\/product\/yoast-seo-premium-wordpress\/ -->\n<title>Perspectives du secteur | eCampusOntario<\/title>\n<meta name=\"robots\" content=\"index, follow, max-snippet:-1, max-image-preview:large, max-video-preview:-1\" \/>\n<link rel=\"canonical\" href=\"https:\/\/ecampusontario.ca\/fr\/sector-insights\/\" \/>\n<meta property=\"og:locale\" content=\"fr_FR\" \/>\n<meta property=\"og:type\" content=\"article\" \/>\n<meta property=\"og:title\" content=\"Perspectives du secteur\" \/>\n<meta property=\"og:description\" content=\"TransformATION Perspectives du secteur Des perspectives fond\u00e9es sur les donn\u00e9es pour pr\u00e9parer l\u2019avenir de votre \u00e9tablissement Accueil Perspectives du secteur Des donn\u00e9es aux retomb\u00e9es Saisissez de nouvelles opportunit\u00e9s en gardant un \u0153il sur les tendances et les technologies \u00e9mergentes. Gr\u00e2ce aux recherches et aux pr\u00e9visions d\u2019eCampusOntario, les \u00e9tablissements peuvent prendre des d\u00e9cisions \u00e9clair\u00e9es, accro\u00eetre leur [&hellip;]\" \/>\n<meta property=\"og:url\" content=\"https:\/\/ecampusontario.ca\/fr\/sector-insights\/\" \/>\n<meta property=\"og:site_name\" content=\"eCampusOntario\" \/>\n<meta property=\"article:publisher\" content=\"https:\/\/www.facebook.com\/ecampusontario\/\" \/>\n<meta property=\"article:modified_time\" content=\"2026-04-10T14:02:33+00:00\" \/>\n<meta property=\"og:image\" content=\"https:\/\/ecampusontario.ca\/wp-content\/uploads\/2025\/09\/Transform-sector-insights.png\" \/>\n\t<meta property=\"og:image:width\" content=\"599\" \/>\n\t<meta property=\"og:image:height\" content=\"409\" \/>\n\t<meta property=\"og:image:type\" content=\"image\/png\" \/>\n<meta name=\"twitter:card\" content=\"summary_large_image\" \/>\n<meta name=\"twitter:site\" content=\"@eCampusOntario\" \/>\n<meta name=\"twitter:label1\" content=\"Dur\u00e9e de lecture estim\u00e9e\" \/>\n\t<meta name=\"twitter:data1\" content=\"3 minutes\" \/>\n<script type=\"application\/ld+json\" class=\"yoast-schema-graph\">{\"@context\":\"https:\\\/\\\/schema.org\",\"@graph\":[{\"@type\":\"WebPage\",\"@id\":\"https:\\\/\\\/ecampusontario.ca\\\/fr\\\/sector-insights\\\/\",\"url\":\"https:\\\/\\\/ecampusontario.ca\\\/fr\\\/sector-insights\\\/\",\"name\":\"Perspectives du secteur | eCampusOntario\",\"isPartOf\":{\"@id\":\"https:\\\/\\\/ecampusontario.ca\\\/fr\\\/#website\"},\"primaryImageOfPage\":{\"@id\":\"https:\\\/\\\/ecampusontario.ca\\\/fr\\\/sector-insights\\\/#primaryimage\"},\"image\":{\"@id\":\"https:\\\/\\\/ecampusontario.ca\\\/fr\\\/sector-insights\\\/#primaryimage\"},\"thumbnailUrl\":\"https:\\\/\\\/ecampusontario.ca\\\/wp-content\\\/uploads\\\/2025\\\/09\\\/Transform-sector-insights-300x205.png\",\"datePublished\":\"2025-09-30T19:09:59+00:00\",\"dateModified\":\"2026-04-10T14:02:33+00:00\",\"breadcrumb\":{\"@id\":\"https:\\\/\\\/ecampusontario.ca\\\/fr\\\/sector-insights\\\/#breadcrumb\"},\"inLanguage\":\"fr-FR\",\"potentialAction\":[{\"@type\":\"ReadAction\",\"target\":[\"https:\\\/\\\/ecampusontario.ca\\\/fr\\\/sector-insights\\\/\"]}]},{\"@type\":\"ImageObject\",\"inLanguage\":\"fr-FR\",\"@id\":\"https:\\\/\\\/ecampusontario.ca\\\/fr\\\/sector-insights\\\/#primaryimage\",\"url\":\"https:\\\/\\\/ecampusontario.ca\\\/wp-content\\\/uploads\\\/2025\\\/09\\\/Transform-sector-insights-300x205.png\",\"contentUrl\":\"https:\\\/\\\/ecampusontario.ca\\\/wp-content\\\/uploads\\\/2025\\\/09\\\/Transform-sector-insights-300x205.png\"},{\"@type\":\"BreadcrumbList\",\"@id\":\"https:\\\/\\\/ecampusontario.ca\\\/fr\\\/sector-insights\\\/#breadcrumb\",\"itemListElement\":[{\"@type\":\"ListItem\",\"position\":1,\"name\":\"Home\",\"item\":\"https:\\\/\\\/ecampusontario.ca\\\/fr\\\/\"},{\"@type\":\"ListItem\",\"position\":2,\"name\":\"Perspectives du secteur\"}]},{\"@type\":\"WebSite\",\"@id\":\"https:\\\/\\\/ecampusontario.ca\\\/fr\\\/#website\",\"url\":\"https:\\\/\\\/ecampusontario.ca\\\/fr\\\/\",\"name\":\"eCampusOntario\",\"description\":\"The online hub for learners and educators across Ontario\",\"publisher\":{\"@id\":\"https:\\\/\\\/ecampusontario.ca\\\/fr\\\/#organization\"},\"potentialAction\":[{\"@type\":\"SearchAction\",\"target\":{\"@type\":\"EntryPoint\",\"urlTemplate\":\"https:\\\/\\\/ecampusontario.ca\\\/fr\\\/?s={search_term_string}\"},\"query-input\":{\"@type\":\"PropertyValueSpecification\",\"valueRequired\":true,\"valueName\":\"search_term_string\"}}],\"inLanguage\":\"fr-FR\"},{\"@type\":\"Organization\",\"@id\":\"https:\\\/\\\/ecampusontario.ca\\\/fr\\\/#organization\",\"name\":\"eCampusOntario\",\"url\":\"https:\\\/\\\/ecampusontario.ca\\\/fr\\\/\",\"logo\":{\"@type\":\"ImageObject\",\"inLanguage\":\"fr-FR\",\"@id\":\"https:\\\/\\\/ecampusontario.ca\\\/fr\\\/#\\\/schema\\\/logo\\\/image\\\/\",\"url\":\"https:\\\/\\\/ecampusontario.ca\\\/wp-content\\\/uploads\\\/2018\\\/11\\\/ecampus-e-icon-1.png\",\"contentUrl\":\"https:\\\/\\\/ecampusontario.ca\\\/wp-content\\\/uploads\\\/2018\\\/11\\\/ecampus-e-icon-1.png\",\"width\":720,\"height\":325,\"caption\":\"eCampusOntario\"},\"image\":{\"@id\":\"https:\\\/\\\/ecampusontario.ca\\\/fr\\\/#\\\/schema\\\/logo\\\/image\\\/\"},\"sameAs\":[\"https:\\\/\\\/www.facebook.com\\\/ecampusontario\\\/\",\"https:\\\/\\\/x.com\\\/eCampusOntario\"]}]}<\/script>\n<!-- \/ Yoast SEO Premium plugin. -->","yoast_head_json":{"title":"Perspectives du secteur | eCampusOntario","robots":{"index":"index","follow":"follow","max-snippet":"max-snippet:-1","max-image-preview":"max-image-preview:large","max-video-preview":"max-video-preview:-1"},"canonical":"https:\/\/ecampusontario.ca\/fr\/sector-insights\/","og_locale":"fr_FR","og_type":"article","og_title":"Perspectives du secteur","og_description":"TransformATION Perspectives du secteur Des perspectives fond\u00e9es sur les donn\u00e9es pour pr\u00e9parer l\u2019avenir de votre \u00e9tablissement Accueil Perspectives du secteur Des donn\u00e9es aux retomb\u00e9es Saisissez de nouvelles opportunit\u00e9s en gardant un \u0153il sur les tendances et les technologies \u00e9mergentes. Gr\u00e2ce aux recherches et aux pr\u00e9visions d\u2019eCampusOntario, les \u00e9tablissements peuvent prendre des d\u00e9cisions \u00e9clair\u00e9es, accro\u00eetre leur [&hellip;]","og_url":"https:\/\/ecampusontario.ca\/fr\/sector-insights\/","og_site_name":"eCampusOntario","article_publisher":"https:\/\/www.facebook.com\/ecampusontario\/","article_modified_time":"2026-04-10T14:02:33+00:00","og_image":[{"width":599,"height":409,"url":"https:\/\/ecampusontario.ca\/wp-content\/uploads\/2025\/09\/Transform-sector-insights.png","type":"image\/png"}],"twitter_card":"summary_large_image","twitter_site":"@eCampusOntario","twitter_misc":{"Dur\u00e9e de lecture estim\u00e9e":"3 minutes"},"schema":{"@context":"https:\/\/schema.org","@graph":[{"@type":"WebPage","@id":"https:\/\/ecampusontario.ca\/fr\/sector-insights\/","url":"https:\/\/ecampusontario.ca\/fr\/sector-insights\/","name":"Perspectives du secteur | eCampusOntario","isPartOf":{"@id":"https:\/\/ecampusontario.ca\/fr\/#website"},"primaryImageOfPage":{"@id":"https:\/\/ecampusontario.ca\/fr\/sector-insights\/#primaryimage"},"image":{"@id":"https:\/\/ecampusontario.ca\/fr\/sector-insights\/#primaryimage"},"thumbnailUrl":"https:\/\/ecampusontario.ca\/wp-content\/uploads\/2025\/09\/Transform-sector-insights-300x205.png","datePublished":"2025-09-30T19:09:59+00:00","dateModified":"2026-04-10T14:02:33+00:00","breadcrumb":{"@id":"https:\/\/ecampusontario.ca\/fr\/sector-insights\/#breadcrumb"},"inLanguage":"fr-FR","potentialAction":[{"@type":"ReadAction","target":["https:\/\/ecampusontario.ca\/fr\/sector-insights\/"]}]},{"@type":"ImageObject","inLanguage":"fr-FR","@id":"https:\/\/ecampusontario.ca\/fr\/sector-insights\/#primaryimage","url":"https:\/\/ecampusontario.ca\/wp-content\/uploads\/2025\/09\/Transform-sector-insights-300x205.png","contentUrl":"https:\/\/ecampusontario.ca\/wp-content\/uploads\/2025\/09\/Transform-sector-insights-300x205.png"},{"@type":"BreadcrumbList","@id":"https:\/\/ecampusontario.ca\/fr\/sector-insights\/#breadcrumb","itemListElement":[{"@type":"ListItem","position":1,"name":"Home","item":"https:\/\/ecampusontario.ca\/fr\/"},{"@type":"ListItem","position":2,"name":"Perspectives du secteur"}]},{"@type":"WebSite","@id":"https:\/\/ecampusontario.ca\/fr\/#website","url":"https:\/\/ecampusontario.ca\/fr\/","name":"eCampusOntario","description":"The online hub for learners and educators across Ontario","publisher":{"@id":"https:\/\/ecampusontario.ca\/fr\/#organization"},"potentialAction":[{"@type":"SearchAction","target":{"@type":"EntryPoint","urlTemplate":"https:\/\/ecampusontario.ca\/fr\/?s={search_term_string}"},"query-input":{"@type":"PropertyValueSpecification","valueRequired":true,"valueName":"search_term_string"}}],"inLanguage":"fr-FR"},{"@type":"Organization","@id":"https:\/\/ecampusontario.ca\/fr\/#organization","name":"eCampusOntario","url":"https:\/\/ecampusontario.ca\/fr\/","logo":{"@type":"ImageObject","inLanguage":"fr-FR","@id":"https:\/\/ecampusontario.ca\/fr\/#\/schema\/logo\/image\/","url":"https:\/\/ecampusontario.ca\/wp-content\/uploads\/2018\/11\/ecampus-e-icon-1.png","contentUrl":"https:\/\/ecampusontario.ca\/wp-content\/uploads\/2018\/11\/ecampus-e-icon-1.png","width":720,"height":325,"caption":"eCampusOntario"},"image":{"@id":"https:\/\/ecampusontario.ca\/fr\/#\/schema\/logo\/image\/"},"sameAs":["https:\/\/www.facebook.com\/ecampusontario\/","https:\/\/x.com\/eCampusOntario"]}]}},"_links":{"self":[{"href":"https:\/\/ecampusontario.ca\/fr\/wp-json\/wp\/v2\/pages\/39424","targetHints":{"allow":["GET"]}}],"collection":[{"href":"https:\/\/ecampusontario.ca\/fr\/wp-json\/wp\/v2\/pages"}],"about":[{"href":"https:\/\/ecampusontario.ca\/fr\/wp-json\/wp\/v2\/types\/page"}],"author":[{"embeddable":true,"href":"https:\/\/ecampusontario.ca\/fr\/wp-json\/wp\/v2\/users\/18"}],"replies":[{"embeddable":true,"href":"https:\/\/ecampusontario.ca\/fr\/wp-json\/wp\/v2\/comments?post=39424"}],"version-history":[{"count":22,"href":"https:\/\/ecampusontario.ca\/fr\/wp-json\/wp\/v2\/pages\/39424\/revisions"}],"predecessor-version":[{"id":43979,"href":"https:\/\/ecampusontario.ca\/fr\/wp-json\/wp\/v2\/pages\/39424\/revisions\/43979"}],"wp:attachment":[{"href":"https:\/\/ecampusontario.ca\/fr\/wp-json\/wp\/v2\/media?parent=39424"}],"wp:term":[{"taxonomy":"category","embeddable":true,"href":"https:\/\/ecampusontario.ca\/fr\/wp-json\/wp\/v2\/categories?post=39424"},{"taxonomy":"post_tag","embeddable":true,"href":"https:\/\/ecampusontario.ca\/fr\/wp-json\/wp\/v2\/tags?post=39424"}],"curies":[{"name":"wp","href":"https:\/\/api.w.org\/{rel}","templated":true}]}}