
{"id":3942,"date":"2018-09-06T11:56:43","date_gmt":"2018-09-06T15:56:43","guid":{"rendered":"https:\/\/ecampusontario.ca\/?page_id=3942"},"modified":"2019-04-04T08:43:47","modified_gmt":"2019-04-04T12:43:47","slug":"eduroam","status":"publish","type":"page","link":"https:\/\/ecampusontario.ca\/fr\/eduroam\/","title":{"rendered":"eduroam"},"content":{"rendered":"<style>\n    .eduroam-container-top { width: 68%; }<br \/>\n    .eduroam-img-container { flex: 0 0 400px; max-width: 400px; margin-right: 15px; }<br \/>\n    @media only screen and (max-width: 1679px) {<br \/>\n        .eduroam-container-top { width: 82%; }<br \/>\n    }<br \/>\n    @media only screen and (max-width: 1480px) {<br \/>\n        .eduroam-container-top { width: 88%; }<br \/>\n    }<br \/>\n    @media only screen and (max-width: 1199px) {<br \/>\n        .eduroam-container-top { width: 96%; }<br \/>\n        .eduroam-img-container { flex: 0 0 350px; max-width: 350px; }<br \/>\n    }<br \/>\n    @media only screen and (max-width: 991px) {<br \/>\n        .eduroam-container-top { width: 80%; }<br \/>\n        .eduroam-img-container { flex: 0 0 100%; max-width: 100%; text-align: center; }<br \/>\n        .eduroam-img-container img { width: 350px; }<br \/>\n        .eduroam-container-top .col-7 { flex: 0 0 100%; max-width: 100%; }<br \/>\n    }<br \/>\n    @media only screen and (max-width: 767px) {<br \/>\n        .eduroam-container-top { width: 96%; }<br \/>\n        .eduroam-img-container { text-align: left; margin-top: -2rem; }<br \/>\n    }<br \/>\n<\/style>\n<div class=\"container eduroam-container-top\">\n<div class=\"row\">\n<div class=\"col-12 mb-5\">\n<h1 class=\"heading-main text-center text-left-mobile\">eduroam<\/h1>\n<\/div>\n<\/div>\n<div class=\"row\">\n<div class=\"col-6 eduroam-img-container\"><img loading=\"lazy\" decoding=\"async\" class=\"alignnone size-full wp-image-3743\" src=\"https:\/\/ecampusontario.ca\/wp-content\/uploads\/2018\/08\/eduroam-logo-transparent.png\" alt=\"\" width=\"465\" height=\"271\" srcset=\"https:\/\/ecampusontario.ca\/wp-content\/uploads\/2018\/08\/eduroam-logo-transparent.png 465w, https:\/\/ecampusontario.ca\/wp-content\/uploads\/2018\/08\/eduroam-logo-transparent-300x175.png 300w\" sizes=\"auto, (max-width: 465px) 100vw, 465px\" \/><\/div>\n<div class=\"col-7\">\n<p>eduroam (pour EDUcation ROAMing) est un service d\u2019acc\u00e8s \u00e0 l\u2019itin\u00e9rance mondiale gratuit et s\u00e9curis\u00e9, d\u00e9velopp\u00e9 pour la communaut\u00e9 internationale de l\u2019enseignement et de la recherche.<\/p>\n<p>eduroam permet aux \u00e9tudiants, au personnel et aux chercheurs des \u00e9tablissements et organismes participants, d\u2019obtenir une connexion Internet sans fil dans leur \u00e9tablissement ou campus d\u2019origine et lorsqu\u2019ils visitent d\u2019autres \u00e9tablissements ou organismes participants, \u00e0 l\u2019aide de leur ordinateur portable ou d\u2019autres appareils mobiles..<\/p>\n<\/div>\n<\/div>\n<\/div>\n<div class=\"container container-full-col eduroam-container-bottom\">\n<div class=\"row\">\n<div class=\"col-full col-full-sm\" style=\"background-color: transparent;\">\n<div class=\"col-12\">\n<h4 class=\"gray-color\">O\u00f9 puis-je utiliser eduroam?<\/h4>\n<p>eduroam est accessible dans des milliers d\u2019endroits : dans les campus, les bureaux et les caf\u00e9s de plus de 89 pays. <a href=\"https:\/\/monitor.eduroam.org\/map_service_loc.php\" target=\"_blank\" rel=\"noopener\">Cliquez ici pour acc\u00e9der \u00e0 une carte interactive des zones d\u2019acc\u00e8s sans fil o\u00f9 vous pouvez utiliser eduroam<\/a>.<\/p>\n<h4 class=\"gray-color pt-5\">eduroam pour les visiteurs aux bureaux d\u2019eCampusOntario<\/h4>\n<p>Les visiteurs aux bureaux d\u2019eCampusOntario n\u2019ont qu\u2019\u00e0 s\u00e9lectionner \u00ab eduroam \u00bb depuis la liste des connexions Wi-Fi de leur ordinateur portable ou autre appareil mobile. Ensuite, il leur suffit d\u2019entrer leurs informations d\u2019identification (nom d\u2019utilisateur et mot de passe), telles que fournies par leur \u00e9tablissement ou organisation d\u2019origine.<\/p>\n<h4 class=\"gray-color pt-5\">Soutien<\/h4>\n<p>Les visiteurs ayant des probl\u00e8mes de connexion \u00e0 eduroam doivent communiquer avec leur \u00e9tablissement ou organisation d\u2019origine pour obtenir de l\u2019aide..<\/p>\n<\/div>\n<\/div>\n<\/div>\n<\/div>\n","protected":false},"excerpt":{"rendered":"<p>eduroam eduroam (pour EDUcation ROAMing) est un service d\u2019acc\u00e8s \u00e0 l\u2019itin\u00e9rance mondiale gratuit et s\u00e9curis\u00e9, d\u00e9velopp\u00e9 pour la communaut\u00e9 internationale de l\u2019enseignement et de la recherche. eduroam permet aux \u00e9tudiants, au personnel et aux chercheurs des \u00e9tablissements et organismes participants, d\u2019obtenir une connexion Internet sans fil dans leur \u00e9tablissement ou campus d\u2019origine et lorsqu\u2019ils visitent [&hellip;]<\/p>\n","protected":false},"author":23,"featured_media":0,"parent":0,"menu_order":0,"comment_status":"closed","ping_status":"closed","template":"","meta":{"_acf_changed":false,"footnotes":""},"categories":[],"tags":[],"class_list":["post-3942","page","type-page","status-publish","hentry"],"acf":[],"yoast_head":"<!-- This site is optimized with the Yoast SEO Premium plugin v27.4 (Yoast SEO v27.4) - https:\/\/yoast.com\/product\/yoast-seo-premium-wordpress\/ -->\n<title>eduroam | eCampusOntario<\/title>\n<meta name=\"robots\" content=\"index, follow, max-snippet:-1, max-image-preview:large, max-video-preview:-1\" \/>\n<link rel=\"canonical\" href=\"https:\/\/ecampusontario.ca\/fr\/eduroam\/\" \/>\n<meta property=\"og:locale\" content=\"fr_FR\" \/>\n<meta property=\"og:type\" content=\"article\" \/>\n<meta property=\"og:title\" content=\"eduroam\" \/>\n<meta property=\"og:description\" content=\"eduroam eduroam (pour EDUcation ROAMing) est un service d\u2019acc\u00e8s \u00e0 l\u2019itin\u00e9rance mondiale gratuit et s\u00e9curis\u00e9, d\u00e9velopp\u00e9 pour la communaut\u00e9 internationale de l\u2019enseignement et de la recherche. eduroam permet aux \u00e9tudiants, au personnel et aux chercheurs des \u00e9tablissements et organismes participants, d\u2019obtenir une connexion Internet sans fil dans leur \u00e9tablissement ou campus d\u2019origine et lorsqu\u2019ils visitent [&hellip;]\" \/>\n<meta property=\"og:url\" content=\"https:\/\/ecampusontario.ca\/fr\/eduroam\/\" \/>\n<meta property=\"og:site_name\" content=\"eCampusOntario\" \/>\n<meta property=\"article:publisher\" content=\"https:\/\/www.facebook.com\/ecampusontario\/\" \/>\n<meta property=\"article:modified_time\" content=\"2019-04-04T12:43:47+00:00\" \/>\n<meta property=\"og:image\" content=\"https:\/\/ecampusontario.ca\/wp-content\/uploads\/2018\/08\/eduroam-logo-transparent.png\" \/>\n<meta name=\"twitter:card\" content=\"summary_large_image\" \/>\n<meta name=\"twitter:site\" content=\"@eCampusOntario\" \/>\n<meta name=\"twitter:label1\" content=\"Dur\u00e9e de lecture estim\u00e9e\" \/>\n\t<meta name=\"twitter:data1\" content=\"1 minute\" \/>\n<script type=\"application\/ld+json\" class=\"yoast-schema-graph\">{\"@context\":\"https:\\\/\\\/schema.org\",\"@graph\":[{\"@type\":\"WebPage\",\"@id\":\"https:\\\/\\\/ecampusontario.ca\\\/fr\\\/eduroam\\\/\",\"url\":\"https:\\\/\\\/ecampusontario.ca\\\/fr\\\/eduroam\\\/\",\"name\":\"eduroam | eCampusOntario\",\"isPartOf\":{\"@id\":\"https:\\\/\\\/ecampusontario.ca\\\/fr\\\/#website\"},\"primaryImageOfPage\":{\"@id\":\"https:\\\/\\\/ecampusontario.ca\\\/fr\\\/eduroam\\\/#primaryimage\"},\"image\":{\"@id\":\"https:\\\/\\\/ecampusontario.ca\\\/fr\\\/eduroam\\\/#primaryimage\"},\"thumbnailUrl\":\"https:\\\/\\\/ecampusontario.ca\\\/wp-content\\\/uploads\\\/2018\\\/08\\\/eduroam-logo-transparent.png\",\"datePublished\":\"2018-09-06T15:56:43+00:00\",\"dateModified\":\"2019-04-04T12:43:47+00:00\",\"breadcrumb\":{\"@id\":\"https:\\\/\\\/ecampusontario.ca\\\/fr\\\/eduroam\\\/#breadcrumb\"},\"inLanguage\":\"fr-FR\",\"potentialAction\":[{\"@type\":\"ReadAction\",\"target\":[\"https:\\\/\\\/ecampusontario.ca\\\/fr\\\/eduroam\\\/\"]}]},{\"@type\":\"ImageObject\",\"inLanguage\":\"fr-FR\",\"@id\":\"https:\\\/\\\/ecampusontario.ca\\\/fr\\\/eduroam\\\/#primaryimage\",\"url\":\"https:\\\/\\\/ecampusontario.ca\\\/wp-content\\\/uploads\\\/2018\\\/08\\\/eduroam-logo-transparent.png\",\"contentUrl\":\"https:\\\/\\\/ecampusontario.ca\\\/wp-content\\\/uploads\\\/2018\\\/08\\\/eduroam-logo-transparent.png\"},{\"@type\":\"BreadcrumbList\",\"@id\":\"https:\\\/\\\/ecampusontario.ca\\\/fr\\\/eduroam\\\/#breadcrumb\",\"itemListElement\":[{\"@type\":\"ListItem\",\"position\":1,\"name\":\"Home\",\"item\":\"https:\\\/\\\/ecampusontario.ca\\\/fr\\\/\"},{\"@type\":\"ListItem\",\"position\":2,\"name\":\"eduroam\"}]},{\"@type\":\"WebSite\",\"@id\":\"https:\\\/\\\/ecampusontario.ca\\\/fr\\\/#website\",\"url\":\"https:\\\/\\\/ecampusontario.ca\\\/fr\\\/\",\"name\":\"eCampusOntario\",\"description\":\"The online hub for learners and educators across Ontario\",\"publisher\":{\"@id\":\"https:\\\/\\\/ecampusontario.ca\\\/fr\\\/#organization\"},\"potentialAction\":[{\"@type\":\"SearchAction\",\"target\":{\"@type\":\"EntryPoint\",\"urlTemplate\":\"https:\\\/\\\/ecampusontario.ca\\\/fr\\\/?s={search_term_string}\"},\"query-input\":{\"@type\":\"PropertyValueSpecification\",\"valueRequired\":true,\"valueName\":\"search_term_string\"}}],\"inLanguage\":\"fr-FR\"},{\"@type\":\"Organization\",\"@id\":\"https:\\\/\\\/ecampusontario.ca\\\/fr\\\/#organization\",\"name\":\"eCampusOntario\",\"url\":\"https:\\\/\\\/ecampusontario.ca\\\/fr\\\/\",\"logo\":{\"@type\":\"ImageObject\",\"inLanguage\":\"fr-FR\",\"@id\":\"https:\\\/\\\/ecampusontario.ca\\\/fr\\\/#\\\/schema\\\/logo\\\/image\\\/\",\"url\":\"https:\\\/\\\/ecampusontario.ca\\\/wp-content\\\/uploads\\\/2018\\\/11\\\/ecampus-e-icon-1.png\",\"contentUrl\":\"https:\\\/\\\/ecampusontario.ca\\\/wp-content\\\/uploads\\\/2018\\\/11\\\/ecampus-e-icon-1.png\",\"width\":720,\"height\":325,\"caption\":\"eCampusOntario\"},\"image\":{\"@id\":\"https:\\\/\\\/ecampusontario.ca\\\/fr\\\/#\\\/schema\\\/logo\\\/image\\\/\"},\"sameAs\":[\"https:\\\/\\\/www.facebook.com\\\/ecampusontario\\\/\",\"https:\\\/\\\/x.com\\\/eCampusOntario\"]}]}<\/script>\n<!-- \/ Yoast SEO Premium plugin. -->","yoast_head_json":{"title":"eduroam | eCampusOntario","robots":{"index":"index","follow":"follow","max-snippet":"max-snippet:-1","max-image-preview":"max-image-preview:large","max-video-preview":"max-video-preview:-1"},"canonical":"https:\/\/ecampusontario.ca\/fr\/eduroam\/","og_locale":"fr_FR","og_type":"article","og_title":"eduroam","og_description":"eduroam eduroam (pour EDUcation ROAMing) est un service d\u2019acc\u00e8s \u00e0 l\u2019itin\u00e9rance mondiale gratuit et s\u00e9curis\u00e9, d\u00e9velopp\u00e9 pour la communaut\u00e9 internationale de l\u2019enseignement et de la recherche. eduroam permet aux \u00e9tudiants, au personnel et aux chercheurs des \u00e9tablissements et organismes participants, d\u2019obtenir une connexion Internet sans fil dans leur \u00e9tablissement ou campus d\u2019origine et lorsqu\u2019ils visitent [&hellip;]","og_url":"https:\/\/ecampusontario.ca\/fr\/eduroam\/","og_site_name":"eCampusOntario","article_publisher":"https:\/\/www.facebook.com\/ecampusontario\/","article_modified_time":"2019-04-04T12:43:47+00:00","og_image":[{"url":"https:\/\/ecampusontario.ca\/wp-content\/uploads\/2018\/08\/eduroam-logo-transparent.png","type":"","width":"","height":""}],"twitter_card":"summary_large_image","twitter_site":"@eCampusOntario","twitter_misc":{"Dur\u00e9e de lecture estim\u00e9e":"1 minute"},"schema":{"@context":"https:\/\/schema.org","@graph":[{"@type":"WebPage","@id":"https:\/\/ecampusontario.ca\/fr\/eduroam\/","url":"https:\/\/ecampusontario.ca\/fr\/eduroam\/","name":"eduroam | eCampusOntario","isPartOf":{"@id":"https:\/\/ecampusontario.ca\/fr\/#website"},"primaryImageOfPage":{"@id":"https:\/\/ecampusontario.ca\/fr\/eduroam\/#primaryimage"},"image":{"@id":"https:\/\/ecampusontario.ca\/fr\/eduroam\/#primaryimage"},"thumbnailUrl":"https:\/\/ecampusontario.ca\/wp-content\/uploads\/2018\/08\/eduroam-logo-transparent.png","datePublished":"2018-09-06T15:56:43+00:00","dateModified":"2019-04-04T12:43:47+00:00","breadcrumb":{"@id":"https:\/\/ecampusontario.ca\/fr\/eduroam\/#breadcrumb"},"inLanguage":"fr-FR","potentialAction":[{"@type":"ReadAction","target":["https:\/\/ecampusontario.ca\/fr\/eduroam\/"]}]},{"@type":"ImageObject","inLanguage":"fr-FR","@id":"https:\/\/ecampusontario.ca\/fr\/eduroam\/#primaryimage","url":"https:\/\/ecampusontario.ca\/wp-content\/uploads\/2018\/08\/eduroam-logo-transparent.png","contentUrl":"https:\/\/ecampusontario.ca\/wp-content\/uploads\/2018\/08\/eduroam-logo-transparent.png"},{"@type":"BreadcrumbList","@id":"https:\/\/ecampusontario.ca\/fr\/eduroam\/#breadcrumb","itemListElement":[{"@type":"ListItem","position":1,"name":"Home","item":"https:\/\/ecampusontario.ca\/fr\/"},{"@type":"ListItem","position":2,"name":"eduroam"}]},{"@type":"WebSite","@id":"https:\/\/ecampusontario.ca\/fr\/#website","url":"https:\/\/ecampusontario.ca\/fr\/","name":"eCampusOntario","description":"The online hub for learners and educators across Ontario","publisher":{"@id":"https:\/\/ecampusontario.ca\/fr\/#organization"},"potentialAction":[{"@type":"SearchAction","target":{"@type":"EntryPoint","urlTemplate":"https:\/\/ecampusontario.ca\/fr\/?s={search_term_string}"},"query-input":{"@type":"PropertyValueSpecification","valueRequired":true,"valueName":"search_term_string"}}],"inLanguage":"fr-FR"},{"@type":"Organization","@id":"https:\/\/ecampusontario.ca\/fr\/#organization","name":"eCampusOntario","url":"https:\/\/ecampusontario.ca\/fr\/","logo":{"@type":"ImageObject","inLanguage":"fr-FR","@id":"https:\/\/ecampusontario.ca\/fr\/#\/schema\/logo\/image\/","url":"https:\/\/ecampusontario.ca\/wp-content\/uploads\/2018\/11\/ecampus-e-icon-1.png","contentUrl":"https:\/\/ecampusontario.ca\/wp-content\/uploads\/2018\/11\/ecampus-e-icon-1.png","width":720,"height":325,"caption":"eCampusOntario"},"image":{"@id":"https:\/\/ecampusontario.ca\/fr\/#\/schema\/logo\/image\/"},"sameAs":["https:\/\/www.facebook.com\/ecampusontario\/","https:\/\/x.com\/eCampusOntario"]}]}},"_links":{"self":[{"href":"https:\/\/ecampusontario.ca\/fr\/wp-json\/wp\/v2\/pages\/3942","targetHints":{"allow":["GET"]}}],"collection":[{"href":"https:\/\/ecampusontario.ca\/fr\/wp-json\/wp\/v2\/pages"}],"about":[{"href":"https:\/\/ecampusontario.ca\/fr\/wp-json\/wp\/v2\/types\/page"}],"author":[{"embeddable":true,"href":"https:\/\/ecampusontario.ca\/fr\/wp-json\/wp\/v2\/users\/23"}],"replies":[{"embeddable":true,"href":"https:\/\/ecampusontario.ca\/fr\/wp-json\/wp\/v2\/comments?post=3942"}],"version-history":[{"count":6,"href":"https:\/\/ecampusontario.ca\/fr\/wp-json\/wp\/v2\/pages\/3942\/revisions"}],"predecessor-version":[{"id":6294,"href":"https:\/\/ecampusontario.ca\/fr\/wp-json\/wp\/v2\/pages\/3942\/revisions\/6294"}],"wp:attachment":[{"href":"https:\/\/ecampusontario.ca\/fr\/wp-json\/wp\/v2\/media?parent=3942"}],"wp:term":[{"taxonomy":"category","embeddable":true,"href":"https:\/\/ecampusontario.ca\/fr\/wp-json\/wp\/v2\/categories?post=3942"},{"taxonomy":"post_tag","embeddable":true,"href":"https:\/\/ecampusontario.ca\/fr\/wp-json\/wp\/v2\/tags?post=3942"}],"curies":[{"name":"wp","href":"https:\/\/api.w.org\/{rel}","templated":true}]}}