
{"id":394,"date":"2017-08-12T21:08:16","date_gmt":"2017-08-12T21:08:16","guid":{"rendered":"https:\/\/web3-0.ecampusontario.ca\/educators\/"},"modified":"2024-09-17T12:43:17","modified_gmt":"2024-09-17T16:43:17","slug":"educators","status":"publish","type":"page","link":"https:\/\/ecampusontario.ca\/fr\/educators\/","title":{"rendered":"Enseignants"},"content":{"rendered":"\n<div class=\"container banner-container container-full-col p-0 m-0\">\n<div class=\"row banner-row p-0 m-0\">\n<div class=\"col-12 col-sm-5 banner-text pl-5\">\n<h4 class=\"pre-page-heading\">Nous soutenons les enseignants de l\u2019Ontario<\/h4>\n<h2 class=\"page-main-heading\">Atteindre les \u00e9tudiants par la technologie<\/h2>\n<p class=\"after-page-heading\">Inspirer les apprenants gr\u00e2ce \u00e0 des outils et des initiatives qui permettent aux enseignants de d\u00e9velopper du contenu et de poursuivre le d\u00e9veloppement de l\u2019enseignement libre<\/p>\n<\/div>\n\n\n\n<figure class=\"wp-block-image size-large is-style-default\"><img loading=\"lazy\" decoding=\"async\" width=\"1024\" height=\"409\" src=\"https:\/\/ecampusontario.ca\/wp-content\/uploads\/2021\/06\/Banner-Educators-1024x409.png\" alt=\"Banner - Educators\" class=\"wp-image-16254\" srcset=\"https:\/\/ecampusontario.ca\/wp-content\/uploads\/2021\/06\/Banner-Educators-1024x409.png 1024w, https:\/\/ecampusontario.ca\/wp-content\/uploads\/2021\/06\/Banner-Educators-300x120.png 300w, https:\/\/ecampusontario.ca\/wp-content\/uploads\/2021\/06\/Banner-Educators-768x307.png 768w, https:\/\/ecampusontario.ca\/wp-content\/uploads\/2021\/06\/Banner-Educators-1536x614.png 1536w, https:\/\/ecampusontario.ca\/wp-content\/uploads\/2021\/06\/Banner-Educators.png 1924w\" sizes=\"auto, (max-width: 1024px) 100vw, 1024px\" \/><\/figure>\n\n\n\n<\/div>\n<\/div>\n\n\n\n<div class=\"container\">\n<div class=\"row card-container educators-divider\">\n<div class=\"col-5 column-5 align-items-center flex-column\">\n<figure><img decoding=\"async\" class=\"icon-image mt-5\" src=\"\/wp-content\/themes\/ecampusontario\/images\/graphics\/educators\/Educators-Open-Educational-Resources-Icon.png\" alt=\"Computer image\"><\/figure><div><\/div>\n<div class=\"card h-100 mb-5\">\n<div><a class=\"btn btn-lg light-yellow-btn-background\" href=\"https:\/\/ecampusontario.ca\/fr\/open-education-resources\/\"><span class=\"desktop-only\">En Savoir Plus<\/span><span class=\"mobile-only\">En Savoir Plus<\/span><\/a><\/div>\n<h3>RESSOURCES \u00c9DUCATIVES LIBRES<\/h3>\n<div class=\"content\">Gr\u00e2ce aux manuels libres, \u00e0 la publication libre et \u00e0 des initiatives de contenu libre, eCampusOntario m\u00e8ne la marche dans le domaine des ressources \u00e9ducatives libres en Ontario.<\/div>\n<\/div>\n<\/div>\n<div class=\"col-2 column-2\">&nbsp;<\/div>\n<div class=\"col-5 column-5 align-items-center flex-column\">\n<figure><img decoding=\"async\" class=\"icon-image mt-5\" src=\"\/wp-content\/themes\/ecampusontario\/images\/graphics\/educators\/Educators-Funding-Opportunities-Icon.png\" alt=\"Computer image\"><\/figure><div><\/div>\n<div class=\"card h-100 mb-5\">\n<div><a class=\"btn btn-lg light-yellow-btn-background\" href=\"https:\/\/ecampusontario.ca\/fr\/funding\/\"><span class=\"desktop-only\">En Savoir Plus<\/span><span class=\"mobile-only\">En Savoir Plus<\/span><\/a><\/div>\n<h3>\u00c0 PROPOS DU FINANCEMENT<\/h3>\n<div class=\"content\">L\u2019avenir de l\u2019enseignement et de l\u2019apprentissage assist\u00e9s par la technologie repose sur la collaboration et le travail d\u2019\u00e9quipe. Un programme de financement d\u2019eCampusOntario peut vous aider, vous et votre \u00e9tablissement, \u00e0 cr\u00e9er une diff\u00e9rence dans la salle de cours.<\/div>\n<\/div>\n<\/div>\n<\/div>\n<div class=\"row card-container educators-bottom-content\">\n<div class=\"col-5 column-5 align-items-center flex-column\">\n<figure><img decoding=\"async\" class=\"icon-image mt-5\" src=\"\/wp-content\/themes\/ecampusontario\/images\/graphics\/educators\/icon-extend.png\" alt=\"Computer image\"><\/figure><div><\/div>\n<div class=\"card h-100\">\n<div><a class=\"btn btn-lg light-yellow-btn-background\" href=\"https:\/\/learn.ecampusontario.ca\/?cm_locale=fr\"><span class=\"desktop-only\">En Savoir Plus<\/span><span class=\"mobile-only\">En Savoir Plus<\/span><\/a><\/div>\n<h3>PROGRAMMES DE D\u00c9VELOPPEMENT PROFESSIONNEL<\/h3>\n<div class=\"content\">Tracez votre voie et faites \u00e9voluer votre carri\u00e8re avec des programmes de d\u00e9veloppement professionnel sp\u00e9cialement con\u00e7us pour les p\u00e9dagogues voulant am\u00e9liorer leurs comp\u00e9tences dans le num\u00e9rique. Explorez ces programmes et enrichissez vos pratiques d&rsquo;enseignement et m\u00e9thodes d&rsquo;apprentissage.<\/div>\n<\/div>\n<\/div>\n<div class=\"col-2 column-2\">&nbsp;<\/div>\n<div class=\"col-5 column-5 align-items-center flex-column\">\n<figure><img decoding=\"async\" class=\"icon-image mt-5\" src=\"\/wp-content\/themes\/ecampusontario\/images\/graphics\/educators\/icon-shared-services.png\" alt=\"Computer image\"><\/figure><div><\/div>\n<div class=\"card h-100\">\n<div><a class=\"btn btn-lg light-yellow-btn-background\" href=\"https:\/\/ecampusontario.ca\/fr\/?page_id=8824\"><span class=\"desktop-only\">En Savoir Plus<\/span><span class=\"mobile-only\">Explore the Sandbox<\/span><\/a><\/div>\n<h3>SERVICES PARTAG\u00c9<\/h3>\n<div class=\"content\">Cette ann\u00e9e, eCampusOntario explorera et soutiendra les services partag\u00e9s suivants. Obtenez des mises \u00e0 jour et livrer vos r\u00e9flexions sur les technologies \u00e9mergentes.<\/div>\n<\/div>\n<\/div>\n<\/div>\n<\/div>\n","protected":false},"excerpt":{"rendered":"<p>Nous soutenons les enseignants de l\u2019Ontario Atteindre les \u00e9tudiants par la technologie Inspirer les apprenants gr\u00e2ce \u00e0 des outils et des initiatives qui permettent aux enseignants de d\u00e9velopper du contenu et de poursuivre le d\u00e9veloppement de l\u2019enseignement libre En Savoir PlusEn Savoir Plus RESSOURCES \u00c9DUCATIVES LIBRES Gr\u00e2ce aux manuels libres, \u00e0 la publication libre et [&hellip;]<\/p>\n","protected":false},"author":16,"featured_media":0,"parent":0,"menu_order":0,"comment_status":"closed","ping_status":"closed","template":"","meta":{"_acf_changed":false,"footnotes":""},"categories":[],"tags":[],"class_list":["post-394","page","type-page","status-publish","hentry"],"acf":[],"yoast_head":"<!-- This site is optimized with the Yoast SEO Premium plugin v26.0 (Yoast SEO v26.0) - https:\/\/yoast.com\/wordpress\/plugins\/seo\/ -->\n<title>Enseignants | eCampusOntario<\/title>\n<meta name=\"robots\" content=\"index, follow, max-snippet:-1, max-image-preview:large, max-video-preview:-1\" \/>\n<link rel=\"canonical\" href=\"https:\/\/ecampusontario.ca\/fr\/educators\/\" \/>\n<meta property=\"og:locale\" content=\"fr_FR\" \/>\n<meta property=\"og:type\" content=\"article\" \/>\n<meta property=\"og:title\" content=\"Enseignants\" \/>\n<meta property=\"og:description\" content=\"Nous soutenons les enseignants de l\u2019Ontario Atteindre les \u00e9tudiants par la technologie Inspirer les apprenants gr\u00e2ce \u00e0 des outils et des initiatives qui permettent aux enseignants de d\u00e9velopper du contenu et de poursuivre le d\u00e9veloppement de l\u2019enseignement libre En Savoir PlusEn Savoir Plus RESSOURCES \u00c9DUCATIVES LIBRES Gr\u00e2ce aux manuels libres, \u00e0 la publication libre et [&hellip;]\" \/>\n<meta property=\"og:url\" content=\"https:\/\/ecampusontario.ca\/fr\/educators\/\" \/>\n<meta property=\"og:site_name\" content=\"eCampusOntario\" \/>\n<meta property=\"article:publisher\" content=\"https:\/\/www.facebook.com\/ecampusontario\/\" \/>\n<meta property=\"article:modified_time\" content=\"2024-09-17T16:43:17+00:00\" \/>\n<meta property=\"og:image\" content=\"https:\/\/ecampusontario.ca\/wp-content\/uploads\/2021\/06\/Banner-Educators-1024x409.png\" \/>\n<meta name=\"twitter:card\" content=\"summary_large_image\" \/>\n<meta name=\"twitter:site\" content=\"@eCampusOntario\" \/>\n<meta name=\"twitter:label1\" content=\"Dur\u00e9e de lecture estim\u00e9e\" \/>\n\t<meta name=\"twitter:data1\" content=\"1 minute\" \/>\n<script type=\"application\/ld+json\" class=\"yoast-schema-graph\">{\"@context\":\"https:\/\/schema.org\",\"@graph\":[{\"@type\":\"WebPage\",\"@id\":\"https:\/\/ecampusontario.ca\/fr\/educators\/\",\"url\":\"https:\/\/ecampusontario.ca\/fr\/educators\/\",\"name\":\"Enseignants | eCampusOntario\",\"isPartOf\":{\"@id\":\"https:\/\/ecampusontario.ca\/fr\/#website\"},\"primaryImageOfPage\":{\"@id\":\"https:\/\/ecampusontario.ca\/fr\/educators\/#primaryimage\"},\"image\":{\"@id\":\"https:\/\/ecampusontario.ca\/fr\/educators\/#primaryimage\"},\"thumbnailUrl\":\"https:\/\/ecampusontario.ca\/wp-content\/uploads\/2021\/06\/Banner-Educators-1024x409.png\",\"datePublished\":\"2017-08-12T21:08:16+00:00\",\"dateModified\":\"2024-09-17T16:43:17+00:00\",\"breadcrumb\":{\"@id\":\"https:\/\/ecampusontario.ca\/fr\/educators\/#breadcrumb\"},\"inLanguage\":\"fr-FR\",\"potentialAction\":[{\"@type\":\"ReadAction\",\"target\":[\"https:\/\/ecampusontario.ca\/fr\/educators\/\"]}]},{\"@type\":\"ImageObject\",\"inLanguage\":\"fr-FR\",\"@id\":\"https:\/\/ecampusontario.ca\/fr\/educators\/#primaryimage\",\"url\":\"https:\/\/ecampusontario.ca\/wp-content\/uploads\/2021\/06\/Banner-Educators-1024x409.png\",\"contentUrl\":\"https:\/\/ecampusontario.ca\/wp-content\/uploads\/2021\/06\/Banner-Educators-1024x409.png\"},{\"@type\":\"BreadcrumbList\",\"@id\":\"https:\/\/ecampusontario.ca\/fr\/educators\/#breadcrumb\",\"itemListElement\":[{\"@type\":\"ListItem\",\"position\":1,\"name\":\"Home\",\"item\":\"https:\/\/ecampusontario.ca\/fr\/\"},{\"@type\":\"ListItem\",\"position\":2,\"name\":\"Enseignants\"}]},{\"@type\":\"WebSite\",\"@id\":\"https:\/\/ecampusontario.ca\/fr\/#website\",\"url\":\"https:\/\/ecampusontario.ca\/fr\/\",\"name\":\"eCampusOntario\",\"description\":\"The online hub for learners and educators across Ontario\",\"publisher\":{\"@id\":\"https:\/\/ecampusontario.ca\/fr\/#organization\"},\"potentialAction\":[{\"@type\":\"SearchAction\",\"target\":{\"@type\":\"EntryPoint\",\"urlTemplate\":\"https:\/\/ecampusontario.ca\/fr\/?s={search_term_string}\"},\"query-input\":{\"@type\":\"PropertyValueSpecification\",\"valueRequired\":true,\"valueName\":\"search_term_string\"}}],\"inLanguage\":\"fr-FR\"},{\"@type\":\"Organization\",\"@id\":\"https:\/\/ecampusontario.ca\/fr\/#organization\",\"name\":\"eCampusOntario\",\"url\":\"https:\/\/ecampusontario.ca\/fr\/\",\"logo\":{\"@type\":\"ImageObject\",\"inLanguage\":\"fr-FR\",\"@id\":\"https:\/\/ecampusontario.ca\/fr\/#\/schema\/logo\/image\/\",\"url\":\"https:\/\/ecampusontario.ca\/wp-content\/uploads\/2018\/11\/ecampus-e-icon-1.png\",\"contentUrl\":\"https:\/\/ecampusontario.ca\/wp-content\/uploads\/2018\/11\/ecampus-e-icon-1.png\",\"width\":720,\"height\":325,\"caption\":\"eCampusOntario\"},\"image\":{\"@id\":\"https:\/\/ecampusontario.ca\/fr\/#\/schema\/logo\/image\/\"},\"sameAs\":[\"https:\/\/www.facebook.com\/ecampusontario\/\",\"https:\/\/x.com\/eCampusOntario\"]}]}<\/script>\n<!-- \/ Yoast SEO Premium plugin. -->","yoast_head_json":{"title":"Enseignants | eCampusOntario","robots":{"index":"index","follow":"follow","max-snippet":"max-snippet:-1","max-image-preview":"max-image-preview:large","max-video-preview":"max-video-preview:-1"},"canonical":"https:\/\/ecampusontario.ca\/fr\/educators\/","og_locale":"fr_FR","og_type":"article","og_title":"Enseignants","og_description":"Nous soutenons les enseignants de l\u2019Ontario Atteindre les \u00e9tudiants par la technologie Inspirer les apprenants gr\u00e2ce \u00e0 des outils et des initiatives qui permettent aux enseignants de d\u00e9velopper du contenu et de poursuivre le d\u00e9veloppement de l\u2019enseignement libre En Savoir PlusEn Savoir Plus RESSOURCES \u00c9DUCATIVES LIBRES Gr\u00e2ce aux manuels libres, \u00e0 la publication libre et [&hellip;]","og_url":"https:\/\/ecampusontario.ca\/fr\/educators\/","og_site_name":"eCampusOntario","article_publisher":"https:\/\/www.facebook.com\/ecampusontario\/","article_modified_time":"2024-09-17T16:43:17+00:00","og_image":[{"url":"https:\/\/ecampusontario.ca\/wp-content\/uploads\/2021\/06\/Banner-Educators-1024x409.png","type":"","width":"","height":""}],"twitter_card":"summary_large_image","twitter_site":"@eCampusOntario","twitter_misc":{"Dur\u00e9e de lecture estim\u00e9e":"1 minute"},"schema":{"@context":"https:\/\/schema.org","@graph":[{"@type":"WebPage","@id":"https:\/\/ecampusontario.ca\/fr\/educators\/","url":"https:\/\/ecampusontario.ca\/fr\/educators\/","name":"Enseignants | eCampusOntario","isPartOf":{"@id":"https:\/\/ecampusontario.ca\/fr\/#website"},"primaryImageOfPage":{"@id":"https:\/\/ecampusontario.ca\/fr\/educators\/#primaryimage"},"image":{"@id":"https:\/\/ecampusontario.ca\/fr\/educators\/#primaryimage"},"thumbnailUrl":"https:\/\/ecampusontario.ca\/wp-content\/uploads\/2021\/06\/Banner-Educators-1024x409.png","datePublished":"2017-08-12T21:08:16+00:00","dateModified":"2024-09-17T16:43:17+00:00","breadcrumb":{"@id":"https:\/\/ecampusontario.ca\/fr\/educators\/#breadcrumb"},"inLanguage":"fr-FR","potentialAction":[{"@type":"ReadAction","target":["https:\/\/ecampusontario.ca\/fr\/educators\/"]}]},{"@type":"ImageObject","inLanguage":"fr-FR","@id":"https:\/\/ecampusontario.ca\/fr\/educators\/#primaryimage","url":"https:\/\/ecampusontario.ca\/wp-content\/uploads\/2021\/06\/Banner-Educators-1024x409.png","contentUrl":"https:\/\/ecampusontario.ca\/wp-content\/uploads\/2021\/06\/Banner-Educators-1024x409.png"},{"@type":"BreadcrumbList","@id":"https:\/\/ecampusontario.ca\/fr\/educators\/#breadcrumb","itemListElement":[{"@type":"ListItem","position":1,"name":"Home","item":"https:\/\/ecampusontario.ca\/fr\/"},{"@type":"ListItem","position":2,"name":"Enseignants"}]},{"@type":"WebSite","@id":"https:\/\/ecampusontario.ca\/fr\/#website","url":"https:\/\/ecampusontario.ca\/fr\/","name":"eCampusOntario","description":"The online hub for learners and educators across Ontario","publisher":{"@id":"https:\/\/ecampusontario.ca\/fr\/#organization"},"potentialAction":[{"@type":"SearchAction","target":{"@type":"EntryPoint","urlTemplate":"https:\/\/ecampusontario.ca\/fr\/?s={search_term_string}"},"query-input":{"@type":"PropertyValueSpecification","valueRequired":true,"valueName":"search_term_string"}}],"inLanguage":"fr-FR"},{"@type":"Organization","@id":"https:\/\/ecampusontario.ca\/fr\/#organization","name":"eCampusOntario","url":"https:\/\/ecampusontario.ca\/fr\/","logo":{"@type":"ImageObject","inLanguage":"fr-FR","@id":"https:\/\/ecampusontario.ca\/fr\/#\/schema\/logo\/image\/","url":"https:\/\/ecampusontario.ca\/wp-content\/uploads\/2018\/11\/ecampus-e-icon-1.png","contentUrl":"https:\/\/ecampusontario.ca\/wp-content\/uploads\/2018\/11\/ecampus-e-icon-1.png","width":720,"height":325,"caption":"eCampusOntario"},"image":{"@id":"https:\/\/ecampusontario.ca\/fr\/#\/schema\/logo\/image\/"},"sameAs":["https:\/\/www.facebook.com\/ecampusontario\/","https:\/\/x.com\/eCampusOntario"]}]}},"_links":{"self":[{"href":"https:\/\/ecampusontario.ca\/fr\/wp-json\/wp\/v2\/pages\/394","targetHints":{"allow":["GET"]}}],"collection":[{"href":"https:\/\/ecampusontario.ca\/fr\/wp-json\/wp\/v2\/pages"}],"about":[{"href":"https:\/\/ecampusontario.ca\/fr\/wp-json\/wp\/v2\/types\/page"}],"author":[{"embeddable":true,"href":"https:\/\/ecampusontario.ca\/fr\/wp-json\/wp\/v2\/users\/16"}],"replies":[{"embeddable":true,"href":"https:\/\/ecampusontario.ca\/fr\/wp-json\/wp\/v2\/comments?post=394"}],"version-history":[{"count":30,"href":"https:\/\/ecampusontario.ca\/fr\/wp-json\/wp\/v2\/pages\/394\/revisions"}],"predecessor-version":[{"id":34106,"href":"https:\/\/ecampusontario.ca\/fr\/wp-json\/wp\/v2\/pages\/394\/revisions\/34106"}],"wp:attachment":[{"href":"https:\/\/ecampusontario.ca\/fr\/wp-json\/wp\/v2\/media?parent=394"}],"wp:term":[{"taxonomy":"category","embeddable":true,"href":"https:\/\/ecampusontario.ca\/fr\/wp-json\/wp\/v2\/categories?post=394"},{"taxonomy":"post_tag","embeddable":true,"href":"https:\/\/ecampusontario.ca\/fr\/wp-json\/wp\/v2\/tags?post=394"}],"curies":[{"name":"wp","href":"https:\/\/api.w.org\/{rel}","templated":true}]}}