
{"id":37620,"date":"2025-05-06T12:46:05","date_gmt":"2025-05-06T16:46:05","guid":{"rendered":"https:\/\/ecampusontario.ca\/test-copilot\/"},"modified":"2025-12-16T16:20:57","modified_gmt":"2025-12-16T21:20:57","slug":"test-copilot","status":"publish","type":"page","link":"https:\/\/ecampusontario.ca\/fr\/test-copilot\/","title":{"rendered":"Conseiller en accessibilit\u00e9 de l\u2019apprentissage int\u00e9gr\u00e9 au travail (AIT)\u00a0"},"content":{"rendered":"\n<div class=\"wp-block-columns is-layout-flex wp-container-core-columns-is-layout-9d6595d7 wp-block-columns-is-layout-flex\">\n<div class=\"wp-block-column is-layout-flow wp-block-column-is-layout-flow\">\n<h2 class=\"wp-block-heading has-medium-font-size\" id=\"h-\"><\/h2>\n\n\n\n<p class=\"has-medium-font-size\">\u00c0 l\u2019occasion de la <a href=\"https:\/\/www.canada.ca\/fr\/emploi-developpement-social\/campagne\/semaine-nationale-accessibilite.html\" target=\"_blank\" rel=\"noreferrer noopener\">Semaine nationale de l\u2019accessibilit\u00e9<\/a>, eCampusOntario lance un tout nouveau GPT pour vous aider \u00e0 d\u00e9couvrir les strat\u00e9gies cl\u00e9s tir\u00e9es de <a href=\"https:\/\/ecampusontario.ca\/wp-content\/uploads\/2025\/04\/Accessibile-WIL-FR-2-tagged-1.pdf\" target=\"_blank\" rel=\"noreferrer noopener\">AIT accessible : une feuille de route pour un apprentissage int\u00e9gr\u00e9 au travail accessible<\/a> \u2014 un rapport de <a href=\"https:\/\/bher.ca\/fr\/\" target=\"_blank\" rel=\"noreferrer noopener\">la Table ronde des affaires + de l&rsquo;enseignement sup\u00e9rieur<\/a> en partenariat avec eCampusOntario qui propose des pistes concr\u00e8tes pour offrir aux \u00e9tudiantes et \u00e9tudiants en situation de handicap des exp\u00e9riences d\u2019AIT plus \u00e9quitables et enrichissantes.\u00a0<\/p>\n\n\n\n<h2 class=\"wp-block-heading has-medium-font-size\" id=\"h-vous-souhaitez-rendre-vos-projets-d-ait-plus-accessibles-nbsp\"><strong>Vous souhaitez rendre vos projets d\u2019AIT plus accessibles?<\/strong>&nbsp;<\/h2>\n\n\n\n<p>Posez toutes vos questions \u00e0 notre GPT! Il vous proposera des strat\u00e9gies et des actions pour concevoir des sites Web, des applications mobiles, des documents \u00e9lectroniques et des technologies d\u2019assistance qui permettent aux personnes en situation de handicap d\u2019acc\u00e9der \u00e0 l\u2019information, d\u2019interagir et d\u2019utiliser les services de mani\u00e8re efficace, inclusive et agr\u00e9able.&nbsp;<\/p>\n\n\n\n<h2 class=\"wp-block-heading has-medium-font-size\" id=\"h-pourquoi-l-accessibilite-est-elle-essentielle-dans-vos-programmes-d-ait-nbsp\"><strong>Pourquoi l\u2019accessibilit\u00e9 est-elle essentielle dans vos programmes d\u2019AIT?<\/strong>&nbsp;<\/h2>\n\n\n\n<p>Des programmes d\u2019AIT accessibles sont essentiels pour permettre aux \u00e9tudiantes et \u00e9tudiants en situation de handicap de participer pleinement et de b\u00e9n\u00e9ficier d\u2019opportunit\u00e9s d\u2019emploi significatives. Ces programmes favorisent leur d\u00e9veloppement scolaire et professionnel tout en contribuant \u00e0 b\u00e2tir une main-d\u2019\u0153uvre plus \u00e9quitable et diversifi\u00e9e.&nbsp;<\/p>\n\n\n\n<h2 class=\"wp-block-heading has-medium-font-size\" id=\"h-et-pour-votre-entreprise-qu-est-ce-que-ca-change-nbsp\"><strong>Et pour votre entreprise, qu\u2019est-ce que \u00e7a change?<\/strong>&nbsp;<\/h2>\n\n\n\n<p>Une main-d\u2019\u0153uvre accessible aide votre organisation \u00e0 combler l\u2019\u00e9cart en mati\u00e8re d\u2019emploi, \u00e0 \u00e9largir votre bassin de talents, \u00e0 r\u00e9pondre aux p\u00e9nuries de main-d\u2019\u0153uvre et \u00e0 enrichir votre \u00e9quipe gr\u00e2ce \u00e0 des perspectives diversifi\u00e9es. En recrutant des personnes en situation de handicap, vous misez sur l\u2019inclusion en aidant des apprenants et apprenantes \u00e0 avoir de belles perspectives de carri\u00e8re.&nbsp;<\/p>\n<\/div>\n\n\n\n<div class=\"wp-block-column is-layout-flow wp-block-column-is-layout-flow\">\n<div id=\"chatbot-container\" style=\"display:none;\"><!--Testing captcha-->\n<!-- Chat Container -->\n<div style=\"border: 1px solid #1d1835; border-radius: 12px; overflow: hidden; width: 100%; max-width: 600px; margin: auto; box-shadow: 0 2px 8px rgba(0, 0, 0, 0.1); font-family: 'Roboto','Segoe UI', sans-serif;\">\n\n  <!-- Top Strip with Logo -->\n  <div style=\"background-color: #1d1835; height: 50px; display: flex; align-items: center; padding: 0 16px;\">\n    <img decoding=\"async\" src=\"https:\/\/ecampusontario.ca\/wp-content\/themes\/ecampusontario\/images\/ecampus-logo.svg?v=1\" alt=\"Logo\" style=\"height: 30px;\">\n  <\/div>\n\n  <!-- Chat WebChat Container -->\n  <div id=\"webchat\" role=\"main\" aria-label=\"eCampusOntario Accessibility Chatbot\" style=\"height: 580px;\"><\/div>\n\n  <!-- Bottom Thin Strip -->\n  <div style=\"background-color: #1d1835; height: 6px;\"><\/div>\n<\/div>\n\n<\/div><!--Testing captcha-->\n<div id=\"recaptcha-section\">\n<p>Avant de commencer, veuillez confirmer que vous \u00eates humain en compl\u00e9tant le CAPTCHA ci-dessous. Cela nous aide \u00e0 maintenir la s\u00e9curit\u00e9 du chat et \u00e0 pr\u00e9venir les abus.<\/p>\n<div class=\"g-recaptcha\" data-sitekey=\"6LfcEqIUAAAAAMMh5qTjbICmhhscoBnq94lY_1Cg\" data-callback=\"onCaptchaSuccess\"><\/div><\/div>\n<!-- WebChat Script -->\n<script crossorigin=\"anonymous\" src=\"https:\/\/cdn.botframework.com\/botframework-webchat\/latest\/webchat.js\"><\/script>\n<script src=\"https:\/\/www.google.com\/recaptcha\/api.js\"><\/script>\n\n<script>\n  (async function () {\n    const styleOptions = {\n      botAvatarImage: 'https:\/\/ecampusontario.ca\/wp-content\/uploads\/2025\/05\/ecampus-e-logo.png',\n      botAvatarInitials: '', \/\/ Leave blank to use image\n      hideUserAvatar: true,\n      bubbleBackground: '#fff7e6',\n      bubbleTextColor: '#1d1835',\n      bubbleFromUserBackground: '#fab000',\n      bubbleContentPadding: 20,\n      bubbleFromUserContentPadding: 20,\n      bubbleFromUserTextColor: '#1d1835',\n      bubbleBorderRadius: 12,\n      bubbleFromUserMargin: 20,\n      bubbleMargin: 20,\n      bubbleFromUserBorderRadius: 12,\n      hideUploadButton: true,\n      sendBoxButtonColor: '#1d1835',\n      sendBoxButtonBackground: '#fab000',\n      sendBoxButtonBackgroundOnHover: '#fab000',\n      sendBoxButtonBackgroundOnFocus: '#fab000',\n      sendBoxTextWrap: true,\n      sendBoxButton: {\n        padding: '8px',\n        borderRadius: '50%',\n        backgroundColor: '#fab000',\n        iconColor: '#1d1835'\n      },\n      primaryFont: \"'Segoe UI', sans-serif\"\n    };\n\n    const tokenEndpointURL = new URL('https:\/\/70badecfaea4ee97aab2d5f1598ce2.f0.environment.api.powerplatform.com\/powervirtualagents\/botsbyschema\/cr37a_eCampusInclusiRoute\/directline\/token?api-version=2022-03-01-preview');\n    const locale = document.documentElement.lang || 'en';\n    const apiVersion = tokenEndpointURL.searchParams.get('api-version');\n\n    const [directLineURL, token] = await Promise.all([\n      fetch(new URL(`\/powervirtualagents\/regionalchannelsettings?api-version=${apiVersion}`, tokenEndpointURL))\n        .then(response => {\n          if (!response.ok) throw new Error('Failed to retrieve regional channel settings.');\n          return response.json();\n        })\n        .then(({ channelUrlsById: { directline } }) => directline),\n      fetch(tokenEndpointURL)\n        .then(response => {\n          if (!response.ok) throw new Error('Failed to retrieve Direct Line token.');\n          return response.json();\n        })\n        .then(({ token }) => token)\n    ]);\n\n    const directLine = WebChat.createDirectLine({ domain: new URL('v3\/directline', directLineURL), token });\n\n\/\/ Make the directLine instance globally accessible\nwindow.directLineInstance = directLine;\n\n\/\/ Function to send starter prompts from left column\nwindow.sendPrompt = function (text) {\n  if (window.directLineInstance) {\n    window.directLineInstance.postActivity({\n      type: 'message',\n      from: { id: 'user' },\n      text: text\n    }).subscribe();\n  }\n};\n\n    const subscription = directLine.connectionStatus$.subscribe({\n      next(value) {\n        if (value === 2) {\n          directLine.postActivity({\n            localTimezone: Intl.DateTimeFormat().resolvedOptions().timeZone,\n            locale,\n            name: 'startConversation',\n            type: 'event'\n          }).subscribe();\n          subscription.unsubscribe();\n        }\n      }\n    });\n\n    WebChat.renderWebChat({ directLine, locale, styleOptions }, document.getElementById('webchat'));\n  })();\n<\/script>\n<\/div>\n<\/div>\n\n\n\n<script>\n\n        function onCaptchaSuccess() {\n            document.getElementById('chatbot-container').style.display = 'block';\ndocument.getElementById('recaptcha-section').style.display = 'none';\n        }\n    <\/script>\n","protected":false},"excerpt":{"rendered":"<p>\u00c0 l\u2019occasion de la Semaine nationale de l\u2019accessibilit\u00e9, eCampusOntario lance un tout nouveau GPT pour vous aider \u00e0 d\u00e9couvrir les strat\u00e9gies cl\u00e9s tir\u00e9es de AIT accessible : une feuille de route pour un apprentissage int\u00e9gr\u00e9 au travail accessible \u2014 un rapport de la Table ronde des affaires + de l&rsquo;enseignement sup\u00e9rieur en partenariat avec eCampusOntario [&hellip;]<\/p>\n","protected":false},"author":18,"featured_media":0,"parent":0,"menu_order":0,"comment_status":"closed","ping_status":"closed","template":"","meta":{"_acf_changed":false,"footnotes":""},"categories":[],"tags":[11756],"class_list":["post-37620","page","type-page","status-publish","hentry","tag-ecampusontario"],"acf":[],"yoast_head":"<!-- This site is optimized with the Yoast SEO Premium plugin v26.0 (Yoast SEO v26.0) - https:\/\/yoast.com\/wordpress\/plugins\/seo\/ -->\n<title>Conseiller en accessibilit\u00e9 de l\u2019apprentissage int\u00e9gr\u00e9 au travail (AIT)\u00a0 | eCampusOntario<\/title>\n<meta name=\"robots\" content=\"index, follow, max-snippet:-1, max-image-preview:large, max-video-preview:-1\" \/>\n<link rel=\"canonical\" href=\"https:\/\/ecampusontario.ca\/fr\/test-copilot\/\" \/>\n<meta property=\"og:locale\" content=\"fr_FR\" \/>\n<meta property=\"og:type\" content=\"article\" \/>\n<meta property=\"og:title\" content=\"Conseiller en accessibilit\u00e9 de l\u2019apprentissage int\u00e9gr\u00e9 au travail (AIT)\u00a0\" \/>\n<meta property=\"og:description\" content=\"\u00c0 l\u2019occasion de la Semaine nationale de l\u2019accessibilit\u00e9, eCampusOntario lance un tout nouveau GPT pour vous aider \u00e0 d\u00e9couvrir les strat\u00e9gies cl\u00e9s tir\u00e9es de AIT accessible : une feuille de route pour un apprentissage int\u00e9gr\u00e9 au travail accessible \u2014 un rapport de la Table ronde des affaires + de l&rsquo;enseignement sup\u00e9rieur en partenariat avec eCampusOntario [&hellip;]\" \/>\n<meta property=\"og:url\" content=\"https:\/\/ecampusontario.ca\/fr\/test-copilot\/\" \/>\n<meta property=\"og:site_name\" content=\"eCampusOntario\" \/>\n<meta property=\"article:publisher\" content=\"https:\/\/www.facebook.com\/ecampusontario\/\" \/>\n<meta property=\"article:modified_time\" content=\"2025-12-16T21:20:57+00:00\" \/>\n<meta property=\"og:image\" content=\"https:\/\/ecampusontario.ca\/wp-content\/themes\/ecampusontario\/images\/ecampus-logo.svg?v=1\" \/>\n<meta name=\"twitter:card\" content=\"summary_large_image\" \/>\n<meta name=\"twitter:site\" content=\"@eCampusOntario\" \/>\n<meta name=\"twitter:label1\" content=\"Dur\u00e9e de lecture estim\u00e9e\" \/>\n\t<meta name=\"twitter:data1\" content=\"2 minutes\" \/>\n<script type=\"application\/ld+json\" class=\"yoast-schema-graph\">{\"@context\":\"https:\/\/schema.org\",\"@graph\":[{\"@type\":\"WebPage\",\"@id\":\"https:\/\/ecampusontario.ca\/fr\/test-copilot\/\",\"url\":\"https:\/\/ecampusontario.ca\/fr\/test-copilot\/\",\"name\":\"Conseiller en accessibilit\u00e9 de l\u2019apprentissage int\u00e9gr\u00e9 au travail (AIT)\u00a0 | eCampusOntario\",\"isPartOf\":{\"@id\":\"https:\/\/ecampusontario.ca\/fr\/#website\"},\"primaryImageOfPage\":{\"@id\":\"https:\/\/ecampusontario.ca\/fr\/test-copilot\/#primaryimage\"},\"image\":{\"@id\":\"https:\/\/ecampusontario.ca\/fr\/test-copilot\/#primaryimage\"},\"thumbnailUrl\":\"https:\/\/ecampusontario.ca\/wp-content\/themes\/ecampusontario\/images\/ecampus-logo.svg?v=1\",\"datePublished\":\"2025-05-06T16:46:05+00:00\",\"dateModified\":\"2025-12-16T21:20:57+00:00\",\"breadcrumb\":{\"@id\":\"https:\/\/ecampusontario.ca\/fr\/test-copilot\/#breadcrumb\"},\"inLanguage\":\"fr-FR\",\"potentialAction\":[{\"@type\":\"ReadAction\",\"target\":[\"https:\/\/ecampusontario.ca\/fr\/test-copilot\/\"]}]},{\"@type\":\"ImageObject\",\"inLanguage\":\"fr-FR\",\"@id\":\"https:\/\/ecampusontario.ca\/fr\/test-copilot\/#primaryimage\",\"url\":\"https:\/\/ecampusontario.ca\/wp-content\/themes\/ecampusontario\/images\/ecampus-logo.svg?v=1\",\"contentUrl\":\"https:\/\/ecampusontario.ca\/wp-content\/themes\/ecampusontario\/images\/ecampus-logo.svg?v=1\"},{\"@type\":\"BreadcrumbList\",\"@id\":\"https:\/\/ecampusontario.ca\/fr\/test-copilot\/#breadcrumb\",\"itemListElement\":[{\"@type\":\"ListItem\",\"position\":1,\"name\":\"Home\",\"item\":\"https:\/\/ecampusontario.ca\/fr\/\"},{\"@type\":\"ListItem\",\"position\":2,\"name\":\"Conseiller en accessibilit\u00e9 de l\u2019apprentissage int\u00e9gr\u00e9 au travail (AIT)\u00a0\"}]},{\"@type\":\"WebSite\",\"@id\":\"https:\/\/ecampusontario.ca\/fr\/#website\",\"url\":\"https:\/\/ecampusontario.ca\/fr\/\",\"name\":\"eCampusOntario\",\"description\":\"The online hub for learners and educators across Ontario\",\"publisher\":{\"@id\":\"https:\/\/ecampusontario.ca\/fr\/#organization\"},\"potentialAction\":[{\"@type\":\"SearchAction\",\"target\":{\"@type\":\"EntryPoint\",\"urlTemplate\":\"https:\/\/ecampusontario.ca\/fr\/?s={search_term_string}\"},\"query-input\":{\"@type\":\"PropertyValueSpecification\",\"valueRequired\":true,\"valueName\":\"search_term_string\"}}],\"inLanguage\":\"fr-FR\"},{\"@type\":\"Organization\",\"@id\":\"https:\/\/ecampusontario.ca\/fr\/#organization\",\"name\":\"eCampusOntario\",\"url\":\"https:\/\/ecampusontario.ca\/fr\/\",\"logo\":{\"@type\":\"ImageObject\",\"inLanguage\":\"fr-FR\",\"@id\":\"https:\/\/ecampusontario.ca\/fr\/#\/schema\/logo\/image\/\",\"url\":\"https:\/\/ecampusontario.ca\/wp-content\/uploads\/2018\/11\/ecampus-e-icon-1.png\",\"contentUrl\":\"https:\/\/ecampusontario.ca\/wp-content\/uploads\/2018\/11\/ecampus-e-icon-1.png\",\"width\":720,\"height\":325,\"caption\":\"eCampusOntario\"},\"image\":{\"@id\":\"https:\/\/ecampusontario.ca\/fr\/#\/schema\/logo\/image\/\"},\"sameAs\":[\"https:\/\/www.facebook.com\/ecampusontario\/\",\"https:\/\/x.com\/eCampusOntario\"]}]}<\/script>\n<!-- \/ Yoast SEO Premium plugin. -->","yoast_head_json":{"title":"Conseiller en accessibilit\u00e9 de l\u2019apprentissage int\u00e9gr\u00e9 au travail (AIT)\u00a0 | eCampusOntario","robots":{"index":"index","follow":"follow","max-snippet":"max-snippet:-1","max-image-preview":"max-image-preview:large","max-video-preview":"max-video-preview:-1"},"canonical":"https:\/\/ecampusontario.ca\/fr\/test-copilot\/","og_locale":"fr_FR","og_type":"article","og_title":"Conseiller en accessibilit\u00e9 de l\u2019apprentissage int\u00e9gr\u00e9 au travail (AIT)\u00a0","og_description":"\u00c0 l\u2019occasion de la Semaine nationale de l\u2019accessibilit\u00e9, eCampusOntario lance un tout nouveau GPT pour vous aider \u00e0 d\u00e9couvrir les strat\u00e9gies cl\u00e9s tir\u00e9es de AIT accessible : une feuille de route pour un apprentissage int\u00e9gr\u00e9 au travail accessible \u2014 un rapport de la Table ronde des affaires + de l&rsquo;enseignement sup\u00e9rieur en partenariat avec eCampusOntario [&hellip;]","og_url":"https:\/\/ecampusontario.ca\/fr\/test-copilot\/","og_site_name":"eCampusOntario","article_publisher":"https:\/\/www.facebook.com\/ecampusontario\/","article_modified_time":"2025-12-16T21:20:57+00:00","og_image":[{"url":"https:\/\/ecampusontario.ca\/wp-content\/themes\/ecampusontario\/images\/ecampus-logo.svg?v=1","type":"","width":"","height":""}],"twitter_card":"summary_large_image","twitter_site":"@eCampusOntario","twitter_misc":{"Dur\u00e9e de lecture estim\u00e9e":"2 minutes"},"schema":{"@context":"https:\/\/schema.org","@graph":[{"@type":"WebPage","@id":"https:\/\/ecampusontario.ca\/fr\/test-copilot\/","url":"https:\/\/ecampusontario.ca\/fr\/test-copilot\/","name":"Conseiller en accessibilit\u00e9 de l\u2019apprentissage int\u00e9gr\u00e9 au travail (AIT)\u00a0 | eCampusOntario","isPartOf":{"@id":"https:\/\/ecampusontario.ca\/fr\/#website"},"primaryImageOfPage":{"@id":"https:\/\/ecampusontario.ca\/fr\/test-copilot\/#primaryimage"},"image":{"@id":"https:\/\/ecampusontario.ca\/fr\/test-copilot\/#primaryimage"},"thumbnailUrl":"https:\/\/ecampusontario.ca\/wp-content\/themes\/ecampusontario\/images\/ecampus-logo.svg?v=1","datePublished":"2025-05-06T16:46:05+00:00","dateModified":"2025-12-16T21:20:57+00:00","breadcrumb":{"@id":"https:\/\/ecampusontario.ca\/fr\/test-copilot\/#breadcrumb"},"inLanguage":"fr-FR","potentialAction":[{"@type":"ReadAction","target":["https:\/\/ecampusontario.ca\/fr\/test-copilot\/"]}]},{"@type":"ImageObject","inLanguage":"fr-FR","@id":"https:\/\/ecampusontario.ca\/fr\/test-copilot\/#primaryimage","url":"https:\/\/ecampusontario.ca\/wp-content\/themes\/ecampusontario\/images\/ecampus-logo.svg?v=1","contentUrl":"https:\/\/ecampusontario.ca\/wp-content\/themes\/ecampusontario\/images\/ecampus-logo.svg?v=1"},{"@type":"BreadcrumbList","@id":"https:\/\/ecampusontario.ca\/fr\/test-copilot\/#breadcrumb","itemListElement":[{"@type":"ListItem","position":1,"name":"Home","item":"https:\/\/ecampusontario.ca\/fr\/"},{"@type":"ListItem","position":2,"name":"Conseiller en accessibilit\u00e9 de l\u2019apprentissage int\u00e9gr\u00e9 au travail (AIT)\u00a0"}]},{"@type":"WebSite","@id":"https:\/\/ecampusontario.ca\/fr\/#website","url":"https:\/\/ecampusontario.ca\/fr\/","name":"eCampusOntario","description":"The online hub for learners and educators across Ontario","publisher":{"@id":"https:\/\/ecampusontario.ca\/fr\/#organization"},"potentialAction":[{"@type":"SearchAction","target":{"@type":"EntryPoint","urlTemplate":"https:\/\/ecampusontario.ca\/fr\/?s={search_term_string}"},"query-input":{"@type":"PropertyValueSpecification","valueRequired":true,"valueName":"search_term_string"}}],"inLanguage":"fr-FR"},{"@type":"Organization","@id":"https:\/\/ecampusontario.ca\/fr\/#organization","name":"eCampusOntario","url":"https:\/\/ecampusontario.ca\/fr\/","logo":{"@type":"ImageObject","inLanguage":"fr-FR","@id":"https:\/\/ecampusontario.ca\/fr\/#\/schema\/logo\/image\/","url":"https:\/\/ecampusontario.ca\/wp-content\/uploads\/2018\/11\/ecampus-e-icon-1.png","contentUrl":"https:\/\/ecampusontario.ca\/wp-content\/uploads\/2018\/11\/ecampus-e-icon-1.png","width":720,"height":325,"caption":"eCampusOntario"},"image":{"@id":"https:\/\/ecampusontario.ca\/fr\/#\/schema\/logo\/image\/"},"sameAs":["https:\/\/www.facebook.com\/ecampusontario\/","https:\/\/x.com\/eCampusOntario"]}]}},"_links":{"self":[{"href":"https:\/\/ecampusontario.ca\/fr\/wp-json\/wp\/v2\/pages\/37620","targetHints":{"allow":["GET"]}}],"collection":[{"href":"https:\/\/ecampusontario.ca\/fr\/wp-json\/wp\/v2\/pages"}],"about":[{"href":"https:\/\/ecampusontario.ca\/fr\/wp-json\/wp\/v2\/types\/page"}],"author":[{"embeddable":true,"href":"https:\/\/ecampusontario.ca\/fr\/wp-json\/wp\/v2\/users\/18"}],"replies":[{"embeddable":true,"href":"https:\/\/ecampusontario.ca\/fr\/wp-json\/wp\/v2\/comments?post=37620"}],"version-history":[{"count":3,"href":"https:\/\/ecampusontario.ca\/fr\/wp-json\/wp\/v2\/pages\/37620\/revisions"}],"predecessor-version":[{"id":37624,"href":"https:\/\/ecampusontario.ca\/fr\/wp-json\/wp\/v2\/pages\/37620\/revisions\/37624"}],"wp:attachment":[{"href":"https:\/\/ecampusontario.ca\/fr\/wp-json\/wp\/v2\/media?parent=37620"}],"wp:term":[{"taxonomy":"category","embeddable":true,"href":"https:\/\/ecampusontario.ca\/fr\/wp-json\/wp\/v2\/categories?post=37620"},{"taxonomy":"post_tag","embeddable":true,"href":"https:\/\/ecampusontario.ca\/fr\/wp-json\/wp\/v2\/tags?post=37620"}],"curies":[{"name":"wp","href":"https:\/\/api.w.org\/{rel}","templated":true}]}}