
{"id":37302,"date":"2025-04-21T13:01:02","date_gmt":"2025-04-21T17:01:02","guid":{"rendered":"https:\/\/ecampusontario.ca\/digital-campus-canada\/ccal\/"},"modified":"2025-04-24T16:33:25","modified_gmt":"2025-04-24T20:33:25","slug":"ccal","status":"publish","type":"page","link":"https:\/\/ecampusontario.ca\/fr\/digital-campus-canada\/ccal\/","title":{"rendered":"Coalition canadienne pour un apprentissage abordable (CCAA)"},"content":{"rendered":"\n<div class=\"wp-block-columns eco-margin-top-md eco-margin-bottom-lg is-layout-flex wp-container-core-columns-is-layout-9d6595d7 wp-block-columns-is-layout-flex\">\n<div class=\"wp-block-column is-layout-flow wp-block-column-is-layout-flow\">\n<p><strong>La Coalition canadienne pour un apprentissage abordable<\/strong>\u00a0a pour mission de rendre l\u2019enseignement postsecondaire plus accessible et plus abordable pour les \u00e9tudiants canadiens en explorant des strat\u00e9gies interprovinciales. Elle se concentre sur trois domaines principaux\u202f: l\u2019adoption et la promotion des ressources \u00e9ducatives libres (REL) ; l\u2019am\u00e9lioration des modalit\u00e9s d\u2019enseignement alternatives et flexibles, telles que les cours et les programmes en ligne et hybrides ; l\u2019am\u00e9lioration de l\u2019acc\u00e8s \u00e0 de nouveaux parcours d\u2019apprentissage tels que les micro-cr\u00e9dits ; et l\u2019am\u00e9lioration de la ma\u00eetrise du num\u00e9rique par les \u00e9ducateurs afin d\u2019exploiter plus efficacement les environnements num\u00e9riques d\u2019enseignement et d\u2019apprentissage.<\/p>\n<\/div>\n\n\n\n<div class=\"wp-block-column is-layout-flow wp-block-column-is-layout-flow\">\n<figure class=\"wp-block-image aligncenter size-medium\"><img loading=\"lazy\" decoding=\"async\" width=\"300\" height=\"204\" src=\"https:\/\/ecampusontario.ca\/wp-content\/uploads\/2025\/04\/CCAL-image-300x204.png\" alt=\"\" class=\"wp-image-37093\" srcset=\"https:\/\/ecampusontario.ca\/wp-content\/uploads\/2025\/04\/CCAL-image-300x204.png 300w, https:\/\/ecampusontario.ca\/wp-content\/uploads\/2025\/04\/CCAL-image.png 645w\" sizes=\"auto, (max-width: 300px) 100vw, 300px\" \/><\/figure>\n<\/div>\n<\/div>\n\n\n\n<div class=\"wp-block-columns eco-margin-top-md is-layout-flex wp-container-core-columns-is-layout-9d6595d7 wp-block-columns-is-layout-flex\">\n<div class=\"wp-block-column is-layout-flow wp-block-column-is-layout-flow\">\n<div class=\"wp-block-group eco-section-heading-wrapper eco-section-heading-steel eco-no-margin is-layout-flow wp-block-group-is-layout-flow\">\n<h2 class=\"wp-block-heading eco-section-heading\" id=\"h-partners\">Partners<\/h2>\n<\/div>\n<\/div>\n<\/div>\n\n\n\n<div class=\"wp-block-group is-layout-constrained wp-block-group-is-layout-constrained\">\n<div class=\"wp-block-columns eco-padding-top eco-margin-top-lg is-layout-flex wp-container-core-columns-is-layout-9d6595d7 wp-block-columns-is-layout-flex\">\n<div class=\"wp-block-column is-layout-flow wp-block-column-is-layout-flow\">\n<figure class=\"wp-block-image size-full\"><a href=\"https:\/\/bccampus.ca\/\" target=\"_blank\" rel=\" noreferrer noopener\" aria-label= \"learn more about the BCcampus (opens in new tab)\"><img loading=\"lazy\" decoding=\"async\" width=\"321\" height=\"100\" src=\"https:\/\/ecampusontario.ca\/wp-content\/uploads\/2025\/04\/CCAL-partner-BCcampus.png\" alt=\"BCcampus logo\" class=\"wp-image-37098\" srcset=\"https:\/\/ecampusontario.ca\/wp-content\/uploads\/2025\/04\/CCAL-partner-BCcampus.png 321w, https:\/\/ecampusontario.ca\/wp-content\/uploads\/2025\/04\/CCAL-partner-BCcampus-300x93.png 300w\" sizes=\"auto, (max-width: 321px) 100vw, 321px\" \/><\/a><\/figure>\n<\/div>\n\n\n\n<div class=\"wp-block-column is-layout-flow wp-block-column-is-layout-flow\">\n<figure class=\"wp-block-image aligncenter size-full\"><a href=\"https:\/\/www.campusmanitoba.ca\/\" target=\"_blank\" rel=\" noreferrer noopener\"aria-label= \"learn more about the CampusMB (opens in new tab)\"><img loading=\"lazy\" decoding=\"async\" width=\"376\" height=\"100\" src=\"https:\/\/ecampusontario.ca\/wp-content\/uploads\/2025\/04\/CCAL-partner-CampusMB.png\" alt=\"CampusMB Logo\" class=\"wp-image-37100\" srcset=\"https:\/\/ecampusontario.ca\/wp-content\/uploads\/2025\/04\/CCAL-partner-CampusMB.png 376w, https:\/\/ecampusontario.ca\/wp-content\/uploads\/2025\/04\/CCAL-partner-CampusMB-300x80.png 300w\" sizes=\"auto, (max-width: 376px) 100vw, 376px\" \/><\/a><\/figure>\n<\/div>\n\n\n\n<div class=\"wp-block-column is-layout-flow wp-block-column-is-layout-flow\">\n<figure class=\"wp-block-image aligncenter size-full\"><a href=\"https:\/\/www.collegesinstitutes.ca\/\" target=\"_blank\" rel=\" noreferrer noopener\" aria-label= \"learn more about the CIC (opens in new tab)\"><img loading=\"lazy\" decoding=\"async\" width=\"392\" height=\"101\" src=\"https:\/\/ecampusontario.ca\/wp-content\/uploads\/2025\/04\/CCAL-partner-Colleges-Institute-Canada-1.png\" alt=\"CIC Logo\" class=\"wp-image-37103\" srcset=\"https:\/\/ecampusontario.ca\/wp-content\/uploads\/2025\/04\/CCAL-partner-Colleges-Institute-Canada-1.png 392w, https:\/\/ecampusontario.ca\/wp-content\/uploads\/2025\/04\/CCAL-partner-Colleges-Institute-Canada-1-300x77.png 300w\" sizes=\"auto, (max-width: 392px) 100vw, 392px\" \/><\/a><\/figure>\n<\/div>\n\n\n\n<div class=\"wp-block-column is-layout-flow wp-block-column-is-layout-flow\">\n<figure class=\"wp-block-image aligncenter size-full\"><a href=\"https:\/\/www.caul-cbua.ca\/\" target=\"_blank\" rel=\" noreferrer noopener\" aria-label= \"learn more about the CAAL (opens in new tab)\"><img loading=\"lazy\" decoding=\"async\" width=\"358\" height=\"100\" src=\"https:\/\/ecampusontario.ca\/wp-content\/uploads\/2025\/04\/CCAL-partner-CAAL-e1745345957748.png\" alt=\"CAAL logo\" class=\"wp-image-37105\" srcset=\"https:\/\/ecampusontario.ca\/wp-content\/uploads\/2025\/04\/CCAL-partner-CAAL-e1745345957748.png 358w, https:\/\/ecampusontario.ca\/wp-content\/uploads\/2025\/04\/CCAL-partner-CAAL-e1745345957748-300x84.png 300w\" sizes=\"auto, (max-width: 358px) 100vw, 358px\" \/><\/a><\/figure>\n<\/div>\n<\/div>\n\n\n\n<div class=\"wp-block-columns is-layout-flex wp-container-core-columns-is-layout-9d6595d7 wp-block-columns-is-layout-flex\">\n<div class=\"wp-block-column is-layout-flow wp-block-column-is-layout-flow\">\n<figure class=\"wp-block-image aligncenter size-full is-resized\"><a href=\"https:\/\/atlanticoer-relatlantique.ca\/\" target=\"_blank\" rel=\" noreferrer noopener\" aria-label= \"learn more about the Atlantic OER (opens in new tab)\"><img loading=\"lazy\" decoding=\"async\" width=\"460\" height=\"100\" src=\"https:\/\/ecampusontario.ca\/wp-content\/uploads\/2025\/04\/CCAL-partner-Atlantic-OER-1.png\" alt=\"Atlantic OER Logo\" class=\"wp-image-37107\" style=\"width:272px;height:auto\" srcset=\"https:\/\/ecampusontario.ca\/wp-content\/uploads\/2025\/04\/CCAL-partner-Atlantic-OER-1.png 460w, https:\/\/ecampusontario.ca\/wp-content\/uploads\/2025\/04\/CCAL-partner-Atlantic-OER-1-300x65.png 300w\" sizes=\"auto, (max-width: 460px) 100vw, 460px\" \/><\/a><\/figure>\n<\/div>\n\n\n\n<div class=\"wp-block-column is-layout-flow wp-block-column-is-layout-flow\">\n<figure class=\"wp-block-image aligncenter size-full\"><a href=\"https:\/\/ecampusontario.ca\/\" aria-label= \"learn more about the eCampusOntario (opens in new tab)\"><img loading=\"lazy\" decoding=\"async\" width=\"384\" height=\"101\" src=\"https:\/\/ecampusontario.ca\/wp-content\/uploads\/2025\/04\/CCAL-partner-eCO.png\" alt=\"eCampusOntario\" class=\"wp-image-37109\" srcset=\"https:\/\/ecampusontario.ca\/wp-content\/uploads\/2025\/04\/CCAL-partner-eCO.png 384w, https:\/\/ecampusontario.ca\/wp-content\/uploads\/2025\/04\/CCAL-partner-eCO-300x79.png 300w\" sizes=\"auto, (max-width: 384px) 100vw, 384px\" \/><\/a><\/figure>\n<\/div>\n\n\n\n<div class=\"wp-block-column is-layout-flow wp-block-column-is-layout-flow\">\n<figure class=\"wp-block-image aligncenter size-full\"><a href=\"https:\/\/iicontario.ca\/\" target=\"_blank\" rel=\" noreferrer noopener\" aria-label= \"learn more about the IIC (opens in new tab)\"><img loading=\"lazy\" decoding=\"async\" width=\"275\" height=\"76\" src=\"https:\/\/ecampusontario.ca\/wp-content\/uploads\/2025\/02\/IIC_Black-1.png\" alt=\"IIC logo\" class=\"wp-image-36259\"\/><\/a><\/figure>\n<\/div>\n\n\n\n<div class=\"wp-block-column is-layout-flow wp-block-column-is-layout-flow\">\n<figure class=\"wp-block-image aligncenter size-full\"><a href=\"https:\/\/otessa.org\/\" target=\"_blank\" rel=\" noreferrer noopener\" aria-label= \"learn more about the OTESSA (opens in new tab)\"><img loading=\"lazy\" decoding=\"async\" width=\"372\" height=\"101\" src=\"https:\/\/ecampusontario.ca\/wp-content\/uploads\/2025\/04\/CCAL-partner-OTESSA.png\" alt=\"OTESSA Logo\" class=\"wp-image-37113\" srcset=\"https:\/\/ecampusontario.ca\/wp-content\/uploads\/2025\/04\/CCAL-partner-OTESSA.png 372w, https:\/\/ecampusontario.ca\/wp-content\/uploads\/2025\/04\/CCAL-partner-OTESSA-300x81.png 300w\" sizes=\"auto, (max-width: 372px) 100vw, 372px\" \/><\/a><\/figure>\n<\/div>\n<\/div>\n<\/div>\n\n\n\n<style>main > .wp-block-group:first-child:not(.has-background) {display:none;}<\/style>\n\n\n\n<p><\/p>\n","protected":false},"excerpt":{"rendered":"<p>La Coalition canadienne pour un apprentissage abordable\u00a0a pour mission de rendre l\u2019enseignement postsecondaire plus accessible et plus abordable pour les \u00e9tudiants canadiens en explorant des strat\u00e9gies interprovinciales. Elle se concentre sur trois domaines principaux\u202f: l\u2019adoption et la promotion des ressources \u00e9ducatives libres (REL) ; l\u2019am\u00e9lioration des modalit\u00e9s d\u2019enseignement alternatives et flexibles, telles que les cours [&hellip;]<\/p>\n","protected":false},"author":18,"featured_media":37091,"parent":37221,"menu_order":0,"comment_status":"closed","ping_status":"closed","template":"banner-full-width","meta":{"_acf_changed":false,"footnotes":""},"categories":[],"tags":[],"class_list":["post-37302","page","type-page","status-publish","has-post-thumbnail","hentry"],"acf":{"banner-title":"Coalition canadienne pour un apprentissage abordable (CCAA)","banner-tagline":""},"yoast_head":"<!-- This site is optimized with the Yoast SEO Premium plugin v26.0 (Yoast SEO v26.0) - https:\/\/yoast.com\/wordpress\/plugins\/seo\/ -->\n<title>Coalition canadienne pour un apprentissage abordable (CCAA) | eCampusOntario<\/title>\n<meta name=\"robots\" content=\"index, follow, max-snippet:-1, max-image-preview:large, max-video-preview:-1\" \/>\n<link rel=\"canonical\" href=\"https:\/\/ecampusontario.ca\/fr\/digital-campus-canada\/ccal\/\" \/>\n<meta property=\"og:locale\" content=\"fr_FR\" \/>\n<meta property=\"og:type\" content=\"article\" \/>\n<meta property=\"og:title\" content=\"Coalition canadienne pour un apprentissage abordable (CCAA)\" \/>\n<meta property=\"og:description\" content=\"La Coalition canadienne pour un apprentissage abordable\u00a0a pour mission de rendre l\u2019enseignement postsecondaire plus accessible et plus abordable pour les \u00e9tudiants canadiens en explorant des strat\u00e9gies interprovinciales. Elle se concentre sur trois domaines principaux\u202f: l\u2019adoption et la promotion des ressources \u00e9ducatives libres (REL) ; l\u2019am\u00e9lioration des modalit\u00e9s d\u2019enseignement alternatives et flexibles, telles que les cours [&hellip;]\" \/>\n<meta property=\"og:url\" content=\"https:\/\/ecampusontario.ca\/fr\/digital-campus-canada\/ccal\/\" \/>\n<meta property=\"og:site_name\" content=\"eCampusOntario\" \/>\n<meta property=\"article:publisher\" content=\"https:\/\/www.facebook.com\/ecampusontario\/\" \/>\n<meta property=\"article:modified_time\" content=\"2025-04-24T20:33:25+00:00\" \/>\n<meta property=\"og:image\" content=\"https:\/\/ecampusontario.ca\/wp-content\/uploads\/2025\/04\/CCAL-Hero-Banner.png\" \/>\n\t<meta property=\"og:image:width\" content=\"1939\" \/>\n\t<meta property=\"og:image:height\" content=\"608\" \/>\n\t<meta property=\"og:image:type\" content=\"image\/png\" \/>\n<meta name=\"twitter:card\" content=\"summary_large_image\" \/>\n<meta name=\"twitter:site\" content=\"@eCampusOntario\" \/>\n<meta name=\"twitter:label1\" content=\"Dur\u00e9e de lecture estim\u00e9e\" \/>\n\t<meta name=\"twitter:data1\" content=\"3 minutes\" \/>\n<script type=\"application\/ld+json\" class=\"yoast-schema-graph\">{\"@context\":\"https:\/\/schema.org\",\"@graph\":[{\"@type\":\"WebPage\",\"@id\":\"https:\/\/ecampusontario.ca\/fr\/digital-campus-canada\/ccal\/\",\"url\":\"https:\/\/ecampusontario.ca\/fr\/digital-campus-canada\/ccal\/\",\"name\":\"Coalition canadienne pour un apprentissage abordable (CCAA) | eCampusOntario\",\"isPartOf\":{\"@id\":\"https:\/\/ecampusontario.ca\/fr\/#website\"},\"primaryImageOfPage\":{\"@id\":\"https:\/\/ecampusontario.ca\/fr\/digital-campus-canada\/ccal\/#primaryimage\"},\"image\":{\"@id\":\"https:\/\/ecampusontario.ca\/fr\/digital-campus-canada\/ccal\/#primaryimage\"},\"thumbnailUrl\":\"https:\/\/ecampusontario.ca\/wp-content\/uploads\/2025\/04\/CCAL-Hero-Banner.png\",\"datePublished\":\"2025-04-21T17:01:02+00:00\",\"dateModified\":\"2025-04-24T20:33:25+00:00\",\"breadcrumb\":{\"@id\":\"https:\/\/ecampusontario.ca\/fr\/digital-campus-canada\/ccal\/#breadcrumb\"},\"inLanguage\":\"fr-FR\",\"potentialAction\":[{\"@type\":\"ReadAction\",\"target\":[\"https:\/\/ecampusontario.ca\/fr\/digital-campus-canada\/ccal\/\"]}]},{\"@type\":\"ImageObject\",\"inLanguage\":\"fr-FR\",\"@id\":\"https:\/\/ecampusontario.ca\/fr\/digital-campus-canada\/ccal\/#primaryimage\",\"url\":\"https:\/\/ecampusontario.ca\/wp-content\/uploads\/2025\/04\/CCAL-Hero-Banner.png\",\"contentUrl\":\"https:\/\/ecampusontario.ca\/wp-content\/uploads\/2025\/04\/CCAL-Hero-Banner.png\",\"width\":1939,\"height\":608},{\"@type\":\"BreadcrumbList\",\"@id\":\"https:\/\/ecampusontario.ca\/fr\/digital-campus-canada\/ccal\/#breadcrumb\",\"itemListElement\":[{\"@type\":\"ListItem\",\"position\":1,\"name\":\"Home\",\"item\":\"https:\/\/ecampusontario.ca\/fr\/\"},{\"@type\":\"ListItem\",\"position\":2,\"name\":\"Campus Num\u00e9rique Canada\u00a0\",\"item\":\"https:\/\/ecampusontario.ca\/fr\/digital-campus-canada\/\"},{\"@type\":\"ListItem\",\"position\":3,\"name\":\"Coalition canadienne pour un apprentissage abordable (CCAA)\"}]},{\"@type\":\"WebSite\",\"@id\":\"https:\/\/ecampusontario.ca\/fr\/#website\",\"url\":\"https:\/\/ecampusontario.ca\/fr\/\",\"name\":\"eCampusOntario\",\"description\":\"The online hub for learners and educators across Ontario\",\"publisher\":{\"@id\":\"https:\/\/ecampusontario.ca\/fr\/#organization\"},\"potentialAction\":[{\"@type\":\"SearchAction\",\"target\":{\"@type\":\"EntryPoint\",\"urlTemplate\":\"https:\/\/ecampusontario.ca\/fr\/?s={search_term_string}\"},\"query-input\":{\"@type\":\"PropertyValueSpecification\",\"valueRequired\":true,\"valueName\":\"search_term_string\"}}],\"inLanguage\":\"fr-FR\"},{\"@type\":\"Organization\",\"@id\":\"https:\/\/ecampusontario.ca\/fr\/#organization\",\"name\":\"eCampusOntario\",\"url\":\"https:\/\/ecampusontario.ca\/fr\/\",\"logo\":{\"@type\":\"ImageObject\",\"inLanguage\":\"fr-FR\",\"@id\":\"https:\/\/ecampusontario.ca\/fr\/#\/schema\/logo\/image\/\",\"url\":\"https:\/\/ecampusontario.ca\/wp-content\/uploads\/2018\/11\/ecampus-e-icon-1.png\",\"contentUrl\":\"https:\/\/ecampusontario.ca\/wp-content\/uploads\/2018\/11\/ecampus-e-icon-1.png\",\"width\":720,\"height\":325,\"caption\":\"eCampusOntario\"},\"image\":{\"@id\":\"https:\/\/ecampusontario.ca\/fr\/#\/schema\/logo\/image\/\"},\"sameAs\":[\"https:\/\/www.facebook.com\/ecampusontario\/\",\"https:\/\/x.com\/eCampusOntario\"]}]}<\/script>\n<!-- \/ Yoast SEO Premium plugin. -->","yoast_head_json":{"title":"Coalition canadienne pour un apprentissage abordable (CCAA) | eCampusOntario","robots":{"index":"index","follow":"follow","max-snippet":"max-snippet:-1","max-image-preview":"max-image-preview:large","max-video-preview":"max-video-preview:-1"},"canonical":"https:\/\/ecampusontario.ca\/fr\/digital-campus-canada\/ccal\/","og_locale":"fr_FR","og_type":"article","og_title":"Coalition canadienne pour un apprentissage abordable (CCAA)","og_description":"La Coalition canadienne pour un apprentissage abordable\u00a0a pour mission de rendre l\u2019enseignement postsecondaire plus accessible et plus abordable pour les \u00e9tudiants canadiens en explorant des strat\u00e9gies interprovinciales. Elle se concentre sur trois domaines principaux\u202f: l\u2019adoption et la promotion des ressources \u00e9ducatives libres (REL) ; l\u2019am\u00e9lioration des modalit\u00e9s d\u2019enseignement alternatives et flexibles, telles que les cours [&hellip;]","og_url":"https:\/\/ecampusontario.ca\/fr\/digital-campus-canada\/ccal\/","og_site_name":"eCampusOntario","article_publisher":"https:\/\/www.facebook.com\/ecampusontario\/","article_modified_time":"2025-04-24T20:33:25+00:00","og_image":[{"width":1939,"height":608,"url":"https:\/\/ecampusontario.ca\/wp-content\/uploads\/2025\/04\/CCAL-Hero-Banner.png","type":"image\/png"}],"twitter_card":"summary_large_image","twitter_site":"@eCampusOntario","twitter_misc":{"Dur\u00e9e de lecture estim\u00e9e":"3 minutes"},"schema":{"@context":"https:\/\/schema.org","@graph":[{"@type":"WebPage","@id":"https:\/\/ecampusontario.ca\/fr\/digital-campus-canada\/ccal\/","url":"https:\/\/ecampusontario.ca\/fr\/digital-campus-canada\/ccal\/","name":"Coalition canadienne pour un apprentissage abordable (CCAA) | eCampusOntario","isPartOf":{"@id":"https:\/\/ecampusontario.ca\/fr\/#website"},"primaryImageOfPage":{"@id":"https:\/\/ecampusontario.ca\/fr\/digital-campus-canada\/ccal\/#primaryimage"},"image":{"@id":"https:\/\/ecampusontario.ca\/fr\/digital-campus-canada\/ccal\/#primaryimage"},"thumbnailUrl":"https:\/\/ecampusontario.ca\/wp-content\/uploads\/2025\/04\/CCAL-Hero-Banner.png","datePublished":"2025-04-21T17:01:02+00:00","dateModified":"2025-04-24T20:33:25+00:00","breadcrumb":{"@id":"https:\/\/ecampusontario.ca\/fr\/digital-campus-canada\/ccal\/#breadcrumb"},"inLanguage":"fr-FR","potentialAction":[{"@type":"ReadAction","target":["https:\/\/ecampusontario.ca\/fr\/digital-campus-canada\/ccal\/"]}]},{"@type":"ImageObject","inLanguage":"fr-FR","@id":"https:\/\/ecampusontario.ca\/fr\/digital-campus-canada\/ccal\/#primaryimage","url":"https:\/\/ecampusontario.ca\/wp-content\/uploads\/2025\/04\/CCAL-Hero-Banner.png","contentUrl":"https:\/\/ecampusontario.ca\/wp-content\/uploads\/2025\/04\/CCAL-Hero-Banner.png","width":1939,"height":608},{"@type":"BreadcrumbList","@id":"https:\/\/ecampusontario.ca\/fr\/digital-campus-canada\/ccal\/#breadcrumb","itemListElement":[{"@type":"ListItem","position":1,"name":"Home","item":"https:\/\/ecampusontario.ca\/fr\/"},{"@type":"ListItem","position":2,"name":"Campus Num\u00e9rique Canada\u00a0","item":"https:\/\/ecampusontario.ca\/fr\/digital-campus-canada\/"},{"@type":"ListItem","position":3,"name":"Coalition canadienne pour un apprentissage abordable (CCAA)"}]},{"@type":"WebSite","@id":"https:\/\/ecampusontario.ca\/fr\/#website","url":"https:\/\/ecampusontario.ca\/fr\/","name":"eCampusOntario","description":"The online hub for learners and educators across Ontario","publisher":{"@id":"https:\/\/ecampusontario.ca\/fr\/#organization"},"potentialAction":[{"@type":"SearchAction","target":{"@type":"EntryPoint","urlTemplate":"https:\/\/ecampusontario.ca\/fr\/?s={search_term_string}"},"query-input":{"@type":"PropertyValueSpecification","valueRequired":true,"valueName":"search_term_string"}}],"inLanguage":"fr-FR"},{"@type":"Organization","@id":"https:\/\/ecampusontario.ca\/fr\/#organization","name":"eCampusOntario","url":"https:\/\/ecampusontario.ca\/fr\/","logo":{"@type":"ImageObject","inLanguage":"fr-FR","@id":"https:\/\/ecampusontario.ca\/fr\/#\/schema\/logo\/image\/","url":"https:\/\/ecampusontario.ca\/wp-content\/uploads\/2018\/11\/ecampus-e-icon-1.png","contentUrl":"https:\/\/ecampusontario.ca\/wp-content\/uploads\/2018\/11\/ecampus-e-icon-1.png","width":720,"height":325,"caption":"eCampusOntario"},"image":{"@id":"https:\/\/ecampusontario.ca\/fr\/#\/schema\/logo\/image\/"},"sameAs":["https:\/\/www.facebook.com\/ecampusontario\/","https:\/\/x.com\/eCampusOntario"]}]}},"_links":{"self":[{"href":"https:\/\/ecampusontario.ca\/fr\/wp-json\/wp\/v2\/pages\/37302","targetHints":{"allow":["GET"]}}],"collection":[{"href":"https:\/\/ecampusontario.ca\/fr\/wp-json\/wp\/v2\/pages"}],"about":[{"href":"https:\/\/ecampusontario.ca\/fr\/wp-json\/wp\/v2\/types\/page"}],"author":[{"embeddable":true,"href":"https:\/\/ecampusontario.ca\/fr\/wp-json\/wp\/v2\/users\/18"}],"replies":[{"embeddable":true,"href":"https:\/\/ecampusontario.ca\/fr\/wp-json\/wp\/v2\/comments?post=37302"}],"version-history":[{"count":2,"href":"https:\/\/ecampusontario.ca\/fr\/wp-json\/wp\/v2\/pages\/37302\/revisions"}],"predecessor-version":[{"id":37304,"href":"https:\/\/ecampusontario.ca\/fr\/wp-json\/wp\/v2\/pages\/37302\/revisions\/37304"}],"up":[{"embeddable":true,"href":"https:\/\/ecampusontario.ca\/fr\/wp-json\/wp\/v2\/pages\/37221"}],"wp:featuredmedia":[{"embeddable":true,"href":"https:\/\/ecampusontario.ca\/fr\/wp-json\/wp\/v2\/media\/37091"}],"wp:attachment":[{"href":"https:\/\/ecampusontario.ca\/fr\/wp-json\/wp\/v2\/media?parent=37302"}],"wp:term":[{"taxonomy":"category","embeddable":true,"href":"https:\/\/ecampusontario.ca\/fr\/wp-json\/wp\/v2\/categories?post=37302"},{"taxonomy":"post_tag","embeddable":true,"href":"https:\/\/ecampusontario.ca\/fr\/wp-json\/wp\/v2\/tags?post=37302"}],"curies":[{"name":"wp","href":"https:\/\/api.w.org\/{rel}","templated":true}]}}