
{"id":35956,"date":"2024-12-17T15:23:23","date_gmt":"2024-12-17T20:23:23","guid":{"rendered":"https:\/\/ecampusontario.ca\/mc-forum-2025-accessibility-information\/"},"modified":"2024-12-18T15:17:20","modified_gmt":"2024-12-18T20:17:20","slug":"mc-forum-2025-accessibility-information","status":"publish","type":"page","link":"https:\/\/ecampusontario.ca\/fr\/mc-forum-2025-accessibility-information\/","title":{"rendered":"Forum sur les micro-titres de comp\u00e9tences\u202f2025"},"content":{"rendered":"\n<figure class=\"wp-block-image size-large\"><img loading=\"lazy\" decoding=\"async\" width=\"1024\" height=\"286\" src=\"https:\/\/ecampusontario.ca\/wp-content\/uploads\/2024\/12\/MCForum2025_WebBanner-FR-1-1024x286.png\" alt=\"\" class=\"wp-image-35940\" srcset=\"https:\/\/ecampusontario.ca\/wp-content\/uploads\/2024\/12\/MCForum2025_WebBanner-FR-1-1024x286.png 1024w, https:\/\/ecampusontario.ca\/wp-content\/uploads\/2024\/12\/MCForum2025_WebBanner-FR-1-300x84.png 300w, https:\/\/ecampusontario.ca\/wp-content\/uploads\/2024\/12\/MCForum2025_WebBanner-FR-1-768x214.png 768w, https:\/\/ecampusontario.ca\/wp-content\/uploads\/2024\/12\/MCForum2025_WebBanner-FR-1-1536x429.png 1536w, https:\/\/ecampusontario.ca\/wp-content\/uploads\/2024\/12\/MCForum2025_WebBanner-FR-1.png 1920w\" sizes=\"auto, (max-width: 1024px) 100vw, 1024px\" \/><\/figure>\n\n\n\n<div class=\"container container-lg\">\n  <div class=\"row\">\n    <div class=\"col-12\">\n<div class=\"container\">\n        <div class=\"row\">\n          <div class=\"col-12\">\n\n\n\n<div class=\"wp-block-columns is-layout-flex wp-container-core-columns-is-layout-9d6595d7 wp-block-columns-is-layout-flex\">\n<div class=\"wp-block-column is-layout-flow wp-block-column-is-layout-flow\" style=\"flex-basis:100%\">\n<h1 class=\"wp-block-heading\" id=\"h-forum-sur-les-micro-titres-de-comp-tences-2025-venue-informations-sur-l-accessibilit\">Forum sur les micro-titres de comp\u00e9tences\u202f2025 Venue Informations sur l&rsquo;accessibilit\u00e9 <\/h1>\n\n\n\n<p> Le b\u00e2timent de la Biblioth\u00e8que de r\u00e9f\u00e9rence de Toronto, y compris l\u2019entr\u00e9e principale, est accessible aux fauteuils roulants et dispose de salles de bain faciles d\u2019acc\u00e8s. Des tables seront r\u00e9serv\u00e9es \u00e0 l\u2019usage des personnes ayant des besoins en mati\u00e8re d\u2019accessibilit\u00e9 et des all\u00e9es spacieuses seront am\u00e9nag\u00e9es pour y acc\u00e9der. Ces tables disposeront d\u2019un espace suppl\u00e9mentaire pour les personnes qui disposent d\u2019une aide \u00e0 la mobilit\u00e9. Une personne de l\u2019\u00e9quipe d\u2019eCampusOntario sera charg\u00e9e d\u2019aider tous les invit\u00e9s ayant des besoins en mati\u00e8re d\u2019accessibilit\u00e9.<\/p>\n\n\n\n<p><strong>Des sous-titres en temps r\u00e9el seront diffus\u00e9s lors de toutes les s\u00e9ances pr\u00e9sent\u00e9es sur la sc\u00e8ne principale.<\/strong><\/p>\n\n\n\n<p>Veuillez noter que nous ne disposons pas d\u2019espaces de stationnement accessibles sur place. Il y a des espaces de stationnement sur l\u2019avenue Asquith. Le garage, \u00e9galement situ\u00e9 sur l\u2019avenue Asquith, comporte un stationnement accessible.<\/p>\n\n\n\n<p><strong>La Biblioth\u00e8que de r\u00e9f\u00e9rence de Toronto est un lieu accessible, <\/strong><br><strong>dont voici quelques caract\u00e9ristiques :<\/strong><\/p>\n\n\n\n<ul class=\"wp-block-list\">\n<li class=\"has-medium-font-size\">Un stationnement accessible est \u00e0 votre disposition dans le garage Indigo situ\u00e9 sur l\u2019avenue Asquith (on peut \u00e9galement y acc\u00e9der depuis le 2, rue Bloor Est).<\/li>\n\n\n\n<li class=\"has-medium-font-size\">L\u2019entr\u00e9e accessible est situ\u00e9e \u00e0 l\u2019entr\u00e9e principale de la Biblioth\u00e8que publique de Toronto, du c\u00f4t\u00e9 de la rue Yonge.&nbsp;<\/li>\n\n\n\n<li class=\"has-medium-font-size\">Les ascenseurs sont situ\u00e9s au premier \u00e9tage et permettent aux invit\u00e9s d\u2019acc\u00e9der au salon Appel qui se trouve au deuxi\u00e8me \u00e9tage.<\/li>\n\n\n\n<li class=\"has-medium-font-size\">Le salon Appel est dot\u00e9 de salles de bain accessibles.&nbsp;<\/li>\n\n\n\n<li class=\"has-medium-font-size\">La sc\u00e8ne dispose d\u2019une rampe d\u2019acc\u00e8s.&nbsp;<\/li>\n<\/ul>\n\n\n\n<div style=\"height:45px\" aria-hidden=\"true\" class=\"wp-block-spacer\"><\/div>\n\n\n\n<h2 class=\"wp-block-heading\" id=\"h-plan-du-site\">Plan du site<\/h2>\n\n\n\n<figure class=\"wp-block-image size-large is-resized\"><img loading=\"lazy\" decoding=\"async\" width=\"1024\" height=\"699\" src=\"https:\/\/ecampusontario.ca\/wp-content\/uploads\/2024\/09\/Screenshot-2024-09-19-at-4.05.52\u202fPM-1024x699.png\" alt=\"\" class=\"wp-image-34198\" style=\"width:554px;height:auto\" srcset=\"https:\/\/ecampusontario.ca\/wp-content\/uploads\/2024\/09\/Screenshot-2024-09-19-at-4.05.52\u202fPM-1024x699.png 1024w, https:\/\/ecampusontario.ca\/wp-content\/uploads\/2024\/09\/Screenshot-2024-09-19-at-4.05.52\u202fPM-300x205.png 300w, https:\/\/ecampusontario.ca\/wp-content\/uploads\/2024\/09\/Screenshot-2024-09-19-at-4.05.52\u202fPM-768x524.png 768w, https:\/\/ecampusontario.ca\/wp-content\/uploads\/2024\/09\/Screenshot-2024-09-19-at-4.05.52\u202fPM-1536x1048.png 1536w, https:\/\/ecampusontario.ca\/wp-content\/uploads\/2024\/09\/Screenshot-2024-09-19-at-4.05.52\u202fPM.png 1750w\" sizes=\"auto, (max-width: 1024px) 100vw, 1024px\" \/><\/figure>\n\n\n\n<figure class=\"wp-block-image size-large\"><img loading=\"lazy\" decoding=\"async\" width=\"1024\" height=\"532\" src=\"https:\/\/ecampusontario.ca\/wp-content\/uploads\/2024\/12\/MC-Forum-2025-Floorplan-Level-2-FR-1024x532.png\" alt=\"\" class=\"wp-image-35960\" srcset=\"https:\/\/ecampusontario.ca\/wp-content\/uploads\/2024\/12\/MC-Forum-2025-Floorplan-Level-2-FR-1024x532.png 1024w, https:\/\/ecampusontario.ca\/wp-content\/uploads\/2024\/12\/MC-Forum-2025-Floorplan-Level-2-FR-300x156.png 300w, https:\/\/ecampusontario.ca\/wp-content\/uploads\/2024\/12\/MC-Forum-2025-Floorplan-Level-2-FR-768x399.png 768w, https:\/\/ecampusontario.ca\/wp-content\/uploads\/2024\/12\/MC-Forum-2025-Floorplan-Level-2-FR-1536x799.png 1536w, https:\/\/ecampusontario.ca\/wp-content\/uploads\/2024\/12\/MC-Forum-2025-Floorplan-Level-2-FR.png 1604w\" sizes=\"auto, (max-width: 1024px) 100vw, 1024px\" \/><\/figure>\n<\/div>\n<\/div>\n\n\n\n<\/div><\/div><\/div><\/div><\/div><\/div><style>.heading-main{display:none !important;}<\/style>\n","protected":false},"excerpt":{"rendered":"<p>Forum sur les micro-titres de comp\u00e9tences\u202f2025 Venue Informations sur l&rsquo;accessibilit\u00e9 Le b\u00e2timent de la Biblioth\u00e8que de r\u00e9f\u00e9rence de Toronto, y compris l\u2019entr\u00e9e principale, est accessible aux fauteuils roulants et dispose de salles de bain faciles d\u2019acc\u00e8s. Des tables seront r\u00e9serv\u00e9es \u00e0 l\u2019usage des personnes ayant des besoins en mati\u00e8re d\u2019accessibilit\u00e9 et des all\u00e9es spacieuses seront [&hellip;]<\/p>\n","protected":false},"author":18,"featured_media":0,"parent":0,"menu_order":0,"comment_status":"closed","ping_status":"closed","template":"","meta":{"_acf_changed":false,"footnotes":""},"categories":[],"tags":[],"class_list":["post-35956","page","type-page","status-publish","hentry"],"acf":[],"yoast_head":"<!-- This site is optimized with the Yoast SEO Premium plugin v26.0 (Yoast SEO v26.0) - https:\/\/yoast.com\/wordpress\/plugins\/seo\/ -->\n<title>Forum sur les micro-titres de comp\u00e9tences\u202f2025 | eCampusOntario<\/title>\n<meta name=\"robots\" content=\"index, follow, max-snippet:-1, max-image-preview:large, max-video-preview:-1\" \/>\n<link rel=\"canonical\" href=\"https:\/\/ecampusontario.ca\/fr\/mc-forum-2025-accessibility-information\/\" \/>\n<meta property=\"og:locale\" content=\"fr_FR\" \/>\n<meta property=\"og:type\" content=\"article\" \/>\n<meta property=\"og:title\" content=\"Forum sur les micro-titres de comp\u00e9tences\u202f2025\" \/>\n<meta property=\"og:description\" content=\"Forum sur les micro-titres de comp\u00e9tences\u202f2025 Venue Informations sur l&rsquo;accessibilit\u00e9 Le b\u00e2timent de la Biblioth\u00e8que de r\u00e9f\u00e9rence de Toronto, y compris l\u2019entr\u00e9e principale, est accessible aux fauteuils roulants et dispose de salles de bain faciles d\u2019acc\u00e8s. Des tables seront r\u00e9serv\u00e9es \u00e0 l\u2019usage des personnes ayant des besoins en mati\u00e8re d\u2019accessibilit\u00e9 et des all\u00e9es spacieuses seront [&hellip;]\" \/>\n<meta property=\"og:url\" content=\"https:\/\/ecampusontario.ca\/fr\/mc-forum-2025-accessibility-information\/\" \/>\n<meta property=\"og:site_name\" content=\"eCampusOntario\" \/>\n<meta property=\"article:publisher\" content=\"https:\/\/www.facebook.com\/ecampusontario\/\" \/>\n<meta property=\"article:modified_time\" content=\"2024-12-18T20:17:20+00:00\" \/>\n<meta property=\"og:image\" content=\"https:\/\/ecampusontario.ca\/wp-content\/uploads\/2024\/12\/MCForum2025_WebBanner-FR-1-1024x286.png\" \/>\n<meta name=\"twitter:card\" content=\"summary_large_image\" \/>\n<meta name=\"twitter:site\" content=\"@eCampusOntario\" \/>\n<meta name=\"twitter:label1\" content=\"Dur\u00e9e de lecture estim\u00e9e\" \/>\n\t<meta name=\"twitter:data1\" content=\"1 minute\" \/>\n<script type=\"application\/ld+json\" class=\"yoast-schema-graph\">{\"@context\":\"https:\/\/schema.org\",\"@graph\":[{\"@type\":\"WebPage\",\"@id\":\"https:\/\/ecampusontario.ca\/fr\/mc-forum-2025-accessibility-information\/\",\"url\":\"https:\/\/ecampusontario.ca\/fr\/mc-forum-2025-accessibility-information\/\",\"name\":\"Forum sur les micro-titres de comp\u00e9tences\u202f2025 | eCampusOntario\",\"isPartOf\":{\"@id\":\"https:\/\/ecampusontario.ca\/fr\/#website\"},\"primaryImageOfPage\":{\"@id\":\"https:\/\/ecampusontario.ca\/fr\/mc-forum-2025-accessibility-information\/#primaryimage\"},\"image\":{\"@id\":\"https:\/\/ecampusontario.ca\/fr\/mc-forum-2025-accessibility-information\/#primaryimage\"},\"thumbnailUrl\":\"https:\/\/ecampusontario.ca\/wp-content\/uploads\/2024\/12\/MCForum2025_WebBanner-FR-1-1024x286.png\",\"datePublished\":\"2024-12-17T20:23:23+00:00\",\"dateModified\":\"2024-12-18T20:17:20+00:00\",\"breadcrumb\":{\"@id\":\"https:\/\/ecampusontario.ca\/fr\/mc-forum-2025-accessibility-information\/#breadcrumb\"},\"inLanguage\":\"fr-FR\",\"potentialAction\":[{\"@type\":\"ReadAction\",\"target\":[\"https:\/\/ecampusontario.ca\/fr\/mc-forum-2025-accessibility-information\/\"]}]},{\"@type\":\"ImageObject\",\"inLanguage\":\"fr-FR\",\"@id\":\"https:\/\/ecampusontario.ca\/fr\/mc-forum-2025-accessibility-information\/#primaryimage\",\"url\":\"https:\/\/ecampusontario.ca\/wp-content\/uploads\/2024\/12\/MCForum2025_WebBanner-FR-1-1024x286.png\",\"contentUrl\":\"https:\/\/ecampusontario.ca\/wp-content\/uploads\/2024\/12\/MCForum2025_WebBanner-FR-1-1024x286.png\"},{\"@type\":\"BreadcrumbList\",\"@id\":\"https:\/\/ecampusontario.ca\/fr\/mc-forum-2025-accessibility-information\/#breadcrumb\",\"itemListElement\":[{\"@type\":\"ListItem\",\"position\":1,\"name\":\"Home\",\"item\":\"https:\/\/ecampusontario.ca\/fr\/\"},{\"@type\":\"ListItem\",\"position\":2,\"name\":\"Forum sur les micro-titres de comp\u00e9tences\u202f2025\"}]},{\"@type\":\"WebSite\",\"@id\":\"https:\/\/ecampusontario.ca\/fr\/#website\",\"url\":\"https:\/\/ecampusontario.ca\/fr\/\",\"name\":\"eCampusOntario\",\"description\":\"The online hub for learners and educators across Ontario\",\"publisher\":{\"@id\":\"https:\/\/ecampusontario.ca\/fr\/#organization\"},\"potentialAction\":[{\"@type\":\"SearchAction\",\"target\":{\"@type\":\"EntryPoint\",\"urlTemplate\":\"https:\/\/ecampusontario.ca\/fr\/?s={search_term_string}\"},\"query-input\":{\"@type\":\"PropertyValueSpecification\",\"valueRequired\":true,\"valueName\":\"search_term_string\"}}],\"inLanguage\":\"fr-FR\"},{\"@type\":\"Organization\",\"@id\":\"https:\/\/ecampusontario.ca\/fr\/#organization\",\"name\":\"eCampusOntario\",\"url\":\"https:\/\/ecampusontario.ca\/fr\/\",\"logo\":{\"@type\":\"ImageObject\",\"inLanguage\":\"fr-FR\",\"@id\":\"https:\/\/ecampusontario.ca\/fr\/#\/schema\/logo\/image\/\",\"url\":\"https:\/\/ecampusontario.ca\/wp-content\/uploads\/2018\/11\/ecampus-e-icon-1.png\",\"contentUrl\":\"https:\/\/ecampusontario.ca\/wp-content\/uploads\/2018\/11\/ecampus-e-icon-1.png\",\"width\":720,\"height\":325,\"caption\":\"eCampusOntario\"},\"image\":{\"@id\":\"https:\/\/ecampusontario.ca\/fr\/#\/schema\/logo\/image\/\"},\"sameAs\":[\"https:\/\/www.facebook.com\/ecampusontario\/\",\"https:\/\/x.com\/eCampusOntario\"]}]}<\/script>\n<!-- \/ Yoast SEO Premium plugin. -->","yoast_head_json":{"title":"Forum sur les micro-titres de comp\u00e9tences\u202f2025 | eCampusOntario","robots":{"index":"index","follow":"follow","max-snippet":"max-snippet:-1","max-image-preview":"max-image-preview:large","max-video-preview":"max-video-preview:-1"},"canonical":"https:\/\/ecampusontario.ca\/fr\/mc-forum-2025-accessibility-information\/","og_locale":"fr_FR","og_type":"article","og_title":"Forum sur les micro-titres de comp\u00e9tences\u202f2025","og_description":"Forum sur les micro-titres de comp\u00e9tences\u202f2025 Venue Informations sur l&rsquo;accessibilit\u00e9 Le b\u00e2timent de la Biblioth\u00e8que de r\u00e9f\u00e9rence de Toronto, y compris l\u2019entr\u00e9e principale, est accessible aux fauteuils roulants et dispose de salles de bain faciles d\u2019acc\u00e8s. Des tables seront r\u00e9serv\u00e9es \u00e0 l\u2019usage des personnes ayant des besoins en mati\u00e8re d\u2019accessibilit\u00e9 et des all\u00e9es spacieuses seront [&hellip;]","og_url":"https:\/\/ecampusontario.ca\/fr\/mc-forum-2025-accessibility-information\/","og_site_name":"eCampusOntario","article_publisher":"https:\/\/www.facebook.com\/ecampusontario\/","article_modified_time":"2024-12-18T20:17:20+00:00","og_image":[{"url":"https:\/\/ecampusontario.ca\/wp-content\/uploads\/2024\/12\/MCForum2025_WebBanner-FR-1-1024x286.png","type":"","width":"","height":""}],"twitter_card":"summary_large_image","twitter_site":"@eCampusOntario","twitter_misc":{"Dur\u00e9e de lecture estim\u00e9e":"1 minute"},"schema":{"@context":"https:\/\/schema.org","@graph":[{"@type":"WebPage","@id":"https:\/\/ecampusontario.ca\/fr\/mc-forum-2025-accessibility-information\/","url":"https:\/\/ecampusontario.ca\/fr\/mc-forum-2025-accessibility-information\/","name":"Forum sur les micro-titres de comp\u00e9tences\u202f2025 | eCampusOntario","isPartOf":{"@id":"https:\/\/ecampusontario.ca\/fr\/#website"},"primaryImageOfPage":{"@id":"https:\/\/ecampusontario.ca\/fr\/mc-forum-2025-accessibility-information\/#primaryimage"},"image":{"@id":"https:\/\/ecampusontario.ca\/fr\/mc-forum-2025-accessibility-information\/#primaryimage"},"thumbnailUrl":"https:\/\/ecampusontario.ca\/wp-content\/uploads\/2024\/12\/MCForum2025_WebBanner-FR-1-1024x286.png","datePublished":"2024-12-17T20:23:23+00:00","dateModified":"2024-12-18T20:17:20+00:00","breadcrumb":{"@id":"https:\/\/ecampusontario.ca\/fr\/mc-forum-2025-accessibility-information\/#breadcrumb"},"inLanguage":"fr-FR","potentialAction":[{"@type":"ReadAction","target":["https:\/\/ecampusontario.ca\/fr\/mc-forum-2025-accessibility-information\/"]}]},{"@type":"ImageObject","inLanguage":"fr-FR","@id":"https:\/\/ecampusontario.ca\/fr\/mc-forum-2025-accessibility-information\/#primaryimage","url":"https:\/\/ecampusontario.ca\/wp-content\/uploads\/2024\/12\/MCForum2025_WebBanner-FR-1-1024x286.png","contentUrl":"https:\/\/ecampusontario.ca\/wp-content\/uploads\/2024\/12\/MCForum2025_WebBanner-FR-1-1024x286.png"},{"@type":"BreadcrumbList","@id":"https:\/\/ecampusontario.ca\/fr\/mc-forum-2025-accessibility-information\/#breadcrumb","itemListElement":[{"@type":"ListItem","position":1,"name":"Home","item":"https:\/\/ecampusontario.ca\/fr\/"},{"@type":"ListItem","position":2,"name":"Forum sur les micro-titres de comp\u00e9tences\u202f2025"}]},{"@type":"WebSite","@id":"https:\/\/ecampusontario.ca\/fr\/#website","url":"https:\/\/ecampusontario.ca\/fr\/","name":"eCampusOntario","description":"The online hub for learners and educators across Ontario","publisher":{"@id":"https:\/\/ecampusontario.ca\/fr\/#organization"},"potentialAction":[{"@type":"SearchAction","target":{"@type":"EntryPoint","urlTemplate":"https:\/\/ecampusontario.ca\/fr\/?s={search_term_string}"},"query-input":{"@type":"PropertyValueSpecification","valueRequired":true,"valueName":"search_term_string"}}],"inLanguage":"fr-FR"},{"@type":"Organization","@id":"https:\/\/ecampusontario.ca\/fr\/#organization","name":"eCampusOntario","url":"https:\/\/ecampusontario.ca\/fr\/","logo":{"@type":"ImageObject","inLanguage":"fr-FR","@id":"https:\/\/ecampusontario.ca\/fr\/#\/schema\/logo\/image\/","url":"https:\/\/ecampusontario.ca\/wp-content\/uploads\/2018\/11\/ecampus-e-icon-1.png","contentUrl":"https:\/\/ecampusontario.ca\/wp-content\/uploads\/2018\/11\/ecampus-e-icon-1.png","width":720,"height":325,"caption":"eCampusOntario"},"image":{"@id":"https:\/\/ecampusontario.ca\/fr\/#\/schema\/logo\/image\/"},"sameAs":["https:\/\/www.facebook.com\/ecampusontario\/","https:\/\/x.com\/eCampusOntario"]}]}},"_links":{"self":[{"href":"https:\/\/ecampusontario.ca\/fr\/wp-json\/wp\/v2\/pages\/35956","targetHints":{"allow":["GET"]}}],"collection":[{"href":"https:\/\/ecampusontario.ca\/fr\/wp-json\/wp\/v2\/pages"}],"about":[{"href":"https:\/\/ecampusontario.ca\/fr\/wp-json\/wp\/v2\/types\/page"}],"author":[{"embeddable":true,"href":"https:\/\/ecampusontario.ca\/fr\/wp-json\/wp\/v2\/users\/18"}],"replies":[{"embeddable":true,"href":"https:\/\/ecampusontario.ca\/fr\/wp-json\/wp\/v2\/comments?post=35956"}],"version-history":[{"count":5,"href":"https:\/\/ecampusontario.ca\/fr\/wp-json\/wp\/v2\/pages\/35956\/revisions"}],"predecessor-version":[{"id":35966,"href":"https:\/\/ecampusontario.ca\/fr\/wp-json\/wp\/v2\/pages\/35956\/revisions\/35966"}],"wp:attachment":[{"href":"https:\/\/ecampusontario.ca\/fr\/wp-json\/wp\/v2\/media?parent=35956"}],"wp:term":[{"taxonomy":"category","embeddable":true,"href":"https:\/\/ecampusontario.ca\/fr\/wp-json\/wp\/v2\/categories?post=35956"},{"taxonomy":"post_tag","embeddable":true,"href":"https:\/\/ecampusontario.ca\/fr\/wp-json\/wp\/v2\/tags?post=35956"}],"curies":[{"name":"wp","href":"https:\/\/api.w.org\/{rel}","templated":true}]}}