
{"id":35933,"date":"2024-12-17T14:38:06","date_gmt":"2024-12-17T19:38:06","guid":{"rendered":"https:\/\/ecampusontario.ca\/mc-forum-2025-webinar-series\/"},"modified":"2025-02-12T15:12:33","modified_gmt":"2025-02-12T20:12:33","slug":"mc-forum-2025-webinar-series","status":"publish","type":"page","link":"https:\/\/ecampusontario.ca\/fr\/mc-forum-2025-webinar-series\/","title":{"rendered":"Forum sur les micro-titres de comp\u00e9tences\u202f2025"},"content":{"rendered":"\n<figure class=\"wp-block-image size-large is-style-default\"><img loading=\"lazy\" decoding=\"async\" width=\"1024\" height=\"286\" src=\"https:\/\/ecampusontario.ca\/wp-content\/uploads\/2024\/12\/MCForum2025_WebBanner-FR-1024x286.png\" alt=\"\" class=\"wp-image-35935\" srcset=\"https:\/\/ecampusontario.ca\/wp-content\/uploads\/2024\/12\/MCForum2025_WebBanner-FR-1024x286.png 1024w, https:\/\/ecampusontario.ca\/wp-content\/uploads\/2024\/12\/MCForum2025_WebBanner-FR-300x84.png 300w, https:\/\/ecampusontario.ca\/wp-content\/uploads\/2024\/12\/MCForum2025_WebBanner-FR-768x214.png 768w, https:\/\/ecampusontario.ca\/wp-content\/uploads\/2024\/12\/MCForum2025_WebBanner-FR-1536x429.png 1536w, https:\/\/ecampusontario.ca\/wp-content\/uploads\/2024\/12\/MCForum2025_WebBanner-FR.png 1920w\" sizes=\"auto, (max-width: 1024px) 100vw, 1024px\" \/><\/figure>\n\n\n\n<div class=\"container w-100 py-5\" style=\"background-color:#1E1A34;>\n  <div class=\"row\">\n    <div class=\"col-12\">\n<div class=\"container\">\n        <div class=\"row\">\n          <div class=\"col-12\">\n\n\n\n<h1 class=\"wp-block-heading p-0 pb-4 has-white-color has-text-color has-background has-link-color has-large-font-size wp-elements-c8cc41c7efd1ec42a18bdd7ed33ebcaf\" id=\"h-forum-sur-les-micro-titres-de-competences-2025\" style=\"background-color:#1e1a34\"><strong>Forum sur les micro-titres de comp\u00e9tences\u202f2025<\/strong><\/h1>\n\n\n\n<p class=\"px-0 has-white-color has-text-color has-background has-link-color wp-elements-e04d2467de228a0354f6b12b40c0e496\" style=\"background-color:#1e1a34\">Avant le <a style=\"color:#fff !important;\" href=\"https:\/\/ecampusontario.ca\/fr\/mc-forum-2025\/\">Forum sur les micro-titres de comp\u00e9tences\u202f2025<\/a>, nous proposerons une s\u00e9rie de webinaires. Tous les webinaires offriront une traduction audio en direct en fran\u00e7ais afin que vous puissiez profiter du contenu du Forum sur les micro-titres de comp\u00e9tences\u202f2025 depuis le confort de votre domicile. <strong>L\u2019inscription est obligatoire pour chaque webinaire. Les webinaires sont gratuits.<\/strong>&nbsp;<\/p>\n\n\n\n<\/div>\n<\/div>\n<\/div>\n<\/div>\n<\/div>\n<\/div>\n<div class=\"container w-100 py-5\">\n  <div class=\"row\">\n    <div class=\"col-12\">\n<div class=\"container\">\n        <div class=\"row\">\n          <div class=\"col-12\">\n\n\n\n<h2 class=\"wp-block-heading mb-5\" id=\"h-webinaires-prealables-a-la-conference-nbsp\">Webinaires pr\u00e9alables \u00e0 la conf\u00e9rence&nbsp;<\/h2>\n\n\n\n<div class=\"wp-block-columns is-layout-flex wp-container-core-columns-is-layout-9d6595d7 wp-block-columns-is-layout-flex\">\n<div class=\"wp-block-column d-flex flex-column is-layout-flow wp-block-column-is-layout-flow\" style=\"flex-basis:33.33%\">\n<p><strong>Jeudi\u202f13\u202ff\u00e9vrier\u202f2025<\/strong><\/p>\n\n\n\n<p><strong>De 12\u202fh \u00e0 13\u202fh HE&nbsp;&nbsp;<\/strong><\/p>\n\n\n\n<figure class=\"wp-block-image alignleft size-full is-style-default\"><img loading=\"lazy\" decoding=\"async\" width=\"279\" height=\"296\" src=\"https:\/\/ecampusontario.ca\/wp-content\/uploads\/2024\/12\/MCForum2025-speaker-Lauren-Kennedy-Barrows.png\" alt=\"\" class=\"wp-image-35845\"\/><\/figure>\n\n\n\n<p class=\"has-text-align-left\"><br><\/p>\n\n\n\n<h3 class=\"wp-block-heading\" id=\"h-dr-lauren-kennedy-barrows\">Dr. Lauren<br>Kennedy-Barrows<\/h3>\n\n\n\n<p class=\"has-text-align-left\">Gestionnaire de l\u2019Institut de langue anglaise, Universit\u00e9 de Lethbridge&nbsp;<\/p>\n<\/div>\n\n\n\n<div class=\"wp-block-column is-layout-flow wp-block-column-is-layout-flow\" style=\"flex-basis:66.66%\">\n<p class=\"has-text-color has-link-color wp-elements-5dd5d65f46c52e6f969d610dca6775f9\" style=\"color:#1e1a34;font-size:30px\"><strong><strong>Conception de micro-titres de comp\u00e9tences pour les apprenants adultes\u202f: Aper\u00e7u des pr\u00e9f\u00e9rences et des priorit\u00e9s<\/strong>&nbsp;<\/strong><\/p>\n\n\n\n<div class=\"wp-block-buttons is-layout-flex wp-block-buttons-is-layout-flex\">\n<div class=\"wp-block-button is-style-fill\"><a class=\"wp-block-button__link has-black-color has-text-color has-background has-link-color wp-element-button\" href=\"https:\/\/ecampusontario.zoom.us\/webinar\/register\/WN_ndQdm4E_RAeTCcrS3aOwmg?_gl=1*1sqvryc*_gcl_au*MTA1MzY4MzYuMTczNDUzMzI2OQ..*_ga*ODk2ODY2NDQ1LjE3MzQ1MzMyNzA.*_ga_L8TBF28DDX*MTczNDYxOTE2NS40LjEuMTczNDYxOTE3MC4wLjAuMA..#\/registration\" style=\"border-radius:10px;background-color:#f1b434\" target=\"_blank\" rel=\"noreferrer noopener\">S\u2019inscrire ici<\/a><\/div>\n<\/div>\n\n\n\n<p class=\"pt-5\">Les micro-titres de comp\u00e9tences sont des certifications sp\u00e9cialis\u00e9es qui servent \u00e0 reconna\u00eetre des comp\u00e9tences ou des connaissances pr\u00e9cises, offrant des voies d\u2019acc\u00e8s flexibles et cibl\u00e9es \u00e0 l\u2019emploi ou \u00e0 la formation compl\u00e9mentaire. Malgr\u00e9 leur popularit\u00e9 croissante, il existe peu de recherches empiriques sur ce qui rend ces programmes attrayants pour les apprenants adultes. Cette pr\u00e9sentation explore les caract\u00e9ristiques des programmes qui attirent les apprenants adultes vers les micro-titres de comp\u00e9tences, en examinant les pr\u00e9f\u00e9rences de la population et des sous-groupes pour sept caract\u00e9ristiques cl\u00e9s des programmes de micro-titres de comp\u00e9tences\u202f: le format p\u00e9dagogique, la dur\u00e9e du programme, le temps \u00e0 consacrer, la r\u00e9putation du fournisseur, les liens avec les employeurs, les options de remboursement et le co\u00fbt. En mettant en lumi\u00e8re les pr\u00e9f\u00e9rences des apprenants pour ces attributs, cette pr\u00e9sentation vise \u00e0 aider les organisations \u00e0 concevoir des programmes de micro-titres de comp\u00e9tences qui r\u00e9pondent aux divers besoins et priorit\u00e9s des apprenants adultes.&nbsp;<\/p>\n<\/div>\n<\/div>\n\n\n\n<hr class=\"wp-block-separator has-alpha-channel-opacity my-5\"\/>\n\n\n\n<div class=\"wp-block-columns is-layout-flex wp-container-core-columns-is-layout-9d6595d7 wp-block-columns-is-layout-flex\">\n<div class=\"wp-block-column d-flex flex-column is-layout-flow wp-block-column-is-layout-flow\" style=\"flex-basis:33.33%\">\n<p><strong>Jeudi 13 f\u00e9vrier 2025 <\/strong><\/p>\n\n\n\n<p><strong><strong>De 14 h \u00e0 15 h HNE&nbsp;<\/strong><\/strong><\/p>\n\n\n\n<figure class=\"wp-block-image alignleft size-full is-style-default\"><img loading=\"lazy\" decoding=\"async\" width=\"279\" height=\"296\" src=\"https:\/\/ecampusontario.ca\/wp-content\/uploads\/2024\/12\/MC-Forum-2025-Headshot-Suhayl-Patel.png\" alt=\"\" class=\"wp-image-35917\"\/><\/figure>\n\n\n\n<h3 class=\"wp-block-heading has-text-align-left\" id=\"h-suhayl-patel\">Suhayl Patel <\/h3>\n\n\n\n<p class=\"has-text-align-left\">Doyen associ\u00e9, Centre de d\u00e9veloppement de la main-d&rsquo;\u0153uvre, Coll\u00e8ge Bow Valley&nbsp;&nbsp;<\/p>\n<\/div>\n\n\n\n<div class=\"wp-block-column is-layout-flow wp-block-column-is-layout-flow\" style=\"flex-basis:66.66%\">\n<p class=\"has-text-color has-link-color wp-elements-ac7b0704ec4dcb5234a212e7a8307ec4\" style=\"color:#1e1a34;font-size:30px\"><strong><strong>Passerelle vers l&#8217;emploi pour les infirmi\u00e8res form\u00e9es \u00e0 l&rsquo;\u00e9tranger au Canada<\/strong><\/strong><\/p>\n\n\n\n<div class=\"wp-block-buttons is-layout-flex wp-block-buttons-is-layout-flex\">\n<div class=\"wp-block-button is-style-fill\"><a class=\"wp-block-button__link has-black-color has-text-color has-background has-link-color wp-element-button\" href=\"https:\/\/can01.safelinks.protection.outlook.com\/?url=https%3A%2F%2Fecampusontario.zoom.us%2Fwebinar%2Fregister%2FWN_AxZGwxNySbqhYuq12tcqRw&amp;data=05%7C02%7Cmriaz%40ecampusontario.ca%7C2401b6aac43248b42b9408dd1f79002e%7Cb3690eef00124d4286cb79c1dbac563d%7C0%7C0%7C638701326728002864%7CUnknown%7CTWFpbGZsb3d8eyJFbXB0eU1hcGkiOnRydWUsIlYiOiIwLjAuMDAwMCIsIlAiOiJXaW4zMiIsIkFOIjoiTWFpbCIsIldUIjoyfQ%3D%3D%7C0%7C%7C%7C&amp;sdata=zBrVrKvoeKW5p5yXFHmHaC4%2FKlHoODRH%2FErDcZYTyak%3D&amp;reserved=0\" style=\"border-radius:10px;background-color:#f1b434\" target=\"_blank\" rel=\"noreferrer noopener\">S\u2019inscrire ici <\/a><\/div>\n<\/div>\n\n\n\n<p class=\"pt-5\">Comment pouvons-nous combler l&rsquo;\u00e9cart vers l&#8217;emploi pour les infirmi\u00e8res et infirmiers form\u00e9s \u00e0 l&rsquo;\u00e9tranger au Canada (IFE)? Le programme Path2Practice du Coll\u00e8ge Bow Valley r\u00e9pond \u00e0 ce d\u00e9fi en utilisant des micro-titres ax\u00e9es sur les comp\u00e9tences pour am\u00e9liorer l&#8217;employabilit\u00e9 et faciliter une int\u00e9gration harmonieuse dans le syst\u00e8me de sant\u00e9 canadien. Ce programme met l\u2019accent sur l\u2019acquisition des comp\u00e9tences essentielles requises dans le domaine de la sant\u00e9 au Canada, tout en offrant des perspectives culturelles et en d\u00e9veloppant des comp\u00e9tences pratiques. Organis\u00e9 autour de trois piliers cl\u00e9s ; cours sur le contexte canadien, simulations de r\u00f4les et d\u00e9veloppement des comp\u00e9tences cliniques ; le curriculum valorise la sensibilit\u00e9 culturelle, la communication et la pratique clinique. Gr\u00e2ce \u00e0 des simulations immersives, les apprenant\u00b7e\u00b7s d\u00e9veloppent des comp\u00e9tences en prise de d\u00e9cision et en jugement clinique, les pr\u00e9parant ainsi \u00e0 int\u00e9grer le milieu de travail d\u00e8s la fin de leur formation. Cette approche permet non seulement de combler les \u00e9carts de comp\u00e9tences, mais aussi de renforcer le personnel de sant\u00e9 au Canada, cr\u00e9ant une passerelle vers l&#8217;emploi pour les IFE. Rejoignez-nous pour d\u00e9couvrir comment les micro-titres de comp\u00e9tences peuvent r\u00e9pondre \u00e0 la demande croissante de professionnel\u00b7le\u00b7s de la sant\u00e9 qualifi\u00e9\u00b7e\u00b7s au Canada<\/p>\n<\/div>\n<\/div>\n\n\n\n<\/div>\n<\/div>\n<\/div>\n<\/div>\n<\/div>\n<\/div>\n\n\n\n<div class=\"container w-100\" style=\"background-color:#76881d;>\n        <div class=\"row\">\n          <div class=\"col-12\">\n<div class=\"container\">\n        <div class=\"row\">\n          <div class=\"col-12\">\n\n\n\n<p class=\"has-text-align-center has-white-color has-text-color has-background has-link-color wp-elements-b23e4cb383cea8bf0f6eaf7f10ac19b8\" style=\"background-color:#76881d;font-size:24px\"><\/p>\n\n\n\n<\/div><\/div><\/div><\/div><\/div><\/div>\n\n\n\n<div class=\"container w-100\" style=\"background-color:#F1B434;>\n        <div class=\"row\">\n          <div class=\"col-12\">\n<div class=\"container\">\n        <div class=\"row\">\n          <div class=\"col-12\">\n\n\n\n<p class=\"has-text-align-center py-4 has-black-color has-text-color has-link-color wp-elements-7e7b4da3f865151a1975b9e07ab461ec\" style=\"font-size:24px\"><strong><strong>Le Forum des micro-certifications est rendu possible gr\u00e2ce au financement du Minist\u00e8re des Coll\u00e8ges et Universit\u00e9s.<\/strong><\/strong><\/p>\n\n\n\n<\/div><\/div><\/div><\/div><\/div><\/div>\n<style>\n.cover-image{ display:none;}\n\n.heading-main{display:none !important;}\n<\/style>\n","protected":false},"excerpt":{"rendered":"","protected":false},"author":18,"featured_media":0,"parent":0,"menu_order":0,"comment_status":"closed","ping_status":"closed","template":"","meta":{"_acf_changed":false,"footnotes":""},"categories":[],"tags":[],"class_list":["post-35933","page","type-page","status-publish","hentry"],"acf":[],"yoast_head":"<!-- This site is optimized with the Yoast SEO Premium plugin v27.4 (Yoast SEO v27.4) - https:\/\/yoast.com\/product\/yoast-seo-premium-wordpress\/ -->\n<title>Forum sur les micro-titres de comp\u00e9tences\u202f2025 | eCampusOntario<\/title>\n<meta name=\"robots\" content=\"index, follow, max-snippet:-1, max-image-preview:large, max-video-preview:-1\" \/>\n<link rel=\"canonical\" href=\"https:\/\/ecampusontario.ca\/fr\/mc-forum-2025-webinar-series\/\" \/>\n<meta property=\"og:locale\" content=\"fr_FR\" \/>\n<meta property=\"og:type\" content=\"article\" \/>\n<meta property=\"og:title\" content=\"Forum sur les micro-titres de comp\u00e9tences\u202f2025\" \/>\n<meta property=\"og:url\" content=\"https:\/\/ecampusontario.ca\/fr\/mc-forum-2025-webinar-series\/\" \/>\n<meta property=\"og:site_name\" content=\"eCampusOntario\" \/>\n<meta property=\"article:publisher\" content=\"https:\/\/www.facebook.com\/ecampusontario\/\" \/>\n<meta property=\"article:modified_time\" content=\"2025-02-12T20:12:33+00:00\" \/>\n<meta property=\"og:image\" content=\"https:\/\/ecampusontario.ca\/wp-content\/uploads\/2024\/12\/MCForum2025_WebBanner-FR.png\" \/>\n\t<meta property=\"og:image:width\" content=\"1920\" \/>\n\t<meta property=\"og:image:height\" content=\"536\" \/>\n\t<meta property=\"og:image:type\" content=\"image\/png\" \/>\n<meta name=\"twitter:card\" content=\"summary_large_image\" \/>\n<meta name=\"twitter:site\" content=\"@eCampusOntario\" \/>\n<meta name=\"twitter:label1\" content=\"Dur\u00e9e de lecture estim\u00e9e\" \/>\n\t<meta name=\"twitter:data1\" content=\"3 minutes\" \/>\n<script type=\"application\/ld+json\" class=\"yoast-schema-graph\">{\"@context\":\"https:\\\/\\\/schema.org\",\"@graph\":[{\"@type\":\"WebPage\",\"@id\":\"https:\\\/\\\/ecampusontario.ca\\\/fr\\\/mc-forum-2025-webinar-series\\\/\",\"url\":\"https:\\\/\\\/ecampusontario.ca\\\/fr\\\/mc-forum-2025-webinar-series\\\/\",\"name\":\"Forum sur les micro-titres de comp\u00e9tences\u202f2025 | eCampusOntario\",\"isPartOf\":{\"@id\":\"https:\\\/\\\/ecampusontario.ca\\\/fr\\\/#website\"},\"primaryImageOfPage\":{\"@id\":\"https:\\\/\\\/ecampusontario.ca\\\/fr\\\/mc-forum-2025-webinar-series\\\/#primaryimage\"},\"image\":{\"@id\":\"https:\\\/\\\/ecampusontario.ca\\\/fr\\\/mc-forum-2025-webinar-series\\\/#primaryimage\"},\"thumbnailUrl\":\"https:\\\/\\\/ecampusontario.ca\\\/wp-content\\\/uploads\\\/2024\\\/12\\\/MCForum2025_WebBanner-FR-1024x286.png\",\"datePublished\":\"2024-12-17T19:38:06+00:00\",\"dateModified\":\"2025-02-12T20:12:33+00:00\",\"breadcrumb\":{\"@id\":\"https:\\\/\\\/ecampusontario.ca\\\/fr\\\/mc-forum-2025-webinar-series\\\/#breadcrumb\"},\"inLanguage\":\"fr-FR\",\"potentialAction\":[{\"@type\":\"ReadAction\",\"target\":[\"https:\\\/\\\/ecampusontario.ca\\\/fr\\\/mc-forum-2025-webinar-series\\\/\"]}]},{\"@type\":\"ImageObject\",\"inLanguage\":\"fr-FR\",\"@id\":\"https:\\\/\\\/ecampusontario.ca\\\/fr\\\/mc-forum-2025-webinar-series\\\/#primaryimage\",\"url\":\"https:\\\/\\\/ecampusontario.ca\\\/wp-content\\\/uploads\\\/2024\\\/12\\\/MCForum2025_WebBanner-FR-1024x286.png\",\"contentUrl\":\"https:\\\/\\\/ecampusontario.ca\\\/wp-content\\\/uploads\\\/2024\\\/12\\\/MCForum2025_WebBanner-FR-1024x286.png\"},{\"@type\":\"BreadcrumbList\",\"@id\":\"https:\\\/\\\/ecampusontario.ca\\\/fr\\\/mc-forum-2025-webinar-series\\\/#breadcrumb\",\"itemListElement\":[{\"@type\":\"ListItem\",\"position\":1,\"name\":\"Home\",\"item\":\"https:\\\/\\\/ecampusontario.ca\\\/fr\\\/\"},{\"@type\":\"ListItem\",\"position\":2,\"name\":\"Forum sur les micro-titres de comp\u00e9tences\u202f2025\"}]},{\"@type\":\"WebSite\",\"@id\":\"https:\\\/\\\/ecampusontario.ca\\\/fr\\\/#website\",\"url\":\"https:\\\/\\\/ecampusontario.ca\\\/fr\\\/\",\"name\":\"eCampusOntario\",\"description\":\"The online hub for learners and educators across Ontario\",\"publisher\":{\"@id\":\"https:\\\/\\\/ecampusontario.ca\\\/fr\\\/#organization\"},\"potentialAction\":[{\"@type\":\"SearchAction\",\"target\":{\"@type\":\"EntryPoint\",\"urlTemplate\":\"https:\\\/\\\/ecampusontario.ca\\\/fr\\\/?s={search_term_string}\"},\"query-input\":{\"@type\":\"PropertyValueSpecification\",\"valueRequired\":true,\"valueName\":\"search_term_string\"}}],\"inLanguage\":\"fr-FR\"},{\"@type\":\"Organization\",\"@id\":\"https:\\\/\\\/ecampusontario.ca\\\/fr\\\/#organization\",\"name\":\"eCampusOntario\",\"url\":\"https:\\\/\\\/ecampusontario.ca\\\/fr\\\/\",\"logo\":{\"@type\":\"ImageObject\",\"inLanguage\":\"fr-FR\",\"@id\":\"https:\\\/\\\/ecampusontario.ca\\\/fr\\\/#\\\/schema\\\/logo\\\/image\\\/\",\"url\":\"https:\\\/\\\/ecampusontario.ca\\\/wp-content\\\/uploads\\\/2018\\\/11\\\/ecampus-e-icon-1.png\",\"contentUrl\":\"https:\\\/\\\/ecampusontario.ca\\\/wp-content\\\/uploads\\\/2018\\\/11\\\/ecampus-e-icon-1.png\",\"width\":720,\"height\":325,\"caption\":\"eCampusOntario\"},\"image\":{\"@id\":\"https:\\\/\\\/ecampusontario.ca\\\/fr\\\/#\\\/schema\\\/logo\\\/image\\\/\"},\"sameAs\":[\"https:\\\/\\\/www.facebook.com\\\/ecampusontario\\\/\",\"https:\\\/\\\/x.com\\\/eCampusOntario\"]}]}<\/script>\n<!-- \/ Yoast SEO Premium plugin. -->","yoast_head_json":{"title":"Forum sur les micro-titres de comp\u00e9tences\u202f2025 | eCampusOntario","robots":{"index":"index","follow":"follow","max-snippet":"max-snippet:-1","max-image-preview":"max-image-preview:large","max-video-preview":"max-video-preview:-1"},"canonical":"https:\/\/ecampusontario.ca\/fr\/mc-forum-2025-webinar-series\/","og_locale":"fr_FR","og_type":"article","og_title":"Forum sur les micro-titres de comp\u00e9tences\u202f2025","og_url":"https:\/\/ecampusontario.ca\/fr\/mc-forum-2025-webinar-series\/","og_site_name":"eCampusOntario","article_publisher":"https:\/\/www.facebook.com\/ecampusontario\/","article_modified_time":"2025-02-12T20:12:33+00:00","og_image":[{"width":1920,"height":536,"url":"https:\/\/ecampusontario.ca\/wp-content\/uploads\/2024\/12\/MCForum2025_WebBanner-FR.png","type":"image\/png"}],"twitter_card":"summary_large_image","twitter_site":"@eCampusOntario","twitter_misc":{"Dur\u00e9e de lecture estim\u00e9e":"3 minutes"},"schema":{"@context":"https:\/\/schema.org","@graph":[{"@type":"WebPage","@id":"https:\/\/ecampusontario.ca\/fr\/mc-forum-2025-webinar-series\/","url":"https:\/\/ecampusontario.ca\/fr\/mc-forum-2025-webinar-series\/","name":"Forum sur les micro-titres de comp\u00e9tences\u202f2025 | eCampusOntario","isPartOf":{"@id":"https:\/\/ecampusontario.ca\/fr\/#website"},"primaryImageOfPage":{"@id":"https:\/\/ecampusontario.ca\/fr\/mc-forum-2025-webinar-series\/#primaryimage"},"image":{"@id":"https:\/\/ecampusontario.ca\/fr\/mc-forum-2025-webinar-series\/#primaryimage"},"thumbnailUrl":"https:\/\/ecampusontario.ca\/wp-content\/uploads\/2024\/12\/MCForum2025_WebBanner-FR-1024x286.png","datePublished":"2024-12-17T19:38:06+00:00","dateModified":"2025-02-12T20:12:33+00:00","breadcrumb":{"@id":"https:\/\/ecampusontario.ca\/fr\/mc-forum-2025-webinar-series\/#breadcrumb"},"inLanguage":"fr-FR","potentialAction":[{"@type":"ReadAction","target":["https:\/\/ecampusontario.ca\/fr\/mc-forum-2025-webinar-series\/"]}]},{"@type":"ImageObject","inLanguage":"fr-FR","@id":"https:\/\/ecampusontario.ca\/fr\/mc-forum-2025-webinar-series\/#primaryimage","url":"https:\/\/ecampusontario.ca\/wp-content\/uploads\/2024\/12\/MCForum2025_WebBanner-FR-1024x286.png","contentUrl":"https:\/\/ecampusontario.ca\/wp-content\/uploads\/2024\/12\/MCForum2025_WebBanner-FR-1024x286.png"},{"@type":"BreadcrumbList","@id":"https:\/\/ecampusontario.ca\/fr\/mc-forum-2025-webinar-series\/#breadcrumb","itemListElement":[{"@type":"ListItem","position":1,"name":"Home","item":"https:\/\/ecampusontario.ca\/fr\/"},{"@type":"ListItem","position":2,"name":"Forum sur les micro-titres de comp\u00e9tences\u202f2025"}]},{"@type":"WebSite","@id":"https:\/\/ecampusontario.ca\/fr\/#website","url":"https:\/\/ecampusontario.ca\/fr\/","name":"eCampusOntario","description":"The online hub for learners and educators across Ontario","publisher":{"@id":"https:\/\/ecampusontario.ca\/fr\/#organization"},"potentialAction":[{"@type":"SearchAction","target":{"@type":"EntryPoint","urlTemplate":"https:\/\/ecampusontario.ca\/fr\/?s={search_term_string}"},"query-input":{"@type":"PropertyValueSpecification","valueRequired":true,"valueName":"search_term_string"}}],"inLanguage":"fr-FR"},{"@type":"Organization","@id":"https:\/\/ecampusontario.ca\/fr\/#organization","name":"eCampusOntario","url":"https:\/\/ecampusontario.ca\/fr\/","logo":{"@type":"ImageObject","inLanguage":"fr-FR","@id":"https:\/\/ecampusontario.ca\/fr\/#\/schema\/logo\/image\/","url":"https:\/\/ecampusontario.ca\/wp-content\/uploads\/2018\/11\/ecampus-e-icon-1.png","contentUrl":"https:\/\/ecampusontario.ca\/wp-content\/uploads\/2018\/11\/ecampus-e-icon-1.png","width":720,"height":325,"caption":"eCampusOntario"},"image":{"@id":"https:\/\/ecampusontario.ca\/fr\/#\/schema\/logo\/image\/"},"sameAs":["https:\/\/www.facebook.com\/ecampusontario\/","https:\/\/x.com\/eCampusOntario"]}]}},"_links":{"self":[{"href":"https:\/\/ecampusontario.ca\/fr\/wp-json\/wp\/v2\/pages\/35933","targetHints":{"allow":["GET"]}}],"collection":[{"href":"https:\/\/ecampusontario.ca\/fr\/wp-json\/wp\/v2\/pages"}],"about":[{"href":"https:\/\/ecampusontario.ca\/fr\/wp-json\/wp\/v2\/types\/page"}],"author":[{"embeddable":true,"href":"https:\/\/ecampusontario.ca\/fr\/wp-json\/wp\/v2\/users\/18"}],"replies":[{"embeddable":true,"href":"https:\/\/ecampusontario.ca\/fr\/wp-json\/wp\/v2\/comments?post=35933"}],"version-history":[{"count":12,"href":"https:\/\/ecampusontario.ca\/fr\/wp-json\/wp\/v2\/pages\/35933\/revisions"}],"predecessor-version":[{"id":36310,"href":"https:\/\/ecampusontario.ca\/fr\/wp-json\/wp\/v2\/pages\/35933\/revisions\/36310"}],"wp:attachment":[{"href":"https:\/\/ecampusontario.ca\/fr\/wp-json\/wp\/v2\/media?parent=35933"}],"wp:term":[{"taxonomy":"category","embeddable":true,"href":"https:\/\/ecampusontario.ca\/fr\/wp-json\/wp\/v2\/categories?post=35933"},{"taxonomy":"post_tag","embeddable":true,"href":"https:\/\/ecampusontario.ca\/fr\/wp-json\/wp\/v2\/tags?post=35933"}],"curies":[{"name":"wp","href":"https:\/\/api.w.org\/{rel}","templated":true}]}}