
{"id":35731,"date":"2024-12-10T16:45:31","date_gmt":"2024-12-10T21:45:31","guid":{"rendered":"https:\/\/ecampusontario.ca\/accessibility-statement\/"},"modified":"2026-04-06T10:50:44","modified_gmt":"2026-04-06T14:50:44","slug":"accessibility-statement","status":"publish","type":"page","link":"https:\/\/ecampusontario.ca\/fr\/accessibility-statement\/","title":{"rendered":"D\u00e9claration sur l\u2019accessibilit\u00e9\u00a0"},"content":{"rendered":"\n<h1 class=\"wp-block-heading has-text-align-center eco-padding-vertical\" id=\"h-declaration-sur-l-accessibilite\">D\u00e9claration sur l\u2019accessibilit\u00e9\u00a0<\/h1>\n\n\n\n<p>eCampusOntario s\u2019engage \u00e0 faire en sorte que son organisation soit accessible \u00e0 tous les utilisateurs, quels que soient leurs capacit\u00e9s ou leurs handicaps. Nous comprenons l\u2019importance d\u2019offrir une exp\u00e9rience inclusive et conviviale, avec une approche centr\u00e9e sur l\u2019humain. Vous trouverez ci-dessous quelques mesures que nous prenons pour soutenir nos utilisateurs.&nbsp;&nbsp;<\/p>\n\n\n\n<p><strong>Int\u00e9gration de l\u2019accessibilit\u00e9 dans eCampusOntario<\/strong>&nbsp;<\/p>\n\n\n\n<ul class=\"wp-block-list\">\n<li>Toutes les plateformes d\u2019eCampusOntario font l\u2019objet de v\u00e9rifications exhaustives en mati\u00e8re d\u2019accessibilit\u00e9. Ces v\u00e9rifications sont essentielles pour cibler les domaines qui n\u00e9cessitent des mesures correctives afin de garantir que les plateformes existantes respectent les r\u00e8gles pour l\u2019accessibilit\u00e9 des contenus Web (WCAG) 2.1\u202fAA.\u00a0<\/li>\n\n\n\n<li>Le site Web a \u00e9t\u00e9 repens\u00e9 pour r\u00e9pondre aux exigences et aux consid\u00e9rations d\u2019accessibilit\u00e9 afin de s\u2019assurer que les personnes qui l\u2019utilisent puissent naviguer et interagir avec le contenu facilement et efficacement.\u00a0<\/li>\n\n\n\n<li>L\u2019adoption d\u2019une approche accessible d\u00e8s la conception garantit que l\u2019accessibilit\u00e9 n\u2019est pas une r\u00e9flexion apr\u00e8s coup, mais plut\u00f4t un aspect fondamental de nos processus de conception et d\u2019\u00e9laboration.\u00a0\u00a0<\/li>\n\n\n\n<li>Les documents disponibles sur notre site Web peuvent \u00eatre fournis dans des formats accessibles ou de remplacement sur demande, en tenant compte des besoins individuels.\u00a0<\/li>\n\n\n\n<li>eCampusOntario compte un sp\u00e9cialiste de l\u2019accessibilit\u00e9 au sein de son personnel. Cet expert joue un r\u00f4le cl\u00e9 dans l\u2019orientation de nos initiatives en mati\u00e8re d\u2019accessibilit\u00e9, en fournissant des renseignements pr\u00e9cieux et en veillant \u00e0 ce que notre contenu num\u00e9rique, nos pratiques internes et nos \u00e9v\u00e9nements soient accessibles \u00e0 tous.\u00a0<\/li>\n\n\n\n<li>Le\u00a0<a href=\"https:\/\/www.ecampusontario.ca\/wp-content\/uploads\/2024\/01\/Plan-daccessibilite%CC%81-pluriannuel-2023-%E2%80%93-2028.pdf\" target=\"_blank\" rel=\"noreferrer noopener\">Plan d\u2019accessibilit\u00e9 pluriannuel<\/a>\u00a0d\u2019eCampusOntario\u00a0d\u00e9crit en d\u00e9tail les strat\u00e9gies et les objectifs visant \u00e0 am\u00e9liorer l\u2019accessibilit\u00e9.\u00a0Ce plan met l\u2019accent sur notre engagement \u00e0 soutenir les personnes ayant un handicap et \u00e0 respecter les politiques comme la\u00a0<em>Loi sur l\u2019accessibilit\u00e9 pour les personnes handicap\u00e9es de l\u2019Ontario<\/em>\u00a0(<em>LAPHO<\/em>), le\u00a0<em>R\u00e8glement sur les normes d\u2019accessibilit\u00e9 int\u00e9gr\u00e9es<\/em>\u00a0(<em>RNAI<\/em>), le\u00a0<em>Code des droits de la personne<\/em>\u00a0et les WCAG.\u00a0<\/li>\n\n\n\n<li>Nos processus d\u2019approvisionnement internes comprennent des \u00e9valuations de l\u2019accessibilit\u00e9 afin de garantir que les produits et les services achet\u00e9s respectent les politiques et les meilleures pratiques en mati\u00e8re d\u2019accessibilit\u00e9.\u00a0\u00a0<\/li>\n<\/ul>\n\n\n\n<p>Nous nous engageons \u00e0 nous am\u00e9liorer continuellement, et nous accueillons volontiers les commentaires de nos utilisateurs pour nous aider \u00e0 am\u00e9liorer nos efforts en mati\u00e8re d\u2019accessibilit\u00e9. Si vous avez des questions, des pr\u00e9occupations ou des suggestions concernant l\u2019accessibilit\u00e9, veuillez communiquer avec nous au&nbsp;<a href=\"mailto:accessibility@ecampusontario.ca\" target=\"_blank\" rel=\"noreferrer noopener\">accessibility@ecampusontario.ca<\/a>.&nbsp;<\/p>\n","protected":false},"excerpt":{"rendered":"<p>D\u00e9claration sur l\u2019accessibilit\u00e9\u00a0 eCampusOntario s\u2019engage \u00e0 faire en sorte que son organisation soit accessible \u00e0 tous les utilisateurs, quels que soient leurs capacit\u00e9s ou leurs handicaps. Nous comprenons l\u2019importance d\u2019offrir une exp\u00e9rience inclusive et conviviale, avec une approche centr\u00e9e sur l\u2019humain. Vous trouverez ci-dessous quelques mesures que nous prenons pour soutenir nos utilisateurs.&nbsp;&nbsp; Int\u00e9gration de [&hellip;]<\/p>\n","protected":false},"author":18,"featured_media":0,"parent":0,"menu_order":0,"comment_status":"closed","ping_status":"closed","template":"www-home-page","meta":{"_acf_changed":false,"footnotes":"[]"},"categories":[],"tags":[],"class_list":["post-35731","page","type-page","status-publish","hentry"],"acf":[],"yoast_head":"<!-- This site is optimized with the Yoast SEO Premium plugin v27.4 (Yoast SEO v27.4) - https:\/\/yoast.com\/product\/yoast-seo-premium-wordpress\/ -->\n<title>D\u00e9claration sur l\u2019accessibilit\u00e9\u00a0 | eCampusOntario<\/title>\n<meta name=\"robots\" content=\"index, follow, max-snippet:-1, max-image-preview:large, max-video-preview:-1\" \/>\n<link rel=\"canonical\" href=\"https:\/\/ecampusontario.ca\/fr\/accessibility-statement\/\" \/>\n<meta property=\"og:locale\" content=\"fr_FR\" \/>\n<meta property=\"og:type\" content=\"article\" \/>\n<meta property=\"og:title\" content=\"D\u00e9claration sur l\u2019accessibilit\u00e9\u00a0\" \/>\n<meta property=\"og:description\" content=\"D\u00e9claration sur l\u2019accessibilit\u00e9\u00a0 eCampusOntario s\u2019engage \u00e0 faire en sorte que son organisation soit accessible \u00e0 tous les utilisateurs, quels que soient leurs capacit\u00e9s ou leurs handicaps. Nous comprenons l\u2019importance d\u2019offrir une exp\u00e9rience inclusive et conviviale, avec une approche centr\u00e9e sur l\u2019humain. Vous trouverez ci-dessous quelques mesures que nous prenons pour soutenir nos utilisateurs.&nbsp;&nbsp; Int\u00e9gration de [&hellip;]\" \/>\n<meta property=\"og:url\" content=\"https:\/\/ecampusontario.ca\/fr\/accessibility-statement\/\" \/>\n<meta property=\"og:site_name\" content=\"eCampusOntario\" \/>\n<meta property=\"article:publisher\" content=\"https:\/\/www.facebook.com\/ecampusontario\/\" \/>\n<meta property=\"article:modified_time\" content=\"2026-04-06T14:50:44+00:00\" \/>\n<meta property=\"og:image\" content=\"https:\/\/ecampusontario.ca\/wp-content\/uploads\/2020\/01\/Screen-Shot-2020-01-30-at-10.01.53-AM.png\" \/>\n\t<meta property=\"og:image:width\" content=\"1597\" \/>\n\t<meta property=\"og:image:height\" content=\"583\" \/>\n\t<meta property=\"og:image:type\" content=\"image\/png\" \/>\n<meta name=\"twitter:card\" content=\"summary_large_image\" \/>\n<meta name=\"twitter:site\" content=\"@eCampusOntario\" \/>\n<meta name=\"twitter:label1\" content=\"Dur\u00e9e de lecture estim\u00e9e\" \/>\n\t<meta name=\"twitter:data1\" content=\"2 minutes\" \/>\n<script type=\"application\/ld+json\" class=\"yoast-schema-graph\">{\"@context\":\"https:\\\/\\\/schema.org\",\"@graph\":[{\"@type\":\"WebPage\",\"@id\":\"https:\\\/\\\/ecampusontario.ca\\\/fr\\\/accessibility-statement\\\/\",\"url\":\"https:\\\/\\\/ecampusontario.ca\\\/fr\\\/accessibility-statement\\\/\",\"name\":\"D\u00e9claration sur l\u2019accessibilit\u00e9\u00a0 | eCampusOntario\",\"isPartOf\":{\"@id\":\"https:\\\/\\\/ecampusontario.ca\\\/fr\\\/#website\"},\"datePublished\":\"2024-12-10T21:45:31+00:00\",\"dateModified\":\"2026-04-06T14:50:44+00:00\",\"breadcrumb\":{\"@id\":\"https:\\\/\\\/ecampusontario.ca\\\/fr\\\/accessibility-statement\\\/#breadcrumb\"},\"inLanguage\":\"fr-FR\",\"potentialAction\":[{\"@type\":\"ReadAction\",\"target\":[\"https:\\\/\\\/ecampusontario.ca\\\/fr\\\/accessibility-statement\\\/\"]}]},{\"@type\":\"BreadcrumbList\",\"@id\":\"https:\\\/\\\/ecampusontario.ca\\\/fr\\\/accessibility-statement\\\/#breadcrumb\",\"itemListElement\":[{\"@type\":\"ListItem\",\"position\":1,\"name\":\"Home\",\"item\":\"https:\\\/\\\/ecampusontario.ca\\\/fr\\\/\"},{\"@type\":\"ListItem\",\"position\":2,\"name\":\"D\u00e9claration sur l\u2019accessibilit\u00e9\u00a0\"}]},{\"@type\":\"WebSite\",\"@id\":\"https:\\\/\\\/ecampusontario.ca\\\/fr\\\/#website\",\"url\":\"https:\\\/\\\/ecampusontario.ca\\\/fr\\\/\",\"name\":\"eCampusOntario\",\"description\":\"The online hub for learners and educators across Ontario\",\"publisher\":{\"@id\":\"https:\\\/\\\/ecampusontario.ca\\\/fr\\\/#organization\"},\"potentialAction\":[{\"@type\":\"SearchAction\",\"target\":{\"@type\":\"EntryPoint\",\"urlTemplate\":\"https:\\\/\\\/ecampusontario.ca\\\/fr\\\/?s={search_term_string}\"},\"query-input\":{\"@type\":\"PropertyValueSpecification\",\"valueRequired\":true,\"valueName\":\"search_term_string\"}}],\"inLanguage\":\"fr-FR\"},{\"@type\":\"Organization\",\"@id\":\"https:\\\/\\\/ecampusontario.ca\\\/fr\\\/#organization\",\"name\":\"eCampusOntario\",\"url\":\"https:\\\/\\\/ecampusontario.ca\\\/fr\\\/\",\"logo\":{\"@type\":\"ImageObject\",\"inLanguage\":\"fr-FR\",\"@id\":\"https:\\\/\\\/ecampusontario.ca\\\/fr\\\/#\\\/schema\\\/logo\\\/image\\\/\",\"url\":\"https:\\\/\\\/ecampusontario.ca\\\/wp-content\\\/uploads\\\/2018\\\/11\\\/ecampus-e-icon-1.png\",\"contentUrl\":\"https:\\\/\\\/ecampusontario.ca\\\/wp-content\\\/uploads\\\/2018\\\/11\\\/ecampus-e-icon-1.png\",\"width\":720,\"height\":325,\"caption\":\"eCampusOntario\"},\"image\":{\"@id\":\"https:\\\/\\\/ecampusontario.ca\\\/fr\\\/#\\\/schema\\\/logo\\\/image\\\/\"},\"sameAs\":[\"https:\\\/\\\/www.facebook.com\\\/ecampusontario\\\/\",\"https:\\\/\\\/x.com\\\/eCampusOntario\"]}]}<\/script>\n<!-- \/ Yoast SEO Premium plugin. -->","yoast_head_json":{"title":"D\u00e9claration sur l\u2019accessibilit\u00e9\u00a0 | eCampusOntario","robots":{"index":"index","follow":"follow","max-snippet":"max-snippet:-1","max-image-preview":"max-image-preview:large","max-video-preview":"max-video-preview:-1"},"canonical":"https:\/\/ecampusontario.ca\/fr\/accessibility-statement\/","og_locale":"fr_FR","og_type":"article","og_title":"D\u00e9claration sur l\u2019accessibilit\u00e9\u00a0","og_description":"D\u00e9claration sur l\u2019accessibilit\u00e9\u00a0 eCampusOntario s\u2019engage \u00e0 faire en sorte que son organisation soit accessible \u00e0 tous les utilisateurs, quels que soient leurs capacit\u00e9s ou leurs handicaps. Nous comprenons l\u2019importance d\u2019offrir une exp\u00e9rience inclusive et conviviale, avec une approche centr\u00e9e sur l\u2019humain. Vous trouverez ci-dessous quelques mesures que nous prenons pour soutenir nos utilisateurs.&nbsp;&nbsp; Int\u00e9gration de [&hellip;]","og_url":"https:\/\/ecampusontario.ca\/fr\/accessibility-statement\/","og_site_name":"eCampusOntario","article_publisher":"https:\/\/www.facebook.com\/ecampusontario\/","article_modified_time":"2026-04-06T14:50:44+00:00","og_image":[{"width":1597,"height":583,"url":"https:\/\/ecampusontario.ca\/wp-content\/uploads\/2020\/01\/Screen-Shot-2020-01-30-at-10.01.53-AM.png","type":"image\/png"}],"twitter_card":"summary_large_image","twitter_site":"@eCampusOntario","twitter_misc":{"Dur\u00e9e de lecture estim\u00e9e":"2 minutes"},"schema":{"@context":"https:\/\/schema.org","@graph":[{"@type":"WebPage","@id":"https:\/\/ecampusontario.ca\/fr\/accessibility-statement\/","url":"https:\/\/ecampusontario.ca\/fr\/accessibility-statement\/","name":"D\u00e9claration sur l\u2019accessibilit\u00e9\u00a0 | eCampusOntario","isPartOf":{"@id":"https:\/\/ecampusontario.ca\/fr\/#website"},"datePublished":"2024-12-10T21:45:31+00:00","dateModified":"2026-04-06T14:50:44+00:00","breadcrumb":{"@id":"https:\/\/ecampusontario.ca\/fr\/accessibility-statement\/#breadcrumb"},"inLanguage":"fr-FR","potentialAction":[{"@type":"ReadAction","target":["https:\/\/ecampusontario.ca\/fr\/accessibility-statement\/"]}]},{"@type":"BreadcrumbList","@id":"https:\/\/ecampusontario.ca\/fr\/accessibility-statement\/#breadcrumb","itemListElement":[{"@type":"ListItem","position":1,"name":"Home","item":"https:\/\/ecampusontario.ca\/fr\/"},{"@type":"ListItem","position":2,"name":"D\u00e9claration sur l\u2019accessibilit\u00e9\u00a0"}]},{"@type":"WebSite","@id":"https:\/\/ecampusontario.ca\/fr\/#website","url":"https:\/\/ecampusontario.ca\/fr\/","name":"eCampusOntario","description":"The online hub for learners and educators across Ontario","publisher":{"@id":"https:\/\/ecampusontario.ca\/fr\/#organization"},"potentialAction":[{"@type":"SearchAction","target":{"@type":"EntryPoint","urlTemplate":"https:\/\/ecampusontario.ca\/fr\/?s={search_term_string}"},"query-input":{"@type":"PropertyValueSpecification","valueRequired":true,"valueName":"search_term_string"}}],"inLanguage":"fr-FR"},{"@type":"Organization","@id":"https:\/\/ecampusontario.ca\/fr\/#organization","name":"eCampusOntario","url":"https:\/\/ecampusontario.ca\/fr\/","logo":{"@type":"ImageObject","inLanguage":"fr-FR","@id":"https:\/\/ecampusontario.ca\/fr\/#\/schema\/logo\/image\/","url":"https:\/\/ecampusontario.ca\/wp-content\/uploads\/2018\/11\/ecampus-e-icon-1.png","contentUrl":"https:\/\/ecampusontario.ca\/wp-content\/uploads\/2018\/11\/ecampus-e-icon-1.png","width":720,"height":325,"caption":"eCampusOntario"},"image":{"@id":"https:\/\/ecampusontario.ca\/fr\/#\/schema\/logo\/image\/"},"sameAs":["https:\/\/www.facebook.com\/ecampusontario\/","https:\/\/x.com\/eCampusOntario"]}]}},"_links":{"self":[{"href":"https:\/\/ecampusontario.ca\/fr\/wp-json\/wp\/v2\/pages\/35731","targetHints":{"allow":["GET"]}}],"collection":[{"href":"https:\/\/ecampusontario.ca\/fr\/wp-json\/wp\/v2\/pages"}],"about":[{"href":"https:\/\/ecampusontario.ca\/fr\/wp-json\/wp\/v2\/types\/page"}],"author":[{"embeddable":true,"href":"https:\/\/ecampusontario.ca\/fr\/wp-json\/wp\/v2\/users\/18"}],"replies":[{"embeddable":true,"href":"https:\/\/ecampusontario.ca\/fr\/wp-json\/wp\/v2\/comments?post=35731"}],"version-history":[{"count":7,"href":"https:\/\/ecampusontario.ca\/fr\/wp-json\/wp\/v2\/pages\/35731\/revisions"}],"predecessor-version":[{"id":43943,"href":"https:\/\/ecampusontario.ca\/fr\/wp-json\/wp\/v2\/pages\/35731\/revisions\/43943"}],"wp:attachment":[{"href":"https:\/\/ecampusontario.ca\/fr\/wp-json\/wp\/v2\/media?parent=35731"}],"wp:term":[{"taxonomy":"category","embeddable":true,"href":"https:\/\/ecampusontario.ca\/fr\/wp-json\/wp\/v2\/categories?post=35731"},{"taxonomy":"post_tag","embeddable":true,"href":"https:\/\/ecampusontario.ca\/fr\/wp-json\/wp\/v2\/tags?post=35731"}],"curies":[{"name":"wp","href":"https:\/\/api.w.org\/{rel}","templated":true}]}}