
{"id":349,"date":"2017-08-23T17:15:35","date_gmt":"2017-08-23T17:15:35","guid":{"rendered":"https:\/\/web3-0.ecampusontario.ca\/?page_id=349\/"},"modified":"2022-12-19T14:43:53","modified_gmt":"2022-12-19T19:43:53","slug":"learners","status":"publish","type":"page","link":"https:\/\/ecampusontario.ca\/fr\/learners\/","title":{"rendered":"\u00c9tudiants"},"content":{"rendered":"\n<div class=\"container banner-container container-full-col p-0 m-0\">\n<div class=\"row banner-row p-0 m-0\">\n<div class=\"col-12 col-sm-5 banner-text pl-5\">\n<h4 class=\"pre-page-heading\">816 programmes ligne<\/h4>\n<h2 class=\"page-main-heading\">Votre avenir d\u00e9bute avec une recherche<\/h2>\n<p class=\"after-page-heading\">offerts par les 50 \u00e9tablissements post-secondaires publics chefs de file de l\u2019Ontario.<\/p>\n<\/div>\n\n\n\n<figure class=\"wp-block-image size-large\"><img loading=\"lazy\" decoding=\"async\" width=\"1024\" height=\"409\" src=\"https:\/\/ecampusontario.ca\/wp-content\/uploads\/2021\/06\/Banner-1024x409.png\" alt=\"\" class=\"wp-image-16217\" srcset=\"https:\/\/ecampusontario.ca\/wp-content\/uploads\/2021\/06\/Banner-1024x409.png 1024w, https:\/\/ecampusontario.ca\/wp-content\/uploads\/2021\/06\/Banner-300x120.png 300w, https:\/\/ecampusontario.ca\/wp-content\/uploads\/2021\/06\/Banner-768x307.png 768w, https:\/\/ecampusontario.ca\/wp-content\/uploads\/2021\/06\/Banner-1536x614.png 1536w, https:\/\/ecampusontario.ca\/wp-content\/uploads\/2021\/06\/Banner.png 1924w\" sizes=\"auto, (max-width: 1024px) 100vw, 1024px\" \/><\/figure>\n\n\n\n<\/div>\n<\/div>\n\n\n\n<div class=\"container\">\n<div class=\"row card-container learners-divider\">\n<div class=\"col-5 column-5 align-items-center flex-column\">\n<figure><img decoding=\"async\" class=\"icon-image mt-5\" src=\"\/wp-content\/themes\/ecampusontario\/images\/graphics\/learners\/icon-programs.png\" alt=\"Computer image\"><\/figure><div><\/div>\n<div class=\"card h-100 mb-5\">\n<div><a class=\"btn btn-lg light-yellow-btn-background\" href=\"https:\/\/search.ecampusontario.ca\/fr\/?itemTypes=2&amp;sourceWebsiteTypes=1&amp;returnUrl=https:\/\/ecampusontario.ca\/fr\/learners\/\"><span class=\"desktop-only\">Recherche<\/span><span class=\"mobile-only\">Recherche<\/span><\/a><\/div>\n<h3>PROGRAMMES<\/h3>\n<div class=\"content\">En apprendre davantage au sujet des programmes partiellement ou enti\u00e8rement en ligne des coll\u00e8ges et universit\u00e9s offerts par les \u00e9tablissements de l\u2019Ontario.<\/div>\n<\/div>\n<\/div>\n<div class=\"col-2 column-2\">&nbsp;<\/div>\n<div class=\"col-5 column-5 align-items-center flex-column\">\n<figure><img decoding=\"async\" class=\"icon-image mt-5\" src=\"\/wp-content\/themes\/ecampusontario\/images\/graphics\/learners\/icon-courses.png\" alt=\"Computer image\"><\/figure><div><\/div>\n<div class=\"card h-100 mb-5\">\n<div><a class=\"btn btn-lg light-yellow-btn-background\" href=\"https:\/\/search.ecampusontario.ca\/fr\/?itemTypes=1&amp;sourceWebsiteTypes=1&amp;returnUrl=https:\/\/ecampusontario.ca\/fr\/learners\/\"><span class=\"desktop-only\">Recherche<\/span><span class=\"mobile-only\">Recherche<\/span><\/a><\/div>\n<h3>COURS<\/h3>\n<div class=\"content\">\u00c0 la recherche du cours manquant pour achever votre dipl\u00f4me? Perfectionnement professionnel ou apprenant permanent?<\/div>\n<\/div>\n<\/div>\n<\/div>\n<div class=\"row card-container learners-bottom-content\">\n<div class=\"col-5 column-5 align-items-center flex-column\">\n<figure><img decoding=\"async\" class=\"icon-image mt-5\" src=\"\/wp-content\/themes\/ecampusontario\/images\/graphics\/learners\/icon-learning-resources.png\" alt=\"Computer image\"><\/figure><div><\/div>\n<div class=\"card h-100\">\n<div><a class=\"btn btn-lg light-yellow-btn-background\" href=\"https:\/\/pathways.ecampusontario.ca\/\"><span class=\"desktop-only\">Recherche<\/span><span class=\"mobile-only\">Recherche<\/span><\/a><\/div>\n<h3>RESSOURCES D\u2019APPRENTISSAGE<\/h3>\n<div class=\"content\">eCampusOntario offre un soutien global \u00e0 l\u2019apprenant gr\u00e2ce \u00e0 un catalogue exhaustif de ressources et de services coordonn\u00e9s.<\/div>\n<\/div>\n<\/div>\n<div class=\"col-2 column-2\">&nbsp;<\/div>\n<div class=\"col-5 column-5 align-items-center flex-column\">\n<figure><img decoding=\"async\" class=\"icon-image mt-5\" src=\"\/wp-content\/themes\/ecampusontario\/images\/graphics\/learners\/icon-open-library.png\" alt=\"Computer image\"><\/figure><div><\/div>\n<div class=\"card h-100\">\n<div><a class=\"btn btn-lg light-yellow-btn-background\" href=\"https:\/\/search.ecampusontario.ca\/fr\/?itemTypes=6&amp;sourceWebsiteTypes=1&amp;returnUrl=https:\/\/ecampusontario.ca\/fr\/learners\/\" \"=\"\"><span class=\"desktop-only\">Recherche<\/span><span class=\"mobile-only\">Recherche<\/span><\/a><\/div>\n<h3>BILBIOTH\u00c8QUE DE MANUELS LIBRES<\/h3>\n<div class=\"content\">Une mani\u00e8re pratique pour les apprenants de trouver des manuels gratuits pour les cours post-secondaires. La biblioth\u00e8que contient environ 200 manuels et ressources pouvant \u00eatre gratuitement t\u00e9l\u00e9charg\u00e9s.<\/div>\n<\/div>\n<\/div>\n<\/div>\n<\/div>\n","protected":false},"excerpt":{"rendered":"<p>816 programmes ligne Votre avenir d\u00e9bute avec une recherche offerts par les 50 \u00e9tablissements post-secondaires publics chefs de file de l\u2019Ontario. RechercheRecherche PROGRAMMES En apprendre davantage au sujet des programmes partiellement ou enti\u00e8rement en ligne des coll\u00e8ges et universit\u00e9s offerts par les \u00e9tablissements de l\u2019Ontario. &nbsp; RechercheRecherche COURS \u00c0 la recherche du cours manquant pour [&hellip;]<\/p>\n","protected":false},"author":16,"featured_media":0,"parent":0,"menu_order":0,"comment_status":"closed","ping_status":"closed","template":"","meta":{"_acf_changed":false,"footnotes":""},"categories":[],"tags":[],"class_list":["post-349","page","type-page","status-publish","hentry"],"acf":[],"yoast_head":"<!-- This site is optimized with the Yoast SEO Premium plugin v27.4 (Yoast SEO v27.4) - https:\/\/yoast.com\/product\/yoast-seo-premium-wordpress\/ -->\n<title>\u00c9tudiants | eCampusOntario<\/title>\n<meta name=\"robots\" content=\"index, follow, max-snippet:-1, max-image-preview:large, max-video-preview:-1\" \/>\n<link rel=\"canonical\" href=\"https:\/\/ecampusontario.ca\/fr\/learners\/\" \/>\n<meta property=\"og:locale\" content=\"fr_FR\" \/>\n<meta property=\"og:type\" content=\"article\" \/>\n<meta property=\"og:title\" content=\"\u00c9tudiants\" \/>\n<meta property=\"og:description\" content=\"816 programmes ligne Votre avenir d\u00e9bute avec une recherche offerts par les 50 \u00e9tablissements post-secondaires publics chefs de file de l\u2019Ontario. RechercheRecherche PROGRAMMES En apprendre davantage au sujet des programmes partiellement ou enti\u00e8rement en ligne des coll\u00e8ges et universit\u00e9s offerts par les \u00e9tablissements de l\u2019Ontario. &nbsp; RechercheRecherche COURS \u00c0 la recherche du cours manquant pour [&hellip;]\" \/>\n<meta property=\"og:url\" content=\"https:\/\/ecampusontario.ca\/fr\/learners\/\" \/>\n<meta property=\"og:site_name\" content=\"eCampusOntario\" \/>\n<meta property=\"article:publisher\" content=\"https:\/\/www.facebook.com\/ecampusontario\/\" \/>\n<meta property=\"article:modified_time\" content=\"2022-12-19T19:43:53+00:00\" \/>\n<meta property=\"og:image\" content=\"https:\/\/ecampusontario.ca\/wp-content\/uploads\/2021\/06\/Banner-1024x409.png\" \/>\n<meta name=\"twitter:card\" content=\"summary_large_image\" \/>\n<meta name=\"twitter:site\" content=\"@eCampusOntario\" \/>\n<script type=\"application\/ld+json\" class=\"yoast-schema-graph\">{\"@context\":\"https:\\\/\\\/schema.org\",\"@graph\":[{\"@type\":\"WebPage\",\"@id\":\"https:\\\/\\\/ecampusontario.ca\\\/fr\\\/learners\\\/\",\"url\":\"https:\\\/\\\/ecampusontario.ca\\\/fr\\\/learners\\\/\",\"name\":\"\u00c9tudiants | eCampusOntario\",\"isPartOf\":{\"@id\":\"https:\\\/\\\/ecampusontario.ca\\\/fr\\\/#website\"},\"primaryImageOfPage\":{\"@id\":\"https:\\\/\\\/ecampusontario.ca\\\/fr\\\/learners\\\/#primaryimage\"},\"image\":{\"@id\":\"https:\\\/\\\/ecampusontario.ca\\\/fr\\\/learners\\\/#primaryimage\"},\"thumbnailUrl\":\"https:\\\/\\\/ecampusontario.ca\\\/wp-content\\\/uploads\\\/2021\\\/06\\\/Banner-1024x409.png\",\"datePublished\":\"2017-08-23T17:15:35+00:00\",\"dateModified\":\"2022-12-19T19:43:53+00:00\",\"breadcrumb\":{\"@id\":\"https:\\\/\\\/ecampusontario.ca\\\/fr\\\/learners\\\/#breadcrumb\"},\"inLanguage\":\"fr-FR\",\"potentialAction\":[{\"@type\":\"ReadAction\",\"target\":[\"https:\\\/\\\/ecampusontario.ca\\\/fr\\\/learners\\\/\"]}]},{\"@type\":\"ImageObject\",\"inLanguage\":\"fr-FR\",\"@id\":\"https:\\\/\\\/ecampusontario.ca\\\/fr\\\/learners\\\/#primaryimage\",\"url\":\"https:\\\/\\\/ecampusontario.ca\\\/wp-content\\\/uploads\\\/2021\\\/06\\\/Banner-1024x409.png\",\"contentUrl\":\"https:\\\/\\\/ecampusontario.ca\\\/wp-content\\\/uploads\\\/2021\\\/06\\\/Banner-1024x409.png\"},{\"@type\":\"BreadcrumbList\",\"@id\":\"https:\\\/\\\/ecampusontario.ca\\\/fr\\\/learners\\\/#breadcrumb\",\"itemListElement\":[{\"@type\":\"ListItem\",\"position\":1,\"name\":\"Home\",\"item\":\"https:\\\/\\\/ecampusontario.ca\\\/fr\\\/\"},{\"@type\":\"ListItem\",\"position\":2,\"name\":\"\u00c9tudiants\"}]},{\"@type\":\"WebSite\",\"@id\":\"https:\\\/\\\/ecampusontario.ca\\\/fr\\\/#website\",\"url\":\"https:\\\/\\\/ecampusontario.ca\\\/fr\\\/\",\"name\":\"eCampusOntario\",\"description\":\"The online hub for learners and educators across Ontario\",\"publisher\":{\"@id\":\"https:\\\/\\\/ecampusontario.ca\\\/fr\\\/#organization\"},\"potentialAction\":[{\"@type\":\"SearchAction\",\"target\":{\"@type\":\"EntryPoint\",\"urlTemplate\":\"https:\\\/\\\/ecampusontario.ca\\\/fr\\\/?s={search_term_string}\"},\"query-input\":{\"@type\":\"PropertyValueSpecification\",\"valueRequired\":true,\"valueName\":\"search_term_string\"}}],\"inLanguage\":\"fr-FR\"},{\"@type\":\"Organization\",\"@id\":\"https:\\\/\\\/ecampusontario.ca\\\/fr\\\/#organization\",\"name\":\"eCampusOntario\",\"url\":\"https:\\\/\\\/ecampusontario.ca\\\/fr\\\/\",\"logo\":{\"@type\":\"ImageObject\",\"inLanguage\":\"fr-FR\",\"@id\":\"https:\\\/\\\/ecampusontario.ca\\\/fr\\\/#\\\/schema\\\/logo\\\/image\\\/\",\"url\":\"https:\\\/\\\/ecampusontario.ca\\\/wp-content\\\/uploads\\\/2018\\\/11\\\/ecampus-e-icon-1.png\",\"contentUrl\":\"https:\\\/\\\/ecampusontario.ca\\\/wp-content\\\/uploads\\\/2018\\\/11\\\/ecampus-e-icon-1.png\",\"width\":720,\"height\":325,\"caption\":\"eCampusOntario\"},\"image\":{\"@id\":\"https:\\\/\\\/ecampusontario.ca\\\/fr\\\/#\\\/schema\\\/logo\\\/image\\\/\"},\"sameAs\":[\"https:\\\/\\\/www.facebook.com\\\/ecampusontario\\\/\",\"https:\\\/\\\/x.com\\\/eCampusOntario\"]}]}<\/script>\n<!-- \/ Yoast SEO Premium plugin. -->","yoast_head_json":{"title":"\u00c9tudiants | eCampusOntario","robots":{"index":"index","follow":"follow","max-snippet":"max-snippet:-1","max-image-preview":"max-image-preview:large","max-video-preview":"max-video-preview:-1"},"canonical":"https:\/\/ecampusontario.ca\/fr\/learners\/","og_locale":"fr_FR","og_type":"article","og_title":"\u00c9tudiants","og_description":"816 programmes ligne Votre avenir d\u00e9bute avec une recherche offerts par les 50 \u00e9tablissements post-secondaires publics chefs de file de l\u2019Ontario. RechercheRecherche PROGRAMMES En apprendre davantage au sujet des programmes partiellement ou enti\u00e8rement en ligne des coll\u00e8ges et universit\u00e9s offerts par les \u00e9tablissements de l\u2019Ontario. &nbsp; RechercheRecherche COURS \u00c0 la recherche du cours manquant pour [&hellip;]","og_url":"https:\/\/ecampusontario.ca\/fr\/learners\/","og_site_name":"eCampusOntario","article_publisher":"https:\/\/www.facebook.com\/ecampusontario\/","article_modified_time":"2022-12-19T19:43:53+00:00","og_image":[{"url":"https:\/\/ecampusontario.ca\/wp-content\/uploads\/2021\/06\/Banner-1024x409.png","type":"","width":"","height":""}],"twitter_card":"summary_large_image","twitter_site":"@eCampusOntario","schema":{"@context":"https:\/\/schema.org","@graph":[{"@type":"WebPage","@id":"https:\/\/ecampusontario.ca\/fr\/learners\/","url":"https:\/\/ecampusontario.ca\/fr\/learners\/","name":"\u00c9tudiants | eCampusOntario","isPartOf":{"@id":"https:\/\/ecampusontario.ca\/fr\/#website"},"primaryImageOfPage":{"@id":"https:\/\/ecampusontario.ca\/fr\/learners\/#primaryimage"},"image":{"@id":"https:\/\/ecampusontario.ca\/fr\/learners\/#primaryimage"},"thumbnailUrl":"https:\/\/ecampusontario.ca\/wp-content\/uploads\/2021\/06\/Banner-1024x409.png","datePublished":"2017-08-23T17:15:35+00:00","dateModified":"2022-12-19T19:43:53+00:00","breadcrumb":{"@id":"https:\/\/ecampusontario.ca\/fr\/learners\/#breadcrumb"},"inLanguage":"fr-FR","potentialAction":[{"@type":"ReadAction","target":["https:\/\/ecampusontario.ca\/fr\/learners\/"]}]},{"@type":"ImageObject","inLanguage":"fr-FR","@id":"https:\/\/ecampusontario.ca\/fr\/learners\/#primaryimage","url":"https:\/\/ecampusontario.ca\/wp-content\/uploads\/2021\/06\/Banner-1024x409.png","contentUrl":"https:\/\/ecampusontario.ca\/wp-content\/uploads\/2021\/06\/Banner-1024x409.png"},{"@type":"BreadcrumbList","@id":"https:\/\/ecampusontario.ca\/fr\/learners\/#breadcrumb","itemListElement":[{"@type":"ListItem","position":1,"name":"Home","item":"https:\/\/ecampusontario.ca\/fr\/"},{"@type":"ListItem","position":2,"name":"\u00c9tudiants"}]},{"@type":"WebSite","@id":"https:\/\/ecampusontario.ca\/fr\/#website","url":"https:\/\/ecampusontario.ca\/fr\/","name":"eCampusOntario","description":"The online hub for learners and educators across Ontario","publisher":{"@id":"https:\/\/ecampusontario.ca\/fr\/#organization"},"potentialAction":[{"@type":"SearchAction","target":{"@type":"EntryPoint","urlTemplate":"https:\/\/ecampusontario.ca\/fr\/?s={search_term_string}"},"query-input":{"@type":"PropertyValueSpecification","valueRequired":true,"valueName":"search_term_string"}}],"inLanguage":"fr-FR"},{"@type":"Organization","@id":"https:\/\/ecampusontario.ca\/fr\/#organization","name":"eCampusOntario","url":"https:\/\/ecampusontario.ca\/fr\/","logo":{"@type":"ImageObject","inLanguage":"fr-FR","@id":"https:\/\/ecampusontario.ca\/fr\/#\/schema\/logo\/image\/","url":"https:\/\/ecampusontario.ca\/wp-content\/uploads\/2018\/11\/ecampus-e-icon-1.png","contentUrl":"https:\/\/ecampusontario.ca\/wp-content\/uploads\/2018\/11\/ecampus-e-icon-1.png","width":720,"height":325,"caption":"eCampusOntario"},"image":{"@id":"https:\/\/ecampusontario.ca\/fr\/#\/schema\/logo\/image\/"},"sameAs":["https:\/\/www.facebook.com\/ecampusontario\/","https:\/\/x.com\/eCampusOntario"]}]}},"_links":{"self":[{"href":"https:\/\/ecampusontario.ca\/fr\/wp-json\/wp\/v2\/pages\/349","targetHints":{"allow":["GET"]}}],"collection":[{"href":"https:\/\/ecampusontario.ca\/fr\/wp-json\/wp\/v2\/pages"}],"about":[{"href":"https:\/\/ecampusontario.ca\/fr\/wp-json\/wp\/v2\/types\/page"}],"author":[{"embeddable":true,"href":"https:\/\/ecampusontario.ca\/fr\/wp-json\/wp\/v2\/users\/16"}],"replies":[{"embeddable":true,"href":"https:\/\/ecampusontario.ca\/fr\/wp-json\/wp\/v2\/comments?post=349"}],"version-history":[{"count":32,"href":"https:\/\/ecampusontario.ca\/fr\/wp-json\/wp\/v2\/pages\/349\/revisions"}],"predecessor-version":[{"id":24536,"href":"https:\/\/ecampusontario.ca\/fr\/wp-json\/wp\/v2\/pages\/349\/revisions\/24536"}],"wp:attachment":[{"href":"https:\/\/ecampusontario.ca\/fr\/wp-json\/wp\/v2\/media?parent=349"}],"wp:term":[{"taxonomy":"category","embeddable":true,"href":"https:\/\/ecampusontario.ca\/fr\/wp-json\/wp\/v2\/categories?post=349"},{"taxonomy":"post_tag","embeddable":true,"href":"https:\/\/ecampusontario.ca\/fr\/wp-json\/wp\/v2\/tags?post=349"}],"curies":[{"name":"wp","href":"https:\/\/api.w.org\/{rel}","templated":true}]}}