
{"id":33103,"date":"2024-06-18T11:05:10","date_gmt":"2024-06-18T15:05:10","guid":{"rendered":"https:\/\/ecampusontario.ca\/ontarioexchange\/user-guide-service-providers\/"},"modified":"2024-10-16T10:24:44","modified_gmt":"2024-10-16T14:24:44","slug":"user-guide-service-providers","status":"publish","type":"page","link":"https:\/\/ecampusontario.ca\/fr\/ontarioexchange\/user-guide-service-providers\/","title":{"rendered":"Guide de l\u2019utilisateur pour les fournisseurs de services\u00a0"},"content":{"rendered":"\n<div class=\"container container-md mt-5 \">\n    <div class=\"row\">\n        <div class=\"col-12 mb-5\">\n\n\n\n<h1 class=\"wp-block-heading has-text-align-center heading-main pb-5\" id=\"h-guide-de-l-utilisateur-pour-les-fournisseurs-de-services\"><strong><strong>Guide de l\u2019utilisateur pour les fournisseurs de services<\/strong>&nbsp;<\/strong><\/h1>\n\n\n\n<p class=\"m-auto\" style=\"font-size:26px;text-decoration:underline\"><a href=\"https:\/\/scribehow.com\/page\/OEX_Service_Provider_User_Guide__FR__7QcEcUr9Rhu_ARX_NRCcTQ\" target=\"_blank\" rel=\"noreferrer noopener\">Consulter le guide de l\u2019utilisateur pour les fournisseurs de services d\u2019\u00c9O<\/a><\/p>\n\n\n\n<h2 class=\"wp-block-heading mt-5 mb-4\" id=\"h-que-sont-les-liens\"><strong>Que sont les \u00ab\u202fliens\u202f\u00bb?&nbsp;<\/strong>&nbsp;<\/h2>\n\n\n\n<p>Les liens sont comme des jetons qui permettent aux chefs de projet de se connecter avec un fournisseur de services. Chaque projet recevra cinq (5) \u00ab\u202fliens\u202f\u00bb. Si un fournisseur de services a choisi de ne pas accepter un lien, il sera automatiquement retourn\u00e9 \u00e0 ce projet. Un fournisseur de services dispose de 10\u202fjours pour accepter ou refuser une demande de \u00ab\u202flien\u202f\u00bb. Pass\u00e9 ce d\u00e9lai, le lien expirera automatiquement et sera renvoy\u00e9 au projet.&nbsp;<\/p>\n\n\n\n<h2 class=\"wp-block-heading\" id=\"h-comment-les-diff-rents-types-de-fournisseurs-de-services-apparaissent-ils-sur-o\"><strong>Comment les diff\u00e9rents types de fournisseurs de services apparaissent-ils sur \u00c9O?<\/strong>&nbsp;<\/h2>\n\n\n\n<p>Les fournisseurs de services de la plateforme d\u2019\u00c9O doivent \u00eatre approuv\u00e9s dans le cadre du processus de demande de qualifications des fournisseurs (RFSQ).&nbsp;&nbsp;<\/p>\n\n\n\n<p>Ceux qui ont accept\u00e9 de travailler \u00e0 la fois sur les projets de soutien aux fournisseurs de services (SFS) et les projets de soutien aux fournisseurs de services et \u00e0 la gestion de projet (SFSGP) sont mis en surbrillance en vert avec un crochet.&nbsp;&nbsp;<\/p>\n\n\n\n<p>Ceux qui ont accept\u00e9 de travailler uniquement sur des projets de SFS apparaissent comme des fournisseurs de services non mis en surbrillance.&nbsp;&nbsp;<\/p>\n\n\n\n<p>Ceux qui ont accept\u00e9 de travailler uniquement sur des projets de SFSGP apparaissent comme des fournisseurs de services non mis en surbrillance qui portent l\u2019\u00e9tiquette \u00ab\u202fexclusif au SFSGP\u202f\u00bb. Un fournisseur de services peut s\u00e9lectionner cette \u00e9tiquette lors de la configuration initiale de son profil (\u00e0 l\u2019\u00e9tape\u202f1). Consultez le guide de l\u2019utilisateur pour plus d\u2019instructions.&nbsp;<\/p>\n\n\n\n<\/div><\/div><\/div>\n","protected":false},"excerpt":{"rendered":"<p>Guide de l\u2019utilisateur pour les fournisseurs de services&nbsp; Consulter le guide de l\u2019utilisateur pour les fournisseurs de services d\u2019\u00c9O Que sont les \u00ab\u202fliens\u202f\u00bb?&nbsp;&nbsp; Les liens sont comme des jetons qui permettent aux chefs de projet de se connecter avec un fournisseur de services. Chaque projet recevra cinq (5) \u00ab\u202fliens\u202f\u00bb. Si un fournisseur de services a [&hellip;]<\/p>\n","protected":false},"author":18,"featured_media":25216,"parent":27066,"menu_order":0,"comment_status":"closed","ping_status":"closed","template":"","meta":{"_acf_changed":false,"footnotes":""},"categories":[],"tags":[],"class_list":["post-33103","page","type-page","status-publish","has-post-thumbnail","hentry"],"acf":[],"yoast_head":"<!-- This site is optimized with the Yoast SEO Premium plugin v27.4 (Yoast SEO v27.4) - https:\/\/yoast.com\/product\/yoast-seo-premium-wordpress\/ -->\n<title>Guide de l\u2019utilisateur pour les fournisseurs de services\u00a0 | eCampusOntario<\/title>\n<meta name=\"robots\" content=\"index, follow, max-snippet:-1, max-image-preview:large, max-video-preview:-1\" \/>\n<link rel=\"canonical\" href=\"https:\/\/ecampusontario.ca\/fr\/ontarioexchange\/user-guide-service-providers\/\" \/>\n<meta property=\"og:locale\" content=\"fr_FR\" \/>\n<meta property=\"og:type\" content=\"article\" \/>\n<meta property=\"og:title\" content=\"Guide de l\u2019utilisateur pour les fournisseurs de services\u00a0\" \/>\n<meta property=\"og:description\" content=\"Guide de l\u2019utilisateur pour les fournisseurs de services&nbsp; Consulter le guide de l\u2019utilisateur pour les fournisseurs de services d\u2019\u00c9O Que sont les \u00ab\u202fliens\u202f\u00bb?&nbsp;&nbsp; Les liens sont comme des jetons qui permettent aux chefs de projet de se connecter avec un fournisseur de services. Chaque projet recevra cinq (5) \u00ab\u202fliens\u202f\u00bb. Si un fournisseur de services a [&hellip;]\" \/>\n<meta property=\"og:url\" content=\"https:\/\/ecampusontario.ca\/fr\/ontarioexchange\/user-guide-service-providers\/\" \/>\n<meta property=\"og:site_name\" content=\"eCampusOntario\" \/>\n<meta property=\"article:publisher\" content=\"https:\/\/www.facebook.com\/ecampusontario\/\" \/>\n<meta property=\"article:modified_time\" content=\"2024-10-16T14:24:44+00:00\" \/>\n<meta property=\"og:image\" content=\"https:\/\/ecampusontario.ca\/wp-content\/uploads\/2023\/02\/06-ontario-exchange-logo.png\" \/>\n\t<meta property=\"og:image:width\" content=\"342\" \/>\n\t<meta property=\"og:image:height\" content=\"107\" \/>\n\t<meta property=\"og:image:type\" content=\"image\/png\" \/>\n<meta name=\"twitter:card\" content=\"summary_large_image\" \/>\n<meta name=\"twitter:site\" content=\"@eCampusOntario\" \/>\n<meta name=\"twitter:label1\" content=\"Dur\u00e9e de lecture estim\u00e9e\" \/>\n\t<meta name=\"twitter:data1\" content=\"1 minute\" \/>\n<script type=\"application\/ld+json\" class=\"yoast-schema-graph\">{\"@context\":\"https:\\\/\\\/schema.org\",\"@graph\":[{\"@type\":\"WebPage\",\"@id\":\"https:\\\/\\\/ecampusontario.ca\\\/fr\\\/ontarioexchange\\\/user-guide-service-providers\\\/\",\"url\":\"https:\\\/\\\/ecampusontario.ca\\\/fr\\\/ontarioexchange\\\/user-guide-service-providers\\\/\",\"name\":\"Guide de l\u2019utilisateur pour les fournisseurs de services\u00a0 | eCampusOntario\",\"isPartOf\":{\"@id\":\"https:\\\/\\\/ecampusontario.ca\\\/fr\\\/#website\"},\"primaryImageOfPage\":{\"@id\":\"https:\\\/\\\/ecampusontario.ca\\\/fr\\\/ontarioexchange\\\/user-guide-service-providers\\\/#primaryimage\"},\"image\":{\"@id\":\"https:\\\/\\\/ecampusontario.ca\\\/fr\\\/ontarioexchange\\\/user-guide-service-providers\\\/#primaryimage\"},\"thumbnailUrl\":\"https:\\\/\\\/ecampusontario.ca\\\/wp-content\\\/uploads\\\/2023\\\/02\\\/06-ontario-exchange-logo.png\",\"datePublished\":\"2024-06-18T15:05:10+00:00\",\"dateModified\":\"2024-10-16T14:24:44+00:00\",\"breadcrumb\":{\"@id\":\"https:\\\/\\\/ecampusontario.ca\\\/fr\\\/ontarioexchange\\\/user-guide-service-providers\\\/#breadcrumb\"},\"inLanguage\":\"fr-FR\",\"potentialAction\":[{\"@type\":\"ReadAction\",\"target\":[\"https:\\\/\\\/ecampusontario.ca\\\/fr\\\/ontarioexchange\\\/user-guide-service-providers\\\/\"]}]},{\"@type\":\"ImageObject\",\"inLanguage\":\"fr-FR\",\"@id\":\"https:\\\/\\\/ecampusontario.ca\\\/fr\\\/ontarioexchange\\\/user-guide-service-providers\\\/#primaryimage\",\"url\":\"https:\\\/\\\/ecampusontario.ca\\\/wp-content\\\/uploads\\\/2023\\\/02\\\/06-ontario-exchange-logo.png\",\"contentUrl\":\"https:\\\/\\\/ecampusontario.ca\\\/wp-content\\\/uploads\\\/2023\\\/02\\\/06-ontario-exchange-logo.png\",\"width\":342,\"height\":107},{\"@type\":\"BreadcrumbList\",\"@id\":\"https:\\\/\\\/ecampusontario.ca\\\/fr\\\/ontarioexchange\\\/user-guide-service-providers\\\/#breadcrumb\",\"itemListElement\":[{\"@type\":\"ListItem\",\"position\":1,\"name\":\"Home\",\"item\":\"https:\\\/\\\/ecampusontario.ca\\\/fr\\\/\"},{\"@type\":\"ListItem\",\"position\":2,\"name\":\"Ontario Exchange\",\"item\":\"https:\\\/\\\/ecampusontario.ca\\\/fr\\\/ontarioexchange\\\/\"},{\"@type\":\"ListItem\",\"position\":3,\"name\":\"Guide de l\u2019utilisateur pour les fournisseurs de services\u00a0\"}]},{\"@type\":\"WebSite\",\"@id\":\"https:\\\/\\\/ecampusontario.ca\\\/fr\\\/#website\",\"url\":\"https:\\\/\\\/ecampusontario.ca\\\/fr\\\/\",\"name\":\"eCampusOntario\",\"description\":\"The online hub for learners and educators across Ontario\",\"publisher\":{\"@id\":\"https:\\\/\\\/ecampusontario.ca\\\/fr\\\/#organization\"},\"potentialAction\":[{\"@type\":\"SearchAction\",\"target\":{\"@type\":\"EntryPoint\",\"urlTemplate\":\"https:\\\/\\\/ecampusontario.ca\\\/fr\\\/?s={search_term_string}\"},\"query-input\":{\"@type\":\"PropertyValueSpecification\",\"valueRequired\":true,\"valueName\":\"search_term_string\"}}],\"inLanguage\":\"fr-FR\"},{\"@type\":\"Organization\",\"@id\":\"https:\\\/\\\/ecampusontario.ca\\\/fr\\\/#organization\",\"name\":\"eCampusOntario\",\"url\":\"https:\\\/\\\/ecampusontario.ca\\\/fr\\\/\",\"logo\":{\"@type\":\"ImageObject\",\"inLanguage\":\"fr-FR\",\"@id\":\"https:\\\/\\\/ecampusontario.ca\\\/fr\\\/#\\\/schema\\\/logo\\\/image\\\/\",\"url\":\"https:\\\/\\\/ecampusontario.ca\\\/wp-content\\\/uploads\\\/2018\\\/11\\\/ecampus-e-icon-1.png\",\"contentUrl\":\"https:\\\/\\\/ecampusontario.ca\\\/wp-content\\\/uploads\\\/2018\\\/11\\\/ecampus-e-icon-1.png\",\"width\":720,\"height\":325,\"caption\":\"eCampusOntario\"},\"image\":{\"@id\":\"https:\\\/\\\/ecampusontario.ca\\\/fr\\\/#\\\/schema\\\/logo\\\/image\\\/\"},\"sameAs\":[\"https:\\\/\\\/www.facebook.com\\\/ecampusontario\\\/\",\"https:\\\/\\\/x.com\\\/eCampusOntario\"]}]}<\/script>\n<!-- \/ Yoast SEO Premium plugin. -->","yoast_head_json":{"title":"Guide de l\u2019utilisateur pour les fournisseurs de services\u00a0 | eCampusOntario","robots":{"index":"index","follow":"follow","max-snippet":"max-snippet:-1","max-image-preview":"max-image-preview:large","max-video-preview":"max-video-preview:-1"},"canonical":"https:\/\/ecampusontario.ca\/fr\/ontarioexchange\/user-guide-service-providers\/","og_locale":"fr_FR","og_type":"article","og_title":"Guide de l\u2019utilisateur pour les fournisseurs de services\u00a0","og_description":"Guide de l\u2019utilisateur pour les fournisseurs de services&nbsp; Consulter le guide de l\u2019utilisateur pour les fournisseurs de services d\u2019\u00c9O Que sont les \u00ab\u202fliens\u202f\u00bb?&nbsp;&nbsp; Les liens sont comme des jetons qui permettent aux chefs de projet de se connecter avec un fournisseur de services. Chaque projet recevra cinq (5) \u00ab\u202fliens\u202f\u00bb. Si un fournisseur de services a [&hellip;]","og_url":"https:\/\/ecampusontario.ca\/fr\/ontarioexchange\/user-guide-service-providers\/","og_site_name":"eCampusOntario","article_publisher":"https:\/\/www.facebook.com\/ecampusontario\/","article_modified_time":"2024-10-16T14:24:44+00:00","og_image":[{"width":342,"height":107,"url":"https:\/\/ecampusontario.ca\/wp-content\/uploads\/2023\/02\/06-ontario-exchange-logo.png","type":"image\/png"}],"twitter_card":"summary_large_image","twitter_site":"@eCampusOntario","twitter_misc":{"Dur\u00e9e de lecture estim\u00e9e":"1 minute"},"schema":{"@context":"https:\/\/schema.org","@graph":[{"@type":"WebPage","@id":"https:\/\/ecampusontario.ca\/fr\/ontarioexchange\/user-guide-service-providers\/","url":"https:\/\/ecampusontario.ca\/fr\/ontarioexchange\/user-guide-service-providers\/","name":"Guide de l\u2019utilisateur pour les fournisseurs de services\u00a0 | eCampusOntario","isPartOf":{"@id":"https:\/\/ecampusontario.ca\/fr\/#website"},"primaryImageOfPage":{"@id":"https:\/\/ecampusontario.ca\/fr\/ontarioexchange\/user-guide-service-providers\/#primaryimage"},"image":{"@id":"https:\/\/ecampusontario.ca\/fr\/ontarioexchange\/user-guide-service-providers\/#primaryimage"},"thumbnailUrl":"https:\/\/ecampusontario.ca\/wp-content\/uploads\/2023\/02\/06-ontario-exchange-logo.png","datePublished":"2024-06-18T15:05:10+00:00","dateModified":"2024-10-16T14:24:44+00:00","breadcrumb":{"@id":"https:\/\/ecampusontario.ca\/fr\/ontarioexchange\/user-guide-service-providers\/#breadcrumb"},"inLanguage":"fr-FR","potentialAction":[{"@type":"ReadAction","target":["https:\/\/ecampusontario.ca\/fr\/ontarioexchange\/user-guide-service-providers\/"]}]},{"@type":"ImageObject","inLanguage":"fr-FR","@id":"https:\/\/ecampusontario.ca\/fr\/ontarioexchange\/user-guide-service-providers\/#primaryimage","url":"https:\/\/ecampusontario.ca\/wp-content\/uploads\/2023\/02\/06-ontario-exchange-logo.png","contentUrl":"https:\/\/ecampusontario.ca\/wp-content\/uploads\/2023\/02\/06-ontario-exchange-logo.png","width":342,"height":107},{"@type":"BreadcrumbList","@id":"https:\/\/ecampusontario.ca\/fr\/ontarioexchange\/user-guide-service-providers\/#breadcrumb","itemListElement":[{"@type":"ListItem","position":1,"name":"Home","item":"https:\/\/ecampusontario.ca\/fr\/"},{"@type":"ListItem","position":2,"name":"Ontario Exchange","item":"https:\/\/ecampusontario.ca\/fr\/ontarioexchange\/"},{"@type":"ListItem","position":3,"name":"Guide de l\u2019utilisateur pour les fournisseurs de services\u00a0"}]},{"@type":"WebSite","@id":"https:\/\/ecampusontario.ca\/fr\/#website","url":"https:\/\/ecampusontario.ca\/fr\/","name":"eCampusOntario","description":"The online hub for learners and educators across Ontario","publisher":{"@id":"https:\/\/ecampusontario.ca\/fr\/#organization"},"potentialAction":[{"@type":"SearchAction","target":{"@type":"EntryPoint","urlTemplate":"https:\/\/ecampusontario.ca\/fr\/?s={search_term_string}"},"query-input":{"@type":"PropertyValueSpecification","valueRequired":true,"valueName":"search_term_string"}}],"inLanguage":"fr-FR"},{"@type":"Organization","@id":"https:\/\/ecampusontario.ca\/fr\/#organization","name":"eCampusOntario","url":"https:\/\/ecampusontario.ca\/fr\/","logo":{"@type":"ImageObject","inLanguage":"fr-FR","@id":"https:\/\/ecampusontario.ca\/fr\/#\/schema\/logo\/image\/","url":"https:\/\/ecampusontario.ca\/wp-content\/uploads\/2018\/11\/ecampus-e-icon-1.png","contentUrl":"https:\/\/ecampusontario.ca\/wp-content\/uploads\/2018\/11\/ecampus-e-icon-1.png","width":720,"height":325,"caption":"eCampusOntario"},"image":{"@id":"https:\/\/ecampusontario.ca\/fr\/#\/schema\/logo\/image\/"},"sameAs":["https:\/\/www.facebook.com\/ecampusontario\/","https:\/\/x.com\/eCampusOntario"]}]}},"_links":{"self":[{"href":"https:\/\/ecampusontario.ca\/fr\/wp-json\/wp\/v2\/pages\/33103","targetHints":{"allow":["GET"]}}],"collection":[{"href":"https:\/\/ecampusontario.ca\/fr\/wp-json\/wp\/v2\/pages"}],"about":[{"href":"https:\/\/ecampusontario.ca\/fr\/wp-json\/wp\/v2\/types\/page"}],"author":[{"embeddable":true,"href":"https:\/\/ecampusontario.ca\/fr\/wp-json\/wp\/v2\/users\/18"}],"replies":[{"embeddable":true,"href":"https:\/\/ecampusontario.ca\/fr\/wp-json\/wp\/v2\/comments?post=33103"}],"version-history":[{"count":3,"href":"https:\/\/ecampusontario.ca\/fr\/wp-json\/wp\/v2\/pages\/33103\/revisions"}],"predecessor-version":[{"id":34608,"href":"https:\/\/ecampusontario.ca\/fr\/wp-json\/wp\/v2\/pages\/33103\/revisions\/34608"}],"up":[{"embeddable":true,"href":"https:\/\/ecampusontario.ca\/fr\/wp-json\/wp\/v2\/pages\/27066"}],"wp:featuredmedia":[{"embeddable":true,"href":"https:\/\/ecampusontario.ca\/fr\/wp-json\/wp\/v2\/media\/25216"}],"wp:attachment":[{"href":"https:\/\/ecampusontario.ca\/fr\/wp-json\/wp\/v2\/media?parent=33103"}],"wp:term":[{"taxonomy":"category","embeddable":true,"href":"https:\/\/ecampusontario.ca\/fr\/wp-json\/wp\/v2\/categories?post=33103"},{"taxonomy":"post_tag","embeddable":true,"href":"https:\/\/ecampusontario.ca\/fr\/wp-json\/wp\/v2\/tags?post=33103"}],"curies":[{"name":"wp","href":"https:\/\/api.w.org\/{rel}","templated":true}]}}