
{"id":33095,"date":"2024-06-14T12:54:26","date_gmt":"2024-06-14T16:54:26","guid":{"rendered":"https:\/\/ecampusontario.ca\/ontarioexchange\/user-guide-project-leads\/"},"modified":"2024-10-16T10:22:02","modified_gmt":"2024-10-16T14:22:02","slug":"guide-chefs-de-projet","status":"publish","type":"page","link":"https:\/\/ecampusontario.ca\/fr\/ontarioexchange\/guide-chefs-de-projet\/","title":{"rendered":"Guide de l\u2019utilisateur pour les chefs de projet\u00a0"},"content":{"rendered":"\n<div class=\"container container-md mt-5 \">\n    <div class=\"row\">\n        <div class=\"col-12 mb-5\">\n\n\n\n<h1 class=\"wp-block-heading has-text-align-center heading-main pb-5\" id=\"h-guide-de-l-utilisateur-pour-les-chefs-de-projet\"><strong><strong>Guide de l\u2019utilisateur pour les chefs de projet<\/strong>&nbsp;<\/strong><\/h1>\n\n\n\n<p class=\"m-auto\" style=\"font-size:28px;text-decoration:underline\"><a href=\"https:\/\/scribehow.com\/page\/OEX_Project_Lead_User_Guide__FR__L_0O_EGLR_abGSnPCDGwbg\" target=\"_blank\" rel=\"noreferrer noopener\">Consulter le guide de l\u2019utilisateur pour les chefs de projet d\u2019\u00c9O\u00a0<\/a><\/p>\n\n\n\n<h2 class=\"wp-block-heading mt-5 mb-4\" id=\"h-que-sont-les-liens\"><strong>Que sont les \u00ab\u202fliens\u202f\u00bb?&nbsp;<\/strong>&nbsp;<\/h2>\n\n\n\n<p>Les liens sont comme des jetons qui permettent aux utilisateurs de se connecter avec un fournisseur de services. Chaque projet recevra cinq (5) \u00ab\u202fliens\u202f\u00bb. Si un fournisseur de services a choisi de ne pas accepter un lien, ou s\u2019il ne r\u00e9pond pas dans les 10\u202fjours, le lien sera automatiquement retourn\u00e9 \u00e0 ce projet. Vous pouvez voir combien de liens il reste \u00e0 un projet sur la fiche du projet.&nbsp;&nbsp;<\/p>\n\n\n\n<h2 class=\"wp-block-heading mt-5 mb-4\" id=\"h-que-signifie-un-fournisseur-de-services-mis-en-surbrillance\"><strong>Que signifie un fournisseur de services mis en surbrillance?&nbsp;&nbsp;<\/strong><\/h2>\n\n\n\n<p>Les fournisseurs de services de la plateforme d\u2019\u00c9O doivent \u00eatre approuv\u00e9s dans le cadre du processus de demande de qualifications des fournisseurs (RFSQ). Cela signifie qu\u2019ils ont fait l\u2019objet d\u2019une \u00e9valuation interne par eCampusOntario.&nbsp;&nbsp;<\/p>\n\n\n\n<p>Les fournisseurs de services qui sont mis en surbrillance en vert avec un crochet indiquent qu\u2019ils ont accept\u00e9 de travailler \u00e0 la fois sur les projets de soutien aux fournisseurs de services (SFS) et les projets de soutien aux fournisseurs de services et \u00e0 la gestion de projet (SFSGP).&nbsp;&nbsp;<\/p>\n\n\n\n<p>Les fournisseurs de services non mis en surbrillance sont des fournisseurs de services admis qui ont accept\u00e9 de travailler uniquement sur des projets de SFS.&nbsp;&nbsp;<\/p>\n\n\n\n<p>Les fournisseurs de services non mis en surbrillance qui portent l\u2019\u00e9tiquette \u00ab\u202fexclusif au SFSGP\u202f\u00bb sont des fournisseurs de services admis qui ont accept\u00e9 de travailler uniquement sur des projets de SFSGP.&nbsp;&nbsp;<\/p>\n\n\n\n<h2 class=\"wp-block-heading mt-5 mb-4\" id=\"h-lignes-directrices-pour-la-demande-de-projet\"><strong>Lignes directrices pour la demande de projet&nbsp;<\/strong><\/h2>\n\n\n\n<p>Vous trouverez ci-dessous quelques conseils et astuces \u00e0 garder \u00e0 l\u2019esprit lorsque vous pr\u00e9sentez votre demande de projet \u00e0 \u00c9change Ontario. Ces renseignements vous aideront \u00e0 pr\u00e9senter la meilleure demande de projet possible.&nbsp;&nbsp;<\/p>\n\n\n\n<p>Une bonne demande de projet est essentielle pour trouver le bon fournisseur de services d\u2019apprentissage virtuel. Il est fondamental que les candidats fournissent suffisamment de d\u00e9tails pour que leur projet se d\u00e9marque et que l\u2019objectif et la port\u00e9e du projet soient clairement d\u00e9finis. Vous trouverez ci-dessous les \u00e9l\u00e9ments cl\u00e9s que les fournisseurs de services recherchent dans les demandes de projets\u202f:&nbsp;<\/p>\n\n\n\n<h3 class=\"wp-block-heading mt-5 mb-4\" id=\"h-key-elements\"><strong>Key Elements:<\/strong>&nbsp;<\/h3>\n\n\n\n<ul class=\"wp-block-list\">\n<li><strong><strong>Bonne description du projet<\/strong>:<\/strong>&nbsp;\n<ul class=\"wp-block-list\">\n<li>Les candidats doivent fournir une description claire et d\u00e9taill\u00e9e de leur projet. Les \u00e9valuateurs doivent \u00eatre en mesure de visualiser les objectifs du projet.&nbsp;<\/li>\n<\/ul>\n<\/li>\n\n\n\n<li><strong><strong>Compr\u00e9hension de l\u2019importance du projet<\/strong>&nbsp;<\/strong>\n<ul class=\"wp-block-list\">\n<li>Les candidats doivent expliquer pourquoi leur projet est important pour leur \u00e9tablissement\/organisation ou leurs objectifs \u00e9ducatifs et pourquoi le soutien est n\u00e9cessaire.&nbsp;<\/li>\n<\/ul>\n<\/li>\n\n\n\n<li><strong>Plans du projet d\u00e9taill\u00e9s<\/strong>&nbsp;\n<ul class=\"wp-block-list\">\n<li>Les candidats doivent d\u00e9crire des plans de projet clairs, avoir une port\u00e9e bien d\u00e9finie et indiquer les contributions de l\u2019\u00e9tablissement ou de l\u2019organisation du candidat (p. ex., expertise en la mati\u00e8re, outil d\u2019apprentissage, impact sur l\u2019apprentissage num\u00e9rique). L\u2019information doit comprendre les \u00e9ch\u00e9anciers, les principaux jalons et les responsabilit\u00e9s de toutes les parties concern\u00e9es. Le manque de d\u00e9tails dans ce domaine peut entra\u00eener des demandes de clarification suppl\u00e9mentaires de la part des \u00e9valuateurs.&nbsp;<\/li>\n<\/ul>\n<\/li>\n<\/ul>\n\n\n\n<h3 class=\"wp-block-heading mt-5 mb-4\" id=\"h-bonnes-pratiques\"><strong><strong>Bonnes pratiques<\/strong>&nbsp;:<\/strong>&nbsp;<\/h3>\n\n\n\n<ul class=\"wp-block-list\">\n<li><strong>D\u00e9montrer l\u2019engagement actuel de l\u2019\u00e9tablissement ou de l\u2019organisation.<\/strong>&nbsp;\n<ul class=\"wp-block-list\">\n<li>Le fait de montrer que l\u2019\u00e9tablissement\/organisation participe d\u00e9j\u00e0 activement au projet peut renforcer la demande de projet.&nbsp;<\/li>\n<\/ul>\n<\/li>\n\n\n\n<li><strong>Fournir des r\u00f4les d\u00e9taill\u00e9s des fournisseurs de services.<\/strong>&nbsp;\n<ul class=\"wp-block-list\">\n<li>Les candidats doivent d\u00e9tailler les r\u00f4les externes afin de d\u00e9montrer une compr\u00e9hension compl\u00e8te de la port\u00e9e et des exigences du projet.&nbsp;<\/li>\n<\/ul>\n<\/li>\n\n\n\n<li><strong>Mettre l\u2019accent sur la contribution des REL.<\/strong>&nbsp;\n<ul class=\"wp-block-list\">\n<li>Indiquer clairement comment le projet aboutira \u00e0 des ressources \u00e9ducatives libres (REL) et sa contribution potentielle \u00e0 la Biblioth\u00e8que libre.&nbsp;<\/li>\n\n\n\n<li>Remarque\u202f: les projets d\u2019\u00c9O des \u00e9tablissements membres d\u2019eCampusOntario sont tenus de soumettre une REL \u00e0 la Biblioth\u00e8que libre, sauf exception de la part d\u2019eCampusOntario.&nbsp;<\/li>\n<\/ul>\n<\/li>\n\n\n\n<li><strong>S\u2019aligner sur les plans strat\u00e9giques.<\/strong>&nbsp;\n<ul class=\"wp-block-list\">\n<li>Expliquer comment le projet s\u2019harmonise avec les plans strat\u00e9giques plus vastes de l\u2019\u00e9tablissement ou de l\u2019organisation afin d\u2019accro\u00eetre la cr\u00e9dibilit\u00e9 de la demande de projet.&nbsp;<\/li>\n<\/ul>\n<\/li>\n\n\n\n<li><strong>Souligner les occasions de collaboration.<\/strong>&nbsp;\n<ul class=\"wp-block-list\">\n<li>Mentionner les possibilit\u00e9s de collaboration avec d\u2019autres \u00e9tablissements pour renforcer l\u2019attrait du projet, le cas \u00e9ch\u00e9ant.&nbsp;<\/li>\n<\/ul>\n<\/li>\n\n\n\n<li><strong>Lors de la r\u00e9daction de votre demande de projet, tenez compte des \u00e9l\u00e9ments suivants\u202f:<\/strong>&nbsp;\n<ul class=\"wp-block-list\">\n<li>Nombre minimal de mots pour ces sections.&nbsp;<\/li>\n\n\n\n<li>Un non-sp\u00e9cialiste peut-il comprendre l\u2019objet de votre projet?&nbsp;<\/li>\n\n\n\n<li>Tous les acronymes et termes techniques sont-ils clairement d\u00e9finis?&nbsp;<\/li>\n\n\n\n<li>Les travaux d\u00e9j\u00e0 effectu\u00e9s et ceux qui restent \u00e0 effectuer sont-ils clairement d\u00e9finis?&nbsp;<\/li>\n<\/ul>\n<\/li>\n<\/ul>\n\n\n\n<h3 class=\"wp-block-heading mt-5 mb-4\" id=\"h-erreurs-courantes\"><strong>Erreurs courantes<\/strong>&nbsp;<\/h3>\n\n\n\n<ul class=\"wp-block-list\">\n<li><strong>R\u00f4les cl\u00e9s manquants<\/strong>&nbsp;\n<ul class=\"wp-block-list\">\n<li>Inclure des r\u00f4les essentiels tels que la gestion de projet, le d\u00e9veloppement de la RA\/RV ou les essais utilisateurs pour renforcer la candidature.<\/li>\n<\/ul>\n<\/li>\n\n\n\n<li><strong>Manque de d\u00e9tails dans les \u00e9ch\u00e9anciers<\/strong>&nbsp;\n<ul class=\"wp-block-list\">\n<li>Fournir des dates pr\u00e9cises et suffisamment de d\u00e9tails dans les \u00e9ch\u00e9anciers et les jalons pour d\u00e9montrer la bonne planification du projet.&nbsp;<\/li>\n<\/ul>\n<\/li>\n\n\n\n<li><strong>Absence d\u2019explication sur le potentiel de la REL<\/strong>&nbsp;\n<ul class=\"wp-block-list\">\n<li>Expliquer comment le projet peut d\u00e9boucher sur une REL pour renforcer la candidature.&nbsp;<\/li>\n<\/ul>\n<\/li>\n<\/ul>\n\n\n\n<p>En respectant ces lignes directrices, les candidats peuvent am\u00e9liorer la qualit\u00e9 de leur demande de projet et augmenter leurs chances de trouver le bon fournisseur de services.&nbsp;<\/p>\n\n\n\n<\/div><\/div><\/div>\n","protected":false},"excerpt":{"rendered":"<p>Guide de l\u2019utilisateur pour les chefs de projet&nbsp; Consulter le guide de l\u2019utilisateur pour les chefs de projet d\u2019\u00c9O\u00a0 Que sont les \u00ab\u202fliens\u202f\u00bb?&nbsp;&nbsp; Les liens sont comme des jetons qui permettent aux utilisateurs de se connecter avec un fournisseur de services. Chaque projet recevra cinq (5) \u00ab\u202fliens\u202f\u00bb. Si un fournisseur de services a choisi de [&hellip;]<\/p>\n","protected":false},"author":18,"featured_media":25216,"parent":27066,"menu_order":0,"comment_status":"closed","ping_status":"closed","template":"","meta":{"_acf_changed":false,"footnotes":""},"categories":[],"tags":[],"class_list":["post-33095","page","type-page","status-publish","has-post-thumbnail","hentry"],"acf":[],"yoast_head":"<!-- This site is optimized with the Yoast SEO Premium plugin v27.4 (Yoast SEO v27.4) - https:\/\/yoast.com\/product\/yoast-seo-premium-wordpress\/ -->\n<title>Guide de l\u2019utilisateur pour les chefs de projet\u00a0 | eCampusOntario<\/title>\n<meta name=\"robots\" content=\"index, follow, max-snippet:-1, max-image-preview:large, max-video-preview:-1\" \/>\n<link rel=\"canonical\" href=\"https:\/\/ecampusontario.ca\/fr\/ontarioexchange\/guide-chefs-de-projet\/\" \/>\n<meta property=\"og:locale\" content=\"fr_FR\" \/>\n<meta property=\"og:type\" content=\"article\" \/>\n<meta property=\"og:title\" content=\"Guide de l\u2019utilisateur pour les chefs de projet\u00a0\" \/>\n<meta property=\"og:description\" content=\"Guide de l\u2019utilisateur pour les chefs de projet&nbsp; Consulter le guide de l\u2019utilisateur pour les chefs de projet d\u2019\u00c9O\u00a0 Que sont les \u00ab\u202fliens\u202f\u00bb?&nbsp;&nbsp; Les liens sont comme des jetons qui permettent aux utilisateurs de se connecter avec un fournisseur de services. Chaque projet recevra cinq (5) \u00ab\u202fliens\u202f\u00bb. Si un fournisseur de services a choisi de [&hellip;]\" \/>\n<meta property=\"og:url\" content=\"https:\/\/ecampusontario.ca\/fr\/ontarioexchange\/guide-chefs-de-projet\/\" \/>\n<meta property=\"og:site_name\" content=\"eCampusOntario\" \/>\n<meta property=\"article:publisher\" content=\"https:\/\/www.facebook.com\/ecampusontario\/\" \/>\n<meta property=\"article:modified_time\" content=\"2024-10-16T14:22:02+00:00\" \/>\n<meta property=\"og:image\" content=\"https:\/\/ecampusontario.ca\/wp-content\/uploads\/2023\/02\/06-ontario-exchange-logo.png\" \/>\n\t<meta property=\"og:image:width\" content=\"342\" \/>\n\t<meta property=\"og:image:height\" content=\"107\" \/>\n\t<meta property=\"og:image:type\" content=\"image\/png\" \/>\n<meta name=\"twitter:card\" content=\"summary_large_image\" \/>\n<meta name=\"twitter:site\" content=\"@eCampusOntario\" \/>\n<meta name=\"twitter:label1\" content=\"Dur\u00e9e de lecture estim\u00e9e\" \/>\n\t<meta name=\"twitter:data1\" content=\"5 minutes\" \/>\n<script type=\"application\/ld+json\" class=\"yoast-schema-graph\">{\"@context\":\"https:\\\/\\\/schema.org\",\"@graph\":[{\"@type\":\"WebPage\",\"@id\":\"https:\\\/\\\/ecampusontario.ca\\\/fr\\\/ontarioexchange\\\/guide-chefs-de-projet\\\/\",\"url\":\"https:\\\/\\\/ecampusontario.ca\\\/fr\\\/ontarioexchange\\\/guide-chefs-de-projet\\\/\",\"name\":\"Guide de l\u2019utilisateur pour les chefs de projet\u00a0 | eCampusOntario\",\"isPartOf\":{\"@id\":\"https:\\\/\\\/ecampusontario.ca\\\/fr\\\/#website\"},\"primaryImageOfPage\":{\"@id\":\"https:\\\/\\\/ecampusontario.ca\\\/fr\\\/ontarioexchange\\\/guide-chefs-de-projet\\\/#primaryimage\"},\"image\":{\"@id\":\"https:\\\/\\\/ecampusontario.ca\\\/fr\\\/ontarioexchange\\\/guide-chefs-de-projet\\\/#primaryimage\"},\"thumbnailUrl\":\"https:\\\/\\\/ecampusontario.ca\\\/wp-content\\\/uploads\\\/2023\\\/02\\\/06-ontario-exchange-logo.png\",\"datePublished\":\"2024-06-14T16:54:26+00:00\",\"dateModified\":\"2024-10-16T14:22:02+00:00\",\"breadcrumb\":{\"@id\":\"https:\\\/\\\/ecampusontario.ca\\\/fr\\\/ontarioexchange\\\/guide-chefs-de-projet\\\/#breadcrumb\"},\"inLanguage\":\"fr-FR\",\"potentialAction\":[{\"@type\":\"ReadAction\",\"target\":[\"https:\\\/\\\/ecampusontario.ca\\\/fr\\\/ontarioexchange\\\/guide-chefs-de-projet\\\/\"]}]},{\"@type\":\"ImageObject\",\"inLanguage\":\"fr-FR\",\"@id\":\"https:\\\/\\\/ecampusontario.ca\\\/fr\\\/ontarioexchange\\\/guide-chefs-de-projet\\\/#primaryimage\",\"url\":\"https:\\\/\\\/ecampusontario.ca\\\/wp-content\\\/uploads\\\/2023\\\/02\\\/06-ontario-exchange-logo.png\",\"contentUrl\":\"https:\\\/\\\/ecampusontario.ca\\\/wp-content\\\/uploads\\\/2023\\\/02\\\/06-ontario-exchange-logo.png\",\"width\":342,\"height\":107},{\"@type\":\"BreadcrumbList\",\"@id\":\"https:\\\/\\\/ecampusontario.ca\\\/fr\\\/ontarioexchange\\\/guide-chefs-de-projet\\\/#breadcrumb\",\"itemListElement\":[{\"@type\":\"ListItem\",\"position\":1,\"name\":\"Home\",\"item\":\"https:\\\/\\\/ecampusontario.ca\\\/fr\\\/\"},{\"@type\":\"ListItem\",\"position\":2,\"name\":\"Ontario Exchange\",\"item\":\"https:\\\/\\\/ecampusontario.ca\\\/fr\\\/ontarioexchange\\\/\"},{\"@type\":\"ListItem\",\"position\":3,\"name\":\"Guide de l\u2019utilisateur pour les chefs de projet\u00a0\"}]},{\"@type\":\"WebSite\",\"@id\":\"https:\\\/\\\/ecampusontario.ca\\\/fr\\\/#website\",\"url\":\"https:\\\/\\\/ecampusontario.ca\\\/fr\\\/\",\"name\":\"eCampusOntario\",\"description\":\"The online hub for learners and educators across Ontario\",\"publisher\":{\"@id\":\"https:\\\/\\\/ecampusontario.ca\\\/fr\\\/#organization\"},\"potentialAction\":[{\"@type\":\"SearchAction\",\"target\":{\"@type\":\"EntryPoint\",\"urlTemplate\":\"https:\\\/\\\/ecampusontario.ca\\\/fr\\\/?s={search_term_string}\"},\"query-input\":{\"@type\":\"PropertyValueSpecification\",\"valueRequired\":true,\"valueName\":\"search_term_string\"}}],\"inLanguage\":\"fr-FR\"},{\"@type\":\"Organization\",\"@id\":\"https:\\\/\\\/ecampusontario.ca\\\/fr\\\/#organization\",\"name\":\"eCampusOntario\",\"url\":\"https:\\\/\\\/ecampusontario.ca\\\/fr\\\/\",\"logo\":{\"@type\":\"ImageObject\",\"inLanguage\":\"fr-FR\",\"@id\":\"https:\\\/\\\/ecampusontario.ca\\\/fr\\\/#\\\/schema\\\/logo\\\/image\\\/\",\"url\":\"https:\\\/\\\/ecampusontario.ca\\\/wp-content\\\/uploads\\\/2018\\\/11\\\/ecampus-e-icon-1.png\",\"contentUrl\":\"https:\\\/\\\/ecampusontario.ca\\\/wp-content\\\/uploads\\\/2018\\\/11\\\/ecampus-e-icon-1.png\",\"width\":720,\"height\":325,\"caption\":\"eCampusOntario\"},\"image\":{\"@id\":\"https:\\\/\\\/ecampusontario.ca\\\/fr\\\/#\\\/schema\\\/logo\\\/image\\\/\"},\"sameAs\":[\"https:\\\/\\\/www.facebook.com\\\/ecampusontario\\\/\",\"https:\\\/\\\/x.com\\\/eCampusOntario\"]}]}<\/script>\n<!-- \/ Yoast SEO Premium plugin. -->","yoast_head_json":{"title":"Guide de l\u2019utilisateur pour les chefs de projet\u00a0 | eCampusOntario","robots":{"index":"index","follow":"follow","max-snippet":"max-snippet:-1","max-image-preview":"max-image-preview:large","max-video-preview":"max-video-preview:-1"},"canonical":"https:\/\/ecampusontario.ca\/fr\/ontarioexchange\/guide-chefs-de-projet\/","og_locale":"fr_FR","og_type":"article","og_title":"Guide de l\u2019utilisateur pour les chefs de projet\u00a0","og_description":"Guide de l\u2019utilisateur pour les chefs de projet&nbsp; Consulter le guide de l\u2019utilisateur pour les chefs de projet d\u2019\u00c9O\u00a0 Que sont les \u00ab\u202fliens\u202f\u00bb?&nbsp;&nbsp; Les liens sont comme des jetons qui permettent aux utilisateurs de se connecter avec un fournisseur de services. Chaque projet recevra cinq (5) \u00ab\u202fliens\u202f\u00bb. Si un fournisseur de services a choisi de [&hellip;]","og_url":"https:\/\/ecampusontario.ca\/fr\/ontarioexchange\/guide-chefs-de-projet\/","og_site_name":"eCampusOntario","article_publisher":"https:\/\/www.facebook.com\/ecampusontario\/","article_modified_time":"2024-10-16T14:22:02+00:00","og_image":[{"width":342,"height":107,"url":"https:\/\/ecampusontario.ca\/wp-content\/uploads\/2023\/02\/06-ontario-exchange-logo.png","type":"image\/png"}],"twitter_card":"summary_large_image","twitter_site":"@eCampusOntario","twitter_misc":{"Dur\u00e9e de lecture estim\u00e9e":"5 minutes"},"schema":{"@context":"https:\/\/schema.org","@graph":[{"@type":"WebPage","@id":"https:\/\/ecampusontario.ca\/fr\/ontarioexchange\/guide-chefs-de-projet\/","url":"https:\/\/ecampusontario.ca\/fr\/ontarioexchange\/guide-chefs-de-projet\/","name":"Guide de l\u2019utilisateur pour les chefs de projet\u00a0 | eCampusOntario","isPartOf":{"@id":"https:\/\/ecampusontario.ca\/fr\/#website"},"primaryImageOfPage":{"@id":"https:\/\/ecampusontario.ca\/fr\/ontarioexchange\/guide-chefs-de-projet\/#primaryimage"},"image":{"@id":"https:\/\/ecampusontario.ca\/fr\/ontarioexchange\/guide-chefs-de-projet\/#primaryimage"},"thumbnailUrl":"https:\/\/ecampusontario.ca\/wp-content\/uploads\/2023\/02\/06-ontario-exchange-logo.png","datePublished":"2024-06-14T16:54:26+00:00","dateModified":"2024-10-16T14:22:02+00:00","breadcrumb":{"@id":"https:\/\/ecampusontario.ca\/fr\/ontarioexchange\/guide-chefs-de-projet\/#breadcrumb"},"inLanguage":"fr-FR","potentialAction":[{"@type":"ReadAction","target":["https:\/\/ecampusontario.ca\/fr\/ontarioexchange\/guide-chefs-de-projet\/"]}]},{"@type":"ImageObject","inLanguage":"fr-FR","@id":"https:\/\/ecampusontario.ca\/fr\/ontarioexchange\/guide-chefs-de-projet\/#primaryimage","url":"https:\/\/ecampusontario.ca\/wp-content\/uploads\/2023\/02\/06-ontario-exchange-logo.png","contentUrl":"https:\/\/ecampusontario.ca\/wp-content\/uploads\/2023\/02\/06-ontario-exchange-logo.png","width":342,"height":107},{"@type":"BreadcrumbList","@id":"https:\/\/ecampusontario.ca\/fr\/ontarioexchange\/guide-chefs-de-projet\/#breadcrumb","itemListElement":[{"@type":"ListItem","position":1,"name":"Home","item":"https:\/\/ecampusontario.ca\/fr\/"},{"@type":"ListItem","position":2,"name":"Ontario Exchange","item":"https:\/\/ecampusontario.ca\/fr\/ontarioexchange\/"},{"@type":"ListItem","position":3,"name":"Guide de l\u2019utilisateur pour les chefs de projet\u00a0"}]},{"@type":"WebSite","@id":"https:\/\/ecampusontario.ca\/fr\/#website","url":"https:\/\/ecampusontario.ca\/fr\/","name":"eCampusOntario","description":"The online hub for learners and educators across Ontario","publisher":{"@id":"https:\/\/ecampusontario.ca\/fr\/#organization"},"potentialAction":[{"@type":"SearchAction","target":{"@type":"EntryPoint","urlTemplate":"https:\/\/ecampusontario.ca\/fr\/?s={search_term_string}"},"query-input":{"@type":"PropertyValueSpecification","valueRequired":true,"valueName":"search_term_string"}}],"inLanguage":"fr-FR"},{"@type":"Organization","@id":"https:\/\/ecampusontario.ca\/fr\/#organization","name":"eCampusOntario","url":"https:\/\/ecampusontario.ca\/fr\/","logo":{"@type":"ImageObject","inLanguage":"fr-FR","@id":"https:\/\/ecampusontario.ca\/fr\/#\/schema\/logo\/image\/","url":"https:\/\/ecampusontario.ca\/wp-content\/uploads\/2018\/11\/ecampus-e-icon-1.png","contentUrl":"https:\/\/ecampusontario.ca\/wp-content\/uploads\/2018\/11\/ecampus-e-icon-1.png","width":720,"height":325,"caption":"eCampusOntario"},"image":{"@id":"https:\/\/ecampusontario.ca\/fr\/#\/schema\/logo\/image\/"},"sameAs":["https:\/\/www.facebook.com\/ecampusontario\/","https:\/\/x.com\/eCampusOntario"]}]}},"_links":{"self":[{"href":"https:\/\/ecampusontario.ca\/fr\/wp-json\/wp\/v2\/pages\/33095","targetHints":{"allow":["GET"]}}],"collection":[{"href":"https:\/\/ecampusontario.ca\/fr\/wp-json\/wp\/v2\/pages"}],"about":[{"href":"https:\/\/ecampusontario.ca\/fr\/wp-json\/wp\/v2\/types\/page"}],"author":[{"embeddable":true,"href":"https:\/\/ecampusontario.ca\/fr\/wp-json\/wp\/v2\/users\/18"}],"replies":[{"embeddable":true,"href":"https:\/\/ecampusontario.ca\/fr\/wp-json\/wp\/v2\/comments?post=33095"}],"version-history":[{"count":7,"href":"https:\/\/ecampusontario.ca\/fr\/wp-json\/wp\/v2\/pages\/33095\/revisions"}],"predecessor-version":[{"id":34606,"href":"https:\/\/ecampusontario.ca\/fr\/wp-json\/wp\/v2\/pages\/33095\/revisions\/34606"}],"up":[{"embeddable":true,"href":"https:\/\/ecampusontario.ca\/fr\/wp-json\/wp\/v2\/pages\/27066"}],"wp:featuredmedia":[{"embeddable":true,"href":"https:\/\/ecampusontario.ca\/fr\/wp-json\/wp\/v2\/media\/25216"}],"wp:attachment":[{"href":"https:\/\/ecampusontario.ca\/fr\/wp-json\/wp\/v2\/media?parent=33095"}],"wp:term":[{"taxonomy":"category","embeddable":true,"href":"https:\/\/ecampusontario.ca\/fr\/wp-json\/wp\/v2\/categories?post=33095"},{"taxonomy":"post_tag","embeddable":true,"href":"https:\/\/ecampusontario.ca\/fr\/wp-json\/wp\/v2\/tags?post=33095"}],"curies":[{"name":"wp","href":"https:\/\/api.w.org\/{rel}","templated":true}]}}