
{"id":33081,"date":"2024-06-14T11:27:28","date_gmt":"2024-06-14T15:27:28","guid":{"rendered":"https:\/\/ecampusontario.ca\/ontarioexchange\/pricing\/"},"modified":"2024-10-15T11:55:34","modified_gmt":"2024-10-15T15:55:34","slug":"tarification","status":"publish","type":"page","link":"https:\/\/ecampusontario.ca\/fr\/ontarioexchange\/tarification\/","title":{"rendered":"Tarification pour \u00c9change Ontario\u00a0"},"content":{"rendered":"\n<div class=\"container container-md mt-5 \">\n    <div class=\"row\">\n        <div class=\"col-12 mb-5\">\n\n\n\n<h1 class=\"wp-block-heading has-text-align-center heading-main\" id=\"h-tarification-pour-change-ontario\"><strong>Tarification pour \u00c9change Ontario<\/strong><\/h1>\n\n\n\n<h2 class=\"wp-block-heading mt-5 mb-4 pt-4\" id=\"h-membre-d-ecampusontario\"><strong>Membre d\u2019eCampusOntario<\/strong>&nbsp;<\/h2>\n\n\n\n<p><strong><em>Frais d\u2019abonnement*<\/em><\/strong>&nbsp;<\/p>\n\n\n\n<p>Mensuels: $0&nbsp;<\/p>\n\n\n\n<p>Annuels: $0&nbsp;<\/p>\n\n\n\n<p><strong><em>Frais d\u2019administration**\u202f: <\/em><\/strong>1\u202f000\u202f$ \u00e0 5\u202f000\u202f$ (selon le budget du projet, voir le tableau des frais d\u2019administration ci-dessous)&nbsp;<\/p>\n\n\n\n<h2 class=\"wp-block-heading mt-5 mb-4\" id=\"h-non-membre-d-ecampusontario-chefs-de-projet\"><strong>Non-membre d\u2019eCampusOntario (chefs de projet)<\/strong>&nbsp;<\/h2>\n\n\n\n<p><strong><em>Frais d\u2019abonnement*<\/em><\/strong>&nbsp;<\/p>\n\n\n\n<p>Mensuels\u202f: 175\u202f$\/mois (factur\u00e9s mensuellement, engagement minimal de 6\u202fmois)&nbsp;&nbsp;<\/p>\n\n\n\n<p>Annuels\u202f: 155\u202f$\/mois (factur\u00e9s annuellement)&nbsp;<\/p>\n\n\n\n<p><strong><em>Frais d\u2019administration**\u202f: <\/em><\/strong>2\u202f000\u202f$ \u00e0 10\u202f000\u202f$ (selon le budget du projet, voir le tableau des frais d\u2019administration ci-dessous)&nbsp;<\/p>\n\n\n\n<p>Remarque\u202f: Le prix de l&rsquo;abonnement ci-dessus pour les non-membres d&rsquo;eCampusOntario permet \u00e0 une organisation d&rsquo;avoir jusqu&rsquo;\u00e0 5 profils d&rsquo;utilisateurs (type d&rsquo;utilisateur: chef de projet).\u202fDans le cas o\u00f9 les organisations choisissent d\u2019augmenter le nombre d\u2019utilisateurs dans leur abonnement annuel (soit de 1 \u00e0 5\u202fprofils d\u2019utilisateurs \u00e0 6 \u00e0 10\u202fprofils d\u2019utilisateurs), elles devront payer la diff\u00e9rence.\u202f\u202f\u202f\u00a0<\/p>\n\n\n\n<p>Frais d\u2019abonnement pour les non-membres d\u2019eCampusOntario\u202f: 6 \u00e0 10\u202fprofils d\u2019utilisateur\u202f(type d\u2019utilisateur\u202f: chef de projet)\u00a0<\/p>\n\n\n\n<ul class=\"ml-3 wp-block-list\">\n<li>Mensuels\u202f: 300\u202f$\/mois (engagement minimal de 6\u202fmois)\u202f\u202f\u202f\u202f<\/li>\n\n\n\n<li>Annuels\u202f: 275\u202f$\/mois\u202f\u202f<\/li>\n<\/ul>\n\n\n\n<h2 class=\"wp-block-heading mt-5 mb-4\" id=\"h-non-membre-d-ecampusontario-fournisseur-de-services\"><strong>Non-membre d\u2019eCampusOntario (fournisseur de services)<\/strong>&nbsp;<\/h2>\n\n\n\n<p><strong><em>Frais d\u2019abonnement*<\/em><\/strong>&nbsp;<\/p>\n\n\n\n<p>Mensuels\u202f: 200\u202f$\/mois (factur\u00e9s mensuellement, engagement minimal de 6\u202fmois)&nbsp;<\/p>\n\n\n\n<p>Annuels\u202f: 180\u202f$\/mois (factur\u00e9s annuellement)&nbsp;<\/p>\n\n\n\n<p><strong><em>Frais d\u2019administration**\u202f<\/em><\/strong>: non factur\u00e9s, car les frais d\u2019administration sont per\u00e7us une fois par projet.&nbsp;<\/p>\n\n\n\n<p>*\u202fLes prix affich\u00e9s sont en $ CA et n&rsquo;incluent pas les taxes applicables.\u00a0Les frais d\u2019abonnement seront factur\u00e9s \u00e0 l\u2019organisation plut\u00f4t qu\u2019\u00e0 l\u2019utilisateur individuel.\u202f\u202f\u202f\u00a0<\/p>\n\n\n\n<p>**\u202fLes prix affich\u00e9s sont en $ CA et n&rsquo;incluent pas les taxes applicables.\u00a0Les frais d\u2019administration indiqu\u00e9s concernent les projets de soutien aux fournisseurs de services.\u00a0<\/p>\n\n\n\n<h2 class=\"wp-block-heading mt-5 mb-4\" id=\"h-tableau-des-frais-d-administration\"><strong>Tableau des frais d\u2019administration<\/strong>&nbsp;<\/h2>\n\n\n\n<figure class=\"wp-block-table is-style-regular\"><table style=\"width:auto; !important;\"><tbody><tr><td><strong>Fourchette de prix<\/strong>\u202f&nbsp;<\/td><td><strong>Membre d\u2019eCampusOntario<\/strong>\u202f&nbsp;<\/td><td><strong>Non-membre d\u2019eCampusOntario<\/strong>\u202f&nbsp;<\/td><\/tr><tr><td>0\u202f$ \u00e0 20\u202f000\u202f$\u202f&nbsp;<\/td><td>1\u202f000\u202f$\u202f&nbsp;<\/td><td>2\u202f000\u202f$\u202f&nbsp;<\/td><\/tr><tr><td>20\u202f001\u202f$ \u00e0 40\u202f000\u202f$\u202f&nbsp;<\/td><td>2\u202f000\u202f$\u202f&nbsp;<\/td><td>4\u202f000\u202f$\u202f&nbsp;<\/td><\/tr><tr><td>40\u202f001\u202f$ \u00e0 60\u202f000\u202f$\u202f&nbsp;<\/td><td>3\u202f000\u202f$\u202f&nbsp;<\/td><td>6\u202f000\u202f$\u202f&nbsp;<\/td><\/tr><tr><td>60\u202f001\u202f$ \u00e0 80\u202f000\u202f$\u202f&nbsp;<\/td><td>4\u202f000\u202f$\u202f&nbsp;<\/td><td>8\u202f000\u202f$\u202f&nbsp;<\/td><\/tr><tr><td>80\u202f001\u202f$ \u00e0 100\u202f000\u202f$\u202f&nbsp;<\/td><td>5\u202f000\u202f$\u202f&nbsp;<\/td><td>10\u202f000\u202f$\u202f&nbsp;<\/td><\/tr><\/tbody><\/table><\/figure>\n\n\n\n<h2 class=\"wp-block-heading mt-5 mb-4 pt-2\" id=\"h-qui-est-membre-d-ecampusontario\"><strong><em>Qui est membre d\u2019eCampusOntario?<\/em><\/strong>&nbsp;<\/h2>\n\n\n\n<p>Les coll\u00e8ges, instituts autochtones et universit\u00e9s de l\u2019Ontario membres d\u2019eCampusOntario. Pour consulter la liste des membres d\u2019eCampusOntario, veuillez <a href=\"https:\/\/ecampusontario.ca\/fr\/about-us\/\" target=\"_blank\" rel=\"noreferrer noopener\">visiter la section \u00ab\u202fMembres\u202f\u00bb de la page \u00ab\u202f\u00c0 propos\u202f\u00bb d\u2019eCampusOntario<\/a>.&nbsp;<\/p>\n\n\n\n<h2 class=\"wp-block-heading mt-4 mb-4\" id=\"h-que-couvrent-les-frais-d-abonnement-et-les-frais-administratifs\"><strong><em>Que couvrent les frais d\u2019abonnement et les frais administratifs?<\/em><\/strong>&nbsp;<\/h2>\n\n\n\n<p>Les frais d\u2019abonnement couvrent l\u2019acc\u00e8s \u00e0 notre plateforme. Les utilisateurs peuvent y g\u00e9n\u00e9rer un profil et se servir de ses fonctionnalit\u00e9s pour cr\u00e9er des applications de projet. Ces frais comprennent les co\u00fbts de maintenance et de d\u00e9veloppement de l\u2019infrastructure de la plateforme, ainsi que le soutien continu et les mises \u00e0 jour fournies aux utilisateurs. Cela garantit aux utilisateurs une exp\u00e9rience transparente tout au long du cycle de vie du projet, de la cr\u00e9ation initiale \u00e0 l\u2019\u00e9valuation et au-del\u00e0.&nbsp;&nbsp;<\/p>\n\n\n\n<p>Les frais d\u2019administration permettent aux utilisateurs d\u2019acc\u00e9der \u00e0 notre liste de fournisseurs de services. En s\u2019acquittant des frais d\u2019administration, les utilisateurs b\u00e9n\u00e9ficient d\u2019un acc\u00e8s pr\u00e9cieux \u00e0 un r\u00e9pertoire exhaustif de fournisseurs de services, ce qui facilite la prise de d\u00e9cisions efficaces et \u00e9clair\u00e9es dans leurs projets respectifs.&nbsp;<\/p>\n\n\n\n<h2 class=\"wp-block-heading mt-4 mb-4\" id=\"h-frais-de-retard\"><strong>Frais de retard<\/strong><\/h2>\n\n\n\n<p>Si les frais d&rsquo;abonnement ne sont pas pay\u00e9s, le compte de l&rsquo;utilisateur sera suspendu. Pour r\u00e9activer un compte suspendu et continuer \u00e0 profiter de nos services, l&rsquo;utilisateur peut payer le solde impay\u00e9 de son compte.<\/p>\n\n\n\n<p>Si les frais d&rsquo;administration d&rsquo;un projet ne sont pas pay\u00e9s, le projet associ\u00e9 ne peut pas passer \u00e0 l&rsquo;\u00e9tape suivante sur notre plateforme.<\/p>\n\n\n\n<h2 class=\"wp-block-heading mt-4 mb-4\" id=\"h-renouvellement-de-l-abonnement-1\"><strong><em>Renouvellement de l\u2019abonnement<\/em><\/strong>&nbsp;<\/h2>\n\n\n\n<p>Les non-membres d\u2019eCampusOntario (chefs de projet et fournisseurs de services) paient un abonnement annuel ou mensuel. Voir les prix ci-dessus pour plus de d\u00e9tails. Pour consulter la liste des membres d\u2019eCampusOntario, veuillez <a href=\"https:\/\/ecampusontario.ca\/fr\/about-us\/\" target=\"_blank\" rel=\"noreferrer noopener\">visiter la section \u00ab\u202fMembres\u202f\u00bb de la page \u00ab\u202f\u00c0 propos\u202f\u00bb d\u2019eCampusOntario<\/a>.&nbsp;<\/p>\n\n\n\n<p>Pour ceux qui optent pour un abonnement annuel, leur plan d&rsquo;abonnement sera automatiquement renouvel\u00e9, \u00e0 moins qu&rsquo;\u00c9change Ontario re\u00e7oive un avis contraire.<\/p>\n\n\n\n<p>Pour ceux qui optent pour un abonnement mensuel, un engagement de six (6) mois est exig\u00e9. \u00c0 l\u2019issue de cette p\u00e9riode, l\u2019abonnement est automatiquement renouvel\u00e9 \u00e0 moins qu\u2019\u00c9change Ontario re\u00e7oive un avis contraire.&nbsp;&nbsp;<\/p>\n\n\n\n<p>Si vous avez d\u2019autres questions ou pr\u00e9occupations concernant notre tarification, veuillez contacter <a href=\"mailto:extend@ecampusontario.ca\u200f\" target=\"_blank\" rel=\"noreferrer noopener\">exchange@ecampusontario.ca<\/a>.\u00a0<\/p>\n\n\n\n<h2 class=\"wp-block-heading mt-4 mb-4\" id=\"h-projets-de-soutien-aux-fournisseurs-de-services-et-la-gestion-de-projet\"><strong><em>Projets de soutien aux fournisseurs de services et \u00e0 la gestion de projet<\/em><\/strong>&nbsp;<\/h2>\n\n\n\n<p>Veuillez contacter <a href=\"mailto:extend@ecampusontario.ca%E2%80%8F\" target=\"_blank\" rel=\"noreferrer noopener\">exchange@ecampusontario.ca<\/a> si vous disposez de financement pour un projet d\u2019apprentissage virtuel et souhaitez utiliser un \u00e9tablissement membre d\u2019eCampusOntario pour faciliter la cr\u00e9ation de votre ressource d\u2019apprentissage virtuel \u00e0 titre de chef de projet.&nbsp;<\/p>\n\n\n\n<\/div><\/div><\/div>\n<style>td {text-align:center;margin:10px !important;}<\/style>\n","protected":false},"excerpt":{"rendered":"<p>Tarification pour \u00c9change Ontario Membre d\u2019eCampusOntario&nbsp; Frais d\u2019abonnement*&nbsp; Mensuels: $0&nbsp; Annuels: $0&nbsp; Frais d\u2019administration**\u202f: 1\u202f000\u202f$ \u00e0 5\u202f000\u202f$ (selon le budget du projet, voir le tableau des frais d\u2019administration ci-dessous)&nbsp; Non-membre d\u2019eCampusOntario (chefs de projet)&nbsp; Frais d\u2019abonnement*&nbsp; Mensuels\u202f: 175\u202f$\/mois (factur\u00e9s mensuellement, engagement minimal de 6\u202fmois)&nbsp;&nbsp; Annuels\u202f: 155\u202f$\/mois (factur\u00e9s annuellement)&nbsp; Frais d\u2019administration**\u202f: 2\u202f000\u202f$ \u00e0 10\u202f000\u202f$ (selon le [&hellip;]<\/p>\n","protected":false},"author":18,"featured_media":25216,"parent":27066,"menu_order":0,"comment_status":"closed","ping_status":"closed","template":"","meta":{"_acf_changed":false,"footnotes":""},"categories":[],"tags":[],"class_list":["post-33081","page","type-page","status-publish","has-post-thumbnail","hentry"],"acf":[],"yoast_head":"<!-- This site is optimized with the Yoast SEO Premium plugin v26.0 (Yoast SEO v26.0) - https:\/\/yoast.com\/wordpress\/plugins\/seo\/ -->\n<title>Tarification pour \u00c9change Ontario\u00a0 | eCampusOntario<\/title>\n<meta name=\"robots\" content=\"index, follow, max-snippet:-1, max-image-preview:large, max-video-preview:-1\" \/>\n<link rel=\"canonical\" href=\"https:\/\/ecampusontario.ca\/fr\/ontarioexchange\/tarification\/\" \/>\n<meta property=\"og:locale\" content=\"fr_FR\" \/>\n<meta property=\"og:type\" content=\"article\" \/>\n<meta property=\"og:title\" content=\"Tarification pour \u00c9change Ontario\u00a0\" \/>\n<meta property=\"og:description\" content=\"Tarification pour \u00c9change Ontario Membre d\u2019eCampusOntario&nbsp; Frais d\u2019abonnement*&nbsp; Mensuels: $0&nbsp; Annuels: $0&nbsp; Frais d\u2019administration**\u202f: 1\u202f000\u202f$ \u00e0 5\u202f000\u202f$ (selon le budget du projet, voir le tableau des frais d\u2019administration ci-dessous)&nbsp; Non-membre d\u2019eCampusOntario (chefs de projet)&nbsp; Frais d\u2019abonnement*&nbsp; Mensuels\u202f: 175\u202f$\/mois (factur\u00e9s mensuellement, engagement minimal de 6\u202fmois)&nbsp;&nbsp; Annuels\u202f: 155\u202f$\/mois (factur\u00e9s annuellement)&nbsp; Frais d\u2019administration**\u202f: 2\u202f000\u202f$ \u00e0 10\u202f000\u202f$ (selon le [&hellip;]\" \/>\n<meta property=\"og:url\" content=\"https:\/\/ecampusontario.ca\/fr\/ontarioexchange\/tarification\/\" \/>\n<meta property=\"og:site_name\" content=\"eCampusOntario\" \/>\n<meta property=\"article:publisher\" content=\"https:\/\/www.facebook.com\/ecampusontario\/\" \/>\n<meta property=\"article:modified_time\" content=\"2024-10-15T15:55:34+00:00\" \/>\n<meta property=\"og:image\" content=\"https:\/\/ecampusontario.ca\/wp-content\/uploads\/2023\/02\/06-ontario-exchange-logo.png\" \/>\n\t<meta property=\"og:image:width\" content=\"342\" \/>\n\t<meta property=\"og:image:height\" content=\"107\" \/>\n\t<meta property=\"og:image:type\" content=\"image\/png\" \/>\n<meta name=\"twitter:card\" content=\"summary_large_image\" \/>\n<meta name=\"twitter:site\" content=\"@eCampusOntario\" \/>\n<meta name=\"twitter:label1\" content=\"Dur\u00e9e de lecture estim\u00e9e\" \/>\n\t<meta name=\"twitter:data1\" content=\"4 minutes\" \/>\n<script type=\"application\/ld+json\" class=\"yoast-schema-graph\">{\"@context\":\"https:\/\/schema.org\",\"@graph\":[{\"@type\":\"WebPage\",\"@id\":\"https:\/\/ecampusontario.ca\/fr\/ontarioexchange\/tarification\/\",\"url\":\"https:\/\/ecampusontario.ca\/fr\/ontarioexchange\/tarification\/\",\"name\":\"Tarification pour \u00c9change Ontario\u00a0 | eCampusOntario\",\"isPartOf\":{\"@id\":\"https:\/\/ecampusontario.ca\/fr\/#website\"},\"primaryImageOfPage\":{\"@id\":\"https:\/\/ecampusontario.ca\/fr\/ontarioexchange\/tarification\/#primaryimage\"},\"image\":{\"@id\":\"https:\/\/ecampusontario.ca\/fr\/ontarioexchange\/tarification\/#primaryimage\"},\"thumbnailUrl\":\"https:\/\/ecampusontario.ca\/wp-content\/uploads\/2023\/02\/06-ontario-exchange-logo.png\",\"datePublished\":\"2024-06-14T15:27:28+00:00\",\"dateModified\":\"2024-10-15T15:55:34+00:00\",\"breadcrumb\":{\"@id\":\"https:\/\/ecampusontario.ca\/fr\/ontarioexchange\/tarification\/#breadcrumb\"},\"inLanguage\":\"fr-FR\",\"potentialAction\":[{\"@type\":\"ReadAction\",\"target\":[\"https:\/\/ecampusontario.ca\/fr\/ontarioexchange\/tarification\/\"]}]},{\"@type\":\"ImageObject\",\"inLanguage\":\"fr-FR\",\"@id\":\"https:\/\/ecampusontario.ca\/fr\/ontarioexchange\/tarification\/#primaryimage\",\"url\":\"https:\/\/ecampusontario.ca\/wp-content\/uploads\/2023\/02\/06-ontario-exchange-logo.png\",\"contentUrl\":\"https:\/\/ecampusontario.ca\/wp-content\/uploads\/2023\/02\/06-ontario-exchange-logo.png\",\"width\":342,\"height\":107},{\"@type\":\"BreadcrumbList\",\"@id\":\"https:\/\/ecampusontario.ca\/fr\/ontarioexchange\/tarification\/#breadcrumb\",\"itemListElement\":[{\"@type\":\"ListItem\",\"position\":1,\"name\":\"Home\",\"item\":\"https:\/\/ecampusontario.ca\/fr\/\"},{\"@type\":\"ListItem\",\"position\":2,\"name\":\"Ontario Exchange\",\"item\":\"https:\/\/ecampusontario.ca\/fr\/ontarioexchange\/\"},{\"@type\":\"ListItem\",\"position\":3,\"name\":\"Tarification pour \u00c9change Ontario\u00a0\"}]},{\"@type\":\"WebSite\",\"@id\":\"https:\/\/ecampusontario.ca\/fr\/#website\",\"url\":\"https:\/\/ecampusontario.ca\/fr\/\",\"name\":\"eCampusOntario\",\"description\":\"The online hub for learners and educators across Ontario\",\"publisher\":{\"@id\":\"https:\/\/ecampusontario.ca\/fr\/#organization\"},\"potentialAction\":[{\"@type\":\"SearchAction\",\"target\":{\"@type\":\"EntryPoint\",\"urlTemplate\":\"https:\/\/ecampusontario.ca\/fr\/?s={search_term_string}\"},\"query-input\":{\"@type\":\"PropertyValueSpecification\",\"valueRequired\":true,\"valueName\":\"search_term_string\"}}],\"inLanguage\":\"fr-FR\"},{\"@type\":\"Organization\",\"@id\":\"https:\/\/ecampusontario.ca\/fr\/#organization\",\"name\":\"eCampusOntario\",\"url\":\"https:\/\/ecampusontario.ca\/fr\/\",\"logo\":{\"@type\":\"ImageObject\",\"inLanguage\":\"fr-FR\",\"@id\":\"https:\/\/ecampusontario.ca\/fr\/#\/schema\/logo\/image\/\",\"url\":\"https:\/\/ecampusontario.ca\/wp-content\/uploads\/2018\/11\/ecampus-e-icon-1.png\",\"contentUrl\":\"https:\/\/ecampusontario.ca\/wp-content\/uploads\/2018\/11\/ecampus-e-icon-1.png\",\"width\":720,\"height\":325,\"caption\":\"eCampusOntario\"},\"image\":{\"@id\":\"https:\/\/ecampusontario.ca\/fr\/#\/schema\/logo\/image\/\"},\"sameAs\":[\"https:\/\/www.facebook.com\/ecampusontario\/\",\"https:\/\/x.com\/eCampusOntario\"]}]}<\/script>\n<!-- \/ Yoast SEO Premium plugin. -->","yoast_head_json":{"title":"Tarification pour \u00c9change Ontario\u00a0 | eCampusOntario","robots":{"index":"index","follow":"follow","max-snippet":"max-snippet:-1","max-image-preview":"max-image-preview:large","max-video-preview":"max-video-preview:-1"},"canonical":"https:\/\/ecampusontario.ca\/fr\/ontarioexchange\/tarification\/","og_locale":"fr_FR","og_type":"article","og_title":"Tarification pour \u00c9change Ontario\u00a0","og_description":"Tarification pour \u00c9change Ontario Membre d\u2019eCampusOntario&nbsp; Frais d\u2019abonnement*&nbsp; Mensuels: $0&nbsp; Annuels: $0&nbsp; Frais d\u2019administration**\u202f: 1\u202f000\u202f$ \u00e0 5\u202f000\u202f$ (selon le budget du projet, voir le tableau des frais d\u2019administration ci-dessous)&nbsp; Non-membre d\u2019eCampusOntario (chefs de projet)&nbsp; Frais d\u2019abonnement*&nbsp; Mensuels\u202f: 175\u202f$\/mois (factur\u00e9s mensuellement, engagement minimal de 6\u202fmois)&nbsp;&nbsp; Annuels\u202f: 155\u202f$\/mois (factur\u00e9s annuellement)&nbsp; Frais d\u2019administration**\u202f: 2\u202f000\u202f$ \u00e0 10\u202f000\u202f$ (selon le [&hellip;]","og_url":"https:\/\/ecampusontario.ca\/fr\/ontarioexchange\/tarification\/","og_site_name":"eCampusOntario","article_publisher":"https:\/\/www.facebook.com\/ecampusontario\/","article_modified_time":"2024-10-15T15:55:34+00:00","og_image":[{"width":342,"height":107,"url":"https:\/\/ecampusontario.ca\/wp-content\/uploads\/2023\/02\/06-ontario-exchange-logo.png","type":"image\/png"}],"twitter_card":"summary_large_image","twitter_site":"@eCampusOntario","twitter_misc":{"Dur\u00e9e de lecture estim\u00e9e":"4 minutes"},"schema":{"@context":"https:\/\/schema.org","@graph":[{"@type":"WebPage","@id":"https:\/\/ecampusontario.ca\/fr\/ontarioexchange\/tarification\/","url":"https:\/\/ecampusontario.ca\/fr\/ontarioexchange\/tarification\/","name":"Tarification pour \u00c9change Ontario\u00a0 | eCampusOntario","isPartOf":{"@id":"https:\/\/ecampusontario.ca\/fr\/#website"},"primaryImageOfPage":{"@id":"https:\/\/ecampusontario.ca\/fr\/ontarioexchange\/tarification\/#primaryimage"},"image":{"@id":"https:\/\/ecampusontario.ca\/fr\/ontarioexchange\/tarification\/#primaryimage"},"thumbnailUrl":"https:\/\/ecampusontario.ca\/wp-content\/uploads\/2023\/02\/06-ontario-exchange-logo.png","datePublished":"2024-06-14T15:27:28+00:00","dateModified":"2024-10-15T15:55:34+00:00","breadcrumb":{"@id":"https:\/\/ecampusontario.ca\/fr\/ontarioexchange\/tarification\/#breadcrumb"},"inLanguage":"fr-FR","potentialAction":[{"@type":"ReadAction","target":["https:\/\/ecampusontario.ca\/fr\/ontarioexchange\/tarification\/"]}]},{"@type":"ImageObject","inLanguage":"fr-FR","@id":"https:\/\/ecampusontario.ca\/fr\/ontarioexchange\/tarification\/#primaryimage","url":"https:\/\/ecampusontario.ca\/wp-content\/uploads\/2023\/02\/06-ontario-exchange-logo.png","contentUrl":"https:\/\/ecampusontario.ca\/wp-content\/uploads\/2023\/02\/06-ontario-exchange-logo.png","width":342,"height":107},{"@type":"BreadcrumbList","@id":"https:\/\/ecampusontario.ca\/fr\/ontarioexchange\/tarification\/#breadcrumb","itemListElement":[{"@type":"ListItem","position":1,"name":"Home","item":"https:\/\/ecampusontario.ca\/fr\/"},{"@type":"ListItem","position":2,"name":"Ontario Exchange","item":"https:\/\/ecampusontario.ca\/fr\/ontarioexchange\/"},{"@type":"ListItem","position":3,"name":"Tarification pour \u00c9change Ontario\u00a0"}]},{"@type":"WebSite","@id":"https:\/\/ecampusontario.ca\/fr\/#website","url":"https:\/\/ecampusontario.ca\/fr\/","name":"eCampusOntario","description":"The online hub for learners and educators across Ontario","publisher":{"@id":"https:\/\/ecampusontario.ca\/fr\/#organization"},"potentialAction":[{"@type":"SearchAction","target":{"@type":"EntryPoint","urlTemplate":"https:\/\/ecampusontario.ca\/fr\/?s={search_term_string}"},"query-input":{"@type":"PropertyValueSpecification","valueRequired":true,"valueName":"search_term_string"}}],"inLanguage":"fr-FR"},{"@type":"Organization","@id":"https:\/\/ecampusontario.ca\/fr\/#organization","name":"eCampusOntario","url":"https:\/\/ecampusontario.ca\/fr\/","logo":{"@type":"ImageObject","inLanguage":"fr-FR","@id":"https:\/\/ecampusontario.ca\/fr\/#\/schema\/logo\/image\/","url":"https:\/\/ecampusontario.ca\/wp-content\/uploads\/2018\/11\/ecampus-e-icon-1.png","contentUrl":"https:\/\/ecampusontario.ca\/wp-content\/uploads\/2018\/11\/ecampus-e-icon-1.png","width":720,"height":325,"caption":"eCampusOntario"},"image":{"@id":"https:\/\/ecampusontario.ca\/fr\/#\/schema\/logo\/image\/"},"sameAs":["https:\/\/www.facebook.com\/ecampusontario\/","https:\/\/x.com\/eCampusOntario"]}]}},"_links":{"self":[{"href":"https:\/\/ecampusontario.ca\/fr\/wp-json\/wp\/v2\/pages\/33081","targetHints":{"allow":["GET"]}}],"collection":[{"href":"https:\/\/ecampusontario.ca\/fr\/wp-json\/wp\/v2\/pages"}],"about":[{"href":"https:\/\/ecampusontario.ca\/fr\/wp-json\/wp\/v2\/types\/page"}],"author":[{"embeddable":true,"href":"https:\/\/ecampusontario.ca\/fr\/wp-json\/wp\/v2\/users\/18"}],"replies":[{"embeddable":true,"href":"https:\/\/ecampusontario.ca\/fr\/wp-json\/wp\/v2\/comments?post=33081"}],"version-history":[{"count":14,"href":"https:\/\/ecampusontario.ca\/fr\/wp-json\/wp\/v2\/pages\/33081\/revisions"}],"predecessor-version":[{"id":34574,"href":"https:\/\/ecampusontario.ca\/fr\/wp-json\/wp\/v2\/pages\/33081\/revisions\/34574"}],"up":[{"embeddable":true,"href":"https:\/\/ecampusontario.ca\/fr\/wp-json\/wp\/v2\/pages\/27066"}],"wp:featuredmedia":[{"embeddable":true,"href":"https:\/\/ecampusontario.ca\/fr\/wp-json\/wp\/v2\/media\/25216"}],"wp:attachment":[{"href":"https:\/\/ecampusontario.ca\/fr\/wp-json\/wp\/v2\/media?parent=33081"}],"wp:term":[{"taxonomy":"category","embeddable":true,"href":"https:\/\/ecampusontario.ca\/fr\/wp-json\/wp\/v2\/categories?post=33081"},{"taxonomy":"post_tag","embeddable":true,"href":"https:\/\/ecampusontario.ca\/fr\/wp-json\/wp\/v2\/tags?post=33081"}],"curies":[{"name":"wp","href":"https:\/\/api.w.org\/{rel}","templated":true}]}}