
{"id":30146,"date":"2023-10-12T14:49:58","date_gmt":"2023-10-12T18:49:58","guid":{"rendered":"https:\/\/ecampusontario.ca\/ontarioexchange\/learn-more\/"},"modified":"2024-10-29T11:42:10","modified_gmt":"2024-10-29T15:42:10","slug":"learn-more","status":"publish","type":"page","link":"https:\/\/ecampusontario.ca\/fr\/ontarioexchange\/learn-more\/","title":{"rendered":"Learn More"},"content":{"rendered":"<div class=\"w-100\">\n  <img decoding=\"async\" class=\" d-block d-md-none\" src=\"https:\/\/ecampusontario.ca\/wp-content\/uploads\/2023\/10\/OEX_Banner-480x190-FR-1.png\" alt=\"\"><br>\n  <img decoding=\"async\" class=\"d-none d-md-block\" src=\"https:\/\/ecampusontario.ca\/wp-content\/uploads\/2023\/10\/OEX-banner-FR.png\" alt=\"\">\n<\/div>\n<div class=\"container container-lg\">\n<div class=\"d-flex\" style=\"flex-wrap: wrap; margin: 50px 0\"><p><\/p>\n<p class=\"col-12 col-md-6\" style=\"margin-bottom: 1rem\"><br>\n    \u00c9change Ontario (\u00c9O) est une plateforme de jumelage entre les \u00e9ducateurs des \u00e9tablissements d\u2019enseignement postsecondaire de l\u2019Ontario et les professionnels et fournisseurs de services du secteur de l\u2019apprentissage virtuel. \u00c9O offre un lieu centralis\u00e9 o\u00f9 trouver le soutien dont vous avez besoin pour lancer votre prochain projet d\u2019apprentissage virtuel : entrez en contact avec une grande vari\u00e9t\u00e9 de fournisseurs de services, qu\u2019il s\u2019agisse de travailleurs autonomes, de petites agences sp\u00e9cialis\u00e9es ou de grandes entreprises.\n    <\/p>\n<div class=\"col-12 col-md-6\" style=\"    display: flex;\n      align-items: center;    justify-content: center;\n\"><br>\n      <img decoding=\"async\" style=\"max-width: 400px\" src=\"https:\/\/ecampusontario.ca\/wp-content\/uploads\/2023\/10\/OEX-Graphic-FR.png\" alt=\"\">\n    <\/div>\n<p><\/p><\/div>\n<div class=\"yellow-banner\">\n<div class=\"banner-box\">\n<h2>Inscrivez-vous \u00e0 la liste de diffusion d\u2019\u00c9O pour recevoir les derni\u00e8res nouvelles d\u2019\u00c9O.<\/h2>\n<p>      [global-button-black fontSize=\u00a0\u00bb26px\u00a0\u00bb content=\u00a0\u00bbListe d&rsquo;Abonnement d\u2019\u00c9O\u00a0\u00bb link=\u00a0\u00bbhttps:\/\/forms.office.com\/r\/Uej7SP6rUW\u00a0\u00bb]\n    <\/p><\/div>\n<p><\/p><\/div>\n<div class=\"yellow-banner-space\"><\/div>\n\n\n\n<div class=\"homepage-logos\">\n  <div id=\"logos-carousel\" class=\"owl-carousel owl-theme\">\n    <img decoding=\"async\" src=\"\/wp-content\/themes\/ecampusontario\/images\/institution-logos\/algoma-university.svg\" alt=\"Algoma University\">\n    <img decoding=\"async\" src=\"\/wp-content\/themes\/ecampusontario\/images\/institution-logos\/algonquin-college.svg\" alt=\"Algonquin College\">\n    <img decoding=\"async\" src=\"\/wp-content\/themes\/ecampusontario\/images\/institution-logos\/brock-university.svg\" alt=\"Brock University\">\n    <img decoding=\"async\" src=\"\/wp-content\/themes\/ecampusontario\/images\/institution-logos\/cambrian-college.svg\" alt=\"Cambrian College\">\n    <img decoding=\"async\" src=\"\/wp-content\/themes\/ecampusontario\/images\/institution-logos\/canadore-college.svg\" alt=\"Canadore College\">\n    <img decoding=\"async\" src=\"\/wp-content\/themes\/ecampusontario\/images\/institution-logos\/carleton-university.svg\" alt=\"Carleton University\">\n    <img decoding=\"async\" src=\"\/wp-content\/themes\/ecampusontario\/images\/institution-logos\/centennial-college.svg\" alt=\"Centennial College\">\n    <img decoding=\"async\" src=\"\/wp-content\/themes\/ecampusontario\/images\/institution-logos\/college-boreal.svg\" alt=\"Coll\u00e8ge Bor\u00e9al\">\n    <img decoding=\"async\" src=\"\/wp-content\/themes\/ecampusontario\/images\/institution-logos\/conestoga-college.svg\" alt=\"Conestoga College\">\n    <img decoding=\"async\" src=\"\/wp-content\/themes\/ecampusontario\/images\/institution-logos\/confederation-college.svg\" alt=\"Confederation College\">\n    <img decoding=\"async\" src=\"\/wp-content\/themes\/ecampusontario\/images\/institution-logos\/durham-college.svg\" alt=\"Durham College\">\n    <img decoding=\"async\" src=\"\/wp-content\/themes\/ecampusontario\/images\/institution-logos\/fanshawe-college.svg\" alt=\"Fanshawe College\">\n    <img decoding=\"async\" src=\"\/wp-content\/themes\/ecampusontario\/images\/institution-logos\/fleming-college.svg\" alt=\"Fleming College\">\n    <img decoding=\"async\" class=\"p-4\" src=\"\/wp-content\/themes\/ecampusontario\/images\/institution-logos\/fnti-logo.png\" alt=\"fnti logo\">\n    <img decoding=\"async\" src=\"\/wp-content\/themes\/ecampusontario\/images\/institution-logos\/george-brown-college.svg\" alt=\"George Brown College\">\n    <img decoding=\"async\" src=\"\/wp-content\/themes\/ecampusontario\/images\/institution-logos\/georgian-college.svg\" alt=\"Georgian College\">\n    <img decoding=\"async\" src=\"\/wp-content\/themes\/ecampusontario\/images\/institution-logos\/humber-college.svg\" alt=\"Humber College\">\n    <img decoding=\"async\" src=\"\/wp-content\/themes\/ecampusontario\/images\/institution-logos\/la-cite-collegiale.svg\" alt=\"La Cit\u00e9 College\">\n    <img decoding=\"async\" src=\"\/wp-content\/themes\/ecampusontario\/images\/institution-logos\/lakehead-university.svg\" alt=\"Lakehead University\">\n    <img decoding=\"async\" src=\"\/wp-content\/themes\/ecampusontario\/images\/institution-logos\/lambton-college.svg\" alt=\"Lambton College\">\n    <img decoding=\"async\" src=\"\/wp-content\/themes\/ecampusontario\/images\/institution-logos\/laurentian-university.svg\" alt=\"Laurentian University\">\n    <img decoding=\"async\" src=\"\/wp-content\/themes\/ecampusontario\/images\/institution-logos\/loyalist-college-logo.png\" alt=\"Loyalist College\">\n    <img decoding=\"async\" src=\"\/wp-content\/themes\/ecampusontario\/images\/institution-logos\/McMaster-university.svg\" alt=\"McMaster University\">\n    <img decoding=\"async\" src=\"\/wp-content\/themes\/ecampusontario\/images\/institution-logos\/mohawk-college.svg\" alt=\"Mohawk College\">\n    <img decoding=\"async\" src=\"\/wp-content\/themes\/ecampusontario\/images\/institution-logos\/niagara-college.svg\" alt=\"Niagara College\">\n    <img decoding=\"async\" src=\"\/wp-content\/themes\/ecampusontario\/images\/institution-logos\/nipissing-university.svg\" alt=\"Nipissing University\">\n    <img decoding=\"async\" src=\"\/wp-content\/themes\/ecampusontario\/images\/institution-logos\/northern-college.svg\" alt=\"Northern College\">\n    <img decoding=\"async\" src=\"\/wp-content\/themes\/ecampusontario\/images\/institution-logos\/ocad-university.svg\" alt=\"OCAD University\">\n    <img decoding=\"async\" src=\"\/wp-content\/themes\/ecampusontario\/images\/institution-logos\/queens-university.svg\" alt=\"Queen's University\">\n    <img decoding=\"async\" src=\"\/wp-content\/themes\/ecampusontario\/images\/institution-logos\/royal-military-college-of-canada.svg\" alt=\"Royal Military College of Canada\">\n    <img decoding=\"async\" src=\"\/wp-content\/themes\/ecampusontario\/images\/institution-logos\/tmu-white.png\" alt=\"Toronto Metropolitan University\">\n    <img decoding=\"async\" src=\"\/wp-content\/themes\/ecampusontario\/images\/institution-logos\/sault-college.svg\" alt=\"Sault College\">\n    <img decoding=\"async\" src=\"\/wp-content\/themes\/ecampusontario\/images\/institution-logos\/seneca-college.svg\" alt=\"Seneca College\">\n    <img decoding=\"async\" src=\"\/wp-content\/themes\/ecampusontario\/images\/institution-logos\/sgei-logo.png\" alt=\"sgei logo\">\n    <img decoding=\"async\" src=\"\/wp-content\/themes\/ecampusontario\/images\/institution-logos\/sheridan-college.svg\" alt=\"Sheridan College\">\n    <img decoding=\"async\" src=\"\/wp-content\/themes\/ecampusontario\/images\/institution-logos\/st-clair-college.svg\" alt=\"St. Clair College\">\n    <img decoding=\"async\" src=\"\/wp-content\/themes\/ecampusontario\/images\/institution-logos\/st-lawrence-college.svg\" alt=\"St. Lawrence College\">\n    <img decoding=\"async\" src=\"\/wp-content\/themes\/ecampusontario\/images\/institution-logos\/trent-university.svg\" alt=\"Trent University\">\n    <img decoding=\"async\" src=\"\/wp-content\/themes\/ecampusontario\/images\/institution-logos\/university-of-guelph.svg\" alt=\"University of Guelph\">\n    <img decoding=\"async\" src=\"\/wp-content\/themes\/ecampusontario\/images\/institution-logos\/university-of-ontario-institute-of-technology.svg\" alt=\"University of Ontario Institute of Technology\">\n    <img decoding=\"async\" src=\"\/wp-content\/themes\/ecampusontario\/images\/institution-logos\/university-of-ottawa.svg\" alt=\"University of Ottawa\">\n    <img decoding=\"async\" src=\"\/wp-content\/themes\/ecampusontario\/images\/institution-logos\/university-of-toronto.svg\" alt=\"University of Toronto (UofT)\">\n    <img decoding=\"async\" src=\"\/wp-content\/themes\/ecampusontario\/images\/institution-logos\/university-of-waterloo.svg\" alt=\"University of Waterloo (UW)\">\n    <img decoding=\"async\" src=\"\/wp-content\/themes\/ecampusontario\/images\/institution-logos\/university-of-windsor.svg\" alt=\"University of Windsor\">\n    <img decoding=\"async\" src=\"\/wp-content\/themes\/ecampusontario\/images\/institution-logos\/western-university.svg\" alt=\"Western University\">\n    <img decoding=\"async\" src=\"\/wp-content\/themes\/ecampusontario\/images\/institution-logos\/wilfrid-laurier-university.svg\" alt=\"Wilfrid Laurier University\">\n    <img decoding=\"async\" src=\"\/wp-content\/themes\/ecampusontario\/images\/institution-logos\/york-university.svg\" alt=\"York University\">\n    <img decoding=\"async\" src=\"\/wp-content\/themes\/ecampusontario\/images\/institution-logos\/kenjgewin-logo.png\" alt=\"Kenjgewin Teg\">\n    <img decoding=\"async\" src=\"\/wp-content\/themes\/ecampusontario\/images\/institution-logos\/six-nations-polytechnic.svg\" alt=\"Six Nations Polytechnic\">\n    <img decoding=\"async\" src=\"\/wp-content\/themes\/ecampusontario\/images\/institution-logos\/Universite\u0301-de-l\u2019Ontario-franc\u0327ais.svg\" alt=\"Universite\u0301 de l\u2019Ontario franc\u0327ais\">\n  <\/div>\n<\/div>\n\n\n\n<style>\n  h2,\n  p {\n    margin-bottom: 0;\n  }\n  .yellow-banner {\n    margin: auto;\n    position: absolute;\n    width: 100%;\n    padding: 2rem;\n    left: 0;\n    background-color: #f6c745;\n    color: #f6c745;\n    min-height: 5rem;\n    text-align: left;\n    height: 280px;\n    display: flex;\n  }\n  .banner-box {\n    max-width: 1000px;\n    gap: 15px;\n    margin: 0 auto;\n    display: flex;\n    flex-direction: column;\n    justify-content: center;\n    text-align: center;\n  }\n  .yellow-banner-space {\n    height: 280px;\n  }\n  .blue-banner-space {\n    height: 300px;\n  }\n  .blue-banner {\n    display: flex;\n\n    height: 300px;\n    color: black;\n    margin: auto;\n    position: absolute;\n    width: 100vw;\n    padding: 2rem;\n    left: 0;\n    background-color: #4c7e8a;\n    min-height: 5rem;\n    text-align: left;\n  }\n  .container {\n    position: unset !important;\n  }\n  .black-btn {\n    font-size: 26px;\n    font-family: \"FrutigerLTPro-Bold\";\n    background: #1e1a34;\n    color: #f6c745 !important;\n    text-align: center;\n    padding: 15px;\n    border-radius: 10px;\n    cursor: pointer;\n  }\n  @media only screen and (max-width: 767px){\n    .page-container {\n    padding-top: 4rem !important;\n}\n  }\n\n<\/style>\n","protected":false},"excerpt":{"rendered":"<p>\u00c9change Ontario (\u00c9O) est une plateforme de jumelage entre les \u00e9ducateurs des \u00e9tablissements d\u2019enseignement postsecondaire de l\u2019Ontario et les professionnels et fournisseurs de services du secteur de l\u2019apprentissage virtuel. \u00c9O offre un lieu centralis\u00e9 o\u00f9 trouver le soutien dont vous avez besoin pour lancer votre prochain projet d\u2019apprentissage virtuel : entrez en contact avec une [&hellip;]<\/p>\n","protected":false},"author":31,"featured_media":0,"parent":27066,"menu_order":0,"comment_status":"closed","ping_status":"closed","template":"page-owl-carousel.php","meta":{"_acf_changed":false,"footnotes":""},"categories":[],"tags":[],"class_list":["post-30146","page","type-page","status-publish","hentry"],"acf":[],"yoast_head":"<!-- This site is optimized with the Yoast SEO Premium plugin v27.4 (Yoast SEO v27.4) - https:\/\/yoast.com\/product\/yoast-seo-premium-wordpress\/ -->\n<title>Learn More | eCampusOntario<\/title>\n<meta name=\"robots\" content=\"index, follow, max-snippet:-1, max-image-preview:large, max-video-preview:-1\" \/>\n<link rel=\"canonical\" href=\"https:\/\/ecampusontario.ca\/fr\/ontarioexchange\/learn-more\/\" \/>\n<meta property=\"og:locale\" content=\"fr_FR\" \/>\n<meta property=\"og:type\" content=\"article\" \/>\n<meta property=\"og:title\" content=\"Learn More\" \/>\n<meta property=\"og:description\" content=\"\u00c9change Ontario (\u00c9O) est une plateforme de jumelage entre les \u00e9ducateurs des \u00e9tablissements d\u2019enseignement postsecondaire de l\u2019Ontario et les professionnels et fournisseurs de services du secteur de l\u2019apprentissage virtuel. \u00c9O offre un lieu centralis\u00e9 o\u00f9 trouver le soutien dont vous avez besoin pour lancer votre prochain projet d\u2019apprentissage virtuel : entrez en contact avec une [&hellip;]\" \/>\n<meta property=\"og:url\" content=\"https:\/\/ecampusontario.ca\/fr\/ontarioexchange\/learn-more\/\" \/>\n<meta property=\"og:site_name\" content=\"eCampusOntario\" \/>\n<meta property=\"article:publisher\" content=\"https:\/\/www.facebook.com\/ecampusontario\/\" \/>\n<meta property=\"article:modified_time\" content=\"2024-10-29T15:42:10+00:00\" \/>\n<meta property=\"og:image\" content=\"https:\/\/ecampusontario.ca\/wp-content\/uploads\/2023\/10\/OEX_Banner-480x190-FR-1.png\" \/>\n<meta name=\"twitter:card\" content=\"summary_large_image\" \/>\n<meta name=\"twitter:site\" content=\"@eCampusOntario\" \/>\n<meta name=\"twitter:label1\" content=\"Dur\u00e9e de lecture estim\u00e9e\" \/>\n\t<meta name=\"twitter:data1\" content=\"1 minute\" \/>\n<script type=\"application\/ld+json\" class=\"yoast-schema-graph\">{\"@context\":\"https:\\\/\\\/schema.org\",\"@graph\":[{\"@type\":\"WebPage\",\"@id\":\"https:\\\/\\\/ecampusontario.ca\\\/fr\\\/ontarioexchange\\\/learn-more\\\/\",\"url\":\"https:\\\/\\\/ecampusontario.ca\\\/fr\\\/ontarioexchange\\\/learn-more\\\/\",\"name\":\"Learn More | eCampusOntario\",\"isPartOf\":{\"@id\":\"https:\\\/\\\/ecampusontario.ca\\\/fr\\\/#website\"},\"primaryImageOfPage\":{\"@id\":\"https:\\\/\\\/ecampusontario.ca\\\/fr\\\/ontarioexchange\\\/learn-more\\\/#primaryimage\"},\"image\":{\"@id\":\"https:\\\/\\\/ecampusontario.ca\\\/fr\\\/ontarioexchange\\\/learn-more\\\/#primaryimage\"},\"thumbnailUrl\":\"https:\\\/\\\/ecampusontario.ca\\\/wp-content\\\/uploads\\\/2023\\\/10\\\/OEX_Banner-480x190-FR-1.png\",\"datePublished\":\"2023-10-12T18:49:58+00:00\",\"dateModified\":\"2024-10-29T15:42:10+00:00\",\"breadcrumb\":{\"@id\":\"https:\\\/\\\/ecampusontario.ca\\\/fr\\\/ontarioexchange\\\/learn-more\\\/#breadcrumb\"},\"inLanguage\":\"fr-FR\",\"potentialAction\":[{\"@type\":\"ReadAction\",\"target\":[\"https:\\\/\\\/ecampusontario.ca\\\/fr\\\/ontarioexchange\\\/learn-more\\\/\"]}]},{\"@type\":\"ImageObject\",\"inLanguage\":\"fr-FR\",\"@id\":\"https:\\\/\\\/ecampusontario.ca\\\/fr\\\/ontarioexchange\\\/learn-more\\\/#primaryimage\",\"url\":\"https:\\\/\\\/ecampusontario.ca\\\/wp-content\\\/uploads\\\/2023\\\/10\\\/OEX_Banner-480x190-FR-1.png\",\"contentUrl\":\"https:\\\/\\\/ecampusontario.ca\\\/wp-content\\\/uploads\\\/2023\\\/10\\\/OEX_Banner-480x190-FR-1.png\"},{\"@type\":\"BreadcrumbList\",\"@id\":\"https:\\\/\\\/ecampusontario.ca\\\/fr\\\/ontarioexchange\\\/learn-more\\\/#breadcrumb\",\"itemListElement\":[{\"@type\":\"ListItem\",\"position\":1,\"name\":\"Home\",\"item\":\"https:\\\/\\\/ecampusontario.ca\\\/fr\\\/\"},{\"@type\":\"ListItem\",\"position\":2,\"name\":\"Ontario Exchange\",\"item\":\"https:\\\/\\\/ecampusontario.ca\\\/fr\\\/ontarioexchange\\\/\"},{\"@type\":\"ListItem\",\"position\":3,\"name\":\"Learn More\"}]},{\"@type\":\"WebSite\",\"@id\":\"https:\\\/\\\/ecampusontario.ca\\\/fr\\\/#website\",\"url\":\"https:\\\/\\\/ecampusontario.ca\\\/fr\\\/\",\"name\":\"eCampusOntario\",\"description\":\"The online hub for learners and educators across Ontario\",\"publisher\":{\"@id\":\"https:\\\/\\\/ecampusontario.ca\\\/fr\\\/#organization\"},\"potentialAction\":[{\"@type\":\"SearchAction\",\"target\":{\"@type\":\"EntryPoint\",\"urlTemplate\":\"https:\\\/\\\/ecampusontario.ca\\\/fr\\\/?s={search_term_string}\"},\"query-input\":{\"@type\":\"PropertyValueSpecification\",\"valueRequired\":true,\"valueName\":\"search_term_string\"}}],\"inLanguage\":\"fr-FR\"},{\"@type\":\"Organization\",\"@id\":\"https:\\\/\\\/ecampusontario.ca\\\/fr\\\/#organization\",\"name\":\"eCampusOntario\",\"url\":\"https:\\\/\\\/ecampusontario.ca\\\/fr\\\/\",\"logo\":{\"@type\":\"ImageObject\",\"inLanguage\":\"fr-FR\",\"@id\":\"https:\\\/\\\/ecampusontario.ca\\\/fr\\\/#\\\/schema\\\/logo\\\/image\\\/\",\"url\":\"https:\\\/\\\/ecampusontario.ca\\\/wp-content\\\/uploads\\\/2018\\\/11\\\/ecampus-e-icon-1.png\",\"contentUrl\":\"https:\\\/\\\/ecampusontario.ca\\\/wp-content\\\/uploads\\\/2018\\\/11\\\/ecampus-e-icon-1.png\",\"width\":720,\"height\":325,\"caption\":\"eCampusOntario\"},\"image\":{\"@id\":\"https:\\\/\\\/ecampusontario.ca\\\/fr\\\/#\\\/schema\\\/logo\\\/image\\\/\"},\"sameAs\":[\"https:\\\/\\\/www.facebook.com\\\/ecampusontario\\\/\",\"https:\\\/\\\/x.com\\\/eCampusOntario\"]}]}<\/script>\n<!-- \/ Yoast SEO Premium plugin. -->","yoast_head_json":{"title":"Learn More | eCampusOntario","robots":{"index":"index","follow":"follow","max-snippet":"max-snippet:-1","max-image-preview":"max-image-preview:large","max-video-preview":"max-video-preview:-1"},"canonical":"https:\/\/ecampusontario.ca\/fr\/ontarioexchange\/learn-more\/","og_locale":"fr_FR","og_type":"article","og_title":"Learn More","og_description":"\u00c9change Ontario (\u00c9O) est une plateforme de jumelage entre les \u00e9ducateurs des \u00e9tablissements d\u2019enseignement postsecondaire de l\u2019Ontario et les professionnels et fournisseurs de services du secteur de l\u2019apprentissage virtuel. \u00c9O offre un lieu centralis\u00e9 o\u00f9 trouver le soutien dont vous avez besoin pour lancer votre prochain projet d\u2019apprentissage virtuel : entrez en contact avec une [&hellip;]","og_url":"https:\/\/ecampusontario.ca\/fr\/ontarioexchange\/learn-more\/","og_site_name":"eCampusOntario","article_publisher":"https:\/\/www.facebook.com\/ecampusontario\/","article_modified_time":"2024-10-29T15:42:10+00:00","og_image":[{"url":"https:\/\/ecampusontario.ca\/wp-content\/uploads\/2023\/10\/OEX_Banner-480x190-FR-1.png","type":"","width":"","height":""}],"twitter_card":"summary_large_image","twitter_site":"@eCampusOntario","twitter_misc":{"Dur\u00e9e de lecture estim\u00e9e":"1 minute"},"schema":{"@context":"https:\/\/schema.org","@graph":[{"@type":"WebPage","@id":"https:\/\/ecampusontario.ca\/fr\/ontarioexchange\/learn-more\/","url":"https:\/\/ecampusontario.ca\/fr\/ontarioexchange\/learn-more\/","name":"Learn More | eCampusOntario","isPartOf":{"@id":"https:\/\/ecampusontario.ca\/fr\/#website"},"primaryImageOfPage":{"@id":"https:\/\/ecampusontario.ca\/fr\/ontarioexchange\/learn-more\/#primaryimage"},"image":{"@id":"https:\/\/ecampusontario.ca\/fr\/ontarioexchange\/learn-more\/#primaryimage"},"thumbnailUrl":"https:\/\/ecampusontario.ca\/wp-content\/uploads\/2023\/10\/OEX_Banner-480x190-FR-1.png","datePublished":"2023-10-12T18:49:58+00:00","dateModified":"2024-10-29T15:42:10+00:00","breadcrumb":{"@id":"https:\/\/ecampusontario.ca\/fr\/ontarioexchange\/learn-more\/#breadcrumb"},"inLanguage":"fr-FR","potentialAction":[{"@type":"ReadAction","target":["https:\/\/ecampusontario.ca\/fr\/ontarioexchange\/learn-more\/"]}]},{"@type":"ImageObject","inLanguage":"fr-FR","@id":"https:\/\/ecampusontario.ca\/fr\/ontarioexchange\/learn-more\/#primaryimage","url":"https:\/\/ecampusontario.ca\/wp-content\/uploads\/2023\/10\/OEX_Banner-480x190-FR-1.png","contentUrl":"https:\/\/ecampusontario.ca\/wp-content\/uploads\/2023\/10\/OEX_Banner-480x190-FR-1.png"},{"@type":"BreadcrumbList","@id":"https:\/\/ecampusontario.ca\/fr\/ontarioexchange\/learn-more\/#breadcrumb","itemListElement":[{"@type":"ListItem","position":1,"name":"Home","item":"https:\/\/ecampusontario.ca\/fr\/"},{"@type":"ListItem","position":2,"name":"Ontario Exchange","item":"https:\/\/ecampusontario.ca\/fr\/ontarioexchange\/"},{"@type":"ListItem","position":3,"name":"Learn More"}]},{"@type":"WebSite","@id":"https:\/\/ecampusontario.ca\/fr\/#website","url":"https:\/\/ecampusontario.ca\/fr\/","name":"eCampusOntario","description":"The online hub for learners and educators across Ontario","publisher":{"@id":"https:\/\/ecampusontario.ca\/fr\/#organization"},"potentialAction":[{"@type":"SearchAction","target":{"@type":"EntryPoint","urlTemplate":"https:\/\/ecampusontario.ca\/fr\/?s={search_term_string}"},"query-input":{"@type":"PropertyValueSpecification","valueRequired":true,"valueName":"search_term_string"}}],"inLanguage":"fr-FR"},{"@type":"Organization","@id":"https:\/\/ecampusontario.ca\/fr\/#organization","name":"eCampusOntario","url":"https:\/\/ecampusontario.ca\/fr\/","logo":{"@type":"ImageObject","inLanguage":"fr-FR","@id":"https:\/\/ecampusontario.ca\/fr\/#\/schema\/logo\/image\/","url":"https:\/\/ecampusontario.ca\/wp-content\/uploads\/2018\/11\/ecampus-e-icon-1.png","contentUrl":"https:\/\/ecampusontario.ca\/wp-content\/uploads\/2018\/11\/ecampus-e-icon-1.png","width":720,"height":325,"caption":"eCampusOntario"},"image":{"@id":"https:\/\/ecampusontario.ca\/fr\/#\/schema\/logo\/image\/"},"sameAs":["https:\/\/www.facebook.com\/ecampusontario\/","https:\/\/x.com\/eCampusOntario"]}]}},"_links":{"self":[{"href":"https:\/\/ecampusontario.ca\/fr\/wp-json\/wp\/v2\/pages\/30146","targetHints":{"allow":["GET"]}}],"collection":[{"href":"https:\/\/ecampusontario.ca\/fr\/wp-json\/wp\/v2\/pages"}],"about":[{"href":"https:\/\/ecampusontario.ca\/fr\/wp-json\/wp\/v2\/types\/page"}],"author":[{"embeddable":true,"href":"https:\/\/ecampusontario.ca\/fr\/wp-json\/wp\/v2\/users\/31"}],"replies":[{"embeddable":true,"href":"https:\/\/ecampusontario.ca\/fr\/wp-json\/wp\/v2\/comments?post=30146"}],"version-history":[{"count":11,"href":"https:\/\/ecampusontario.ca\/fr\/wp-json\/wp\/v2\/pages\/30146\/revisions"}],"predecessor-version":[{"id":34879,"href":"https:\/\/ecampusontario.ca\/fr\/wp-json\/wp\/v2\/pages\/30146\/revisions\/34879"}],"up":[{"embeddable":true,"href":"https:\/\/ecampusontario.ca\/fr\/wp-json\/wp\/v2\/pages\/27066"}],"wp:attachment":[{"href":"https:\/\/ecampusontario.ca\/fr\/wp-json\/wp\/v2\/media?parent=30146"}],"wp:term":[{"taxonomy":"category","embeddable":true,"href":"https:\/\/ecampusontario.ca\/fr\/wp-json\/wp\/v2\/categories?post=30146"},{"taxonomy":"post_tag","embeddable":true,"href":"https:\/\/ecampusontario.ca\/fr\/wp-json\/wp\/v2\/tags?post=30146"}],"curies":[{"name":"wp","href":"https:\/\/api.w.org\/{rel}","templated":true}]}}