
{"id":28785,"date":"2023-08-25T09:46:19","date_gmt":"2023-08-25T13:46:19","guid":{"rendered":"https:\/\/ecampusontario.ca\/professional-development-programs-for-educators\/"},"modified":"2023-10-12T11:15:28","modified_gmt":"2023-10-12T15:15:28","slug":"professional-development-programs-for-educators","status":"publish","type":"page","link":"https:\/\/ecampusontario.ca\/fr\/professional-development-programs-for-educators\/","title":{"rendered":"Professional Development Programs for Educators"},"content":{"rendered":"<div class=\"container container-lg\">\n<div class=\"row\">\n<div class=\"col-12 mb-3\">\n<h2>Programmes de d\u00e9veloppement professionnel pour les p\u00e9dagogues<\/h2>\n<p><\/p>\n<\/div>\n<\/div>\n<\/div>\n<div class=\"container container-lg mb-5\">\n<div class=\"row\">\n<div class=\"col-12\">\n<p>eCampusOntario con\u00e7oit des programmes d&rsquo;apprentissage professionnel pour aider les membres du corps enseignant postsecondaire en Ontario. Am\u00e9liorez vos comp\u00e9tences num\u00e9riques et obtenez votre micro-certificat.<\/p>\n<p><\/p>\n<\/div>\n<\/div>\n<\/div>\n<div class=\"container container-lg\">\n<div class=\"row\">\n<div class=\"col-12 mb-3\">\n<h2>Ontario Extend<\/h2>\n<p><\/p>\n<\/div>\n<\/div>\n<\/div>\n<div class=\"container container-lg mb-5\">\n<div class=\"row\">\n<div class=\"col-12 col-md-8\">\n<p>Ontario Extend est un programme d&rsquo;apprentissage professionnel s\u2019adressant aux membres du corps enseignant postsecondaire et d\u00e9livrant un micro-titre de comp\u00e9tences. Avec ce programme, vous explorerez une gamme de technologies et de pratiques p\u00e9dagogiques pour un enseignement et un apprentissage en ligne efficaces et bas\u00e9s sur la technologie.<\/p>\n<p>\n        Ce programme est aussi disponible en <a target=\"_blank\" href=\"https:\/\/ecampusontario.ca\/professional-development-programs-for-educators\" rel=\"noopener\">anglais<\/a>.\n      <\/p>\n<p><\/p>\n<\/div>\n<div class=\"col-12 col-md-4\">\n      <a target=\"_blank\" href=\"https:\/\/extend.ecampusontario.ca\/fr\/?_gl=1%2A1fb9wla%2A_ga%2AMjEwOTY0MDU5NC4xNjgzMDUzMDI0%2A_ga_FCMSL2CN7Q%2AMTY5MjIxNzc2MC4zMy4xLjE2OTIyMjAwNTAuMC4wLjA.\" class=\"plain-button\" rel=\"noopener\">EN SAVOIR PLUS<br> <\/a><br>\n      <a target=\"_blank\" href=\"https:\/\/go.ecampusontario.ca\/l\/847833\/2022-04-11\/cy4f6?_gl=1*jaxk2*_ga*MjEwOTY0MDU5NC4xNjgzMDUzMDI0*_ga_FCMSL2CN7Q*MTY5MjIxNzc2MC4zMy4xLjE2OTIyMjAyMTYuMC4wLjA.\" class=\"plain-button\" rel=\"noopener\">INSCRIVEZ-VOUS<br>\n      <\/a>\n    <\/div>\n<p><\/p>\n<\/div>\n<\/div>\n<div class=\"container container-lg\">\n<div class=\"row\">\n<div class=\"col-12 mb-3\">\n<h2>Leadership pour la transformation num\u00e9rique<\/h2>\n<p><\/p>\n<\/div>\n<\/div>\n<\/div>\n<div class=\"container container-lg mb-5\">\n<div class=\"row\">\n<div class=\"col-12 col-md-8\">\n<p>Ce programme fournit aux participant.e.s des outils, des connaissances et des ressources essentiels pour diriger et faciliter la transformation num\u00e9rique (Dx) dans leurs institutions. Ouvert \u00e0 toutes et \u00e0 tous, ce programme permet aux individus de contribuer et promouvoir activement la transformation num\u00e9rique (Dx).<\/p>\n<p>\n        Ce programme est aussi disponible en <a target=\"_blank\" href=\"https:\/\/ecampusontario.ca\/professional-development-programs-for-educators\" rel=\"noopener\">anglais<\/a>.\n      <\/p>\n<p><\/p>\n<\/div>\n<div class=\"col-12 col-md-4\">\n      <a target=\"_blank\" href=\"https:\/\/ecampusontario.ca\/fr\/inscrivez-vous-des-aujourdhui-au-micro-titre-de-competences-de-leadership-en-transformation-numerique\/\" class=\"plain-button\" rel=\"noopener\">EN SAVOIR PLUS<br> <\/a><br>\n      <a target=\"_blank\" href=\"https:\/\/go.ecampusontario.ca\/l\/847833\/2023-08-28\/nhk55\" class=\"plain-button\" rel=\"noopener\">INSCRIVEZ-VOUS<br>\n      <\/a>\n    <\/div>\n<p><\/p>\n<\/div>\n<\/div>\n\n\n<style>\n  .plain-button {\n    color: #f1b434 !important;\n    background-color: #1e1a34;\n    border-radius: 10px;\n    line-height: 3rem;\n    min-height: 3rem;\n    text-align: center;\n    display: block;\n    width: 200px;\n    margin: auto;\n  }\n  .plain-button:hover {\n    color: #f1b434;\n  }\n<\/style>\n","protected":false},"excerpt":{"rendered":"<p>Programmes de d\u00e9veloppement professionnel pour les p\u00e9dagogues eCampusOntario con\u00e7oit des programmes d&rsquo;apprentissage professionnel pour aider les membres du corps enseignant postsecondaire en Ontario. Am\u00e9liorez vos comp\u00e9tences num\u00e9riques et obtenez votre micro-certificat. Ontario Extend Ontario Extend est un programme d&rsquo;apprentissage professionnel s\u2019adressant aux membres du corps enseignant postsecondaire et d\u00e9livrant un micro-titre de comp\u00e9tences. Avec ce [&hellip;]<\/p>\n","protected":false},"author":31,"featured_media":0,"parent":0,"menu_order":0,"comment_status":"closed","ping_status":"closed","template":"","meta":{"_acf_changed":false,"footnotes":""},"categories":[],"tags":[],"class_list":["post-28785","page","type-page","status-publish","hentry"],"acf":[],"yoast_head":"<!-- This site is optimized with the Yoast SEO Premium plugin v26.0 (Yoast SEO v26.0) - https:\/\/yoast.com\/wordpress\/plugins\/seo\/ -->\n<title>Professional Development Programs for Educators | eCampusOntario<\/title>\n<meta name=\"robots\" content=\"index, follow, max-snippet:-1, max-image-preview:large, max-video-preview:-1\" \/>\n<link rel=\"canonical\" href=\"https:\/\/ecampusontario.ca\/fr\/professional-development-programs-for-educators\/\" \/>\n<meta property=\"og:locale\" content=\"fr_FR\" \/>\n<meta property=\"og:type\" content=\"article\" \/>\n<meta property=\"og:title\" content=\"Professional Development Programs for Educators\" \/>\n<meta property=\"og:description\" content=\"Programmes de d\u00e9veloppement professionnel pour les p\u00e9dagogues eCampusOntario con\u00e7oit des programmes d&rsquo;apprentissage professionnel pour aider les membres du corps enseignant postsecondaire en Ontario. Am\u00e9liorez vos comp\u00e9tences num\u00e9riques et obtenez votre micro-certificat. Ontario Extend Ontario Extend est un programme d&rsquo;apprentissage professionnel s\u2019adressant aux membres du corps enseignant postsecondaire et d\u00e9livrant un micro-titre de comp\u00e9tences. Avec ce [&hellip;]\" \/>\n<meta property=\"og:url\" content=\"https:\/\/ecampusontario.ca\/fr\/professional-development-programs-for-educators\/\" \/>\n<meta property=\"og:site_name\" content=\"eCampusOntario\" \/>\n<meta property=\"article:publisher\" content=\"https:\/\/www.facebook.com\/ecampusontario\/\" \/>\n<meta property=\"article:modified_time\" content=\"2023-10-12T15:15:28+00:00\" \/>\n<meta property=\"og:image\" content=\"https:\/\/ecampusontario.ca\/wp-content\/uploads\/2020\/01\/Screen-Shot-2020-01-30-at-10.01.53-AM.png\" \/>\n\t<meta property=\"og:image:width\" content=\"1597\" \/>\n\t<meta property=\"og:image:height\" content=\"583\" \/>\n\t<meta property=\"og:image:type\" content=\"image\/png\" \/>\n<meta name=\"twitter:card\" content=\"summary_large_image\" \/>\n<meta name=\"twitter:site\" content=\"@eCampusOntario\" \/>\n<meta name=\"twitter:label1\" content=\"Dur\u00e9e de lecture estim\u00e9e\" \/>\n\t<meta name=\"twitter:data1\" content=\"1 minute\" \/>\n<script type=\"application\/ld+json\" class=\"yoast-schema-graph\">{\"@context\":\"https:\/\/schema.org\",\"@graph\":[{\"@type\":\"WebPage\",\"@id\":\"https:\/\/ecampusontario.ca\/fr\/professional-development-programs-for-educators\/\",\"url\":\"https:\/\/ecampusontario.ca\/fr\/professional-development-programs-for-educators\/\",\"name\":\"Professional Development Programs for Educators | eCampusOntario\",\"isPartOf\":{\"@id\":\"https:\/\/ecampusontario.ca\/fr\/#website\"},\"datePublished\":\"2023-08-25T13:46:19+00:00\",\"dateModified\":\"2023-10-12T15:15:28+00:00\",\"breadcrumb\":{\"@id\":\"https:\/\/ecampusontario.ca\/fr\/professional-development-programs-for-educators\/#breadcrumb\"},\"inLanguage\":\"fr-FR\",\"potentialAction\":[{\"@type\":\"ReadAction\",\"target\":[\"https:\/\/ecampusontario.ca\/fr\/professional-development-programs-for-educators\/\"]}]},{\"@type\":\"BreadcrumbList\",\"@id\":\"https:\/\/ecampusontario.ca\/fr\/professional-development-programs-for-educators\/#breadcrumb\",\"itemListElement\":[{\"@type\":\"ListItem\",\"position\":1,\"name\":\"Home\",\"item\":\"https:\/\/ecampusontario.ca\/fr\/\"},{\"@type\":\"ListItem\",\"position\":2,\"name\":\"Professional Development Programs for Educators\"}]},{\"@type\":\"WebSite\",\"@id\":\"https:\/\/ecampusontario.ca\/fr\/#website\",\"url\":\"https:\/\/ecampusontario.ca\/fr\/\",\"name\":\"eCampusOntario\",\"description\":\"The online hub for learners and educators across Ontario\",\"publisher\":{\"@id\":\"https:\/\/ecampusontario.ca\/fr\/#organization\"},\"potentialAction\":[{\"@type\":\"SearchAction\",\"target\":{\"@type\":\"EntryPoint\",\"urlTemplate\":\"https:\/\/ecampusontario.ca\/fr\/?s={search_term_string}\"},\"query-input\":{\"@type\":\"PropertyValueSpecification\",\"valueRequired\":true,\"valueName\":\"search_term_string\"}}],\"inLanguage\":\"fr-FR\"},{\"@type\":\"Organization\",\"@id\":\"https:\/\/ecampusontario.ca\/fr\/#organization\",\"name\":\"eCampusOntario\",\"url\":\"https:\/\/ecampusontario.ca\/fr\/\",\"logo\":{\"@type\":\"ImageObject\",\"inLanguage\":\"fr-FR\",\"@id\":\"https:\/\/ecampusontario.ca\/fr\/#\/schema\/logo\/image\/\",\"url\":\"https:\/\/ecampusontario.ca\/wp-content\/uploads\/2018\/11\/ecampus-e-icon-1.png\",\"contentUrl\":\"https:\/\/ecampusontario.ca\/wp-content\/uploads\/2018\/11\/ecampus-e-icon-1.png\",\"width\":720,\"height\":325,\"caption\":\"eCampusOntario\"},\"image\":{\"@id\":\"https:\/\/ecampusontario.ca\/fr\/#\/schema\/logo\/image\/\"},\"sameAs\":[\"https:\/\/www.facebook.com\/ecampusontario\/\",\"https:\/\/x.com\/eCampusOntario\"]}]}<\/script>\n<!-- \/ Yoast SEO Premium plugin. -->","yoast_head_json":{"title":"Professional Development Programs for Educators | eCampusOntario","robots":{"index":"index","follow":"follow","max-snippet":"max-snippet:-1","max-image-preview":"max-image-preview:large","max-video-preview":"max-video-preview:-1"},"canonical":"https:\/\/ecampusontario.ca\/fr\/professional-development-programs-for-educators\/","og_locale":"fr_FR","og_type":"article","og_title":"Professional Development Programs for Educators","og_description":"Programmes de d\u00e9veloppement professionnel pour les p\u00e9dagogues eCampusOntario con\u00e7oit des programmes d&rsquo;apprentissage professionnel pour aider les membres du corps enseignant postsecondaire en Ontario. Am\u00e9liorez vos comp\u00e9tences num\u00e9riques et obtenez votre micro-certificat. Ontario Extend Ontario Extend est un programme d&rsquo;apprentissage professionnel s\u2019adressant aux membres du corps enseignant postsecondaire et d\u00e9livrant un micro-titre de comp\u00e9tences. Avec ce [&hellip;]","og_url":"https:\/\/ecampusontario.ca\/fr\/professional-development-programs-for-educators\/","og_site_name":"eCampusOntario","article_publisher":"https:\/\/www.facebook.com\/ecampusontario\/","article_modified_time":"2023-10-12T15:15:28+00:00","og_image":[{"width":1597,"height":583,"url":"https:\/\/ecampusontario.ca\/wp-content\/uploads\/2020\/01\/Screen-Shot-2020-01-30-at-10.01.53-AM.png","type":"image\/png"}],"twitter_card":"summary_large_image","twitter_site":"@eCampusOntario","twitter_misc":{"Dur\u00e9e de lecture estim\u00e9e":"1 minute"},"schema":{"@context":"https:\/\/schema.org","@graph":[{"@type":"WebPage","@id":"https:\/\/ecampusontario.ca\/fr\/professional-development-programs-for-educators\/","url":"https:\/\/ecampusontario.ca\/fr\/professional-development-programs-for-educators\/","name":"Professional Development Programs for Educators | eCampusOntario","isPartOf":{"@id":"https:\/\/ecampusontario.ca\/fr\/#website"},"datePublished":"2023-08-25T13:46:19+00:00","dateModified":"2023-10-12T15:15:28+00:00","breadcrumb":{"@id":"https:\/\/ecampusontario.ca\/fr\/professional-development-programs-for-educators\/#breadcrumb"},"inLanguage":"fr-FR","potentialAction":[{"@type":"ReadAction","target":["https:\/\/ecampusontario.ca\/fr\/professional-development-programs-for-educators\/"]}]},{"@type":"BreadcrumbList","@id":"https:\/\/ecampusontario.ca\/fr\/professional-development-programs-for-educators\/#breadcrumb","itemListElement":[{"@type":"ListItem","position":1,"name":"Home","item":"https:\/\/ecampusontario.ca\/fr\/"},{"@type":"ListItem","position":2,"name":"Professional Development Programs for Educators"}]},{"@type":"WebSite","@id":"https:\/\/ecampusontario.ca\/fr\/#website","url":"https:\/\/ecampusontario.ca\/fr\/","name":"eCampusOntario","description":"The online hub for learners and educators across Ontario","publisher":{"@id":"https:\/\/ecampusontario.ca\/fr\/#organization"},"potentialAction":[{"@type":"SearchAction","target":{"@type":"EntryPoint","urlTemplate":"https:\/\/ecampusontario.ca\/fr\/?s={search_term_string}"},"query-input":{"@type":"PropertyValueSpecification","valueRequired":true,"valueName":"search_term_string"}}],"inLanguage":"fr-FR"},{"@type":"Organization","@id":"https:\/\/ecampusontario.ca\/fr\/#organization","name":"eCampusOntario","url":"https:\/\/ecampusontario.ca\/fr\/","logo":{"@type":"ImageObject","inLanguage":"fr-FR","@id":"https:\/\/ecampusontario.ca\/fr\/#\/schema\/logo\/image\/","url":"https:\/\/ecampusontario.ca\/wp-content\/uploads\/2018\/11\/ecampus-e-icon-1.png","contentUrl":"https:\/\/ecampusontario.ca\/wp-content\/uploads\/2018\/11\/ecampus-e-icon-1.png","width":720,"height":325,"caption":"eCampusOntario"},"image":{"@id":"https:\/\/ecampusontario.ca\/fr\/#\/schema\/logo\/image\/"},"sameAs":["https:\/\/www.facebook.com\/ecampusontario\/","https:\/\/x.com\/eCampusOntario"]}]}},"_links":{"self":[{"href":"https:\/\/ecampusontario.ca\/fr\/wp-json\/wp\/v2\/pages\/28785","targetHints":{"allow":["GET"]}}],"collection":[{"href":"https:\/\/ecampusontario.ca\/fr\/wp-json\/wp\/v2\/pages"}],"about":[{"href":"https:\/\/ecampusontario.ca\/fr\/wp-json\/wp\/v2\/types\/page"}],"author":[{"embeddable":true,"href":"https:\/\/ecampusontario.ca\/fr\/wp-json\/wp\/v2\/users\/31"}],"replies":[{"embeddable":true,"href":"https:\/\/ecampusontario.ca\/fr\/wp-json\/wp\/v2\/comments?post=28785"}],"version-history":[{"count":25,"href":"https:\/\/ecampusontario.ca\/fr\/wp-json\/wp\/v2\/pages\/28785\/revisions"}],"predecessor-version":[{"id":30126,"href":"https:\/\/ecampusontario.ca\/fr\/wp-json\/wp\/v2\/pages\/28785\/revisions\/30126"}],"wp:attachment":[{"href":"https:\/\/ecampusontario.ca\/fr\/wp-json\/wp\/v2\/media?parent=28785"}],"wp:term":[{"taxonomy":"category","embeddable":true,"href":"https:\/\/ecampusontario.ca\/fr\/wp-json\/wp\/v2\/categories?post=28785"},{"taxonomy":"post_tag","embeddable":true,"href":"https:\/\/ecampusontario.ca\/fr\/wp-json\/wp\/v2\/tags?post=28785"}],"curies":[{"name":"wp","href":"https:\/\/api.w.org\/{rel}","templated":true}]}}