
{"id":27066,"date":"2022-05-24T14:03:00","date_gmt":"2022-05-24T18:03:00","guid":{"rendered":"https:\/\/ecampusontario.ca\/ontarioexchange-2\/"},"modified":"2023-11-14T16:29:04","modified_gmt":"2023-11-14T21:29:04","slug":"ontarioexchange","status":"publish","type":"page","link":"https:\/\/ecampusontario.ca\/fr\/ontarioexchange\/","title":{"rendered":"Ontario Exchange"},"content":{"rendered":"\n<div class=\"container container-lg\">\n<div class=\"row\">\n<div class=\"col-12\">\n\n\n\n<h2 class=\"mb-5 pt-5 has-large-font-size wp-block-heading\" id=\"h-guides-et-ressources-d-change-ontario\"><strong>Guides et ressources d\u2019\u00c9change Ontario<\/strong>&nbsp;<\/h2>\n\n\n\n<p>Cette page sera fr\u00e9quemment mise \u00e0 jour, n\u2019h\u00e9sitez donc pas \u00e0 la consulter r\u00e9guli\u00e8rement.&nbsp;<\/p>\n\n\n\n<p><a href=\"https:\/\/ecampusontario.ca\/fr\/ontarioexchange\/getting-started\/\">Guide de d\u00e9marrage \u2013 \u00c9tablissements<\/a><\/p>\n\n\n\n<p><a href=\"https:\/\/ecampusontario.ca\/fr\/ontarioexchange\/get-started-guide-suppliers\/\">Guide de d\u00e9marrage \u2013 Fournisseurs <\/a><\/p>\n\n\n\n<p><a href=\"https:\/\/ecampusontario.ca\/fr\/?p=27058\">Guide de jumelage d\u2019\u00c9O<\/a><\/p>\n\n\n\n<p><a href=\"https:\/\/ecampusontario.ca\/fr\/?p=27061\" target=\"_blank\" rel=\"noreferrer noopener\">Guide de production de rapports mensuels d\u2019\u00c9O<\/a> <\/p>\n\n\n\n<p><a href=\"https:\/\/ecampusontario.ca\/fr\/ontarioexchange\/faq\/\">Page FAQ<\/a>  <\/p>\n\n\n\n<h2 class=\"mt-5 pt-2 wp-block-heading\" id=\"h-documents-du-programme-de-soutien-financ\"><strong>Documents du programme de soutien financ\u00e9<\/strong>&nbsp;<\/h2>\n\n\n\n<p><a href=\"https:\/\/ecampusontario.ca\/wp-content\/uploads\/2023\/11\/CSA-Amendment-Form-OEX_fre-CA.docx\" target=\"_blank\" rel=\"noreferrer noopener\">Formulaire de modification de l\u2019accord client-fournisseur&nbsp;<\/a><\/p>\n\n\n\n<p><a href=\"https:\/\/ecampusontario.ca\/wp-content\/uploads\/2023\/07\/OEX-Client-Supplier-Agreement-Template-_fre-CA.docx\" target=\"_blank\" rel=\"noreferrer noopener\">Accord client-fournisseur<\/a>&nbsp;<\/p>\n\n\n\n<h2 class=\"mt-5 pt-2 wp-block-heading\" id=\"h-documents-du-programme-de-soutien-aux-nouveaux-dipl-m-s\"><strong>Documents du programme de soutien aux nouveaux dipl\u00f4m\u00e9s<\/strong>&nbsp;<\/h2>\n\n\n\n<p><a href=\"https:\/\/ecampusontario.ca\/fr\/exigences-pour-les-projets-de-soutien-aux-nouveaux-diplomes\/\">Exigences pour les projets de soutien aux nouveaux dipl\u00f4m\u00e9s  <\/a> <\/p>\n\n\n\n<p><a href=\"https:\/\/ecampusontario.ca\/wp-content\/uploads\/2023\/05\/Project-application-form-Support-for-Recent-Graduates-2023_FR.pdf\" target=\"_blank\" rel=\"noreferrer noopener\">Formulaire de candidature de projet \u2013 Soutien aux nouveaux dipl\u00f4m\u00e9s <\/a><\/p>\n\n\n\n<p><a href=\"https:\/\/ecampusontario.ca\/wp-content\/uploads\/2023\/07\/MOU-for-OEX-final-Revised_fre-CA-2023-2024.pdf\" target=\"_blank\" rel=\"noreferrer noopener\">Protocole d\u2019entente (PE) \u2013 Soutien aux nouveaux dipl\u00f4m\u00e9s<\/a>&nbsp;<\/p>\n\n\n\n<p><a href=\"https:\/\/ecampusontario.ca\/wp-content\/uploads\/2023\/08\/Monthly-report-form-Support-for-Recent-Graduates-French-final.pdf\" target=\"_blank\" rel=\"noreferrer noopener\">Formulaire de rapport mensuel \u2013 Soutien aux nouveaux dipl\u00f4m\u00e9s <\/a><\/p>\n\n\n\n<\/div><\/div><\/div>\n","protected":false},"excerpt":{"rendered":"<p>Guides et ressources d\u2019\u00c9change Ontario&nbsp; Cette page sera fr\u00e9quemment mise \u00e0 jour, n\u2019h\u00e9sitez donc pas \u00e0 la consulter r\u00e9guli\u00e8rement.&nbsp; Guide de d\u00e9marrage \u2013 \u00c9tablissements Guide de d\u00e9marrage \u2013 Fournisseurs Guide de jumelage d\u2019\u00c9O Guide de production de rapports mensuels d\u2019\u00c9O Page FAQ Documents du programme de soutien financ\u00e9&nbsp; Formulaire de modification de l\u2019accord client-fournisseur&nbsp; Accord [&hellip;]<\/p>\n","protected":false},"author":18,"featured_media":13264,"parent":0,"menu_order":0,"comment_status":"closed","ping_status":"closed","template":"","meta":{"_acf_changed":false,"footnotes":""},"categories":[],"tags":[],"class_list":["post-27066","page","type-page","status-publish","has-post-thumbnail","hentry"],"acf":[],"yoast_head":"<!-- This site is optimized with the Yoast SEO Premium plugin v26.0 (Yoast SEO v26.0) - https:\/\/yoast.com\/wordpress\/plugins\/seo\/ -->\n<title>Ontario Exchange | eCampusOntario<\/title>\n<meta name=\"robots\" content=\"index, follow, max-snippet:-1, max-image-preview:large, max-video-preview:-1\" \/>\n<link rel=\"canonical\" href=\"https:\/\/ecampusontario.ca\/fr\/ontarioexchange\/\" \/>\n<meta property=\"og:locale\" content=\"fr_FR\" \/>\n<meta property=\"og:type\" content=\"article\" \/>\n<meta property=\"og:title\" content=\"Ontario Exchange\" \/>\n<meta property=\"og:description\" content=\"Guides et ressources d\u2019\u00c9change Ontario&nbsp; Cette page sera fr\u00e9quemment mise \u00e0 jour, n\u2019h\u00e9sitez donc pas \u00e0 la consulter r\u00e9guli\u00e8rement.&nbsp; Guide de d\u00e9marrage \u2013 \u00c9tablissements Guide de d\u00e9marrage \u2013 Fournisseurs Guide de jumelage d\u2019\u00c9O Guide de production de rapports mensuels d\u2019\u00c9O Page FAQ Documents du programme de soutien financ\u00e9&nbsp; Formulaire de modification de l\u2019accord client-fournisseur&nbsp; Accord [&hellip;]\" \/>\n<meta property=\"og:url\" content=\"https:\/\/ecampusontario.ca\/fr\/ontarioexchange\/\" \/>\n<meta property=\"og:site_name\" content=\"eCampusOntario\" \/>\n<meta property=\"article:publisher\" content=\"https:\/\/www.facebook.com\/ecampusontario\/\" \/>\n<meta property=\"article:modified_time\" content=\"2023-11-14T21:29:04+00:00\" \/>\n<meta property=\"og:image\" content=\"https:\/\/ecampusontario.ca\/wp-content\/uploads\/2020\/08\/ecampus-logo-transparent.png\" \/>\n\t<meta property=\"og:image:width\" content=\"468\" \/>\n\t<meta property=\"og:image:height\" content=\"513\" \/>\n\t<meta property=\"og:image:type\" content=\"image\/png\" \/>\n<meta name=\"twitter:card\" content=\"summary_large_image\" \/>\n<meta name=\"twitter:site\" content=\"@eCampusOntario\" \/>\n<meta name=\"twitter:label1\" content=\"Dur\u00e9e de lecture estim\u00e9e\" \/>\n\t<meta name=\"twitter:data1\" content=\"1 minute\" \/>\n<script type=\"application\/ld+json\" class=\"yoast-schema-graph\">{\"@context\":\"https:\/\/schema.org\",\"@graph\":[{\"@type\":\"WebPage\",\"@id\":\"https:\/\/ecampusontario.ca\/fr\/ontarioexchange\/\",\"url\":\"https:\/\/ecampusontario.ca\/fr\/ontarioexchange\/\",\"name\":\"Ontario Exchange | eCampusOntario\",\"isPartOf\":{\"@id\":\"https:\/\/ecampusontario.ca\/fr\/#website\"},\"primaryImageOfPage\":{\"@id\":\"https:\/\/ecampusontario.ca\/fr\/ontarioexchange\/#primaryimage\"},\"image\":{\"@id\":\"https:\/\/ecampusontario.ca\/fr\/ontarioexchange\/#primaryimage\"},\"thumbnailUrl\":\"https:\/\/ecampusontario.ca\/wp-content\/uploads\/2020\/08\/ecampus-logo-transparent.png\",\"datePublished\":\"2022-05-24T18:03:00+00:00\",\"dateModified\":\"2023-11-14T21:29:04+00:00\",\"breadcrumb\":{\"@id\":\"https:\/\/ecampusontario.ca\/fr\/ontarioexchange\/#breadcrumb\"},\"inLanguage\":\"fr-FR\",\"potentialAction\":[{\"@type\":\"ReadAction\",\"target\":[\"https:\/\/ecampusontario.ca\/fr\/ontarioexchange\/\"]}]},{\"@type\":\"ImageObject\",\"inLanguage\":\"fr-FR\",\"@id\":\"https:\/\/ecampusontario.ca\/fr\/ontarioexchange\/#primaryimage\",\"url\":\"https:\/\/ecampusontario.ca\/wp-content\/uploads\/2020\/08\/ecampus-logo-transparent.png\",\"contentUrl\":\"https:\/\/ecampusontario.ca\/wp-content\/uploads\/2020\/08\/ecampus-logo-transparent.png\",\"width\":468,\"height\":513,\"caption\":\"ecampus-logo-transparent\"},{\"@type\":\"BreadcrumbList\",\"@id\":\"https:\/\/ecampusontario.ca\/fr\/ontarioexchange\/#breadcrumb\",\"itemListElement\":[{\"@type\":\"ListItem\",\"position\":1,\"name\":\"Home\",\"item\":\"https:\/\/ecampusontario.ca\/fr\/\"},{\"@type\":\"ListItem\",\"position\":2,\"name\":\"Ontario Exchange\"}]},{\"@type\":\"WebSite\",\"@id\":\"https:\/\/ecampusontario.ca\/fr\/#website\",\"url\":\"https:\/\/ecampusontario.ca\/fr\/\",\"name\":\"eCampusOntario\",\"description\":\"The online hub for learners and educators across Ontario\",\"publisher\":{\"@id\":\"https:\/\/ecampusontario.ca\/fr\/#organization\"},\"potentialAction\":[{\"@type\":\"SearchAction\",\"target\":{\"@type\":\"EntryPoint\",\"urlTemplate\":\"https:\/\/ecampusontario.ca\/fr\/?s={search_term_string}\"},\"query-input\":{\"@type\":\"PropertyValueSpecification\",\"valueRequired\":true,\"valueName\":\"search_term_string\"}}],\"inLanguage\":\"fr-FR\"},{\"@type\":\"Organization\",\"@id\":\"https:\/\/ecampusontario.ca\/fr\/#organization\",\"name\":\"eCampusOntario\",\"url\":\"https:\/\/ecampusontario.ca\/fr\/\",\"logo\":{\"@type\":\"ImageObject\",\"inLanguage\":\"fr-FR\",\"@id\":\"https:\/\/ecampusontario.ca\/fr\/#\/schema\/logo\/image\/\",\"url\":\"https:\/\/ecampusontario.ca\/wp-content\/uploads\/2018\/11\/ecampus-e-icon-1.png\",\"contentUrl\":\"https:\/\/ecampusontario.ca\/wp-content\/uploads\/2018\/11\/ecampus-e-icon-1.png\",\"width\":720,\"height\":325,\"caption\":\"eCampusOntario\"},\"image\":{\"@id\":\"https:\/\/ecampusontario.ca\/fr\/#\/schema\/logo\/image\/\"},\"sameAs\":[\"https:\/\/www.facebook.com\/ecampusontario\/\",\"https:\/\/x.com\/eCampusOntario\"]}]}<\/script>\n<!-- \/ Yoast SEO Premium plugin. -->","yoast_head_json":{"title":"Ontario Exchange | eCampusOntario","robots":{"index":"index","follow":"follow","max-snippet":"max-snippet:-1","max-image-preview":"max-image-preview:large","max-video-preview":"max-video-preview:-1"},"canonical":"https:\/\/ecampusontario.ca\/fr\/ontarioexchange\/","og_locale":"fr_FR","og_type":"article","og_title":"Ontario Exchange","og_description":"Guides et ressources d\u2019\u00c9change Ontario&nbsp; Cette page sera fr\u00e9quemment mise \u00e0 jour, n\u2019h\u00e9sitez donc pas \u00e0 la consulter r\u00e9guli\u00e8rement.&nbsp; Guide de d\u00e9marrage \u2013 \u00c9tablissements Guide de d\u00e9marrage \u2013 Fournisseurs Guide de jumelage d\u2019\u00c9O Guide de production de rapports mensuels d\u2019\u00c9O Page FAQ Documents du programme de soutien financ\u00e9&nbsp; Formulaire de modification de l\u2019accord client-fournisseur&nbsp; Accord [&hellip;]","og_url":"https:\/\/ecampusontario.ca\/fr\/ontarioexchange\/","og_site_name":"eCampusOntario","article_publisher":"https:\/\/www.facebook.com\/ecampusontario\/","article_modified_time":"2023-11-14T21:29:04+00:00","og_image":[{"width":468,"height":513,"url":"https:\/\/ecampusontario.ca\/wp-content\/uploads\/2020\/08\/ecampus-logo-transparent.png","type":"image\/png"}],"twitter_card":"summary_large_image","twitter_site":"@eCampusOntario","twitter_misc":{"Dur\u00e9e de lecture estim\u00e9e":"1 minute"},"schema":{"@context":"https:\/\/schema.org","@graph":[{"@type":"WebPage","@id":"https:\/\/ecampusontario.ca\/fr\/ontarioexchange\/","url":"https:\/\/ecampusontario.ca\/fr\/ontarioexchange\/","name":"Ontario Exchange | eCampusOntario","isPartOf":{"@id":"https:\/\/ecampusontario.ca\/fr\/#website"},"primaryImageOfPage":{"@id":"https:\/\/ecampusontario.ca\/fr\/ontarioexchange\/#primaryimage"},"image":{"@id":"https:\/\/ecampusontario.ca\/fr\/ontarioexchange\/#primaryimage"},"thumbnailUrl":"https:\/\/ecampusontario.ca\/wp-content\/uploads\/2020\/08\/ecampus-logo-transparent.png","datePublished":"2022-05-24T18:03:00+00:00","dateModified":"2023-11-14T21:29:04+00:00","breadcrumb":{"@id":"https:\/\/ecampusontario.ca\/fr\/ontarioexchange\/#breadcrumb"},"inLanguage":"fr-FR","potentialAction":[{"@type":"ReadAction","target":["https:\/\/ecampusontario.ca\/fr\/ontarioexchange\/"]}]},{"@type":"ImageObject","inLanguage":"fr-FR","@id":"https:\/\/ecampusontario.ca\/fr\/ontarioexchange\/#primaryimage","url":"https:\/\/ecampusontario.ca\/wp-content\/uploads\/2020\/08\/ecampus-logo-transparent.png","contentUrl":"https:\/\/ecampusontario.ca\/wp-content\/uploads\/2020\/08\/ecampus-logo-transparent.png","width":468,"height":513,"caption":"ecampus-logo-transparent"},{"@type":"BreadcrumbList","@id":"https:\/\/ecampusontario.ca\/fr\/ontarioexchange\/#breadcrumb","itemListElement":[{"@type":"ListItem","position":1,"name":"Home","item":"https:\/\/ecampusontario.ca\/fr\/"},{"@type":"ListItem","position":2,"name":"Ontario Exchange"}]},{"@type":"WebSite","@id":"https:\/\/ecampusontario.ca\/fr\/#website","url":"https:\/\/ecampusontario.ca\/fr\/","name":"eCampusOntario","description":"The online hub for learners and educators across Ontario","publisher":{"@id":"https:\/\/ecampusontario.ca\/fr\/#organization"},"potentialAction":[{"@type":"SearchAction","target":{"@type":"EntryPoint","urlTemplate":"https:\/\/ecampusontario.ca\/fr\/?s={search_term_string}"},"query-input":{"@type":"PropertyValueSpecification","valueRequired":true,"valueName":"search_term_string"}}],"inLanguage":"fr-FR"},{"@type":"Organization","@id":"https:\/\/ecampusontario.ca\/fr\/#organization","name":"eCampusOntario","url":"https:\/\/ecampusontario.ca\/fr\/","logo":{"@type":"ImageObject","inLanguage":"fr-FR","@id":"https:\/\/ecampusontario.ca\/fr\/#\/schema\/logo\/image\/","url":"https:\/\/ecampusontario.ca\/wp-content\/uploads\/2018\/11\/ecampus-e-icon-1.png","contentUrl":"https:\/\/ecampusontario.ca\/wp-content\/uploads\/2018\/11\/ecampus-e-icon-1.png","width":720,"height":325,"caption":"eCampusOntario"},"image":{"@id":"https:\/\/ecampusontario.ca\/fr\/#\/schema\/logo\/image\/"},"sameAs":["https:\/\/www.facebook.com\/ecampusontario\/","https:\/\/x.com\/eCampusOntario"]}]}},"_links":{"self":[{"href":"https:\/\/ecampusontario.ca\/fr\/wp-json\/wp\/v2\/pages\/27066","targetHints":{"allow":["GET"]}}],"collection":[{"href":"https:\/\/ecampusontario.ca\/fr\/wp-json\/wp\/v2\/pages"}],"about":[{"href":"https:\/\/ecampusontario.ca\/fr\/wp-json\/wp\/v2\/types\/page"}],"author":[{"embeddable":true,"href":"https:\/\/ecampusontario.ca\/fr\/wp-json\/wp\/v2\/users\/18"}],"replies":[{"embeddable":true,"href":"https:\/\/ecampusontario.ca\/fr\/wp-json\/wp\/v2\/comments?post=27066"}],"version-history":[{"count":16,"href":"https:\/\/ecampusontario.ca\/fr\/wp-json\/wp\/v2\/pages\/27066\/revisions"}],"predecessor-version":[{"id":30835,"href":"https:\/\/ecampusontario.ca\/fr\/wp-json\/wp\/v2\/pages\/27066\/revisions\/30835"}],"wp:featuredmedia":[{"embeddable":true,"href":"https:\/\/ecampusontario.ca\/fr\/wp-json\/wp\/v2\/media\/13264"}],"wp:attachment":[{"href":"https:\/\/ecampusontario.ca\/fr\/wp-json\/wp\/v2\/media?parent=27066"}],"wp:term":[{"taxonomy":"category","embeddable":true,"href":"https:\/\/ecampusontario.ca\/fr\/wp-json\/wp\/v2\/categories?post=27066"},{"taxonomy":"post_tag","embeddable":true,"href":"https:\/\/ecampusontario.ca\/fr\/wp-json\/wp\/v2\/tags?post=27066"}],"curies":[{"name":"wp","href":"https:\/\/api.w.org\/{rel}","templated":true}]}}