
{"id":27051,"date":"2022-09-01T14:10:50","date_gmt":"2022-09-01T18:10:50","guid":{"rendered":"https:\/\/ecampusontario.ca\/requirements-for-support-for-recent-graduates-projects\/"},"modified":"2025-12-16T10:04:04","modified_gmt":"2025-12-16T15:04:04","slug":"exigences-pour-les-projets-de-soutien-aux-nouveaux-diplomes","status":"publish","type":"page","link":"https:\/\/ecampusontario.ca\/fr\/exigences-pour-les-projets-de-soutien-aux-nouveaux-diplomes\/","title":{"rendered":"Exigences pour les projets de soutien aux nouveaux dipl\u00f4m\u00e9s"},"content":{"rendered":"\n<div class=\"container container-lg\">\n<div class=\"row\">\n<div class=\"col-12\">\n\n\n\n<h2 class=\"wp-block-heading eco-padding-vertical\" id=\"h-exigences-pour-les-projets-de-soutien-aux-nouveaux-diplomes\">Exigences pour les projets de soutien aux nouveaux dipl\u00f4m\u00e9s<\/h2>\n\n\n\n<ul class=\"wp-block-list\">\n<li>Admissibilit\u00e9\u202f: Tous les \u00e9tablissements membres d\u2019eCampusOntario sont admissibles. Tous les fournisseurs de services qualifi\u00e9s peuvent faire une demande. Une personne ayant le pouvoir de signature permettant de lier l\u2019\u00e9tablissement membre\/l\u2019entreprise doit signer le protocole d\u2019entente (PE). Un nouveau dipl\u00f4m\u00e9 est d\u00e9fini comme une personne qui a obtenu son dipl\u00f4me dans les 24\u202fmois pr\u00e9c\u00e9dant la date de demande du projet.&nbsp;<\/li>\n\n\n\n<li>Cr\u00e9ation du projet\u202f: Les candidats doivent soumettre leur demande de projet \u00e0 exchange@ecampusontario.ca. Les candidats confirment que les d\u00e9tails qu\u2019ils fournissent dans le cadre du processus de cr\u00e9ation du projet sont v\u00e9ridiques et corrects.&nbsp;<\/li>\n<\/ul>\n\n\n\n<ul class=\"wp-block-list\">\n<li>\u00c9valuation des r\u00e9sultats du projet\u202f: Les candidats acceptent de participer pleinement \u00e0 tout processus d\u2019\u00e9valuation concernant l\u2019initiative (p. ex., production de rapports sur la mesure du rendement, entrevue, sondage de d\u00e9part).&nbsp;<\/li>\n\n\n\n<li>Production de rapports\u202f: Les projets de soutien financ\u00e9s pour les nouveaux dipl\u00f4m\u00e9s doivent suivre un processus de production de rapports mensuelle pour soumettre les factures pour paiement et enregistrer leurs progr\u00e8s. Les rapports sont achev\u00e9s dans un formulaire PDF soumis \u00e0 exchange@ecampusontario.ca, \u00e0 la fin de chaque mois. Le paiement en temps voulu des nouveaux dipl\u00f4m\u00e9s ne peut \u00eatre garanti que pour les \u00e9tablissements et entreprises qui terminent la production de rapports dans les d\u00e9lais.&nbsp;&nbsp;&nbsp;<\/li>\n\n\n\n<li>Octroi de licence et conservation du produit final\u202f: La pr\u00e9f\u00e9rence sera donn\u00e9e aux projets qui produiront des ressources \u00e9ducatives libres (REL) qui seront partag\u00e9es avec la biblioth\u00e8que libre d\u2019eCampusOntario. Cela permettra de publier le produit final avec la licence appropri\u00e9e qui permet \u00e0 d\u2019autres d\u2019en conserver, d\u2019en r\u00e9viser, d\u2019en r\u00e9utiliser, d\u2019en remanier et d\u2019en redistribuer librement le contenu.&nbsp;<\/li>\n\n\n\n<li>Reconnaissance du financement provincial\u202f: Mention du gouvernement de l\u2019Ontario et\u202fd\u2019eCampusOntario\u202fdans toutes les communications concernant le projet.&nbsp;<\/li>\n\n\n\n<li>Normes num\u00e9riques\u202f: Toutes les soumissions\u202fdevront privil\u00e9gier\u202fl\u2019utilisation d\u2019outils et de technologies\u202fconformes aux normes appropri\u00e9es en mati\u00e8re d\u2019ouverture et d\u2019interop\u00e9rabilit\u00e9 pour favoriser l\u2019adoption et l\u2019adaptation de diff\u00e9rentes plateformes, lesquelles incluent les normes\u202fW3C. Les candidats privil\u00e9gieront aussi l\u2019utilisation d\u2019outils et de technologies qui d\u00e9montrent une conception ax\u00e9e sur l\u2019utilisateur, une \u00e9valuation et une am\u00e9lioration constantes, une utilisation efficace des donn\u00e9es, la protection de la s\u00e9curit\u00e9 et la confidentialit\u00e9 des informations personnelles.&nbsp;<\/li>\n<\/ul>\n\n\n\n<ul class=\"wp-block-list\">\n<li>Accessibilit\u00e9\u202f: Tout le contenu\u202fproduit dans le cadre de cette initiative doit\u202f\u00eatre offert dans des formats accessibles, conform\u00e9ment aux exigences de la\u202f<a href=\"https:\/\/www.ontario.ca\/fr\/lois\/loi\/05a11\" target=\"_blank\" rel=\"noreferrer noopener\">Loi de 2005 sur l\u2019accessibilit\u00e9 pour les personnes handicap\u00e9es de l\u2019Ontario<\/a>.&nbsp;<\/li>\n\n\n\n<li>Respect des lois en vigueur\u202f: Tous les produits doivent \u00eatre conformes \u00e0 toutes les lois en vigueur, y compris la Loi sur le droit d\u2019auteur (Canada).&nbsp;<\/li>\n\n\n\n<li>Registres des d\u00e9penses\u202f: L\u2019\u00e9tablissement accepte de tenir des registres appropri\u00e9s des d\u00e9penses (p. ex., des registres des salaires, des d\u00e9penses, etc.)<\/li>\n<\/ul>\n\n\n\n<\/div><\/div><\/div>\n","protected":false},"excerpt":{"rendered":"<p>Exigences pour les projets de soutien aux nouveaux dipl\u00f4m\u00e9s<\/p>\n","protected":false},"author":18,"featured_media":13264,"parent":0,"menu_order":0,"comment_status":"closed","ping_status":"closed","template":"","meta":{"_acf_changed":false,"footnotes":""},"categories":[],"tags":[],"class_list":["post-27051","page","type-page","status-publish","has-post-thumbnail","hentry"],"acf":[],"yoast_head":"<!-- This site is optimized with the Yoast SEO Premium plugin v27.4 (Yoast SEO v27.4) - https:\/\/yoast.com\/product\/yoast-seo-premium-wordpress\/ -->\n<title>Exigences pour les projets de soutien aux nouveaux dipl\u00f4m\u00e9s | eCampusOntario<\/title>\n<meta name=\"robots\" content=\"index, follow, max-snippet:-1, max-image-preview:large, max-video-preview:-1\" \/>\n<link rel=\"canonical\" href=\"https:\/\/ecampusontario.ca\/fr\/exigences-pour-les-projets-de-soutien-aux-nouveaux-diplomes\/\" \/>\n<meta property=\"og:locale\" content=\"fr_FR\" \/>\n<meta property=\"og:type\" content=\"article\" \/>\n<meta property=\"og:title\" content=\"Exigences pour les projets de soutien aux nouveaux dipl\u00f4m\u00e9s\" \/>\n<meta property=\"og:description\" content=\"Exigences pour les projets de soutien aux nouveaux dipl\u00f4m\u00e9s\" \/>\n<meta property=\"og:url\" content=\"https:\/\/ecampusontario.ca\/fr\/exigences-pour-les-projets-de-soutien-aux-nouveaux-diplomes\/\" \/>\n<meta property=\"og:site_name\" content=\"eCampusOntario\" \/>\n<meta property=\"article:publisher\" content=\"https:\/\/www.facebook.com\/ecampusontario\/\" \/>\n<meta property=\"article:modified_time\" content=\"2025-12-16T15:04:04+00:00\" \/>\n<meta property=\"og:image\" content=\"https:\/\/ecampusontario.ca\/wp-content\/uploads\/2020\/08\/ecampus-logo-transparent.png\" \/>\n\t<meta property=\"og:image:width\" content=\"468\" \/>\n\t<meta property=\"og:image:height\" content=\"513\" \/>\n\t<meta property=\"og:image:type\" content=\"image\/png\" \/>\n<meta name=\"twitter:card\" content=\"summary_large_image\" \/>\n<meta name=\"twitter:site\" content=\"@eCampusOntario\" \/>\n<meta name=\"twitter:label1\" content=\"Dur\u00e9e de lecture estim\u00e9e\" \/>\n\t<meta name=\"twitter:data1\" content=\"3 minutes\" \/>\n<script type=\"application\/ld+json\" class=\"yoast-schema-graph\">{\"@context\":\"https:\\\/\\\/schema.org\",\"@graph\":[{\"@type\":\"WebPage\",\"@id\":\"https:\\\/\\\/ecampusontario.ca\\\/fr\\\/exigences-pour-les-projets-de-soutien-aux-nouveaux-diplomes\\\/\",\"url\":\"https:\\\/\\\/ecampusontario.ca\\\/fr\\\/exigences-pour-les-projets-de-soutien-aux-nouveaux-diplomes\\\/\",\"name\":\"Exigences pour les projets de soutien aux nouveaux dipl\u00f4m\u00e9s | eCampusOntario\",\"isPartOf\":{\"@id\":\"https:\\\/\\\/ecampusontario.ca\\\/fr\\\/#website\"},\"primaryImageOfPage\":{\"@id\":\"https:\\\/\\\/ecampusontario.ca\\\/fr\\\/exigences-pour-les-projets-de-soutien-aux-nouveaux-diplomes\\\/#primaryimage\"},\"image\":{\"@id\":\"https:\\\/\\\/ecampusontario.ca\\\/fr\\\/exigences-pour-les-projets-de-soutien-aux-nouveaux-diplomes\\\/#primaryimage\"},\"thumbnailUrl\":\"https:\\\/\\\/ecampusontario.ca\\\/wp-content\\\/uploads\\\/2020\\\/08\\\/ecampus-logo-transparent.png\",\"datePublished\":\"2022-09-01T18:10:50+00:00\",\"dateModified\":\"2025-12-16T15:04:04+00:00\",\"breadcrumb\":{\"@id\":\"https:\\\/\\\/ecampusontario.ca\\\/fr\\\/exigences-pour-les-projets-de-soutien-aux-nouveaux-diplomes\\\/#breadcrumb\"},\"inLanguage\":\"fr-FR\",\"potentialAction\":[{\"@type\":\"ReadAction\",\"target\":[\"https:\\\/\\\/ecampusontario.ca\\\/fr\\\/exigences-pour-les-projets-de-soutien-aux-nouveaux-diplomes\\\/\"]}]},{\"@type\":\"ImageObject\",\"inLanguage\":\"fr-FR\",\"@id\":\"https:\\\/\\\/ecampusontario.ca\\\/fr\\\/exigences-pour-les-projets-de-soutien-aux-nouveaux-diplomes\\\/#primaryimage\",\"url\":\"https:\\\/\\\/ecampusontario.ca\\\/wp-content\\\/uploads\\\/2020\\\/08\\\/ecampus-logo-transparent.png\",\"contentUrl\":\"https:\\\/\\\/ecampusontario.ca\\\/wp-content\\\/uploads\\\/2020\\\/08\\\/ecampus-logo-transparent.png\",\"width\":468,\"height\":513,\"caption\":\"ecampus-logo-transparent\"},{\"@type\":\"BreadcrumbList\",\"@id\":\"https:\\\/\\\/ecampusontario.ca\\\/fr\\\/exigences-pour-les-projets-de-soutien-aux-nouveaux-diplomes\\\/#breadcrumb\",\"itemListElement\":[{\"@type\":\"ListItem\",\"position\":1,\"name\":\"Home\",\"item\":\"https:\\\/\\\/ecampusontario.ca\\\/fr\\\/\"},{\"@type\":\"ListItem\",\"position\":2,\"name\":\"Exigences pour les projets de soutien aux nouveaux dipl\u00f4m\u00e9s\"}]},{\"@type\":\"WebSite\",\"@id\":\"https:\\\/\\\/ecampusontario.ca\\\/fr\\\/#website\",\"url\":\"https:\\\/\\\/ecampusontario.ca\\\/fr\\\/\",\"name\":\"eCampusOntario\",\"description\":\"The online hub for learners and educators across Ontario\",\"publisher\":{\"@id\":\"https:\\\/\\\/ecampusontario.ca\\\/fr\\\/#organization\"},\"potentialAction\":[{\"@type\":\"SearchAction\",\"target\":{\"@type\":\"EntryPoint\",\"urlTemplate\":\"https:\\\/\\\/ecampusontario.ca\\\/fr\\\/?s={search_term_string}\"},\"query-input\":{\"@type\":\"PropertyValueSpecification\",\"valueRequired\":true,\"valueName\":\"search_term_string\"}}],\"inLanguage\":\"fr-FR\"},{\"@type\":\"Organization\",\"@id\":\"https:\\\/\\\/ecampusontario.ca\\\/fr\\\/#organization\",\"name\":\"eCampusOntario\",\"url\":\"https:\\\/\\\/ecampusontario.ca\\\/fr\\\/\",\"logo\":{\"@type\":\"ImageObject\",\"inLanguage\":\"fr-FR\",\"@id\":\"https:\\\/\\\/ecampusontario.ca\\\/fr\\\/#\\\/schema\\\/logo\\\/image\\\/\",\"url\":\"https:\\\/\\\/ecampusontario.ca\\\/wp-content\\\/uploads\\\/2018\\\/11\\\/ecampus-e-icon-1.png\",\"contentUrl\":\"https:\\\/\\\/ecampusontario.ca\\\/wp-content\\\/uploads\\\/2018\\\/11\\\/ecampus-e-icon-1.png\",\"width\":720,\"height\":325,\"caption\":\"eCampusOntario\"},\"image\":{\"@id\":\"https:\\\/\\\/ecampusontario.ca\\\/fr\\\/#\\\/schema\\\/logo\\\/image\\\/\"},\"sameAs\":[\"https:\\\/\\\/www.facebook.com\\\/ecampusontario\\\/\",\"https:\\\/\\\/x.com\\\/eCampusOntario\"]}]}<\/script>\n<!-- \/ Yoast SEO Premium plugin. -->","yoast_head_json":{"title":"Exigences pour les projets de soutien aux nouveaux dipl\u00f4m\u00e9s | eCampusOntario","robots":{"index":"index","follow":"follow","max-snippet":"max-snippet:-1","max-image-preview":"max-image-preview:large","max-video-preview":"max-video-preview:-1"},"canonical":"https:\/\/ecampusontario.ca\/fr\/exigences-pour-les-projets-de-soutien-aux-nouveaux-diplomes\/","og_locale":"fr_FR","og_type":"article","og_title":"Exigences pour les projets de soutien aux nouveaux dipl\u00f4m\u00e9s","og_description":"Exigences pour les projets de soutien aux nouveaux dipl\u00f4m\u00e9s","og_url":"https:\/\/ecampusontario.ca\/fr\/exigences-pour-les-projets-de-soutien-aux-nouveaux-diplomes\/","og_site_name":"eCampusOntario","article_publisher":"https:\/\/www.facebook.com\/ecampusontario\/","article_modified_time":"2025-12-16T15:04:04+00:00","og_image":[{"width":468,"height":513,"url":"https:\/\/ecampusontario.ca\/wp-content\/uploads\/2020\/08\/ecampus-logo-transparent.png","type":"image\/png"}],"twitter_card":"summary_large_image","twitter_site":"@eCampusOntario","twitter_misc":{"Dur\u00e9e de lecture estim\u00e9e":"3 minutes"},"schema":{"@context":"https:\/\/schema.org","@graph":[{"@type":"WebPage","@id":"https:\/\/ecampusontario.ca\/fr\/exigences-pour-les-projets-de-soutien-aux-nouveaux-diplomes\/","url":"https:\/\/ecampusontario.ca\/fr\/exigences-pour-les-projets-de-soutien-aux-nouveaux-diplomes\/","name":"Exigences pour les projets de soutien aux nouveaux dipl\u00f4m\u00e9s | eCampusOntario","isPartOf":{"@id":"https:\/\/ecampusontario.ca\/fr\/#website"},"primaryImageOfPage":{"@id":"https:\/\/ecampusontario.ca\/fr\/exigences-pour-les-projets-de-soutien-aux-nouveaux-diplomes\/#primaryimage"},"image":{"@id":"https:\/\/ecampusontario.ca\/fr\/exigences-pour-les-projets-de-soutien-aux-nouveaux-diplomes\/#primaryimage"},"thumbnailUrl":"https:\/\/ecampusontario.ca\/wp-content\/uploads\/2020\/08\/ecampus-logo-transparent.png","datePublished":"2022-09-01T18:10:50+00:00","dateModified":"2025-12-16T15:04:04+00:00","breadcrumb":{"@id":"https:\/\/ecampusontario.ca\/fr\/exigences-pour-les-projets-de-soutien-aux-nouveaux-diplomes\/#breadcrumb"},"inLanguage":"fr-FR","potentialAction":[{"@type":"ReadAction","target":["https:\/\/ecampusontario.ca\/fr\/exigences-pour-les-projets-de-soutien-aux-nouveaux-diplomes\/"]}]},{"@type":"ImageObject","inLanguage":"fr-FR","@id":"https:\/\/ecampusontario.ca\/fr\/exigences-pour-les-projets-de-soutien-aux-nouveaux-diplomes\/#primaryimage","url":"https:\/\/ecampusontario.ca\/wp-content\/uploads\/2020\/08\/ecampus-logo-transparent.png","contentUrl":"https:\/\/ecampusontario.ca\/wp-content\/uploads\/2020\/08\/ecampus-logo-transparent.png","width":468,"height":513,"caption":"ecampus-logo-transparent"},{"@type":"BreadcrumbList","@id":"https:\/\/ecampusontario.ca\/fr\/exigences-pour-les-projets-de-soutien-aux-nouveaux-diplomes\/#breadcrumb","itemListElement":[{"@type":"ListItem","position":1,"name":"Home","item":"https:\/\/ecampusontario.ca\/fr\/"},{"@type":"ListItem","position":2,"name":"Exigences pour les projets de soutien aux nouveaux dipl\u00f4m\u00e9s"}]},{"@type":"WebSite","@id":"https:\/\/ecampusontario.ca\/fr\/#website","url":"https:\/\/ecampusontario.ca\/fr\/","name":"eCampusOntario","description":"The online hub for learners and educators across Ontario","publisher":{"@id":"https:\/\/ecampusontario.ca\/fr\/#organization"},"potentialAction":[{"@type":"SearchAction","target":{"@type":"EntryPoint","urlTemplate":"https:\/\/ecampusontario.ca\/fr\/?s={search_term_string}"},"query-input":{"@type":"PropertyValueSpecification","valueRequired":true,"valueName":"search_term_string"}}],"inLanguage":"fr-FR"},{"@type":"Organization","@id":"https:\/\/ecampusontario.ca\/fr\/#organization","name":"eCampusOntario","url":"https:\/\/ecampusontario.ca\/fr\/","logo":{"@type":"ImageObject","inLanguage":"fr-FR","@id":"https:\/\/ecampusontario.ca\/fr\/#\/schema\/logo\/image\/","url":"https:\/\/ecampusontario.ca\/wp-content\/uploads\/2018\/11\/ecampus-e-icon-1.png","contentUrl":"https:\/\/ecampusontario.ca\/wp-content\/uploads\/2018\/11\/ecampus-e-icon-1.png","width":720,"height":325,"caption":"eCampusOntario"},"image":{"@id":"https:\/\/ecampusontario.ca\/fr\/#\/schema\/logo\/image\/"},"sameAs":["https:\/\/www.facebook.com\/ecampusontario\/","https:\/\/x.com\/eCampusOntario"]}]}},"_links":{"self":[{"href":"https:\/\/ecampusontario.ca\/fr\/wp-json\/wp\/v2\/pages\/27051","targetHints":{"allow":["GET"]}}],"collection":[{"href":"https:\/\/ecampusontario.ca\/fr\/wp-json\/wp\/v2\/pages"}],"about":[{"href":"https:\/\/ecampusontario.ca\/fr\/wp-json\/wp\/v2\/types\/page"}],"author":[{"embeddable":true,"href":"https:\/\/ecampusontario.ca\/fr\/wp-json\/wp\/v2\/users\/18"}],"replies":[{"embeddable":true,"href":"https:\/\/ecampusontario.ca\/fr\/wp-json\/wp\/v2\/comments?post=27051"}],"version-history":[{"count":2,"href":"https:\/\/ecampusontario.ca\/fr\/wp-json\/wp\/v2\/pages\/27051\/revisions"}],"predecessor-version":[{"id":42717,"href":"https:\/\/ecampusontario.ca\/fr\/wp-json\/wp\/v2\/pages\/27051\/revisions\/42717"}],"wp:featuredmedia":[{"embeddable":true,"href":"https:\/\/ecampusontario.ca\/fr\/wp-json\/wp\/v2\/media\/13264"}],"wp:attachment":[{"href":"https:\/\/ecampusontario.ca\/fr\/wp-json\/wp\/v2\/media?parent=27051"}],"wp:term":[{"taxonomy":"category","embeddable":true,"href":"https:\/\/ecampusontario.ca\/fr\/wp-json\/wp\/v2\/categories?post=27051"},{"taxonomy":"post_tag","embeddable":true,"href":"https:\/\/ecampusontario.ca\/fr\/wp-json\/wp\/v2\/tags?post=27051"}],"curies":[{"name":"wp","href":"https:\/\/api.w.org\/{rel}","templated":true}]}}