
{"id":26638,"date":"2023-05-09T11:41:35","date_gmt":"2023-05-09T15:41:35","guid":{"rendered":"https:\/\/ecampusontario.ca\/?page_id=26638"},"modified":"2023-09-28T09:54:44","modified_gmt":"2023-09-28T13:54:44","slug":"svet-2023-soutenir-lapprenant-numeriquement-outille","status":"publish","type":"page","link":"https:\/\/ecampusontario.ca\/fr\/svet-2023-soutenir-lapprenant-numeriquement-outille\/","title":{"rendered":"SVET 2023: Soutenir l\u2019apprenant.e num\u00e9riquement outill\u00e9.e."},"content":{"rendered":"\n<div class=\"container container-lg\">\n<div class=\"row\">\n<div class=\"col-12\">\n\n\n\n<figure class=\"wp-block-gallery has-nested-images columns-default is-cropped wp-block-gallery-1 is-layout-flex wp-block-gallery-is-layout-flex\">\n<figure class=\"wp-block-image size-full\"><img decoding=\"async\" data-id=\"26858\" src=\"https:\/\/ecampusontario.ca\/wp-content\/uploads\/2023\/09\/TESS2023BANNER.png\" alt=\"TESS 2023 logo \" class=\"wp-image-26858\"\/><\/figure>\n<\/figure>\n\n\n\n<p><h1>SVET 2023: Soutenir l\u2019apprenant.e num\u00e9riquement outill\u00e9.e.<br><\/h1><\/p>\n\n\n\n<p><\/p>\n\n\n\n<p><strong>1<sup>er<\/sup>&nbsp;et&nbsp;2&nbsp;novembre&nbsp;2023<br>Globe and Mail Centre, Toronto<\/strong><br><br>Chaque ann\u00e9e, eCampusOntario r\u00e9unit des professionnels des coll\u00e8ges, universit\u00e9s et instituts autochtones publics de l\u2019Ontario pour discuter, c\u00e9l\u00e9brer et faire progresser l\u2019innovation technologique, la communaut\u00e9 et la collaboration.<\/p>\n\n\n\n<p>Le th\u00e8me du SVET&nbsp;2023 est <strong>Soutenir l\u2019apprenant.e num\u00e9riquement outill\u00e9.e.<\/strong>. Comment pouvons-nous soutenir les apprenants en leur offrant la possibilit\u00e9 d\u2019opter pour le num\u00e9rique tout au long de leur parcours vers la r\u00e9ussite? La conf\u00e9rence du S\u00e9minaire et vitrine sur l\u2019\u00e9ducation et la technologie (SVET) est l\u2019\u00e9v\u00e9nement phare annuel d\u2019eCampusOntario depuis&nbsp;2015. Cette ann\u00e9e, nous verrons comment la technologie peut ouvrir de nouvelles portes vers les connaissances et les comp\u00e9tences dont les apprenants ont besoin pour concr\u00e9tiser l\u2019avenir qu\u2019ils imaginent. <\/p>\n\n\n\n<p>Retrouvez vos coll\u00e8gues les 1<sup>er<\/sup> et 2&nbsp;novembre&nbsp;2023 lors de la conf\u00e9rence pr\u00e9f\u00e9r\u00e9e des Ontariens sur la technologie et l\u2019\u00e9ducation au Globe and Mail Centre de Toronto. Participez \u00e0 une exp\u00e9rience partag\u00e9e avec des professionnels passionn\u00e9s par la cr\u00e9ation d\u2019exp\u00e9riences d\u2019apprentissage dynamiques qui permettent aux apprenants d\u2019atteindre leurs objectifs. <\/p>\n\n\n\n<p><br><\/p>\n\n\n\n<h2 class=\"has-text-align-center wp-block-heading\" id=\"h-l-appel-propositions-est-maintenant-ferm\"><strong>L\u2019appel \u00e0 propositions est maintenant ferm\u00e9<\/strong><\/h2>\n\n\n\n<p><\/p>\n\n\n\n<p><\/p>\n\n\n\n<p><br>Nous acceptons maintenant les propositions. Si vous souhaitez pr\u00e9senter un expos\u00e9 \u00e0 la conf\u00e9rence de cette ann\u00e9e sous l\u2019un des th\u00e8mes suivants, veuillez envoyer votre candidature avant le 13 juin \u00e0 17h00. L\u2019appel \u00e0 propositions est maintenant ferm\u00e9.<\/p>\n\n\n\n<p><\/p>\n\n\n\n<h4 class=\"wp-block-heading\"><strong>Comit\u00e9 d\u2019examen des propositions<\/strong><\/h4>\n\n\n\n<p>Un comit\u00e9 d\u2019examen des propositions \u00e9valuera toutes les propositions soumises afin de d\u00e9terminer les pr\u00e9sentateurs pour le SVET&nbsp;2023.<\/p>\n\n\n\n<p><a href=\"https:\/\/ecampusontario.ca\/wp-content\/uploads\/2023\/05\/TESS-2023-Rubric-FR.pdf\" target=\"_blank\" rel=\"noreferrer noopener\">Les propositions de s\u00e9ances des candidats seront \u00e9valu\u00e9es sur la base des crit\u00e8res suivants<\/a>.<\/p>\n\n\n\n<p><\/p>\n\n\n\n<p><\/p>\n\n\n\n<h1 class=\"wp-block-heading\" id=\"h-th-mes\"><strong>Th\u00e8mes <\/strong><\/h1>\n\n\n\n<p><strong>L\u2019apprentissage par l\u2019exp\u00e9rience<\/strong><strong><\/strong><\/p>\n\n\n\n<p>Quelles possibilit\u00e9s uniques les technologies et les pratiques d\u2019apprentissage \u00e9mergentes peuvent-elles offrir pour un apprentissage exp\u00e9rientiel et int\u00e9gr\u00e9 au travail qui permette plus efficacement aux apprenants d\u2019atteindre leurs objectifs plus rapidement?<\/p>\n\n\n\n<p><strong>La technologie transformatrice<\/strong><strong><\/strong><\/p>\n\n\n\n<p>Avec l\u2019\u00e9mergence continue de technologies transformatrices (ChatGPT, Web&nbsp;3.0), comment les p\u00e9dagogies centr\u00e9es sur les apprenants peuvent-elles contribuer \u00e0 transformer les perturbations en avantages pour les apprenants?<\/p>\n\n\n\n<p><strong>Les apprenants permanents <\/strong><strong><\/strong><\/p>\n\n\n\n<p>Comment l\u2019apprentissage assist\u00e9 par la technologie peut-il offrir aux apprenants permanents et aux nouveaux arrivants un meilleur acc\u00e8s aux possibilit\u00e9s de perfectionnement et d\u2019am\u00e9lioration des comp\u00e9tences?<\/p>\n\n\n\n<p><strong>L\u2019\u00e9quilibre num\u00e9rique<\/strong><strong><\/strong><\/p>\n\n\n\n<p>Des exp\u00e9riences r\u00e9centes ont permis aux \u00e9ducateurs de mieux comprendre les d\u00e9fis auxquels les apprenants sont confront\u00e9s dans le cadre de l\u2019apprentissage virtuel. Comment ces le\u00e7ons peuvent-elles nous aider \u00e0 comprendre la fa\u00e7on dont les enseignants et la technologie peuvent mieux soutenir l\u2019apprentissage centr\u00e9 sur l\u2019\u00eatre humain pour faciliter la r\u00e9ussite des apprenants?<br><br>Nous nous r\u00e9jouissons de collaborer avec vous \u00e0 la cocr\u00e9ation d\u2019une \u00e9ducation holistique permettant aux apprenants de s\u2019\u00e9panouir dans des environnements sociaux et professionnels en constante \u00e9volution et de leur donner les moyens de fa\u00e7onner un avenir meilleur.<\/p>\n\n\n\n<p><\/p>\n\n\n\n<p> <\/p>\n\n\n\n<\/div><\/div><\/div>\n<\/style>\n","protected":false},"excerpt":{"rendered":"<p>SVET 2023: Soutenir l\u2019apprenant.e num\u00e9riquement outill\u00e9.e. 1er&nbsp;et&nbsp;2&nbsp;novembre&nbsp;2023Globe and Mail Centre, Toronto Chaque ann\u00e9e, eCampusOntario r\u00e9unit des professionnels des coll\u00e8ges, universit\u00e9s et instituts autochtones publics de l\u2019Ontario pour discuter, c\u00e9l\u00e9brer et faire progresser l\u2019innovation technologique, la communaut\u00e9 et la collaboration. Le th\u00e8me du SVET&nbsp;2023 est Soutenir l\u2019apprenant.e num\u00e9riquement outill\u00e9.e.. Comment pouvons-nous soutenir les apprenants en leur [&hellip;]<\/p>\n","protected":false},"author":23,"featured_media":29674,"parent":0,"menu_order":0,"comment_status":"closed","ping_status":"closed","template":"","meta":{"_acf_changed":false,"footnotes":""},"categories":[],"tags":[],"class_list":["post-26638","page","type-page","status-publish","has-post-thumbnail","hentry"],"acf":[],"yoast_head":"<!-- This site is optimized with the Yoast SEO Premium plugin v26.0 (Yoast SEO v26.0) - https:\/\/yoast.com\/wordpress\/plugins\/seo\/ -->\n<title>SVET 2023: Soutenir l\u2019apprenant.e num\u00e9riquement outill\u00e9.e. | eCampusOntario<\/title>\n<meta name=\"robots\" content=\"index, follow, max-snippet:-1, max-image-preview:large, max-video-preview:-1\" \/>\n<link rel=\"canonical\" href=\"https:\/\/ecampusontario.ca\/fr\/svet-2023-soutenir-lapprenant-numeriquement-outille\/\" \/>\n<meta property=\"og:locale\" content=\"fr_FR\" \/>\n<meta property=\"og:type\" content=\"article\" \/>\n<meta property=\"og:title\" content=\"SVET 2023: Soutenir l\u2019apprenant.e num\u00e9riquement outill\u00e9.e.\" \/>\n<meta property=\"og:description\" content=\"SVET 2023: Soutenir l\u2019apprenant.e num\u00e9riquement outill\u00e9.e. 1er&nbsp;et&nbsp;2&nbsp;novembre&nbsp;2023Globe and Mail Centre, Toronto Chaque ann\u00e9e, eCampusOntario r\u00e9unit des professionnels des coll\u00e8ges, universit\u00e9s et instituts autochtones publics de l\u2019Ontario pour discuter, c\u00e9l\u00e9brer et faire progresser l\u2019innovation technologique, la communaut\u00e9 et la collaboration. Le th\u00e8me du SVET&nbsp;2023 est Soutenir l\u2019apprenant.e num\u00e9riquement outill\u00e9.e.. Comment pouvons-nous soutenir les apprenants en leur [&hellip;]\" \/>\n<meta property=\"og:url\" content=\"https:\/\/ecampusontario.ca\/fr\/svet-2023-soutenir-lapprenant-numeriquement-outille\/\" \/>\n<meta property=\"og:site_name\" content=\"eCampusOntario\" \/>\n<meta property=\"article:publisher\" content=\"https:\/\/www.facebook.com\/ecampusontario\/\" \/>\n<meta property=\"article:modified_time\" content=\"2023-09-28T13:54:44+00:00\" \/>\n<meta property=\"og:image\" content=\"https:\/\/ecampusontario.ca\/wp-content\/uploads\/2023\/09\/TESS2023BANNER.png\" \/>\n\t<meta property=\"og:image:width\" content=\"1920\" \/>\n\t<meta property=\"og:image:height\" content=\"589\" \/>\n\t<meta property=\"og:image:type\" content=\"image\/png\" \/>\n<meta name=\"twitter:card\" content=\"summary_large_image\" \/>\n<meta name=\"twitter:site\" content=\"@eCampusOntario\" \/>\n<meta name=\"twitter:label1\" content=\"Dur\u00e9e de lecture estim\u00e9e\" \/>\n\t<meta name=\"twitter:data1\" content=\"3 minutes\" \/>\n<script type=\"application\/ld+json\" class=\"yoast-schema-graph\">{\"@context\":\"https:\/\/schema.org\",\"@graph\":[{\"@type\":\"WebPage\",\"@id\":\"https:\/\/ecampusontario.ca\/fr\/svet-2023-soutenir-lapprenant-numeriquement-outille\/\",\"url\":\"https:\/\/ecampusontario.ca\/fr\/svet-2023-soutenir-lapprenant-numeriquement-outille\/\",\"name\":\"SVET 2023: Soutenir l\u2019apprenant.e num\u00e9riquement outill\u00e9.e. | eCampusOntario\",\"isPartOf\":{\"@id\":\"https:\/\/ecampusontario.ca\/fr\/#website\"},\"primaryImageOfPage\":{\"@id\":\"https:\/\/ecampusontario.ca\/fr\/svet-2023-soutenir-lapprenant-numeriquement-outille\/#primaryimage\"},\"image\":{\"@id\":\"https:\/\/ecampusontario.ca\/fr\/svet-2023-soutenir-lapprenant-numeriquement-outille\/#primaryimage\"},\"thumbnailUrl\":\"https:\/\/ecampusontario.ca\/wp-content\/uploads\/2023\/09\/TESS2023BANNER.png\",\"datePublished\":\"2023-05-09T15:41:35+00:00\",\"dateModified\":\"2023-09-28T13:54:44+00:00\",\"breadcrumb\":{\"@id\":\"https:\/\/ecampusontario.ca\/fr\/svet-2023-soutenir-lapprenant-numeriquement-outille\/#breadcrumb\"},\"inLanguage\":\"fr-FR\",\"potentialAction\":[{\"@type\":\"ReadAction\",\"target\":[\"https:\/\/ecampusontario.ca\/fr\/svet-2023-soutenir-lapprenant-numeriquement-outille\/\"]}]},{\"@type\":\"ImageObject\",\"inLanguage\":\"fr-FR\",\"@id\":\"https:\/\/ecampusontario.ca\/fr\/svet-2023-soutenir-lapprenant-numeriquement-outille\/#primaryimage\",\"url\":\"https:\/\/ecampusontario.ca\/wp-content\/uploads\/2023\/09\/TESS2023BANNER.png\",\"contentUrl\":\"https:\/\/ecampusontario.ca\/wp-content\/uploads\/2023\/09\/TESS2023BANNER.png\",\"width\":1920,\"height\":589},{\"@type\":\"BreadcrumbList\",\"@id\":\"https:\/\/ecampusontario.ca\/fr\/svet-2023-soutenir-lapprenant-numeriquement-outille\/#breadcrumb\",\"itemListElement\":[{\"@type\":\"ListItem\",\"position\":1,\"name\":\"Home\",\"item\":\"https:\/\/ecampusontario.ca\/fr\/\"},{\"@type\":\"ListItem\",\"position\":2,\"name\":\"SVET 2023: Soutenir l\u2019apprenant.e num\u00e9riquement outill\u00e9.e.\"}]},{\"@type\":\"WebSite\",\"@id\":\"https:\/\/ecampusontario.ca\/fr\/#website\",\"url\":\"https:\/\/ecampusontario.ca\/fr\/\",\"name\":\"eCampusOntario\",\"description\":\"The online hub for learners and educators across Ontario\",\"publisher\":{\"@id\":\"https:\/\/ecampusontario.ca\/fr\/#organization\"},\"potentialAction\":[{\"@type\":\"SearchAction\",\"target\":{\"@type\":\"EntryPoint\",\"urlTemplate\":\"https:\/\/ecampusontario.ca\/fr\/?s={search_term_string}\"},\"query-input\":{\"@type\":\"PropertyValueSpecification\",\"valueRequired\":true,\"valueName\":\"search_term_string\"}}],\"inLanguage\":\"fr-FR\"},{\"@type\":\"Organization\",\"@id\":\"https:\/\/ecampusontario.ca\/fr\/#organization\",\"name\":\"eCampusOntario\",\"url\":\"https:\/\/ecampusontario.ca\/fr\/\",\"logo\":{\"@type\":\"ImageObject\",\"inLanguage\":\"fr-FR\",\"@id\":\"https:\/\/ecampusontario.ca\/fr\/#\/schema\/logo\/image\/\",\"url\":\"https:\/\/ecampusontario.ca\/wp-content\/uploads\/2018\/11\/ecampus-e-icon-1.png\",\"contentUrl\":\"https:\/\/ecampusontario.ca\/wp-content\/uploads\/2018\/11\/ecampus-e-icon-1.png\",\"width\":720,\"height\":325,\"caption\":\"eCampusOntario\"},\"image\":{\"@id\":\"https:\/\/ecampusontario.ca\/fr\/#\/schema\/logo\/image\/\"},\"sameAs\":[\"https:\/\/www.facebook.com\/ecampusontario\/\",\"https:\/\/x.com\/eCampusOntario\"]}]}<\/script>\n<!-- \/ Yoast SEO Premium plugin. -->","yoast_head_json":{"title":"SVET 2023: Soutenir l\u2019apprenant.e num\u00e9riquement outill\u00e9.e. | eCampusOntario","robots":{"index":"index","follow":"follow","max-snippet":"max-snippet:-1","max-image-preview":"max-image-preview:large","max-video-preview":"max-video-preview:-1"},"canonical":"https:\/\/ecampusontario.ca\/fr\/svet-2023-soutenir-lapprenant-numeriquement-outille\/","og_locale":"fr_FR","og_type":"article","og_title":"SVET 2023: Soutenir l\u2019apprenant.e num\u00e9riquement outill\u00e9.e.","og_description":"SVET 2023: Soutenir l\u2019apprenant.e num\u00e9riquement outill\u00e9.e. 1er&nbsp;et&nbsp;2&nbsp;novembre&nbsp;2023Globe and Mail Centre, Toronto Chaque ann\u00e9e, eCampusOntario r\u00e9unit des professionnels des coll\u00e8ges, universit\u00e9s et instituts autochtones publics de l\u2019Ontario pour discuter, c\u00e9l\u00e9brer et faire progresser l\u2019innovation technologique, la communaut\u00e9 et la collaboration. Le th\u00e8me du SVET&nbsp;2023 est Soutenir l\u2019apprenant.e num\u00e9riquement outill\u00e9.e.. Comment pouvons-nous soutenir les apprenants en leur [&hellip;]","og_url":"https:\/\/ecampusontario.ca\/fr\/svet-2023-soutenir-lapprenant-numeriquement-outille\/","og_site_name":"eCampusOntario","article_publisher":"https:\/\/www.facebook.com\/ecampusontario\/","article_modified_time":"2023-09-28T13:54:44+00:00","og_image":[{"width":1920,"height":589,"url":"https:\/\/ecampusontario.ca\/wp-content\/uploads\/2023\/09\/TESS2023BANNER.png","type":"image\/png"}],"twitter_card":"summary_large_image","twitter_site":"@eCampusOntario","twitter_misc":{"Dur\u00e9e de lecture estim\u00e9e":"3 minutes"},"schema":{"@context":"https:\/\/schema.org","@graph":[{"@type":"WebPage","@id":"https:\/\/ecampusontario.ca\/fr\/svet-2023-soutenir-lapprenant-numeriquement-outille\/","url":"https:\/\/ecampusontario.ca\/fr\/svet-2023-soutenir-lapprenant-numeriquement-outille\/","name":"SVET 2023: Soutenir l\u2019apprenant.e num\u00e9riquement outill\u00e9.e. | eCampusOntario","isPartOf":{"@id":"https:\/\/ecampusontario.ca\/fr\/#website"},"primaryImageOfPage":{"@id":"https:\/\/ecampusontario.ca\/fr\/svet-2023-soutenir-lapprenant-numeriquement-outille\/#primaryimage"},"image":{"@id":"https:\/\/ecampusontario.ca\/fr\/svet-2023-soutenir-lapprenant-numeriquement-outille\/#primaryimage"},"thumbnailUrl":"https:\/\/ecampusontario.ca\/wp-content\/uploads\/2023\/09\/TESS2023BANNER.png","datePublished":"2023-05-09T15:41:35+00:00","dateModified":"2023-09-28T13:54:44+00:00","breadcrumb":{"@id":"https:\/\/ecampusontario.ca\/fr\/svet-2023-soutenir-lapprenant-numeriquement-outille\/#breadcrumb"},"inLanguage":"fr-FR","potentialAction":[{"@type":"ReadAction","target":["https:\/\/ecampusontario.ca\/fr\/svet-2023-soutenir-lapprenant-numeriquement-outille\/"]}]},{"@type":"ImageObject","inLanguage":"fr-FR","@id":"https:\/\/ecampusontario.ca\/fr\/svet-2023-soutenir-lapprenant-numeriquement-outille\/#primaryimage","url":"https:\/\/ecampusontario.ca\/wp-content\/uploads\/2023\/09\/TESS2023BANNER.png","contentUrl":"https:\/\/ecampusontario.ca\/wp-content\/uploads\/2023\/09\/TESS2023BANNER.png","width":1920,"height":589},{"@type":"BreadcrumbList","@id":"https:\/\/ecampusontario.ca\/fr\/svet-2023-soutenir-lapprenant-numeriquement-outille\/#breadcrumb","itemListElement":[{"@type":"ListItem","position":1,"name":"Home","item":"https:\/\/ecampusontario.ca\/fr\/"},{"@type":"ListItem","position":2,"name":"SVET 2023: Soutenir l\u2019apprenant.e num\u00e9riquement outill\u00e9.e."}]},{"@type":"WebSite","@id":"https:\/\/ecampusontario.ca\/fr\/#website","url":"https:\/\/ecampusontario.ca\/fr\/","name":"eCampusOntario","description":"The online hub for learners and educators across Ontario","publisher":{"@id":"https:\/\/ecampusontario.ca\/fr\/#organization"},"potentialAction":[{"@type":"SearchAction","target":{"@type":"EntryPoint","urlTemplate":"https:\/\/ecampusontario.ca\/fr\/?s={search_term_string}"},"query-input":{"@type":"PropertyValueSpecification","valueRequired":true,"valueName":"search_term_string"}}],"inLanguage":"fr-FR"},{"@type":"Organization","@id":"https:\/\/ecampusontario.ca\/fr\/#organization","name":"eCampusOntario","url":"https:\/\/ecampusontario.ca\/fr\/","logo":{"@type":"ImageObject","inLanguage":"fr-FR","@id":"https:\/\/ecampusontario.ca\/fr\/#\/schema\/logo\/image\/","url":"https:\/\/ecampusontario.ca\/wp-content\/uploads\/2018\/11\/ecampus-e-icon-1.png","contentUrl":"https:\/\/ecampusontario.ca\/wp-content\/uploads\/2018\/11\/ecampus-e-icon-1.png","width":720,"height":325,"caption":"eCampusOntario"},"image":{"@id":"https:\/\/ecampusontario.ca\/fr\/#\/schema\/logo\/image\/"},"sameAs":["https:\/\/www.facebook.com\/ecampusontario\/","https:\/\/x.com\/eCampusOntario"]}]}},"_links":{"self":[{"href":"https:\/\/ecampusontario.ca\/fr\/wp-json\/wp\/v2\/pages\/26638","targetHints":{"allow":["GET"]}}],"collection":[{"href":"https:\/\/ecampusontario.ca\/fr\/wp-json\/wp\/v2\/pages"}],"about":[{"href":"https:\/\/ecampusontario.ca\/fr\/wp-json\/wp\/v2\/types\/page"}],"author":[{"embeddable":true,"href":"https:\/\/ecampusontario.ca\/fr\/wp-json\/wp\/v2\/users\/23"}],"replies":[{"embeddable":true,"href":"https:\/\/ecampusontario.ca\/fr\/wp-json\/wp\/v2\/comments?post=26638"}],"version-history":[{"count":28,"href":"https:\/\/ecampusontario.ca\/fr\/wp-json\/wp\/v2\/pages\/26638\/revisions"}],"predecessor-version":[{"id":32391,"href":"https:\/\/ecampusontario.ca\/fr\/wp-json\/wp\/v2\/pages\/26638\/revisions\/32391"}],"wp:featuredmedia":[{"embeddable":true,"href":"https:\/\/ecampusontario.ca\/fr\/wp-json\/wp\/v2\/media\/29674"}],"wp:attachment":[{"href":"https:\/\/ecampusontario.ca\/fr\/wp-json\/wp\/v2\/media?parent=26638"}],"wp:term":[{"taxonomy":"category","embeddable":true,"href":"https:\/\/ecampusontario.ca\/fr\/wp-json\/wp\/v2\/categories?post=26638"},{"taxonomy":"post_tag","embeddable":true,"href":"https:\/\/ecampusontario.ca\/fr\/wp-json\/wp\/v2\/tags?post=26638"}],"curies":[{"name":"wp","href":"https:\/\/api.w.org\/{rel}","templated":true}]}}