
{"id":16442,"date":"2021-06-14T16:53:53","date_gmt":"2021-06-14T20:53:53","guid":{"rendered":"https:\/\/ecampusontario.ca\/tess-2021\/"},"modified":"2022-05-16T12:09:37","modified_gmt":"2022-05-16T16:09:37","slug":"svat-2021","status":"publish","type":"page","link":"https:\/\/ecampusontario.ca\/fr\/svat-2021\/","title":{"rendered":"SVAT en ligne 2021: 15 et 16 et les 18 et 19 novembre 2021"},"content":{"rendered":"\n<div class=\"container container-lg\">\n<div class=\"row\">\n<div class=\"col-12\">\n\n\n\n<figure class=\"wp-block-image size-large is-style-default\"><img loading=\"lazy\" decoding=\"async\" width=\"1024\" height=\"373\" src=\"https:\/\/ecampusontario.ca\/wp-content\/uploads\/2021\/10\/MicrosoftTeams-image-14-1024x373.jpg\" alt=\"Svat 2021 Cocreer l'avenir\" class=\"wp-image-17913\" srcset=\"https:\/\/ecampusontario.ca\/wp-content\/uploads\/2021\/10\/MicrosoftTeams-image-14-1024x373.jpg 1024w, https:\/\/ecampusontario.ca\/wp-content\/uploads\/2021\/10\/MicrosoftTeams-image-14-300x109.jpg 300w, https:\/\/ecampusontario.ca\/wp-content\/uploads\/2021\/10\/MicrosoftTeams-image-14-768x280.jpg 768w, https:\/\/ecampusontario.ca\/wp-content\/uploads\/2021\/10\/MicrosoftTeams-image-14-1536x560.jpg 1536w, https:\/\/ecampusontario.ca\/wp-content\/uploads\/2021\/10\/MicrosoftTeams-image-14.jpg 1920w\" sizes=\"auto, (max-width: 1024px) 100vw, 1024px\" \/><\/figure>\n\n\n\n<div class=\"wp-block-columns is-layout-flex wp-container-core-columns-is-layout-9d6595d7 wp-block-columns-is-layout-flex\">\n<div class=\"wp-block-column is-layout-flow wp-block-column-is-layout-flow\" style=\"flex-basis:100%\">\n<h1 class=\"has-text-align-center mt-4 mb-1 p-3 wp-block-heading\" id=\"h-svat-en-ligne-2021-15-et-16-et-les-18-et-19-novembre-2021\"><strong>SVAT en ligne 2021: 15 et 16 et les 18 et 19 novembre 2021<\/strong><\/h1>\n\n\n\n<h2 class=\"has-text-align-center m-2 p-3 wp-block-heading\" id=\"h-th-me-cocr-er-l-avenir\"><strong><strong>Th\u00e8me&nbsp;: Cocr\u00e9er l\u2019avenir<\/strong><\/strong><\/h2>\n\n\n\n<p>La conf\u00e9rence annuelle du SVAT d\u2019eCampusOntario c\u00e9l\u00e8bre et fait progresser la communaut\u00e9 et la collaboration dans le secteur postsecondaire.&nbsp; Cette ann\u00e9e, le SVAT se d\u00e9roulera en ligne, tout au long de la semaine, avec des sessions <strong><strong>flexibles<\/strong> d\u2019une demi-journ\u00e9e<\/strong> les 15 et 16 et les 18 et 19&nbsp;novembre&nbsp;2021.<\/p>\n\n\n\n<p>Le th\u00e8me du SVAT de l\u2019ann\u00e9e derni\u00e8re, \u00ab&nbsp;Humaniser l\u2019apprentissage&nbsp;\u00bb, refl\u00e9tait notre premi\u00e8re&nbsp;exp\u00e9rience de l\u2019impact de la pand\u00e9mie sur l\u2019enseignement et l\u2019apprentissage. Nous entrons maintenant dans une \u00ab&nbsp;nouvelle normalit\u00e9&nbsp;\u00bb, en passant de l\u2019enseignement \u00e0 distance d\u2019urgence \u00e0 une p\u00e9dagogie de conception num\u00e9rique en \u00e9laborant \u00e0 l\u2019\u00e9chelle des programmes en ligne et hybrides de grande qualit\u00e9.&nbsp;&nbsp;<\/p>\n\n\n\n<p>Nous avons appris qu\u2019ensemble nous avons la capacit\u00e9 non seulement de survivre, mais aussi de prosp\u00e9rer \u00e0 l\u2019avenir.&nbsp;<\/p>\n\n\n\n<p>Le SVAT&nbsp;2021 est ax\u00e9 sur la fa\u00e7on dont nous cocr\u00e9ons cet avenir.<\/p>\n\n\n\n<p>Les conversations mettront en lumi\u00e8re les enseignements tir\u00e9s de la pand\u00e9mie, et les mesures que nous pouvons prendre, individuellement et collectivement, pour concr\u00e9tiser ces enseignements.&nbsp;<\/p>\n\n\n\n\n\n<h2 class=\"has-text-align-center mt-3 pt-3 pb-3 mb-3 wp-block-heading\" id=\"h-descriptions-des-th-mes\"><strong><strong>Descriptions des th\u00e8mes&nbsp;:<\/strong><\/strong><\/h2>\n\n\n\n<p>Les s\u00e9ances seront organis\u00e9es en th\u00e8mes li\u00e9s \u00e0 des moments d\u2019apprentissage ayant eu lieu pendant la pand\u00e9mie&nbsp;:<\/p>\n\n\n\n<p><strong>La voix de l\u2019apprenant<\/strong><\/p>\n\n\n\n<p><em>Cr\u00e9er un espace pour des conversations dirig\u00e9es par les apprenants sur la pand\u00e9mie qui touchent tous les autres th\u00e8mes, notamment la communaut\u00e9 et l\u2019appartenance, la d\u00e9colonisation, les avenirs hybrides et l\u2019acc\u00e8s. Cet espace est uniquement ouvert aux apprenants conf\u00e9renciers. Les apprenants peuvent choisir de s\u2019associer \u00e0 un \u00e9ducateur ou \u00e0 un membre du personnel.&nbsp; <\/em><em><\/em><\/p>\n\n\n\n<p><strong>Communaut\u00e9, appartenance, inclusion et <\/strong><meta charset=\"utf-8\"><strong>Antiracisme<\/strong><\/p>\n\n\n\n<p><em>Exploration des concepts de l\u2019appartenance et de la titularit\u00e9 au sein des communaut\u00e9s d\u2019apprentissage. Les conf\u00e9renciers pour ce th\u00e8me cerneront des strat\u00e9gies en vue de cr\u00e9er une communaut\u00e9 et un sentiment d\u2019appartenance au sein d\u2019environnements hybrides et en ligne. Exploration des concepts de l\u2019antiracisme dans l\u2019enseignement postsecondaire. Les conf\u00e9renciers lanceront un dialogue sur l\u2019\u00e9tat actuel des efforts de lutte antiraciste au sein de notre communaut\u00e9.<\/em><\/p>\n\n\n\n<p><strong>D\u00e9colonisation <\/strong><strong><\/strong><\/p>\n\n\n\n<p><em>S\u2019inspirer des Appels \u00e0 l\u2019action de la Commission de v\u00e9rit\u00e9 et r\u00e9conciliation et de la D\u00e9claration des Nations Unies sur les droits des peuples autochtones afin de partager une voie \u00e0 suivre pour une \u00e9ducation postsecondaire en Ontario qui honore les peuples autochtones, prot\u00e8ge le savoir autochtone et s\u2019engage dans le dialogue et l\u2019\u00e9change culturels. <\/em><em><\/em><\/p>\n\n\n\n<p><strong>Avenirs hybrides<\/strong><strong><\/strong><\/p>\n\n\n\n<p><em>\u00c0 quoi ressemble l\u2019avenir de l\u2019\u00e9ducation postsecondaire en Ontario? Quelles sont les caract\u00e9ristiques d\u2019un avenir hybride bas\u00e9 sur le num\u00e9rique qui privil\u00e9gie la flexibilit\u00e9, l\u2019acc\u00e8s et le bien-\u00eatre social de nos apprenants? Que faut-il faire pour r\u00e9aliser cette vision?<\/em><\/p>\n\n\n\n<p class=\"has-text-align-center\"><h2 class=\"has-text-align-center\"><strong>Types de s\u00e9ances:<\/strong><\/h2><\/p>\n\n\n\n<p><br>Vous pouvez choisir de participer au SVAT&nbsp;2021 dans l\u2019un des formats suivants&nbsp;:<br><br><strong>Pr\u00e9sentation<\/strong> (20&nbsp;minutes, combinaison asynchrone et synchrone)&nbsp;:<\/p>\n\n\n\n<ul class=\"wp-block-list\"><li>Pr\u00e9enregistr\u00e9e avec l\u2019appui d\u2019eCampusOntario au besoin. Les pr\u00e9sentateurs doivent \u00eatre pr\u00eats \u00e0 assister \u00e0 leur s\u00e9ance et \u00e0 se pr\u00eater \u00e0 des s\u00e9ances de questions-r\u00e9ponses en direct sur la plateforme virtuelle du SVAT&nbsp;2021.<\/li><\/ul>\n\n\n\n<p><strong>Atelier (30&nbsp;minutes, synchrone)&nbsp;: <\/strong><strong><\/strong><\/p>\n\n\n\n<ul class=\"wp-block-list\"><li>S\u00e9ance interactive en direct sur la plateforme virtuelle du SVAT&nbsp;2021 avec un r\u00e9sultat ou un objectif d\u2019apprentissage clair. Les pr\u00e9sentateurs doivent \u00eatre pr\u00eats \u00e0 se pr\u00e9senter \u00e0 une heure et un jour pr\u00e9cis pour animer leur atelier.<\/li><\/ul>\n\n\n\n<p><strong>Vitrine sur la SAV (asynchrone + heures d\u2019ouverture virtuelles)&nbsp;:<\/strong><\/p>\n\n\n\n<ul class=\"wp-block-list\"><li>Pr\u00e9sentez votre projet dans le cadre de la <a href=\"https:\/\/vls.ecampusontario.ca\/fr\/\">Strat\u00e9gie d\u2019apprentissage virtuel<\/a> (<a href=\"https:\/\/vls.ecampusontario.ca\/fr\/\">https:\/\/vls.ecampusontario.ca\/fr\/<\/a>) avec vos coll\u00e8gues afin de favoriser l\u2019adoption, la r\u00e9utilisation et la mise en \u0153uvre de votre projet dans toute la province. L\u2019espace vitrine dans la plateforme virtuelle du SVAT&nbsp;2021 sera mis \u00e0 votre disposition bien \u00e0 l\u2019avance pour que vous puissiez le personnaliser et en faire le v\u00f4tre. Choisissez d\u2019organiser des heures d\u2019ouverture virtuelles pour votre vitrine afin d\u2019\u00e9tablir des liens avec vos coll\u00e8gues.<\/li><\/ul>\n\n\n\n<h2 class=\"has-text-align-center wp-block-heading\" id=\"h-les-propositions-de-s-ances-des-candidats-seront-valu-es-sur-la-base-des-crit-res-suivants\">Les propositions de s\u00e9ances des candidats seront \u00e9valu\u00e9es sur la base des crit\u00e8res suivants&nbsp;:<\/h2>\n\n\n\n<p>Une communaut\u00e9 d\u2019\u00e9valuation par les pairs \u00e9valuera toutes les propositions soumises afin de d\u00e9terminer les pr\u00e9sentateurs pour le SVAT&nbsp;2021.<\/p>\n\n\n\n<p><strong>La date limite de soumission est le 24 juillet 2021.<\/strong><\/p>\n\n\n\n<figure class=\"wp-block-image size-large is-style-default\"><img loading=\"lazy\" decoding=\"async\" width=\"1024\" height=\"510\" src=\"https:\/\/ecampusontario.ca\/wp-content\/uploads\/2021\/06\/tess-reburic-1024x510.png\" alt=\"\" class=\"wp-image-16603\" srcset=\"https:\/\/ecampusontario.ca\/wp-content\/uploads\/2021\/06\/tess-reburic-1024x510.png 1024w, https:\/\/ecampusontario.ca\/wp-content\/uploads\/2021\/06\/tess-reburic-300x150.png 300w, https:\/\/ecampusontario.ca\/wp-content\/uploads\/2021\/06\/tess-reburic-768x383.png 768w, https:\/\/ecampusontario.ca\/wp-content\/uploads\/2021\/06\/tess-reburic.png 1246w\" sizes=\"auto, (max-width: 1024px) 100vw, 1024px\" \/><\/figure>\n<\/div>\n<\/div>\n\n\n\n\n\n<\/div>\n<\/div>\n<\/div>\n\n\n\n<\/div>\n<\/div>\n<\/div>\n","protected":false},"excerpt":{"rendered":"<p>SVAT en ligne 2021: 15 et 16 et les 18 et 19 novembre 2021 Th\u00e8me&nbsp;: Cocr\u00e9er l\u2019avenir La conf\u00e9rence annuelle du SVAT d\u2019eCampusOntario c\u00e9l\u00e8bre et fait progresser la communaut\u00e9 et la collaboration dans le secteur postsecondaire.&nbsp; Cette ann\u00e9e, le SVAT se d\u00e9roulera en ligne, tout au long de la semaine, avec des sessions flexibles d\u2019une [&hellip;]<\/p>\n","protected":false},"author":18,"featured_media":16312,"parent":0,"menu_order":0,"comment_status":"closed","ping_status":"closed","template":"","meta":{"_acf_changed":false,"footnotes":""},"categories":[],"tags":[],"class_list":["post-16442","page","type-page","status-publish","has-post-thumbnail","hentry"],"acf":[],"yoast_head":"<!-- This site is optimized with the Yoast SEO Premium plugin v26.0 (Yoast SEO v26.0) - https:\/\/yoast.com\/wordpress\/plugins\/seo\/ -->\n<title>SVAT en ligne 2021: 15 et 16 et les 18 et 19 novembre 2021 | eCampusOntario<\/title>\n<meta name=\"robots\" content=\"index, follow, max-snippet:-1, max-image-preview:large, max-video-preview:-1\" \/>\n<link rel=\"canonical\" href=\"https:\/\/ecampusontario.ca\/fr\/svat-2021\/\" \/>\n<meta property=\"og:locale\" content=\"fr_FR\" \/>\n<meta property=\"og:type\" content=\"article\" \/>\n<meta property=\"og:title\" content=\"SVAT en ligne 2021: 15 et 16 et les 18 et 19 novembre 2021\" \/>\n<meta property=\"og:description\" content=\"SVAT en ligne 2021: 15 et 16 et les 18 et 19 novembre 2021 Th\u00e8me&nbsp;: Cocr\u00e9er l\u2019avenir La conf\u00e9rence annuelle du SVAT d\u2019eCampusOntario c\u00e9l\u00e8bre et fait progresser la communaut\u00e9 et la collaboration dans le secteur postsecondaire.&nbsp; Cette ann\u00e9e, le SVAT se d\u00e9roulera en ligne, tout au long de la semaine, avec des sessions flexibles d\u2019une [&hellip;]\" \/>\n<meta property=\"og:url\" content=\"https:\/\/ecampusontario.ca\/fr\/svat-2021\/\" \/>\n<meta property=\"og:site_name\" content=\"eCampusOntario\" \/>\n<meta property=\"article:publisher\" content=\"https:\/\/www.facebook.com\/ecampusontario\/\" \/>\n<meta property=\"article:modified_time\" content=\"2022-05-16T16:09:37+00:00\" \/>\n<meta property=\"og:image\" content=\"https:\/\/ecampusontario.ca\/wp-content\/uploads\/2021\/06\/eCO-TESS-EN.jpg\" \/>\n\t<meta property=\"og:image:width\" content=\"1920\" \/>\n\t<meta property=\"og:image:height\" content=\"700\" \/>\n\t<meta property=\"og:image:type\" content=\"image\/jpeg\" \/>\n<meta name=\"twitter:card\" content=\"summary_large_image\" \/>\n<meta name=\"twitter:site\" content=\"@eCampusOntario\" \/>\n<meta name=\"twitter:label1\" content=\"Dur\u00e9e de lecture estim\u00e9e\" \/>\n\t<meta name=\"twitter:data1\" content=\"4 minutes\" \/>\n<script type=\"application\/ld+json\" class=\"yoast-schema-graph\">{\"@context\":\"https:\/\/schema.org\",\"@graph\":[{\"@type\":\"WebPage\",\"@id\":\"https:\/\/ecampusontario.ca\/fr\/svat-2021\/\",\"url\":\"https:\/\/ecampusontario.ca\/fr\/svat-2021\/\",\"name\":\"SVAT en ligne 2021: 15 et 16 et les 18 et 19 novembre 2021 | eCampusOntario\",\"isPartOf\":{\"@id\":\"https:\/\/ecampusontario.ca\/fr\/#website\"},\"primaryImageOfPage\":{\"@id\":\"https:\/\/ecampusontario.ca\/fr\/svat-2021\/#primaryimage\"},\"image\":{\"@id\":\"https:\/\/ecampusontario.ca\/fr\/svat-2021\/#primaryimage\"},\"thumbnailUrl\":\"https:\/\/ecampusontario.ca\/wp-content\/uploads\/2021\/06\/eCO-TESS-EN.jpg\",\"datePublished\":\"2021-06-14T20:53:53+00:00\",\"dateModified\":\"2022-05-16T16:09:37+00:00\",\"breadcrumb\":{\"@id\":\"https:\/\/ecampusontario.ca\/fr\/svat-2021\/#breadcrumb\"},\"inLanguage\":\"fr-FR\",\"potentialAction\":[{\"@type\":\"ReadAction\",\"target\":[\"https:\/\/ecampusontario.ca\/fr\/svat-2021\/\"]}]},{\"@type\":\"ImageObject\",\"inLanguage\":\"fr-FR\",\"@id\":\"https:\/\/ecampusontario.ca\/fr\/svat-2021\/#primaryimage\",\"url\":\"https:\/\/ecampusontario.ca\/wp-content\/uploads\/2021\/06\/eCO-TESS-EN.jpg\",\"contentUrl\":\"https:\/\/ecampusontario.ca\/wp-content\/uploads\/2021\/06\/eCO-TESS-EN.jpg\",\"width\":1920,\"height\":700,\"caption\":\"eCO-TESS - EN\"},{\"@type\":\"BreadcrumbList\",\"@id\":\"https:\/\/ecampusontario.ca\/fr\/svat-2021\/#breadcrumb\",\"itemListElement\":[{\"@type\":\"ListItem\",\"position\":1,\"name\":\"Home\",\"item\":\"https:\/\/ecampusontario.ca\/fr\/\"},{\"@type\":\"ListItem\",\"position\":2,\"name\":\"SVAT en ligne 2021: 15 et 16 et les 18 et 19 novembre 2021\"}]},{\"@type\":\"WebSite\",\"@id\":\"https:\/\/ecampusontario.ca\/fr\/#website\",\"url\":\"https:\/\/ecampusontario.ca\/fr\/\",\"name\":\"eCampusOntario\",\"description\":\"The online hub for learners and educators across Ontario\",\"publisher\":{\"@id\":\"https:\/\/ecampusontario.ca\/fr\/#organization\"},\"potentialAction\":[{\"@type\":\"SearchAction\",\"target\":{\"@type\":\"EntryPoint\",\"urlTemplate\":\"https:\/\/ecampusontario.ca\/fr\/?s={search_term_string}\"},\"query-input\":{\"@type\":\"PropertyValueSpecification\",\"valueRequired\":true,\"valueName\":\"search_term_string\"}}],\"inLanguage\":\"fr-FR\"},{\"@type\":\"Organization\",\"@id\":\"https:\/\/ecampusontario.ca\/fr\/#organization\",\"name\":\"eCampusOntario\",\"url\":\"https:\/\/ecampusontario.ca\/fr\/\",\"logo\":{\"@type\":\"ImageObject\",\"inLanguage\":\"fr-FR\",\"@id\":\"https:\/\/ecampusontario.ca\/fr\/#\/schema\/logo\/image\/\",\"url\":\"https:\/\/ecampusontario.ca\/wp-content\/uploads\/2018\/11\/ecampus-e-icon-1.png\",\"contentUrl\":\"https:\/\/ecampusontario.ca\/wp-content\/uploads\/2018\/11\/ecampus-e-icon-1.png\",\"width\":720,\"height\":325,\"caption\":\"eCampusOntario\"},\"image\":{\"@id\":\"https:\/\/ecampusontario.ca\/fr\/#\/schema\/logo\/image\/\"},\"sameAs\":[\"https:\/\/www.facebook.com\/ecampusontario\/\",\"https:\/\/x.com\/eCampusOntario\"]}]}<\/script>\n<!-- \/ Yoast SEO Premium plugin. -->","yoast_head_json":{"title":"SVAT en ligne 2021: 15 et 16 et les 18 et 19 novembre 2021 | eCampusOntario","robots":{"index":"index","follow":"follow","max-snippet":"max-snippet:-1","max-image-preview":"max-image-preview:large","max-video-preview":"max-video-preview:-1"},"canonical":"https:\/\/ecampusontario.ca\/fr\/svat-2021\/","og_locale":"fr_FR","og_type":"article","og_title":"SVAT en ligne 2021: 15 et 16 et les 18 et 19 novembre 2021","og_description":"SVAT en ligne 2021: 15 et 16 et les 18 et 19 novembre 2021 Th\u00e8me&nbsp;: Cocr\u00e9er l\u2019avenir La conf\u00e9rence annuelle du SVAT d\u2019eCampusOntario c\u00e9l\u00e8bre et fait progresser la communaut\u00e9 et la collaboration dans le secteur postsecondaire.&nbsp; Cette ann\u00e9e, le SVAT se d\u00e9roulera en ligne, tout au long de la semaine, avec des sessions flexibles d\u2019une [&hellip;]","og_url":"https:\/\/ecampusontario.ca\/fr\/svat-2021\/","og_site_name":"eCampusOntario","article_publisher":"https:\/\/www.facebook.com\/ecampusontario\/","article_modified_time":"2022-05-16T16:09:37+00:00","og_image":[{"width":1920,"height":700,"url":"https:\/\/ecampusontario.ca\/wp-content\/uploads\/2021\/06\/eCO-TESS-EN.jpg","type":"image\/jpeg"}],"twitter_card":"summary_large_image","twitter_site":"@eCampusOntario","twitter_misc":{"Dur\u00e9e de lecture estim\u00e9e":"4 minutes"},"schema":{"@context":"https:\/\/schema.org","@graph":[{"@type":"WebPage","@id":"https:\/\/ecampusontario.ca\/fr\/svat-2021\/","url":"https:\/\/ecampusontario.ca\/fr\/svat-2021\/","name":"SVAT en ligne 2021: 15 et 16 et les 18 et 19 novembre 2021 | eCampusOntario","isPartOf":{"@id":"https:\/\/ecampusontario.ca\/fr\/#website"},"primaryImageOfPage":{"@id":"https:\/\/ecampusontario.ca\/fr\/svat-2021\/#primaryimage"},"image":{"@id":"https:\/\/ecampusontario.ca\/fr\/svat-2021\/#primaryimage"},"thumbnailUrl":"https:\/\/ecampusontario.ca\/wp-content\/uploads\/2021\/06\/eCO-TESS-EN.jpg","datePublished":"2021-06-14T20:53:53+00:00","dateModified":"2022-05-16T16:09:37+00:00","breadcrumb":{"@id":"https:\/\/ecampusontario.ca\/fr\/svat-2021\/#breadcrumb"},"inLanguage":"fr-FR","potentialAction":[{"@type":"ReadAction","target":["https:\/\/ecampusontario.ca\/fr\/svat-2021\/"]}]},{"@type":"ImageObject","inLanguage":"fr-FR","@id":"https:\/\/ecampusontario.ca\/fr\/svat-2021\/#primaryimage","url":"https:\/\/ecampusontario.ca\/wp-content\/uploads\/2021\/06\/eCO-TESS-EN.jpg","contentUrl":"https:\/\/ecampusontario.ca\/wp-content\/uploads\/2021\/06\/eCO-TESS-EN.jpg","width":1920,"height":700,"caption":"eCO-TESS - EN"},{"@type":"BreadcrumbList","@id":"https:\/\/ecampusontario.ca\/fr\/svat-2021\/#breadcrumb","itemListElement":[{"@type":"ListItem","position":1,"name":"Home","item":"https:\/\/ecampusontario.ca\/fr\/"},{"@type":"ListItem","position":2,"name":"SVAT en ligne 2021: 15 et 16 et les 18 et 19 novembre 2021"}]},{"@type":"WebSite","@id":"https:\/\/ecampusontario.ca\/fr\/#website","url":"https:\/\/ecampusontario.ca\/fr\/","name":"eCampusOntario","description":"The online hub for learners and educators across Ontario","publisher":{"@id":"https:\/\/ecampusontario.ca\/fr\/#organization"},"potentialAction":[{"@type":"SearchAction","target":{"@type":"EntryPoint","urlTemplate":"https:\/\/ecampusontario.ca\/fr\/?s={search_term_string}"},"query-input":{"@type":"PropertyValueSpecification","valueRequired":true,"valueName":"search_term_string"}}],"inLanguage":"fr-FR"},{"@type":"Organization","@id":"https:\/\/ecampusontario.ca\/fr\/#organization","name":"eCampusOntario","url":"https:\/\/ecampusontario.ca\/fr\/","logo":{"@type":"ImageObject","inLanguage":"fr-FR","@id":"https:\/\/ecampusontario.ca\/fr\/#\/schema\/logo\/image\/","url":"https:\/\/ecampusontario.ca\/wp-content\/uploads\/2018\/11\/ecampus-e-icon-1.png","contentUrl":"https:\/\/ecampusontario.ca\/wp-content\/uploads\/2018\/11\/ecampus-e-icon-1.png","width":720,"height":325,"caption":"eCampusOntario"},"image":{"@id":"https:\/\/ecampusontario.ca\/fr\/#\/schema\/logo\/image\/"},"sameAs":["https:\/\/www.facebook.com\/ecampusontario\/","https:\/\/x.com\/eCampusOntario"]}]}},"_links":{"self":[{"href":"https:\/\/ecampusontario.ca\/fr\/wp-json\/wp\/v2\/pages\/16442","targetHints":{"allow":["GET"]}}],"collection":[{"href":"https:\/\/ecampusontario.ca\/fr\/wp-json\/wp\/v2\/pages"}],"about":[{"href":"https:\/\/ecampusontario.ca\/fr\/wp-json\/wp\/v2\/types\/page"}],"author":[{"embeddable":true,"href":"https:\/\/ecampusontario.ca\/fr\/wp-json\/wp\/v2\/users\/18"}],"replies":[{"embeddable":true,"href":"https:\/\/ecampusontario.ca\/fr\/wp-json\/wp\/v2\/comments?post=16442"}],"version-history":[{"count":23,"href":"https:\/\/ecampusontario.ca\/fr\/wp-json\/wp\/v2\/pages\/16442\/revisions"}],"predecessor-version":[{"id":20331,"href":"https:\/\/ecampusontario.ca\/fr\/wp-json\/wp\/v2\/pages\/16442\/revisions\/20331"}],"wp:featuredmedia":[{"embeddable":true,"href":"https:\/\/ecampusontario.ca\/fr\/wp-json\/wp\/v2\/media\/16312"}],"wp:attachment":[{"href":"https:\/\/ecampusontario.ca\/fr\/wp-json\/wp\/v2\/media?parent=16442"}],"wp:term":[{"taxonomy":"category","embeddable":true,"href":"https:\/\/ecampusontario.ca\/fr\/wp-json\/wp\/v2\/categories?post=16442"},{"taxonomy":"post_tag","embeddable":true,"href":"https:\/\/ecampusontario.ca\/fr\/wp-json\/wp\/v2\/tags?post=16442"}],"curies":[{"name":"wp","href":"https:\/\/api.w.org\/{rel}","templated":true}]}}