
{"id":13636,"date":"2020-09-23T13:02:07","date_gmt":"2020-09-23T17:02:07","guid":{"rendered":"https:\/\/ecampusontario.ca\/?page_id=13636"},"modified":"2020-09-23T15:31:31","modified_gmt":"2020-09-23T19:31:31","slug":"merci-a-nos-evaluateurs-de-propositions","status":"publish","type":"page","link":"https:\/\/ecampusontario.ca\/fr\/merci-a-nos-evaluateurs-de-propositions\/","title":{"rendered":"Merci \u00e0 nos \u00e9valuateurs de propositions"},"content":{"rendered":"\r\n<div class=\"container container-lg\">\r\n<div class=\"row\">\r\n<div class=\"col-12\">\r\n\r\n\r\n\r\n<img loading=\"lazy\" decoding=\"async\" class=\"aligncenter wp-image-12515 size-full\" src=\"\/wp-content\/uploads\/2020\/07\/1920x700-tess-fr.jpg\" alt=\"\" width=\"1920\" height=\"700\">\r\n\r\n\r\n\r\n<h1 class=\"has-text-align-center mt-5 mb-5 wp-block-heading\">Merci \u00e0 nos \u00e9valuateurs de propositions<\/h1>\r\n\r\n\r\n\r\n<p class=\"mt-3\">Le programme du S\u00e9minaire et vitrine sur l\u2019apprentissage assist\u00e9 par la technologie (SVAT) est d\u00e9velopp\u00e9 par eCampusOntario avec le soutien consid\u00e9rable de la communaut\u00e9 de l\u2019enseignement sup\u00e9rieur. Cette ann\u00e9e, un certain nombre de pairs examinateurs ont donn\u00e9 de leur temps pour examiner et \u00e9valuer les propositions de dizaines de candidats \u00e0 la session, et nous exprimons notre sinc\u00e8re gratitude et notre appr\u00e9ciation aux personnes suivantes pour leur travail acharn\u00e9 et leur engagement&nbsp;: <\/p>\r\n\r\n\r\n\r\n<\/div>\r\n<\/div>\r\n<\/div>\r\n\r\n\r\n\r\n<figure class=\"wp-block-table aligncenter is-style-regular\"><table>\r\n<tbody>\r\n<tr>\r\n<td>Arina Bogdan<\/td>\r\n<td>Maynor Barrientos<\/td>\r\n<\/tr>\r\n<tr>\r\n<td>Cristina DAmico<\/td>\r\n<td>Michal Kasprzak<\/td>\r\n<\/tr>\r\n<tr>\r\n<td>Deborah Leal<\/td>\r\n<td>Michelle Brown<\/td>\r\n<\/tr>\r\n<tr>\r\n<td>Elena Chudaeva<\/td>\r\n<td>Nada Savicevic<\/td>\r\n<\/tr>\r\n<tr>\r\n<td>Hubert Lalande<\/td>\r\n<td>Nick Baker<\/td>\r\n<\/tr>\r\n<tr>\r\n<td>Iris Epstein<\/td>\r\n<td>Olga Perkovic<\/td>\r\n<\/tr>\r\n<tr>\r\n<td>Jenni Hayman<\/td>\r\n<td>Olivier Chartrand<\/td>\r\n<\/tr>\r\n<tr>\r\n<td>Joanne Kehoe<\/td>\r\n<td>Pavlina Radia<\/td>\r\n<\/tr>\r\n<tr>\r\n<td>Johanna Carroll<\/td>\r\n<td>Tania Killian<\/td>\r\n<\/tr>\r\n<tr>\r\n<td>Laura Servage<\/td>\r\n<td>Xinli Wang<\/td>\r\n<\/tr>\r\n<tr>\r\n<td>\u00a0<\/td>\r\n<td>\u00a0<\/td>\r\n<\/tr>\r\n<\/tbody>\r\n<\/table><\/figure>\r\n\r\n\r\n\r\n<style>\r\ntd{ font-size:1.3rem;padding:1rem 3rem;}\r\n.wp-block-table{margin:0 auto; }\r\n@media only screen and (max-width: 600px) {\r\n  \r\n    td{padding:1rem;}\r\n  \r\n}\r\n<\/style>\r\n","protected":false},"excerpt":{"rendered":"<p>Merci \u00e0 nos \u00e9valuateurs de propositions Le programme du S\u00e9minaire et vitrine sur l\u2019apprentissage assist\u00e9 par la technologie (SVAT) est d\u00e9velopp\u00e9 par eCampusOntario avec le soutien consid\u00e9rable de la communaut\u00e9 de l\u2019enseignement sup\u00e9rieur. Cette ann\u00e9e, un certain nombre de pairs examinateurs ont donn\u00e9 de leur temps pour examiner et \u00e9valuer les propositions de dizaines de [&hellip;]<\/p>\n","protected":false},"author":18,"featured_media":0,"parent":0,"menu_order":0,"comment_status":"closed","ping_status":"closed","template":"","meta":{"_acf_changed":false,"footnotes":""},"categories":[],"tags":[],"class_list":["post-13636","page","type-page","status-publish","hentry"],"acf":[],"yoast_head":"<!-- This site is optimized with the Yoast SEO Premium plugin v27.4 (Yoast SEO v27.4) - https:\/\/yoast.com\/product\/yoast-seo-premium-wordpress\/ -->\n<title>Merci \u00e0 nos \u00e9valuateurs de propositions | eCampusOntario<\/title>\n<meta name=\"robots\" content=\"index, follow, max-snippet:-1, max-image-preview:large, max-video-preview:-1\" \/>\n<link rel=\"canonical\" href=\"https:\/\/ecampusontario.ca\/fr\/merci-a-nos-evaluateurs-de-propositions\/\" \/>\n<meta property=\"og:locale\" content=\"fr_FR\" \/>\n<meta property=\"og:type\" content=\"article\" \/>\n<meta property=\"og:title\" content=\"Merci \u00e0 nos \u00e9valuateurs de propositions\" \/>\n<meta property=\"og:description\" content=\"Merci \u00e0 nos \u00e9valuateurs de propositions Le programme du S\u00e9minaire et vitrine sur l\u2019apprentissage assist\u00e9 par la technologie (SVAT) est d\u00e9velopp\u00e9 par eCampusOntario avec le soutien consid\u00e9rable de la communaut\u00e9 de l\u2019enseignement sup\u00e9rieur. Cette ann\u00e9e, un certain nombre de pairs examinateurs ont donn\u00e9 de leur temps pour examiner et \u00e9valuer les propositions de dizaines de [&hellip;]\" \/>\n<meta property=\"og:url\" content=\"https:\/\/ecampusontario.ca\/fr\/merci-a-nos-evaluateurs-de-propositions\/\" \/>\n<meta property=\"og:site_name\" content=\"eCampusOntario\" \/>\n<meta property=\"article:publisher\" content=\"https:\/\/www.facebook.com\/ecampusontario\/\" \/>\n<meta property=\"article:modified_time\" content=\"2020-09-23T19:31:31+00:00\" \/>\n<meta property=\"og:image\" content=\"https:\/\/ecampusontario.ca\/wp-content\/uploads\/2020\/01\/Screen-Shot-2020-01-30-at-10.01.53-AM.png\" \/>\n\t<meta property=\"og:image:width\" content=\"1597\" \/>\n\t<meta property=\"og:image:height\" content=\"583\" \/>\n\t<meta property=\"og:image:type\" content=\"image\/png\" \/>\n<meta name=\"twitter:card\" content=\"summary_large_image\" \/>\n<meta name=\"twitter:site\" content=\"@eCampusOntario\" \/>\n<meta name=\"twitter:label1\" content=\"Dur\u00e9e de lecture estim\u00e9e\" \/>\n\t<meta name=\"twitter:data1\" content=\"1 minute\" \/>\n<script type=\"application\/ld+json\" class=\"yoast-schema-graph\">{\"@context\":\"https:\\\/\\\/schema.org\",\"@graph\":[{\"@type\":\"WebPage\",\"@id\":\"https:\\\/\\\/ecampusontario.ca\\\/fr\\\/merci-a-nos-evaluateurs-de-propositions\\\/\",\"url\":\"https:\\\/\\\/ecampusontario.ca\\\/fr\\\/merci-a-nos-evaluateurs-de-propositions\\\/\",\"name\":\"Merci \u00e0 nos \u00e9valuateurs de propositions | eCampusOntario\",\"isPartOf\":{\"@id\":\"https:\\\/\\\/ecampusontario.ca\\\/fr\\\/#website\"},\"datePublished\":\"2020-09-23T17:02:07+00:00\",\"dateModified\":\"2020-09-23T19:31:31+00:00\",\"breadcrumb\":{\"@id\":\"https:\\\/\\\/ecampusontario.ca\\\/fr\\\/merci-a-nos-evaluateurs-de-propositions\\\/#breadcrumb\"},\"inLanguage\":\"fr-FR\",\"potentialAction\":[{\"@type\":\"ReadAction\",\"target\":[\"https:\\\/\\\/ecampusontario.ca\\\/fr\\\/merci-a-nos-evaluateurs-de-propositions\\\/\"]}]},{\"@type\":\"BreadcrumbList\",\"@id\":\"https:\\\/\\\/ecampusontario.ca\\\/fr\\\/merci-a-nos-evaluateurs-de-propositions\\\/#breadcrumb\",\"itemListElement\":[{\"@type\":\"ListItem\",\"position\":1,\"name\":\"Home\",\"item\":\"https:\\\/\\\/ecampusontario.ca\\\/fr\\\/\"},{\"@type\":\"ListItem\",\"position\":2,\"name\":\"Merci \u00e0 nos \u00e9valuateurs de propositions\"}]},{\"@type\":\"WebSite\",\"@id\":\"https:\\\/\\\/ecampusontario.ca\\\/fr\\\/#website\",\"url\":\"https:\\\/\\\/ecampusontario.ca\\\/fr\\\/\",\"name\":\"eCampusOntario\",\"description\":\"The online hub for learners and educators across Ontario\",\"publisher\":{\"@id\":\"https:\\\/\\\/ecampusontario.ca\\\/fr\\\/#organization\"},\"potentialAction\":[{\"@type\":\"SearchAction\",\"target\":{\"@type\":\"EntryPoint\",\"urlTemplate\":\"https:\\\/\\\/ecampusontario.ca\\\/fr\\\/?s={search_term_string}\"},\"query-input\":{\"@type\":\"PropertyValueSpecification\",\"valueRequired\":true,\"valueName\":\"search_term_string\"}}],\"inLanguage\":\"fr-FR\"},{\"@type\":\"Organization\",\"@id\":\"https:\\\/\\\/ecampusontario.ca\\\/fr\\\/#organization\",\"name\":\"eCampusOntario\",\"url\":\"https:\\\/\\\/ecampusontario.ca\\\/fr\\\/\",\"logo\":{\"@type\":\"ImageObject\",\"inLanguage\":\"fr-FR\",\"@id\":\"https:\\\/\\\/ecampusontario.ca\\\/fr\\\/#\\\/schema\\\/logo\\\/image\\\/\",\"url\":\"https:\\\/\\\/ecampusontario.ca\\\/wp-content\\\/uploads\\\/2018\\\/11\\\/ecampus-e-icon-1.png\",\"contentUrl\":\"https:\\\/\\\/ecampusontario.ca\\\/wp-content\\\/uploads\\\/2018\\\/11\\\/ecampus-e-icon-1.png\",\"width\":720,\"height\":325,\"caption\":\"eCampusOntario\"},\"image\":{\"@id\":\"https:\\\/\\\/ecampusontario.ca\\\/fr\\\/#\\\/schema\\\/logo\\\/image\\\/\"},\"sameAs\":[\"https:\\\/\\\/www.facebook.com\\\/ecampusontario\\\/\",\"https:\\\/\\\/x.com\\\/eCampusOntario\"]}]}<\/script>\n<!-- \/ Yoast SEO Premium plugin. -->","yoast_head_json":{"title":"Merci \u00e0 nos \u00e9valuateurs de propositions | eCampusOntario","robots":{"index":"index","follow":"follow","max-snippet":"max-snippet:-1","max-image-preview":"max-image-preview:large","max-video-preview":"max-video-preview:-1"},"canonical":"https:\/\/ecampusontario.ca\/fr\/merci-a-nos-evaluateurs-de-propositions\/","og_locale":"fr_FR","og_type":"article","og_title":"Merci \u00e0 nos \u00e9valuateurs de propositions","og_description":"Merci \u00e0 nos \u00e9valuateurs de propositions Le programme du S\u00e9minaire et vitrine sur l\u2019apprentissage assist\u00e9 par la technologie (SVAT) est d\u00e9velopp\u00e9 par eCampusOntario avec le soutien consid\u00e9rable de la communaut\u00e9 de l\u2019enseignement sup\u00e9rieur. Cette ann\u00e9e, un certain nombre de pairs examinateurs ont donn\u00e9 de leur temps pour examiner et \u00e9valuer les propositions de dizaines de [&hellip;]","og_url":"https:\/\/ecampusontario.ca\/fr\/merci-a-nos-evaluateurs-de-propositions\/","og_site_name":"eCampusOntario","article_publisher":"https:\/\/www.facebook.com\/ecampusontario\/","article_modified_time":"2020-09-23T19:31:31+00:00","og_image":[{"width":1597,"height":583,"url":"https:\/\/ecampusontario.ca\/wp-content\/uploads\/2020\/01\/Screen-Shot-2020-01-30-at-10.01.53-AM.png","type":"image\/png"}],"twitter_card":"summary_large_image","twitter_site":"@eCampusOntario","twitter_misc":{"Dur\u00e9e de lecture estim\u00e9e":"1 minute"},"schema":{"@context":"https:\/\/schema.org","@graph":[{"@type":"WebPage","@id":"https:\/\/ecampusontario.ca\/fr\/merci-a-nos-evaluateurs-de-propositions\/","url":"https:\/\/ecampusontario.ca\/fr\/merci-a-nos-evaluateurs-de-propositions\/","name":"Merci \u00e0 nos \u00e9valuateurs de propositions | eCampusOntario","isPartOf":{"@id":"https:\/\/ecampusontario.ca\/fr\/#website"},"datePublished":"2020-09-23T17:02:07+00:00","dateModified":"2020-09-23T19:31:31+00:00","breadcrumb":{"@id":"https:\/\/ecampusontario.ca\/fr\/merci-a-nos-evaluateurs-de-propositions\/#breadcrumb"},"inLanguage":"fr-FR","potentialAction":[{"@type":"ReadAction","target":["https:\/\/ecampusontario.ca\/fr\/merci-a-nos-evaluateurs-de-propositions\/"]}]},{"@type":"BreadcrumbList","@id":"https:\/\/ecampusontario.ca\/fr\/merci-a-nos-evaluateurs-de-propositions\/#breadcrumb","itemListElement":[{"@type":"ListItem","position":1,"name":"Home","item":"https:\/\/ecampusontario.ca\/fr\/"},{"@type":"ListItem","position":2,"name":"Merci \u00e0 nos \u00e9valuateurs de propositions"}]},{"@type":"WebSite","@id":"https:\/\/ecampusontario.ca\/fr\/#website","url":"https:\/\/ecampusontario.ca\/fr\/","name":"eCampusOntario","description":"The online hub for learners and educators across Ontario","publisher":{"@id":"https:\/\/ecampusontario.ca\/fr\/#organization"},"potentialAction":[{"@type":"SearchAction","target":{"@type":"EntryPoint","urlTemplate":"https:\/\/ecampusontario.ca\/fr\/?s={search_term_string}"},"query-input":{"@type":"PropertyValueSpecification","valueRequired":true,"valueName":"search_term_string"}}],"inLanguage":"fr-FR"},{"@type":"Organization","@id":"https:\/\/ecampusontario.ca\/fr\/#organization","name":"eCampusOntario","url":"https:\/\/ecampusontario.ca\/fr\/","logo":{"@type":"ImageObject","inLanguage":"fr-FR","@id":"https:\/\/ecampusontario.ca\/fr\/#\/schema\/logo\/image\/","url":"https:\/\/ecampusontario.ca\/wp-content\/uploads\/2018\/11\/ecampus-e-icon-1.png","contentUrl":"https:\/\/ecampusontario.ca\/wp-content\/uploads\/2018\/11\/ecampus-e-icon-1.png","width":720,"height":325,"caption":"eCampusOntario"},"image":{"@id":"https:\/\/ecampusontario.ca\/fr\/#\/schema\/logo\/image\/"},"sameAs":["https:\/\/www.facebook.com\/ecampusontario\/","https:\/\/x.com\/eCampusOntario"]}]}},"_links":{"self":[{"href":"https:\/\/ecampusontario.ca\/fr\/wp-json\/wp\/v2\/pages\/13636","targetHints":{"allow":["GET"]}}],"collection":[{"href":"https:\/\/ecampusontario.ca\/fr\/wp-json\/wp\/v2\/pages"}],"about":[{"href":"https:\/\/ecampusontario.ca\/fr\/wp-json\/wp\/v2\/types\/page"}],"author":[{"embeddable":true,"href":"https:\/\/ecampusontario.ca\/fr\/wp-json\/wp\/v2\/users\/18"}],"replies":[{"embeddable":true,"href":"https:\/\/ecampusontario.ca\/fr\/wp-json\/wp\/v2\/comments?post=13636"}],"version-history":[{"count":3,"href":"https:\/\/ecampusontario.ca\/fr\/wp-json\/wp\/v2\/pages\/13636\/revisions"}],"predecessor-version":[{"id":13648,"href":"https:\/\/ecampusontario.ca\/fr\/wp-json\/wp\/v2\/pages\/13636\/revisions\/13648"}],"wp:attachment":[{"href":"https:\/\/ecampusontario.ca\/fr\/wp-json\/wp\/v2\/media?parent=13636"}],"wp:term":[{"taxonomy":"category","embeddable":true,"href":"https:\/\/ecampusontario.ca\/fr\/wp-json\/wp\/v2\/categories?post=13636"},{"taxonomy":"post_tag","embeddable":true,"href":"https:\/\/ecampusontario.ca\/fr\/wp-json\/wp\/v2\/tags?post=13636"}],"curies":[{"name":"wp","href":"https:\/\/api.w.org\/{rel}","templated":true}]}}