
{"id":13014,"date":"2020-07-24T12:44:27","date_gmt":"2020-07-24T16:44:27","guid":{"rendered":"https:\/\/ecampusontario.ca\/?page_id=13014"},"modified":"2020-08-24T11:39:13","modified_gmt":"2020-08-24T15:39:13","slug":"svat-2020-appel-de-seances","status":"publish","type":"page","link":"https:\/\/ecampusontario.ca\/fr\/svat-2020-appel-de-seances\/","title":{"rendered":"SVAT 2020 Appel de s\u00e9ances"},"content":{"rendered":"\n<div class=\"container container-lg\">\n<div class=\"row\">\n<div class=\"col-12 mb-5\">\n<img loading=\"lazy\" decoding=\"async\" class=\"aligncenter wp-image-12515 size-full\" src=\"https:\/\/ecampusontario.ca\/wp-content\/uploads\/2020\/07\/1920x700-tess-fr.jpg\" alt=\"\" width=\"1920\" height=\"700\">\n\n\n\n<h1 class=\"has-text-align-center mt-5 mb-3\"><strong>SVAT 2020 Appel de s\u00e9ances<\/strong><\/h1>\n\n\n\n<p>eCampusOntario recherche des propositions parmi sa communaut\u00e9 de coll\u00e8ges et d\u2019universit\u00e9s pour faire des pr\u00e9sentations sur des sujets en rapport avec le th\u00e8me de la conf\u00e9rence.<\/p>\n\n\n\n<p>Les discussions et les possibilit\u00e9s d\u2019apprentissage se d\u00e9rouleront selon le format suivant&nbsp;:<\/p>\n\n\n\n<h2 class=\"wp-block-heading\">Types de s\u00e9ances<\/h2>\n\n\n\n<p><strong>Pr\u00e9sentation<\/strong> (20&nbsp;minutes)<br>Pr\u00e9sentation d\u2019un sujet en rapport avec le th\u00e8me de la conf\u00e9rence \u00e0 tous les participants au cours d\u2019une s\u00e9ance. <br><em><span class=\"has-inline-color has-luminous-vivid-amber-color\">convaincante, inspirante, nouvelle<\/span><\/em><\/p>\n\n\n\n<p><strong>D\u00e9monstration pratique <\/strong>(20&nbsp;minutes)&nbsp;<br>Discussion d\u2019une \u00e9tude de cas en rapport avec le th\u00e8me de la conf\u00e9rence. <br><em><span class=\"has-inline-color has-luminous-vivid-amber-color\">formative, pratique, v\u00e9cue<\/span><\/em><\/p>\n\n\n\n<h2 class=\"wp-block-heading\">Soumissions de propositions:<\/h2>\n\n\n\n<p>Pr\u00e9parer un r\u00e9sum\u00e9 de 500&nbsp;mots maximum d\u00e9crivant clairement les grandes lignes&nbsp;:&nbsp;<\/p>\n\n\n\n<ul class=\"wp-block-list\"><li>Sujet \u2013 \u00e9tablir clairement votre sujet, th\u00e8me ou domaine d\u2019int\u00e9r\u00eat<\/li><li>Type de s\u00e9ance \u2013 choisir parmi les options ci-dessus et justifier votre choix<\/li><li>Alignement \u2013 fa\u00e7on dont le sujet s\u2019aligne sur le th\u00e8me Humaniser l\u2019apprentissage et contribue plus largement au SVAT&nbsp;2020<\/li><li>R\u00e9sultats d\u2019apprentissage \u2013 ce que les participants gagneront en assistant \u00e0 votre s\u00e9ance<\/li><li>Style de pr\u00e9sentation \u2013 fa\u00e7on dont vous pr\u00e9voyez d\u2019interagir et d\u2019\u00e9tablir des liens avec les participants&nbsp;<\/li><\/ul>\n\n\n\n<p><strong>Remarque: Les sessions peuvent \u00eatre enregistr\u00e9es \u00e0 l&rsquo;avance et les conf\u00e9renciers s\u00e9lectionn\u00e9s devront donc \u00eatre disponibles avant la date de l&rsquo;\u00e9v\u00e9nement.<\/strong><\/p>\n\n\n\n<p><\/p>\n\n\n\n<h3 class=\"wp-block-heading\"><strong>La p\u00e9riode de mise en candidature est maintenant ferm\u00e9e.<\/strong><\/h3>\n\n\n\n<p><\/p>\n\n\n\n<p><\/p>\n\n\n\n<h4 class=\"wp-block-heading\"><strong>Comit\u00e9 d\u2019examen des propositions<\/strong><\/h4>\n\n\n\n<p>Un comit\u00e9 d\u2019examen des propositions \u00e9valuera toutes les propositions soumises afin de d\u00e9terminer les pr\u00e9sentateurs pour le SVAT&nbsp;2020.<\/p>\n\n\n\n<p>Les propositions de s\u00e9ances des candidats seront \u00e9valu\u00e9es sur la base des crit\u00e8res suivants&nbsp;:<\/p>\n\n\n\n<figure class=\"wp-block-image size-large\"><img loading=\"lazy\" decoding=\"async\" width=\"1024\" height=\"624\" src=\"https:\/\/ecampusontario.ca\/wp-content\/uploads\/2020\/08\/TESS-2020-Rubric-FR-page0001-1-1-1024x624.jpg\" alt=\"\" class=\"wp-image-13161\" srcset=\"https:\/\/ecampusontario.ca\/wp-content\/uploads\/2020\/08\/TESS-2020-Rubric-FR-page0001-1-1-1024x624.jpg 1024w, https:\/\/ecampusontario.ca\/wp-content\/uploads\/2020\/08\/TESS-2020-Rubric-FR-page0001-1-1-300x183.jpg 300w, https:\/\/ecampusontario.ca\/wp-content\/uploads\/2020\/08\/TESS-2020-Rubric-FR-page0001-1-1-768x468.jpg 768w, https:\/\/ecampusontario.ca\/wp-content\/uploads\/2020\/08\/TESS-2020-Rubric-FR-page0001-1-1.jpg 1506w\" sizes=\"auto, (max-width: 1024px) 100vw, 1024px\" \/><\/figure>\n\n\n\n<hr class=\"wp-block-separator\"\/>\n\n\n\n<h2 class=\"has-text-align-center wp-block-heading\"><strong>conditions g\u00e9n\u00e9rales <\/strong><\/h2>\n\n\n\n<p>Je comprends que si cette proposition est accept\u00e9e par eCampusOntario, j\u2019accepte de faire une pr\u00e9sentation sur le sujet propos\u00e9 dans cette demande.<\/p>\n\n\n\n<p>J\u2019accepte qu\u2019eCampusOntario se r\u00e9serve le droit d\u2019assigner ma pr\u00e9sentation \u00e0 un autre format convenant mieux \u00e0 la conf\u00e9rence SVAT&nbsp;2020.<\/p>\n\n\n\n<p>eCampusOntario se r\u00e9serve le droit de revoir mes notes de pr\u00e9sentation \u00e0 l\u2019avance.<\/p>\n\n\n\n<p>La propri\u00e9t\u00e9 intellectuelle de ma pr\u00e9sentation m\u2019appartient, et tout autre collaborateur doit \u00eatre identifi\u00e9.<\/p>\n\n\n\n<p>Seules les personnes identifi\u00e9es dans la pr\u00e9sente proposition peuvent participer \u00e0 cette discussion pr\u00e9cise lors du SVAT.&nbsp; Tout changement de pr\u00e9sentateur doit d\u2019abord \u00eatre approuv\u00e9 par eCampusOntario.<\/p>\n\n\n\n<p>J\u2019accepte de respecter tous les d\u00e9lais fix\u00e9s par eCampusOntario.&nbsp;<\/p>\n\n\n\n<p><\/p>\n","protected":false},"excerpt":{"rendered":"<p>SVAT 2020 Appel de s\u00e9ances eCampusOntario recherche des propositions parmi sa communaut\u00e9 de coll\u00e8ges et d\u2019universit\u00e9s pour faire des pr\u00e9sentations sur des sujets en rapport avec le th\u00e8me de la conf\u00e9rence. Les discussions et les possibilit\u00e9s d\u2019apprentissage se d\u00e9rouleront selon le format suivant&nbsp;: Types de s\u00e9ances Pr\u00e9sentation (20&nbsp;minutes)Pr\u00e9sentation d\u2019un sujet en rapport avec le th\u00e8me [&hellip;]<\/p>\n","protected":false},"author":18,"featured_media":12505,"parent":0,"menu_order":0,"comment_status":"closed","ping_status":"closed","template":"","meta":{"_acf_changed":false,"footnotes":""},"categories":[],"tags":[],"class_list":["post-13014","page","type-page","status-publish","has-post-thumbnail","hentry"],"acf":[],"yoast_head":"<!-- This site is optimized with the Yoast SEO Premium plugin v26.0 (Yoast SEO v26.0) - https:\/\/yoast.com\/wordpress\/plugins\/seo\/ -->\n<title>SVAT 2020 Appel de s\u00e9ances | eCampusOntario<\/title>\n<meta name=\"robots\" content=\"index, follow, max-snippet:-1, max-image-preview:large, max-video-preview:-1\" \/>\n<link rel=\"canonical\" href=\"https:\/\/ecampusontario.ca\/fr\/svat-2020-appel-de-seances\/\" \/>\n<meta property=\"og:locale\" content=\"fr_FR\" \/>\n<meta property=\"og:type\" content=\"article\" \/>\n<meta property=\"og:title\" content=\"SVAT 2020 Appel de s\u00e9ances\" \/>\n<meta property=\"og:description\" content=\"SVAT 2020 Appel de s\u00e9ances eCampusOntario recherche des propositions parmi sa communaut\u00e9 de coll\u00e8ges et d\u2019universit\u00e9s pour faire des pr\u00e9sentations sur des sujets en rapport avec le th\u00e8me de la conf\u00e9rence. Les discussions et les possibilit\u00e9s d\u2019apprentissage se d\u00e9rouleront selon le format suivant&nbsp;: Types de s\u00e9ances Pr\u00e9sentation (20&nbsp;minutes)Pr\u00e9sentation d\u2019un sujet en rapport avec le th\u00e8me [&hellip;]\" \/>\n<meta property=\"og:url\" content=\"https:\/\/ecampusontario.ca\/fr\/svat-2020-appel-de-seances\/\" \/>\n<meta property=\"og:site_name\" content=\"eCampusOntario\" \/>\n<meta property=\"article:publisher\" content=\"https:\/\/www.facebook.com\/ecampusontario\/\" \/>\n<meta property=\"article:modified_time\" content=\"2020-08-24T15:39:13+00:00\" \/>\n<meta property=\"og:image\" content=\"https:\/\/ecampusontario.ca\/wp-content\/uploads\/2020\/07\/1920x700-tess-en.jpg\" \/>\n\t<meta property=\"og:image:width\" content=\"1920\" \/>\n\t<meta property=\"og:image:height\" content=\"700\" \/>\n\t<meta property=\"og:image:type\" content=\"image\/jpeg\" \/>\n<meta name=\"twitter:card\" content=\"summary_large_image\" \/>\n<meta name=\"twitter:site\" content=\"@eCampusOntario\" \/>\n<meta name=\"twitter:label1\" content=\"Dur\u00e9e de lecture estim\u00e9e\" \/>\n\t<meta name=\"twitter:data1\" content=\"2 minutes\" \/>\n<script type=\"application\/ld+json\" class=\"yoast-schema-graph\">{\"@context\":\"https:\/\/schema.org\",\"@graph\":[{\"@type\":\"WebPage\",\"@id\":\"https:\/\/ecampusontario.ca\/fr\/svat-2020-appel-de-seances\/\",\"url\":\"https:\/\/ecampusontario.ca\/fr\/svat-2020-appel-de-seances\/\",\"name\":\"SVAT 2020 Appel de s\u00e9ances | eCampusOntario\",\"isPartOf\":{\"@id\":\"https:\/\/ecampusontario.ca\/fr\/#website\"},\"primaryImageOfPage\":{\"@id\":\"https:\/\/ecampusontario.ca\/fr\/svat-2020-appel-de-seances\/#primaryimage\"},\"image\":{\"@id\":\"https:\/\/ecampusontario.ca\/fr\/svat-2020-appel-de-seances\/#primaryimage\"},\"thumbnailUrl\":\"https:\/\/ecampusontario.ca\/wp-content\/uploads\/2020\/07\/1920x700-tess-en.jpg\",\"datePublished\":\"2020-07-24T16:44:27+00:00\",\"dateModified\":\"2020-08-24T15:39:13+00:00\",\"breadcrumb\":{\"@id\":\"https:\/\/ecampusontario.ca\/fr\/svat-2020-appel-de-seances\/#breadcrumb\"},\"inLanguage\":\"fr-FR\",\"potentialAction\":[{\"@type\":\"ReadAction\",\"target\":[\"https:\/\/ecampusontario.ca\/fr\/svat-2020-appel-de-seances\/\"]}]},{\"@type\":\"ImageObject\",\"inLanguage\":\"fr-FR\",\"@id\":\"https:\/\/ecampusontario.ca\/fr\/svat-2020-appel-de-seances\/#primaryimage\",\"url\":\"https:\/\/ecampusontario.ca\/wp-content\/uploads\/2020\/07\/1920x700-tess-en.jpg\",\"contentUrl\":\"https:\/\/ecampusontario.ca\/wp-content\/uploads\/2020\/07\/1920x700-tess-en.jpg\",\"width\":1920,\"height\":700},{\"@type\":\"BreadcrumbList\",\"@id\":\"https:\/\/ecampusontario.ca\/fr\/svat-2020-appel-de-seances\/#breadcrumb\",\"itemListElement\":[{\"@type\":\"ListItem\",\"position\":1,\"name\":\"Home\",\"item\":\"https:\/\/ecampusontario.ca\/fr\/\"},{\"@type\":\"ListItem\",\"position\":2,\"name\":\"SVAT 2020 Appel de s\u00e9ances\"}]},{\"@type\":\"WebSite\",\"@id\":\"https:\/\/ecampusontario.ca\/fr\/#website\",\"url\":\"https:\/\/ecampusontario.ca\/fr\/\",\"name\":\"eCampusOntario\",\"description\":\"The online hub for learners and educators across Ontario\",\"publisher\":{\"@id\":\"https:\/\/ecampusontario.ca\/fr\/#organization\"},\"potentialAction\":[{\"@type\":\"SearchAction\",\"target\":{\"@type\":\"EntryPoint\",\"urlTemplate\":\"https:\/\/ecampusontario.ca\/fr\/?s={search_term_string}\"},\"query-input\":{\"@type\":\"PropertyValueSpecification\",\"valueRequired\":true,\"valueName\":\"search_term_string\"}}],\"inLanguage\":\"fr-FR\"},{\"@type\":\"Organization\",\"@id\":\"https:\/\/ecampusontario.ca\/fr\/#organization\",\"name\":\"eCampusOntario\",\"url\":\"https:\/\/ecampusontario.ca\/fr\/\",\"logo\":{\"@type\":\"ImageObject\",\"inLanguage\":\"fr-FR\",\"@id\":\"https:\/\/ecampusontario.ca\/fr\/#\/schema\/logo\/image\/\",\"url\":\"https:\/\/ecampusontario.ca\/wp-content\/uploads\/2018\/11\/ecampus-e-icon-1.png\",\"contentUrl\":\"https:\/\/ecampusontario.ca\/wp-content\/uploads\/2018\/11\/ecampus-e-icon-1.png\",\"width\":720,\"height\":325,\"caption\":\"eCampusOntario\"},\"image\":{\"@id\":\"https:\/\/ecampusontario.ca\/fr\/#\/schema\/logo\/image\/\"},\"sameAs\":[\"https:\/\/www.facebook.com\/ecampusontario\/\",\"https:\/\/x.com\/eCampusOntario\"]}]}<\/script>\n<!-- \/ Yoast SEO Premium plugin. -->","yoast_head_json":{"title":"SVAT 2020 Appel de s\u00e9ances | eCampusOntario","robots":{"index":"index","follow":"follow","max-snippet":"max-snippet:-1","max-image-preview":"max-image-preview:large","max-video-preview":"max-video-preview:-1"},"canonical":"https:\/\/ecampusontario.ca\/fr\/svat-2020-appel-de-seances\/","og_locale":"fr_FR","og_type":"article","og_title":"SVAT 2020 Appel de s\u00e9ances","og_description":"SVAT 2020 Appel de s\u00e9ances eCampusOntario recherche des propositions parmi sa communaut\u00e9 de coll\u00e8ges et d\u2019universit\u00e9s pour faire des pr\u00e9sentations sur des sujets en rapport avec le th\u00e8me de la conf\u00e9rence. Les discussions et les possibilit\u00e9s d\u2019apprentissage se d\u00e9rouleront selon le format suivant&nbsp;: Types de s\u00e9ances Pr\u00e9sentation (20&nbsp;minutes)Pr\u00e9sentation d\u2019un sujet en rapport avec le th\u00e8me [&hellip;]","og_url":"https:\/\/ecampusontario.ca\/fr\/svat-2020-appel-de-seances\/","og_site_name":"eCampusOntario","article_publisher":"https:\/\/www.facebook.com\/ecampusontario\/","article_modified_time":"2020-08-24T15:39:13+00:00","og_image":[{"width":1920,"height":700,"url":"https:\/\/ecampusontario.ca\/wp-content\/uploads\/2020\/07\/1920x700-tess-en.jpg","type":"image\/jpeg"}],"twitter_card":"summary_large_image","twitter_site":"@eCampusOntario","twitter_misc":{"Dur\u00e9e de lecture estim\u00e9e":"2 minutes"},"schema":{"@context":"https:\/\/schema.org","@graph":[{"@type":"WebPage","@id":"https:\/\/ecampusontario.ca\/fr\/svat-2020-appel-de-seances\/","url":"https:\/\/ecampusontario.ca\/fr\/svat-2020-appel-de-seances\/","name":"SVAT 2020 Appel de s\u00e9ances | eCampusOntario","isPartOf":{"@id":"https:\/\/ecampusontario.ca\/fr\/#website"},"primaryImageOfPage":{"@id":"https:\/\/ecampusontario.ca\/fr\/svat-2020-appel-de-seances\/#primaryimage"},"image":{"@id":"https:\/\/ecampusontario.ca\/fr\/svat-2020-appel-de-seances\/#primaryimage"},"thumbnailUrl":"https:\/\/ecampusontario.ca\/wp-content\/uploads\/2020\/07\/1920x700-tess-en.jpg","datePublished":"2020-07-24T16:44:27+00:00","dateModified":"2020-08-24T15:39:13+00:00","breadcrumb":{"@id":"https:\/\/ecampusontario.ca\/fr\/svat-2020-appel-de-seances\/#breadcrumb"},"inLanguage":"fr-FR","potentialAction":[{"@type":"ReadAction","target":["https:\/\/ecampusontario.ca\/fr\/svat-2020-appel-de-seances\/"]}]},{"@type":"ImageObject","inLanguage":"fr-FR","@id":"https:\/\/ecampusontario.ca\/fr\/svat-2020-appel-de-seances\/#primaryimage","url":"https:\/\/ecampusontario.ca\/wp-content\/uploads\/2020\/07\/1920x700-tess-en.jpg","contentUrl":"https:\/\/ecampusontario.ca\/wp-content\/uploads\/2020\/07\/1920x700-tess-en.jpg","width":1920,"height":700},{"@type":"BreadcrumbList","@id":"https:\/\/ecampusontario.ca\/fr\/svat-2020-appel-de-seances\/#breadcrumb","itemListElement":[{"@type":"ListItem","position":1,"name":"Home","item":"https:\/\/ecampusontario.ca\/fr\/"},{"@type":"ListItem","position":2,"name":"SVAT 2020 Appel de s\u00e9ances"}]},{"@type":"WebSite","@id":"https:\/\/ecampusontario.ca\/fr\/#website","url":"https:\/\/ecampusontario.ca\/fr\/","name":"eCampusOntario","description":"The online hub for learners and educators across Ontario","publisher":{"@id":"https:\/\/ecampusontario.ca\/fr\/#organization"},"potentialAction":[{"@type":"SearchAction","target":{"@type":"EntryPoint","urlTemplate":"https:\/\/ecampusontario.ca\/fr\/?s={search_term_string}"},"query-input":{"@type":"PropertyValueSpecification","valueRequired":true,"valueName":"search_term_string"}}],"inLanguage":"fr-FR"},{"@type":"Organization","@id":"https:\/\/ecampusontario.ca\/fr\/#organization","name":"eCampusOntario","url":"https:\/\/ecampusontario.ca\/fr\/","logo":{"@type":"ImageObject","inLanguage":"fr-FR","@id":"https:\/\/ecampusontario.ca\/fr\/#\/schema\/logo\/image\/","url":"https:\/\/ecampusontario.ca\/wp-content\/uploads\/2018\/11\/ecampus-e-icon-1.png","contentUrl":"https:\/\/ecampusontario.ca\/wp-content\/uploads\/2018\/11\/ecampus-e-icon-1.png","width":720,"height":325,"caption":"eCampusOntario"},"image":{"@id":"https:\/\/ecampusontario.ca\/fr\/#\/schema\/logo\/image\/"},"sameAs":["https:\/\/www.facebook.com\/ecampusontario\/","https:\/\/x.com\/eCampusOntario"]}]}},"_links":{"self":[{"href":"https:\/\/ecampusontario.ca\/fr\/wp-json\/wp\/v2\/pages\/13014","targetHints":{"allow":["GET"]}}],"collection":[{"href":"https:\/\/ecampusontario.ca\/fr\/wp-json\/wp\/v2\/pages"}],"about":[{"href":"https:\/\/ecampusontario.ca\/fr\/wp-json\/wp\/v2\/types\/page"}],"author":[{"embeddable":true,"href":"https:\/\/ecampusontario.ca\/fr\/wp-json\/wp\/v2\/users\/18"}],"replies":[{"embeddable":true,"href":"https:\/\/ecampusontario.ca\/fr\/wp-json\/wp\/v2\/comments?post=13014"}],"version-history":[{"count":17,"href":"https:\/\/ecampusontario.ca\/fr\/wp-json\/wp\/v2\/pages\/13014\/revisions"}],"predecessor-version":[{"id":13341,"href":"https:\/\/ecampusontario.ca\/fr\/wp-json\/wp\/v2\/pages\/13014\/revisions\/13341"}],"wp:featuredmedia":[{"embeddable":true,"href":"https:\/\/ecampusontario.ca\/fr\/wp-json\/wp\/v2\/media\/12505"}],"wp:attachment":[{"href":"https:\/\/ecampusontario.ca\/fr\/wp-json\/wp\/v2\/media?parent=13014"}],"wp:term":[{"taxonomy":"category","embeddable":true,"href":"https:\/\/ecampusontario.ca\/fr\/wp-json\/wp\/v2\/categories?post=13014"},{"taxonomy":"post_tag","embeddable":true,"href":"https:\/\/ecampusontario.ca\/fr\/wp-json\/wp\/v2\/tags?post=13014"}],"curies":[{"name":"wp","href":"https:\/\/api.w.org\/{rel}","templated":true}]}}