
{"id":12821,"date":"2020-07-15T12:31:07","date_gmt":"2020-07-15T16:31:07","guid":{"rendered":"https:\/\/ecampusontario.ca\/pivoting-to-remote-teaching\/"},"modified":"2021-09-16T12:46:18","modified_gmt":"2021-09-16T16:46:18","slug":"strategies-de-prestation","status":"publish","type":"page","link":"https:\/\/ecampusontario.ca\/fr\/strategies-de-prestation\/","title":{"rendered":"Strat\u00e9gies de prestation"},"content":{"rendered":"\n<figure class=\"wp-block-image size-large is-style-default\"><img decoding=\"async\" src=\"https:\/\/ecampusontario.ca\/wp-content\/uploads\/2021\/09\/WebBanner-DeliveryStrategies-1920x200-1.png\" alt=\"\"\/><\/figure>\n\n\n\n<div class=\"container container-lg\">\n<div class=\"row\">\n<div class=\"col-12 mb-5\">\n<div><a class=\"link\" style=\"text-transform:none !important;\" href=\"https:\/\/ecampusontario.ca\/support-teaching\/\"> Accueil d\u2019enseignement \u00e0 distance<\/a><\/div>\n<h1 class=\"heading-main text-center pb-5 pt-3\">Strat\u00e9gies de prestation<\/h1>\n\n\n\n<p>Alors que nous nous rapprochons d\u2019un avenir post-pand\u00e9mique, de nombreux \u00e9tablissements envisagent une vari\u00e9t\u00e9 d\u2019approches pour la prestation des cours. Ces approches hybrides et flexibles ont le potentiel d\u2019exploiter le meilleur des deux mondes&nbsp;: l\u2019apprentissage en personne et l\u2019apprentissage virtuel. La p\u00e9dagogie de l\u2019apprentissage hybride a la capacit\u00e9 de r\u00e9pondre aux besoins et aux ant\u00e9c\u00e9dents vari\u00e9s des apprenants tout en tirant parti de la flexibilit\u00e9 des technologies \u00e9ducatives. Il s\u2019agit d\u2019un d\u00e9fi, mais aussi d\u2019une occasion de modifier la fa\u00e7on dont nous, en tant qu\u2019\u00e9ducateurs, transmettons le contenu.&nbsp;<\/p>\n\n\n\n<p id=\"h-modifier-les-strat-gies-d-enseignement-tout-en-jonglant-avec-la-mani-re-d-enseigner-dans-de-multiples-modes-d-enseignement-est-un-nouveau-d-fi-qui-se-trouve-au-premier-plan-dans-l-esprit-de-la-plupart-des-ducateurs-vous-pouvez-choisir-parmi-de-nombreuses-options-d-enseignement-face-face-hybride-hybride-flexible-hyflex-mixte-synchrone-en-ligne-asynchrone-en-ligne-etc-vous-aurez-peut-tre-l-impression-d-avoir-besoin-d-un-aide-m-moire-pour-vous-souvenir-de-tous-les-acronymes\">Modifier les strat\u00e9gies d\u2019enseignement tout en jonglant avec la mani\u00e8re d\u2019enseigner dans de multiples modes d\u2019enseignement est un nouveau d\u00e9fi qui se trouve au premier plan dans l\u2019esprit de la plupart des \u00e9ducateurs.&nbsp; Vous pouvez choisir parmi de nombreuses options d\u2019enseignement&nbsp;: face \u00e0 face, hybride, hybride flexible (HyFlex), mixte, synchrone en ligne, asynchrone en ligne, etc.&nbsp; Vous aurez peut-\u00eatre l\u2019impression d\u2019avoir besoin d\u2019un aide-m\u00e9moire pour vous souvenir de tous les acronymes!&nbsp;&nbsp;<\/p>\n\n\n\n<p>Pour vous aider \u00e0 g\u00e9rer les multiples options de prestation, consultez le tableau ci-dessous qui propose des d\u00e9finitions actuelles et des ressources suppl\u00e9mentaires concernant toutes les strat\u00e9gies de prestation. Veuillez&nbsp;prendre note que&nbsp;ces&nbsp;ressources&nbsp;sont&nbsp;uniquement&nbsp;disponibles&nbsp;en&nbsp;anglais.<\/p>\n\n\n\n<h3 class=\"has-text-align-center wp-block-heading\" id=\"h-options-d-enseignement-et-de-prestation-de-l-apprentissage\"><strong>Options d\u2019enseignement et de prestation de l\u2019apprentissage<\/strong><\/h3>\n\n\n\n<figure class=\"wp-block-table\"><table width=\"624\">\n<tbody>\n<tr>\n<td width=\"153\">\n<p><strong>Mode de prestation<\/strong><\/p>\n<\/td>\n<td width=\"263\">\n<p><strong>D&eacute;finition<\/strong><\/p>\n<\/td>\n<td width=\"208\">\n<p><strong>Ressources suppl&eacute;mentaires<\/strong><\/p>\n<\/td>\n<\/tr>\n<tr>\n<td width=\"153\">\n<p>Apprentissage asynchrone en ligne<\/p>\n<p>&nbsp;<\/p>\n<\/td>\n<td width=\"263\">\n<ul>\n<li>L&rsquo;instructeur et les &eacute;tudiants participent tous au contenu du cours <strong>&agrave; diff&eacute;rents moments et &agrave; partir de diff&eacute;rents endroits<\/strong>.<\/li>\n<li>L&rsquo;instructeur fournit aux &eacute;tudiants une s&eacute;quence d&rsquo;unit&eacute;s que les &eacute;tudiants suivent en fonction de leur emploi du temps.<\/li>\n<li>Chaque unit&eacute; peut avoir recours &agrave; des lectures assign&eacute;es, &agrave; des m&eacute;dias t&eacute;l&eacute;vers&eacute;s, des questionnaires en ligne, des forums de discussion, etc. L&rsquo;instructeur guide les &eacute;tudiants, leur fournit un retour d&rsquo;information et les &eacute;value si n&eacute;cessaire.<\/li>\n<\/ul>\n<p>&nbsp;<\/p>\n<\/td>\n<td rowspan=\"2\" width=\"208\">\n<p>Les ressources offertes (en anglais seulement) d&eacute;finissent et expliquent les diff&eacute;rences entre l&rsquo;apprentissage asynchrone et l&rsquo;apprentissage synchrone&nbsp;:<\/p>\n<ul>\n<li><a href=\"https:\/\/er.educause.edu\/articles\/2008\/11\/asynchronous-and-synchronous-elearning\">Apprentissage &eacute;lectronique asynchrone et synchrone<\/a>, EDUCause<\/li>\n<li><a href=\"https:\/\/www.facultyfocus.com\/free-reports\/synchronous-and-asynchronous-learning-tools-strategies-for-engaging-online-students\/\">Rapport particulier de Faculty Focus&nbsp;: Impliquer les &eacute;tudiants en ligne gr&acirc;ce &agrave; des outils d&rsquo;apprentissage synchrones et asynchrones<\/a>, Faculty Focus<\/li>\n<li><a href=\"http:\/\/etec.ctlt.ubc.ca\/510wiki\/Synchronous_and_Asynchronous_Communication:Tools_for_Collaboration\">Communication asynchrone&nbsp;: Outils de collaboration<\/a>, Universit&eacute; de la Colombie-Britannique<\/li>\n<li><a href=\"https:\/\/online.osu.edu\/resources\/learn\/whats-difference-between-asynchronous-and-synchronous-learning\">Quelle est la diff&eacute;rence entre l&rsquo;apprentissage asynchrone et l&rsquo;apprentissage synchrone?<\/a>, Universit&eacute; d&rsquo;&Eacute;tat de l&rsquo;Ohio<\/li>\n<li><a href=\"https:\/\/uwaterloo.ca\/centre-for-teaching-excellence\/teaching-resources\/teaching-tips\/teaching-tips-inclusive-instructional-practices\/synchronous-and-asynchronous-online-learning\">Apprentissage en ligne synchrone et asynchrone<\/a>, Universit&eacute; de Waterloo<\/li>\n<\/ul>\n<p>&nbsp;<\/p>\n<\/td>\n<\/tr>\n<tr>\n<td width=\"153\">\n<p>Apprentissage synchrone en ligne<\/p>\n<p>&nbsp;<\/p>\n<\/td>\n<td width=\"263\">\n<ul>\n<li>L&rsquo;instructeur et les &eacute;tudiants s&rsquo;engagent <strong>simultan&eacute;ment<\/strong> dans le contenu du cours et entre eux,<strong> mais &agrave; partir de lieux diff&eacute;rents<\/strong>.<\/li>\n<li>L&rsquo;instructeur interagit avec les &eacute;tudiants en temps r&eacute;el au moyen d&rsquo;outils de conf&eacute;rence virtuelle sur Internet.<\/li>\n<\/ul>\n<p>&nbsp;<\/p>\n<\/td>\n<\/tr>\n<tr>\n<td width=\"153\">\n<p>Apprentissage mixte<\/p>\n<p>&nbsp;<\/p>\n<\/td>\n<td width=\"263\">\n<ul>\n<li>L&rsquo;apprentissage se fait en personne et en ligne, les deux modalit&eacute;s &eacute;tant int&eacute;gr&eacute;es dans une exp&eacute;rience d&rsquo;apprentissage coh&eacute;rente.<\/li>\n<li>Le mat&eacute;riel et les activit&eacute;s en ligne sont cens&eacute;s compl&eacute;ter et enrichir le temps consacr&eacute; &agrave; l&rsquo;apprentissage en personne (plut&ocirc;t que de le remplacer).<\/li>\n<\/ul>\n<\/td>\n<td width=\"208\">\n<ul>\n<li><a href=\"https:\/\/ctl.columbia.edu\/resources-and-technology\/resources\/blended-learning\/\">Apprentissage mixte<\/a>, Universit&eacute; Columbia<\/li>\n<li><a href=\"https:\/\/teachingwithtech.lss.wisc.edu\/m3w1.htm\">Enseigner avec la technologie en ligne<\/a>, Universit&eacute; du Wisconsin-Madison<\/li>\n<li><a href=\"https:\/\/teachinginhighered.com\/podcast\/blended-course-design\/\">Conception de cours d&rsquo;apprentissage mixte<\/a>, Enseigner dans l&rsquo;enseignement sup&eacute;rieur, Balado n<sup>o<\/sup>&nbsp;113<\/li>\n<\/ul>\n<\/td>\n<\/tr>\n<tr>\n<td width=\"153\">\n<p>Apprentissage hybride<\/p>\n<p>&nbsp;<\/p>\n<\/td>\n<td width=\"263\">\n<ul>\n<li>Contrairement aux cours d&rsquo;apprentissage mixte, les cours d&rsquo;apprentissage hybrides remplacent une grande partie du temps consacr&eacute; en personne par une interaction en ligne. Une partie importante du cours se d&eacute;roule en ligne.<\/li>\n<li>Les composants en ligne peuvent &ecirc;tre synchrones ou asynchrones.<\/li>\n<\/ul>\n<\/td>\n<td width=\"208\">\n<ul>\n<li><a href=\"https:\/\/teaching.cornell.edu\/resource\/getting-started-designing-hybrid-learning-course\">Commencer &agrave; concevoir un cours d&rsquo;apprentissage hybride<\/a>, Universit&eacute; Cornell<\/li>\n<li><a href=\"https:\/\/ctlt.ubc.ca\/files\/2021\/01\/CTLT_HybridTeachingLearning.pdf\">Cinq mod&egrave;les d&rsquo;enseignement hybride<\/a>, Universit&eacute; de la Colombie-Britannique<\/li>\n<\/ul>\n<\/td>\n<\/tr>\n<tr>\n<td width=\"153\">\n<p>Apprentissage hybride et flexible (HyFlex)<\/p>\n<\/td>\n<td width=\"263\">\n<ul>\n<li>Le terme HyFlex est une combinaison des termes &laquo;&nbsp;hybride&nbsp;&raquo; et &laquo;&nbsp;flexible&nbsp;&raquo;.<\/li>\n<li>Chaque cours est propos&eacute; en personne, de mani&egrave;re synchrone et asynchrone en ligne afin d&rsquo;offrir une exp&eacute;rience flexible et de multiples modes de participation.<\/li>\n<li>Les &eacute;tudiants ont le choix de la mani&egrave;re dont ils participent au cours et s&rsquo;engagent dans la mati&egrave;re, et peuvent changer leur m&eacute;thode de participation tout au long du cours (par exemple, chaque semaine, par sujet, ou selon leur pr&eacute;f&eacute;rence).<\/li>\n<\/ul>\n<p>&nbsp;<\/p>\n<\/td>\n<td width=\"208\">\n<ul>\n<li><a href=\"https:\/\/docs.google.com\/document\/d\/1gokdIjWbfERADiswlUBL4hE81hEnNiEYmBzRUeDfUdk\/edit\">Exemples de conception de cours d&rsquo;apprentissage HyFlex<\/a>, Kevin Kelly, Universit&eacute; d&rsquo;&Eacute;tat de San Francisco et ACUE<\/li>\n<li><a href=\"https:\/\/ctl.columbia.edu\/resources-and-technology\/teaching-with-technology\/teaching-online\/hyflex\/\">Enseignement et apprentissage hybrides et flexibles<\/a>, Universit&eacute; Columbia<\/li>\n<li><a href=\"https:\/\/edtechbooks.org\/hyflex\">Conception de cours hybrides et flexibles<\/a> (D<sup>r<\/sup>Brian J. Beatty)<\/li>\n<\/ul>\n<p>&nbsp;<\/p>\n<p>&nbsp;<\/p>\n<\/td>\n<\/tr>\n<\/tbody>\n<\/table><\/figure>\n\n\n\n<p>Adapt\u00e9 de <a href=\"https:\/\/otl.uoguelph.ca\/teaching-remotely\/remote-course-design\/course-design-models-combine-person-and-online-components\"><em>Course Design Models that Combine In-Person and Online Components:<\/em> <em>Definitions and Examples<\/em><\/a> et <a href=\"https:\/\/otl.uoguelph.ca\/system\/files\/Handout%201%20Course%20Design%20Models%20%281%29.pdf\"><em>Course Design Models:<\/em> <em>Blended, Hybrid, Flipped, HyFlex<\/em><\/a>, Universit\u00e9 de Guelph. Adapt\u00e9 de <a href=\"https:\/\/uwaterloo.ca\/keep-learning\/strategies-remote-teaching\/synchronous-vs-asynchronous-online-learning#:~:text=What%20is%20Synchronous%20Online%20Learning,time%2C%20but%20from%20different%20locations.\"><em>Synchronous &amp; Asynchronous Online Learning<\/em><\/a>, Universit\u00e9 de Waterloo.<\/p>\n\n\n\n<style>\n.page-container{background-color:#fff;}\ntbody > tr:first-child{background-color:#574F60;\ncolor:#fff;}\nul{font-family: \"FrutigerLTPro-Roman\";\nfont-size:16px;}\ntd ul li a{text-decoration:underline !important;}\ntable { \n\twidth: 90%; \n\tborder-collapse: collapse; \n\tmargin:50px auto;\n\t}\n\n\/* Zebra striping *\/\ntr:nth-of-type(odd) { \n\tbackground: #eee; \n\t}\n\nth { \n\tbackground: #3498db; \n\tcolor: white; \n\tfont-weight: bold; \n\t}\n\ntd, th { \n\tpadding: 10px; \n\tborder: 1px solid #ccc; \n\ttext-align: left; \n\tfont-size: 16px;\n\t}\n\n\/* \nMax width before this PARTICULAR table gets nasty\nThis query will take effect for any screen smaller than 760px\nand also iPads specifically.\n*\/\n@media \nonly screen and (max-width: 760px),\n(min-device-width: 768px) and (max-device-width: 1024px)  {\n\n\ttable { \n\t  \twidth: 100%; \n\t}\n\n\t\/* Force table to not be like tables anymore *\/\n\ttable, thead, tbody, th, td, tr { \n\t\tdisplay: block; \n\t}\n\t\n\t\/* Hide table headers (but not display: none;, for accessibility) *\/\n\tthead tr { \n\t\tposition: absolute;\n\t\ttop: -9999px;\n\t\tleft: -9999px;\n\t}\n\t\n\ttr { border: 1px solid #ccc; }\n\t\n\ttd { \n\t\t\/* Behave  like a \"row\" *\/\n\t\tborder: none;\n\t\tborder-bottom: 1px solid #eee; \n\t\tposition: relative;\n\t\t \n\t}\n\n\ttd:before { \n\t\t\/* Now like a table header *\/\n\t\tposition: absolute;\n\t\t\/* Top\/left values mimic padding *\/\n\t\ttop: 6px;\n\t\tleft: 6px;\n\t\twidth: 45%; \n\t\tpadding-right: 10px; \n\t\twhite-space: nowrap;\n\t\t\/* Label the data *\/\n\t\tcontent: attr(data-column);\n\n\t\tcolor: #000;\n\t\tfont-weight: bold;\n\t}\n\n}\n<\/style>\n\n\n\n<\/div>\n<\/div>\n<\/div>\n","protected":false},"excerpt":{"rendered":"<p>Accueil d\u2019enseignement \u00e0 distance Strat\u00e9gies de prestation Alors que nous nous rapprochons d\u2019un avenir post-pand\u00e9mique, de nombreux \u00e9tablissements envisagent une vari\u00e9t\u00e9 d\u2019approches pour la prestation des cours. Ces approches hybrides et flexibles ont le potentiel d\u2019exploiter le meilleur des deux mondes&nbsp;: l\u2019apprentissage en personne et l\u2019apprentissage virtuel. La p\u00e9dagogie de l\u2019apprentissage hybride a la capacit\u00e9 [&hellip;]<\/p>\n","protected":false},"author":18,"featured_media":0,"parent":0,"menu_order":0,"comment_status":"closed","ping_status":"closed","template":"","meta":{"_acf_changed":false,"footnotes":""},"categories":[],"tags":[],"class_list":["post-12821","page","type-page","status-publish","hentry"],"acf":[],"yoast_head":"<!-- This site is optimized with the Yoast SEO Premium plugin v26.0 (Yoast SEO v26.0) - https:\/\/yoast.com\/wordpress\/plugins\/seo\/ -->\n<title>Strat\u00e9gies de prestation | eCampusOntario<\/title>\n<meta name=\"robots\" content=\"index, follow, max-snippet:-1, max-image-preview:large, max-video-preview:-1\" \/>\n<link rel=\"canonical\" href=\"https:\/\/ecampusontario.ca\/fr\/strategies-de-prestation\/\" \/>\n<meta property=\"og:locale\" content=\"fr_FR\" \/>\n<meta property=\"og:type\" content=\"article\" \/>\n<meta property=\"og:title\" content=\"Strat\u00e9gies de prestation\" \/>\n<meta property=\"og:description\" content=\"Accueil d\u2019enseignement \u00e0 distance Strat\u00e9gies de prestation Alors que nous nous rapprochons d\u2019un avenir post-pand\u00e9mique, de nombreux \u00e9tablissements envisagent une vari\u00e9t\u00e9 d\u2019approches pour la prestation des cours. Ces approches hybrides et flexibles ont le potentiel d\u2019exploiter le meilleur des deux mondes&nbsp;: l\u2019apprentissage en personne et l\u2019apprentissage virtuel. La p\u00e9dagogie de l\u2019apprentissage hybride a la capacit\u00e9 [&hellip;]\" \/>\n<meta property=\"og:url\" content=\"https:\/\/ecampusontario.ca\/fr\/strategies-de-prestation\/\" \/>\n<meta property=\"og:site_name\" content=\"eCampusOntario\" \/>\n<meta property=\"article:publisher\" content=\"https:\/\/www.facebook.com\/ecampusontario\/\" \/>\n<meta property=\"article:modified_time\" content=\"2021-09-16T16:46:18+00:00\" \/>\n<meta property=\"og:image\" content=\"https:\/\/ecampusontario.ca\/wp-content\/uploads\/2021\/09\/WebBanner-DeliveryStrategies-1920x200-1.png\" \/>\n<meta name=\"twitter:card\" content=\"summary_large_image\" \/>\n<meta name=\"twitter:site\" content=\"@eCampusOntario\" \/>\n<meta name=\"twitter:label1\" content=\"Dur\u00e9e de lecture estim\u00e9e\" \/>\n\t<meta name=\"twitter:data1\" content=\"5 minutes\" \/>\n<script type=\"application\/ld+json\" class=\"yoast-schema-graph\">{\"@context\":\"https:\/\/schema.org\",\"@graph\":[{\"@type\":\"WebPage\",\"@id\":\"https:\/\/ecampusontario.ca\/fr\/strategies-de-prestation\/\",\"url\":\"https:\/\/ecampusontario.ca\/fr\/strategies-de-prestation\/\",\"name\":\"Strat\u00e9gies de prestation | eCampusOntario\",\"isPartOf\":{\"@id\":\"https:\/\/ecampusontario.ca\/fr\/#website\"},\"primaryImageOfPage\":{\"@id\":\"https:\/\/ecampusontario.ca\/fr\/strategies-de-prestation\/#primaryimage\"},\"image\":{\"@id\":\"https:\/\/ecampusontario.ca\/fr\/strategies-de-prestation\/#primaryimage\"},\"thumbnailUrl\":\"https:\/\/ecampusontario.ca\/wp-content\/uploads\/2021\/09\/WebBanner-DeliveryStrategies-1920x200-1.png\",\"datePublished\":\"2020-07-15T16:31:07+00:00\",\"dateModified\":\"2021-09-16T16:46:18+00:00\",\"breadcrumb\":{\"@id\":\"https:\/\/ecampusontario.ca\/fr\/strategies-de-prestation\/#breadcrumb\"},\"inLanguage\":\"fr-FR\",\"potentialAction\":[{\"@type\":\"ReadAction\",\"target\":[\"https:\/\/ecampusontario.ca\/fr\/strategies-de-prestation\/\"]}]},{\"@type\":\"ImageObject\",\"inLanguage\":\"fr-FR\",\"@id\":\"https:\/\/ecampusontario.ca\/fr\/strategies-de-prestation\/#primaryimage\",\"url\":\"https:\/\/ecampusontario.ca\/wp-content\/uploads\/2021\/09\/WebBanner-DeliveryStrategies-1920x200-1.png\",\"contentUrl\":\"https:\/\/ecampusontario.ca\/wp-content\/uploads\/2021\/09\/WebBanner-DeliveryStrategies-1920x200-1.png\"},{\"@type\":\"BreadcrumbList\",\"@id\":\"https:\/\/ecampusontario.ca\/fr\/strategies-de-prestation\/#breadcrumb\",\"itemListElement\":[{\"@type\":\"ListItem\",\"position\":1,\"name\":\"Home\",\"item\":\"https:\/\/ecampusontario.ca\/fr\/\"},{\"@type\":\"ListItem\",\"position\":2,\"name\":\"Strat\u00e9gies de prestation\"}]},{\"@type\":\"WebSite\",\"@id\":\"https:\/\/ecampusontario.ca\/fr\/#website\",\"url\":\"https:\/\/ecampusontario.ca\/fr\/\",\"name\":\"eCampusOntario\",\"description\":\"The online hub for learners and educators across Ontario\",\"publisher\":{\"@id\":\"https:\/\/ecampusontario.ca\/fr\/#organization\"},\"potentialAction\":[{\"@type\":\"SearchAction\",\"target\":{\"@type\":\"EntryPoint\",\"urlTemplate\":\"https:\/\/ecampusontario.ca\/fr\/?s={search_term_string}\"},\"query-input\":{\"@type\":\"PropertyValueSpecification\",\"valueRequired\":true,\"valueName\":\"search_term_string\"}}],\"inLanguage\":\"fr-FR\"},{\"@type\":\"Organization\",\"@id\":\"https:\/\/ecampusontario.ca\/fr\/#organization\",\"name\":\"eCampusOntario\",\"url\":\"https:\/\/ecampusontario.ca\/fr\/\",\"logo\":{\"@type\":\"ImageObject\",\"inLanguage\":\"fr-FR\",\"@id\":\"https:\/\/ecampusontario.ca\/fr\/#\/schema\/logo\/image\/\",\"url\":\"https:\/\/ecampusontario.ca\/wp-content\/uploads\/2018\/11\/ecampus-e-icon-1.png\",\"contentUrl\":\"https:\/\/ecampusontario.ca\/wp-content\/uploads\/2018\/11\/ecampus-e-icon-1.png\",\"width\":720,\"height\":325,\"caption\":\"eCampusOntario\"},\"image\":{\"@id\":\"https:\/\/ecampusontario.ca\/fr\/#\/schema\/logo\/image\/\"},\"sameAs\":[\"https:\/\/www.facebook.com\/ecampusontario\/\",\"https:\/\/x.com\/eCampusOntario\"]}]}<\/script>\n<!-- \/ Yoast SEO Premium plugin. -->","yoast_head_json":{"title":"Strat\u00e9gies de prestation | eCampusOntario","robots":{"index":"index","follow":"follow","max-snippet":"max-snippet:-1","max-image-preview":"max-image-preview:large","max-video-preview":"max-video-preview:-1"},"canonical":"https:\/\/ecampusontario.ca\/fr\/strategies-de-prestation\/","og_locale":"fr_FR","og_type":"article","og_title":"Strat\u00e9gies de prestation","og_description":"Accueil d\u2019enseignement \u00e0 distance Strat\u00e9gies de prestation Alors que nous nous rapprochons d\u2019un avenir post-pand\u00e9mique, de nombreux \u00e9tablissements envisagent une vari\u00e9t\u00e9 d\u2019approches pour la prestation des cours. Ces approches hybrides et flexibles ont le potentiel d\u2019exploiter le meilleur des deux mondes&nbsp;: l\u2019apprentissage en personne et l\u2019apprentissage virtuel. La p\u00e9dagogie de l\u2019apprentissage hybride a la capacit\u00e9 [&hellip;]","og_url":"https:\/\/ecampusontario.ca\/fr\/strategies-de-prestation\/","og_site_name":"eCampusOntario","article_publisher":"https:\/\/www.facebook.com\/ecampusontario\/","article_modified_time":"2021-09-16T16:46:18+00:00","og_image":[{"url":"https:\/\/ecampusontario.ca\/wp-content\/uploads\/2021\/09\/WebBanner-DeliveryStrategies-1920x200-1.png","type":"","width":"","height":""}],"twitter_card":"summary_large_image","twitter_site":"@eCampusOntario","twitter_misc":{"Dur\u00e9e de lecture estim\u00e9e":"5 minutes"},"schema":{"@context":"https:\/\/schema.org","@graph":[{"@type":"WebPage","@id":"https:\/\/ecampusontario.ca\/fr\/strategies-de-prestation\/","url":"https:\/\/ecampusontario.ca\/fr\/strategies-de-prestation\/","name":"Strat\u00e9gies de prestation | eCampusOntario","isPartOf":{"@id":"https:\/\/ecampusontario.ca\/fr\/#website"},"primaryImageOfPage":{"@id":"https:\/\/ecampusontario.ca\/fr\/strategies-de-prestation\/#primaryimage"},"image":{"@id":"https:\/\/ecampusontario.ca\/fr\/strategies-de-prestation\/#primaryimage"},"thumbnailUrl":"https:\/\/ecampusontario.ca\/wp-content\/uploads\/2021\/09\/WebBanner-DeliveryStrategies-1920x200-1.png","datePublished":"2020-07-15T16:31:07+00:00","dateModified":"2021-09-16T16:46:18+00:00","breadcrumb":{"@id":"https:\/\/ecampusontario.ca\/fr\/strategies-de-prestation\/#breadcrumb"},"inLanguage":"fr-FR","potentialAction":[{"@type":"ReadAction","target":["https:\/\/ecampusontario.ca\/fr\/strategies-de-prestation\/"]}]},{"@type":"ImageObject","inLanguage":"fr-FR","@id":"https:\/\/ecampusontario.ca\/fr\/strategies-de-prestation\/#primaryimage","url":"https:\/\/ecampusontario.ca\/wp-content\/uploads\/2021\/09\/WebBanner-DeliveryStrategies-1920x200-1.png","contentUrl":"https:\/\/ecampusontario.ca\/wp-content\/uploads\/2021\/09\/WebBanner-DeliveryStrategies-1920x200-1.png"},{"@type":"BreadcrumbList","@id":"https:\/\/ecampusontario.ca\/fr\/strategies-de-prestation\/#breadcrumb","itemListElement":[{"@type":"ListItem","position":1,"name":"Home","item":"https:\/\/ecampusontario.ca\/fr\/"},{"@type":"ListItem","position":2,"name":"Strat\u00e9gies de prestation"}]},{"@type":"WebSite","@id":"https:\/\/ecampusontario.ca\/fr\/#website","url":"https:\/\/ecampusontario.ca\/fr\/","name":"eCampusOntario","description":"The online hub for learners and educators across Ontario","publisher":{"@id":"https:\/\/ecampusontario.ca\/fr\/#organization"},"potentialAction":[{"@type":"SearchAction","target":{"@type":"EntryPoint","urlTemplate":"https:\/\/ecampusontario.ca\/fr\/?s={search_term_string}"},"query-input":{"@type":"PropertyValueSpecification","valueRequired":true,"valueName":"search_term_string"}}],"inLanguage":"fr-FR"},{"@type":"Organization","@id":"https:\/\/ecampusontario.ca\/fr\/#organization","name":"eCampusOntario","url":"https:\/\/ecampusontario.ca\/fr\/","logo":{"@type":"ImageObject","inLanguage":"fr-FR","@id":"https:\/\/ecampusontario.ca\/fr\/#\/schema\/logo\/image\/","url":"https:\/\/ecampusontario.ca\/wp-content\/uploads\/2018\/11\/ecampus-e-icon-1.png","contentUrl":"https:\/\/ecampusontario.ca\/wp-content\/uploads\/2018\/11\/ecampus-e-icon-1.png","width":720,"height":325,"caption":"eCampusOntario"},"image":{"@id":"https:\/\/ecampusontario.ca\/fr\/#\/schema\/logo\/image\/"},"sameAs":["https:\/\/www.facebook.com\/ecampusontario\/","https:\/\/x.com\/eCampusOntario"]}]}},"_links":{"self":[{"href":"https:\/\/ecampusontario.ca\/fr\/wp-json\/wp\/v2\/pages\/12821","targetHints":{"allow":["GET"]}}],"collection":[{"href":"https:\/\/ecampusontario.ca\/fr\/wp-json\/wp\/v2\/pages"}],"about":[{"href":"https:\/\/ecampusontario.ca\/fr\/wp-json\/wp\/v2\/types\/page"}],"author":[{"embeddable":true,"href":"https:\/\/ecampusontario.ca\/fr\/wp-json\/wp\/v2\/users\/18"}],"replies":[{"embeddable":true,"href":"https:\/\/ecampusontario.ca\/fr\/wp-json\/wp\/v2\/comments?post=12821"}],"version-history":[{"count":9,"href":"https:\/\/ecampusontario.ca\/fr\/wp-json\/wp\/v2\/pages\/12821\/revisions"}],"predecessor-version":[{"id":17406,"href":"https:\/\/ecampusontario.ca\/fr\/wp-json\/wp\/v2\/pages\/12821\/revisions\/17406"}],"wp:attachment":[{"href":"https:\/\/ecampusontario.ca\/fr\/wp-json\/wp\/v2\/media?parent=12821"}],"wp:term":[{"taxonomy":"category","embeddable":true,"href":"https:\/\/ecampusontario.ca\/fr\/wp-json\/wp\/v2\/categories?post=12821"},{"taxonomy":"post_tag","embeddable":true,"href":"https:\/\/ecampusontario.ca\/fr\/wp-json\/wp\/v2\/tags?post=12821"}],"curies":[{"name":"wp","href":"https:\/\/api.w.org\/{rel}","templated":true}]}}