
{"id":12420,"date":"2020-07-03T16:25:10","date_gmt":"2020-07-03T20:25:10","guid":{"rendered":"https:\/\/ecampusontario.ca\/?page_id=12420"},"modified":"2020-08-24T16:57:39","modified_gmt":"2020-08-24T20:57:39","slug":"comite-dexamen-des-propositions-pour-le-svat-2020","status":"publish","type":"page","link":"https:\/\/ecampusontario.ca\/fr\/comite-dexamen-des-propositions-pour-le-svat-2020\/","title":{"rendered":"Comit\u00e9 d\u2019examen des propositions pour le SVAT 2020"},"content":{"rendered":"\n<div class=\"container container-lg\">\n<div class=\"row\">\n<div class=\"col-12 mb-5\">\n\n\n\n<img loading=\"lazy\" decoding=\"async\" class=\"aligncenter wp-image-12515 size-full mb-5\" src=\"https:\/\/ecampusontario.ca\/wp-content\/uploads\/2020\/07\/1920x700-tess-fr.jpg\" alt=\"\" width=\"1920\" height=\"700\">\n\n\n<h1 style=\"text-align: center;\">Recherche d\u2019\u00e9valuateurs pour les propositions<\/h1>\n\n\n<p class=\"mt-5\">eCampusOntario met en place un comit\u00e9 d\u2019examen des propositions afin d\u2019\u00e9valuer les pr\u00e9sentations soumises pour le SVAT. Ce comit\u00e9 doit&nbsp;:<\/p>\n\n\n\n<ul class=\"wp-block-list\"><li>\u00c9valuer les propositions en fonction de la structure et du cadre d\u2019\u00e9valuation \u00e9tablis par eCampusOntario.<\/li><li>Se r\u00e9unir pour discuter des propositions qui n\u00e9cessitent un examen plus approfondi.<\/li><li>Faire un retour d\u2019information constructif sur les propositions \u00e9tudi\u00e9es qui sera communiqu\u00e9 \u00e0 tous les candidats, que leur proposition ait \u00e9t\u00e9 accept\u00e9e ou non pour la pr\u00e9sentation au SVAT.<\/li><\/ul>\n\n\n\n<p>Il est pr\u00e9vu que les membres du comit\u00e9 d\u2019examen des propositions auront besoin de 5 \u00e0 10\u00a0heures pour \u00e9tudier les propositions, bien que davantage de temps puisse \u00eatre n\u00e9cessaire en fonction du nombre de candidats et de la qualit\u00e9 des propositions.<\/p>\n\n\n\n<p>Si vous souhaitez faire partie du comit\u00e9 de r\u00e9vision des propositions, veuillez lire les pr\u00e9sentes conditions g\u00e9n\u00e9rales et remplir le formulaire de candidature ci-dessous.<\/p>\n\n\n\n<h3 class=\"wp-block-heading\">La p\u00e9riode de mise en candidature est maintenant ferm\u00e9e.<\/h3>\n\n\n\n<hr class=\"wp-block-separator\"\/>\n\n\n\n<h2 class=\"has-text-align-center wp-block-heading\"><strong>conditions g\u00e9n\u00e9rales<\/strong><\/h2>\n\n\n\n<p>En soumettant cette demande, je comprends ce qui suit&nbsp;:<\/p>\n\n\n\n<ul class=\"wp-block-list\"><li>Le processus de nomination au comit\u00e9 d\u2019examen des propositions sera pleinement ouvert \u00e0 la communaut\u00e9 et transparent.<\/li><li>Pour garantir la transparence, le nom, l&rsquo;\u00e9tablissement et le titre des membres du comit\u00e9 seront publi\u00e9s sur le site Web du SVAT.<\/li><\/ul>\n\n\n\n<p>J\u2019accepte&nbsp;:<\/p>\n\n\n\n<ul class=\"wp-block-list\"><li>D\u2019investir le temps n\u00e9cessaire \u00e0 ma participation au comit\u00e9 d\u2019examen des propositions.<\/li><li>De respecter le processus d\u2019examen des propositions qui est d\u00e9crit par eCampusOntario.<\/li><li>De participer tout \u00e0 fait b\u00e9n\u00e9volement, sans compensation financi\u00e8re.<\/li><\/ul>\n\n\n\n<p>Si ma candidature est retenue, je m\u2019engage \u00e0&nbsp;:<\/p>\n\n\n\n<ul class=\"wp-block-list\"><li>Respecter les d\u00e9lais fix\u00e9s par eCampusOntario.<\/li><li>\u00c9tudier les propositions afin de s\u00e9lectionner les meilleurs candidats pour donner des pr\u00e9sentations au SVAT&nbsp;2020.<\/li><li>\u00c9tudier les propositions de mani\u00e8re \u00e9quitable, raisonnable et sans pr\u00e9judice.<\/li><li>N\u2019accepter aucune sorte de r\u00e9mun\u00e9ration, que ce soit en esp\u00e8ces, en dons ou en nature, pour pousser une candidature.<\/li><\/ul>\n\n\n\n<p>J&rsquo;accepte d&rsquo;\u00eatre soumis \u00e0 des v\u00e9rifications de conflits d\u2019int\u00e9r\u00eats et de d\u00e9voiler&nbsp;:<\/p>\n\n\n\n<ul class=\"wp-block-list\"><li>Tout conflit d\u2019int\u00e9r\u00eats susceptible de survenir, y compris mais sans s\u2019y limiter&nbsp;:<\/li><li>Toute relation personnelle existante ou pass\u00e9e avec tout candidat ayant soumis une proposition de pr\u00e9sentation.<\/li><li>Toute collaboration, de quelque nature que ce soit, \u00e0 la recherche ou \u00e0 tout travail propos\u00e9 par un candidat.<\/li><li>Toute \u00e9tude ant\u00e9rieure de la m\u00eame pr\u00e9sentation propos\u00e9e par le m\u00eame candidat pour une autre conf\u00e9rence ou un autre \u00e9v\u00e9nement.<\/li><\/ul>\n\n\n\n<p><\/p>\n","protected":false},"excerpt":{"rendered":"<p>Recherche d\u2019\u00e9valuateurs pour les propositions eCampusOntario met en place un comit\u00e9 d\u2019examen des propositions afin d\u2019\u00e9valuer les pr\u00e9sentations soumises pour le SVAT. Ce comit\u00e9 doit&nbsp;: \u00c9valuer les propositions en fonction de la structure et du cadre d\u2019\u00e9valuation \u00e9tablis par eCampusOntario. Se r\u00e9unir pour discuter des propositions qui n\u00e9cessitent un examen plus approfondi. Faire un retour [&hellip;]<\/p>\n","protected":false},"author":18,"featured_media":12505,"parent":0,"menu_order":0,"comment_status":"closed","ping_status":"closed","template":"","meta":{"_acf_changed":false,"footnotes":""},"categories":[],"tags":[],"class_list":["post-12420","page","type-page","status-publish","has-post-thumbnail","hentry"],"acf":[],"yoast_head":"<!-- This site is optimized with the Yoast SEO Premium plugin v26.0 (Yoast SEO v26.0) - https:\/\/yoast.com\/wordpress\/plugins\/seo\/ -->\n<title>Comit\u00e9 d\u2019examen des propositions pour le SVAT 2020 | eCampusOntario<\/title>\n<meta name=\"robots\" content=\"index, follow, max-snippet:-1, max-image-preview:large, max-video-preview:-1\" \/>\n<link rel=\"canonical\" href=\"https:\/\/ecampusontario.ca\/fr\/comite-dexamen-des-propositions-pour-le-svat-2020\/\" \/>\n<meta property=\"og:locale\" content=\"fr_FR\" \/>\n<meta property=\"og:type\" content=\"article\" \/>\n<meta property=\"og:title\" content=\"Comit\u00e9 d\u2019examen des propositions pour le SVAT 2020\" \/>\n<meta property=\"og:description\" content=\"Recherche d\u2019\u00e9valuateurs pour les propositions eCampusOntario met en place un comit\u00e9 d\u2019examen des propositions afin d\u2019\u00e9valuer les pr\u00e9sentations soumises pour le SVAT. Ce comit\u00e9 doit&nbsp;: \u00c9valuer les propositions en fonction de la structure et du cadre d\u2019\u00e9valuation \u00e9tablis par eCampusOntario. Se r\u00e9unir pour discuter des propositions qui n\u00e9cessitent un examen plus approfondi. Faire un retour [&hellip;]\" \/>\n<meta property=\"og:url\" content=\"https:\/\/ecampusontario.ca\/fr\/comite-dexamen-des-propositions-pour-le-svat-2020\/\" \/>\n<meta property=\"og:site_name\" content=\"eCampusOntario\" \/>\n<meta property=\"article:publisher\" content=\"https:\/\/www.facebook.com\/ecampusontario\/\" \/>\n<meta property=\"article:modified_time\" content=\"2020-08-24T20:57:39+00:00\" \/>\n<meta property=\"og:image\" content=\"https:\/\/ecampusontario.ca\/wp-content\/uploads\/2020\/07\/1920x700-tess-en.jpg\" \/>\n\t<meta property=\"og:image:width\" content=\"1920\" \/>\n\t<meta property=\"og:image:height\" content=\"700\" \/>\n\t<meta property=\"og:image:type\" content=\"image\/jpeg\" \/>\n<meta name=\"twitter:card\" content=\"summary_large_image\" \/>\n<meta name=\"twitter:site\" content=\"@eCampusOntario\" \/>\n<meta name=\"twitter:label1\" content=\"Dur\u00e9e de lecture estim\u00e9e\" \/>\n\t<meta name=\"twitter:data1\" content=\"2 minutes\" \/>\n<script type=\"application\/ld+json\" class=\"yoast-schema-graph\">{\"@context\":\"https:\/\/schema.org\",\"@graph\":[{\"@type\":\"WebPage\",\"@id\":\"https:\/\/ecampusontario.ca\/fr\/comite-dexamen-des-propositions-pour-le-svat-2020\/\",\"url\":\"https:\/\/ecampusontario.ca\/fr\/comite-dexamen-des-propositions-pour-le-svat-2020\/\",\"name\":\"Comit\u00e9 d\u2019examen des propositions pour le SVAT 2020 | eCampusOntario\",\"isPartOf\":{\"@id\":\"https:\/\/ecampusontario.ca\/fr\/#website\"},\"primaryImageOfPage\":{\"@id\":\"https:\/\/ecampusontario.ca\/fr\/comite-dexamen-des-propositions-pour-le-svat-2020\/#primaryimage\"},\"image\":{\"@id\":\"https:\/\/ecampusontario.ca\/fr\/comite-dexamen-des-propositions-pour-le-svat-2020\/#primaryimage\"},\"thumbnailUrl\":\"https:\/\/ecampusontario.ca\/wp-content\/uploads\/2020\/07\/1920x700-tess-en.jpg\",\"datePublished\":\"2020-07-03T20:25:10+00:00\",\"dateModified\":\"2020-08-24T20:57:39+00:00\",\"breadcrumb\":{\"@id\":\"https:\/\/ecampusontario.ca\/fr\/comite-dexamen-des-propositions-pour-le-svat-2020\/#breadcrumb\"},\"inLanguage\":\"fr-FR\",\"potentialAction\":[{\"@type\":\"ReadAction\",\"target\":[\"https:\/\/ecampusontario.ca\/fr\/comite-dexamen-des-propositions-pour-le-svat-2020\/\"]}]},{\"@type\":\"ImageObject\",\"inLanguage\":\"fr-FR\",\"@id\":\"https:\/\/ecampusontario.ca\/fr\/comite-dexamen-des-propositions-pour-le-svat-2020\/#primaryimage\",\"url\":\"https:\/\/ecampusontario.ca\/wp-content\/uploads\/2020\/07\/1920x700-tess-en.jpg\",\"contentUrl\":\"https:\/\/ecampusontario.ca\/wp-content\/uploads\/2020\/07\/1920x700-tess-en.jpg\",\"width\":1920,\"height\":700},{\"@type\":\"BreadcrumbList\",\"@id\":\"https:\/\/ecampusontario.ca\/fr\/comite-dexamen-des-propositions-pour-le-svat-2020\/#breadcrumb\",\"itemListElement\":[{\"@type\":\"ListItem\",\"position\":1,\"name\":\"Home\",\"item\":\"https:\/\/ecampusontario.ca\/fr\/\"},{\"@type\":\"ListItem\",\"position\":2,\"name\":\"Comit\u00e9 d\u2019examen des propositions pour le SVAT 2020\"}]},{\"@type\":\"WebSite\",\"@id\":\"https:\/\/ecampusontario.ca\/fr\/#website\",\"url\":\"https:\/\/ecampusontario.ca\/fr\/\",\"name\":\"eCampusOntario\",\"description\":\"The online hub for learners and educators across Ontario\",\"publisher\":{\"@id\":\"https:\/\/ecampusontario.ca\/fr\/#organization\"},\"potentialAction\":[{\"@type\":\"SearchAction\",\"target\":{\"@type\":\"EntryPoint\",\"urlTemplate\":\"https:\/\/ecampusontario.ca\/fr\/?s={search_term_string}\"},\"query-input\":{\"@type\":\"PropertyValueSpecification\",\"valueRequired\":true,\"valueName\":\"search_term_string\"}}],\"inLanguage\":\"fr-FR\"},{\"@type\":\"Organization\",\"@id\":\"https:\/\/ecampusontario.ca\/fr\/#organization\",\"name\":\"eCampusOntario\",\"url\":\"https:\/\/ecampusontario.ca\/fr\/\",\"logo\":{\"@type\":\"ImageObject\",\"inLanguage\":\"fr-FR\",\"@id\":\"https:\/\/ecampusontario.ca\/fr\/#\/schema\/logo\/image\/\",\"url\":\"https:\/\/ecampusontario.ca\/wp-content\/uploads\/2018\/11\/ecampus-e-icon-1.png\",\"contentUrl\":\"https:\/\/ecampusontario.ca\/wp-content\/uploads\/2018\/11\/ecampus-e-icon-1.png\",\"width\":720,\"height\":325,\"caption\":\"eCampusOntario\"},\"image\":{\"@id\":\"https:\/\/ecampusontario.ca\/fr\/#\/schema\/logo\/image\/\"},\"sameAs\":[\"https:\/\/www.facebook.com\/ecampusontario\/\",\"https:\/\/x.com\/eCampusOntario\"]}]}<\/script>\n<!-- \/ Yoast SEO Premium plugin. -->","yoast_head_json":{"title":"Comit\u00e9 d\u2019examen des propositions pour le SVAT 2020 | eCampusOntario","robots":{"index":"index","follow":"follow","max-snippet":"max-snippet:-1","max-image-preview":"max-image-preview:large","max-video-preview":"max-video-preview:-1"},"canonical":"https:\/\/ecampusontario.ca\/fr\/comite-dexamen-des-propositions-pour-le-svat-2020\/","og_locale":"fr_FR","og_type":"article","og_title":"Comit\u00e9 d\u2019examen des propositions pour le SVAT 2020","og_description":"Recherche d\u2019\u00e9valuateurs pour les propositions eCampusOntario met en place un comit\u00e9 d\u2019examen des propositions afin d\u2019\u00e9valuer les pr\u00e9sentations soumises pour le SVAT. Ce comit\u00e9 doit&nbsp;: \u00c9valuer les propositions en fonction de la structure et du cadre d\u2019\u00e9valuation \u00e9tablis par eCampusOntario. Se r\u00e9unir pour discuter des propositions qui n\u00e9cessitent un examen plus approfondi. Faire un retour [&hellip;]","og_url":"https:\/\/ecampusontario.ca\/fr\/comite-dexamen-des-propositions-pour-le-svat-2020\/","og_site_name":"eCampusOntario","article_publisher":"https:\/\/www.facebook.com\/ecampusontario\/","article_modified_time":"2020-08-24T20:57:39+00:00","og_image":[{"width":1920,"height":700,"url":"https:\/\/ecampusontario.ca\/wp-content\/uploads\/2020\/07\/1920x700-tess-en.jpg","type":"image\/jpeg"}],"twitter_card":"summary_large_image","twitter_site":"@eCampusOntario","twitter_misc":{"Dur\u00e9e de lecture estim\u00e9e":"2 minutes"},"schema":{"@context":"https:\/\/schema.org","@graph":[{"@type":"WebPage","@id":"https:\/\/ecampusontario.ca\/fr\/comite-dexamen-des-propositions-pour-le-svat-2020\/","url":"https:\/\/ecampusontario.ca\/fr\/comite-dexamen-des-propositions-pour-le-svat-2020\/","name":"Comit\u00e9 d\u2019examen des propositions pour le SVAT 2020 | eCampusOntario","isPartOf":{"@id":"https:\/\/ecampusontario.ca\/fr\/#website"},"primaryImageOfPage":{"@id":"https:\/\/ecampusontario.ca\/fr\/comite-dexamen-des-propositions-pour-le-svat-2020\/#primaryimage"},"image":{"@id":"https:\/\/ecampusontario.ca\/fr\/comite-dexamen-des-propositions-pour-le-svat-2020\/#primaryimage"},"thumbnailUrl":"https:\/\/ecampusontario.ca\/wp-content\/uploads\/2020\/07\/1920x700-tess-en.jpg","datePublished":"2020-07-03T20:25:10+00:00","dateModified":"2020-08-24T20:57:39+00:00","breadcrumb":{"@id":"https:\/\/ecampusontario.ca\/fr\/comite-dexamen-des-propositions-pour-le-svat-2020\/#breadcrumb"},"inLanguage":"fr-FR","potentialAction":[{"@type":"ReadAction","target":["https:\/\/ecampusontario.ca\/fr\/comite-dexamen-des-propositions-pour-le-svat-2020\/"]}]},{"@type":"ImageObject","inLanguage":"fr-FR","@id":"https:\/\/ecampusontario.ca\/fr\/comite-dexamen-des-propositions-pour-le-svat-2020\/#primaryimage","url":"https:\/\/ecampusontario.ca\/wp-content\/uploads\/2020\/07\/1920x700-tess-en.jpg","contentUrl":"https:\/\/ecampusontario.ca\/wp-content\/uploads\/2020\/07\/1920x700-tess-en.jpg","width":1920,"height":700},{"@type":"BreadcrumbList","@id":"https:\/\/ecampusontario.ca\/fr\/comite-dexamen-des-propositions-pour-le-svat-2020\/#breadcrumb","itemListElement":[{"@type":"ListItem","position":1,"name":"Home","item":"https:\/\/ecampusontario.ca\/fr\/"},{"@type":"ListItem","position":2,"name":"Comit\u00e9 d\u2019examen des propositions pour le SVAT 2020"}]},{"@type":"WebSite","@id":"https:\/\/ecampusontario.ca\/fr\/#website","url":"https:\/\/ecampusontario.ca\/fr\/","name":"eCampusOntario","description":"The online hub for learners and educators across Ontario","publisher":{"@id":"https:\/\/ecampusontario.ca\/fr\/#organization"},"potentialAction":[{"@type":"SearchAction","target":{"@type":"EntryPoint","urlTemplate":"https:\/\/ecampusontario.ca\/fr\/?s={search_term_string}"},"query-input":{"@type":"PropertyValueSpecification","valueRequired":true,"valueName":"search_term_string"}}],"inLanguage":"fr-FR"},{"@type":"Organization","@id":"https:\/\/ecampusontario.ca\/fr\/#organization","name":"eCampusOntario","url":"https:\/\/ecampusontario.ca\/fr\/","logo":{"@type":"ImageObject","inLanguage":"fr-FR","@id":"https:\/\/ecampusontario.ca\/fr\/#\/schema\/logo\/image\/","url":"https:\/\/ecampusontario.ca\/wp-content\/uploads\/2018\/11\/ecampus-e-icon-1.png","contentUrl":"https:\/\/ecampusontario.ca\/wp-content\/uploads\/2018\/11\/ecampus-e-icon-1.png","width":720,"height":325,"caption":"eCampusOntario"},"image":{"@id":"https:\/\/ecampusontario.ca\/fr\/#\/schema\/logo\/image\/"},"sameAs":["https:\/\/www.facebook.com\/ecampusontario\/","https:\/\/x.com\/eCampusOntario"]}]}},"_links":{"self":[{"href":"https:\/\/ecampusontario.ca\/fr\/wp-json\/wp\/v2\/pages\/12420","targetHints":{"allow":["GET"]}}],"collection":[{"href":"https:\/\/ecampusontario.ca\/fr\/wp-json\/wp\/v2\/pages"}],"about":[{"href":"https:\/\/ecampusontario.ca\/fr\/wp-json\/wp\/v2\/types\/page"}],"author":[{"embeddable":true,"href":"https:\/\/ecampusontario.ca\/fr\/wp-json\/wp\/v2\/users\/18"}],"replies":[{"embeddable":true,"href":"https:\/\/ecampusontario.ca\/fr\/wp-json\/wp\/v2\/comments?post=12420"}],"version-history":[{"count":32,"href":"https:\/\/ecampusontario.ca\/fr\/wp-json\/wp\/v2\/pages\/12420\/revisions"}],"predecessor-version":[{"id":13355,"href":"https:\/\/ecampusontario.ca\/fr\/wp-json\/wp\/v2\/pages\/12420\/revisions\/13355"}],"wp:featuredmedia":[{"embeddable":true,"href":"https:\/\/ecampusontario.ca\/fr\/wp-json\/wp\/v2\/media\/12505"}],"wp:attachment":[{"href":"https:\/\/ecampusontario.ca\/fr\/wp-json\/wp\/v2\/media?parent=12420"}],"wp:term":[{"taxonomy":"category","embeddable":true,"href":"https:\/\/ecampusontario.ca\/fr\/wp-json\/wp\/v2\/categories?post=12420"},{"taxonomy":"post_tag","embeddable":true,"href":"https:\/\/ecampusontario.ca\/fr\/wp-json\/wp\/v2\/tags?post=12420"}],"curies":[{"name":"wp","href":"https:\/\/api.w.org\/{rel}","templated":true}]}}