
{"id":12381,"date":"2020-06-30T13:05:13","date_gmt":"2020-06-30T17:05:13","guid":{"rendered":"https:\/\/ecampusontario.ca\/tess-2020-virtual-overview\/"},"modified":"2022-07-19T16:40:48","modified_gmt":"2022-07-19T20:40:48","slug":"svat-2020","status":"publish","type":"page","link":"https:\/\/ecampusontario.ca\/fr\/svat-2020\/","title":{"rendered":"SVAT en ligne 2020"},"content":{"rendered":"<div class=\"container container-lg\">\n<div class=\"row\">\n<div class=\"col-12\">\n<figure><img loading=\"lazy\" decoding=\"async\" class=\"aligncenter wp-image-12507 size-full\" src=\"https:\/\/ecampusontario.ca\/wp-content\/uploads\/2020\/07\/1920x700-tess-fr.jpg\" alt=\"\" width=\"1920\" height=\"700\" srcset=\"https:\/\/ecampusontario.ca\/wp-content\/uploads\/2020\/07\/1920x700-tess-fr.jpg 1920w, https:\/\/ecampusontario.ca\/wp-content\/uploads\/2020\/07\/1920x700-tess-fr-300x109.jpg 300w, https:\/\/ecampusontario.ca\/wp-content\/uploads\/2020\/07\/1920x700-tess-fr-1024x373.jpg 1024w, https:\/\/ecampusontario.ca\/wp-content\/uploads\/2020\/07\/1920x700-tess-fr-768x280.jpg 768w, https:\/\/ecampusontario.ca\/wp-content\/uploads\/2020\/07\/1920x700-tess-fr-1536x560.jpg 1536w\" sizes=\"auto, (max-width: 1920px) 100vw, 1920px\" \/><\/figure>\n<\/div>\n<\/div>\n<\/div>\n\n\n<div class=\"container container-lg\">\n<div class=\"row\">\n<div class=\"col-12\">\n\n\n\n<div class=\"wp-block-columns is-layout-flex wp-container-core-columns-is-layout-9d6595d7 wp-block-columns-is-layout-flex\">\n<div class=\"wp-block-column is-layout-flow wp-block-column-is-layout-flow\" style=\"flex-basis:66.66%\">\n<p><strong>SVAT en ligne 2020: <\/strong><strong>Les 20 et 21 octobre 2020<\/strong><\/p>\n\n\n\n<p>Chaque ann\u00e9e, eCampusOntario accueille le S\u00e9minaire et vitrine sur l\u2019apprentissage assist\u00e9 par la technologie (SVAT), un \u00e9v\u00e9nement qui permet aux coll\u00e8ges et aux universit\u00e9s publiques de l\u2019Ontario de discuter, de c\u00e9l\u00e9brer et de stimuler l\u2019innovation technologique, l\u2019esprit communautaire et la collaboration.&nbsp; En raison de la COVID-19, la conf\u00e9rence de cette ann\u00e9e sera virtuelle.<\/p>\n\n\n\n<p>Le th\u00e8me du SVAT en ligne 2020 est: <strong>Humaniser l\u2019apprentissage : Action inspir\u00e9e, effets inspirants.<\/strong><\/p>\n\n\n\n<p>L\u2019inclusion est l\u2019\u00e9pine dorsale de l\u2019innovation et est essentielle pour construire des espaces qui refl\u00e8tent toute la diversit\u00e9 humaine. Alors que la technologie continue de faire progresser l\u2019\u00e9ducation, am\u00e9liorer la qualit\u00e9 des interactions humaines en environnement d\u2019apprentissage en ligne est essentiel pour r\u00e9ussir au niveau de l\u2019enseignement sup\u00e9rieur. Reconnaissant la diversit\u00e9, l\u2019inclusion et l\u2019\u00e9quit\u00e9, le SVAT en ligne 2020 examinera le th\u00e8me de la conf\u00e9rence du point de vue des \u00e9tudiants. Les pr\u00e9sentateurs prendront en compte l\u2019acc\u00e8s \u00e0 l\u2019apprentissage, le d\u00e9veloppement de communaut\u00e9s en ligne qui cr\u00e9ent des espaces pour tous, et les possibilit\u00e9s de cr\u00e9er une exp\u00e9rience plus connect\u00e9e dans des environnements \u00e0 la fois synchrones et asynchrones.<\/p>\n\n\n\n<p><strong>\u00c9l\u00e9ments:<\/strong><\/p>\n\n\n\n<p><strong>Les technologies \u00e9mergentes<\/strong><\/p>\n\n\n\n<p><em>Qu&rsquo;est-ce qui \u00e0 l&rsquo;horizon pour EdTech? Cette piste explore non seulement les outils et plates-formes \u00e9mergentes, mais aussi comment ils pourraient structurer l&rsquo;avenir de l&rsquo;apprentissage en ligne et \u00eatre utilis\u00e9s pour approfondir la connexion humaine.<\/em><\/p>\n\n\n\n<p><strong>L\u2019apprentissage du leadership<\/strong><\/p>\n\n\n\n<p><em>Chaque exp\u00e9rience en classe est une occasion pour les \u00e9ducateurs d\u2019en apprendre davantage sur eux-m\u00eames et sur leurs \u00e9tudiants. Cet \u00e9l\u00e9ment comporte un volet de mentorat o\u00f9 les \u00e9ducateurs se connectent pour partager leurs exp\u00e9riences et discuter de ce qui les a aid\u00e9s \u00e0 grandir et \u00e0 \u00e9voluer au cours de leur carri\u00e8re.<\/em><\/p>\n\n\n\n<p><strong>La recherche et la prise de d\u00e9cision fond\u00e9e sur les donn\u00e9es<\/strong><\/p>\n\n\n\n<p><em>Comment pouvons-nous utiliser la strat\u00e9gie et les donn\u00e9es pour am\u00e9liorer l\u2019exp\u00e9rience des \u00e9tudiants? Cet \u00e9l\u00e9ment applique une optique strat\u00e9gique \u00e0 l\u2019enseignement et \u00e0 l\u2019apprentissage, en examinant le r\u00f4le de la recherche, des donn\u00e9es et de la mobilisation num\u00e9rique.<\/em><\/p>\n\n\n\n<p><strong>L\u2019empathie et le d\u00e9vouement<\/strong><\/p>\n\n\n\n<p><em>Dans les environnements en ligne, il est encore plus important d\u2019approfondir le contact humain. Cet \u00e9l\u00e9ment examine comment int\u00e9grer l\u2019empathie et le d\u00e9vouement dans l\u2019enseignement en ligne, en prenant en consid\u00e9ration les besoins de tous les \u00e9tudiants.<\/em><\/p>\n\n\n\n<p>Veuillez revenir r\u00e9guli\u00e8rement sur cette page pour plus d&rsquo;informations et les d\u00e9tails d&rsquo;inscription.<\/p>\n<\/div>\n\n\n\n<div class=\"wp-block-column is-layout-flow wp-block-column-is-layout-flow\" style=\"flex-basis:33.33%\">\n<figure class=\"wp-block-image size-large is-resized\"><a href=\"https:\/\/ecampusontario.ca\/fr\/svat-2020-appel-de-seances\/\"><img loading=\"lazy\" decoding=\"async\" src=\"https:\/\/ecampusontario.ca\/wp-content\/uploads\/2020\/08\/PEER-REVIEW-1024x1024.png\" alt=\"PEER-REVIEW\" class=\"wp-image-13319\" width=\"230\" height=\"230\" srcset=\"https:\/\/ecampusontario.ca\/wp-content\/uploads\/2020\/08\/PEER-REVIEW-1024x1024.png 1024w, https:\/\/ecampusontario.ca\/wp-content\/uploads\/2020\/08\/PEER-REVIEW-300x300.png 300w, https:\/\/ecampusontario.ca\/wp-content\/uploads\/2020\/08\/PEER-REVIEW-150x150.png 150w, https:\/\/ecampusontario.ca\/wp-content\/uploads\/2020\/08\/PEER-REVIEW-768x768.png 768w, https:\/\/ecampusontario.ca\/wp-content\/uploads\/2020\/08\/PEER-REVIEW.png 1204w\" sizes=\"auto, (max-width: 230px) 100vw, 230px\" \/><\/a><\/figure>\n\n\n\n<div style=\"height:30px\" aria-hidden=\"true\" class=\"wp-block-spacer\"><\/div>\n\n\n\n<figure class=\"wp-block-image size-large is-resized\"><img loading=\"lazy\" decoding=\"async\" src=\"https:\/\/ecampusontario.ca\/wp-content\/uploads\/2020\/08\/ecampus-logo-transparent.png\" alt=\"ecampus-logo-transparent\" class=\"wp-image-13264\" width=\"234\" height=\"257\" srcset=\"https:\/\/ecampusontario.ca\/wp-content\/uploads\/2020\/08\/ecampus-logo-transparent.png 468w, https:\/\/ecampusontario.ca\/wp-content\/uploads\/2020\/08\/ecampus-logo-transparent-274x300.png 274w\" sizes=\"auto, (max-width: 234px) 100vw, 234px\" \/><\/figure>\n<\/div>\n<\/div>\n\n\n\n<\/div>\n<\/div>\n<\/div>\n","protected":false},"excerpt":{"rendered":"<p>SVAT en ligne 2020: Les 20 et 21 octobre 2020 Chaque ann\u00e9e, eCampusOntario accueille le S\u00e9minaire et vitrine sur l\u2019apprentissage assist\u00e9 par la technologie (SVAT), un \u00e9v\u00e9nement qui permet aux coll\u00e8ges et aux universit\u00e9s publiques de l\u2019Ontario de discuter, de c\u00e9l\u00e9brer et de stimuler l\u2019innovation technologique, l\u2019esprit communautaire et la collaboration.&nbsp; En raison de la [&hellip;]<\/p>\n","protected":false},"author":23,"featured_media":12505,"parent":0,"menu_order":0,"comment_status":"closed","ping_status":"closed","template":"","meta":{"_acf_changed":false,"footnotes":""},"categories":[],"tags":[],"class_list":["post-12381","page","type-page","status-publish","has-post-thumbnail","hentry"],"acf":[],"yoast_head":"<!-- This site is optimized with the Yoast SEO Premium plugin v27.4 (Yoast SEO v27.4) - https:\/\/yoast.com\/product\/yoast-seo-premium-wordpress\/ -->\n<title>SVAT en ligne 2020 | eCampusOntario<\/title>\n<meta name=\"robots\" content=\"index, follow, max-snippet:-1, max-image-preview:large, max-video-preview:-1\" \/>\n<link rel=\"canonical\" href=\"https:\/\/ecampusontario.ca\/fr\/svat-2020\/\" \/>\n<meta property=\"og:locale\" content=\"fr_FR\" \/>\n<meta property=\"og:type\" content=\"article\" \/>\n<meta property=\"og:title\" content=\"SVAT en ligne 2020\" \/>\n<meta property=\"og:description\" content=\"SVAT en ligne 2020: Les 20 et 21 octobre 2020 Chaque ann\u00e9e, eCampusOntario accueille le S\u00e9minaire et vitrine sur l\u2019apprentissage assist\u00e9 par la technologie (SVAT), un \u00e9v\u00e9nement qui permet aux coll\u00e8ges et aux universit\u00e9s publiques de l\u2019Ontario de discuter, de c\u00e9l\u00e9brer et de stimuler l\u2019innovation technologique, l\u2019esprit communautaire et la collaboration.&nbsp; En raison de la [&hellip;]\" \/>\n<meta property=\"og:url\" content=\"https:\/\/ecampusontario.ca\/fr\/svat-2020\/\" \/>\n<meta property=\"og:site_name\" content=\"eCampusOntario\" \/>\n<meta property=\"article:publisher\" content=\"https:\/\/www.facebook.com\/ecampusontario\/\" \/>\n<meta property=\"article:modified_time\" content=\"2022-07-19T20:40:48+00:00\" \/>\n<meta property=\"og:image\" content=\"https:\/\/ecampusontario.ca\/wp-content\/uploads\/2020\/07\/1920x700-tess-en.jpg\" \/>\n\t<meta property=\"og:image:width\" content=\"1920\" \/>\n\t<meta property=\"og:image:height\" content=\"700\" \/>\n\t<meta property=\"og:image:type\" content=\"image\/jpeg\" \/>\n<meta name=\"twitter:card\" content=\"summary_large_image\" \/>\n<meta name=\"twitter:site\" content=\"@eCampusOntario\" \/>\n<meta name=\"twitter:label1\" content=\"Dur\u00e9e de lecture estim\u00e9e\" \/>\n\t<meta name=\"twitter:data1\" content=\"2 minutes\" \/>\n<script type=\"application\/ld+json\" class=\"yoast-schema-graph\">{\"@context\":\"https:\\\/\\\/schema.org\",\"@graph\":[{\"@type\":\"WebPage\",\"@id\":\"https:\\\/\\\/ecampusontario.ca\\\/fr\\\/svat-2020\\\/\",\"url\":\"https:\\\/\\\/ecampusontario.ca\\\/fr\\\/svat-2020\\\/\",\"name\":\"SVAT en ligne 2020 | eCampusOntario\",\"isPartOf\":{\"@id\":\"https:\\\/\\\/ecampusontario.ca\\\/fr\\\/#website\"},\"primaryImageOfPage\":{\"@id\":\"https:\\\/\\\/ecampusontario.ca\\\/fr\\\/svat-2020\\\/#primaryimage\"},\"image\":{\"@id\":\"https:\\\/\\\/ecampusontario.ca\\\/fr\\\/svat-2020\\\/#primaryimage\"},\"thumbnailUrl\":\"https:\\\/\\\/ecampusontario.ca\\\/wp-content\\\/uploads\\\/2020\\\/07\\\/1920x700-tess-en.jpg\",\"datePublished\":\"2020-06-30T17:05:13+00:00\",\"dateModified\":\"2022-07-19T20:40:48+00:00\",\"breadcrumb\":{\"@id\":\"https:\\\/\\\/ecampusontario.ca\\\/fr\\\/svat-2020\\\/#breadcrumb\"},\"inLanguage\":\"fr-FR\",\"potentialAction\":[{\"@type\":\"ReadAction\",\"target\":[\"https:\\\/\\\/ecampusontario.ca\\\/fr\\\/svat-2020\\\/\"]}]},{\"@type\":\"ImageObject\",\"inLanguage\":\"fr-FR\",\"@id\":\"https:\\\/\\\/ecampusontario.ca\\\/fr\\\/svat-2020\\\/#primaryimage\",\"url\":\"https:\\\/\\\/ecampusontario.ca\\\/wp-content\\\/uploads\\\/2020\\\/07\\\/1920x700-tess-en.jpg\",\"contentUrl\":\"https:\\\/\\\/ecampusontario.ca\\\/wp-content\\\/uploads\\\/2020\\\/07\\\/1920x700-tess-en.jpg\",\"width\":1920,\"height\":700},{\"@type\":\"BreadcrumbList\",\"@id\":\"https:\\\/\\\/ecampusontario.ca\\\/fr\\\/svat-2020\\\/#breadcrumb\",\"itemListElement\":[{\"@type\":\"ListItem\",\"position\":1,\"name\":\"Home\",\"item\":\"https:\\\/\\\/ecampusontario.ca\\\/fr\\\/\"},{\"@type\":\"ListItem\",\"position\":2,\"name\":\"SVAT en ligne 2020\"}]},{\"@type\":\"WebSite\",\"@id\":\"https:\\\/\\\/ecampusontario.ca\\\/fr\\\/#website\",\"url\":\"https:\\\/\\\/ecampusontario.ca\\\/fr\\\/\",\"name\":\"eCampusOntario\",\"description\":\"The online hub for learners and educators across Ontario\",\"publisher\":{\"@id\":\"https:\\\/\\\/ecampusontario.ca\\\/fr\\\/#organization\"},\"potentialAction\":[{\"@type\":\"SearchAction\",\"target\":{\"@type\":\"EntryPoint\",\"urlTemplate\":\"https:\\\/\\\/ecampusontario.ca\\\/fr\\\/?s={search_term_string}\"},\"query-input\":{\"@type\":\"PropertyValueSpecification\",\"valueRequired\":true,\"valueName\":\"search_term_string\"}}],\"inLanguage\":\"fr-FR\"},{\"@type\":\"Organization\",\"@id\":\"https:\\\/\\\/ecampusontario.ca\\\/fr\\\/#organization\",\"name\":\"eCampusOntario\",\"url\":\"https:\\\/\\\/ecampusontario.ca\\\/fr\\\/\",\"logo\":{\"@type\":\"ImageObject\",\"inLanguage\":\"fr-FR\",\"@id\":\"https:\\\/\\\/ecampusontario.ca\\\/fr\\\/#\\\/schema\\\/logo\\\/image\\\/\",\"url\":\"https:\\\/\\\/ecampusontario.ca\\\/wp-content\\\/uploads\\\/2018\\\/11\\\/ecampus-e-icon-1.png\",\"contentUrl\":\"https:\\\/\\\/ecampusontario.ca\\\/wp-content\\\/uploads\\\/2018\\\/11\\\/ecampus-e-icon-1.png\",\"width\":720,\"height\":325,\"caption\":\"eCampusOntario\"},\"image\":{\"@id\":\"https:\\\/\\\/ecampusontario.ca\\\/fr\\\/#\\\/schema\\\/logo\\\/image\\\/\"},\"sameAs\":[\"https:\\\/\\\/www.facebook.com\\\/ecampusontario\\\/\",\"https:\\\/\\\/x.com\\\/eCampusOntario\"]}]}<\/script>\n<!-- \/ Yoast SEO Premium plugin. -->","yoast_head_json":{"title":"SVAT en ligne 2020 | eCampusOntario","robots":{"index":"index","follow":"follow","max-snippet":"max-snippet:-1","max-image-preview":"max-image-preview:large","max-video-preview":"max-video-preview:-1"},"canonical":"https:\/\/ecampusontario.ca\/fr\/svat-2020\/","og_locale":"fr_FR","og_type":"article","og_title":"SVAT en ligne 2020","og_description":"SVAT en ligne 2020: Les 20 et 21 octobre 2020 Chaque ann\u00e9e, eCampusOntario accueille le S\u00e9minaire et vitrine sur l\u2019apprentissage assist\u00e9 par la technologie (SVAT), un \u00e9v\u00e9nement qui permet aux coll\u00e8ges et aux universit\u00e9s publiques de l\u2019Ontario de discuter, de c\u00e9l\u00e9brer et de stimuler l\u2019innovation technologique, l\u2019esprit communautaire et la collaboration.&nbsp; En raison de la [&hellip;]","og_url":"https:\/\/ecampusontario.ca\/fr\/svat-2020\/","og_site_name":"eCampusOntario","article_publisher":"https:\/\/www.facebook.com\/ecampusontario\/","article_modified_time":"2022-07-19T20:40:48+00:00","og_image":[{"width":1920,"height":700,"url":"https:\/\/ecampusontario.ca\/wp-content\/uploads\/2020\/07\/1920x700-tess-en.jpg","type":"image\/jpeg"}],"twitter_card":"summary_large_image","twitter_site":"@eCampusOntario","twitter_misc":{"Dur\u00e9e de lecture estim\u00e9e":"2 minutes"},"schema":{"@context":"https:\/\/schema.org","@graph":[{"@type":"WebPage","@id":"https:\/\/ecampusontario.ca\/fr\/svat-2020\/","url":"https:\/\/ecampusontario.ca\/fr\/svat-2020\/","name":"SVAT en ligne 2020 | eCampusOntario","isPartOf":{"@id":"https:\/\/ecampusontario.ca\/fr\/#website"},"primaryImageOfPage":{"@id":"https:\/\/ecampusontario.ca\/fr\/svat-2020\/#primaryimage"},"image":{"@id":"https:\/\/ecampusontario.ca\/fr\/svat-2020\/#primaryimage"},"thumbnailUrl":"https:\/\/ecampusontario.ca\/wp-content\/uploads\/2020\/07\/1920x700-tess-en.jpg","datePublished":"2020-06-30T17:05:13+00:00","dateModified":"2022-07-19T20:40:48+00:00","breadcrumb":{"@id":"https:\/\/ecampusontario.ca\/fr\/svat-2020\/#breadcrumb"},"inLanguage":"fr-FR","potentialAction":[{"@type":"ReadAction","target":["https:\/\/ecampusontario.ca\/fr\/svat-2020\/"]}]},{"@type":"ImageObject","inLanguage":"fr-FR","@id":"https:\/\/ecampusontario.ca\/fr\/svat-2020\/#primaryimage","url":"https:\/\/ecampusontario.ca\/wp-content\/uploads\/2020\/07\/1920x700-tess-en.jpg","contentUrl":"https:\/\/ecampusontario.ca\/wp-content\/uploads\/2020\/07\/1920x700-tess-en.jpg","width":1920,"height":700},{"@type":"BreadcrumbList","@id":"https:\/\/ecampusontario.ca\/fr\/svat-2020\/#breadcrumb","itemListElement":[{"@type":"ListItem","position":1,"name":"Home","item":"https:\/\/ecampusontario.ca\/fr\/"},{"@type":"ListItem","position":2,"name":"SVAT en ligne 2020"}]},{"@type":"WebSite","@id":"https:\/\/ecampusontario.ca\/fr\/#website","url":"https:\/\/ecampusontario.ca\/fr\/","name":"eCampusOntario","description":"The online hub for learners and educators across Ontario","publisher":{"@id":"https:\/\/ecampusontario.ca\/fr\/#organization"},"potentialAction":[{"@type":"SearchAction","target":{"@type":"EntryPoint","urlTemplate":"https:\/\/ecampusontario.ca\/fr\/?s={search_term_string}"},"query-input":{"@type":"PropertyValueSpecification","valueRequired":true,"valueName":"search_term_string"}}],"inLanguage":"fr-FR"},{"@type":"Organization","@id":"https:\/\/ecampusontario.ca\/fr\/#organization","name":"eCampusOntario","url":"https:\/\/ecampusontario.ca\/fr\/","logo":{"@type":"ImageObject","inLanguage":"fr-FR","@id":"https:\/\/ecampusontario.ca\/fr\/#\/schema\/logo\/image\/","url":"https:\/\/ecampusontario.ca\/wp-content\/uploads\/2018\/11\/ecampus-e-icon-1.png","contentUrl":"https:\/\/ecampusontario.ca\/wp-content\/uploads\/2018\/11\/ecampus-e-icon-1.png","width":720,"height":325,"caption":"eCampusOntario"},"image":{"@id":"https:\/\/ecampusontario.ca\/fr\/#\/schema\/logo\/image\/"},"sameAs":["https:\/\/www.facebook.com\/ecampusontario\/","https:\/\/x.com\/eCampusOntario"]}]}},"_links":{"self":[{"href":"https:\/\/ecampusontario.ca\/fr\/wp-json\/wp\/v2\/pages\/12381","targetHints":{"allow":["GET"]}}],"collection":[{"href":"https:\/\/ecampusontario.ca\/fr\/wp-json\/wp\/v2\/pages"}],"about":[{"href":"https:\/\/ecampusontario.ca\/fr\/wp-json\/wp\/v2\/types\/page"}],"author":[{"embeddable":true,"href":"https:\/\/ecampusontario.ca\/fr\/wp-json\/wp\/v2\/users\/23"}],"replies":[{"embeddable":true,"href":"https:\/\/ecampusontario.ca\/fr\/wp-json\/wp\/v2\/comments?post=12381"}],"version-history":[{"count":40,"href":"https:\/\/ecampusontario.ca\/fr\/wp-json\/wp\/v2\/pages\/12381\/revisions"}],"predecessor-version":[{"id":20617,"href":"https:\/\/ecampusontario.ca\/fr\/wp-json\/wp\/v2\/pages\/12381\/revisions\/20617"}],"wp:featuredmedia":[{"embeddable":true,"href":"https:\/\/ecampusontario.ca\/fr\/wp-json\/wp\/v2\/media\/12505"}],"wp:attachment":[{"href":"https:\/\/ecampusontario.ca\/fr\/wp-json\/wp\/v2\/media?parent=12381"}],"wp:term":[{"taxonomy":"category","embeddable":true,"href":"https:\/\/ecampusontario.ca\/fr\/wp-json\/wp\/v2\/categories?post=12381"},{"taxonomy":"post_tag","embeddable":true,"href":"https:\/\/ecampusontario.ca\/fr\/wp-json\/wp\/v2\/tags?post=12381"}],"curies":[{"name":"wp","href":"https:\/\/api.w.org\/{rel}","templated":true}]}}